{"id":26015,"date":"2025-04-06T20:53:12","date_gmt":"2025-04-07T02:53:12","guid":{"rendered":"https:\/\/www.mexicanguitarplayers.com\/tienda\/sin categor\u00eda\/guitarra-schecter-elect-c-6-fr-deluxe\/"},"modified":"2026-05-01T07:28:48","modified_gmt":"2026-05-01T13:28:48","slug":"guitarra-schecter-elect-c-6-fr-deluxe","status":"publish","type":"product","link":"https:\/\/www.mexicanguitarplayers.com\/en\/tienda\/cuerdas\/guitarras-cuerdas\/electricas\/guitarras-electricas-solidas\/guitarra-schecter-elect-c-6-fr-deluxe\/","title":{"rendered":"GUITARRA SCHECTER ELECT C-6 FR DELUXE"},"content":{"rendered":"<div style=\"text-align: justify\">\n<div>\n<h3>C-6 FR Deluxe<\/h3>\n<\/div>\n<div>Dise\u00f1ada para que sea lo m\u00e1s f\u00e1cil posible tocar, la C-6 FR Deluxe es una guitarra para aquellos a los que les gusta tocar r\u00e1pido y necesitan que sus solos sean escuchados. Con un cuerpo de tilo y un m\u00e1stil de arce con diapas\u00f3n de palisandro, esta guitarra ha sido cuidadosamente dise\u00f1ada para ofrecer fant\u00e1sticos tonos de rock y metal de alta ganancia con una gran sensaci\u00f3n al mismo tiempo.<\/div>\n<div>\n<h4>Characteristics<\/h4>\n<\/div>\n<div>\n<ul style=\"margin: 0px 0px 0px 25px\">\n<li style=\"list-style-type: circle;margin: 5px\">Body<\/li>\n<li style=\"list-style-type: circle;margin: 5px\">Arm<\/li>\n<li style=\"list-style-type: circle;margin: 5px\">Electr\u00f3nicos.<\/li>\n<li style=\"list-style-type: circle;margin: 5px\">Tipo SOLIDA<\/li>\n<\/ul>\n<\/div>\n<\/div>","protected":false},"excerpt":{"rendered":"<p>Guitarra El\u00e9ctrica SCHECTER C-6 FR DELUXE, s\u00f3lida, construida con cuerpo de tilo, tapa plana con borde biselado, construcci\u00f3n Bolt on con  puente SGR by Floyd Rose, brazo C delgado de maple, diapas\u00f3n de palo de rosa e incrustaciones de puntos de 4 mm, escala: 25.5\u201d (648 mm), 24 trastes Narrow X-Jumbo, cejuela SGR by Floyd Rose, maquinaria Schecter, alma ajustable de 2 v\u00edas, pastilla del puente: Schecter Diamond Plus, pastilla del brazo: Schecter Diamond Plus, controles: Volumen \/ Tono \/ Selector de 3 posiciones, hardware cromado, perillas de metal moleteado con tornillo de fijaci\u00f3n.&hellip; <a class=\"kt-excerpt-readmore more-link\" href=\"https:\/\/www.mexicanguitarplayers.com\/en\/tienda\/cuerdas\/guitarras-cuerdas\/electricas\/guitarras-electricas-solidas\/guitarra-schecter-elect-c-6-fr-deluxe\/\">Read more<\/a><\/p>","protected":false},"featured_media":26004,"comment_status":"open","ping_status":"closed","template":"","meta":{"kt_blocks_editor_width":""},"pwb-brand":[175],"product_brand":[],"product_cat":[224,313,312,314],"product_tag":[],"class_list":{"0":"post-26015","1":"product","2":"type-product","3":"status-publish","4":"has-post-thumbnail","6":"pwb-brand-schecter","7":"product_cat-cuerdas","8":"product_cat-electricas","9":"product_cat-guitarras-cuerdas","10":"product_cat-guitarras-electricas-solidas","11":"product_shipping_class-0-5-kg","13":"first","14":"instock","15":"taxable","16":"shipping-taxable","17":"purchasable","18":"product-type-simple"},"yoast_head":"<!-- This site is optimized with the Yoast SEO plugin v27.5 - https:\/\/yoast.com\/product\/yoast-seo-wordpress\/ -->\n<title>GUITARRA SCHECTER ELECT C-6 FR DELUXE - Mexican Guitar Players<\/title>\n<meta name=\"description\" content=\"Guitarra El\u00e9ctrica SCHECTER C-6 FR DELUXE, s\u00f3lida, construida con cuerpo de tilo, tapa plana con borde biselado, construcci\u00f3n Bolt on con puente SGR by Floyd Rose, brazo C delgado de maple, diapas\u00f3n de palo de rosa e incrustaciones de puntos de 4 mm, escala: 25.5\u201d (648 mm), 24 trastes Narrow X-Jumbo, cejuela SGR by Floyd Rose, maquinaria Schecter, alma ajustable de 2 v\u00edas, pastilla del puente: Schecter Diamond Plus, pastilla del brazo: Schecter Diamond Plus, controles: Volumen \/ Tono \/ Selector de 3 posiciones, hardware cromado, perillas de metal moleteado con tornillo de fijaci\u00f3n.\" \/>\n<meta name=\"robots\" content=\"index, follow, max-snippet:-1, max-image-preview:large, max-video-preview:-1\" \/>\n<link rel=\"canonical\" href=\"https:\/\/www.mexicanguitarplayers.com\/en\/tienda\/sin%20categor\u00eda\/guitarra-schecter-elect-c-6-fr-deluxe\/\" \/>\n<meta property=\"og:locale\" content=\"en_US\" \/>\n<meta property=\"og:type\" content=\"article\" \/>\n<meta property=\"og:title\" content=\"GUITARRA SCHECTER ELECT C-6 FR DELUXE - Mexican Guitar Players\" \/>\n<meta property=\"og:description\" content=\"Guitarra El\u00e9ctrica SCHECTER C-6 FR DELUXE, s\u00f3lida, construida con cuerpo de tilo, tapa plana con borde biselado, construcci\u00f3n Bolt on con puente SGR by Floyd Rose, brazo C delgado de maple, diapas\u00f3n de palo de rosa e incrustaciones de puntos de 4 mm, escala: 25.5\u201d (648 mm), 24 trastes Narrow X-Jumbo, cejuela SGR by Floyd Rose, maquinaria Schecter, alma ajustable de 2 v\u00edas, pastilla del puente: Schecter Diamond Plus, pastilla del brazo: Schecter Diamond Plus, controles: Volumen \/ Tono \/ Selector de 3 posiciones, hardware cromado, perillas de metal moleteado con tornillo de fijaci\u00f3n.\" \/>\n<meta property=\"og:url\" content=\"https:\/\/www.mexicanguitarplayers.com\/en\/tienda\/sin categor\u00eda\/guitarra-schecter-elect-c-6-fr-deluxe\/\" \/>\n<meta property=\"og:site_name\" content=\"Mexican Guitar Players\" \/>\n<meta property=\"article:modified_time\" content=\"2026-05-01T13:28:48+00:00\" \/>\n<meta name=\"twitter:card\" content=\"summary_large_image\" \/>\n<script type=\"application\/ld+json\" class=\"yoast-schema-graph\">{\"@context\":\"https:\\\/\\\/schema.org\",\"@graph\":[{\"@type\":[\"WebPage\",\"ItemPage\"],\"@id\":\"https:\\\/\\\/www.mexicanguitarplayers.com\\\/tienda\\\/sin categor\u00eda\\\/guitarra-schecter-elect-c-6-fr-deluxe\\\/\",\"url\":\"https:\\\/\\\/www.mexicanguitarplayers.com\\\/tienda\\\/sin categor\u00eda\\\/guitarra-schecter-elect-c-6-fr-deluxe\\\/\",\"name\":\"GUITARRA SCHECTER ELECT C-6 FR DELUXE - Mexican Guitar Players\",\"isPartOf\":{\"@id\":\"https:\\\/\\\/www.mexicanguitarplayers.com\\\/#website\"},\"primaryImageOfPage\":{\"@id\":\"https:\\\/\\\/www.mexicanguitarplayers.com\\\/tienda\\\/sin categor\u00eda\\\/guitarra-schecter-elect-c-6-fr-deluxe\\\/#primaryimage\"},\"image\":{\"@id\":\"https:\\\/\\\/www.mexicanguitarplayers.com\\\/tienda\\\/sin categor\u00eda\\\/guitarra-schecter-elect-c-6-fr-deluxe\\\/#primaryimage\"},\"thumbnailUrl\":\"https:\\\/\\\/www.mexicanguitarplayers.com\\\/wp-content\\\/uploads\\\/2025\\\/04\\\/ISSCCC6FRDELUX.jpg\",\"datePublished\":\"2025-04-07T02:53:12+00:00\",\"dateModified\":\"2026-05-01T13:28:48+00:00\",\"description\":\"Guitarra El\u00e9ctrica SCHECTER C-6 FR DELUXE, s\u00f3lida, construida con cuerpo de tilo, tapa plana con borde biselado, construcci\u00f3n Bolt on con puente SGR by Floyd Rose, brazo C delgado de maple, diapas\u00f3n de palo de rosa e incrustaciones de puntos de 4 mm, escala: 25.5\u201d (648 mm), 24 trastes Narrow X-Jumbo, cejuela SGR by Floyd Rose, maquinaria Schecter, alma ajustable de 2 v\u00edas, pastilla del puente: Schecter Diamond Plus, pastilla del brazo: Schecter Diamond Plus, controles: Volumen \\\/ Tono \\\/ Selector de 3 posiciones, hardware cromado, perillas de metal moleteado con tornillo de fijaci\u00f3n.\",\"breadcrumb\":{\"@id\":\"https:\\\/\\\/www.mexicanguitarplayers.com\\\/tienda\\\/sin categor\u00eda\\\/guitarra-schecter-elect-c-6-fr-deluxe\\\/#breadcrumb\"},\"inLanguage\":\"en-US\",\"potentialAction\":[{\"@type\":\"ReadAction\",\"target\":[\"https:\\\/\\\/www.mexicanguitarplayers.com\\\/tienda\\\/sin categor\u00eda\\\/guitarra-schecter-elect-c-6-fr-deluxe\\\/\"]}]},{\"@type\":\"ImageObject\",\"inLanguage\":\"en-US\",\"@id\":\"https:\\\/\\\/www.mexicanguitarplayers.com\\\/tienda\\\/sin categor\u00eda\\\/guitarra-schecter-elect-c-6-fr-deluxe\\\/#primaryimage\",\"url\":\"https:\\\/\\\/www.mexicanguitarplayers.com\\\/wp-content\\\/uploads\\\/2025\\\/04\\\/ISSCCC6FRDELUX.jpg\",\"contentUrl\":\"https:\\\/\\\/www.mexicanguitarplayers.com\\\/wp-content\\\/uploads\\\/2025\\\/04\\\/ISSCCC6FRDELUX.jpg\",\"width\":800,\"height\":1600},{\"@type\":\"BreadcrumbList\",\"@id\":\"https:\\\/\\\/www.mexicanguitarplayers.com\\\/tienda\\\/sin categor\u00eda\\\/guitarra-schecter-elect-c-6-fr-deluxe\\\/#breadcrumb\",\"itemListElement\":[{\"@type\":\"ListItem\",\"position\":1,\"name\":\"Portada\",\"item\":\"https:\\\/\\\/www.mexicanguitarplayers.com\\\/\"},{\"@type\":\"ListItem\",\"position\":2,\"name\":\"Tienda\",\"item\":\"https:\\\/\\\/www.mexicanguitarplayers.com\\\/tienda\\\/\"},{\"@type\":\"ListItem\",\"position\":3,\"name\":\"GUITARRA SCHECTER ELECT C-6 FR DELUXE\"}]},{\"@type\":\"WebSite\",\"@id\":\"https:\\\/\\\/www.mexicanguitarplayers.com\\\/#website\",\"url\":\"https:\\\/\\\/www.mexicanguitarplayers.com\\\/\",\"name\":\"Mexican Guitar Players\",\"description\":\"Website\",\"publisher\":{\"@id\":\"https:\\\/\\\/www.mexicanguitarplayers.com\\\/#organization\"},\"potentialAction\":[{\"@type\":\"SearchAction\",\"target\":{\"@type\":\"EntryPoint\",\"urlTemplate\":\"https:\\\/\\\/www.mexicanguitarplayers.com\\\/?s={search_term_string}\"},\"query-input\":{\"@type\":\"PropertyValueSpecification\",\"valueRequired\":true,\"valueName\":\"search_term_string\"}}],\"inLanguage\":\"en-US\"},{\"@type\":\"Organization\",\"@id\":\"https:\\\/\\\/www.mexicanguitarplayers.com\\\/#organization\",\"name\":\"Mexican Guitar Players\",\"url\":\"https:\\\/\\\/www.mexicanguitarplayers.com\\\/\",\"logo\":{\"@type\":\"ImageObject\",\"inLanguage\":\"en-US\",\"@id\":\"https:\\\/\\\/www.mexicanguitarplayers.com\\\/#\\\/schema\\\/logo\\\/image\\\/\",\"url\":\"\",\"contentUrl\":\"\",\"caption\":\"Mexican Guitar Players\"},\"image\":{\"@id\":\"https:\\\/\\\/www.mexicanguitarplayers.com\\\/#\\\/schema\\\/logo\\\/image\\\/\"}}]}<\/script>\n<!-- \/ Yoast SEO plugin. -->","yoast_head_json":{"title":"GUITARRA SCHECTER ELECT C-6 FR DELUXE - Mexican Guitar Players","description":"Guitarra El\u00e9ctrica SCHECTER C-6 FR DELUXE, s\u00f3lida, construida con cuerpo de tilo, tapa plana con borde biselado, construcci\u00f3n Bolt on con puente SGR by Floyd Rose, brazo C delgado de maple, diapas\u00f3n de palo de rosa e incrustaciones de puntos de 4 mm, escala: 25.5\u201d (648 mm), 24 trastes Narrow X-Jumbo, cejuela SGR by Floyd Rose, maquinaria Schecter, alma ajustable de 2 v\u00edas, pastilla del puente: Schecter Diamond Plus, pastilla del brazo: Schecter Diamond Plus, controles: Volumen \/ Tono \/ Selector de 3 posiciones, hardware cromado, perillas de metal moleteado con tornillo de fijaci\u00f3n.","robots":{"index":"index","follow":"follow","max-snippet":"max-snippet:-1","max-image-preview":"max-image-preview:large","max-video-preview":"max-video-preview:-1"},"canonical":"https:\/\/www.mexicanguitarplayers.com\/en\/tienda\/sin categor\u00eda\/guitarra-schecter-elect-c-6-fr-deluxe\/","og_locale":"en_US","og_type":"article","og_title":"GUITARRA SCHECTER ELECT C-6 FR DELUXE - Mexican Guitar Players","og_description":"Guitarra El\u00e9ctrica SCHECTER C-6 FR DELUXE, s\u00f3lida, construida con cuerpo de tilo, tapa plana con borde biselado, construcci\u00f3n Bolt on con puente SGR by Floyd Rose, brazo C delgado de maple, diapas\u00f3n de palo de rosa e incrustaciones de puntos de 4 mm, escala: 25.5\u201d (648 mm), 24 trastes Narrow X-Jumbo, cejuela SGR by Floyd Rose, maquinaria Schecter, alma ajustable de 2 v\u00edas, pastilla del puente: Schecter Diamond Plus, pastilla del brazo: Schecter Diamond Plus, controles: Volumen \/ Tono \/ Selector de 3 posiciones, hardware cromado, perillas de metal moleteado con tornillo de fijaci\u00f3n.","og_url":"https:\/\/www.mexicanguitarplayers.com\/en\/tienda\/sin categor\u00eda\/guitarra-schecter-elect-c-6-fr-deluxe\/","og_site_name":"Mexican Guitar Players","article_modified_time":"2026-05-01T13:28:48+00:00","twitter_card":"summary_large_image","schema":{"@context":"https:\/\/schema.org","@graph":[{"@type":["WebPage","ItemPage"],"@id":"https:\/\/www.mexicanguitarplayers.com\/tienda\/sin categor\u00eda\/guitarra-schecter-elect-c-6-fr-deluxe\/","url":"https:\/\/www.mexicanguitarplayers.com\/tienda\/sin categor\u00eda\/guitarra-schecter-elect-c-6-fr-deluxe\/","name":"GUITARRA SCHECTER ELECT C-6 FR DELUXE - Mexican Guitar Players","isPartOf":{"@id":"https:\/\/www.mexicanguitarplayers.com\/#website"},"primaryImageOfPage":{"@id":"https:\/\/www.mexicanguitarplayers.com\/tienda\/sin categor\u00eda\/guitarra-schecter-elect-c-6-fr-deluxe\/#primaryimage"},"image":{"@id":"https:\/\/www.mexicanguitarplayers.com\/tienda\/sin categor\u00eda\/guitarra-schecter-elect-c-6-fr-deluxe\/#primaryimage"},"thumbnailUrl":"https:\/\/www.mexicanguitarplayers.com\/wp-content\/uploads\/2025\/04\/ISSCCC6FRDELUX.jpg","datePublished":"2025-04-07T02:53:12+00:00","dateModified":"2026-05-01T13:28:48+00:00","description":"Guitarra El\u00e9ctrica SCHECTER C-6 FR DELUXE, s\u00f3lida, construida con cuerpo de tilo, tapa plana con borde biselado, construcci\u00f3n Bolt on con puente SGR by Floyd Rose, brazo C delgado de maple, diapas\u00f3n de palo de rosa e incrustaciones de puntos de 4 mm, escala: 25.5\u201d (648 mm), 24 trastes Narrow X-Jumbo, cejuela SGR by Floyd Rose, maquinaria Schecter, alma ajustable de 2 v\u00edas, pastilla del puente: Schecter Diamond Plus, pastilla del brazo: Schecter Diamond Plus, controles: Volumen \/ Tono \/ Selector de 3 posiciones, hardware cromado, perillas de metal moleteado con tornillo de fijaci\u00f3n.","breadcrumb":{"@id":"https:\/\/www.mexicanguitarplayers.com\/tienda\/sin categor\u00eda\/guitarra-schecter-elect-c-6-fr-deluxe\/#breadcrumb"},"inLanguage":"en-US","potentialAction":[{"@type":"ReadAction","target":["https:\/\/www.mexicanguitarplayers.com\/tienda\/sin categor\u00eda\/guitarra-schecter-elect-c-6-fr-deluxe\/"]}]},{"@type":"ImageObject","inLanguage":"en-US","@id":"https:\/\/www.mexicanguitarplayers.com\/tienda\/sin categor\u00eda\/guitarra-schecter-elect-c-6-fr-deluxe\/#primaryimage","url":"https:\/\/www.mexicanguitarplayers.com\/wp-content\/uploads\/2025\/04\/ISSCCC6FRDELUX.jpg","contentUrl":"https:\/\/www.mexicanguitarplayers.com\/wp-content\/uploads\/2025\/04\/ISSCCC6FRDELUX.jpg","width":800,"height":1600},{"@type":"BreadcrumbList","@id":"https:\/\/www.mexicanguitarplayers.com\/tienda\/sin categor\u00eda\/guitarra-schecter-elect-c-6-fr-deluxe\/#breadcrumb","itemListElement":[{"@type":"ListItem","position":1,"name":"Portada","item":"https:\/\/www.mexicanguitarplayers.com\/"},{"@type":"ListItem","position":2,"name":"Tienda","item":"https:\/\/www.mexicanguitarplayers.com\/tienda\/"},{"@type":"ListItem","position":3,"name":"GUITARRA SCHECTER ELECT C-6 FR DELUXE"}]},{"@type":"WebSite","@id":"https:\/\/www.mexicanguitarplayers.com\/#website","url":"https:\/\/www.mexicanguitarplayers.com\/","name":"Mexican Guitar Players","description":"Website","publisher":{"@id":"https:\/\/www.mexicanguitarplayers.com\/#organization"},"potentialAction":[{"@type":"SearchAction","target":{"@type":"EntryPoint","urlTemplate":"https:\/\/www.mexicanguitarplayers.com\/?s={search_term_string}"},"query-input":{"@type":"PropertyValueSpecification","valueRequired":true,"valueName":"search_term_string"}}],"inLanguage":"en-US"},{"@type":"Organization","@id":"https:\/\/www.mexicanguitarplayers.com\/#organization","name":"Mexican Guitar Players","url":"https:\/\/www.mexicanguitarplayers.com\/","logo":{"@type":"ImageObject","inLanguage":"en-US","@id":"https:\/\/www.mexicanguitarplayers.com\/#\/schema\/logo\/image\/","url":"","contentUrl":"","caption":"Mexican Guitar Players"},"image":{"@id":"https:\/\/www.mexicanguitarplayers.com\/#\/schema\/logo\/image\/"}}]}},"brands":[{"id":175,"name":"SCHECTER","slug":"schecter"}],"_links":{"self":[{"href":"https:\/\/www.mexicanguitarplayers.com\/en\/wp-json\/wp\/v2\/product\/26015","targetHints":{"allow":["GET"]}}],"collection":[{"href":"https:\/\/www.mexicanguitarplayers.com\/en\/wp-json\/wp\/v2\/product"}],"about":[{"href":"https:\/\/www.mexicanguitarplayers.com\/en\/wp-json\/wp\/v2\/types\/product"}],"replies":[{"embeddable":true,"href":"https:\/\/www.mexicanguitarplayers.com\/en\/wp-json\/wp\/v2\/comments?post=26015"}],"wp:featuredmedia":[{"embeddable":true,"href":"https:\/\/www.mexicanguitarplayers.com\/en\/wp-json\/wp\/v2\/media\/26004"}],"wp:attachment":[{"href":"https:\/\/www.mexicanguitarplayers.com\/en\/wp-json\/wp\/v2\/media?parent=26015"}],"wp:term":[{"taxonomy":"pwb-brand","embeddable":true,"href":"https:\/\/www.mexicanguitarplayers.com\/en\/wp-json\/wp\/v2\/pwb-brand?post=26015"},{"taxonomy":"product_brand","embeddable":true,"href":"https:\/\/www.mexicanguitarplayers.com\/en\/wp-json\/wp\/v2\/product_brand?post=26015"},{"taxonomy":"product_cat","embeddable":true,"href":"https:\/\/www.mexicanguitarplayers.com\/en\/wp-json\/wp\/v2\/product_cat?post=26015"},{"taxonomy":"product_tag","embeddable":true,"href":"https:\/\/www.mexicanguitarplayers.com\/en\/wp-json\/wp\/v2\/product_tag?post=26015"}],"curies":[{"name":"wp","href":"https:\/\/api.w.org\/{rel}","templated":true}]}}