{"id":26017,"date":"2025-04-06T20:53:14","date_gmt":"2025-04-07T02:53:14","guid":{"rendered":"https:\/\/www.mexicanguitarplayers.com\/tienda\/sin categor\u00eda\/guitarra-washburn-electrica-rx30f\/"},"modified":"2026-04-10T04:44:33","modified_gmt":"2026-04-10T10:44:33","slug":"guitarra-washburn-electrica-rx30f","status":"publish","type":"product","link":"https:\/\/www.mexicanguitarplayers.com\/en\/tienda\/cuerdas\/guitarras-cuerdas\/electricas\/guitarras-electricas-solidas\/guitarra-washburn-electrica-rx30f\/","title":{"rendered":"GUITARRA WASHBURN ELECTRICA RX30F"},"content":{"rendered":"<div style=\"text-align: justify\">\n<div>\n<h3>Serie RX, \u00a1una serie fuera de serie!<\/h3>\n<\/div>\n<div>Washburn presenta su nueva serie RX de guitarras el\u00e9ctricas. Un fino y c\u00f3modo dise\u00f1o de cuerpo. Ideal para rock y estilos contempor\u00e1neos. 24 trastes y el mejor equipamiento. Elegante binding en todo el contorno,  Sus pickups Seymour Duncan USM calculados re\u00fanen todas las ventajas para producir un sonido potente y preciso con gran proyecci\u00f3n, sustain y un manejo sorprendente de la distorsi\u00f3n. Washburn fabrica guitarras el\u00e9ctricas, guitarras ac\u00fasticas, bajos el\u00e9ctricos, bajos ac\u00fasticos, banjos, mandolinas, guitarras de viaje, y amplificadores. Washburn ha ido ganando mucho reconocimiento en los \u00faltimos a\u00f1os, especialmente en el metal extremo, el hardcore punk y las escenas post-rock.ha fabricado y dise\u00f1ado guitarras el\u00e9ctricas, ac\u00fasticas y bajos y ha sido la marca favorita de guitarristas como Dimebag Darrell, Scott Ian, Jennifer Batten, Nuno Bettencourt, Stu Hamm, Paul Stanley y muchos m\u00e1s\u2026<\/div>\n<div>\n<h4>Quick look<\/h4>\n<\/div>\n<ul style=\"margin: 0px 0px 0px 25px\">\n<li style=\"list-style-type: circle;margin: 5px\">Cuerpo  de basswood<\/li>\n<li style=\"list-style-type: circle;margin: 5px\">Brazo de maple y diapas\u00f3n de rosewood<\/li>\n<li style=\"list-style-type: circle;margin: 5px\">Pickups Seymour Duncan USM<\/li>\n<\/ul>\n<div>\n<div style=\"font-weight: bold\">Cuerpo  de basswood<\/div>\n<div>\n<p>El baswood o lindenwood es una madera ideal para la creaci\u00f3n de cuerpos por su grano y beta uniforme, gran ligereza y nobleza. Sus propiedades ac\u00fasticas la hacen id\u00f3nea para reproducir todo el rango de frecuencias con excelente sustain.<\/p>\n<\/div>\n<div style=\"font-weight: bold\">Brazo de maple y diapas\u00f3n de rosewood<\/div>\n<div>\n<p>Por su dise\u00f1o y combinaci\u00f3n de maderas hemos creado el diapas\u00f3n m\u00e1s r\u00e1pido del mundo.<\/p>\n<\/div>\n<div style=\"font-weight: bold\">Pickups Seymour Duncan USM<\/div>\n<div>\n<p>Los mejores pickups del mundo<\/p>\n<\/div>\n<\/div>\n<div>\n<h4>Characteristics<\/h4>\n<\/div>\n<div>\n<ul style=\"margin: 0px 0px 0px 25px\">\n<li style=\"list-style-type: circle;margin: 5px\">24 trastes<\/li>\n<li style=\"list-style-type: circle;margin: 5px\">Maquinaria Diecast<\/li>\n<li style=\"list-style-type: circle;margin: 5px\">Cejuela Black Tusk autolubricante<\/li>\n<\/ul>\n<\/div>\n<\/div>","protected":false},"excerpt":{"rendered":"<p>Guitarra Washburn electrica RX30F cuerpo de basswood,  tapa de maple flameado, binding en todo el contorno, brazo de maple, diapas\u00f3n de rosewood, puente String-Thru con Tune-o-Matic, 2 humbuckers Seymour Duncan USM, selector de 3 pasos, 1 vol y 1 tono, 24 trastes, maquinaria die-cast cromada, cejuela Black Tusk. Equipada con cuerdas D&#8217;Addario.&hellip; <a class=\"kt-excerpt-readmore more-link\" href=\"https:\/\/www.mexicanguitarplayers.com\/en\/tienda\/cuerdas\/guitarras-cuerdas\/electricas\/guitarras-electricas-solidas\/guitarra-washburn-electrica-rx30f\/\">Read more<\/a><\/p>","protected":false},"featured_media":26016,"comment_status":"open","ping_status":"closed","template":"","meta":{"kt_blocks_editor_width":""},"pwb-brand":[178],"product_brand":[],"product_cat":[224,313,312,314],"product_tag":[],"class_list":{"0":"post-26017","1":"product","2":"type-product","3":"status-publish","4":"has-post-thumbnail","6":"pwb-brand-washburn","7":"product_cat-cuerdas","8":"product_cat-electricas","9":"product_cat-guitarras-cuerdas","10":"product_cat-guitarras-electricas-solidas","11":"product_shipping_class-0-5-kg","13":"first","14":"outofstock","15":"taxable","16":"shipping-taxable","17":"purchasable","18":"product-type-simple"},"yoast_head":"<!-- This site is optimized with the Yoast SEO plugin v27.5 - https:\/\/yoast.com\/product\/yoast-seo-wordpress\/ -->\n<title>GUITARRA WASHBURN ELECTRICA RX30F - Mexican Guitar Players<\/title>\n<meta name=\"description\" content=\"Guitarra Washburn electrica RX30F cuerpo de basswood, tapa de maple flameado, binding en todo el contorno, brazo de maple, diapas\u00f3n de rosewood, puente String-Thru con Tune-o-Matic, 2 humbuckers Seymour Duncan USM, selector de 3 pasos, 1 vol y 1 tono, 24 trastes, maquinaria die-cast cromada, cejuela Black Tusk. Equipada con cuerdas D&#039;Addario.\" \/>\n<meta name=\"robots\" content=\"index, follow, max-snippet:-1, max-image-preview:large, max-video-preview:-1\" \/>\n<link rel=\"canonical\" href=\"https:\/\/www.mexicanguitarplayers.com\/en\/tienda\/sin%20categor\u00eda\/guitarra-washburn-electrica-rx30f\/\" \/>\n<meta property=\"og:locale\" content=\"en_US\" \/>\n<meta property=\"og:type\" content=\"article\" \/>\n<meta property=\"og:title\" content=\"GUITARRA WASHBURN ELECTRICA RX30F - Mexican Guitar Players\" \/>\n<meta property=\"og:description\" content=\"Guitarra Washburn electrica RX30F cuerpo de basswood, tapa de maple flameado, binding en todo el contorno, brazo de maple, diapas\u00f3n de rosewood, puente String-Thru con Tune-o-Matic, 2 humbuckers Seymour Duncan USM, selector de 3 pasos, 1 vol y 1 tono, 24 trastes, maquinaria die-cast cromada, cejuela Black Tusk. Equipada con cuerdas D&#039;Addario.\" \/>\n<meta property=\"og:url\" content=\"https:\/\/www.mexicanguitarplayers.com\/en\/tienda\/sin categor\u00eda\/guitarra-washburn-electrica-rx30f\/\" \/>\n<meta property=\"og:site_name\" content=\"Mexican Guitar Players\" \/>\n<meta property=\"article:modified_time\" content=\"2026-04-10T10:44:33+00:00\" \/>\n<meta name=\"twitter:card\" content=\"summary_large_image\" \/>\n<meta name=\"twitter:label1\" content=\"Est. reading time\" \/>\n\t<meta name=\"twitter:data1\" content=\"1 minute\" \/>\n<script type=\"application\/ld+json\" class=\"yoast-schema-graph\">{\"@context\":\"https:\\\/\\\/schema.org\",\"@graph\":[{\"@type\":[\"WebPage\",\"ItemPage\"],\"@id\":\"https:\\\/\\\/www.mexicanguitarplayers.com\\\/tienda\\\/sin categor\u00eda\\\/guitarra-washburn-electrica-rx30f\\\/\",\"url\":\"https:\\\/\\\/www.mexicanguitarplayers.com\\\/tienda\\\/sin categor\u00eda\\\/guitarra-washburn-electrica-rx30f\\\/\",\"name\":\"GUITARRA WASHBURN ELECTRICA RX30F - Mexican Guitar Players\",\"isPartOf\":{\"@id\":\"https:\\\/\\\/www.mexicanguitarplayers.com\\\/#website\"},\"primaryImageOfPage\":{\"@id\":\"https:\\\/\\\/www.mexicanguitarplayers.com\\\/tienda\\\/sin categor\u00eda\\\/guitarra-washburn-electrica-rx30f\\\/#primaryimage\"},\"image\":{\"@id\":\"https:\\\/\\\/www.mexicanguitarplayers.com\\\/tienda\\\/sin categor\u00eda\\\/guitarra-washburn-electrica-rx30f\\\/#primaryimage\"},\"thumbnailUrl\":\"https:\\\/\\\/www.mexicanguitarplayers.com\\\/wp-content\\\/uploads\\\/2025\\\/04\\\/ISWASRX30F.jpg\",\"datePublished\":\"2025-04-07T02:53:14+00:00\",\"dateModified\":\"2026-04-10T10:44:33+00:00\",\"description\":\"Guitarra Washburn electrica RX30F cuerpo de basswood, tapa de maple flameado, binding en todo el contorno, brazo de maple, diapas\u00f3n de rosewood, puente String-Thru con Tune-o-Matic, 2 humbuckers Seymour Duncan USM, selector de 3 pasos, 1 vol y 1 tono, 24 trastes, maquinaria die-cast cromada, cejuela Black Tusk. Equipada con cuerdas D'Addario.\",\"breadcrumb\":{\"@id\":\"https:\\\/\\\/www.mexicanguitarplayers.com\\\/tienda\\\/sin categor\u00eda\\\/guitarra-washburn-electrica-rx30f\\\/#breadcrumb\"},\"inLanguage\":\"en-US\",\"potentialAction\":[{\"@type\":\"ReadAction\",\"target\":[\"https:\\\/\\\/www.mexicanguitarplayers.com\\\/tienda\\\/sin categor\u00eda\\\/guitarra-washburn-electrica-rx30f\\\/\"]}]},{\"@type\":\"ImageObject\",\"inLanguage\":\"en-US\",\"@id\":\"https:\\\/\\\/www.mexicanguitarplayers.com\\\/tienda\\\/sin categor\u00eda\\\/guitarra-washburn-electrica-rx30f\\\/#primaryimage\",\"url\":\"https:\\\/\\\/www.mexicanguitarplayers.com\\\/wp-content\\\/uploads\\\/2025\\\/04\\\/ISWASRX30F.jpg\",\"contentUrl\":\"https:\\\/\\\/www.mexicanguitarplayers.com\\\/wp-content\\\/uploads\\\/2025\\\/04\\\/ISWASRX30F.jpg\",\"width\":300,\"height\":300},{\"@type\":\"BreadcrumbList\",\"@id\":\"https:\\\/\\\/www.mexicanguitarplayers.com\\\/tienda\\\/sin categor\u00eda\\\/guitarra-washburn-electrica-rx30f\\\/#breadcrumb\",\"itemListElement\":[{\"@type\":\"ListItem\",\"position\":1,\"name\":\"Portada\",\"item\":\"https:\\\/\\\/www.mexicanguitarplayers.com\\\/\"},{\"@type\":\"ListItem\",\"position\":2,\"name\":\"Tienda\",\"item\":\"https:\\\/\\\/www.mexicanguitarplayers.com\\\/tienda\\\/\"},{\"@type\":\"ListItem\",\"position\":3,\"name\":\"GUITARRA WASHBURN ELECTRICA RX30F\"}]},{\"@type\":\"WebSite\",\"@id\":\"https:\\\/\\\/www.mexicanguitarplayers.com\\\/#website\",\"url\":\"https:\\\/\\\/www.mexicanguitarplayers.com\\\/\",\"name\":\"Mexican Guitar Players\",\"description\":\"Website\",\"publisher\":{\"@id\":\"https:\\\/\\\/www.mexicanguitarplayers.com\\\/#organization\"},\"potentialAction\":[{\"@type\":\"SearchAction\",\"target\":{\"@type\":\"EntryPoint\",\"urlTemplate\":\"https:\\\/\\\/www.mexicanguitarplayers.com\\\/?s={search_term_string}\"},\"query-input\":{\"@type\":\"PropertyValueSpecification\",\"valueRequired\":true,\"valueName\":\"search_term_string\"}}],\"inLanguage\":\"en-US\"},{\"@type\":\"Organization\",\"@id\":\"https:\\\/\\\/www.mexicanguitarplayers.com\\\/#organization\",\"name\":\"Mexican Guitar Players\",\"url\":\"https:\\\/\\\/www.mexicanguitarplayers.com\\\/\",\"logo\":{\"@type\":\"ImageObject\",\"inLanguage\":\"en-US\",\"@id\":\"https:\\\/\\\/www.mexicanguitarplayers.com\\\/#\\\/schema\\\/logo\\\/image\\\/\",\"url\":\"\",\"contentUrl\":\"\",\"caption\":\"Mexican Guitar Players\"},\"image\":{\"@id\":\"https:\\\/\\\/www.mexicanguitarplayers.com\\\/#\\\/schema\\\/logo\\\/image\\\/\"}}]}<\/script>\n<!-- \/ Yoast SEO plugin. -->","yoast_head_json":{"title":"GUITARRA WASHBURN ELECTRICA RX30F - Mexican Guitar Players","description":"Guitarra Washburn electrica RX30F cuerpo de basswood, tapa de maple flameado, binding en todo el contorno, brazo de maple, diapas\u00f3n de rosewood, puente String-Thru con Tune-o-Matic, 2 humbuckers Seymour Duncan USM, selector de 3 pasos, 1 vol y 1 tono, 24 trastes, maquinaria die-cast cromada, cejuela Black Tusk. Equipada con cuerdas D'Addario.","robots":{"index":"index","follow":"follow","max-snippet":"max-snippet:-1","max-image-preview":"max-image-preview:large","max-video-preview":"max-video-preview:-1"},"canonical":"https:\/\/www.mexicanguitarplayers.com\/en\/tienda\/sin categor\u00eda\/guitarra-washburn-electrica-rx30f\/","og_locale":"en_US","og_type":"article","og_title":"GUITARRA WASHBURN ELECTRICA RX30F - Mexican Guitar Players","og_description":"Guitarra Washburn electrica RX30F cuerpo de basswood, tapa de maple flameado, binding en todo el contorno, brazo de maple, diapas\u00f3n de rosewood, puente String-Thru con Tune-o-Matic, 2 humbuckers Seymour Duncan USM, selector de 3 pasos, 1 vol y 1 tono, 24 trastes, maquinaria die-cast cromada, cejuela Black Tusk. Equipada con cuerdas D'Addario.","og_url":"https:\/\/www.mexicanguitarplayers.com\/en\/tienda\/sin categor\u00eda\/guitarra-washburn-electrica-rx30f\/","og_site_name":"Mexican Guitar Players","article_modified_time":"2026-04-10T10:44:33+00:00","twitter_card":"summary_large_image","twitter_misc":{"Est. reading time":"1 minute"},"schema":{"@context":"https:\/\/schema.org","@graph":[{"@type":["WebPage","ItemPage"],"@id":"https:\/\/www.mexicanguitarplayers.com\/tienda\/sin categor\u00eda\/guitarra-washburn-electrica-rx30f\/","url":"https:\/\/www.mexicanguitarplayers.com\/tienda\/sin categor\u00eda\/guitarra-washburn-electrica-rx30f\/","name":"GUITARRA WASHBURN ELECTRICA RX30F - Mexican Guitar Players","isPartOf":{"@id":"https:\/\/www.mexicanguitarplayers.com\/#website"},"primaryImageOfPage":{"@id":"https:\/\/www.mexicanguitarplayers.com\/tienda\/sin categor\u00eda\/guitarra-washburn-electrica-rx30f\/#primaryimage"},"image":{"@id":"https:\/\/www.mexicanguitarplayers.com\/tienda\/sin categor\u00eda\/guitarra-washburn-electrica-rx30f\/#primaryimage"},"thumbnailUrl":"https:\/\/www.mexicanguitarplayers.com\/wp-content\/uploads\/2025\/04\/ISWASRX30F.jpg","datePublished":"2025-04-07T02:53:14+00:00","dateModified":"2026-04-10T10:44:33+00:00","description":"Guitarra Washburn electrica RX30F cuerpo de basswood, tapa de maple flameado, binding en todo el contorno, brazo de maple, diapas\u00f3n de rosewood, puente String-Thru con Tune-o-Matic, 2 humbuckers Seymour Duncan USM, selector de 3 pasos, 1 vol y 1 tono, 24 trastes, maquinaria die-cast cromada, cejuela Black Tusk. Equipada con cuerdas D'Addario.","breadcrumb":{"@id":"https:\/\/www.mexicanguitarplayers.com\/tienda\/sin categor\u00eda\/guitarra-washburn-electrica-rx30f\/#breadcrumb"},"inLanguage":"en-US","potentialAction":[{"@type":"ReadAction","target":["https:\/\/www.mexicanguitarplayers.com\/tienda\/sin categor\u00eda\/guitarra-washburn-electrica-rx30f\/"]}]},{"@type":"ImageObject","inLanguage":"en-US","@id":"https:\/\/www.mexicanguitarplayers.com\/tienda\/sin categor\u00eda\/guitarra-washburn-electrica-rx30f\/#primaryimage","url":"https:\/\/www.mexicanguitarplayers.com\/wp-content\/uploads\/2025\/04\/ISWASRX30F.jpg","contentUrl":"https:\/\/www.mexicanguitarplayers.com\/wp-content\/uploads\/2025\/04\/ISWASRX30F.jpg","width":300,"height":300},{"@type":"BreadcrumbList","@id":"https:\/\/www.mexicanguitarplayers.com\/tienda\/sin categor\u00eda\/guitarra-washburn-electrica-rx30f\/#breadcrumb","itemListElement":[{"@type":"ListItem","position":1,"name":"Portada","item":"https:\/\/www.mexicanguitarplayers.com\/"},{"@type":"ListItem","position":2,"name":"Tienda","item":"https:\/\/www.mexicanguitarplayers.com\/tienda\/"},{"@type":"ListItem","position":3,"name":"GUITARRA WASHBURN ELECTRICA RX30F"}]},{"@type":"WebSite","@id":"https:\/\/www.mexicanguitarplayers.com\/#website","url":"https:\/\/www.mexicanguitarplayers.com\/","name":"Mexican Guitar Players","description":"Website","publisher":{"@id":"https:\/\/www.mexicanguitarplayers.com\/#organization"},"potentialAction":[{"@type":"SearchAction","target":{"@type":"EntryPoint","urlTemplate":"https:\/\/www.mexicanguitarplayers.com\/?s={search_term_string}"},"query-input":{"@type":"PropertyValueSpecification","valueRequired":true,"valueName":"search_term_string"}}],"inLanguage":"en-US"},{"@type":"Organization","@id":"https:\/\/www.mexicanguitarplayers.com\/#organization","name":"Mexican Guitar Players","url":"https:\/\/www.mexicanguitarplayers.com\/","logo":{"@type":"ImageObject","inLanguage":"en-US","@id":"https:\/\/www.mexicanguitarplayers.com\/#\/schema\/logo\/image\/","url":"","contentUrl":"","caption":"Mexican Guitar Players"},"image":{"@id":"https:\/\/www.mexicanguitarplayers.com\/#\/schema\/logo\/image\/"}}]}},"brands":[{"id":178,"name":"WASHBURN","slug":"washburn"}],"_links":{"self":[{"href":"https:\/\/www.mexicanguitarplayers.com\/en\/wp-json\/wp\/v2\/product\/26017","targetHints":{"allow":["GET"]}}],"collection":[{"href":"https:\/\/www.mexicanguitarplayers.com\/en\/wp-json\/wp\/v2\/product"}],"about":[{"href":"https:\/\/www.mexicanguitarplayers.com\/en\/wp-json\/wp\/v2\/types\/product"}],"replies":[{"embeddable":true,"href":"https:\/\/www.mexicanguitarplayers.com\/en\/wp-json\/wp\/v2\/comments?post=26017"}],"wp:featuredmedia":[{"embeddable":true,"href":"https:\/\/www.mexicanguitarplayers.com\/en\/wp-json\/wp\/v2\/media\/26016"}],"wp:attachment":[{"href":"https:\/\/www.mexicanguitarplayers.com\/en\/wp-json\/wp\/v2\/media?parent=26017"}],"wp:term":[{"taxonomy":"pwb-brand","embeddable":true,"href":"https:\/\/www.mexicanguitarplayers.com\/en\/wp-json\/wp\/v2\/pwb-brand?post=26017"},{"taxonomy":"product_brand","embeddable":true,"href":"https:\/\/www.mexicanguitarplayers.com\/en\/wp-json\/wp\/v2\/product_brand?post=26017"},{"taxonomy":"product_cat","embeddable":true,"href":"https:\/\/www.mexicanguitarplayers.com\/en\/wp-json\/wp\/v2\/product_cat?post=26017"},{"taxonomy":"product_tag","embeddable":true,"href":"https:\/\/www.mexicanguitarplayers.com\/en\/wp-json\/wp\/v2\/product_tag?post=26017"}],"curies":[{"name":"wp","href":"https:\/\/api.w.org\/{rel}","templated":true}]}}