{"id":26108,"date":"2025-04-06T21:00:35","date_gmt":"2025-04-07T03:00:35","guid":{"rendered":"https:\/\/www.mexicanguitarplayers.com\/tienda\/sin categor\u00eda\/pastilla-sd-brazo-hb-seth-lover\/"},"modified":"2026-05-01T07:28:44","modified_gmt":"2026-05-01T13:28:44","slug":"pastilla-sd-brazo-hb-seth-lover","status":"publish","type":"product","link":"https:\/\/www.mexicanguitarplayers.com\/en\/tienda\/accesorios\/para-guitarras\/pastillas-para-guitarra-electrica\/pastilla-sd-brazo-hb-seth-lover\/","title":{"rendered":"PASTILLA SD BRAZO HB SETH LOVER"},"content":{"rendered":"<div style=\"text-align: justify\">\n<div>\n<h3>Seymour Duncan SH-55n Seth Lover Neck Nickel Cover 4-Conductor<\/h3>\n<\/div>\n<div>Pastilla de brazo de las P.A.F. m\u00e1s fieles disponibles (SH-55), construida exactamente de la forma en que Seth Lover quer\u00eda, para lograr un sonido suave y dulce.<\/div>\n<div>\n<h4>Characteristics<\/h4>\n<\/div>\n<div>\n<ul style=\"margin: 0px 0px 0px 25px\">\n<li style=\"list-style-type: circle;margin: 5px\">Pastilla<\/li>\n<li style=\"list-style-type: circle;margin: 5px\">Posici\u00f3n <\/li>\n<li style=\"list-style-type: circle;margin: 5px\">cuerdas<\/li>\n<li style=\"list-style-type: circle;margin: 5px\">Im\u00e1n<\/li>\n<li style=\"list-style-type: circle;margin: 5px\">DCR<\/li>\n<li style=\"list-style-type: circle;margin: 5px\">Cable<\/li>\n<li style=\"list-style-type: circle;margin: 5px\">Kind <\/li>\n<li style=\"list-style-type: circle;margin: 5px\">color<\/li>\n<\/ul>\n<\/div>\n<\/div>","protected":false},"excerpt":{"rendered":"<p>Las pastillas humbucker de salida vintage Seth Lover brinda un sonido suave pero articulado al lograr el equilibrio perfecto de c\u00e1lidos, graves completos y agradables y agudos dulces con im\u00e1n de barra de Alnico 2, bobinas de salida vintage, y cubierta de n\u00edquel plateado, cuidadosamente construidas a mano en Santa B\u00e1rbara de acuerdo con las rigurosas especificaciones originales de Seth Lover. Los moldes de bobinas de butirato de Seymour, fueron creados por la misma f\u00e1brica que construy\u00f3 el molde P.A.F. original para Gibson. Incluye alambre magn\u00e9tico de esmalte liso 42AWG especialmente fabricado, cubierta de n\u00edquel plateado, imanes de alnico 2 de 2,5 pulgadas, espaciadores de maple y metal custom, y placa inferior de n\u00edquel plateado.&hellip; <a class=\"kt-excerpt-readmore more-link\" href=\"https:\/\/www.mexicanguitarplayers.com\/en\/tienda\/accesorios\/para-guitarras\/pastillas-para-guitarra-electrica\/pastilla-sd-brazo-hb-seth-lover\/\">Read more<\/a><\/p>","protected":false},"featured_media":26104,"comment_status":"open","ping_status":"closed","template":"","meta":{"kt_blocks_editor_width":""},"pwb-brand":[502],"product_brand":[],"product_cat":[85,336,353],"product_tag":[],"class_list":{"0":"post-26108","1":"product","2":"type-product","3":"status-publish","4":"has-post-thumbnail","6":"pwb-brand-seymour-duncan","7":"product_cat-accesorios","8":"product_cat-para-guitarras","9":"product_cat-pastillas-para-guitarra-electrica","10":"product_shipping_class-0-5-kg","12":"first","13":"instock","14":"taxable","15":"shipping-taxable","16":"purchasable","17":"product-type-simple"},"yoast_head":"<!-- This site is optimized with the Yoast SEO plugin v27.5 - https:\/\/yoast.com\/product\/yoast-seo-wordpress\/ -->\n<title>PASTILLA SD BRAZO HB SETH LOVER - Mexican Guitar Players<\/title>\n<meta name=\"description\" content=\"Las pastillas humbucker de salida vintage Seth Lover brinda un sonido suave pero articulado al lograr el equilibrio perfecto de c\u00e1lidos, graves completos y agradables y agudos dulces con im\u00e1n de barra de Alnico 2, bobinas de salida vintage, y cubierta de n\u00edquel plateado, cuidadosamente construidas a mano en Santa B\u00e1rbara de acuerdo con las rigurosas especificaciones originales de Seth Lover. Los moldes de bobinas de butirato de Seymour, fueron creados por la misma f\u00e1brica que construy\u00f3 el molde P.A.F. original para Gibson. Incluye alambre magn\u00e9tico de esmalte liso 42AWG especialmente fabricado, cubierta de n\u00edquel plateado, imanes de alnico 2 de 2,5 pulgadas, espaciadores de maple y metal custom, y placa inferior de n\u00edquel plateado.\" \/>\n<meta name=\"robots\" content=\"index, follow, max-snippet:-1, max-image-preview:large, max-video-preview:-1\" \/>\n<link rel=\"canonical\" href=\"https:\/\/www.mexicanguitarplayers.com\/en\/tienda\/sin%20categor\u00eda\/pastilla-sd-brazo-hb-seth-lover\/\" \/>\n<meta property=\"og:locale\" content=\"en_US\" \/>\n<meta property=\"og:type\" content=\"article\" \/>\n<meta property=\"og:title\" content=\"PASTILLA SD BRAZO HB SETH LOVER - Mexican Guitar Players\" \/>\n<meta property=\"og:description\" content=\"Las pastillas humbucker de salida vintage Seth Lover brinda un sonido suave pero articulado al lograr el equilibrio perfecto de c\u00e1lidos, graves completos y agradables y agudos dulces con im\u00e1n de barra de Alnico 2, bobinas de salida vintage, y cubierta de n\u00edquel plateado, cuidadosamente construidas a mano en Santa B\u00e1rbara de acuerdo con las rigurosas especificaciones originales de Seth Lover. Los moldes de bobinas de butirato de Seymour, fueron creados por la misma f\u00e1brica que construy\u00f3 el molde P.A.F. original para Gibson. Incluye alambre magn\u00e9tico de esmalte liso 42AWG especialmente fabricado, cubierta de n\u00edquel plateado, imanes de alnico 2 de 2,5 pulgadas, espaciadores de maple y metal custom, y placa inferior de n\u00edquel plateado.\" \/>\n<meta property=\"og:url\" content=\"https:\/\/www.mexicanguitarplayers.com\/en\/tienda\/sin categor\u00eda\/pastilla-sd-brazo-hb-seth-lover\/\" \/>\n<meta property=\"og:site_name\" content=\"Mexican Guitar Players\" \/>\n<meta property=\"article:modified_time\" content=\"2026-05-01T13:28:44+00:00\" \/>\n<meta name=\"twitter:card\" content=\"summary_large_image\" \/>\n<script type=\"application\/ld+json\" class=\"yoast-schema-graph\">{\"@context\":\"https:\\\/\\\/schema.org\",\"@graph\":[{\"@type\":[\"WebPage\",\"ItemPage\"],\"@id\":\"https:\\\/\\\/www.mexicanguitarplayers.com\\\/tienda\\\/sin categor\u00eda\\\/pastilla-sd-brazo-hb-seth-lover\\\/\",\"url\":\"https:\\\/\\\/www.mexicanguitarplayers.com\\\/tienda\\\/sin categor\u00eda\\\/pastilla-sd-brazo-hb-seth-lover\\\/\",\"name\":\"PASTILLA SD BRAZO HB SETH LOVER - Mexican Guitar Players\",\"isPartOf\":{\"@id\":\"https:\\\/\\\/www.mexicanguitarplayers.com\\\/#website\"},\"primaryImageOfPage\":{\"@id\":\"https:\\\/\\\/www.mexicanguitarplayers.com\\\/tienda\\\/sin categor\u00eda\\\/pastilla-sd-brazo-hb-seth-lover\\\/#primaryimage\"},\"image\":{\"@id\":\"https:\\\/\\\/www.mexicanguitarplayers.com\\\/tienda\\\/sin categor\u00eda\\\/pastilla-sd-brazo-hb-seth-lover\\\/#primaryimage\"},\"thumbnailUrl\":\"https:\\\/\\\/www.mexicanguitarplayers.com\\\/wp-content\\\/uploads\\\/2025\\\/04\\\/RASEOSH55NSEL4.jpg\",\"datePublished\":\"2025-04-07T03:00:35+00:00\",\"dateModified\":\"2026-05-01T13:28:44+00:00\",\"description\":\"Las pastillas humbucker de salida vintage Seth Lover brinda un sonido suave pero articulado al lograr el equilibrio perfecto de c\u00e1lidos, graves completos y agradables y agudos dulces con im\u00e1n de barra de Alnico 2, bobinas de salida vintage, y cubierta de n\u00edquel plateado, cuidadosamente construidas a mano en Santa B\u00e1rbara de acuerdo con las rigurosas especificaciones originales de Seth Lover. Los moldes de bobinas de butirato de Seymour, fueron creados por la misma f\u00e1brica que construy\u00f3 el molde P.A.F. original para Gibson. Incluye alambre magn\u00e9tico de esmalte liso 42AWG especialmente fabricado, cubierta de n\u00edquel plateado, imanes de alnico 2 de 2,5 pulgadas, espaciadores de maple y metal custom, y placa inferior de n\u00edquel plateado.\",\"breadcrumb\":{\"@id\":\"https:\\\/\\\/www.mexicanguitarplayers.com\\\/tienda\\\/sin categor\u00eda\\\/pastilla-sd-brazo-hb-seth-lover\\\/#breadcrumb\"},\"inLanguage\":\"en-US\",\"potentialAction\":[{\"@type\":\"ReadAction\",\"target\":[\"https:\\\/\\\/www.mexicanguitarplayers.com\\\/tienda\\\/sin categor\u00eda\\\/pastilla-sd-brazo-hb-seth-lover\\\/\"]}]},{\"@type\":\"ImageObject\",\"inLanguage\":\"en-US\",\"@id\":\"https:\\\/\\\/www.mexicanguitarplayers.com\\\/tienda\\\/sin categor\u00eda\\\/pastilla-sd-brazo-hb-seth-lover\\\/#primaryimage\",\"url\":\"https:\\\/\\\/www.mexicanguitarplayers.com\\\/wp-content\\\/uploads\\\/2025\\\/04\\\/RASEOSH55NSEL4.jpg\",\"contentUrl\":\"https:\\\/\\\/www.mexicanguitarplayers.com\\\/wp-content\\\/uploads\\\/2025\\\/04\\\/RASEOSH55NSEL4.jpg\",\"width\":1200,\"height\":1200},{\"@type\":\"BreadcrumbList\",\"@id\":\"https:\\\/\\\/www.mexicanguitarplayers.com\\\/tienda\\\/sin categor\u00eda\\\/pastilla-sd-brazo-hb-seth-lover\\\/#breadcrumb\",\"itemListElement\":[{\"@type\":\"ListItem\",\"position\":1,\"name\":\"Portada\",\"item\":\"https:\\\/\\\/www.mexicanguitarplayers.com\\\/\"},{\"@type\":\"ListItem\",\"position\":2,\"name\":\"Tienda\",\"item\":\"https:\\\/\\\/www.mexicanguitarplayers.com\\\/tienda\\\/\"},{\"@type\":\"ListItem\",\"position\":3,\"name\":\"PASTILLA SD BRAZO HB SETH LOVER\"}]},{\"@type\":\"WebSite\",\"@id\":\"https:\\\/\\\/www.mexicanguitarplayers.com\\\/#website\",\"url\":\"https:\\\/\\\/www.mexicanguitarplayers.com\\\/\",\"name\":\"Mexican Guitar Players\",\"description\":\"Website\",\"publisher\":{\"@id\":\"https:\\\/\\\/www.mexicanguitarplayers.com\\\/#organization\"},\"potentialAction\":[{\"@type\":\"SearchAction\",\"target\":{\"@type\":\"EntryPoint\",\"urlTemplate\":\"https:\\\/\\\/www.mexicanguitarplayers.com\\\/?s={search_term_string}\"},\"query-input\":{\"@type\":\"PropertyValueSpecification\",\"valueRequired\":true,\"valueName\":\"search_term_string\"}}],\"inLanguage\":\"en-US\"},{\"@type\":\"Organization\",\"@id\":\"https:\\\/\\\/www.mexicanguitarplayers.com\\\/#organization\",\"name\":\"Mexican Guitar Players\",\"url\":\"https:\\\/\\\/www.mexicanguitarplayers.com\\\/\",\"logo\":{\"@type\":\"ImageObject\",\"inLanguage\":\"en-US\",\"@id\":\"https:\\\/\\\/www.mexicanguitarplayers.com\\\/#\\\/schema\\\/logo\\\/image\\\/\",\"url\":\"\",\"contentUrl\":\"\",\"caption\":\"Mexican Guitar Players\"},\"image\":{\"@id\":\"https:\\\/\\\/www.mexicanguitarplayers.com\\\/#\\\/schema\\\/logo\\\/image\\\/\"}}]}<\/script>\n<!-- \/ Yoast SEO plugin. -->","yoast_head_json":{"title":"PASTILLA SD BRAZO HB SETH LOVER - Mexican Guitar Players","description":"Las pastillas humbucker de salida vintage Seth Lover brinda un sonido suave pero articulado al lograr el equilibrio perfecto de c\u00e1lidos, graves completos y agradables y agudos dulces con im\u00e1n de barra de Alnico 2, bobinas de salida vintage, y cubierta de n\u00edquel plateado, cuidadosamente construidas a mano en Santa B\u00e1rbara de acuerdo con las rigurosas especificaciones originales de Seth Lover. Los moldes de bobinas de butirato de Seymour, fueron creados por la misma f\u00e1brica que construy\u00f3 el molde P.A.F. original para Gibson. Incluye alambre magn\u00e9tico de esmalte liso 42AWG especialmente fabricado, cubierta de n\u00edquel plateado, imanes de alnico 2 de 2,5 pulgadas, espaciadores de maple y metal custom, y placa inferior de n\u00edquel plateado.","robots":{"index":"index","follow":"follow","max-snippet":"max-snippet:-1","max-image-preview":"max-image-preview:large","max-video-preview":"max-video-preview:-1"},"canonical":"https:\/\/www.mexicanguitarplayers.com\/en\/tienda\/sin categor\u00eda\/pastilla-sd-brazo-hb-seth-lover\/","og_locale":"en_US","og_type":"article","og_title":"PASTILLA SD BRAZO HB SETH LOVER - Mexican Guitar Players","og_description":"Las pastillas humbucker de salida vintage Seth Lover brinda un sonido suave pero articulado al lograr el equilibrio perfecto de c\u00e1lidos, graves completos y agradables y agudos dulces con im\u00e1n de barra de Alnico 2, bobinas de salida vintage, y cubierta de n\u00edquel plateado, cuidadosamente construidas a mano en Santa B\u00e1rbara de acuerdo con las rigurosas especificaciones originales de Seth Lover. Los moldes de bobinas de butirato de Seymour, fueron creados por la misma f\u00e1brica que construy\u00f3 el molde P.A.F. original para Gibson. Incluye alambre magn\u00e9tico de esmalte liso 42AWG especialmente fabricado, cubierta de n\u00edquel plateado, imanes de alnico 2 de 2,5 pulgadas, espaciadores de maple y metal custom, y placa inferior de n\u00edquel plateado.","og_url":"https:\/\/www.mexicanguitarplayers.com\/en\/tienda\/sin categor\u00eda\/pastilla-sd-brazo-hb-seth-lover\/","og_site_name":"Mexican Guitar Players","article_modified_time":"2026-05-01T13:28:44+00:00","twitter_card":"summary_large_image","schema":{"@context":"https:\/\/schema.org","@graph":[{"@type":["WebPage","ItemPage"],"@id":"https:\/\/www.mexicanguitarplayers.com\/tienda\/sin categor\u00eda\/pastilla-sd-brazo-hb-seth-lover\/","url":"https:\/\/www.mexicanguitarplayers.com\/tienda\/sin categor\u00eda\/pastilla-sd-brazo-hb-seth-lover\/","name":"PASTILLA SD BRAZO HB SETH LOVER - Mexican Guitar Players","isPartOf":{"@id":"https:\/\/www.mexicanguitarplayers.com\/#website"},"primaryImageOfPage":{"@id":"https:\/\/www.mexicanguitarplayers.com\/tienda\/sin categor\u00eda\/pastilla-sd-brazo-hb-seth-lover\/#primaryimage"},"image":{"@id":"https:\/\/www.mexicanguitarplayers.com\/tienda\/sin categor\u00eda\/pastilla-sd-brazo-hb-seth-lover\/#primaryimage"},"thumbnailUrl":"https:\/\/www.mexicanguitarplayers.com\/wp-content\/uploads\/2025\/04\/RASEOSH55NSEL4.jpg","datePublished":"2025-04-07T03:00:35+00:00","dateModified":"2026-05-01T13:28:44+00:00","description":"Las pastillas humbucker de salida vintage Seth Lover brinda un sonido suave pero articulado al lograr el equilibrio perfecto de c\u00e1lidos, graves completos y agradables y agudos dulces con im\u00e1n de barra de Alnico 2, bobinas de salida vintage, y cubierta de n\u00edquel plateado, cuidadosamente construidas a mano en Santa B\u00e1rbara de acuerdo con las rigurosas especificaciones originales de Seth Lover. Los moldes de bobinas de butirato de Seymour, fueron creados por la misma f\u00e1brica que construy\u00f3 el molde P.A.F. original para Gibson. Incluye alambre magn\u00e9tico de esmalte liso 42AWG especialmente fabricado, cubierta de n\u00edquel plateado, imanes de alnico 2 de 2,5 pulgadas, espaciadores de maple y metal custom, y placa inferior de n\u00edquel plateado.","breadcrumb":{"@id":"https:\/\/www.mexicanguitarplayers.com\/tienda\/sin categor\u00eda\/pastilla-sd-brazo-hb-seth-lover\/#breadcrumb"},"inLanguage":"en-US","potentialAction":[{"@type":"ReadAction","target":["https:\/\/www.mexicanguitarplayers.com\/tienda\/sin categor\u00eda\/pastilla-sd-brazo-hb-seth-lover\/"]}]},{"@type":"ImageObject","inLanguage":"en-US","@id":"https:\/\/www.mexicanguitarplayers.com\/tienda\/sin categor\u00eda\/pastilla-sd-brazo-hb-seth-lover\/#primaryimage","url":"https:\/\/www.mexicanguitarplayers.com\/wp-content\/uploads\/2025\/04\/RASEOSH55NSEL4.jpg","contentUrl":"https:\/\/www.mexicanguitarplayers.com\/wp-content\/uploads\/2025\/04\/RASEOSH55NSEL4.jpg","width":1200,"height":1200},{"@type":"BreadcrumbList","@id":"https:\/\/www.mexicanguitarplayers.com\/tienda\/sin categor\u00eda\/pastilla-sd-brazo-hb-seth-lover\/#breadcrumb","itemListElement":[{"@type":"ListItem","position":1,"name":"Portada","item":"https:\/\/www.mexicanguitarplayers.com\/"},{"@type":"ListItem","position":2,"name":"Tienda","item":"https:\/\/www.mexicanguitarplayers.com\/tienda\/"},{"@type":"ListItem","position":3,"name":"PASTILLA SD BRAZO HB SETH LOVER"}]},{"@type":"WebSite","@id":"https:\/\/www.mexicanguitarplayers.com\/#website","url":"https:\/\/www.mexicanguitarplayers.com\/","name":"Mexican Guitar Players","description":"Website","publisher":{"@id":"https:\/\/www.mexicanguitarplayers.com\/#organization"},"potentialAction":[{"@type":"SearchAction","target":{"@type":"EntryPoint","urlTemplate":"https:\/\/www.mexicanguitarplayers.com\/?s={search_term_string}"},"query-input":{"@type":"PropertyValueSpecification","valueRequired":true,"valueName":"search_term_string"}}],"inLanguage":"en-US"},{"@type":"Organization","@id":"https:\/\/www.mexicanguitarplayers.com\/#organization","name":"Mexican Guitar Players","url":"https:\/\/www.mexicanguitarplayers.com\/","logo":{"@type":"ImageObject","inLanguage":"en-US","@id":"https:\/\/www.mexicanguitarplayers.com\/#\/schema\/logo\/image\/","url":"","contentUrl":"","caption":"Mexican Guitar Players"},"image":{"@id":"https:\/\/www.mexicanguitarplayers.com\/#\/schema\/logo\/image\/"}}]}},"brands":[{"id":502,"name":"SEYMOUR DUNCAN","slug":"seymour-duncan"}],"_links":{"self":[{"href":"https:\/\/www.mexicanguitarplayers.com\/en\/wp-json\/wp\/v2\/product\/26108","targetHints":{"allow":["GET"]}}],"collection":[{"href":"https:\/\/www.mexicanguitarplayers.com\/en\/wp-json\/wp\/v2\/product"}],"about":[{"href":"https:\/\/www.mexicanguitarplayers.com\/en\/wp-json\/wp\/v2\/types\/product"}],"replies":[{"embeddable":true,"href":"https:\/\/www.mexicanguitarplayers.com\/en\/wp-json\/wp\/v2\/comments?post=26108"}],"wp:featuredmedia":[{"embeddable":true,"href":"https:\/\/www.mexicanguitarplayers.com\/en\/wp-json\/wp\/v2\/media\/26104"}],"wp:attachment":[{"href":"https:\/\/www.mexicanguitarplayers.com\/en\/wp-json\/wp\/v2\/media?parent=26108"}],"wp:term":[{"taxonomy":"pwb-brand","embeddable":true,"href":"https:\/\/www.mexicanguitarplayers.com\/en\/wp-json\/wp\/v2\/pwb-brand?post=26108"},{"taxonomy":"product_brand","embeddable":true,"href":"https:\/\/www.mexicanguitarplayers.com\/en\/wp-json\/wp\/v2\/product_brand?post=26108"},{"taxonomy":"product_cat","embeddable":true,"href":"https:\/\/www.mexicanguitarplayers.com\/en\/wp-json\/wp\/v2\/product_cat?post=26108"},{"taxonomy":"product_tag","embeddable":true,"href":"https:\/\/www.mexicanguitarplayers.com\/en\/wp-json\/wp\/v2\/product_tag?post=26108"}],"curies":[{"name":"wp","href":"https:\/\/api.w.org\/{rel}","templated":true}]}}