{"id":26114,"date":"2025-04-06T21:00:59","date_gmt":"2025-04-07T03:00:59","guid":{"rendered":"https:\/\/www.mexicanguitarplayers.com\/tienda\/sin categor\u00eda\/pedal-hotone-mod-fs-1-ampero-switch\/"},"modified":"2026-04-10T04:44:25","modified_gmt":"2026-04-10T10:44:25","slug":"pedal-hotone-mod-fs-1-ampero-switch","status":"publish","type":"product","link":"https:\/\/www.mexicanguitarplayers.com\/en\/tienda\/accesorios\/para-guitarras\/pedales-conmutacion\/pedal-hotone-mod-fs-1-ampero-switch\/","title":{"rendered":"PEDAL HOTONE MOD. FS-1 AMPERO SWITCH"},"content":{"rendered":"<div style=\"text-align: justify\">\n<div>\n<h3>Desata el poder de tu Ampero.<\/h3>\n<\/div>\n<div>El procesador multiefectos Ampero demostr\u00f3 ser un cambio de juego por su enorme todo, gran versatilidad y peque\u00f1o tama\u00f1o. Desde su lanzamiento, r\u00e1pidamente se hizo popular entre los m\u00fasicos principiantes y profesionales. Para la mejor portabilidad posible, la cantidad del switch de pedal en Ampero es limitada, sin embargo para los m\u00fasicos que desean m\u00e1s flexibilidad en esta unidad, eso no es suficiente, as\u00ed que aqu\u00ed viene el Ampero Switch, el mejor amigo de Ampero. Este switch es un controlador de pedal moment\u00e1neo ultra compacto dise\u00f1ado no solamente para Ampero, sino tambi\u00e9n para otros dispositivos con soporte de controlador de pedal moment\u00e1neo. Con el mismo dise\u00f1o de carcasa y apariencia de aluminio, Ampero Switch definitivamente combina perfectamente con la vibra de tu Ampero. Los switches de pedal y otros componentes cuidadosamente seleccionados garantizan un cambio c\u00f3modo y una excelente resistencia. Para utilizar este pedal, es bastante simple, conecta el TRS al conector EXP 2 \/FS de Ampero con el cable TRS incluido, luego ingresa al men\u00fa Global, busca el submen\u00fa EXP 2 \/FS, configura MODE en Dual FS, luego de esto, podr\u00e1s asignar cualquier funci\u00f3n que necesites a los switches de pedal. <\/div>\n<div>\n<h4>Quick look<\/h4>\n<\/div>\n<ul style=\"margin: 0px 0px 0px 25px\">\n<li style=\"list-style-type: circle;margin: 5px\">Versatilidad.<\/li>\n<li style=\"list-style-type: circle;margin: 5px\">Switch moment\u00e1neo.<\/li>\n<li style=\"list-style-type: circle;margin: 5px\">\u00bfCon qu\u00e9 m\u00e1s se puede usar Ampero Switch?<\/li>\n<li style=\"list-style-type: circle;margin: 5px\">Accessories included.<\/li>\n<li style=\"list-style-type: circle;margin: 5px\">Dimensions.<\/li>\n<li style=\"list-style-type: circle;margin: 5px\">Weight.<\/li>\n<\/ul>\n<div>\n<div style=\"font-weight: bold\">Versatilidad.<\/div>\n<div>\n<p>Puedes utilizar este pedal para cambiar entre bancos con modo de espera (no afectar\u00e1 tu patch actual), no m\u00e1s p\u00e1nico entre bancos. Utiliza Ampero Switch como selector de patches, obtendr\u00e1s cuatro conmutadores m\u00e1s de pedal de control de efectos. Util\u00edzalo para activar o desactivar m\u00f3dulos de efectos, lo que significa un control de efectos m\u00e1s eficiente en un patch. Usa Ampero Switch para marcar el tempo\/activar el afinador: Cuando m\u00e1s f\u00e1cil controles todo, mejor tocar\u00e1s. Utiliza este switch para activar o controlar el looper. Tambi\u00e9n lo puedes usar para controlar la caja de ritmos, ahora puedes tocar en cualquier momento y en cualquier lugar.<\/p>\n<\/div>\n<div style=\"font-weight: bold\">Switch moment\u00e1neo.<\/div>\n<div>\n<p>Cuando hablamos de un footswitch tipo pesillo, nos referimos a un switch de pie que permanece en estado cada vez que se activa hasta que lo vuelves a operar. Por ejemplo, un switch On\/Off de luz. El switch de pedal tipo latch no requiere compresi\u00f3n continua por parte de los m\u00fasicos, lo cual es ideal para activar o desactivar pedales de efectos o cambiar entre canales de amplificador. El footswitch moment\u00e1neo es diferente, permanece encendido solo mientras se comprime (por ejemplo, un encendedor con bot\u00f3n de presi\u00f3n). Cuando presionas una sola vez un switch de pedal moment\u00e1neo, generar\u00e1 un pulso breve de encendido y apagado que se reconoce como un disparador, en la mayor\u00eda de los multiefectos digitales para cambiar presets, tap tempo, activar o desactivar efectos, etc. As\u00ed que el pedal moment\u00e1neo es principalmente para controlar un equipo digital.<\/p>\n<\/div>\n<div style=\"font-weight: bold\">\u00bfCon qu\u00e9 m\u00e1s se puede usar Ampero Switch?<\/div>\n<div>\n<p>El Ampero Switch est\u00e1 dise\u00f1ado no solamente para Ampero, sino tambi\u00e9n para otros dispositivos con soporte de controlador de pedal moment\u00e1neo. La funci\u00f3n que puede tener variar\u00e1 seg\u00fan el dispositivo que se vaya a controlar.<\/p>\n<\/div>\n<div style=\"font-weight: bold\">Accessories included.<\/div>\n<div>\n<p>Cable TRS de 80 cm.<\/p>\n<\/div>\n<div style=\"font-weight: bold\">Dimensions.<\/div>\n<div>\n<p>100 x 40 x 42 mm.<\/p>\n<\/div>\n<div style=\"font-weight: bold\">Weight.<\/div>\n<div>\n<p>130 g.<\/p>\n<\/div>\n<\/div>\n<\/div>","protected":false},"excerpt":{"rendered":"<p>Pedal switch controlador moment\u00e1neo para Ampero, ultra compacto y liviano, el mejor amigo de tu Ampero, se puede utilizar tambi\u00e9n con otros dispositivos con jacks de control externos, dise\u00f1o de switch moment\u00e1neo, se necesita soporte para switch de pedal moment\u00e1neo, incluye cable TRS de 80 cm, dimensiones: 100 x 40 x 42 mm, peso: 130 g.&hellip; <a class=\"kt-excerpt-readmore more-link\" href=\"https:\/\/www.mexicanguitarplayers.com\/en\/tienda\/accesorios\/para-guitarras\/pedales-conmutacion\/pedal-hotone-mod-fs-1-ampero-switch\/\">Read more<\/a><\/p>","protected":false},"featured_media":26109,"comment_status":"open","ping_status":"closed","template":"","meta":{"kt_blocks_editor_width":""},"pwb-brand":[183],"product_brand":[],"product_cat":[85,336,503],"product_tag":[],"class_list":{"0":"post-26114","1":"product","2":"type-product","3":"status-publish","4":"has-post-thumbnail","6":"pwb-brand-hotone","7":"product_cat-accesorios","8":"product_cat-para-guitarras","9":"product_cat-pedales-conmutacion","10":"product_shipping_class-0-5-kg","12":"first","13":"outofstock","14":"taxable","15":"shipping-taxable","16":"purchasable","17":"product-type-simple"},"yoast_head":"<!-- This site is optimized with the Yoast SEO plugin v27.5 - https:\/\/yoast.com\/product\/yoast-seo-wordpress\/ -->\n<title>PEDAL HOTONE MOD. FS-1 AMPERO SWITCH - Mexican Guitar Players<\/title>\n<meta name=\"description\" content=\"Pedal switch controlador moment\u00e1neo para Ampero, ultra compacto y liviano, el mejor amigo de tu Ampero, se puede utilizar tambi\u00e9n con otros dispositivos con jacks de control externos, dise\u00f1o de switch moment\u00e1neo, se necesita soporte para switch de pedal moment\u00e1neo, incluye cable TRS de 80 cm, dimensiones: 100 x 40 x 42 mm, peso: 130 g.\" \/>\n<meta name=\"robots\" content=\"index, follow, max-snippet:-1, max-image-preview:large, max-video-preview:-1\" \/>\n<link rel=\"canonical\" href=\"https:\/\/www.mexicanguitarplayers.com\/en\/tienda\/sin%20categor\u00eda\/pedal-hotone-mod-fs-1-ampero-switch\/\" \/>\n<meta property=\"og:locale\" content=\"en_US\" \/>\n<meta property=\"og:type\" content=\"article\" \/>\n<meta property=\"og:title\" content=\"PEDAL HOTONE MOD. FS-1 AMPERO SWITCH - Mexican Guitar Players\" \/>\n<meta property=\"og:description\" content=\"Pedal switch controlador moment\u00e1neo para Ampero, ultra compacto y liviano, el mejor amigo de tu Ampero, se puede utilizar tambi\u00e9n con otros dispositivos con jacks de control externos, dise\u00f1o de switch moment\u00e1neo, se necesita soporte para switch de pedal moment\u00e1neo, incluye cable TRS de 80 cm, dimensiones: 100 x 40 x 42 mm, peso: 130 g.\" \/>\n<meta property=\"og:url\" content=\"https:\/\/www.mexicanguitarplayers.com\/en\/tienda\/sin categor\u00eda\/pedal-hotone-mod-fs-1-ampero-switch\/\" \/>\n<meta property=\"og:site_name\" content=\"Mexican Guitar Players\" \/>\n<meta property=\"article:modified_time\" content=\"2026-04-10T10:44:25+00:00\" \/>\n<meta name=\"twitter:card\" content=\"summary_large_image\" \/>\n<meta name=\"twitter:label1\" content=\"Est. reading time\" \/>\n\t<meta name=\"twitter:data1\" content=\"3 minutes\" \/>\n<script type=\"application\/ld+json\" class=\"yoast-schema-graph\">{\"@context\":\"https:\\\/\\\/schema.org\",\"@graph\":[{\"@type\":[\"WebPage\",\"ItemPage\"],\"@id\":\"https:\\\/\\\/www.mexicanguitarplayers.com\\\/tienda\\\/sin categor\u00eda\\\/pedal-hotone-mod-fs-1-ampero-switch\\\/\",\"url\":\"https:\\\/\\\/www.mexicanguitarplayers.com\\\/tienda\\\/sin categor\u00eda\\\/pedal-hotone-mod-fs-1-ampero-switch\\\/\",\"name\":\"PEDAL HOTONE MOD. FS-1 AMPERO SWITCH - Mexican Guitar Players\",\"isPartOf\":{\"@id\":\"https:\\\/\\\/www.mexicanguitarplayers.com\\\/#website\"},\"primaryImageOfPage\":{\"@id\":\"https:\\\/\\\/www.mexicanguitarplayers.com\\\/tienda\\\/sin categor\u00eda\\\/pedal-hotone-mod-fs-1-ampero-switch\\\/#primaryimage\"},\"image\":{\"@id\":\"https:\\\/\\\/www.mexicanguitarplayers.com\\\/tienda\\\/sin categor\u00eda\\\/pedal-hotone-mod-fs-1-ampero-switch\\\/#primaryimage\"},\"thumbnailUrl\":\"https:\\\/\\\/www.mexicanguitarplayers.com\\\/wp-content\\\/uploads\\\/2025\\\/04\\\/VAHOTFS1.jpg\",\"datePublished\":\"2025-04-07T03:00:59+00:00\",\"dateModified\":\"2026-04-10T10:44:25+00:00\",\"description\":\"Pedal switch controlador moment\u00e1neo para Ampero, ultra compacto y liviano, el mejor amigo de tu Ampero, se puede utilizar tambi\u00e9n con otros dispositivos con jacks de control externos, dise\u00f1o de switch moment\u00e1neo, se necesita soporte para switch de pedal moment\u00e1neo, incluye cable TRS de 80 cm, dimensiones: 100 x 40 x 42 mm, peso: 130 g.\",\"breadcrumb\":{\"@id\":\"https:\\\/\\\/www.mexicanguitarplayers.com\\\/tienda\\\/sin categor\u00eda\\\/pedal-hotone-mod-fs-1-ampero-switch\\\/#breadcrumb\"},\"inLanguage\":\"en-US\",\"potentialAction\":[{\"@type\":\"ReadAction\",\"target\":[\"https:\\\/\\\/www.mexicanguitarplayers.com\\\/tienda\\\/sin categor\u00eda\\\/pedal-hotone-mod-fs-1-ampero-switch\\\/\"]}]},{\"@type\":\"ImageObject\",\"inLanguage\":\"en-US\",\"@id\":\"https:\\\/\\\/www.mexicanguitarplayers.com\\\/tienda\\\/sin categor\u00eda\\\/pedal-hotone-mod-fs-1-ampero-switch\\\/#primaryimage\",\"url\":\"https:\\\/\\\/www.mexicanguitarplayers.com\\\/wp-content\\\/uploads\\\/2025\\\/04\\\/VAHOTFS1.jpg\",\"contentUrl\":\"https:\\\/\\\/www.mexicanguitarplayers.com\\\/wp-content\\\/uploads\\\/2025\\\/04\\\/VAHOTFS1.jpg\",\"width\":1200,\"height\":1200},{\"@type\":\"BreadcrumbList\",\"@id\":\"https:\\\/\\\/www.mexicanguitarplayers.com\\\/tienda\\\/sin categor\u00eda\\\/pedal-hotone-mod-fs-1-ampero-switch\\\/#breadcrumb\",\"itemListElement\":[{\"@type\":\"ListItem\",\"position\":1,\"name\":\"Portada\",\"item\":\"https:\\\/\\\/www.mexicanguitarplayers.com\\\/\"},{\"@type\":\"ListItem\",\"position\":2,\"name\":\"Tienda\",\"item\":\"https:\\\/\\\/www.mexicanguitarplayers.com\\\/tienda\\\/\"},{\"@type\":\"ListItem\",\"position\":3,\"name\":\"PEDAL HOTONE MOD. FS-1 AMPERO SWITCH\"}]},{\"@type\":\"WebSite\",\"@id\":\"https:\\\/\\\/www.mexicanguitarplayers.com\\\/#website\",\"url\":\"https:\\\/\\\/www.mexicanguitarplayers.com\\\/\",\"name\":\"Mexican Guitar Players\",\"description\":\"Website\",\"publisher\":{\"@id\":\"https:\\\/\\\/www.mexicanguitarplayers.com\\\/#organization\"},\"potentialAction\":[{\"@type\":\"SearchAction\",\"target\":{\"@type\":\"EntryPoint\",\"urlTemplate\":\"https:\\\/\\\/www.mexicanguitarplayers.com\\\/?s={search_term_string}\"},\"query-input\":{\"@type\":\"PropertyValueSpecification\",\"valueRequired\":true,\"valueName\":\"search_term_string\"}}],\"inLanguage\":\"en-US\"},{\"@type\":\"Organization\",\"@id\":\"https:\\\/\\\/www.mexicanguitarplayers.com\\\/#organization\",\"name\":\"Mexican Guitar Players\",\"url\":\"https:\\\/\\\/www.mexicanguitarplayers.com\\\/\",\"logo\":{\"@type\":\"ImageObject\",\"inLanguage\":\"en-US\",\"@id\":\"https:\\\/\\\/www.mexicanguitarplayers.com\\\/#\\\/schema\\\/logo\\\/image\\\/\",\"url\":\"\",\"contentUrl\":\"\",\"caption\":\"Mexican Guitar Players\"},\"image\":{\"@id\":\"https:\\\/\\\/www.mexicanguitarplayers.com\\\/#\\\/schema\\\/logo\\\/image\\\/\"}}]}<\/script>\n<!-- \/ Yoast SEO plugin. -->","yoast_head_json":{"title":"PEDAL HOTONE MOD. FS-1 AMPERO SWITCH - Mexican Guitar Players","description":"Pedal switch controlador moment\u00e1neo para Ampero, ultra compacto y liviano, el mejor amigo de tu Ampero, se puede utilizar tambi\u00e9n con otros dispositivos con jacks de control externos, dise\u00f1o de switch moment\u00e1neo, se necesita soporte para switch de pedal moment\u00e1neo, incluye cable TRS de 80 cm, dimensiones: 100 x 40 x 42 mm, peso: 130 g.","robots":{"index":"index","follow":"follow","max-snippet":"max-snippet:-1","max-image-preview":"max-image-preview:large","max-video-preview":"max-video-preview:-1"},"canonical":"https:\/\/www.mexicanguitarplayers.com\/en\/tienda\/sin categor\u00eda\/pedal-hotone-mod-fs-1-ampero-switch\/","og_locale":"en_US","og_type":"article","og_title":"PEDAL HOTONE MOD. FS-1 AMPERO SWITCH - Mexican Guitar Players","og_description":"Pedal switch controlador moment\u00e1neo para Ampero, ultra compacto y liviano, el mejor amigo de tu Ampero, se puede utilizar tambi\u00e9n con otros dispositivos con jacks de control externos, dise\u00f1o de switch moment\u00e1neo, se necesita soporte para switch de pedal moment\u00e1neo, incluye cable TRS de 80 cm, dimensiones: 100 x 40 x 42 mm, peso: 130 g.","og_url":"https:\/\/www.mexicanguitarplayers.com\/en\/tienda\/sin categor\u00eda\/pedal-hotone-mod-fs-1-ampero-switch\/","og_site_name":"Mexican Guitar Players","article_modified_time":"2026-04-10T10:44:25+00:00","twitter_card":"summary_large_image","twitter_misc":{"Est. reading time":"3 minutes"},"schema":{"@context":"https:\/\/schema.org","@graph":[{"@type":["WebPage","ItemPage"],"@id":"https:\/\/www.mexicanguitarplayers.com\/tienda\/sin categor\u00eda\/pedal-hotone-mod-fs-1-ampero-switch\/","url":"https:\/\/www.mexicanguitarplayers.com\/tienda\/sin categor\u00eda\/pedal-hotone-mod-fs-1-ampero-switch\/","name":"PEDAL HOTONE MOD. FS-1 AMPERO SWITCH - Mexican Guitar Players","isPartOf":{"@id":"https:\/\/www.mexicanguitarplayers.com\/#website"},"primaryImageOfPage":{"@id":"https:\/\/www.mexicanguitarplayers.com\/tienda\/sin categor\u00eda\/pedal-hotone-mod-fs-1-ampero-switch\/#primaryimage"},"image":{"@id":"https:\/\/www.mexicanguitarplayers.com\/tienda\/sin categor\u00eda\/pedal-hotone-mod-fs-1-ampero-switch\/#primaryimage"},"thumbnailUrl":"https:\/\/www.mexicanguitarplayers.com\/wp-content\/uploads\/2025\/04\/VAHOTFS1.jpg","datePublished":"2025-04-07T03:00:59+00:00","dateModified":"2026-04-10T10:44:25+00:00","description":"Pedal switch controlador moment\u00e1neo para Ampero, ultra compacto y liviano, el mejor amigo de tu Ampero, se puede utilizar tambi\u00e9n con otros dispositivos con jacks de control externos, dise\u00f1o de switch moment\u00e1neo, se necesita soporte para switch de pedal moment\u00e1neo, incluye cable TRS de 80 cm, dimensiones: 100 x 40 x 42 mm, peso: 130 g.","breadcrumb":{"@id":"https:\/\/www.mexicanguitarplayers.com\/tienda\/sin categor\u00eda\/pedal-hotone-mod-fs-1-ampero-switch\/#breadcrumb"},"inLanguage":"en-US","potentialAction":[{"@type":"ReadAction","target":["https:\/\/www.mexicanguitarplayers.com\/tienda\/sin categor\u00eda\/pedal-hotone-mod-fs-1-ampero-switch\/"]}]},{"@type":"ImageObject","inLanguage":"en-US","@id":"https:\/\/www.mexicanguitarplayers.com\/tienda\/sin categor\u00eda\/pedal-hotone-mod-fs-1-ampero-switch\/#primaryimage","url":"https:\/\/www.mexicanguitarplayers.com\/wp-content\/uploads\/2025\/04\/VAHOTFS1.jpg","contentUrl":"https:\/\/www.mexicanguitarplayers.com\/wp-content\/uploads\/2025\/04\/VAHOTFS1.jpg","width":1200,"height":1200},{"@type":"BreadcrumbList","@id":"https:\/\/www.mexicanguitarplayers.com\/tienda\/sin categor\u00eda\/pedal-hotone-mod-fs-1-ampero-switch\/#breadcrumb","itemListElement":[{"@type":"ListItem","position":1,"name":"Portada","item":"https:\/\/www.mexicanguitarplayers.com\/"},{"@type":"ListItem","position":2,"name":"Tienda","item":"https:\/\/www.mexicanguitarplayers.com\/tienda\/"},{"@type":"ListItem","position":3,"name":"PEDAL HOTONE MOD. FS-1 AMPERO SWITCH"}]},{"@type":"WebSite","@id":"https:\/\/www.mexicanguitarplayers.com\/#website","url":"https:\/\/www.mexicanguitarplayers.com\/","name":"Mexican Guitar Players","description":"Website","publisher":{"@id":"https:\/\/www.mexicanguitarplayers.com\/#organization"},"potentialAction":[{"@type":"SearchAction","target":{"@type":"EntryPoint","urlTemplate":"https:\/\/www.mexicanguitarplayers.com\/?s={search_term_string}"},"query-input":{"@type":"PropertyValueSpecification","valueRequired":true,"valueName":"search_term_string"}}],"inLanguage":"en-US"},{"@type":"Organization","@id":"https:\/\/www.mexicanguitarplayers.com\/#organization","name":"Mexican Guitar Players","url":"https:\/\/www.mexicanguitarplayers.com\/","logo":{"@type":"ImageObject","inLanguage":"en-US","@id":"https:\/\/www.mexicanguitarplayers.com\/#\/schema\/logo\/image\/","url":"","contentUrl":"","caption":"Mexican Guitar Players"},"image":{"@id":"https:\/\/www.mexicanguitarplayers.com\/#\/schema\/logo\/image\/"}}]}},"brands":[{"id":183,"name":"HOTONE","slug":"hotone"}],"_links":{"self":[{"href":"https:\/\/www.mexicanguitarplayers.com\/en\/wp-json\/wp\/v2\/product\/26114","targetHints":{"allow":["GET"]}}],"collection":[{"href":"https:\/\/www.mexicanguitarplayers.com\/en\/wp-json\/wp\/v2\/product"}],"about":[{"href":"https:\/\/www.mexicanguitarplayers.com\/en\/wp-json\/wp\/v2\/types\/product"}],"replies":[{"embeddable":true,"href":"https:\/\/www.mexicanguitarplayers.com\/en\/wp-json\/wp\/v2\/comments?post=26114"}],"wp:featuredmedia":[{"embeddable":true,"href":"https:\/\/www.mexicanguitarplayers.com\/en\/wp-json\/wp\/v2\/media\/26109"}],"wp:attachment":[{"href":"https:\/\/www.mexicanguitarplayers.com\/en\/wp-json\/wp\/v2\/media?parent=26114"}],"wp:term":[{"taxonomy":"pwb-brand","embeddable":true,"href":"https:\/\/www.mexicanguitarplayers.com\/en\/wp-json\/wp\/v2\/pwb-brand?post=26114"},{"taxonomy":"product_brand","embeddable":true,"href":"https:\/\/www.mexicanguitarplayers.com\/en\/wp-json\/wp\/v2\/product_brand?post=26114"},{"taxonomy":"product_cat","embeddable":true,"href":"https:\/\/www.mexicanguitarplayers.com\/en\/wp-json\/wp\/v2\/product_cat?post=26114"},{"taxonomy":"product_tag","embeddable":true,"href":"https:\/\/www.mexicanguitarplayers.com\/en\/wp-json\/wp\/v2\/product_tag?post=26114"}],"curies":[{"name":"wp","href":"https:\/\/api.w.org\/{rel}","templated":true}]}}