{"id":26122,"date":"2025-04-06T21:01:44","date_gmt":"2025-04-07T03:01:44","guid":{"rendered":"https:\/\/www.mexicanguitarplayers.com\/tienda\/sin categor\u00eda\/humidificador-planet-wave-mod-ghp\/"},"modified":"2026-05-01T07:28:43","modified_gmt":"2026-05-01T13:28:43","slug":"humidificador-planet-wave-mod-ghp","status":"publish","type":"product","link":"https:\/\/www.mexicanguitarplayers.com\/en\/tienda\/accesorios\/para-bateria\/cuidado-y-proteccion\/humidificador-planet-wave-mod-ghp\/","title":{"rendered":"HUMIDIFICADOR PLANET WAVE MOD. GHP"},"content":{"rendered":"<div style=\"text-align: justify\">\n<div>\n<h3>HUMIDIFICADOR PARA GUITARRA AC\u00daSTICA PRO<\/h3>\n<\/div>\n<div>El D&#8217;Addario Humidifier Pro protege tu guitarra incluso en las condiciones m\u00e1s secas. Utilizando una esponja hidr\u00f3fila especializada que retiene 12 veces su peso seco en agua (mucho m\u00e1s que una esponja com\u00fan), el Humidifier Pro permite per\u00edodos m\u00e1s prolongados entre recargas y aumenta la protecci\u00f3n en ambientes m\u00e1s secos. Protegerse contra grietas, m\u00e1stiles deformados y encogimientos ahora es m\u00e1s f\u00e1cil y requiere menos trabajo para preservar la m\u00e1xima facilidad de ejecuci\u00f3n de sus instrumentos. Suspendido por las cuerdas, el humidificador libera humedad de manera uniforme y lenta dentro de la guitarra, pero nunca toca el cuerpo de la guitarra. El tap\u00f3n del humidificador le permite verificar el estado de la esponja sin quitar la unidad y proporciona un sello herm\u00e9tico cuando est\u00e1 en su lugar. Mantener el humidificador es tan f\u00e1cil como humedecer la esponja cuando se seque.<\/div>\n<div>\n<h4>Characteristics<\/h4>\n<\/div>\n<div>\n<ul style=\"margin: 0px 0px 0px 25px\">\n<li style=\"list-style-type: circle;margin: 5px\">CHARACTERISTICS<\/li>\n<\/ul>\n<\/div>\n<\/div>","protected":false},"excerpt":{"rendered":"<p>Humidificador con dise\u00f1o de esponja especializada soporta 12 veces su peso en agua con capacidad de mayor tiempo entre recargas.El tap\u00f3n permite una verificaci\u00f3n r\u00e1pida del estado sin quitar el contenedor de la guitarra. Nunca toca el cuerpo del instrumento y libera la humedad de manera uniforme&hellip; <a class=\"kt-excerpt-readmore more-link\" href=\"https:\/\/www.mexicanguitarplayers.com\/en\/tienda\/accesorios\/para-bateria\/cuidado-y-proteccion\/humidificador-planet-wave-mod-ghp\/\">Read more<\/a><\/p>","protected":false},"featured_media":26119,"comment_status":"open","ping_status":"closed","template":"","meta":{"kt_blocks_editor_width":""},"pwb-brand":[604],"product_brand":[],"product_cat":[85,421,336],"product_tag":[],"class_list":{"0":"post-26122","1":"product","2":"type-product","3":"status-publish","4":"has-post-thumbnail","6":"pwb-brand-planet-waves","7":"product_cat-accesorios","8":"product_cat-cuidado-y-proteccion","9":"product_cat-para-guitarras","10":"product_shipping_class-0-5-kg","12":"first","13":"instock","14":"taxable","15":"shipping-taxable","16":"purchasable","17":"product-type-simple"},"yoast_head":"<!-- This site is optimized with the Yoast SEO plugin v27.5 - https:\/\/yoast.com\/product\/yoast-seo-wordpress\/ -->\n<title>HUMIDIFICADOR PLANET WAVE MOD. GHP - Mexican Guitar Players<\/title>\n<meta name=\"description\" content=\"Humidificador con dise\u00f1o de esponja especializada soporta 12 veces su peso en agua con capacidad de mayor tiempo entre recargas.El tap\u00f3n permite una verificaci\u00f3n r\u00e1pida del estado sin quitar el contenedor de la guitarra. Nunca toca el cuerpo del instrumento y libera la humedad de manera uniforme\" \/>\n<meta name=\"robots\" content=\"index, follow, max-snippet:-1, max-image-preview:large, max-video-preview:-1\" \/>\n<link rel=\"canonical\" href=\"https:\/\/www.mexicanguitarplayers.com\/en\/tienda\/sin%20categor\u00eda\/humidificador-planet-wave-mod-ghp\/\" \/>\n<meta property=\"og:locale\" content=\"en_US\" \/>\n<meta property=\"og:type\" content=\"article\" \/>\n<meta property=\"og:title\" content=\"HUMIDIFICADOR PLANET WAVE MOD. GHP - Mexican Guitar Players\" \/>\n<meta property=\"og:description\" content=\"Humidificador con dise\u00f1o de esponja especializada soporta 12 veces su peso en agua con capacidad de mayor tiempo entre recargas.El tap\u00f3n permite una verificaci\u00f3n r\u00e1pida del estado sin quitar el contenedor de la guitarra. Nunca toca el cuerpo del instrumento y libera la humedad de manera uniforme\" \/>\n<meta property=\"og:url\" content=\"https:\/\/www.mexicanguitarplayers.com\/en\/tienda\/sin categor\u00eda\/humidificador-planet-wave-mod-ghp\/\" \/>\n<meta property=\"og:site_name\" content=\"Mexican Guitar Players\" \/>\n<meta property=\"article:modified_time\" content=\"2026-05-01T13:28:43+00:00\" \/>\n<meta name=\"twitter:card\" content=\"summary_large_image\" \/>\n<meta name=\"twitter:label1\" content=\"Est. reading time\" \/>\n\t<meta name=\"twitter:data1\" content=\"1 minute\" \/>\n<script type=\"application\/ld+json\" class=\"yoast-schema-graph\">{\"@context\":\"https:\\\/\\\/schema.org\",\"@graph\":[{\"@type\":[\"WebPage\",\"ItemPage\"],\"@id\":\"https:\\\/\\\/www.mexicanguitarplayers.com\\\/tienda\\\/sin categor\u00eda\\\/humidificador-planet-wave-mod-ghp\\\/\",\"url\":\"https:\\\/\\\/www.mexicanguitarplayers.com\\\/tienda\\\/sin categor\u00eda\\\/humidificador-planet-wave-mod-ghp\\\/\",\"name\":\"HUMIDIFICADOR PLANET WAVE MOD. GHP - Mexican Guitar Players\",\"isPartOf\":{\"@id\":\"https:\\\/\\\/www.mexicanguitarplayers.com\\\/#website\"},\"primaryImageOfPage\":{\"@id\":\"https:\\\/\\\/www.mexicanguitarplayers.com\\\/tienda\\\/sin categor\u00eda\\\/humidificador-planet-wave-mod-ghp\\\/#primaryimage\"},\"image\":{\"@id\":\"https:\\\/\\\/www.mexicanguitarplayers.com\\\/tienda\\\/sin categor\u00eda\\\/humidificador-planet-wave-mod-ghp\\\/#primaryimage\"},\"thumbnailUrl\":\"https:\\\/\\\/www.mexicanguitarplayers.com\\\/wp-content\\\/uploads\\\/2025\\\/04\\\/RAPWAGHP.jpg\",\"datePublished\":\"2025-04-07T03:01:44+00:00\",\"dateModified\":\"2026-05-01T13:28:43+00:00\",\"description\":\"Humidificador con dise\u00f1o de esponja especializada soporta 12 veces su peso en agua con capacidad de mayor tiempo entre recargas.El tap\u00f3n permite una verificaci\u00f3n r\u00e1pida del estado sin quitar el contenedor de la guitarra. Nunca toca el cuerpo del instrumento y libera la humedad de manera uniforme\",\"breadcrumb\":{\"@id\":\"https:\\\/\\\/www.mexicanguitarplayers.com\\\/tienda\\\/sin categor\u00eda\\\/humidificador-planet-wave-mod-ghp\\\/#breadcrumb\"},\"inLanguage\":\"en-US\",\"potentialAction\":[{\"@type\":\"ReadAction\",\"target\":[\"https:\\\/\\\/www.mexicanguitarplayers.com\\\/tienda\\\/sin categor\u00eda\\\/humidificador-planet-wave-mod-ghp\\\/\"]}]},{\"@type\":\"ImageObject\",\"inLanguage\":\"en-US\",\"@id\":\"https:\\\/\\\/www.mexicanguitarplayers.com\\\/tienda\\\/sin categor\u00eda\\\/humidificador-planet-wave-mod-ghp\\\/#primaryimage\",\"url\":\"https:\\\/\\\/www.mexicanguitarplayers.com\\\/wp-content\\\/uploads\\\/2025\\\/04\\\/RAPWAGHP.jpg\",\"contentUrl\":\"https:\\\/\\\/www.mexicanguitarplayers.com\\\/wp-content\\\/uploads\\\/2025\\\/04\\\/RAPWAGHP.jpg\",\"width\":1200,\"height\":1200},{\"@type\":\"BreadcrumbList\",\"@id\":\"https:\\\/\\\/www.mexicanguitarplayers.com\\\/tienda\\\/sin categor\u00eda\\\/humidificador-planet-wave-mod-ghp\\\/#breadcrumb\",\"itemListElement\":[{\"@type\":\"ListItem\",\"position\":1,\"name\":\"Portada\",\"item\":\"https:\\\/\\\/www.mexicanguitarplayers.com\\\/\"},{\"@type\":\"ListItem\",\"position\":2,\"name\":\"Tienda\",\"item\":\"https:\\\/\\\/www.mexicanguitarplayers.com\\\/tienda\\\/\"},{\"@type\":\"ListItem\",\"position\":3,\"name\":\"HUMIDIFICADOR PLANET WAVE MOD. GHP\"}]},{\"@type\":\"WebSite\",\"@id\":\"https:\\\/\\\/www.mexicanguitarplayers.com\\\/#website\",\"url\":\"https:\\\/\\\/www.mexicanguitarplayers.com\\\/\",\"name\":\"Mexican Guitar Players\",\"description\":\"Website\",\"publisher\":{\"@id\":\"https:\\\/\\\/www.mexicanguitarplayers.com\\\/#organization\"},\"potentialAction\":[{\"@type\":\"SearchAction\",\"target\":{\"@type\":\"EntryPoint\",\"urlTemplate\":\"https:\\\/\\\/www.mexicanguitarplayers.com\\\/?s={search_term_string}\"},\"query-input\":{\"@type\":\"PropertyValueSpecification\",\"valueRequired\":true,\"valueName\":\"search_term_string\"}}],\"inLanguage\":\"en-US\"},{\"@type\":\"Organization\",\"@id\":\"https:\\\/\\\/www.mexicanguitarplayers.com\\\/#organization\",\"name\":\"Mexican Guitar Players\",\"url\":\"https:\\\/\\\/www.mexicanguitarplayers.com\\\/\",\"logo\":{\"@type\":\"ImageObject\",\"inLanguage\":\"en-US\",\"@id\":\"https:\\\/\\\/www.mexicanguitarplayers.com\\\/#\\\/schema\\\/logo\\\/image\\\/\",\"url\":\"\",\"contentUrl\":\"\",\"caption\":\"Mexican Guitar Players\"},\"image\":{\"@id\":\"https:\\\/\\\/www.mexicanguitarplayers.com\\\/#\\\/schema\\\/logo\\\/image\\\/\"}}]}<\/script>\n<!-- \/ Yoast SEO plugin. -->","yoast_head_json":{"title":"HUMIDIFICADOR PLANET WAVE MOD. GHP - Mexican Guitar Players","description":"Humidificador con dise\u00f1o de esponja especializada soporta 12 veces su peso en agua con capacidad de mayor tiempo entre recargas.El tap\u00f3n permite una verificaci\u00f3n r\u00e1pida del estado sin quitar el contenedor de la guitarra. Nunca toca el cuerpo del instrumento y libera la humedad de manera uniforme","robots":{"index":"index","follow":"follow","max-snippet":"max-snippet:-1","max-image-preview":"max-image-preview:large","max-video-preview":"max-video-preview:-1"},"canonical":"https:\/\/www.mexicanguitarplayers.com\/en\/tienda\/sin categor\u00eda\/humidificador-planet-wave-mod-ghp\/","og_locale":"en_US","og_type":"article","og_title":"HUMIDIFICADOR PLANET WAVE MOD. GHP - Mexican Guitar Players","og_description":"Humidificador con dise\u00f1o de esponja especializada soporta 12 veces su peso en agua con capacidad de mayor tiempo entre recargas.El tap\u00f3n permite una verificaci\u00f3n r\u00e1pida del estado sin quitar el contenedor de la guitarra. Nunca toca el cuerpo del instrumento y libera la humedad de manera uniforme","og_url":"https:\/\/www.mexicanguitarplayers.com\/en\/tienda\/sin categor\u00eda\/humidificador-planet-wave-mod-ghp\/","og_site_name":"Mexican Guitar Players","article_modified_time":"2026-05-01T13:28:43+00:00","twitter_card":"summary_large_image","twitter_misc":{"Est. reading time":"1 minute"},"schema":{"@context":"https:\/\/schema.org","@graph":[{"@type":["WebPage","ItemPage"],"@id":"https:\/\/www.mexicanguitarplayers.com\/tienda\/sin categor\u00eda\/humidificador-planet-wave-mod-ghp\/","url":"https:\/\/www.mexicanguitarplayers.com\/tienda\/sin categor\u00eda\/humidificador-planet-wave-mod-ghp\/","name":"HUMIDIFICADOR PLANET WAVE MOD. GHP - Mexican Guitar Players","isPartOf":{"@id":"https:\/\/www.mexicanguitarplayers.com\/#website"},"primaryImageOfPage":{"@id":"https:\/\/www.mexicanguitarplayers.com\/tienda\/sin categor\u00eda\/humidificador-planet-wave-mod-ghp\/#primaryimage"},"image":{"@id":"https:\/\/www.mexicanguitarplayers.com\/tienda\/sin categor\u00eda\/humidificador-planet-wave-mod-ghp\/#primaryimage"},"thumbnailUrl":"https:\/\/www.mexicanguitarplayers.com\/wp-content\/uploads\/2025\/04\/RAPWAGHP.jpg","datePublished":"2025-04-07T03:01:44+00:00","dateModified":"2026-05-01T13:28:43+00:00","description":"Humidificador con dise\u00f1o de esponja especializada soporta 12 veces su peso en agua con capacidad de mayor tiempo entre recargas.El tap\u00f3n permite una verificaci\u00f3n r\u00e1pida del estado sin quitar el contenedor de la guitarra. Nunca toca el cuerpo del instrumento y libera la humedad de manera uniforme","breadcrumb":{"@id":"https:\/\/www.mexicanguitarplayers.com\/tienda\/sin categor\u00eda\/humidificador-planet-wave-mod-ghp\/#breadcrumb"},"inLanguage":"en-US","potentialAction":[{"@type":"ReadAction","target":["https:\/\/www.mexicanguitarplayers.com\/tienda\/sin categor\u00eda\/humidificador-planet-wave-mod-ghp\/"]}]},{"@type":"ImageObject","inLanguage":"en-US","@id":"https:\/\/www.mexicanguitarplayers.com\/tienda\/sin categor\u00eda\/humidificador-planet-wave-mod-ghp\/#primaryimage","url":"https:\/\/www.mexicanguitarplayers.com\/wp-content\/uploads\/2025\/04\/RAPWAGHP.jpg","contentUrl":"https:\/\/www.mexicanguitarplayers.com\/wp-content\/uploads\/2025\/04\/RAPWAGHP.jpg","width":1200,"height":1200},{"@type":"BreadcrumbList","@id":"https:\/\/www.mexicanguitarplayers.com\/tienda\/sin categor\u00eda\/humidificador-planet-wave-mod-ghp\/#breadcrumb","itemListElement":[{"@type":"ListItem","position":1,"name":"Portada","item":"https:\/\/www.mexicanguitarplayers.com\/"},{"@type":"ListItem","position":2,"name":"Tienda","item":"https:\/\/www.mexicanguitarplayers.com\/tienda\/"},{"@type":"ListItem","position":3,"name":"HUMIDIFICADOR PLANET WAVE MOD. GHP"}]},{"@type":"WebSite","@id":"https:\/\/www.mexicanguitarplayers.com\/#website","url":"https:\/\/www.mexicanguitarplayers.com\/","name":"Mexican Guitar Players","description":"Website","publisher":{"@id":"https:\/\/www.mexicanguitarplayers.com\/#organization"},"potentialAction":[{"@type":"SearchAction","target":{"@type":"EntryPoint","urlTemplate":"https:\/\/www.mexicanguitarplayers.com\/?s={search_term_string}"},"query-input":{"@type":"PropertyValueSpecification","valueRequired":true,"valueName":"search_term_string"}}],"inLanguage":"en-US"},{"@type":"Organization","@id":"https:\/\/www.mexicanguitarplayers.com\/#organization","name":"Mexican Guitar Players","url":"https:\/\/www.mexicanguitarplayers.com\/","logo":{"@type":"ImageObject","inLanguage":"en-US","@id":"https:\/\/www.mexicanguitarplayers.com\/#\/schema\/logo\/image\/","url":"","contentUrl":"","caption":"Mexican Guitar Players"},"image":{"@id":"https:\/\/www.mexicanguitarplayers.com\/#\/schema\/logo\/image\/"}}]}},"brands":[{"id":604,"name":"PLANET WAVES","slug":"planet-waves"}],"_links":{"self":[{"href":"https:\/\/www.mexicanguitarplayers.com\/en\/wp-json\/wp\/v2\/product\/26122","targetHints":{"allow":["GET"]}}],"collection":[{"href":"https:\/\/www.mexicanguitarplayers.com\/en\/wp-json\/wp\/v2\/product"}],"about":[{"href":"https:\/\/www.mexicanguitarplayers.com\/en\/wp-json\/wp\/v2\/types\/product"}],"replies":[{"embeddable":true,"href":"https:\/\/www.mexicanguitarplayers.com\/en\/wp-json\/wp\/v2\/comments?post=26122"}],"wp:featuredmedia":[{"embeddable":true,"href":"https:\/\/www.mexicanguitarplayers.com\/en\/wp-json\/wp\/v2\/media\/26119"}],"wp:attachment":[{"href":"https:\/\/www.mexicanguitarplayers.com\/en\/wp-json\/wp\/v2\/media?parent=26122"}],"wp:term":[{"taxonomy":"pwb-brand","embeddable":true,"href":"https:\/\/www.mexicanguitarplayers.com\/en\/wp-json\/wp\/v2\/pwb-brand?post=26122"},{"taxonomy":"product_brand","embeddable":true,"href":"https:\/\/www.mexicanguitarplayers.com\/en\/wp-json\/wp\/v2\/product_brand?post=26122"},{"taxonomy":"product_cat","embeddable":true,"href":"https:\/\/www.mexicanguitarplayers.com\/en\/wp-json\/wp\/v2\/product_cat?post=26122"},{"taxonomy":"product_tag","embeddable":true,"href":"https:\/\/www.mexicanguitarplayers.com\/en\/wp-json\/wp\/v2\/product_tag?post=26122"}],"curies":[{"name":"wp","href":"https:\/\/api.w.org\/{rel}","templated":true}]}}