{"id":26143,"date":"2025-04-06T21:03:23","date_gmt":"2025-04-07T03:03:23","guid":{"rendered":"https:\/\/www.mexicanguitarplayers.com\/tienda\/sin categor\u00eda\/amplificador-proel-poder-mod-hpd2004\/"},"modified":"2026-04-10T04:44:23","modified_gmt":"2026-04-10T10:44:23","slug":"amplificador-proel-poder-mod-hpd2004","status":"publish","type":"product","link":"https:\/\/www.mexicanguitarplayers.com\/en\/tienda\/audio\/amplificadores-audio\/amplificadores-de-potencia\/amplificador-proel-poder-mod-hpd2004\/","title":{"rendered":"AMPLIFICADOR PROEL PODER   MOD. HPD2004"},"content":{"rendered":"<div style=\"text-align: justify\">\n<div>\n<h3>Amplificador digital de 4 canales.<\/h3>\n<\/div>\n<div>Proel ha actualizado su serie HPD de amplificadores profesionales de alto rendimiento con dos nuevos modelos. HPD2004 y HPD4004, son amplificadores de 4 canales que emplean m\u00f3dulos Proel DA, una nueva generaci\u00f3n de amplificadores de potencia Clase D con control digital con fuente de alimentaci\u00f3n conmutada (SMPS) que ofrecen una tecnolog\u00eda innovadora. A diferencia de la mayor\u00eda de los competidores en esta gama, que utilizan una frecuencia de conmutaci\u00f3n fija, el PWM (Pulse Width Modulation) etapa de salida de los m\u00f3dulos DA usa una frecuencia de conmutaci\u00f3n variable seg\u00fan el nivel de la se\u00f1al de entrada. Gracias a una estructura de hardware y software sofisticado, este sistema ofrece rendimientos muy por encima de la mayor\u00eda de los productos disponibles actualmente en el mercado: Mejor definici\u00f3n de sonido, reproducci\u00f3n de alta fidelidad de cualquier frecuencia de la gama de audio, mayor din\u00e1mica en cualquier nivel de la se\u00f1al con baja distorsi\u00f3n incluso a muy altas potencias. La calidad superior de sonido puede ser comparada con los sistemas anal\u00f3gicos Clase AB de alta gama, mientras que los m\u00f3dulos DA gracias a la utilizaci\u00f3n de SMPS y Clase D ofrecen un tama\u00f1o compacto y peso ligero, eficiencia por encima del 90% y disipaci\u00f3n de calor insignificante. Los altos niveles de eficiencia resultan tambi\u00e9n en una reducci\u00f3n significativa del desperdicio de energ\u00eda asociada con las grandes instalaciones, una notable reducci\u00f3n en los costos de operaci\u00f3n y un beneficio directo en el medio ambiente. Con altos niveles de potencia en un chasis ligero y compacto, los amplificadores HPD son mucho m\u00e1s f\u00e1ciles y econ\u00f3micos de transportar que los modelos convencionales y esto, a su vez, los hace m\u00e1s amigables con el medio ambiente. Los amplificadores HPD incluyen una secci\u00f3n de entrada con elecci\u00f3n de diferentes opciones de filtrado (FLAT \/ BI -AMP \/ HPF) y cuentan con un dise\u00f1o ergon\u00f3mico y funcional, con filtros de polvo removibles, para un mantenimiento f\u00e1cil en todas las condiciones de uso y por lo tanto extensa durabilidad. Sistema de protecci\u00f3n con protecci\u00f3n t\u00e9rmica, protecci\u00f3n del cortocircuito, protecci\u00f3n de alta frecuencia y circuito limitador de Clip.<\/div>\n<div>\n<h4>Quick look<\/h4>\n<\/div>\n<ul style=\"margin: 0px 0px 0px 25px\">\n<li style=\"list-style-type: circle;margin: 5px\">Characteristics.<\/li>\n<li style=\"list-style-type: circle;margin: 5px\">Power supply.<\/li>\n<li style=\"list-style-type: circle;margin: 5px\">Consumo m\u00e1ximo de energ\u00eda.<\/li>\n<li style=\"list-style-type: circle;margin: 5px\">Input connectors.<\/li>\n<li style=\"list-style-type: circle;margin: 5px\">Output connectors.<\/li>\n<li style=\"list-style-type: circle;margin: 5px\">Dimensions.<\/li>\n<li style=\"list-style-type: circle;margin: 5px\">Factor damping.<\/li>\n<li style=\"list-style-type: circle;margin: 5px\">Ganancia.<\/li>\n<li style=\"list-style-type: circle;margin: 5px\">Input impedance.<\/li>\n<li style=\"list-style-type: circle;margin: 5px\">Indicadores (LED).<\/li>\n<li style=\"list-style-type: circle;margin: 5px\">Weight.<\/li>\n<li style=\"list-style-type: circle;margin: 5px\">Potencia de salida (THD&lt;1% 1kHz) Puente mono a 8 ohms.<\/li>\n<li style=\"list-style-type: circle;margin: 5px\">Potencia de salida (THD&lt;1% 1kHz) Est\u00e9reo 4+4 ohms.<\/li>\n<li style=\"list-style-type: circle;margin: 5px\">Potencia de salida (THD&lt;1% 1kHz) Est\u00e9reo 8+8 ohms.<\/li>\n<li style=\"list-style-type: circle;margin: 5px\">Protecciones.<\/li>\n<li style=\"list-style-type: circle;margin: 5px\">Ventilaci\u00f3n.<\/li>\n<li style=\"list-style-type: circle;margin: 5px\">Signal to noise ratio.<\/li>\n<li style=\"list-style-type: circle;margin: 5px\">Frequency response.<\/li>\n<\/ul>\n<div>\n<div style=\"font-weight: bold\">Characteristics.<\/div>\n<div>\n<p>&#8211; Menos de 12 Kg en 2 unidades de rack para 4000 watts.- M\u00f3dulos de potencia DA digitalmente controlados Clase D con interruptor de alimentaci\u00f3n (SMPS).- PWM (Pulse Width Modulation) etapas de salida con frecuencia de conmutaci\u00f3n variable para una definici\u00f3n superior de sonido y din\u00e1mica muy alta en cualquier nivel de se\u00f1al.- Eficiente interruptor de suministro de energ\u00eda para un menor consumo de energ\u00eda.- Sistema extenso de protecci\u00f3n para una m\u00e1xima fiabilidad.Varias opciones de filtrado disponibles en la secci\u00f3n de entrada del amplificador (FLAT\/BI-AMP\/HPF).Panel frontal de aluminio con filtros de polvo removibles.- Fabricado en Italia.<\/p>\n<\/div>\n<div style=\"font-weight: bold\">Power supply.<\/div>\n<div>\n<p>230 VAC 50 Hz o 120 VAC 60 Hz.<\/p>\n<\/div>\n<div style=\"font-weight: bold\">Consumo m\u00e1ximo de energ\u00eda.<\/div>\n<div>\n<p>2450 VA.<\/p>\n<\/div>\n<div style=\"font-weight: bold\">Input connectors.<\/div>\n<div>\n<p>Combo y XLR macho.<\/p>\n<\/div>\n<div style=\"font-weight: bold\">Output connectors.<\/div>\n<div>\n<p>Speakon.<\/p>\n<\/div>\n<div style=\"font-weight: bold\">Dimensions.<\/div>\n<div>\n<p>483 x 89 x 383 mm.<\/p>\n<\/div>\n<div style=\"font-weight: bold\">Factor damping.<\/div>\n<div>\n<p>&gt;500 @ 8 ohms.<\/p>\n<\/div>\n<div style=\"font-weight: bold\">Ganancia.<\/div>\n<div>\n<p>38 dB \/ 32 dB.<\/p>\n<\/div>\n<div style=\"font-weight: bold\">Input impedance.<\/div>\n<div>\n<p>10 kohms desbalanceado &#8211; 20 kohms balanceado.<\/p>\n<\/div>\n<div style=\"font-weight: bold\">Indicadores (LED).<\/div>\n<div>\n<p>Protecci\u00f3n, se\u00f1al, puente, limitador.<\/p>\n<\/div>\n<div style=\"font-weight: bold\">Weight.<\/div>\n<div>\n<p>11 Kg.<\/p>\n<\/div>\n<div style=\"font-weight: bold\">Potencia de salida (THD&lt;1% 1kHz) Puente mono a 8 ohms.<\/div>\n<div>\n<p>2 x 1000 watts.<\/p>\n<\/div>\n<div style=\"font-weight: bold\">Potencia de salida (THD&lt;1% 1kHz) Est\u00e9reo 4+4 ohms.<\/div>\n<div>\n<p>4 x 500 watts.<\/p>\n<\/div>\n<div style=\"font-weight: bold\">Potencia de salida (THD&lt;1% 1kHz) Est\u00e9reo 8+8 ohms.<\/div>\n<div>\n<p>4 x 270 watts.<\/p>\n<\/div>\n<div style=\"font-weight: bold\">Protecciones.<\/div>\n<div>\n<p>DC, t\u00e9rmica, soft start, corto circuito, limitador Clip.<\/p>\n<\/div>\n<div style=\"font-weight: bold\">Ventilaci\u00f3n.<\/div>\n<div>\n<p>Ventilador de velocidad variable.<\/p>\n<\/div>\n<div style=\"font-weight: bold\">Signal to noise ratio.<\/div>\n<div>\n<p>&gt;105 dB.<\/p>\n<\/div>\n<div style=\"font-weight: bold\">Frequency response.<\/div>\n<div>\n<p>20 Hz - 20 kHz.<\/p>\n<\/div>\n<\/div>\n<\/div>","protected":false},"excerpt":{"rendered":"<p>Amplificador Proel. Modelo: HPD2004. 2 unidades de rack. 4 canales Fuente de alimentaci\u00f3n: 230 VAC 50 Hz o 120 VAC 60 Hz. Consumo m\u00e1ximo de energ\u00eda: 4900 VA. Conectores de entrada: Combo y XLR macho. Conectores de salida: Speakon. Dimensiones: 483 x 89 x 383 mm. Peso: 11 Kg. Potencia: 4 x 500 watts en 4 ohms.  2 x 1000watts en 8 ohms. Relaci\u00f3n se\u00f1al a ruido: &gt;105 dB. Respuesta de frecuencia: 20 Hz &#8211; 20 kHz. Fabricado en Italia.&hellip; <a class=\"kt-excerpt-readmore more-link\" href=\"https:\/\/www.mexicanguitarplayers.com\/en\/tienda\/audio\/amplificadores-audio\/amplificadores-de-potencia\/amplificador-proel-poder-mod-hpd2004\/\">Read more<\/a><\/p>","protected":false},"featured_media":26139,"comment_status":"open","ping_status":"closed","template":"","meta":{"kt_blocks_editor_width":""},"pwb-brand":[252],"product_brand":[],"product_cat":[219,220,213],"product_tag":[],"class_list":{"0":"post-26143","1":"product","2":"type-product","3":"status-publish","4":"has-post-thumbnail","6":"pwb-brand-proel","7":"product_cat-amplificadores-audio","8":"product_cat-amplificadores-de-potencia","9":"product_cat-audio","10":"product_shipping_class-10-15-kg","12":"first","13":"outofstock","14":"taxable","15":"shipping-taxable","16":"purchasable","17":"product-type-simple"},"yoast_head":"<!-- This site is optimized with the Yoast SEO plugin v27.6 - https:\/\/yoast.com\/product\/yoast-seo-wordpress\/ -->\n<title>AMPLIFICADOR PROEL PODER  MOD. HPD2004 - Mexican Guitar Players<\/title>\n<meta name=\"description\" content=\"Amplificador Proel. Modelo: HPD2004. 2 unidades de rack. 4 canales Fuente de alimentaci\u00f3n: 230 VAC 50 Hz o 120 VAC 60 Hz. Consumo m\u00e1ximo de energ\u00eda: 4900 VA. Conectores de entrada: Combo y XLR macho. Conectores de salida: Speakon. Dimensiones: 483 x 89 x 383 mm. Peso: 11 Kg. Potencia: 4 x 500 watts en 4 ohms. 2 x 1000watts en 8 ohms. Relaci\u00f3n se\u00f1al a ruido: &gt;105 dB. Respuesta de frecuencia: 20 Hz - 20 kHz. Fabricado en Italia.\" \/>\n<meta name=\"robots\" content=\"index, follow, max-snippet:-1, max-image-preview:large, max-video-preview:-1\" \/>\n<link rel=\"canonical\" href=\"https:\/\/www.mexicanguitarplayers.com\/en\/tienda\/sin%20categor\u00eda\/amplificador-proel-poder-mod-hpd2004\/\" \/>\n<meta property=\"og:locale\" content=\"en_US\" \/>\n<meta property=\"og:type\" content=\"article\" \/>\n<meta property=\"og:title\" content=\"AMPLIFICADOR PROEL PODER  MOD. HPD2004 - Mexican Guitar Players\" \/>\n<meta property=\"og:description\" content=\"Amplificador Proel. Modelo: HPD2004. 2 unidades de rack. 4 canales Fuente de alimentaci\u00f3n: 230 VAC 50 Hz o 120 VAC 60 Hz. Consumo m\u00e1ximo de energ\u00eda: 4900 VA. Conectores de entrada: Combo y XLR macho. Conectores de salida: Speakon. Dimensiones: 483 x 89 x 383 mm. Peso: 11 Kg. Potencia: 4 x 500 watts en 4 ohms. 2 x 1000watts en 8 ohms. Relaci\u00f3n se\u00f1al a ruido: &gt;105 dB. Respuesta de frecuencia: 20 Hz - 20 kHz. Fabricado en Italia.\" \/>\n<meta property=\"og:url\" content=\"https:\/\/www.mexicanguitarplayers.com\/en\/tienda\/sin categor\u00eda\/amplificador-proel-poder-mod-hpd2004\/\" \/>\n<meta property=\"og:site_name\" content=\"Mexican Guitar Players\" \/>\n<meta property=\"article:modified_time\" content=\"2026-04-10T10:44:23+00:00\" \/>\n<meta name=\"twitter:card\" content=\"summary_large_image\" \/>\n<meta name=\"twitter:label1\" content=\"Est. reading time\" \/>\n\t<meta name=\"twitter:data1\" content=\"3 minutes\" \/>\n<script type=\"application\/ld+json\" class=\"yoast-schema-graph\">{\"@context\":\"https:\\\/\\\/schema.org\",\"@graph\":[{\"@type\":[\"WebPage\",\"ItemPage\"],\"@id\":\"https:\\\/\\\/www.mexicanguitarplayers.com\\\/tienda\\\/sin categor\u00eda\\\/amplificador-proel-poder-mod-hpd2004\\\/\",\"url\":\"https:\\\/\\\/www.mexicanguitarplayers.com\\\/tienda\\\/sin categor\u00eda\\\/amplificador-proel-poder-mod-hpd2004\\\/\",\"name\":\"AMPLIFICADOR PROEL PODER MOD. HPD2004 - Mexican Guitar Players\",\"isPartOf\":{\"@id\":\"https:\\\/\\\/www.mexicanguitarplayers.com\\\/#website\"},\"primaryImageOfPage\":{\"@id\":\"https:\\\/\\\/www.mexicanguitarplayers.com\\\/tienda\\\/sin categor\u00eda\\\/amplificador-proel-poder-mod-hpd2004\\\/#primaryimage\"},\"image\":{\"@id\":\"https:\\\/\\\/www.mexicanguitarplayers.com\\\/tienda\\\/sin categor\u00eda\\\/amplificador-proel-poder-mod-hpd2004\\\/#primaryimage\"},\"thumbnailUrl\":\"https:\\\/\\\/www.mexicanguitarplayers.com\\\/wp-content\\\/uploads\\\/2025\\\/04\\\/IAPREHPD2004.jpg\",\"datePublished\":\"2025-04-07T03:03:23+00:00\",\"dateModified\":\"2026-04-10T10:44:23+00:00\",\"description\":\"Amplificador Proel. Modelo: HPD2004. 2 unidades de rack. 4 canales Fuente de alimentaci\u00f3n: 230 VAC 50 Hz o 120 VAC 60 Hz. Consumo m\u00e1ximo de energ\u00eda: 4900 VA. Conectores de entrada: Combo y XLR macho. Conectores de salida: Speakon. Dimensiones: 483 x 89 x 383 mm. Peso: 11 Kg. Potencia: 4 x 500 watts en 4 ohms. 2 x 1000watts en 8 ohms. Relaci\u00f3n se\u00f1al a ruido: &gt;105 dB. Respuesta de frecuencia: 20 Hz - 20 kHz. Fabricado en Italia.\",\"breadcrumb\":{\"@id\":\"https:\\\/\\\/www.mexicanguitarplayers.com\\\/tienda\\\/sin categor\u00eda\\\/amplificador-proel-poder-mod-hpd2004\\\/#breadcrumb\"},\"inLanguage\":\"en-US\",\"potentialAction\":[{\"@type\":\"ReadAction\",\"target\":[\"https:\\\/\\\/www.mexicanguitarplayers.com\\\/tienda\\\/sin categor\u00eda\\\/amplificador-proel-poder-mod-hpd2004\\\/\"]}]},{\"@type\":\"ImageObject\",\"inLanguage\":\"en-US\",\"@id\":\"https:\\\/\\\/www.mexicanguitarplayers.com\\\/tienda\\\/sin categor\u00eda\\\/amplificador-proel-poder-mod-hpd2004\\\/#primaryimage\",\"url\":\"https:\\\/\\\/www.mexicanguitarplayers.com\\\/wp-content\\\/uploads\\\/2025\\\/04\\\/IAPREHPD2004.jpg\",\"contentUrl\":\"https:\\\/\\\/www.mexicanguitarplayers.com\\\/wp-content\\\/uploads\\\/2025\\\/04\\\/IAPREHPD2004.jpg\",\"width\":1200,\"height\":1200},{\"@type\":\"BreadcrumbList\",\"@id\":\"https:\\\/\\\/www.mexicanguitarplayers.com\\\/tienda\\\/sin categor\u00eda\\\/amplificador-proel-poder-mod-hpd2004\\\/#breadcrumb\",\"itemListElement\":[{\"@type\":\"ListItem\",\"position\":1,\"name\":\"Portada\",\"item\":\"https:\\\/\\\/www.mexicanguitarplayers.com\\\/\"},{\"@type\":\"ListItem\",\"position\":2,\"name\":\"Tienda\",\"item\":\"https:\\\/\\\/www.mexicanguitarplayers.com\\\/tienda\\\/\"},{\"@type\":\"ListItem\",\"position\":3,\"name\":\"AMPLIFICADOR PROEL PODER MOD. HPD2004\"}]},{\"@type\":\"WebSite\",\"@id\":\"https:\\\/\\\/www.mexicanguitarplayers.com\\\/#website\",\"url\":\"https:\\\/\\\/www.mexicanguitarplayers.com\\\/\",\"name\":\"Mexican Guitar Players\",\"description\":\"Website\",\"publisher\":{\"@id\":\"https:\\\/\\\/www.mexicanguitarplayers.com\\\/#organization\"},\"potentialAction\":[{\"@type\":\"SearchAction\",\"target\":{\"@type\":\"EntryPoint\",\"urlTemplate\":\"https:\\\/\\\/www.mexicanguitarplayers.com\\\/?s={search_term_string}\"},\"query-input\":{\"@type\":\"PropertyValueSpecification\",\"valueRequired\":true,\"valueName\":\"search_term_string\"}}],\"inLanguage\":\"en-US\"},{\"@type\":\"Organization\",\"@id\":\"https:\\\/\\\/www.mexicanguitarplayers.com\\\/#organization\",\"name\":\"Mexican Guitar Players\",\"url\":\"https:\\\/\\\/www.mexicanguitarplayers.com\\\/\",\"logo\":{\"@type\":\"ImageObject\",\"inLanguage\":\"en-US\",\"@id\":\"https:\\\/\\\/www.mexicanguitarplayers.com\\\/#\\\/schema\\\/logo\\\/image\\\/\",\"url\":\"\",\"contentUrl\":\"\",\"caption\":\"Mexican Guitar Players\"},\"image\":{\"@id\":\"https:\\\/\\\/www.mexicanguitarplayers.com\\\/#\\\/schema\\\/logo\\\/image\\\/\"}}]}<\/script>\n<!-- \/ Yoast SEO plugin. -->","yoast_head_json":{"title":"AMPLIFICADOR PROEL PODER  MOD. HPD2004 - Mexican Guitar Players","description":"Amplificador Proel. Modelo: HPD2004. 2 unidades de rack. 4 canales Fuente de alimentaci\u00f3n: 230 VAC 50 Hz o 120 VAC 60 Hz. Consumo m\u00e1ximo de energ\u00eda: 4900 VA. Conectores de entrada: Combo y XLR macho. Conectores de salida: Speakon. Dimensiones: 483 x 89 x 383 mm. Peso: 11 Kg. Potencia: 4 x 500 watts en 4 ohms. 2 x 1000watts en 8 ohms. Relaci\u00f3n se\u00f1al a ruido: &gt;105 dB. Respuesta de frecuencia: 20 Hz - 20 kHz. Fabricado en Italia.","robots":{"index":"index","follow":"follow","max-snippet":"max-snippet:-1","max-image-preview":"max-image-preview:large","max-video-preview":"max-video-preview:-1"},"canonical":"https:\/\/www.mexicanguitarplayers.com\/en\/tienda\/sin categor\u00eda\/amplificador-proel-poder-mod-hpd2004\/","og_locale":"en_US","og_type":"article","og_title":"AMPLIFICADOR PROEL PODER  MOD. HPD2004 - Mexican Guitar Players","og_description":"Amplificador Proel. Modelo: HPD2004. 2 unidades de rack. 4 canales Fuente de alimentaci\u00f3n: 230 VAC 50 Hz o 120 VAC 60 Hz. Consumo m\u00e1ximo de energ\u00eda: 4900 VA. Conectores de entrada: Combo y XLR macho. Conectores de salida: Speakon. Dimensiones: 483 x 89 x 383 mm. Peso: 11 Kg. Potencia: 4 x 500 watts en 4 ohms. 2 x 1000watts en 8 ohms. Relaci\u00f3n se\u00f1al a ruido: &gt;105 dB. Respuesta de frecuencia: 20 Hz - 20 kHz. Fabricado en Italia.","og_url":"https:\/\/www.mexicanguitarplayers.com\/en\/tienda\/sin categor\u00eda\/amplificador-proel-poder-mod-hpd2004\/","og_site_name":"Mexican Guitar Players","article_modified_time":"2026-04-10T10:44:23+00:00","twitter_card":"summary_large_image","twitter_misc":{"Est. reading time":"3 minutes"},"schema":{"@context":"https:\/\/schema.org","@graph":[{"@type":["WebPage","ItemPage"],"@id":"https:\/\/www.mexicanguitarplayers.com\/tienda\/sin categor\u00eda\/amplificador-proel-poder-mod-hpd2004\/","url":"https:\/\/www.mexicanguitarplayers.com\/tienda\/sin categor\u00eda\/amplificador-proel-poder-mod-hpd2004\/","name":"AMPLIFICADOR PROEL PODER MOD. HPD2004 - Mexican Guitar Players","isPartOf":{"@id":"https:\/\/www.mexicanguitarplayers.com\/#website"},"primaryImageOfPage":{"@id":"https:\/\/www.mexicanguitarplayers.com\/tienda\/sin categor\u00eda\/amplificador-proel-poder-mod-hpd2004\/#primaryimage"},"image":{"@id":"https:\/\/www.mexicanguitarplayers.com\/tienda\/sin categor\u00eda\/amplificador-proel-poder-mod-hpd2004\/#primaryimage"},"thumbnailUrl":"https:\/\/www.mexicanguitarplayers.com\/wp-content\/uploads\/2025\/04\/IAPREHPD2004.jpg","datePublished":"2025-04-07T03:03:23+00:00","dateModified":"2026-04-10T10:44:23+00:00","description":"Amplificador Proel. Modelo: HPD2004. 2 unidades de rack. 4 canales Fuente de alimentaci\u00f3n: 230 VAC 50 Hz o 120 VAC 60 Hz. Consumo m\u00e1ximo de energ\u00eda: 4900 VA. Conectores de entrada: Combo y XLR macho. Conectores de salida: Speakon. Dimensiones: 483 x 89 x 383 mm. Peso: 11 Kg. Potencia: 4 x 500 watts en 4 ohms. 2 x 1000watts en 8 ohms. Relaci\u00f3n se\u00f1al a ruido: &gt;105 dB. Respuesta de frecuencia: 20 Hz - 20 kHz. Fabricado en Italia.","breadcrumb":{"@id":"https:\/\/www.mexicanguitarplayers.com\/tienda\/sin categor\u00eda\/amplificador-proel-poder-mod-hpd2004\/#breadcrumb"},"inLanguage":"en-US","potentialAction":[{"@type":"ReadAction","target":["https:\/\/www.mexicanguitarplayers.com\/tienda\/sin categor\u00eda\/amplificador-proel-poder-mod-hpd2004\/"]}]},{"@type":"ImageObject","inLanguage":"en-US","@id":"https:\/\/www.mexicanguitarplayers.com\/tienda\/sin categor\u00eda\/amplificador-proel-poder-mod-hpd2004\/#primaryimage","url":"https:\/\/www.mexicanguitarplayers.com\/wp-content\/uploads\/2025\/04\/IAPREHPD2004.jpg","contentUrl":"https:\/\/www.mexicanguitarplayers.com\/wp-content\/uploads\/2025\/04\/IAPREHPD2004.jpg","width":1200,"height":1200},{"@type":"BreadcrumbList","@id":"https:\/\/www.mexicanguitarplayers.com\/tienda\/sin categor\u00eda\/amplificador-proel-poder-mod-hpd2004\/#breadcrumb","itemListElement":[{"@type":"ListItem","position":1,"name":"Portada","item":"https:\/\/www.mexicanguitarplayers.com\/"},{"@type":"ListItem","position":2,"name":"Tienda","item":"https:\/\/www.mexicanguitarplayers.com\/tienda\/"},{"@type":"ListItem","position":3,"name":"AMPLIFICADOR PROEL PODER MOD. HPD2004"}]},{"@type":"WebSite","@id":"https:\/\/www.mexicanguitarplayers.com\/#website","url":"https:\/\/www.mexicanguitarplayers.com\/","name":"Mexican Guitar Players","description":"Website","publisher":{"@id":"https:\/\/www.mexicanguitarplayers.com\/#organization"},"potentialAction":[{"@type":"SearchAction","target":{"@type":"EntryPoint","urlTemplate":"https:\/\/www.mexicanguitarplayers.com\/?s={search_term_string}"},"query-input":{"@type":"PropertyValueSpecification","valueRequired":true,"valueName":"search_term_string"}}],"inLanguage":"en-US"},{"@type":"Organization","@id":"https:\/\/www.mexicanguitarplayers.com\/#organization","name":"Mexican Guitar Players","url":"https:\/\/www.mexicanguitarplayers.com\/","logo":{"@type":"ImageObject","inLanguage":"en-US","@id":"https:\/\/www.mexicanguitarplayers.com\/#\/schema\/logo\/image\/","url":"","contentUrl":"","caption":"Mexican Guitar Players"},"image":{"@id":"https:\/\/www.mexicanguitarplayers.com\/#\/schema\/logo\/image\/"}}]}},"brands":[{"id":252,"name":"PROEL","slug":"proel"}],"_links":{"self":[{"href":"https:\/\/www.mexicanguitarplayers.com\/en\/wp-json\/wp\/v2\/product\/26143","targetHints":{"allow":["GET"]}}],"collection":[{"href":"https:\/\/www.mexicanguitarplayers.com\/en\/wp-json\/wp\/v2\/product"}],"about":[{"href":"https:\/\/www.mexicanguitarplayers.com\/en\/wp-json\/wp\/v2\/types\/product"}],"replies":[{"embeddable":true,"href":"https:\/\/www.mexicanguitarplayers.com\/en\/wp-json\/wp\/v2\/comments?post=26143"}],"wp:featuredmedia":[{"embeddable":true,"href":"https:\/\/www.mexicanguitarplayers.com\/en\/wp-json\/wp\/v2\/media\/26139"}],"wp:attachment":[{"href":"https:\/\/www.mexicanguitarplayers.com\/en\/wp-json\/wp\/v2\/media?parent=26143"}],"wp:term":[{"taxonomy":"pwb-brand","embeddable":true,"href":"https:\/\/www.mexicanguitarplayers.com\/en\/wp-json\/wp\/v2\/pwb-brand?post=26143"},{"taxonomy":"product_brand","embeddable":true,"href":"https:\/\/www.mexicanguitarplayers.com\/en\/wp-json\/wp\/v2\/product_brand?post=26143"},{"taxonomy":"product_cat","embeddable":true,"href":"https:\/\/www.mexicanguitarplayers.com\/en\/wp-json\/wp\/v2\/product_cat?post=26143"},{"taxonomy":"product_tag","embeddable":true,"href":"https:\/\/www.mexicanguitarplayers.com\/en\/wp-json\/wp\/v2\/product_tag?post=26143"}],"curies":[{"name":"wp","href":"https:\/\/api.w.org\/{rel}","templated":true}]}}