{"id":26164,"date":"2025-04-06T21:05:15","date_gmt":"2025-04-07T03:05:15","guid":{"rendered":"https:\/\/www.mexicanguitarplayers.com\/tienda\/sin categor\u00eda\/pedal-fishman-mod-pro-afx-di2\/"},"modified":"2026-05-01T07:28:41","modified_gmt":"2026-05-01T13:28:41","slug":"pedal-fishman-mod-pro-afx-di2","status":"publish","type":"product","link":"https:\/\/www.mexicanguitarplayers.com\/en\/tienda\/accesorios\/para-guitarras\/pedales-conmutacion\/pedal-fishman-mod-pro-afx-di2\/","title":{"rendered":"PEDAL FISHMAN MOD. PRO-AFX-DI2"},"content":{"rendered":"<div style=\"text-align: justify\">\n<div>\n<h3>AFX POCKET BLENDER MINI A\/B\/Y + DI ACOUSTIC GUITAR PEDAL<\/h3>\n<\/div>\n<div>Pedal A\/B\/Y con salidas A\/B de nivel ajustable, DI, interruptor de realce, Y-split y mezclador de 2 canales.<\/div>\n<div>\n<h4>Characteristics<\/h4>\n<\/div>\n<div>\n<ul style=\"margin: 0px 0px 0px 25px\">\n<li style=\"list-style-type: circle;margin: 5px\">N\u00daMERO DE MODELO<\/li>\n<li style=\"list-style-type: circle;margin: 5px\">E\/S DE AUDIO<\/li>\n<li style=\"list-style-type: circle;margin: 5px\">DSP<\/li>\n<li style=\"list-style-type: circle;margin: 5px\">DIMENSIONES<\/li>\n<li style=\"list-style-type: circle;margin: 5px\">MATERIAL<\/li>\n<\/ul>\n<\/div>\n<\/div>","protected":false},"excerpt":{"rendered":"<p>Un pedal A\/B de nivel ajustable. Una salida DI incorporada con conexi\u00f3n a tierra. Un pedal de refuerzo. Un divisor en Y de salida. Un mezclador de dos canales. El AFX Pocket Blender es el pedal A\/B\/Y definitivo que combina cuatro herramientas esenciales: un mezclador de entrada que le permite ajustar continuamente el nivel de las fuentes de audio conectadas a la entrada TRS, una salida DI con el circuito de controlador de l\u00ednea balanceado de Fishman que se puede usar para enviar a un PA o amplificador dom\u00e9stico, una salida ABY para dividir una se\u00f1al o conectarla a uno o dos amplificadores de escenario, un interruptor de modo A\/B determina el comportamiento general cuando se presiona el interruptor de pieL, dise\u00f1ado con Salida DI balanceada con Ground Lift, enrutamiento innovador de doble ruta, dise\u00f1o supercompacto que se adapta a casi cualquier lugar. Sin siquiera tocar las funciones A\/B, es un mini mezclador de dos canales que le permite conectar dos fuentes de audio y combinarlas. Esto es perfecto para sistemas de fuente dual, como las pastillas de orificio de sonido Fishman que cuentan con una pastilla de micr\u00f3fono o cuerpo. Se requiere alimentaci\u00f3n externa de 9 V (se vende por separado)&hellip; <a class=\"kt-excerpt-readmore more-link\" href=\"https:\/\/www.mexicanguitarplayers.com\/en\/tienda\/accesorios\/para-guitarras\/pedales-conmutacion\/pedal-fishman-mod-pro-afx-di2\/\">Read more<\/a><\/p>","protected":false},"featured_media":26159,"comment_status":"open","ping_status":"closed","template":"","meta":{"kt_blocks_editor_width":""},"pwb-brand":[248],"product_brand":[],"product_cat":[85,336,503],"product_tag":[],"class_list":{"0":"post-26164","1":"product","2":"type-product","3":"status-publish","4":"has-post-thumbnail","6":"pwb-brand-fishman","7":"product_cat-accesorios","8":"product_cat-para-guitarras","9":"product_cat-pedales-conmutacion","10":"product_shipping_class-0-5-kg","12":"first","13":"instock","14":"taxable","15":"shipping-taxable","16":"purchasable","17":"product-type-simple"},"yoast_head":"<!-- This site is optimized with the Yoast SEO plugin v27.5 - https:\/\/yoast.com\/product\/yoast-seo-wordpress\/ -->\n<title>PEDAL FISHMAN MOD. PRO-AFX-DI2 - Mexican Guitar Players<\/title>\n<meta name=\"description\" content=\"Un pedal A\/B de nivel ajustable. Una salida DI incorporada con conexi\u00f3n a tierra. Un pedal de refuerzo. Un divisor en Y de salida. Un mezclador de dos canales. El AFX Pocket Blender es el pedal A\/B\/Y definitivo que combina cuatro herramientas esenciales: un mezclador de entrada que le permite ajustar continuamente el nivel de las fuentes de audio conectadas a la entrada TRS, una salida DI con el circuito de controlador de l\u00ednea balanceado de Fishman que se puede usar para enviar a un PA o amplificador dom\u00e9stico, una salida ABY para dividir una se\u00f1al o conectarla a uno o dos amplificadores de escenario, un interruptor de modo A\/B determina el comportamiento general cuando se presiona el interruptor de pieL, dise\u00f1ado con Salida DI balanceada con Ground Lift, enrutamiento innovador de doble ruta, dise\u00f1o supercompacto que se adapta a casi cualquier lugar. Sin siquiera tocar las funciones A\/B, es un mini mezclador de dos canales que le permite conectar dos fuentes de audio y combinarlas. Esto es perfecto para sistemas de fuente dual, como las pastillas de orificio de sonido Fishman que cuentan con una pastilla de micr\u00f3fono o cuerpo. Se requiere alimentaci\u00f3n externa de 9 V (se vende por separado)\" \/>\n<meta name=\"robots\" content=\"index, follow, max-snippet:-1, max-image-preview:large, max-video-preview:-1\" \/>\n<link rel=\"canonical\" href=\"https:\/\/www.mexicanguitarplayers.com\/en\/tienda\/sin%20categor\u00eda\/pedal-fishman-mod-pro-afx-di2\/\" \/>\n<meta property=\"og:locale\" content=\"en_US\" \/>\n<meta property=\"og:type\" content=\"article\" \/>\n<meta property=\"og:title\" content=\"PEDAL FISHMAN MOD. PRO-AFX-DI2 - Mexican Guitar Players\" \/>\n<meta property=\"og:description\" content=\"Un pedal A\/B de nivel ajustable. Una salida DI incorporada con conexi\u00f3n a tierra. Un pedal de refuerzo. Un divisor en Y de salida. Un mezclador de dos canales. El AFX Pocket Blender es el pedal A\/B\/Y definitivo que combina cuatro herramientas esenciales: un mezclador de entrada que le permite ajustar continuamente el nivel de las fuentes de audio conectadas a la entrada TRS, una salida DI con el circuito de controlador de l\u00ednea balanceado de Fishman que se puede usar para enviar a un PA o amplificador dom\u00e9stico, una salida ABY para dividir una se\u00f1al o conectarla a uno o dos amplificadores de escenario, un interruptor de modo A\/B determina el comportamiento general cuando se presiona el interruptor de pieL, dise\u00f1ado con Salida DI balanceada con Ground Lift, enrutamiento innovador de doble ruta, dise\u00f1o supercompacto que se adapta a casi cualquier lugar. Sin siquiera tocar las funciones A\/B, es un mini mezclador de dos canales que le permite conectar dos fuentes de audio y combinarlas. Esto es perfecto para sistemas de fuente dual, como las pastillas de orificio de sonido Fishman que cuentan con una pastilla de micr\u00f3fono o cuerpo. Se requiere alimentaci\u00f3n externa de 9 V (se vende por separado)\" \/>\n<meta property=\"og:url\" content=\"https:\/\/www.mexicanguitarplayers.com\/en\/tienda\/sin categor\u00eda\/pedal-fishman-mod-pro-afx-di2\/\" \/>\n<meta property=\"og:site_name\" content=\"Mexican Guitar Players\" \/>\n<meta property=\"article:modified_time\" content=\"2026-05-01T13:28:41+00:00\" \/>\n<meta name=\"twitter:card\" content=\"summary_large_image\" \/>\n<script type=\"application\/ld+json\" class=\"yoast-schema-graph\">{\"@context\":\"https:\\\/\\\/schema.org\",\"@graph\":[{\"@type\":[\"WebPage\",\"ItemPage\"],\"@id\":\"https:\\\/\\\/www.mexicanguitarplayers.com\\\/tienda\\\/sin categor\u00eda\\\/pedal-fishman-mod-pro-afx-di2\\\/\",\"url\":\"https:\\\/\\\/www.mexicanguitarplayers.com\\\/tienda\\\/sin categor\u00eda\\\/pedal-fishman-mod-pro-afx-di2\\\/\",\"name\":\"PEDAL FISHMAN MOD. PRO-AFX-DI2 - Mexican Guitar Players\",\"isPartOf\":{\"@id\":\"https:\\\/\\\/www.mexicanguitarplayers.com\\\/#website\"},\"primaryImageOfPage\":{\"@id\":\"https:\\\/\\\/www.mexicanguitarplayers.com\\\/tienda\\\/sin categor\u00eda\\\/pedal-fishman-mod-pro-afx-di2\\\/#primaryimage\"},\"image\":{\"@id\":\"https:\\\/\\\/www.mexicanguitarplayers.com\\\/tienda\\\/sin categor\u00eda\\\/pedal-fishman-mod-pro-afx-di2\\\/#primaryimage\"},\"thumbnailUrl\":\"https:\\\/\\\/www.mexicanguitarplayers.com\\\/wp-content\\\/uploads\\\/2025\\\/04\\\/VAFISPROAFXDI2.jpg\",\"datePublished\":\"2025-04-07T03:05:15+00:00\",\"dateModified\":\"2026-05-01T13:28:41+00:00\",\"description\":\"Un pedal A\\\/B de nivel ajustable. Una salida DI incorporada con conexi\u00f3n a tierra. Un pedal de refuerzo. Un divisor en Y de salida. Un mezclador de dos canales. El AFX Pocket Blender es el pedal A\\\/B\\\/Y definitivo que combina cuatro herramientas esenciales: un mezclador de entrada que le permite ajustar continuamente el nivel de las fuentes de audio conectadas a la entrada TRS, una salida DI con el circuito de controlador de l\u00ednea balanceado de Fishman que se puede usar para enviar a un PA o amplificador dom\u00e9stico, una salida ABY para dividir una se\u00f1al o conectarla a uno o dos amplificadores de escenario, un interruptor de modo A\\\/B determina el comportamiento general cuando se presiona el interruptor de pieL, dise\u00f1ado con Salida DI balanceada con Ground Lift, enrutamiento innovador de doble ruta, dise\u00f1o supercompacto que se adapta a casi cualquier lugar. Sin siquiera tocar las funciones A\\\/B, es un mini mezclador de dos canales que le permite conectar dos fuentes de audio y combinarlas. Esto es perfecto para sistemas de fuente dual, como las pastillas de orificio de sonido Fishman que cuentan con una pastilla de micr\u00f3fono o cuerpo. Se requiere alimentaci\u00f3n externa de 9 V (se vende por separado)\",\"breadcrumb\":{\"@id\":\"https:\\\/\\\/www.mexicanguitarplayers.com\\\/tienda\\\/sin categor\u00eda\\\/pedal-fishman-mod-pro-afx-di2\\\/#breadcrumb\"},\"inLanguage\":\"en-US\",\"potentialAction\":[{\"@type\":\"ReadAction\",\"target\":[\"https:\\\/\\\/www.mexicanguitarplayers.com\\\/tienda\\\/sin categor\u00eda\\\/pedal-fishman-mod-pro-afx-di2\\\/\"]}]},{\"@type\":\"ImageObject\",\"inLanguage\":\"en-US\",\"@id\":\"https:\\\/\\\/www.mexicanguitarplayers.com\\\/tienda\\\/sin categor\u00eda\\\/pedal-fishman-mod-pro-afx-di2\\\/#primaryimage\",\"url\":\"https:\\\/\\\/www.mexicanguitarplayers.com\\\/wp-content\\\/uploads\\\/2025\\\/04\\\/VAFISPROAFXDI2.jpg\",\"contentUrl\":\"https:\\\/\\\/www.mexicanguitarplayers.com\\\/wp-content\\\/uploads\\\/2025\\\/04\\\/VAFISPROAFXDI2.jpg\",\"width\":800,\"height\":1600},{\"@type\":\"BreadcrumbList\",\"@id\":\"https:\\\/\\\/www.mexicanguitarplayers.com\\\/tienda\\\/sin categor\u00eda\\\/pedal-fishman-mod-pro-afx-di2\\\/#breadcrumb\",\"itemListElement\":[{\"@type\":\"ListItem\",\"position\":1,\"name\":\"Portada\",\"item\":\"https:\\\/\\\/www.mexicanguitarplayers.com\\\/\"},{\"@type\":\"ListItem\",\"position\":2,\"name\":\"Tienda\",\"item\":\"https:\\\/\\\/www.mexicanguitarplayers.com\\\/tienda\\\/\"},{\"@type\":\"ListItem\",\"position\":3,\"name\":\"PEDAL FISHMAN MOD. PRO-AFX-DI2\"}]},{\"@type\":\"WebSite\",\"@id\":\"https:\\\/\\\/www.mexicanguitarplayers.com\\\/#website\",\"url\":\"https:\\\/\\\/www.mexicanguitarplayers.com\\\/\",\"name\":\"Mexican Guitar Players\",\"description\":\"Website\",\"publisher\":{\"@id\":\"https:\\\/\\\/www.mexicanguitarplayers.com\\\/#organization\"},\"potentialAction\":[{\"@type\":\"SearchAction\",\"target\":{\"@type\":\"EntryPoint\",\"urlTemplate\":\"https:\\\/\\\/www.mexicanguitarplayers.com\\\/?s={search_term_string}\"},\"query-input\":{\"@type\":\"PropertyValueSpecification\",\"valueRequired\":true,\"valueName\":\"search_term_string\"}}],\"inLanguage\":\"en-US\"},{\"@type\":\"Organization\",\"@id\":\"https:\\\/\\\/www.mexicanguitarplayers.com\\\/#organization\",\"name\":\"Mexican Guitar Players\",\"url\":\"https:\\\/\\\/www.mexicanguitarplayers.com\\\/\",\"logo\":{\"@type\":\"ImageObject\",\"inLanguage\":\"en-US\",\"@id\":\"https:\\\/\\\/www.mexicanguitarplayers.com\\\/#\\\/schema\\\/logo\\\/image\\\/\",\"url\":\"\",\"contentUrl\":\"\",\"caption\":\"Mexican Guitar Players\"},\"image\":{\"@id\":\"https:\\\/\\\/www.mexicanguitarplayers.com\\\/#\\\/schema\\\/logo\\\/image\\\/\"}}]}<\/script>\n<!-- \/ Yoast SEO plugin. -->","yoast_head_json":{"title":"PEDAL FISHMAN MOD. PRO-AFX-DI2 - Mexican Guitar Players","description":"Un pedal A\/B de nivel ajustable. Una salida DI incorporada con conexi\u00f3n a tierra. Un pedal de refuerzo. Un divisor en Y de salida. Un mezclador de dos canales. El AFX Pocket Blender es el pedal A\/B\/Y definitivo que combina cuatro herramientas esenciales: un mezclador de entrada que le permite ajustar continuamente el nivel de las fuentes de audio conectadas a la entrada TRS, una salida DI con el circuito de controlador de l\u00ednea balanceado de Fishman que se puede usar para enviar a un PA o amplificador dom\u00e9stico, una salida ABY para dividir una se\u00f1al o conectarla a uno o dos amplificadores de escenario, un interruptor de modo A\/B determina el comportamiento general cuando se presiona el interruptor de pieL, dise\u00f1ado con Salida DI balanceada con Ground Lift, enrutamiento innovador de doble ruta, dise\u00f1o supercompacto que se adapta a casi cualquier lugar. Sin siquiera tocar las funciones A\/B, es un mini mezclador de dos canales que le permite conectar dos fuentes de audio y combinarlas. Esto es perfecto para sistemas de fuente dual, como las pastillas de orificio de sonido Fishman que cuentan con una pastilla de micr\u00f3fono o cuerpo. Se requiere alimentaci\u00f3n externa de 9 V (se vende por separado)","robots":{"index":"index","follow":"follow","max-snippet":"max-snippet:-1","max-image-preview":"max-image-preview:large","max-video-preview":"max-video-preview:-1"},"canonical":"https:\/\/www.mexicanguitarplayers.com\/en\/tienda\/sin categor\u00eda\/pedal-fishman-mod-pro-afx-di2\/","og_locale":"en_US","og_type":"article","og_title":"PEDAL FISHMAN MOD. PRO-AFX-DI2 - Mexican Guitar Players","og_description":"Un pedal A\/B de nivel ajustable. Una salida DI incorporada con conexi\u00f3n a tierra. Un pedal de refuerzo. Un divisor en Y de salida. Un mezclador de dos canales. El AFX Pocket Blender es el pedal A\/B\/Y definitivo que combina cuatro herramientas esenciales: un mezclador de entrada que le permite ajustar continuamente el nivel de las fuentes de audio conectadas a la entrada TRS, una salida DI con el circuito de controlador de l\u00ednea balanceado de Fishman que se puede usar para enviar a un PA o amplificador dom\u00e9stico, una salida ABY para dividir una se\u00f1al o conectarla a uno o dos amplificadores de escenario, un interruptor de modo A\/B determina el comportamiento general cuando se presiona el interruptor de pieL, dise\u00f1ado con Salida DI balanceada con Ground Lift, enrutamiento innovador de doble ruta, dise\u00f1o supercompacto que se adapta a casi cualquier lugar. Sin siquiera tocar las funciones A\/B, es un mini mezclador de dos canales que le permite conectar dos fuentes de audio y combinarlas. Esto es perfecto para sistemas de fuente dual, como las pastillas de orificio de sonido Fishman que cuentan con una pastilla de micr\u00f3fono o cuerpo. Se requiere alimentaci\u00f3n externa de 9 V (se vende por separado)","og_url":"https:\/\/www.mexicanguitarplayers.com\/en\/tienda\/sin categor\u00eda\/pedal-fishman-mod-pro-afx-di2\/","og_site_name":"Mexican Guitar Players","article_modified_time":"2026-05-01T13:28:41+00:00","twitter_card":"summary_large_image","schema":{"@context":"https:\/\/schema.org","@graph":[{"@type":["WebPage","ItemPage"],"@id":"https:\/\/www.mexicanguitarplayers.com\/tienda\/sin categor\u00eda\/pedal-fishman-mod-pro-afx-di2\/","url":"https:\/\/www.mexicanguitarplayers.com\/tienda\/sin categor\u00eda\/pedal-fishman-mod-pro-afx-di2\/","name":"PEDAL FISHMAN MOD. PRO-AFX-DI2 - Mexican Guitar Players","isPartOf":{"@id":"https:\/\/www.mexicanguitarplayers.com\/#website"},"primaryImageOfPage":{"@id":"https:\/\/www.mexicanguitarplayers.com\/tienda\/sin categor\u00eda\/pedal-fishman-mod-pro-afx-di2\/#primaryimage"},"image":{"@id":"https:\/\/www.mexicanguitarplayers.com\/tienda\/sin categor\u00eda\/pedal-fishman-mod-pro-afx-di2\/#primaryimage"},"thumbnailUrl":"https:\/\/www.mexicanguitarplayers.com\/wp-content\/uploads\/2025\/04\/VAFISPROAFXDI2.jpg","datePublished":"2025-04-07T03:05:15+00:00","dateModified":"2026-05-01T13:28:41+00:00","description":"Un pedal A\/B de nivel ajustable. Una salida DI incorporada con conexi\u00f3n a tierra. Un pedal de refuerzo. Un divisor en Y de salida. Un mezclador de dos canales. El AFX Pocket Blender es el pedal A\/B\/Y definitivo que combina cuatro herramientas esenciales: un mezclador de entrada que le permite ajustar continuamente el nivel de las fuentes de audio conectadas a la entrada TRS, una salida DI con el circuito de controlador de l\u00ednea balanceado de Fishman que se puede usar para enviar a un PA o amplificador dom\u00e9stico, una salida ABY para dividir una se\u00f1al o conectarla a uno o dos amplificadores de escenario, un interruptor de modo A\/B determina el comportamiento general cuando se presiona el interruptor de pieL, dise\u00f1ado con Salida DI balanceada con Ground Lift, enrutamiento innovador de doble ruta, dise\u00f1o supercompacto que se adapta a casi cualquier lugar. Sin siquiera tocar las funciones A\/B, es un mini mezclador de dos canales que le permite conectar dos fuentes de audio y combinarlas. Esto es perfecto para sistemas de fuente dual, como las pastillas de orificio de sonido Fishman que cuentan con una pastilla de micr\u00f3fono o cuerpo. Se requiere alimentaci\u00f3n externa de 9 V (se vende por separado)","breadcrumb":{"@id":"https:\/\/www.mexicanguitarplayers.com\/tienda\/sin categor\u00eda\/pedal-fishman-mod-pro-afx-di2\/#breadcrumb"},"inLanguage":"en-US","potentialAction":[{"@type":"ReadAction","target":["https:\/\/www.mexicanguitarplayers.com\/tienda\/sin categor\u00eda\/pedal-fishman-mod-pro-afx-di2\/"]}]},{"@type":"ImageObject","inLanguage":"en-US","@id":"https:\/\/www.mexicanguitarplayers.com\/tienda\/sin categor\u00eda\/pedal-fishman-mod-pro-afx-di2\/#primaryimage","url":"https:\/\/www.mexicanguitarplayers.com\/wp-content\/uploads\/2025\/04\/VAFISPROAFXDI2.jpg","contentUrl":"https:\/\/www.mexicanguitarplayers.com\/wp-content\/uploads\/2025\/04\/VAFISPROAFXDI2.jpg","width":800,"height":1600},{"@type":"BreadcrumbList","@id":"https:\/\/www.mexicanguitarplayers.com\/tienda\/sin categor\u00eda\/pedal-fishman-mod-pro-afx-di2\/#breadcrumb","itemListElement":[{"@type":"ListItem","position":1,"name":"Portada","item":"https:\/\/www.mexicanguitarplayers.com\/"},{"@type":"ListItem","position":2,"name":"Tienda","item":"https:\/\/www.mexicanguitarplayers.com\/tienda\/"},{"@type":"ListItem","position":3,"name":"PEDAL FISHMAN MOD. PRO-AFX-DI2"}]},{"@type":"WebSite","@id":"https:\/\/www.mexicanguitarplayers.com\/#website","url":"https:\/\/www.mexicanguitarplayers.com\/","name":"Mexican Guitar Players","description":"Website","publisher":{"@id":"https:\/\/www.mexicanguitarplayers.com\/#organization"},"potentialAction":[{"@type":"SearchAction","target":{"@type":"EntryPoint","urlTemplate":"https:\/\/www.mexicanguitarplayers.com\/?s={search_term_string}"},"query-input":{"@type":"PropertyValueSpecification","valueRequired":true,"valueName":"search_term_string"}}],"inLanguage":"en-US"},{"@type":"Organization","@id":"https:\/\/www.mexicanguitarplayers.com\/#organization","name":"Mexican Guitar Players","url":"https:\/\/www.mexicanguitarplayers.com\/","logo":{"@type":"ImageObject","inLanguage":"en-US","@id":"https:\/\/www.mexicanguitarplayers.com\/#\/schema\/logo\/image\/","url":"","contentUrl":"","caption":"Mexican Guitar Players"},"image":{"@id":"https:\/\/www.mexicanguitarplayers.com\/#\/schema\/logo\/image\/"}}]}},"brands":[{"id":248,"name":"FISHMAN","slug":"fishman"}],"_links":{"self":[{"href":"https:\/\/www.mexicanguitarplayers.com\/en\/wp-json\/wp\/v2\/product\/26164","targetHints":{"allow":["GET"]}}],"collection":[{"href":"https:\/\/www.mexicanguitarplayers.com\/en\/wp-json\/wp\/v2\/product"}],"about":[{"href":"https:\/\/www.mexicanguitarplayers.com\/en\/wp-json\/wp\/v2\/types\/product"}],"replies":[{"embeddable":true,"href":"https:\/\/www.mexicanguitarplayers.com\/en\/wp-json\/wp\/v2\/comments?post=26164"}],"wp:featuredmedia":[{"embeddable":true,"href":"https:\/\/www.mexicanguitarplayers.com\/en\/wp-json\/wp\/v2\/media\/26159"}],"wp:attachment":[{"href":"https:\/\/www.mexicanguitarplayers.com\/en\/wp-json\/wp\/v2\/media?parent=26164"}],"wp:term":[{"taxonomy":"pwb-brand","embeddable":true,"href":"https:\/\/www.mexicanguitarplayers.com\/en\/wp-json\/wp\/v2\/pwb-brand?post=26164"},{"taxonomy":"product_brand","embeddable":true,"href":"https:\/\/www.mexicanguitarplayers.com\/en\/wp-json\/wp\/v2\/product_brand?post=26164"},{"taxonomy":"product_cat","embeddable":true,"href":"https:\/\/www.mexicanguitarplayers.com\/en\/wp-json\/wp\/v2\/product_cat?post=26164"},{"taxonomy":"product_tag","embeddable":true,"href":"https:\/\/www.mexicanguitarplayers.com\/en\/wp-json\/wp\/v2\/product_tag?post=26164"}],"curies":[{"name":"wp","href":"https:\/\/api.w.org\/{rel}","templated":true}]}}