{"id":26171,"date":"2025-04-06T21:05:34","date_gmt":"2025-04-07T03:05:34","guid":{"rendered":"https:\/\/www.mexicanguitarplayers.com\/tienda\/sin categor\u00eda\/guitarra-cruzer-clasica-cc-10\/"},"modified":"2026-04-10T04:44:20","modified_gmt":"2026-04-10T10:44:20","slug":"guitarra-cruzer-clasica-cc-10","status":"publish","type":"product","link":"https:\/\/www.mexicanguitarplayers.com\/en\/tienda\/cuerdas\/guitarras-cuerdas\/acusticas\/guitarras-clasicas\/guitarra-cruzer-clasica-cc-10\/","title":{"rendered":"GUITARRA CRUZER CLASICA  CC-10"},"content":{"rendered":"<div style=\"text-align: justify\">\n<div>\n<h3>Toda la comodidad cl\u00e1sica en tu guitarra. <\/h3>\n<\/div>\n<div>Con la guitarra cl\u00e1sica  CC10 de Cruzer  tendr\u00e1s en tus manos  finesa extraordinaria, resonancia natural y toda la tradici\u00f3n en la fabricaci\u00f3n de guitarras cl\u00e1sicas. La  guitarra cl\u00e1sica  CC10 de Cruzer  se quedar\u00e1 entre tus manos y tus o\u00eddos.   Ideal para baladas, obras echas para guitarra cl\u00e1sica, boleros  y m\u00fasica del mundo. Cruzer cuenta con el material de la m\u00e1s alta calidad en el mercado y un control de calidad  estricto. <\/div>\n<div>\n<h4>Quick look<\/h4>\n<\/div>\n<ul style=\"margin: 0px 0px 0px 25px\">\n<li style=\"list-style-type: circle;margin: 5px\">Diapas\u00f3n de sonokeling.<\/li>\n<li style=\"list-style-type: circle;margin: 5px\">Brazo de nato.<\/li>\n<\/ul>\n<div>\n<div style=\"font-weight: bold\">Diapas\u00f3n de sonokeling.<\/div>\n<div>\n<p>Contar\u00e1s con toda la finesa, comodidad y durabilidad en tu diapas\u00f3n ya que el sonokeling, es una de las maderas que re\u00fane todas estas caracter\u00edsticas.   <\/p>\n<\/div>\n<div style=\"font-weight: bold\">Brazo de nato.<\/div>\n<div>\n<p> Tus digitaciones ser\u00e1n m\u00e1s c\u00f3modas y placenteras ya que el nato es una de  las  maderas  m\u00e1s finas, ligeras  y duraderas  que una  guitarra puede tener.<\/p>\n<\/div>\n<\/div>\n<div>\n<h4>Characteristics<\/h4>\n<\/div>\n<div>\n<ul style=\"margin: 0px 0px 0px 25px\">\n<li style=\"list-style-type: circle;margin: 5px\">19 trastes.<\/li>\n<\/ul>\n<\/div>\n<\/div>","protected":false},"excerpt":{"rendered":"<p>Guitarra clasica Cruzer modelo CC10. Guitarra cl\u00e1sica con tapa de spruce (abeto), costados y fondo de catalpa o agathis, brazo de nato, diapas\u00f3n de sonokeling,19 trastes.&hellip; <a class=\"kt-excerpt-readmore more-link\" href=\"https:\/\/www.mexicanguitarplayers.com\/en\/tienda\/cuerdas\/guitarras-cuerdas\/acusticas\/guitarras-clasicas\/guitarra-cruzer-clasica-cc-10\/\">Read more<\/a><\/p>","protected":false},"featured_media":26167,"comment_status":"open","ping_status":"closed","template":"","meta":{"kt_blocks_editor_width":""},"pwb-brand":[259],"product_brand":[],"product_cat":[315,224,312,330],"product_tag":[],"class_list":{"0":"post-26171","1":"product","2":"type-product","3":"status-publish","4":"has-post-thumbnail","6":"pwb-brand-cruzer","7":"product_cat-acusticas","8":"product_cat-cuerdas","9":"product_cat-guitarras-cuerdas","10":"product_cat-guitarras-clasicas","11":"product_shipping_class-0-5-kg","13":"first","14":"outofstock","15":"taxable","16":"shipping-taxable","17":"purchasable","18":"product-type-simple"},"yoast_head":"<!-- This site is optimized with the Yoast SEO plugin v27.5 - https:\/\/yoast.com\/product\/yoast-seo-wordpress\/ -->\n<title>GUITARRA CRUZER CLASICA CC-10 - Mexican Guitar Players<\/title>\n<meta name=\"description\" content=\"Guitarra clasica Cruzer modelo CC10. Guitarra cl\u00e1sica con tapa de spruce (abeto), costados y fondo de catalpa o agathis, brazo de nato, diapas\u00f3n de sonokeling,19 trastes.\" \/>\n<meta name=\"robots\" content=\"index, follow, max-snippet:-1, max-image-preview:large, max-video-preview:-1\" \/>\n<link rel=\"canonical\" href=\"https:\/\/www.mexicanguitarplayers.com\/en\/tienda\/sin%20categor\u00eda\/guitarra-cruzer-clasica-cc-10\/\" \/>\n<meta property=\"og:locale\" content=\"en_US\" \/>\n<meta property=\"og:type\" content=\"article\" \/>\n<meta property=\"og:title\" content=\"GUITARRA CRUZER CLASICA CC-10 - Mexican Guitar Players\" \/>\n<meta property=\"og:description\" content=\"Guitarra clasica Cruzer modelo CC10. Guitarra cl\u00e1sica con tapa de spruce (abeto), costados y fondo de catalpa o agathis, brazo de nato, diapas\u00f3n de sonokeling,19 trastes.\" \/>\n<meta property=\"og:url\" content=\"https:\/\/www.mexicanguitarplayers.com\/en\/tienda\/sin categor\u00eda\/guitarra-cruzer-clasica-cc-10\/\" \/>\n<meta property=\"og:site_name\" content=\"Mexican Guitar Players\" \/>\n<meta property=\"article:modified_time\" content=\"2026-04-10T10:44:20+00:00\" \/>\n<meta name=\"twitter:card\" content=\"summary_large_image\" \/>\n<meta name=\"twitter:label1\" content=\"Est. reading time\" \/>\n\t<meta name=\"twitter:data1\" content=\"1 minute\" \/>\n<script type=\"application\/ld+json\" class=\"yoast-schema-graph\">{\"@context\":\"https:\\\/\\\/schema.org\",\"@graph\":[{\"@type\":[\"WebPage\",\"ItemPage\"],\"@id\":\"https:\\\/\\\/www.mexicanguitarplayers.com\\\/tienda\\\/sin categor\u00eda\\\/guitarra-cruzer-clasica-cc-10\\\/\",\"url\":\"https:\\\/\\\/www.mexicanguitarplayers.com\\\/tienda\\\/sin categor\u00eda\\\/guitarra-cruzer-clasica-cc-10\\\/\",\"name\":\"GUITARRA CRUZER CLASICA CC-10 - Mexican Guitar Players\",\"isPartOf\":{\"@id\":\"https:\\\/\\\/www.mexicanguitarplayers.com\\\/#website\"},\"primaryImageOfPage\":{\"@id\":\"https:\\\/\\\/www.mexicanguitarplayers.com\\\/tienda\\\/sin categor\u00eda\\\/guitarra-cruzer-clasica-cc-10\\\/#primaryimage\"},\"image\":{\"@id\":\"https:\\\/\\\/www.mexicanguitarplayers.com\\\/tienda\\\/sin categor\u00eda\\\/guitarra-cruzer-clasica-cc-10\\\/#primaryimage\"},\"thumbnailUrl\":\"https:\\\/\\\/www.mexicanguitarplayers.com\\\/wp-content\\\/uploads\\\/2025\\\/04\\\/ISCRZCC10.jpg\",\"datePublished\":\"2025-04-07T03:05:34+00:00\",\"dateModified\":\"2026-04-10T10:44:20+00:00\",\"description\":\"Guitarra clasica Cruzer modelo CC10. Guitarra cl\u00e1sica con tapa de spruce (abeto), costados y fondo de catalpa o agathis, brazo de nato, diapas\u00f3n de sonokeling,19 trastes.\",\"breadcrumb\":{\"@id\":\"https:\\\/\\\/www.mexicanguitarplayers.com\\\/tienda\\\/sin categor\u00eda\\\/guitarra-cruzer-clasica-cc-10\\\/#breadcrumb\"},\"inLanguage\":\"en-US\",\"potentialAction\":[{\"@type\":\"ReadAction\",\"target\":[\"https:\\\/\\\/www.mexicanguitarplayers.com\\\/tienda\\\/sin categor\u00eda\\\/guitarra-cruzer-clasica-cc-10\\\/\"]}]},{\"@type\":\"ImageObject\",\"inLanguage\":\"en-US\",\"@id\":\"https:\\\/\\\/www.mexicanguitarplayers.com\\\/tienda\\\/sin categor\u00eda\\\/guitarra-cruzer-clasica-cc-10\\\/#primaryimage\",\"url\":\"https:\\\/\\\/www.mexicanguitarplayers.com\\\/wp-content\\\/uploads\\\/2025\\\/04\\\/ISCRZCC10.jpg\",\"contentUrl\":\"https:\\\/\\\/www.mexicanguitarplayers.com\\\/wp-content\\\/uploads\\\/2025\\\/04\\\/ISCRZCC10.jpg\",\"width\":300,\"height\":300},{\"@type\":\"BreadcrumbList\",\"@id\":\"https:\\\/\\\/www.mexicanguitarplayers.com\\\/tienda\\\/sin categor\u00eda\\\/guitarra-cruzer-clasica-cc-10\\\/#breadcrumb\",\"itemListElement\":[{\"@type\":\"ListItem\",\"position\":1,\"name\":\"Portada\",\"item\":\"https:\\\/\\\/www.mexicanguitarplayers.com\\\/\"},{\"@type\":\"ListItem\",\"position\":2,\"name\":\"Tienda\",\"item\":\"https:\\\/\\\/www.mexicanguitarplayers.com\\\/tienda\\\/\"},{\"@type\":\"ListItem\",\"position\":3,\"name\":\"GUITARRA CRUZER CLASICA CC-10\"}]},{\"@type\":\"WebSite\",\"@id\":\"https:\\\/\\\/www.mexicanguitarplayers.com\\\/#website\",\"url\":\"https:\\\/\\\/www.mexicanguitarplayers.com\\\/\",\"name\":\"Mexican Guitar Players\",\"description\":\"Website\",\"publisher\":{\"@id\":\"https:\\\/\\\/www.mexicanguitarplayers.com\\\/#organization\"},\"potentialAction\":[{\"@type\":\"SearchAction\",\"target\":{\"@type\":\"EntryPoint\",\"urlTemplate\":\"https:\\\/\\\/www.mexicanguitarplayers.com\\\/?s={search_term_string}\"},\"query-input\":{\"@type\":\"PropertyValueSpecification\",\"valueRequired\":true,\"valueName\":\"search_term_string\"}}],\"inLanguage\":\"en-US\"},{\"@type\":\"Organization\",\"@id\":\"https:\\\/\\\/www.mexicanguitarplayers.com\\\/#organization\",\"name\":\"Mexican Guitar Players\",\"url\":\"https:\\\/\\\/www.mexicanguitarplayers.com\\\/\",\"logo\":{\"@type\":\"ImageObject\",\"inLanguage\":\"en-US\",\"@id\":\"https:\\\/\\\/www.mexicanguitarplayers.com\\\/#\\\/schema\\\/logo\\\/image\\\/\",\"url\":\"\",\"contentUrl\":\"\",\"caption\":\"Mexican Guitar Players\"},\"image\":{\"@id\":\"https:\\\/\\\/www.mexicanguitarplayers.com\\\/#\\\/schema\\\/logo\\\/image\\\/\"}}]}<\/script>\n<!-- \/ Yoast SEO plugin. -->","yoast_head_json":{"title":"GUITARRA CRUZER CLASICA CC-10 - Mexican Guitar Players","description":"Guitarra clasica Cruzer modelo CC10. Guitarra cl\u00e1sica con tapa de spruce (abeto), costados y fondo de catalpa o agathis, brazo de nato, diapas\u00f3n de sonokeling,19 trastes.","robots":{"index":"index","follow":"follow","max-snippet":"max-snippet:-1","max-image-preview":"max-image-preview:large","max-video-preview":"max-video-preview:-1"},"canonical":"https:\/\/www.mexicanguitarplayers.com\/en\/tienda\/sin categor\u00eda\/guitarra-cruzer-clasica-cc-10\/","og_locale":"en_US","og_type":"article","og_title":"GUITARRA CRUZER CLASICA CC-10 - Mexican Guitar Players","og_description":"Guitarra clasica Cruzer modelo CC10. Guitarra cl\u00e1sica con tapa de spruce (abeto), costados y fondo de catalpa o agathis, brazo de nato, diapas\u00f3n de sonokeling,19 trastes.","og_url":"https:\/\/www.mexicanguitarplayers.com\/en\/tienda\/sin categor\u00eda\/guitarra-cruzer-clasica-cc-10\/","og_site_name":"Mexican Guitar Players","article_modified_time":"2026-04-10T10:44:20+00:00","twitter_card":"summary_large_image","twitter_misc":{"Est. reading time":"1 minute"},"schema":{"@context":"https:\/\/schema.org","@graph":[{"@type":["WebPage","ItemPage"],"@id":"https:\/\/www.mexicanguitarplayers.com\/tienda\/sin categor\u00eda\/guitarra-cruzer-clasica-cc-10\/","url":"https:\/\/www.mexicanguitarplayers.com\/tienda\/sin categor\u00eda\/guitarra-cruzer-clasica-cc-10\/","name":"GUITARRA CRUZER CLASICA CC-10 - Mexican Guitar Players","isPartOf":{"@id":"https:\/\/www.mexicanguitarplayers.com\/#website"},"primaryImageOfPage":{"@id":"https:\/\/www.mexicanguitarplayers.com\/tienda\/sin categor\u00eda\/guitarra-cruzer-clasica-cc-10\/#primaryimage"},"image":{"@id":"https:\/\/www.mexicanguitarplayers.com\/tienda\/sin categor\u00eda\/guitarra-cruzer-clasica-cc-10\/#primaryimage"},"thumbnailUrl":"https:\/\/www.mexicanguitarplayers.com\/wp-content\/uploads\/2025\/04\/ISCRZCC10.jpg","datePublished":"2025-04-07T03:05:34+00:00","dateModified":"2026-04-10T10:44:20+00:00","description":"Guitarra clasica Cruzer modelo CC10. Guitarra cl\u00e1sica con tapa de spruce (abeto), costados y fondo de catalpa o agathis, brazo de nato, diapas\u00f3n de sonokeling,19 trastes.","breadcrumb":{"@id":"https:\/\/www.mexicanguitarplayers.com\/tienda\/sin categor\u00eda\/guitarra-cruzer-clasica-cc-10\/#breadcrumb"},"inLanguage":"en-US","potentialAction":[{"@type":"ReadAction","target":["https:\/\/www.mexicanguitarplayers.com\/tienda\/sin categor\u00eda\/guitarra-cruzer-clasica-cc-10\/"]}]},{"@type":"ImageObject","inLanguage":"en-US","@id":"https:\/\/www.mexicanguitarplayers.com\/tienda\/sin categor\u00eda\/guitarra-cruzer-clasica-cc-10\/#primaryimage","url":"https:\/\/www.mexicanguitarplayers.com\/wp-content\/uploads\/2025\/04\/ISCRZCC10.jpg","contentUrl":"https:\/\/www.mexicanguitarplayers.com\/wp-content\/uploads\/2025\/04\/ISCRZCC10.jpg","width":300,"height":300},{"@type":"BreadcrumbList","@id":"https:\/\/www.mexicanguitarplayers.com\/tienda\/sin categor\u00eda\/guitarra-cruzer-clasica-cc-10\/#breadcrumb","itemListElement":[{"@type":"ListItem","position":1,"name":"Portada","item":"https:\/\/www.mexicanguitarplayers.com\/"},{"@type":"ListItem","position":2,"name":"Tienda","item":"https:\/\/www.mexicanguitarplayers.com\/tienda\/"},{"@type":"ListItem","position":3,"name":"GUITARRA CRUZER CLASICA CC-10"}]},{"@type":"WebSite","@id":"https:\/\/www.mexicanguitarplayers.com\/#website","url":"https:\/\/www.mexicanguitarplayers.com\/","name":"Mexican Guitar Players","description":"Website","publisher":{"@id":"https:\/\/www.mexicanguitarplayers.com\/#organization"},"potentialAction":[{"@type":"SearchAction","target":{"@type":"EntryPoint","urlTemplate":"https:\/\/www.mexicanguitarplayers.com\/?s={search_term_string}"},"query-input":{"@type":"PropertyValueSpecification","valueRequired":true,"valueName":"search_term_string"}}],"inLanguage":"en-US"},{"@type":"Organization","@id":"https:\/\/www.mexicanguitarplayers.com\/#organization","name":"Mexican Guitar Players","url":"https:\/\/www.mexicanguitarplayers.com\/","logo":{"@type":"ImageObject","inLanguage":"en-US","@id":"https:\/\/www.mexicanguitarplayers.com\/#\/schema\/logo\/image\/","url":"","contentUrl":"","caption":"Mexican Guitar Players"},"image":{"@id":"https:\/\/www.mexicanguitarplayers.com\/#\/schema\/logo\/image\/"}}]}},"brands":[{"id":259,"name":"CRUISE","slug":"cruzer"}],"_links":{"self":[{"href":"https:\/\/www.mexicanguitarplayers.com\/en\/wp-json\/wp\/v2\/product\/26171","targetHints":{"allow":["GET"]}}],"collection":[{"href":"https:\/\/www.mexicanguitarplayers.com\/en\/wp-json\/wp\/v2\/product"}],"about":[{"href":"https:\/\/www.mexicanguitarplayers.com\/en\/wp-json\/wp\/v2\/types\/product"}],"replies":[{"embeddable":true,"href":"https:\/\/www.mexicanguitarplayers.com\/en\/wp-json\/wp\/v2\/comments?post=26171"}],"wp:featuredmedia":[{"embeddable":true,"href":"https:\/\/www.mexicanguitarplayers.com\/en\/wp-json\/wp\/v2\/media\/26167"}],"wp:attachment":[{"href":"https:\/\/www.mexicanguitarplayers.com\/en\/wp-json\/wp\/v2\/media?parent=26171"}],"wp:term":[{"taxonomy":"pwb-brand","embeddable":true,"href":"https:\/\/www.mexicanguitarplayers.com\/en\/wp-json\/wp\/v2\/pwb-brand?post=26171"},{"taxonomy":"product_brand","embeddable":true,"href":"https:\/\/www.mexicanguitarplayers.com\/en\/wp-json\/wp\/v2\/product_brand?post=26171"},{"taxonomy":"product_cat","embeddable":true,"href":"https:\/\/www.mexicanguitarplayers.com\/en\/wp-json\/wp\/v2\/product_cat?post=26171"},{"taxonomy":"product_tag","embeddable":true,"href":"https:\/\/www.mexicanguitarplayers.com\/en\/wp-json\/wp\/v2\/product_tag?post=26171"}],"curies":[{"name":"wp","href":"https:\/\/api.w.org\/{rel}","templated":true}]}}