{"id":26187,"date":"2025-04-06T21:06:28","date_gmt":"2025-04-07T03:06:28","guid":{"rendered":"https:\/\/www.mexicanguitarplayers.com\/tienda\/sin categor\u00eda\/interfaz-behringer-mod-umc22\/"},"modified":"2026-05-11T16:15:06","modified_gmt":"2026-05-11T22:15:06","slug":"interfaz-behringer-mod-umc22","status":"publish","type":"product","link":"https:\/\/www.mexicanguitarplayers.com\/en\/tienda\/audio\/interfaces\/interfaz-behringer-mod-umc22\/","title":{"rendered":"INTERFAZ BEHRINGER  MOD. UMC22"},"content":{"rendered":"<div style=\"text-align: justify\">\n<div>\n<h3>Lleg\u00f3 el momento de hacer historia en la grabaci\u00f3n.<\/h3>\n<\/div>\n<div>Cuando es momento de grabar, necesitas la mejor interfaz de audio que puedas obtener y con la que puedas contar. Es por eso que te presentamos la incre\u00edble UMC22, una ultra compacta interfaz de 2&#215;2, 48 kHz con preamps Midas de alta calidad, entrada combinada XLR\/TRS para entrada de micr\u00f3fono o instrumento (no requiere DI) y una entrada 1\/4&#8243; adicional para instrumento. El rico conjunto de funciones de esta interfaz tiene tambi\u00e9n una potente salida de aud\u00edfonos para el monitoreo de tu sesi\u00f3n adem\u00e1s de 2 salidas y alimentaci\u00f3n por medio de USB, lo que la hace la interfaz de grabaci\u00f3n m\u00e1s port\u00e1til de su clase. Precisi\u00f3n 48 kHz. Toma tus pistas en serio y la UMC22 tambi\u00e9n lo har\u00e1, proporcion\u00e1ndote una resoluci\u00f3n de 48 kHz para una calidad detallada, asombrosa y pr\u00edstina de la grabaci\u00f3n que tu m\u00fasica merece. Un estudio en una peque\u00f1a caja negra. Cuando esos jugos creativos comienzan a fluir, necesitas una forma r\u00e1pida y f\u00e1cil de guardar esas ideas musicales en tu computadora Mac o Windows y es ah\u00ed donde entra la interfaz UMC22. S\u00f3lo tienes que conectar el micr\u00f3fono, instrumento o una fuente de nivel de l\u00ednea a la entrada XLR\/TRS o a la entrada adicional de 1\/4&#8243; para que pueda ofrecerte lo \u00faltimo en flexibilidad de estudio. Esta interfaz es muy f\u00e1cil de usar y siempre te asegurar\u00e1 una grabaci\u00f3n s\u00faper limpia al disco duro de tu computadora para resultados sorprendentemente profesionales &#8211; la soluci\u00f3n perfecta para el m\u00fasico solista que quiere capturar ese pr\u00f3ximo gran \u00e9xito. Integraci\u00f3n perfecta con los DAWs m\u00e1s populares. La interfaz ultra compacta UMC22 es totalmente compatible con pr\u00e1cticamente todos los programas de grabaci\u00f3n m\u00e1s populares, incluyendo Avis Pro Tools, Ableton Live, Steinberg, Cubase, etc.  MIDAS &#8211; LA leyenda en calidad de sonido. Desde su formaci\u00f3n en la d\u00e9cada de 1970, Midas ha tenido una larga historia de innovaci\u00f3n y liderazgo en el mundo de las consolas de mezcla de audio. Empleados por los m\u00e1s famosos equipos de instalaci\u00f3n y touring alrededor del mundo, las legendarias consolas Midas como la XL4 y la Heritage 3000 se convirtieron r\u00e1pidamente en los est\u00e1ndares de la industria. Midas ha ganado su impecable reputaci\u00f3n debido a su enfoque sin compromiso para el audio y su calidad de construcci\u00f3n y en particular para sus galardonados preamplificadores de micr\u00f3fono, considerados por los expertos de la industria como los mejores dise\u00f1os de audio. Bas\u00e1ndose en este legado, la XL8 y la serie Pro de Live Mixing Systems contin\u00faan con esta gran herencia de calidad de audio premiada. Behringer se enorgullece de incorporar un preamplificador de micr\u00f3fono dise\u00f1ado por Midas para ofrecer lo \u00faltimo en reproducci\u00f3n de audio de alta calidad tanto en entornos en vivo como en estudio.<\/div>\n<div>\n<h4>Quick look<\/h4>\n<\/div>\n<ul style=\"margin: 0px 0px 0px 25px\">\n<li style=\"list-style-type: circle;margin: 5px\">Entrance.<\/li>\n<li style=\"list-style-type: circle;margin: 5px\">Departure.<\/li>\n<li style=\"list-style-type: circle;margin: 5px\">Datos del sistema.<\/li>\n<li style=\"list-style-type: circle;margin: 5px\">Monitorizaci\u00f3n.<\/li>\n<li style=\"list-style-type: circle;margin: 5px\">Lock de seguridad.<\/li>\n<li style=\"list-style-type: circle;margin: 5px\">Digital processing.<\/li>\n<li style=\"list-style-type: circle;margin: 5px\">Conectividad bus de computadora.<\/li>\n<li style=\"list-style-type: circle;margin: 5px\">Software.<\/li>\n<li style=\"list-style-type: circle;margin: 5px\">Energy.<\/li>\n<li style=\"list-style-type: circle;margin: 5px\">Dimensions.<\/li>\n<li style=\"list-style-type: circle;margin: 5px\">Weight.<\/li>\n<\/ul>\n<div>\n<div style=\"font-weight: bold\">Entrance.<\/div>\n<div>\n<p>Preamps: 1 Midas. Tipo: Conector combo XLR\/TRS (Mic\/Line) y 1 TRS 1\/4&#8243; (instrumento). Respuesta de frecuencia: 10 Hz &#8211; 30 kHz (0 \/ -0.5 dB). Impedancia: Mic in: 3 kohms \/ Entrada de instrumento: 1 mohm. Nivel de entrada m\u00e1ximo: Mic: +2 dBu \/ Line: +22 dBu \/ Instrument: +2 dBu. Alimentaci\u00f3n phantom: +48V conmutable.<\/p>\n<\/div>\n<div style=\"font-weight: bold\">Departure.<\/div>\n<div>\n<p>Tipo: 1 x 1\/4&#8243; est\u00e9reo (aud\u00edfonos) \/ 2 x 1\/4&#8243; TRS (Line out). Respuesta de frecuencia: 10 Hz &#8211; 30 kHz (0 \/ -0.5 dB). Nivel m\u00e1ximo de salida: 0 dBu.<\/p>\n<\/div>\n<div style=\"font-weight: bold\">Datos del sistema.<\/div>\n<div>\n<p>Rango din\u00e1mico: 100 dB ponderado A. Respuesta de frecuencia: 10 Hz &#8211; 30 kHz (0 \/ -3 dB).<\/p>\n<\/div>\n<div style=\"font-weight: bold\">Monitorizaci\u00f3n.<\/div>\n<div>\n<p>Control de monitor directo: Switch de monitor directo.<\/p>\n<\/div>\n<div style=\"font-weight: bold\">Lock de seguridad.<\/div>\n<div>\n<p>Kensington security lock: S\u00ed.<\/p>\n<\/div>\n<div style=\"font-weight: bold\">Digital processing.<\/div>\n<div>\n<p>Tasas de muestreo soportadas: 32 \/ 44.1 \/ 48 kHz.<\/p>\n<\/div>\n<div style=\"font-weight: bold\">Conectividad bus de computadora.<\/div>\n<div>\n<p>USB 1.1, tipo B.<\/p>\n<\/div>\n<div style=\"font-weight: bold\">Software.<\/div>\n<div>\n<p>Sistemas operativos: Mac OSX, Windows XP o superior. Drivers: Mac no requiere, para Windows, disponible para descargar desde behringer.com<\/p>\n<\/div>\n<div style=\"font-weight: bold\">Energy.<\/div>\n<div>\n<p>Consumo de energ\u00eda: M\u00e1ximo 2.5 watts. Fuente de alimentaci\u00f3n: Conector USB (alimentado desde la computadora).<\/p>\n<\/div>\n<div style=\"font-weight: bold\">Dimensions.<\/div>\n<div>\n<p>46.45 x 163 x 125 mm.<\/p>\n<\/div>\n<div style=\"font-weight: bold\">Weight.<\/div>\n<div>\n<p>0.5 kg.<\/p>\n<\/div>\n<\/div>\n<\/div>","protected":false},"excerpt":{"rendered":"<p>Interfaz de audio USB U-Phoria, 2&#215;2, resoluci\u00f3n de 48 kHz, preamplificador Midas con alimentaci\u00f3n phantom +48V, compatible con los programas de grabaci\u00f3n m\u00e1s populares, compatible con Windows y Mac, 2 entradas y 2 salidas con latencia ultra baja, potente salida de aud\u00edfonos con control de nivel y selecci\u00f3n de monitor directo, indicadores de Estado, Se\u00f1al y Clip, puerto USB para conexi\u00f3n y alimentaci\u00f3n, chasis de metal resistente a los impactos, dimensiones: 45.46 x 163 x 125mm, peso: 0.5 kg.&hellip; <a class=\"kt-excerpt-readmore more-link\" href=\"https:\/\/www.mexicanguitarplayers.com\/en\/tienda\/audio\/interfaces\/interfaz-behringer-mod-umc22\/\">Read more<\/a><\/p>","protected":false},"featured_media":26183,"comment_status":"open","ping_status":"closed","template":"","meta":{"kt_blocks_editor_width":""},"pwb-brand":[171],"product_brand":[],"product_cat":[213,233],"product_tag":[],"class_list":{"0":"post-26187","1":"product","2":"type-product","3":"status-publish","4":"has-post-thumbnail","6":"pwb-brand-behringer","7":"product_cat-audio","8":"product_cat-interfaces","9":"product_shipping_class-0-5-kg","11":"first","12":"outofstock","13":"taxable","14":"shipping-taxable","15":"purchasable","16":"product-type-simple"},"yoast_head":"<!-- This site is optimized with the Yoast SEO plugin v27.6 - https:\/\/yoast.com\/product\/yoast-seo-wordpress\/ -->\n<title>INTERFAZ BEHRINGER MOD. UMC22 - Mexican Guitar Players<\/title>\n<meta name=\"description\" content=\"Interfaz de audio USB U-Phoria, 2x2, resoluci\u00f3n de 48 kHz, preamplificador Midas con alimentaci\u00f3n phantom +48V, compatible con los programas de grabaci\u00f3n m\u00e1s populares, compatible con Windows y Mac, 2 entradas y 2 salidas con latencia ultra baja, potente salida de aud\u00edfonos con control de nivel y selecci\u00f3n de monitor directo, indicadores de Estado, Se\u00f1al y Clip, puerto USB para conexi\u00f3n y alimentaci\u00f3n, chasis de metal resistente a los impactos, dimensiones: 45.46 x 163 x 125mm, peso: 0.5 kg.\" \/>\n<meta name=\"robots\" content=\"index, follow, max-snippet:-1, max-image-preview:large, max-video-preview:-1\" \/>\n<link rel=\"canonical\" href=\"https:\/\/www.mexicanguitarplayers.com\/en\/tienda\/sin%20categor\u00eda\/interfaz-behringer-mod-umc22\/\" \/>\n<meta property=\"og:locale\" content=\"en_US\" \/>\n<meta property=\"og:type\" content=\"article\" \/>\n<meta property=\"og:title\" content=\"INTERFAZ BEHRINGER MOD. UMC22 - Mexican Guitar Players\" \/>\n<meta property=\"og:description\" content=\"Interfaz de audio USB U-Phoria, 2x2, resoluci\u00f3n de 48 kHz, preamplificador Midas con alimentaci\u00f3n phantom +48V, compatible con los programas de grabaci\u00f3n m\u00e1s populares, compatible con Windows y Mac, 2 entradas y 2 salidas con latencia ultra baja, potente salida de aud\u00edfonos con control de nivel y selecci\u00f3n de monitor directo, indicadores de Estado, Se\u00f1al y Clip, puerto USB para conexi\u00f3n y alimentaci\u00f3n, chasis de metal resistente a los impactos, dimensiones: 45.46 x 163 x 125mm, peso: 0.5 kg.\" \/>\n<meta property=\"og:url\" content=\"https:\/\/www.mexicanguitarplayers.com\/en\/tienda\/sin categor\u00eda\/interfaz-behringer-mod-umc22\/\" \/>\n<meta property=\"og:site_name\" content=\"Mexican Guitar Players\" \/>\n<meta property=\"article:modified_time\" content=\"2026-05-11T22:15:06+00:00\" \/>\n<meta name=\"twitter:card\" content=\"summary_large_image\" \/>\n<meta name=\"twitter:label1\" content=\"Est. reading time\" \/>\n\t<meta name=\"twitter:data1\" content=\"3 minutes\" \/>\n<script type=\"application\/ld+json\" class=\"yoast-schema-graph\">{\"@context\":\"https:\\\/\\\/schema.org\",\"@graph\":[{\"@type\":[\"WebPage\",\"ItemPage\"],\"@id\":\"https:\\\/\\\/www.mexicanguitarplayers.com\\\/tienda\\\/sin categor\u00eda\\\/interfaz-behringer-mod-umc22\\\/\",\"url\":\"https:\\\/\\\/www.mexicanguitarplayers.com\\\/tienda\\\/sin categor\u00eda\\\/interfaz-behringer-mod-umc22\\\/\",\"name\":\"INTERFAZ BEHRINGER MOD. UMC22 - Mexican Guitar Players\",\"isPartOf\":{\"@id\":\"https:\\\/\\\/www.mexicanguitarplayers.com\\\/#website\"},\"primaryImageOfPage\":{\"@id\":\"https:\\\/\\\/www.mexicanguitarplayers.com\\\/tienda\\\/sin categor\u00eda\\\/interfaz-behringer-mod-umc22\\\/#primaryimage\"},\"image\":{\"@id\":\"https:\\\/\\\/www.mexicanguitarplayers.com\\\/tienda\\\/sin categor\u00eda\\\/interfaz-behringer-mod-umc22\\\/#primaryimage\"},\"thumbnailUrl\":\"https:\\\/\\\/www.mexicanguitarplayers.com\\\/wp-content\\\/uploads\\\/2025\\\/04\\\/IABEHUMC22.jpg\",\"datePublished\":\"2025-04-07T03:06:28+00:00\",\"dateModified\":\"2026-05-11T22:15:06+00:00\",\"description\":\"Interfaz de audio USB U-Phoria, 2x2, resoluci\u00f3n de 48 kHz, preamplificador Midas con alimentaci\u00f3n phantom +48V, compatible con los programas de grabaci\u00f3n m\u00e1s populares, compatible con Windows y Mac, 2 entradas y 2 salidas con latencia ultra baja, potente salida de aud\u00edfonos con control de nivel y selecci\u00f3n de monitor directo, indicadores de Estado, Se\u00f1al y Clip, puerto USB para conexi\u00f3n y alimentaci\u00f3n, chasis de metal resistente a los impactos, dimensiones: 45.46 x 163 x 125mm, peso: 0.5 kg.\",\"breadcrumb\":{\"@id\":\"https:\\\/\\\/www.mexicanguitarplayers.com\\\/tienda\\\/sin categor\u00eda\\\/interfaz-behringer-mod-umc22\\\/#breadcrumb\"},\"inLanguage\":\"en-US\",\"potentialAction\":[{\"@type\":\"ReadAction\",\"target\":[\"https:\\\/\\\/www.mexicanguitarplayers.com\\\/tienda\\\/sin categor\u00eda\\\/interfaz-behringer-mod-umc22\\\/\"]}]},{\"@type\":\"ImageObject\",\"inLanguage\":\"en-US\",\"@id\":\"https:\\\/\\\/www.mexicanguitarplayers.com\\\/tienda\\\/sin categor\u00eda\\\/interfaz-behringer-mod-umc22\\\/#primaryimage\",\"url\":\"https:\\\/\\\/www.mexicanguitarplayers.com\\\/wp-content\\\/uploads\\\/2025\\\/04\\\/IABEHUMC22.jpg\",\"contentUrl\":\"https:\\\/\\\/www.mexicanguitarplayers.com\\\/wp-content\\\/uploads\\\/2025\\\/04\\\/IABEHUMC22.jpg\",\"width\":1600,\"height\":800},{\"@type\":\"BreadcrumbList\",\"@id\":\"https:\\\/\\\/www.mexicanguitarplayers.com\\\/tienda\\\/sin categor\u00eda\\\/interfaz-behringer-mod-umc22\\\/#breadcrumb\",\"itemListElement\":[{\"@type\":\"ListItem\",\"position\":1,\"name\":\"Portada\",\"item\":\"https:\\\/\\\/www.mexicanguitarplayers.com\\\/\"},{\"@type\":\"ListItem\",\"position\":2,\"name\":\"Tienda\",\"item\":\"https:\\\/\\\/www.mexicanguitarplayers.com\\\/tienda\\\/\"},{\"@type\":\"ListItem\",\"position\":3,\"name\":\"INTERFAZ BEHRINGER MOD. UMC22\"}]},{\"@type\":\"WebSite\",\"@id\":\"https:\\\/\\\/www.mexicanguitarplayers.com\\\/#website\",\"url\":\"https:\\\/\\\/www.mexicanguitarplayers.com\\\/\",\"name\":\"Mexican Guitar Players\",\"description\":\"Website\",\"publisher\":{\"@id\":\"https:\\\/\\\/www.mexicanguitarplayers.com\\\/#organization\"},\"potentialAction\":[{\"@type\":\"SearchAction\",\"target\":{\"@type\":\"EntryPoint\",\"urlTemplate\":\"https:\\\/\\\/www.mexicanguitarplayers.com\\\/?s={search_term_string}\"},\"query-input\":{\"@type\":\"PropertyValueSpecification\",\"valueRequired\":true,\"valueName\":\"search_term_string\"}}],\"inLanguage\":\"en-US\"},{\"@type\":\"Organization\",\"@id\":\"https:\\\/\\\/www.mexicanguitarplayers.com\\\/#organization\",\"name\":\"Mexican Guitar Players\",\"url\":\"https:\\\/\\\/www.mexicanguitarplayers.com\\\/\",\"logo\":{\"@type\":\"ImageObject\",\"inLanguage\":\"en-US\",\"@id\":\"https:\\\/\\\/www.mexicanguitarplayers.com\\\/#\\\/schema\\\/logo\\\/image\\\/\",\"url\":\"\",\"contentUrl\":\"\",\"caption\":\"Mexican Guitar Players\"},\"image\":{\"@id\":\"https:\\\/\\\/www.mexicanguitarplayers.com\\\/#\\\/schema\\\/logo\\\/image\\\/\"}}]}<\/script>\n<!-- \/ Yoast SEO plugin. -->","yoast_head_json":{"title":"INTERFAZ BEHRINGER MOD. UMC22 - Mexican Guitar Players","description":"Interfaz de audio USB U-Phoria, 2x2, resoluci\u00f3n de 48 kHz, preamplificador Midas con alimentaci\u00f3n phantom +48V, compatible con los programas de grabaci\u00f3n m\u00e1s populares, compatible con Windows y Mac, 2 entradas y 2 salidas con latencia ultra baja, potente salida de aud\u00edfonos con control de nivel y selecci\u00f3n de monitor directo, indicadores de Estado, Se\u00f1al y Clip, puerto USB para conexi\u00f3n y alimentaci\u00f3n, chasis de metal resistente a los impactos, dimensiones: 45.46 x 163 x 125mm, peso: 0.5 kg.","robots":{"index":"index","follow":"follow","max-snippet":"max-snippet:-1","max-image-preview":"max-image-preview:large","max-video-preview":"max-video-preview:-1"},"canonical":"https:\/\/www.mexicanguitarplayers.com\/en\/tienda\/sin categor\u00eda\/interfaz-behringer-mod-umc22\/","og_locale":"en_US","og_type":"article","og_title":"INTERFAZ BEHRINGER MOD. UMC22 - Mexican Guitar Players","og_description":"Interfaz de audio USB U-Phoria, 2x2, resoluci\u00f3n de 48 kHz, preamplificador Midas con alimentaci\u00f3n phantom +48V, compatible con los programas de grabaci\u00f3n m\u00e1s populares, compatible con Windows y Mac, 2 entradas y 2 salidas con latencia ultra baja, potente salida de aud\u00edfonos con control de nivel y selecci\u00f3n de monitor directo, indicadores de Estado, Se\u00f1al y Clip, puerto USB para conexi\u00f3n y alimentaci\u00f3n, chasis de metal resistente a los impactos, dimensiones: 45.46 x 163 x 125mm, peso: 0.5 kg.","og_url":"https:\/\/www.mexicanguitarplayers.com\/en\/tienda\/sin categor\u00eda\/interfaz-behringer-mod-umc22\/","og_site_name":"Mexican Guitar Players","article_modified_time":"2026-05-11T22:15:06+00:00","twitter_card":"summary_large_image","twitter_misc":{"Est. reading time":"3 minutes"},"schema":{"@context":"https:\/\/schema.org","@graph":[{"@type":["WebPage","ItemPage"],"@id":"https:\/\/www.mexicanguitarplayers.com\/tienda\/sin categor\u00eda\/interfaz-behringer-mod-umc22\/","url":"https:\/\/www.mexicanguitarplayers.com\/tienda\/sin categor\u00eda\/interfaz-behringer-mod-umc22\/","name":"INTERFAZ BEHRINGER MOD. UMC22 - Mexican Guitar Players","isPartOf":{"@id":"https:\/\/www.mexicanguitarplayers.com\/#website"},"primaryImageOfPage":{"@id":"https:\/\/www.mexicanguitarplayers.com\/tienda\/sin categor\u00eda\/interfaz-behringer-mod-umc22\/#primaryimage"},"image":{"@id":"https:\/\/www.mexicanguitarplayers.com\/tienda\/sin categor\u00eda\/interfaz-behringer-mod-umc22\/#primaryimage"},"thumbnailUrl":"https:\/\/www.mexicanguitarplayers.com\/wp-content\/uploads\/2025\/04\/IABEHUMC22.jpg","datePublished":"2025-04-07T03:06:28+00:00","dateModified":"2026-05-11T22:15:06+00:00","description":"Interfaz de audio USB U-Phoria, 2x2, resoluci\u00f3n de 48 kHz, preamplificador Midas con alimentaci\u00f3n phantom +48V, compatible con los programas de grabaci\u00f3n m\u00e1s populares, compatible con Windows y Mac, 2 entradas y 2 salidas con latencia ultra baja, potente salida de aud\u00edfonos con control de nivel y selecci\u00f3n de monitor directo, indicadores de Estado, Se\u00f1al y Clip, puerto USB para conexi\u00f3n y alimentaci\u00f3n, chasis de metal resistente a los impactos, dimensiones: 45.46 x 163 x 125mm, peso: 0.5 kg.","breadcrumb":{"@id":"https:\/\/www.mexicanguitarplayers.com\/tienda\/sin categor\u00eda\/interfaz-behringer-mod-umc22\/#breadcrumb"},"inLanguage":"en-US","potentialAction":[{"@type":"ReadAction","target":["https:\/\/www.mexicanguitarplayers.com\/tienda\/sin categor\u00eda\/interfaz-behringer-mod-umc22\/"]}]},{"@type":"ImageObject","inLanguage":"en-US","@id":"https:\/\/www.mexicanguitarplayers.com\/tienda\/sin categor\u00eda\/interfaz-behringer-mod-umc22\/#primaryimage","url":"https:\/\/www.mexicanguitarplayers.com\/wp-content\/uploads\/2025\/04\/IABEHUMC22.jpg","contentUrl":"https:\/\/www.mexicanguitarplayers.com\/wp-content\/uploads\/2025\/04\/IABEHUMC22.jpg","width":1600,"height":800},{"@type":"BreadcrumbList","@id":"https:\/\/www.mexicanguitarplayers.com\/tienda\/sin categor\u00eda\/interfaz-behringer-mod-umc22\/#breadcrumb","itemListElement":[{"@type":"ListItem","position":1,"name":"Portada","item":"https:\/\/www.mexicanguitarplayers.com\/"},{"@type":"ListItem","position":2,"name":"Tienda","item":"https:\/\/www.mexicanguitarplayers.com\/tienda\/"},{"@type":"ListItem","position":3,"name":"INTERFAZ BEHRINGER MOD. UMC22"}]},{"@type":"WebSite","@id":"https:\/\/www.mexicanguitarplayers.com\/#website","url":"https:\/\/www.mexicanguitarplayers.com\/","name":"Mexican Guitar Players","description":"Website","publisher":{"@id":"https:\/\/www.mexicanguitarplayers.com\/#organization"},"potentialAction":[{"@type":"SearchAction","target":{"@type":"EntryPoint","urlTemplate":"https:\/\/www.mexicanguitarplayers.com\/?s={search_term_string}"},"query-input":{"@type":"PropertyValueSpecification","valueRequired":true,"valueName":"search_term_string"}}],"inLanguage":"en-US"},{"@type":"Organization","@id":"https:\/\/www.mexicanguitarplayers.com\/#organization","name":"Mexican Guitar Players","url":"https:\/\/www.mexicanguitarplayers.com\/","logo":{"@type":"ImageObject","inLanguage":"en-US","@id":"https:\/\/www.mexicanguitarplayers.com\/#\/schema\/logo\/image\/","url":"","contentUrl":"","caption":"Mexican Guitar Players"},"image":{"@id":"https:\/\/www.mexicanguitarplayers.com\/#\/schema\/logo\/image\/"}}]}},"brands":[{"id":171,"name":"BEHRINGER","slug":"behringer"}],"_links":{"self":[{"href":"https:\/\/www.mexicanguitarplayers.com\/en\/wp-json\/wp\/v2\/product\/26187","targetHints":{"allow":["GET"]}}],"collection":[{"href":"https:\/\/www.mexicanguitarplayers.com\/en\/wp-json\/wp\/v2\/product"}],"about":[{"href":"https:\/\/www.mexicanguitarplayers.com\/en\/wp-json\/wp\/v2\/types\/product"}],"replies":[{"embeddable":true,"href":"https:\/\/www.mexicanguitarplayers.com\/en\/wp-json\/wp\/v2\/comments?post=26187"}],"wp:featuredmedia":[{"embeddable":true,"href":"https:\/\/www.mexicanguitarplayers.com\/en\/wp-json\/wp\/v2\/media\/26183"}],"wp:attachment":[{"href":"https:\/\/www.mexicanguitarplayers.com\/en\/wp-json\/wp\/v2\/media?parent=26187"}],"wp:term":[{"taxonomy":"pwb-brand","embeddable":true,"href":"https:\/\/www.mexicanguitarplayers.com\/en\/wp-json\/wp\/v2\/pwb-brand?post=26187"},{"taxonomy":"product_brand","embeddable":true,"href":"https:\/\/www.mexicanguitarplayers.com\/en\/wp-json\/wp\/v2\/product_brand?post=26187"},{"taxonomy":"product_cat","embeddable":true,"href":"https:\/\/www.mexicanguitarplayers.com\/en\/wp-json\/wp\/v2\/product_cat?post=26187"},{"taxonomy":"product_tag","embeddable":true,"href":"https:\/\/www.mexicanguitarplayers.com\/en\/wp-json\/wp\/v2\/product_tag?post=26187"}],"curies":[{"name":"wp","href":"https:\/\/api.w.org\/{rel}","templated":true}]}}