{"id":26242,"date":"2025-04-06T21:27:19","date_gmt":"2025-04-07T03:27:19","guid":{"rendered":"https:\/\/www.mexicanguitarplayers.com\/tienda\/sin categor\u00eda\/bafle-audiocenter-mod-sa315-iii\/"},"modified":"2026-04-11T04:15:30","modified_gmt":"2026-04-11T10:15:30","slug":"bafle-audiocenter-mod-sa315-iii","status":"publish","type":"product","link":"https:\/\/www.mexicanguitarplayers.com\/en\/tienda\/audio\/bafles-y-bocinas\/bafles\/bafles-activos\/bafle-audiocenter-mod-sa315-iii\/","title":{"rendered":"BAFLE AUDIOCENTER MOD. SA315 III"},"content":{"rendered":"<div style=\"text-align: justify\">\n<div>\n<h3>BAFLE AUDIOCENTER MOD. SA315 III<\/h3>\n<\/div>\n<div>La serie SA3 de Audiocenter representa la vanguardia en altavoces activos controlados por DSP, ofreciendo un rendimiento excepcional y una excelente relaci\u00f3n calidad-precio. Equipados con la avanzada tecnolog\u00eda BrainCore, los altavoces SA3 analizan y procesan la se\u00f1al de entrada de manera \u00f3ptima, maximizando el rendimiento del sistema de audio. Con Bluetooth integrado, los altavoces SA3 permiten una conexi\u00f3n f\u00e1cil y r\u00e1pida con varios dispositivos Bluetooth, brindando una versatilidad adicional para la reproducci\u00f3n de audio. Acabado de pintura poliurea, cubre polvo y agarraderas de metaL Dise\u00f1ados tanto para instalaciones fijas como para giras, los altavoces SA3 son ideales para una amplia variedad de aplicaciones, incluyendo salas de conferencias, salas multiusos, lugares de culto, museos, eventos de bodas, conferencias, DJ, monitores de escenario, entre otros. <\/div>\n<div>\n<h4>Characteristics<\/h4>\n<\/div>\n<div>\n<ul style=\"margin: 0px 0px 0px 25px\">\n<li style=\"list-style-type: circle;margin: 5px\">Kind<\/li>\n<li style=\"list-style-type: circle;margin: 5px\">Respuesta en frecuencia (-10 dB)<\/li>\n<li style=\"list-style-type: circle;margin: 5px\"> 44 Hz-20 kHz<\/li>\n<li style=\"list-style-type: circle;margin: 5px\">Cobertura horizontal<\/li>\n<li style=\"list-style-type: circle;margin: 5px\">Cobertura vertical<\/li>\n<li style=\"list-style-type: circle;margin: 5px\">SPL\/1M m\u00e1ximo calculado (continuo\/pico)<\/li>\n<li style=\"list-style-type: circle;margin: 5px\">Conductor HF<\/li>\n<li style=\"list-style-type: circle;margin: 5px\">Conductor LF<\/li>\n<li style=\"list-style-type: circle;margin: 5px\">Procesador<\/li>\n<li style=\"list-style-type: circle;margin: 5px\">Circuitos de amplificaci\u00f3n<\/li>\n<li style=\"list-style-type: circle;margin: 5px\">Potencia (normas RMS)<\/li>\n<li style=\"list-style-type: circle;margin: 5px\">Potencia m\u00e1xima<\/li>\n<li style=\"list-style-type: circle;margin: 5px\">Respuesta en frecuencia(1W \ud83d\ude2f 2ch)<\/li>\n<li style=\"list-style-type: circle;margin: 5px\">Distorsi\u00f3n por intermodulaci\u00f3n<\/li>\n<li style=\"list-style-type: circle;margin: 5px\">Distorsi\u00f3n arm\u00f3nica total<\/li>\n<li style=\"list-style-type: circle;margin: 5px\">Sistema de refrigeraci\u00f3n<\/li>\n<li style=\"list-style-type: circle;margin: 5px\">Protecci\u00f3n<\/li>\n<li style=\"list-style-type: circle;margin: 5px\">Entrada de se\u00f1al<\/li>\n<li style=\"list-style-type: circle;margin: 5px\">Salida de se\u00f1al<\/li>\n<li style=\"list-style-type: circle;margin: 5px\">Entrada de alimentaci\u00f3n<\/li>\n<li style=\"list-style-type: circle;margin: 5px\">Tensi\u00f3n de trabajo<\/li>\n<li style=\"list-style-type: circle;margin: 5px\">Consumo (1\/8 potencia de salida)<\/li>\n<li style=\"list-style-type: circle;margin: 5px\">Material del armario<\/li>\n<li style=\"list-style-type: circle;margin: 5px\">Color del armario<\/li>\n<li style=\"list-style-type: circle;margin: 5px\">Rejilla<\/li>\n<li style=\"list-style-type: circle;margin: 5px\">Asas<\/li>\n<li style=\"list-style-type: circle;margin: 5px\">\u00c1ngulo del monitor<\/li>\n<li style=\"list-style-type: circle;margin: 5px\">Herrajes para colgar<\/li>\n<li style=\"list-style-type: circle;margin: 5px\">Montaje en poste<\/li>\n<li style=\"list-style-type: circle;margin: 5px\">Dimensiones del altavoz (An\u00d7Al\u00d7F)<\/li>\n<li style=\"list-style-type: circle;margin: 5px\">Dimensiones de la caja (An\u00d7Al\u00d7F)<\/li>\n<li style=\"list-style-type: circle;margin: 5px\">Peso neto<\/li>\n<li style=\"list-style-type: circle;margin: 5px\">Peso del env\u00edo<\/li>\n<li style=\"list-style-type: circle;margin: 5px\">Pintura<\/li>\n<li style=\"list-style-type: circle;margin: 5px\">Agarraderas<\/li>\n<li style=\"list-style-type: circle;margin: 5px\">Cubre polvo en la rejilla<\/li>\n<\/ul>\n<\/div>\n<\/div>","protected":false},"excerpt":{"rendered":"<p>La serie SA3 de Audiocenter, representada por el modelo SA315 III, se destaca como una gama de altavoces activos controlados por DSP de alto rendimiento y excelente relaci\u00f3n calidad-precio. Equipados con la avanzada tecnolog\u00eda BrainCore, los altavoces SA315 III analizan y procesan la se\u00f1al de entrada de manera \u00f3ptima, optimizando el rendimiento del sistema de audio. Con Bluetooth incorporado, permiten una f\u00e1cil conexi\u00f3n con varios dispositivos Bluetooth para una reproducci\u00f3n de audio vers\u00e1til. Adem\u00e1s, su dise\u00f1o robusto incluye nuevo recubrimiento poliurea para una mayor durabilidad, detalles en cubre polvo en la rejilla que a\u00f1aden un toque est\u00e9tico \u00fanico, y agarraderas de metal para facilitar el transporte y la manipulaci\u00f3n. Dise\u00f1ados para instalaciones fijas y giras, son ideales para una variedad de aplicaciones, desde salas de conferencias hasta eventos de DJ. El modelo SA315 III ofrece dos entradas combo en el Canal A y un puerto de audio en el Canal B para una conectividad flexible. Con opciones de montaje que incluyen cable de acero, barra de acoplamiento o soporte de tres patas, y compatibilidad con una variedad de accesorios, los altavoces SA315 III proporcionan una soluci\u00f3n completa y vers\u00e1til para cualquier entorno de audio.&hellip; <a class=\"kt-excerpt-readmore more-link\" href=\"https:\/\/www.mexicanguitarplayers.com\/en\/tienda\/audio\/bafles-y-bocinas\/bafles\/bafles-activos\/bafle-audiocenter-mod-sa315-iii\/\">Read more<\/a><\/p>","protected":false},"featured_media":26233,"comment_status":"open","ping_status":"closed","template":"","meta":{"kt_blocks_editor_width":""},"pwb-brand":[525],"product_brand":[],"product_cat":[213,222,472,221],"product_tag":[],"class_list":{"0":"post-26242","1":"product","2":"type-product","3":"status-publish","4":"has-post-thumbnail","6":"pwb-brand-audiocenter","7":"product_cat-audio","8":"product_cat-bafles","9":"product_cat-bafles-activos","10":"product_cat-bafles-y-bocinas","11":"product_shipping_class-25-30-kg","13":"first","14":"outofstock","15":"taxable","16":"shipping-taxable","17":"purchasable","18":"product-type-simple"},"yoast_head":"<!-- This site is optimized with the Yoast SEO plugin v27.6 - https:\/\/yoast.com\/product\/yoast-seo-wordpress\/ -->\n<title>BAFLE AUDIOCENTER MOD. SA315 III - Mexican Guitar Players<\/title>\n<meta name=\"description\" content=\"La serie SA3 de Audiocenter, representada por el modelo SA315 III, se destaca como una gama de altavoces activos controlados por DSP de alto rendimiento y excelente relaci\u00f3n calidad-precio. Equipados con la avanzada tecnolog\u00eda BrainCore, los altavoces SA315 III analizan y procesan la se\u00f1al de entrada de manera \u00f3ptima, optimizando el rendimiento del sistema de audio. Con Bluetooth incorporado, permiten una f\u00e1cil conexi\u00f3n con varios dispositivos Bluetooth para una reproducci\u00f3n de audio vers\u00e1til. Adem\u00e1s, su dise\u00f1o robusto incluye nuevo recubrimiento poliurea para una mayor durabilidad, detalles en cubre polvo en la rejilla que a\u00f1aden un toque est\u00e9tico \u00fanico, y agarraderas de metal para facilitar el transporte y la manipulaci\u00f3n. Dise\u00f1ados para instalaciones fijas y giras, son ideales para una variedad de aplicaciones, desde salas de conferencias hasta eventos de DJ. El modelo SA315 III ofrece dos entradas combo en el Canal A y un puerto de audio en el Canal B para una conectividad flexible. Con opciones de montaje que incluyen cable de acero, barra de acoplamiento o soporte de tres patas, y compatibilidad con una variedad de accesorios, los altavoces SA315 III proporcionan una soluci\u00f3n completa y vers\u00e1til para cualquier entorno de audio.\" \/>\n<meta name=\"robots\" content=\"index, follow, max-snippet:-1, max-image-preview:large, max-video-preview:-1\" \/>\n<link rel=\"canonical\" href=\"https:\/\/www.mexicanguitarplayers.com\/en\/tienda\/sin%20categor\u00eda\/bafle-audiocenter-mod-sa315-iii\/\" \/>\n<meta property=\"og:locale\" content=\"en_US\" \/>\n<meta property=\"og:type\" content=\"article\" \/>\n<meta property=\"og:title\" content=\"BAFLE AUDIOCENTER MOD. SA315 III - Mexican Guitar Players\" \/>\n<meta property=\"og:description\" content=\"La serie SA3 de Audiocenter, representada por el modelo SA315 III, se destaca como una gama de altavoces activos controlados por DSP de alto rendimiento y excelente relaci\u00f3n calidad-precio. Equipados con la avanzada tecnolog\u00eda BrainCore, los altavoces SA315 III analizan y procesan la se\u00f1al de entrada de manera \u00f3ptima, optimizando el rendimiento del sistema de audio. Con Bluetooth incorporado, permiten una f\u00e1cil conexi\u00f3n con varios dispositivos Bluetooth para una reproducci\u00f3n de audio vers\u00e1til. Adem\u00e1s, su dise\u00f1o robusto incluye nuevo recubrimiento poliurea para una mayor durabilidad, detalles en cubre polvo en la rejilla que a\u00f1aden un toque est\u00e9tico \u00fanico, y agarraderas de metal para facilitar el transporte y la manipulaci\u00f3n. Dise\u00f1ados para instalaciones fijas y giras, son ideales para una variedad de aplicaciones, desde salas de conferencias hasta eventos de DJ. El modelo SA315 III ofrece dos entradas combo en el Canal A y un puerto de audio en el Canal B para una conectividad flexible. Con opciones de montaje que incluyen cable de acero, barra de acoplamiento o soporte de tres patas, y compatibilidad con una variedad de accesorios, los altavoces SA315 III proporcionan una soluci\u00f3n completa y vers\u00e1til para cualquier entorno de audio.\" \/>\n<meta property=\"og:url\" content=\"https:\/\/www.mexicanguitarplayers.com\/en\/tienda\/sin categor\u00eda\/bafle-audiocenter-mod-sa315-iii\/\" \/>\n<meta property=\"og:site_name\" content=\"Mexican Guitar Players\" \/>\n<meta property=\"article:modified_time\" content=\"2026-04-11T10:15:30+00:00\" \/>\n<meta name=\"twitter:card\" content=\"summary_large_image\" \/>\n<meta name=\"twitter:label1\" content=\"Est. reading time\" \/>\n\t<meta name=\"twitter:data1\" content=\"1 minute\" \/>\n<script type=\"application\/ld+json\" class=\"yoast-schema-graph\">{\"@context\":\"https:\\\/\\\/schema.org\",\"@graph\":[{\"@type\":[\"WebPage\",\"ItemPage\"],\"@id\":\"https:\\\/\\\/www.mexicanguitarplayers.com\\\/tienda\\\/sin categor\u00eda\\\/bafle-audiocenter-mod-sa315-iii\\\/\",\"url\":\"https:\\\/\\\/www.mexicanguitarplayers.com\\\/tienda\\\/sin categor\u00eda\\\/bafle-audiocenter-mod-sa315-iii\\\/\",\"name\":\"BAFLE AUDIOCENTER MOD. SA315 III - Mexican Guitar Players\",\"isPartOf\":{\"@id\":\"https:\\\/\\\/www.mexicanguitarplayers.com\\\/#website\"},\"primaryImageOfPage\":{\"@id\":\"https:\\\/\\\/www.mexicanguitarplayers.com\\\/tienda\\\/sin categor\u00eda\\\/bafle-audiocenter-mod-sa315-iii\\\/#primaryimage\"},\"image\":{\"@id\":\"https:\\\/\\\/www.mexicanguitarplayers.com\\\/tienda\\\/sin categor\u00eda\\\/bafle-audiocenter-mod-sa315-iii\\\/#primaryimage\"},\"thumbnailUrl\":\"https:\\\/\\\/www.mexicanguitarplayers.com\\\/wp-content\\\/uploads\\\/2025\\\/04\\\/IAACTSA315III.jpg\",\"datePublished\":\"2025-04-07T03:27:19+00:00\",\"dateModified\":\"2026-04-11T10:15:30+00:00\",\"description\":\"La serie SA3 de Audiocenter, representada por el modelo SA315 III, se destaca como una gama de altavoces activos controlados por DSP de alto rendimiento y excelente relaci\u00f3n calidad-precio. Equipados con la avanzada tecnolog\u00eda BrainCore, los altavoces SA315 III analizan y procesan la se\u00f1al de entrada de manera \u00f3ptima, optimizando el rendimiento del sistema de audio. Con Bluetooth incorporado, permiten una f\u00e1cil conexi\u00f3n con varios dispositivos Bluetooth para una reproducci\u00f3n de audio vers\u00e1til. Adem\u00e1s, su dise\u00f1o robusto incluye nuevo recubrimiento poliurea para una mayor durabilidad, detalles en cubre polvo en la rejilla que a\u00f1aden un toque est\u00e9tico \u00fanico, y agarraderas de metal para facilitar el transporte y la manipulaci\u00f3n. Dise\u00f1ados para instalaciones fijas y giras, son ideales para una variedad de aplicaciones, desde salas de conferencias hasta eventos de DJ. El modelo SA315 III ofrece dos entradas combo en el Canal A y un puerto de audio en el Canal B para una conectividad flexible. Con opciones de montaje que incluyen cable de acero, barra de acoplamiento o soporte de tres patas, y compatibilidad con una variedad de accesorios, los altavoces SA315 III proporcionan una soluci\u00f3n completa y vers\u00e1til para cualquier entorno de audio.\",\"breadcrumb\":{\"@id\":\"https:\\\/\\\/www.mexicanguitarplayers.com\\\/tienda\\\/sin categor\u00eda\\\/bafle-audiocenter-mod-sa315-iii\\\/#breadcrumb\"},\"inLanguage\":\"en-US\",\"potentialAction\":[{\"@type\":\"ReadAction\",\"target\":[\"https:\\\/\\\/www.mexicanguitarplayers.com\\\/tienda\\\/sin categor\u00eda\\\/bafle-audiocenter-mod-sa315-iii\\\/\"]}]},{\"@type\":\"ImageObject\",\"inLanguage\":\"en-US\",\"@id\":\"https:\\\/\\\/www.mexicanguitarplayers.com\\\/tienda\\\/sin categor\u00eda\\\/bafle-audiocenter-mod-sa315-iii\\\/#primaryimage\",\"url\":\"https:\\\/\\\/www.mexicanguitarplayers.com\\\/wp-content\\\/uploads\\\/2025\\\/04\\\/IAACTSA315III.jpg\",\"contentUrl\":\"https:\\\/\\\/www.mexicanguitarplayers.com\\\/wp-content\\\/uploads\\\/2025\\\/04\\\/IAACTSA315III.jpg\",\"width\":1200,\"height\":1200},{\"@type\":\"BreadcrumbList\",\"@id\":\"https:\\\/\\\/www.mexicanguitarplayers.com\\\/tienda\\\/sin categor\u00eda\\\/bafle-audiocenter-mod-sa315-iii\\\/#breadcrumb\",\"itemListElement\":[{\"@type\":\"ListItem\",\"position\":1,\"name\":\"Portada\",\"item\":\"https:\\\/\\\/www.mexicanguitarplayers.com\\\/\"},{\"@type\":\"ListItem\",\"position\":2,\"name\":\"Tienda\",\"item\":\"https:\\\/\\\/www.mexicanguitarplayers.com\\\/tienda\\\/\"},{\"@type\":\"ListItem\",\"position\":3,\"name\":\"BAFLE AUDIOCENTER MOD. SA315 III\"}]},{\"@type\":\"WebSite\",\"@id\":\"https:\\\/\\\/www.mexicanguitarplayers.com\\\/#website\",\"url\":\"https:\\\/\\\/www.mexicanguitarplayers.com\\\/\",\"name\":\"Mexican Guitar Players\",\"description\":\"Website\",\"publisher\":{\"@id\":\"https:\\\/\\\/www.mexicanguitarplayers.com\\\/#organization\"},\"potentialAction\":[{\"@type\":\"SearchAction\",\"target\":{\"@type\":\"EntryPoint\",\"urlTemplate\":\"https:\\\/\\\/www.mexicanguitarplayers.com\\\/?s={search_term_string}\"},\"query-input\":{\"@type\":\"PropertyValueSpecification\",\"valueRequired\":true,\"valueName\":\"search_term_string\"}}],\"inLanguage\":\"en-US\"},{\"@type\":\"Organization\",\"@id\":\"https:\\\/\\\/www.mexicanguitarplayers.com\\\/#organization\",\"name\":\"Mexican Guitar Players\",\"url\":\"https:\\\/\\\/www.mexicanguitarplayers.com\\\/\",\"logo\":{\"@type\":\"ImageObject\",\"inLanguage\":\"en-US\",\"@id\":\"https:\\\/\\\/www.mexicanguitarplayers.com\\\/#\\\/schema\\\/logo\\\/image\\\/\",\"url\":\"\",\"contentUrl\":\"\",\"caption\":\"Mexican Guitar Players\"},\"image\":{\"@id\":\"https:\\\/\\\/www.mexicanguitarplayers.com\\\/#\\\/schema\\\/logo\\\/image\\\/\"}}]}<\/script>\n<!-- \/ Yoast SEO plugin. -->","yoast_head_json":{"title":"BAFLE AUDIOCENTER MOD. SA315 III - Mexican Guitar Players","description":"La serie SA3 de Audiocenter, representada por el modelo SA315 III, se destaca como una gama de altavoces activos controlados por DSP de alto rendimiento y excelente relaci\u00f3n calidad-precio. Equipados con la avanzada tecnolog\u00eda BrainCore, los altavoces SA315 III analizan y procesan la se\u00f1al de entrada de manera \u00f3ptima, optimizando el rendimiento del sistema de audio. Con Bluetooth incorporado, permiten una f\u00e1cil conexi\u00f3n con varios dispositivos Bluetooth para una reproducci\u00f3n de audio vers\u00e1til. Adem\u00e1s, su dise\u00f1o robusto incluye nuevo recubrimiento poliurea para una mayor durabilidad, detalles en cubre polvo en la rejilla que a\u00f1aden un toque est\u00e9tico \u00fanico, y agarraderas de metal para facilitar el transporte y la manipulaci\u00f3n. Dise\u00f1ados para instalaciones fijas y giras, son ideales para una variedad de aplicaciones, desde salas de conferencias hasta eventos de DJ. El modelo SA315 III ofrece dos entradas combo en el Canal A y un puerto de audio en el Canal B para una conectividad flexible. Con opciones de montaje que incluyen cable de acero, barra de acoplamiento o soporte de tres patas, y compatibilidad con una variedad de accesorios, los altavoces SA315 III proporcionan una soluci\u00f3n completa y vers\u00e1til para cualquier entorno de audio.","robots":{"index":"index","follow":"follow","max-snippet":"max-snippet:-1","max-image-preview":"max-image-preview:large","max-video-preview":"max-video-preview:-1"},"canonical":"https:\/\/www.mexicanguitarplayers.com\/en\/tienda\/sin categor\u00eda\/bafle-audiocenter-mod-sa315-iii\/","og_locale":"en_US","og_type":"article","og_title":"BAFLE AUDIOCENTER MOD. SA315 III - Mexican Guitar Players","og_description":"La serie SA3 de Audiocenter, representada por el modelo SA315 III, se destaca como una gama de altavoces activos controlados por DSP de alto rendimiento y excelente relaci\u00f3n calidad-precio. Equipados con la avanzada tecnolog\u00eda BrainCore, los altavoces SA315 III analizan y procesan la se\u00f1al de entrada de manera \u00f3ptima, optimizando el rendimiento del sistema de audio. Con Bluetooth incorporado, permiten una f\u00e1cil conexi\u00f3n con varios dispositivos Bluetooth para una reproducci\u00f3n de audio vers\u00e1til. Adem\u00e1s, su dise\u00f1o robusto incluye nuevo recubrimiento poliurea para una mayor durabilidad, detalles en cubre polvo en la rejilla que a\u00f1aden un toque est\u00e9tico \u00fanico, y agarraderas de metal para facilitar el transporte y la manipulaci\u00f3n. Dise\u00f1ados para instalaciones fijas y giras, son ideales para una variedad de aplicaciones, desde salas de conferencias hasta eventos de DJ. El modelo SA315 III ofrece dos entradas combo en el Canal A y un puerto de audio en el Canal B para una conectividad flexible. Con opciones de montaje que incluyen cable de acero, barra de acoplamiento o soporte de tres patas, y compatibilidad con una variedad de accesorios, los altavoces SA315 III proporcionan una soluci\u00f3n completa y vers\u00e1til para cualquier entorno de audio.","og_url":"https:\/\/www.mexicanguitarplayers.com\/en\/tienda\/sin categor\u00eda\/bafle-audiocenter-mod-sa315-iii\/","og_site_name":"Mexican Guitar Players","article_modified_time":"2026-04-11T10:15:30+00:00","twitter_card":"summary_large_image","twitter_misc":{"Est. reading time":"1 minute"},"schema":{"@context":"https:\/\/schema.org","@graph":[{"@type":["WebPage","ItemPage"],"@id":"https:\/\/www.mexicanguitarplayers.com\/tienda\/sin categor\u00eda\/bafle-audiocenter-mod-sa315-iii\/","url":"https:\/\/www.mexicanguitarplayers.com\/tienda\/sin categor\u00eda\/bafle-audiocenter-mod-sa315-iii\/","name":"BAFLE AUDIOCENTER MOD. SA315 III - Mexican Guitar Players","isPartOf":{"@id":"https:\/\/www.mexicanguitarplayers.com\/#website"},"primaryImageOfPage":{"@id":"https:\/\/www.mexicanguitarplayers.com\/tienda\/sin categor\u00eda\/bafle-audiocenter-mod-sa315-iii\/#primaryimage"},"image":{"@id":"https:\/\/www.mexicanguitarplayers.com\/tienda\/sin categor\u00eda\/bafle-audiocenter-mod-sa315-iii\/#primaryimage"},"thumbnailUrl":"https:\/\/www.mexicanguitarplayers.com\/wp-content\/uploads\/2025\/04\/IAACTSA315III.jpg","datePublished":"2025-04-07T03:27:19+00:00","dateModified":"2026-04-11T10:15:30+00:00","description":"La serie SA3 de Audiocenter, representada por el modelo SA315 III, se destaca como una gama de altavoces activos controlados por DSP de alto rendimiento y excelente relaci\u00f3n calidad-precio. Equipados con la avanzada tecnolog\u00eda BrainCore, los altavoces SA315 III analizan y procesan la se\u00f1al de entrada de manera \u00f3ptima, optimizando el rendimiento del sistema de audio. Con Bluetooth incorporado, permiten una f\u00e1cil conexi\u00f3n con varios dispositivos Bluetooth para una reproducci\u00f3n de audio vers\u00e1til. Adem\u00e1s, su dise\u00f1o robusto incluye nuevo recubrimiento poliurea para una mayor durabilidad, detalles en cubre polvo en la rejilla que a\u00f1aden un toque est\u00e9tico \u00fanico, y agarraderas de metal para facilitar el transporte y la manipulaci\u00f3n. Dise\u00f1ados para instalaciones fijas y giras, son ideales para una variedad de aplicaciones, desde salas de conferencias hasta eventos de DJ. El modelo SA315 III ofrece dos entradas combo en el Canal A y un puerto de audio en el Canal B para una conectividad flexible. Con opciones de montaje que incluyen cable de acero, barra de acoplamiento o soporte de tres patas, y compatibilidad con una variedad de accesorios, los altavoces SA315 III proporcionan una soluci\u00f3n completa y vers\u00e1til para cualquier entorno de audio.","breadcrumb":{"@id":"https:\/\/www.mexicanguitarplayers.com\/tienda\/sin categor\u00eda\/bafle-audiocenter-mod-sa315-iii\/#breadcrumb"},"inLanguage":"en-US","potentialAction":[{"@type":"ReadAction","target":["https:\/\/www.mexicanguitarplayers.com\/tienda\/sin categor\u00eda\/bafle-audiocenter-mod-sa315-iii\/"]}]},{"@type":"ImageObject","inLanguage":"en-US","@id":"https:\/\/www.mexicanguitarplayers.com\/tienda\/sin categor\u00eda\/bafle-audiocenter-mod-sa315-iii\/#primaryimage","url":"https:\/\/www.mexicanguitarplayers.com\/wp-content\/uploads\/2025\/04\/IAACTSA315III.jpg","contentUrl":"https:\/\/www.mexicanguitarplayers.com\/wp-content\/uploads\/2025\/04\/IAACTSA315III.jpg","width":1200,"height":1200},{"@type":"BreadcrumbList","@id":"https:\/\/www.mexicanguitarplayers.com\/tienda\/sin categor\u00eda\/bafle-audiocenter-mod-sa315-iii\/#breadcrumb","itemListElement":[{"@type":"ListItem","position":1,"name":"Portada","item":"https:\/\/www.mexicanguitarplayers.com\/"},{"@type":"ListItem","position":2,"name":"Tienda","item":"https:\/\/www.mexicanguitarplayers.com\/tienda\/"},{"@type":"ListItem","position":3,"name":"BAFLE AUDIOCENTER MOD. SA315 III"}]},{"@type":"WebSite","@id":"https:\/\/www.mexicanguitarplayers.com\/#website","url":"https:\/\/www.mexicanguitarplayers.com\/","name":"Mexican Guitar Players","description":"Website","publisher":{"@id":"https:\/\/www.mexicanguitarplayers.com\/#organization"},"potentialAction":[{"@type":"SearchAction","target":{"@type":"EntryPoint","urlTemplate":"https:\/\/www.mexicanguitarplayers.com\/?s={search_term_string}"},"query-input":{"@type":"PropertyValueSpecification","valueRequired":true,"valueName":"search_term_string"}}],"inLanguage":"en-US"},{"@type":"Organization","@id":"https:\/\/www.mexicanguitarplayers.com\/#organization","name":"Mexican Guitar Players","url":"https:\/\/www.mexicanguitarplayers.com\/","logo":{"@type":"ImageObject","inLanguage":"en-US","@id":"https:\/\/www.mexicanguitarplayers.com\/#\/schema\/logo\/image\/","url":"","contentUrl":"","caption":"Mexican Guitar Players"},"image":{"@id":"https:\/\/www.mexicanguitarplayers.com\/#\/schema\/logo\/image\/"}}]}},"brands":[{"id":525,"name":"AUDIOCENTER","slug":"audiocenter"}],"_links":{"self":[{"href":"https:\/\/www.mexicanguitarplayers.com\/en\/wp-json\/wp\/v2\/product\/26242","targetHints":{"allow":["GET"]}}],"collection":[{"href":"https:\/\/www.mexicanguitarplayers.com\/en\/wp-json\/wp\/v2\/product"}],"about":[{"href":"https:\/\/www.mexicanguitarplayers.com\/en\/wp-json\/wp\/v2\/types\/product"}],"replies":[{"embeddable":true,"href":"https:\/\/www.mexicanguitarplayers.com\/en\/wp-json\/wp\/v2\/comments?post=26242"}],"wp:featuredmedia":[{"embeddable":true,"href":"https:\/\/www.mexicanguitarplayers.com\/en\/wp-json\/wp\/v2\/media\/26233"}],"wp:attachment":[{"href":"https:\/\/www.mexicanguitarplayers.com\/en\/wp-json\/wp\/v2\/media?parent=26242"}],"wp:term":[{"taxonomy":"pwb-brand","embeddable":true,"href":"https:\/\/www.mexicanguitarplayers.com\/en\/wp-json\/wp\/v2\/pwb-brand?post=26242"},{"taxonomy":"product_brand","embeddable":true,"href":"https:\/\/www.mexicanguitarplayers.com\/en\/wp-json\/wp\/v2\/product_brand?post=26242"},{"taxonomy":"product_cat","embeddable":true,"href":"https:\/\/www.mexicanguitarplayers.com\/en\/wp-json\/wp\/v2\/product_cat?post=26242"},{"taxonomy":"product_tag","embeddable":true,"href":"https:\/\/www.mexicanguitarplayers.com\/en\/wp-json\/wp\/v2\/product_tag?post=26242"}],"curies":[{"name":"wp","href":"https:\/\/api.w.org\/{rel}","templated":true}]}}