{"id":26253,"date":"2025-04-06T21:27:56","date_gmt":"2025-04-07T03:27:56","guid":{"rendered":"https:\/\/www.mexicanguitarplayers.com\/tienda\/sin categor\u00eda\/controlador-behringer-mod-x-touch-one\/"},"modified":"2026-05-01T07:28:35","modified_gmt":"2026-05-01T13:28:35","slug":"controlador-behringer-mod-x-touch-one","status":"publish","type":"product","link":"https:\/\/www.mexicanguitarplayers.com\/en\/tienda\/teclas\/sintetizador-y-controlador\/controlador-midi\/controlador-behringer-mod-x-touch-one\/","title":{"rendered":"CONTROLADOR BEHRINGER MOD. X-TOUCH ONE"},"content":{"rendered":"<div style=\"text-align: justify\">\n<div>\n<h3>Control a tu antojo.<\/h3>\n<\/div>\n<div>Pon tus manos en la m\u00fasica con la superficie de control universal X-TOUCH ONE. Este brillante controlador tiene todo lo que necesitas para tu estudio en casa o tu configuraci\u00f3n en vivo, pero puede crecer a medida que expandes tus necesidades. Desde el fader motorizado sensible al tacto y LCD Scribble Strip din\u00e1mica, hasta el codificador giratorio, los 34 botones iluminados, el medidor de LED de 8 segmentos, la rueda grande de jog\/shuttle y los controles de transporte dedicados, el X-TOUCH ONE es una superficie llena de funciones para un control preciso y una vista panor\u00e1mica de tus par\u00e1metros cr\u00edticos de mezcla. Universalmente tuyo. Cuando se trata de integraci\u00f3n, X-TOUCH ONE lo cubre con los protocolos m\u00e1s utilizados en la industria. Con el soporte incluido para HUI y Mackie Control, puedes estar seguro de que funcionar\u00e1 a la perfecci\u00f3n con todos los software de producci\u00f3n de m\u00fasica compatibles, permiti\u00e9ndote concentrarte en lo que cuenta&#8230; la m\u00fasica. Incluye plantillas DAW etiquetadas X-TOUCH ONE es compatible con los protocolos de comunicaci\u00f3n Mackie Control, HUI y MIDI para una integraci\u00f3n perfecta con cada software de producci\u00f3n de m\u00fasica compatible. El texto impreso en el panel superior corresponde al protocolo est\u00e1ndar Mackie Control MC. Tambi\u00e9n tiene la opci\u00f3n de modo Usuario MC, que te permite asignar funciones MC espec\u00edficas a cualquiera de los botones (excepto los cinco botones superiores en la secci\u00f3n Maestro \/ Canal). Para facilitar el trabajo con los DAW compatibles m\u00e1s populares, hemos incluido plantillas de superposici\u00f3n etiquetadas para el X-TOUCH ONE que indican las funciones t\u00edpicas de los botones para cada DAW. El fader baila con tu m\u00fasica Tu m\u00fasica es la encarnaci\u00f3n de tu imaginaci\u00f3n y creatividad. Tu controlador debe ser igualmente inspirado y din\u00e1mico en su respuesta a tu creaci\u00f3n. Es por eso que el X-TOUCH ONE cuenta con un fader motorizado de 100 mm totalmente autom\u00e1tico y sensible al tacto. Cada movimiento o automatizaci\u00f3n que escribes, se puede ver en los movimientos del fader en tiempo real, perfectamente sincronizados con tu DAW.<\/div>\n<div>\n<h4>Quick look<\/h4>\n<\/div>\n<ul style=\"margin: 0px 0px 0px 25px\">\n<li style=\"list-style-type: circle;margin: 5px\">Controls<\/li>\n<li style=\"list-style-type: circle;margin: 5px\">Display.<\/li>\n<li style=\"list-style-type: circle;margin: 5px\">Conexi\u00f3n a computadora.<\/li>\n<li style=\"list-style-type: circle;margin: 5px\">USB Hub.<\/li>\n<li style=\"list-style-type: circle;margin: 5px\">Power supply.<\/li>\n<li style=\"list-style-type: circle;margin: 5px\">Rango de temperatura de funcionamiento.<\/li>\n<li style=\"list-style-type: circle;margin: 5px\">Dimensions.<\/li>\n<li style=\"list-style-type: circle;margin: 5px\">Weight.<\/li>\n<\/ul>\n<div>\n<div style=\"font-weight: bold\">Controls<\/div>\n<div>\n<p>Control Giratorio\/Push con collar de LED: 1. Botones con LED retro iluminado: 34. Fader: 1 fader motorizado de 100 mm sensible al tacto. Rueda: 1 jog\/shuttle. Footswitch: TS \u00bc\u201d.<\/p>\n<\/div>\n<div style=\"font-weight: bold\">Display.<\/div>\n<div>\n<p>Tiempo: 10 LEDs de 7 segmentos. Posici\u00f3n del control giratorio: LED de 13 segmentos. Asignaci\u00f3n: 2 LEDs de 7 segmentos. Nivel de canal: LED de 8 segmentos con SIG y CLIP. Display de canal: 1 LCD Scribble Strip a color.<\/p>\n<\/div>\n<div style=\"font-weight: bold\">Conexi\u00f3n a computadora.<\/div>\n<div>\n<p>USB 2.0 tipo B.<\/p>\n<\/div>\n<div style=\"font-weight: bold\">USB Hub.<\/div>\n<div>\n<p>Tipo: Multi-TT USB 2.0. Conectores: 2 USB 2.0 tipo A. Voltaje (USB a dispositivos externos): 5 V.<\/p>\n<\/div>\n<div style=\"font-weight: bold\">Power supply.<\/div>\n<div>\n<p>Tipo: Fuente de alimentaci\u00f3n externa. Entrada de adaptador de corriente: 9 V DC. Consumo de energ\u00eda: 15 W.<\/p>\n<\/div>\n<div style=\"font-weight: bold\">Rango de temperatura de funcionamiento.<\/div>\n<div>\n<p>5\u00b0C &#8211; 40\u00b0C.<\/p>\n<\/div>\n<div style=\"font-weight: bold\">Dimensions.<\/div>\n<div>\n<p>65 x 196 x 233 mm.<\/p>\n<\/div>\n<div style=\"font-weight: bold\">Weight.<\/div>\n<div>\n<p>1.5 kg.<\/p>\n<\/div>\n<\/div>\n<\/div>","protected":false},"excerpt":{"rendered":"<p>Superficie de control universal con fader de motor sensible al tacto y LCD Scribble Strip, control remoto universal DAW para aplicaciones en vivo y en estudio, soporta protocolos HUI y Mackie Control para una integraci\u00f3n perfecta con cada software de producci\u00f3n de m\u00fasica compatible, varios ajustes prestablecidos de asignaci\u00f3n que admiten las principales DAW, pre ajustes de usuario que asigna los par\u00e1metros de Mackie Control a los botones preferidos por el usuario, varios modos MIDI est\u00e1ndar con asignaciones de nota o CC y funcionamiento del codificador absoluto o relativo, fader motorizado 100% automatizado y sensible al tacto, LCD Dynamic Scribble Strip para una visi\u00f3n general instant\u00e1nea de los nombres y par\u00e1metros de las pistas, control giratorio con collar LED para ajustes sobre la marcha, 34 botones iluminados dedicados para acceso directo a funciones clave, medidor LED de 8 segmentos para control de nivel, grandes controles de transporte jog\/shuttle wheel y tape-style para una operaci\u00f3n intuitiva, concentrador USB multi-TT con alimentaci\u00f3n de 2 puertos para conectar controladores adicionales, conector de pedal dedicado para control remoto externo, fuente de alimentaci\u00f3n conmutada \u201dPlanet Earth\u201d para m\u00e1xima flexibilidad (100 &#8211; 240 V~) y bajo consumo de energ\u00eda para ahorrar energ\u00eda, dimensiones: 65 x 196 x 233 mm, peso: 1.5 kg.&hellip; <a class=\"kt-excerpt-readmore more-link\" href=\"https:\/\/www.mexicanguitarplayers.com\/en\/tienda\/teclas\/sintetizador-y-controlador\/controlador-midi\/controlador-behringer-mod-x-touch-one\/\">Read more<\/a><\/p>","protected":false},"featured_media":26248,"comment_status":"open","ping_status":"closed","template":"","meta":{"kt_blocks_editor_width":""},"pwb-brand":[171],"product_brand":[],"product_cat":[387,386,376],"product_tag":[],"class_list":{"0":"post-26253","1":"product","2":"type-product","3":"status-publish","4":"has-post-thumbnail","6":"pwb-brand-behringer","7":"product_cat-controlador-midi","8":"product_cat-sintetizador-y-controlador","9":"product_cat-teclas","10":"product_shipping_class-0-5-kg","12":"first","13":"instock","14":"taxable","15":"shipping-taxable","16":"purchasable","17":"product-type-simple"},"yoast_head":"<!-- This site is optimized with the Yoast SEO plugin v27.6 - https:\/\/yoast.com\/product\/yoast-seo-wordpress\/ -->\n<title>CONTROLADOR BEHRINGER MOD. X-TOUCH ONE - Mexican Guitar Players<\/title>\n<meta name=\"description\" content=\"Superficie de control universal con fader de motor sensible al tacto y LCD Scribble Strip, control remoto universal DAW para aplicaciones en vivo y en estudio, soporta protocolos HUI y Mackie Control para una integraci\u00f3n perfecta con cada software de producci\u00f3n de m\u00fasica compatible, varios ajustes prestablecidos de asignaci\u00f3n que admiten las principales DAW, pre ajustes de usuario que asigna los par\u00e1metros de Mackie Control a los botones preferidos por el usuario, varios modos MIDI est\u00e1ndar con asignaciones de nota o CC y funcionamiento del codificador absoluto o relativo, fader motorizado 100% automatizado y sensible al tacto, LCD Dynamic Scribble Strip para una visi\u00f3n general instant\u00e1nea de los nombres y par\u00e1metros de las pistas, control giratorio con collar LED para ajustes sobre la marcha, 34 botones iluminados dedicados para acceso directo a funciones clave, medidor LED de 8 segmentos para control de nivel, grandes controles de transporte jog\/shuttle wheel y tape-style para una operaci\u00f3n intuitiva, concentrador USB multi-TT con alimentaci\u00f3n de 2 puertos para conectar controladores adicionales, conector de pedal dedicado para control remoto externo, fuente de alimentaci\u00f3n conmutada \u201dPlanet Earth\u201d para m\u00e1xima flexibilidad (100 - 240 V~) y bajo consumo de energ\u00eda para ahorrar energ\u00eda, dimensiones: 65 x 196 x 233 mm, peso: 1.5 kg.\" \/>\n<meta name=\"robots\" content=\"index, follow, max-snippet:-1, max-image-preview:large, max-video-preview:-1\" \/>\n<link rel=\"canonical\" href=\"https:\/\/www.mexicanguitarplayers.com\/en\/tienda\/sin%20categor\u00eda\/controlador-behringer-mod-x-touch-one\/\" \/>\n<meta property=\"og:locale\" content=\"en_US\" \/>\n<meta property=\"og:type\" content=\"article\" \/>\n<meta property=\"og:title\" content=\"CONTROLADOR BEHRINGER MOD. X-TOUCH ONE - Mexican Guitar Players\" \/>\n<meta property=\"og:description\" content=\"Superficie de control universal con fader de motor sensible al tacto y LCD Scribble Strip, control remoto universal DAW para aplicaciones en vivo y en estudio, soporta protocolos HUI y Mackie Control para una integraci\u00f3n perfecta con cada software de producci\u00f3n de m\u00fasica compatible, varios ajustes prestablecidos de asignaci\u00f3n que admiten las principales DAW, pre ajustes de usuario que asigna los par\u00e1metros de Mackie Control a los botones preferidos por el usuario, varios modos MIDI est\u00e1ndar con asignaciones de nota o CC y funcionamiento del codificador absoluto o relativo, fader motorizado 100% automatizado y sensible al tacto, LCD Dynamic Scribble Strip para una visi\u00f3n general instant\u00e1nea de los nombres y par\u00e1metros de las pistas, control giratorio con collar LED para ajustes sobre la marcha, 34 botones iluminados dedicados para acceso directo a funciones clave, medidor LED de 8 segmentos para control de nivel, grandes controles de transporte jog\/shuttle wheel y tape-style para una operaci\u00f3n intuitiva, concentrador USB multi-TT con alimentaci\u00f3n de 2 puertos para conectar controladores adicionales, conector de pedal dedicado para control remoto externo, fuente de alimentaci\u00f3n conmutada \u201dPlanet Earth\u201d para m\u00e1xima flexibilidad (100 - 240 V~) y bajo consumo de energ\u00eda para ahorrar energ\u00eda, dimensiones: 65 x 196 x 233 mm, peso: 1.5 kg.\" \/>\n<meta property=\"og:url\" content=\"https:\/\/www.mexicanguitarplayers.com\/en\/tienda\/sin categor\u00eda\/controlador-behringer-mod-x-touch-one\/\" \/>\n<meta property=\"og:site_name\" content=\"Mexican Guitar Players\" \/>\n<meta property=\"article:modified_time\" content=\"2026-05-01T13:28:35+00:00\" \/>\n<meta name=\"twitter:card\" content=\"summary_large_image\" \/>\n<meta name=\"twitter:label1\" content=\"Est. reading time\" \/>\n\t<meta name=\"twitter:data1\" content=\"3 minutes\" \/>\n<script type=\"application\/ld+json\" class=\"yoast-schema-graph\">{\"@context\":\"https:\\\/\\\/schema.org\",\"@graph\":[{\"@type\":[\"WebPage\",\"ItemPage\"],\"@id\":\"https:\\\/\\\/www.mexicanguitarplayers.com\\\/tienda\\\/sin categor\u00eda\\\/controlador-behringer-mod-x-touch-one\\\/\",\"url\":\"https:\\\/\\\/www.mexicanguitarplayers.com\\\/tienda\\\/sin categor\u00eda\\\/controlador-behringer-mod-x-touch-one\\\/\",\"name\":\"CONTROLADOR BEHRINGER MOD. X-TOUCH ONE - Mexican Guitar Players\",\"isPartOf\":{\"@id\":\"https:\\\/\\\/www.mexicanguitarplayers.com\\\/#website\"},\"primaryImageOfPage\":{\"@id\":\"https:\\\/\\\/www.mexicanguitarplayers.com\\\/tienda\\\/sin categor\u00eda\\\/controlador-behringer-mod-x-touch-one\\\/#primaryimage\"},\"image\":{\"@id\":\"https:\\\/\\\/www.mexicanguitarplayers.com\\\/tienda\\\/sin categor\u00eda\\\/controlador-behringer-mod-x-touch-one\\\/#primaryimage\"},\"thumbnailUrl\":\"https:\\\/\\\/www.mexicanguitarplayers.com\\\/wp-content\\\/uploads\\\/2025\\\/04\\\/IABEHXTOUCHONE.jpg\",\"datePublished\":\"2025-04-07T03:27:56+00:00\",\"dateModified\":\"2026-05-01T13:28:35+00:00\",\"description\":\"Superficie de control universal con fader de motor sensible al tacto y LCD Scribble Strip, control remoto universal DAW para aplicaciones en vivo y en estudio, soporta protocolos HUI y Mackie Control para una integraci\u00f3n perfecta con cada software de producci\u00f3n de m\u00fasica compatible, varios ajustes prestablecidos de asignaci\u00f3n que admiten las principales DAW, pre ajustes de usuario que asigna los par\u00e1metros de Mackie Control a los botones preferidos por el usuario, varios modos MIDI est\u00e1ndar con asignaciones de nota o CC y funcionamiento del codificador absoluto o relativo, fader motorizado 100% automatizado y sensible al tacto, LCD Dynamic Scribble Strip para una visi\u00f3n general instant\u00e1nea de los nombres y par\u00e1metros de las pistas, control giratorio con collar LED para ajustes sobre la marcha, 34 botones iluminados dedicados para acceso directo a funciones clave, medidor LED de 8 segmentos para control de nivel, grandes controles de transporte jog\\\/shuttle wheel y tape-style para una operaci\u00f3n intuitiva, concentrador USB multi-TT con alimentaci\u00f3n de 2 puertos para conectar controladores adicionales, conector de pedal dedicado para control remoto externo, fuente de alimentaci\u00f3n conmutada \u201dPlanet Earth\u201d para m\u00e1xima flexibilidad (100 - 240 V~) y bajo consumo de energ\u00eda para ahorrar energ\u00eda, dimensiones: 65 x 196 x 233 mm, peso: 1.5 kg.\",\"breadcrumb\":{\"@id\":\"https:\\\/\\\/www.mexicanguitarplayers.com\\\/tienda\\\/sin categor\u00eda\\\/controlador-behringer-mod-x-touch-one\\\/#breadcrumb\"},\"inLanguage\":\"en-US\",\"potentialAction\":[{\"@type\":\"ReadAction\",\"target\":[\"https:\\\/\\\/www.mexicanguitarplayers.com\\\/tienda\\\/sin categor\u00eda\\\/controlador-behringer-mod-x-touch-one\\\/\"]}]},{\"@type\":\"ImageObject\",\"inLanguage\":\"en-US\",\"@id\":\"https:\\\/\\\/www.mexicanguitarplayers.com\\\/tienda\\\/sin categor\u00eda\\\/controlador-behringer-mod-x-touch-one\\\/#primaryimage\",\"url\":\"https:\\\/\\\/www.mexicanguitarplayers.com\\\/wp-content\\\/uploads\\\/2025\\\/04\\\/IABEHXTOUCHONE.jpg\",\"contentUrl\":\"https:\\\/\\\/www.mexicanguitarplayers.com\\\/wp-content\\\/uploads\\\/2025\\\/04\\\/IABEHXTOUCHONE.jpg\",\"width\":1200,\"height\":1200},{\"@type\":\"BreadcrumbList\",\"@id\":\"https:\\\/\\\/www.mexicanguitarplayers.com\\\/tienda\\\/sin categor\u00eda\\\/controlador-behringer-mod-x-touch-one\\\/#breadcrumb\",\"itemListElement\":[{\"@type\":\"ListItem\",\"position\":1,\"name\":\"Portada\",\"item\":\"https:\\\/\\\/www.mexicanguitarplayers.com\\\/\"},{\"@type\":\"ListItem\",\"position\":2,\"name\":\"Tienda\",\"item\":\"https:\\\/\\\/www.mexicanguitarplayers.com\\\/tienda\\\/\"},{\"@type\":\"ListItem\",\"position\":3,\"name\":\"CONTROLADOR BEHRINGER MOD. X-TOUCH ONE\"}]},{\"@type\":\"WebSite\",\"@id\":\"https:\\\/\\\/www.mexicanguitarplayers.com\\\/#website\",\"url\":\"https:\\\/\\\/www.mexicanguitarplayers.com\\\/\",\"name\":\"Mexican Guitar Players\",\"description\":\"Website\",\"publisher\":{\"@id\":\"https:\\\/\\\/www.mexicanguitarplayers.com\\\/#organization\"},\"potentialAction\":[{\"@type\":\"SearchAction\",\"target\":{\"@type\":\"EntryPoint\",\"urlTemplate\":\"https:\\\/\\\/www.mexicanguitarplayers.com\\\/?s={search_term_string}\"},\"query-input\":{\"@type\":\"PropertyValueSpecification\",\"valueRequired\":true,\"valueName\":\"search_term_string\"}}],\"inLanguage\":\"en-US\"},{\"@type\":\"Organization\",\"@id\":\"https:\\\/\\\/www.mexicanguitarplayers.com\\\/#organization\",\"name\":\"Mexican Guitar Players\",\"url\":\"https:\\\/\\\/www.mexicanguitarplayers.com\\\/\",\"logo\":{\"@type\":\"ImageObject\",\"inLanguage\":\"en-US\",\"@id\":\"https:\\\/\\\/www.mexicanguitarplayers.com\\\/#\\\/schema\\\/logo\\\/image\\\/\",\"url\":\"\",\"contentUrl\":\"\",\"caption\":\"Mexican Guitar Players\"},\"image\":{\"@id\":\"https:\\\/\\\/www.mexicanguitarplayers.com\\\/#\\\/schema\\\/logo\\\/image\\\/\"}}]}<\/script>\n<!-- \/ Yoast SEO plugin. -->","yoast_head_json":{"title":"CONTROLADOR BEHRINGER MOD. X-TOUCH ONE - Mexican Guitar Players","description":"Superficie de control universal con fader de motor sensible al tacto y LCD Scribble Strip, control remoto universal DAW para aplicaciones en vivo y en estudio, soporta protocolos HUI y Mackie Control para una integraci\u00f3n perfecta con cada software de producci\u00f3n de m\u00fasica compatible, varios ajustes prestablecidos de asignaci\u00f3n que admiten las principales DAW, pre ajustes de usuario que asigna los par\u00e1metros de Mackie Control a los botones preferidos por el usuario, varios modos MIDI est\u00e1ndar con asignaciones de nota o CC y funcionamiento del codificador absoluto o relativo, fader motorizado 100% automatizado y sensible al tacto, LCD Dynamic Scribble Strip para una visi\u00f3n general instant\u00e1nea de los nombres y par\u00e1metros de las pistas, control giratorio con collar LED para ajustes sobre la marcha, 34 botones iluminados dedicados para acceso directo a funciones clave, medidor LED de 8 segmentos para control de nivel, grandes controles de transporte jog\/shuttle wheel y tape-style para una operaci\u00f3n intuitiva, concentrador USB multi-TT con alimentaci\u00f3n de 2 puertos para conectar controladores adicionales, conector de pedal dedicado para control remoto externo, fuente de alimentaci\u00f3n conmutada \u201dPlanet Earth\u201d para m\u00e1xima flexibilidad (100 - 240 V~) y bajo consumo de energ\u00eda para ahorrar energ\u00eda, dimensiones: 65 x 196 x 233 mm, peso: 1.5 kg.","robots":{"index":"index","follow":"follow","max-snippet":"max-snippet:-1","max-image-preview":"max-image-preview:large","max-video-preview":"max-video-preview:-1"},"canonical":"https:\/\/www.mexicanguitarplayers.com\/en\/tienda\/sin categor\u00eda\/controlador-behringer-mod-x-touch-one\/","og_locale":"en_US","og_type":"article","og_title":"CONTROLADOR BEHRINGER MOD. X-TOUCH ONE - Mexican Guitar Players","og_description":"Superficie de control universal con fader de motor sensible al tacto y LCD Scribble Strip, control remoto universal DAW para aplicaciones en vivo y en estudio, soporta protocolos HUI y Mackie Control para una integraci\u00f3n perfecta con cada software de producci\u00f3n de m\u00fasica compatible, varios ajustes prestablecidos de asignaci\u00f3n que admiten las principales DAW, pre ajustes de usuario que asigna los par\u00e1metros de Mackie Control a los botones preferidos por el usuario, varios modos MIDI est\u00e1ndar con asignaciones de nota o CC y funcionamiento del codificador absoluto o relativo, fader motorizado 100% automatizado y sensible al tacto, LCD Dynamic Scribble Strip para una visi\u00f3n general instant\u00e1nea de los nombres y par\u00e1metros de las pistas, control giratorio con collar LED para ajustes sobre la marcha, 34 botones iluminados dedicados para acceso directo a funciones clave, medidor LED de 8 segmentos para control de nivel, grandes controles de transporte jog\/shuttle wheel y tape-style para una operaci\u00f3n intuitiva, concentrador USB multi-TT con alimentaci\u00f3n de 2 puertos para conectar controladores adicionales, conector de pedal dedicado para control remoto externo, fuente de alimentaci\u00f3n conmutada \u201dPlanet Earth\u201d para m\u00e1xima flexibilidad (100 - 240 V~) y bajo consumo de energ\u00eda para ahorrar energ\u00eda, dimensiones: 65 x 196 x 233 mm, peso: 1.5 kg.","og_url":"https:\/\/www.mexicanguitarplayers.com\/en\/tienda\/sin categor\u00eda\/controlador-behringer-mod-x-touch-one\/","og_site_name":"Mexican Guitar Players","article_modified_time":"2026-05-01T13:28:35+00:00","twitter_card":"summary_large_image","twitter_misc":{"Est. reading time":"3 minutes"},"schema":{"@context":"https:\/\/schema.org","@graph":[{"@type":["WebPage","ItemPage"],"@id":"https:\/\/www.mexicanguitarplayers.com\/tienda\/sin categor\u00eda\/controlador-behringer-mod-x-touch-one\/","url":"https:\/\/www.mexicanguitarplayers.com\/tienda\/sin categor\u00eda\/controlador-behringer-mod-x-touch-one\/","name":"CONTROLADOR BEHRINGER MOD. X-TOUCH ONE - Mexican Guitar Players","isPartOf":{"@id":"https:\/\/www.mexicanguitarplayers.com\/#website"},"primaryImageOfPage":{"@id":"https:\/\/www.mexicanguitarplayers.com\/tienda\/sin categor\u00eda\/controlador-behringer-mod-x-touch-one\/#primaryimage"},"image":{"@id":"https:\/\/www.mexicanguitarplayers.com\/tienda\/sin categor\u00eda\/controlador-behringer-mod-x-touch-one\/#primaryimage"},"thumbnailUrl":"https:\/\/www.mexicanguitarplayers.com\/wp-content\/uploads\/2025\/04\/IABEHXTOUCHONE.jpg","datePublished":"2025-04-07T03:27:56+00:00","dateModified":"2026-05-01T13:28:35+00:00","description":"Superficie de control universal con fader de motor sensible al tacto y LCD Scribble Strip, control remoto universal DAW para aplicaciones en vivo y en estudio, soporta protocolos HUI y Mackie Control para una integraci\u00f3n perfecta con cada software de producci\u00f3n de m\u00fasica compatible, varios ajustes prestablecidos de asignaci\u00f3n que admiten las principales DAW, pre ajustes de usuario que asigna los par\u00e1metros de Mackie Control a los botones preferidos por el usuario, varios modos MIDI est\u00e1ndar con asignaciones de nota o CC y funcionamiento del codificador absoluto o relativo, fader motorizado 100% automatizado y sensible al tacto, LCD Dynamic Scribble Strip para una visi\u00f3n general instant\u00e1nea de los nombres y par\u00e1metros de las pistas, control giratorio con collar LED para ajustes sobre la marcha, 34 botones iluminados dedicados para acceso directo a funciones clave, medidor LED de 8 segmentos para control de nivel, grandes controles de transporte jog\/shuttle wheel y tape-style para una operaci\u00f3n intuitiva, concentrador USB multi-TT con alimentaci\u00f3n de 2 puertos para conectar controladores adicionales, conector de pedal dedicado para control remoto externo, fuente de alimentaci\u00f3n conmutada \u201dPlanet Earth\u201d para m\u00e1xima flexibilidad (100 - 240 V~) y bajo consumo de energ\u00eda para ahorrar energ\u00eda, dimensiones: 65 x 196 x 233 mm, peso: 1.5 kg.","breadcrumb":{"@id":"https:\/\/www.mexicanguitarplayers.com\/tienda\/sin categor\u00eda\/controlador-behringer-mod-x-touch-one\/#breadcrumb"},"inLanguage":"en-US","potentialAction":[{"@type":"ReadAction","target":["https:\/\/www.mexicanguitarplayers.com\/tienda\/sin categor\u00eda\/controlador-behringer-mod-x-touch-one\/"]}]},{"@type":"ImageObject","inLanguage":"en-US","@id":"https:\/\/www.mexicanguitarplayers.com\/tienda\/sin categor\u00eda\/controlador-behringer-mod-x-touch-one\/#primaryimage","url":"https:\/\/www.mexicanguitarplayers.com\/wp-content\/uploads\/2025\/04\/IABEHXTOUCHONE.jpg","contentUrl":"https:\/\/www.mexicanguitarplayers.com\/wp-content\/uploads\/2025\/04\/IABEHXTOUCHONE.jpg","width":1200,"height":1200},{"@type":"BreadcrumbList","@id":"https:\/\/www.mexicanguitarplayers.com\/tienda\/sin categor\u00eda\/controlador-behringer-mod-x-touch-one\/#breadcrumb","itemListElement":[{"@type":"ListItem","position":1,"name":"Portada","item":"https:\/\/www.mexicanguitarplayers.com\/"},{"@type":"ListItem","position":2,"name":"Tienda","item":"https:\/\/www.mexicanguitarplayers.com\/tienda\/"},{"@type":"ListItem","position":3,"name":"CONTROLADOR BEHRINGER MOD. X-TOUCH ONE"}]},{"@type":"WebSite","@id":"https:\/\/www.mexicanguitarplayers.com\/#website","url":"https:\/\/www.mexicanguitarplayers.com\/","name":"Mexican Guitar Players","description":"Website","publisher":{"@id":"https:\/\/www.mexicanguitarplayers.com\/#organization"},"potentialAction":[{"@type":"SearchAction","target":{"@type":"EntryPoint","urlTemplate":"https:\/\/www.mexicanguitarplayers.com\/?s={search_term_string}"},"query-input":{"@type":"PropertyValueSpecification","valueRequired":true,"valueName":"search_term_string"}}],"inLanguage":"en-US"},{"@type":"Organization","@id":"https:\/\/www.mexicanguitarplayers.com\/#organization","name":"Mexican Guitar Players","url":"https:\/\/www.mexicanguitarplayers.com\/","logo":{"@type":"ImageObject","inLanguage":"en-US","@id":"https:\/\/www.mexicanguitarplayers.com\/#\/schema\/logo\/image\/","url":"","contentUrl":"","caption":"Mexican Guitar Players"},"image":{"@id":"https:\/\/www.mexicanguitarplayers.com\/#\/schema\/logo\/image\/"}}]}},"brands":[{"id":171,"name":"BEHRINGER","slug":"behringer"}],"_links":{"self":[{"href":"https:\/\/www.mexicanguitarplayers.com\/en\/wp-json\/wp\/v2\/product\/26253","targetHints":{"allow":["GET"]}}],"collection":[{"href":"https:\/\/www.mexicanguitarplayers.com\/en\/wp-json\/wp\/v2\/product"}],"about":[{"href":"https:\/\/www.mexicanguitarplayers.com\/en\/wp-json\/wp\/v2\/types\/product"}],"replies":[{"embeddable":true,"href":"https:\/\/www.mexicanguitarplayers.com\/en\/wp-json\/wp\/v2\/comments?post=26253"}],"wp:featuredmedia":[{"embeddable":true,"href":"https:\/\/www.mexicanguitarplayers.com\/en\/wp-json\/wp\/v2\/media\/26248"}],"wp:attachment":[{"href":"https:\/\/www.mexicanguitarplayers.com\/en\/wp-json\/wp\/v2\/media?parent=26253"}],"wp:term":[{"taxonomy":"pwb-brand","embeddable":true,"href":"https:\/\/www.mexicanguitarplayers.com\/en\/wp-json\/wp\/v2\/pwb-brand?post=26253"},{"taxonomy":"product_brand","embeddable":true,"href":"https:\/\/www.mexicanguitarplayers.com\/en\/wp-json\/wp\/v2\/product_brand?post=26253"},{"taxonomy":"product_cat","embeddable":true,"href":"https:\/\/www.mexicanguitarplayers.com\/en\/wp-json\/wp\/v2\/product_cat?post=26253"},{"taxonomy":"product_tag","embeddable":true,"href":"https:\/\/www.mexicanguitarplayers.com\/en\/wp-json\/wp\/v2\/product_tag?post=26253"}],"curies":[{"name":"wp","href":"https:\/\/api.w.org\/{rel}","templated":true}]}}