{"id":26256,"date":"2025-04-06T21:28:08","date_gmt":"2025-04-07T03:28:08","guid":{"rendered":"https:\/\/www.mexicanguitarplayers.com\/tienda\/sin categor\u00eda\/sistema-sennheiser-inalamb-xsw1-825-dual\/"},"modified":"2026-04-15T04:21:43","modified_gmt":"2026-04-15T10:21:43","slug":"sistema-sennheiser-inalamb-xsw1-825-dual","status":"publish","type":"product","link":"https:\/\/www.mexicanguitarplayers.com\/en\/tienda\/audio\/sistema-de-monitoreo-personal\/transmisores-y-receptores-sistema-de-monitoreo-personal\/sistema-sennheiser-inalamb-xsw1-825-dual\/","title":{"rendered":"SISTEMA SENNHEISER INALAMB XSW1-825 DUAL"},"content":{"rendered":"<div style=\"text-align: justify\">\n<div>\n<h3>Obt\u00e9n el mejor sonido.<\/h3>\n<\/div>\n<div>El sistema XS Wireless 1 DUAL es un sistema inal\u00e1mbrico de 2 canales para cantantes y presentadores, dise\u00f1ado teniendo en mente la facilidad de uso, estos sistemas UHF anal\u00f3gicos cuentan con un elegante receptor de doble canal con antenas incorporadas y la interfaz optimizada de la popular serie XSW1 de Sennheiser, incluye capsulas e825 (din\u00e1mico, cardioide), 2 clamps para micr\u00f3fono MZQ1, 4 pilas AA, y adaptador de corriente NT-1. Rango A (548-572 MHz) B (614-638 MHz).<\/div>\n<div>\n<h4>Quick look<\/h4>\n<\/div>\n<ul style=\"margin: 0px 0px 0px 25px\">\n<li style=\"list-style-type: circle;margin: 5px\">System.<\/li>\n<li style=\"list-style-type: circle;margin: 5px\">EM-XSW 1 DUAL. <\/li>\n<li style=\"list-style-type: circle;margin: 5px\">SKM 825-XSW \/ SKM 835-XSW.<\/li>\n<\/ul>\n<div>\n<div style=\"font-weight: bold\">System.<\/div>\n<div>\n<p>Rango de frecuencias:A (548-572 MHz) B (614-638 MHz). Dimensiones: 48 x L 180 mm. Conector: XLR de 3 pines. Respuesta de frecuencia: 55 &#8211; 16,000 Hz. Distorsi\u00f3n arm\u00f3nica total (THD): = 0.9%. Principio del transductor: Din\u00e1mico. Peso: 330 g. Patr\u00f3n de captaci\u00f3n: Cardioide. Impedancia nominal 300 ohms (a 1 kHz). Impedancia m\u00ednima de terminaci\u00f3n: 1 kilo-ohm. Rango de temperatura (almacenaje): -20\u00b0C a +70\u00b0C. Rango de temperatura (en servicio): 0\u00b0C a +40\u00b0C. Relaci\u00f3n se\u00f1al a ruido_ = 103 dBA. Ancho de banda de conmutaci\u00f3n: Hasta 24 MHz. Modulaci\u00f3n: Banda ancha FM. Frecuencia: 80 preajustes de f\u00e1brica (8 bancos de 10 canales cada uno). Sensibilidad: 1.8 mV\/Pa (campo libre, sin carga a 1 kHz). Sincronizaci\u00f3n del transmisor: 2.4 GHz, potencia baja OQPSK (activo solamente durante la sincronizaci\u00f3n). Rango de temperatura: 0 \u00b0C &#8211; +40 \u00b0C. Rango de frecuencias: 548-572 MHz. Respuesta de frecuencia: 766-790 MHz. 794-804 MHz. 821-832 \/ 863-865 MHz. 925-937.5 MHz.<\/p>\n<\/div>\n<div style=\"font-weight: bold\">EM-XSW 1 DUAL. <\/div>\n<div>\n<p>Dimensiones aproximadas: 320 x 126.5 x 42 mm. Peso aproximado: 620 g. Fuente de poder: 12 V DC nom. \/ 300 mA. Voltaje de salida (a desviaci\u00f3n de pico, 1 kHz AF): \u00bc\u201d (6.3 mm) socket (desbalanceado): +6 dBu. Armaz\u00f3n: Robusta carcasa de ABS. Sensibilidad: &lt; 3 \u00b5V at 52 dB(A) RMS S\/N (a desviaci\u00f3n de pico). Silenciador: Ajustable de 3 dB\u00b5V a 28 dB\u00b5V. Respuesta de frecuencia BF: 50 a 16,000 Hz (-3 dB). Audio: Rango de ajuste 45 dB, ajustable en pasos de 5 dB. Nivel Line\/Mic: 20 dB, conmutable. Principio del receptor: Doble superheterodino. Principio de Diversidad. Diversidad de conmutaci\u00f3n de antena a trav\u00e9s de antenas internas.<\/p>\n<\/div>\n<div style=\"font-weight: bold\">SKM 825-XSW \/ SKM 835-XSW.<\/div>\n<div>\n<p>Dimensiones aproximadas: 260 x 50 mm. Micr\u00f3fono: Din\u00e1mico. Peso aproximado: 245 g. Patr\u00f3n de captaci\u00f3n: Crdioide. Potencia de salida Rf: 10 mW. Tiempo de operaci\u00f3n aproximado 10 hrs. Fuente de poder: 2 pilas AA, 1.5 V. Carcasa: ABS resistente. Sensibilidad: 0 a -30 dB, ajustable en pasos de 10 dB. Sensibilidad de entrada: 1.5 mV \/ Pa. Respuesta de frecuencia: 80-16,000 Hz.<\/p>\n<\/div>\n<\/div>\n<\/div>","protected":false},"excerpt":{"rendered":"<p>Sistema inal\u00e1mbrico doble o dual ideal para presentadores o cantantes, 2 transmisores de mano con capsula e825 (din\u00e1mica, cardioide), un elegante receptor de 2 canales con antenas integradas, gesti\u00f3n y escaneo de frecuencias libres, hasta 10 sistemas simult\u00e1neos. Rango A (548-572 MHz) B (614-638 MHz).&hellip; <a class=\"kt-excerpt-readmore more-link\" href=\"https:\/\/www.mexicanguitarplayers.com\/en\/tienda\/audio\/sistema-de-monitoreo-personal\/transmisores-y-receptores-sistema-de-monitoreo-personal\/sistema-sennheiser-inalamb-xsw1-825-dual\/\">Read more<\/a><\/p>","protected":false},"featured_media":26254,"comment_status":"open","ping_status":"closed","template":"","meta":{"kt_blocks_editor_width":""},"pwb-brand":[176],"product_brand":[],"product_cat":[213,214,231,245],"product_tag":[],"class_list":{"0":"post-26256","1":"product","2":"type-product","3":"status-publish","4":"has-post-thumbnail","6":"pwb-brand-sennheiser","7":"product_cat-audio","8":"product_cat-microfonia","9":"product_cat-microfonos-inalambricos","10":"product_cat-transmisores-y-receptores-sistema-de-monitoreo-personal","11":"product_shipping_class-0-5-kg","13":"first","14":"instock","15":"taxable","16":"shipping-taxable","17":"purchasable","18":"product-type-simple"},"yoast_head":"<!-- This site is optimized with the Yoast SEO plugin v27.4 - https:\/\/yoast.com\/product\/yoast-seo-wordpress\/ -->\n<title>SISTEMA SENNHEISER INALAMB XSW1-825 DUAL - Mexican Guitar Players<\/title>\n<meta name=\"description\" content=\"Sistema inal\u00e1mbrico doble o dual ideal para presentadores o cantantes, 2 transmisores de mano con capsula e825 (din\u00e1mica, cardioide), un elegante receptor de 2 canales con antenas integradas, gesti\u00f3n y escaneo de frecuencias libres, hasta 10 sistemas simult\u00e1neos. Rango A (548-572 MHz) B (614-638 MHz).\" \/>\n<meta name=\"robots\" content=\"index, follow, max-snippet:-1, max-image-preview:large, max-video-preview:-1\" \/>\n<link rel=\"canonical\" href=\"https:\/\/www.mexicanguitarplayers.com\/en\/tienda\/sin%20categor\u00eda\/sistema-sennheiser-inalamb-xsw1-825-dual\/\" \/>\n<meta property=\"og:locale\" content=\"en_US\" \/>\n<meta property=\"og:type\" content=\"article\" \/>\n<meta property=\"og:title\" content=\"SISTEMA SENNHEISER INALAMB XSW1-825 DUAL - Mexican Guitar Players\" \/>\n<meta property=\"og:description\" content=\"Sistema inal\u00e1mbrico doble o dual ideal para presentadores o cantantes, 2 transmisores de mano con capsula e825 (din\u00e1mica, cardioide), un elegante receptor de 2 canales con antenas integradas, gesti\u00f3n y escaneo de frecuencias libres, hasta 10 sistemas simult\u00e1neos. Rango A (548-572 MHz) B (614-638 MHz).\" \/>\n<meta property=\"og:url\" content=\"https:\/\/www.mexicanguitarplayers.com\/en\/tienda\/sin categor\u00eda\/sistema-sennheiser-inalamb-xsw1-825-dual\/\" \/>\n<meta property=\"og:site_name\" content=\"Mexican Guitar Players\" \/>\n<meta property=\"article:modified_time\" content=\"2026-04-15T10:21:43+00:00\" \/>\n<meta name=\"twitter:card\" content=\"summary_large_image\" \/>\n<meta name=\"twitter:label1\" content=\"Est. reading time\" \/>\n\t<meta name=\"twitter:data1\" content=\"2 minutes\" \/>\n<script type=\"application\/ld+json\" class=\"yoast-schema-graph\">{\"@context\":\"https:\\\/\\\/schema.org\",\"@graph\":[{\"@type\":[\"WebPage\",\"ItemPage\"],\"@id\":\"https:\\\/\\\/www.mexicanguitarplayers.com\\\/tienda\\\/sin categor\u00eda\\\/sistema-sennheiser-inalamb-xsw1-825-dual\\\/\",\"url\":\"https:\\\/\\\/www.mexicanguitarplayers.com\\\/tienda\\\/sin categor\u00eda\\\/sistema-sennheiser-inalamb-xsw1-825-dual\\\/\",\"name\":\"SISTEMA SENNHEISER INALAMB XSW1-825 DUAL - Mexican Guitar Players\",\"isPartOf\":{\"@id\":\"https:\\\/\\\/www.mexicanguitarplayers.com\\\/#website\"},\"primaryImageOfPage\":{\"@id\":\"https:\\\/\\\/www.mexicanguitarplayers.com\\\/tienda\\\/sin categor\u00eda\\\/sistema-sennheiser-inalamb-xsw1-825-dual\\\/#primaryimage\"},\"image\":{\"@id\":\"https:\\\/\\\/www.mexicanguitarplayers.com\\\/tienda\\\/sin categor\u00eda\\\/sistema-sennheiser-inalamb-xsw1-825-dual\\\/#primaryimage\"},\"thumbnailUrl\":\"https:\\\/\\\/www.mexicanguitarplayers.com\\\/wp-content\\\/uploads\\\/2025\\\/04\\\/IASENXSW1825DU.jpg\",\"datePublished\":\"2025-04-07T03:28:08+00:00\",\"dateModified\":\"2026-04-15T10:21:43+00:00\",\"description\":\"Sistema inal\u00e1mbrico doble o dual ideal para presentadores o cantantes, 2 transmisores de mano con capsula e825 (din\u00e1mica, cardioide), un elegante receptor de 2 canales con antenas integradas, gesti\u00f3n y escaneo de frecuencias libres, hasta 10 sistemas simult\u00e1neos. Rango A (548-572 MHz) B (614-638 MHz).\",\"breadcrumb\":{\"@id\":\"https:\\\/\\\/www.mexicanguitarplayers.com\\\/tienda\\\/sin categor\u00eda\\\/sistema-sennheiser-inalamb-xsw1-825-dual\\\/#breadcrumb\"},\"inLanguage\":\"en-US\",\"potentialAction\":[{\"@type\":\"ReadAction\",\"target\":[\"https:\\\/\\\/www.mexicanguitarplayers.com\\\/tienda\\\/sin categor\u00eda\\\/sistema-sennheiser-inalamb-xsw1-825-dual\\\/\"]}]},{\"@type\":\"ImageObject\",\"inLanguage\":\"en-US\",\"@id\":\"https:\\\/\\\/www.mexicanguitarplayers.com\\\/tienda\\\/sin categor\u00eda\\\/sistema-sennheiser-inalamb-xsw1-825-dual\\\/#primaryimage\",\"url\":\"https:\\\/\\\/www.mexicanguitarplayers.com\\\/wp-content\\\/uploads\\\/2025\\\/04\\\/IASENXSW1825DU.jpg\",\"contentUrl\":\"https:\\\/\\\/www.mexicanguitarplayers.com\\\/wp-content\\\/uploads\\\/2025\\\/04\\\/IASENXSW1825DU.jpg\",\"width\":1600,\"height\":800},{\"@type\":\"BreadcrumbList\",\"@id\":\"https:\\\/\\\/www.mexicanguitarplayers.com\\\/tienda\\\/sin categor\u00eda\\\/sistema-sennheiser-inalamb-xsw1-825-dual\\\/#breadcrumb\",\"itemListElement\":[{\"@type\":\"ListItem\",\"position\":1,\"name\":\"Portada\",\"item\":\"https:\\\/\\\/www.mexicanguitarplayers.com\\\/\"},{\"@type\":\"ListItem\",\"position\":2,\"name\":\"Tienda\",\"item\":\"https:\\\/\\\/www.mexicanguitarplayers.com\\\/tienda\\\/\"},{\"@type\":\"ListItem\",\"position\":3,\"name\":\"SISTEMA SENNHEISER INALAMB XSW1-825 DUAL\"}]},{\"@type\":\"WebSite\",\"@id\":\"https:\\\/\\\/www.mexicanguitarplayers.com\\\/#website\",\"url\":\"https:\\\/\\\/www.mexicanguitarplayers.com\\\/\",\"name\":\"Mexican Guitar Players\",\"description\":\"Website\",\"publisher\":{\"@id\":\"https:\\\/\\\/www.mexicanguitarplayers.com\\\/#organization\"},\"potentialAction\":[{\"@type\":\"SearchAction\",\"target\":{\"@type\":\"EntryPoint\",\"urlTemplate\":\"https:\\\/\\\/www.mexicanguitarplayers.com\\\/?s={search_term_string}\"},\"query-input\":{\"@type\":\"PropertyValueSpecification\",\"valueRequired\":true,\"valueName\":\"search_term_string\"}}],\"inLanguage\":\"en-US\"},{\"@type\":\"Organization\",\"@id\":\"https:\\\/\\\/www.mexicanguitarplayers.com\\\/#organization\",\"name\":\"Mexican Guitar Players\",\"url\":\"https:\\\/\\\/www.mexicanguitarplayers.com\\\/\",\"logo\":{\"@type\":\"ImageObject\",\"inLanguage\":\"en-US\",\"@id\":\"https:\\\/\\\/www.mexicanguitarplayers.com\\\/#\\\/schema\\\/logo\\\/image\\\/\",\"url\":\"\",\"contentUrl\":\"\",\"caption\":\"Mexican Guitar Players\"},\"image\":{\"@id\":\"https:\\\/\\\/www.mexicanguitarplayers.com\\\/#\\\/schema\\\/logo\\\/image\\\/\"}}]}<\/script>\n<!-- \/ Yoast SEO plugin. -->","yoast_head_json":{"title":"SISTEMA SENNHEISER INALAMB XSW1-825 DUAL - Mexican Guitar Players","description":"Sistema inal\u00e1mbrico doble o dual ideal para presentadores o cantantes, 2 transmisores de mano con capsula e825 (din\u00e1mica, cardioide), un elegante receptor de 2 canales con antenas integradas, gesti\u00f3n y escaneo de frecuencias libres, hasta 10 sistemas simult\u00e1neos. Rango A (548-572 MHz) B (614-638 MHz).","robots":{"index":"index","follow":"follow","max-snippet":"max-snippet:-1","max-image-preview":"max-image-preview:large","max-video-preview":"max-video-preview:-1"},"canonical":"https:\/\/www.mexicanguitarplayers.com\/en\/tienda\/sin categor\u00eda\/sistema-sennheiser-inalamb-xsw1-825-dual\/","og_locale":"en_US","og_type":"article","og_title":"SISTEMA SENNHEISER INALAMB XSW1-825 DUAL - Mexican Guitar Players","og_description":"Sistema inal\u00e1mbrico doble o dual ideal para presentadores o cantantes, 2 transmisores de mano con capsula e825 (din\u00e1mica, cardioide), un elegante receptor de 2 canales con antenas integradas, gesti\u00f3n y escaneo de frecuencias libres, hasta 10 sistemas simult\u00e1neos. Rango A (548-572 MHz) B (614-638 MHz).","og_url":"https:\/\/www.mexicanguitarplayers.com\/en\/tienda\/sin categor\u00eda\/sistema-sennheiser-inalamb-xsw1-825-dual\/","og_site_name":"Mexican Guitar Players","article_modified_time":"2026-04-15T10:21:43+00:00","twitter_card":"summary_large_image","twitter_misc":{"Est. reading time":"2 minutes"},"schema":{"@context":"https:\/\/schema.org","@graph":[{"@type":["WebPage","ItemPage"],"@id":"https:\/\/www.mexicanguitarplayers.com\/tienda\/sin categor\u00eda\/sistema-sennheiser-inalamb-xsw1-825-dual\/","url":"https:\/\/www.mexicanguitarplayers.com\/tienda\/sin categor\u00eda\/sistema-sennheiser-inalamb-xsw1-825-dual\/","name":"SISTEMA SENNHEISER INALAMB XSW1-825 DUAL - Mexican Guitar Players","isPartOf":{"@id":"https:\/\/www.mexicanguitarplayers.com\/#website"},"primaryImageOfPage":{"@id":"https:\/\/www.mexicanguitarplayers.com\/tienda\/sin categor\u00eda\/sistema-sennheiser-inalamb-xsw1-825-dual\/#primaryimage"},"image":{"@id":"https:\/\/www.mexicanguitarplayers.com\/tienda\/sin categor\u00eda\/sistema-sennheiser-inalamb-xsw1-825-dual\/#primaryimage"},"thumbnailUrl":"https:\/\/www.mexicanguitarplayers.com\/wp-content\/uploads\/2025\/04\/IASENXSW1825DU.jpg","datePublished":"2025-04-07T03:28:08+00:00","dateModified":"2026-04-15T10:21:43+00:00","description":"Sistema inal\u00e1mbrico doble o dual ideal para presentadores o cantantes, 2 transmisores de mano con capsula e825 (din\u00e1mica, cardioide), un elegante receptor de 2 canales con antenas integradas, gesti\u00f3n y escaneo de frecuencias libres, hasta 10 sistemas simult\u00e1neos. Rango A (548-572 MHz) B (614-638 MHz).","breadcrumb":{"@id":"https:\/\/www.mexicanguitarplayers.com\/tienda\/sin categor\u00eda\/sistema-sennheiser-inalamb-xsw1-825-dual\/#breadcrumb"},"inLanguage":"en-US","potentialAction":[{"@type":"ReadAction","target":["https:\/\/www.mexicanguitarplayers.com\/tienda\/sin categor\u00eda\/sistema-sennheiser-inalamb-xsw1-825-dual\/"]}]},{"@type":"ImageObject","inLanguage":"en-US","@id":"https:\/\/www.mexicanguitarplayers.com\/tienda\/sin categor\u00eda\/sistema-sennheiser-inalamb-xsw1-825-dual\/#primaryimage","url":"https:\/\/www.mexicanguitarplayers.com\/wp-content\/uploads\/2025\/04\/IASENXSW1825DU.jpg","contentUrl":"https:\/\/www.mexicanguitarplayers.com\/wp-content\/uploads\/2025\/04\/IASENXSW1825DU.jpg","width":1600,"height":800},{"@type":"BreadcrumbList","@id":"https:\/\/www.mexicanguitarplayers.com\/tienda\/sin categor\u00eda\/sistema-sennheiser-inalamb-xsw1-825-dual\/#breadcrumb","itemListElement":[{"@type":"ListItem","position":1,"name":"Portada","item":"https:\/\/www.mexicanguitarplayers.com\/"},{"@type":"ListItem","position":2,"name":"Tienda","item":"https:\/\/www.mexicanguitarplayers.com\/tienda\/"},{"@type":"ListItem","position":3,"name":"SISTEMA SENNHEISER INALAMB XSW1-825 DUAL"}]},{"@type":"WebSite","@id":"https:\/\/www.mexicanguitarplayers.com\/#website","url":"https:\/\/www.mexicanguitarplayers.com\/","name":"Mexican Guitar Players","description":"Website","publisher":{"@id":"https:\/\/www.mexicanguitarplayers.com\/#organization"},"potentialAction":[{"@type":"SearchAction","target":{"@type":"EntryPoint","urlTemplate":"https:\/\/www.mexicanguitarplayers.com\/?s={search_term_string}"},"query-input":{"@type":"PropertyValueSpecification","valueRequired":true,"valueName":"search_term_string"}}],"inLanguage":"en-US"},{"@type":"Organization","@id":"https:\/\/www.mexicanguitarplayers.com\/#organization","name":"Mexican Guitar Players","url":"https:\/\/www.mexicanguitarplayers.com\/","logo":{"@type":"ImageObject","inLanguage":"en-US","@id":"https:\/\/www.mexicanguitarplayers.com\/#\/schema\/logo\/image\/","url":"","contentUrl":"","caption":"Mexican Guitar Players"},"image":{"@id":"https:\/\/www.mexicanguitarplayers.com\/#\/schema\/logo\/image\/"}}]}},"brands":[{"id":176,"name":"SENNHEISER","slug":"sennheiser"}],"_links":{"self":[{"href":"https:\/\/www.mexicanguitarplayers.com\/en\/wp-json\/wp\/v2\/product\/26256","targetHints":{"allow":["GET"]}}],"collection":[{"href":"https:\/\/www.mexicanguitarplayers.com\/en\/wp-json\/wp\/v2\/product"}],"about":[{"href":"https:\/\/www.mexicanguitarplayers.com\/en\/wp-json\/wp\/v2\/types\/product"}],"replies":[{"embeddable":true,"href":"https:\/\/www.mexicanguitarplayers.com\/en\/wp-json\/wp\/v2\/comments?post=26256"}],"wp:featuredmedia":[{"embeddable":true,"href":"https:\/\/www.mexicanguitarplayers.com\/en\/wp-json\/wp\/v2\/media\/26254"}],"wp:attachment":[{"href":"https:\/\/www.mexicanguitarplayers.com\/en\/wp-json\/wp\/v2\/media?parent=26256"}],"wp:term":[{"taxonomy":"pwb-brand","embeddable":true,"href":"https:\/\/www.mexicanguitarplayers.com\/en\/wp-json\/wp\/v2\/pwb-brand?post=26256"},{"taxonomy":"product_brand","embeddable":true,"href":"https:\/\/www.mexicanguitarplayers.com\/en\/wp-json\/wp\/v2\/product_brand?post=26256"},{"taxonomy":"product_cat","embeddable":true,"href":"https:\/\/www.mexicanguitarplayers.com\/en\/wp-json\/wp\/v2\/product_cat?post=26256"},{"taxonomy":"product_tag","embeddable":true,"href":"https:\/\/www.mexicanguitarplayers.com\/en\/wp-json\/wp\/v2\/product_tag?post=26256"}],"curies":[{"name":"wp","href":"https:\/\/api.w.org\/{rel}","templated":true}]}}