{"id":26262,"date":"2025-04-06T21:28:27","date_gmt":"2025-04-07T03:28:27","guid":{"rendered":"https:\/\/www.mexicanguitarplayers.com\/tienda\/sin categor\u00eda\/pastilla-belcat-p-guitarra-prener-lc\/"},"modified":"2026-05-01T07:28:34","modified_gmt":"2026-05-01T13:28:34","slug":"pastilla-belcat-p-guitarra-prener-lc","status":"publish","type":"product","link":"https:\/\/www.mexicanguitarplayers.com\/en\/tienda\/accesorios\/para-guitarras\/pastillas-para-guitarra-acustica\/pastilla-belcat-p-guitarra-prener-lc\/","title":{"rendered":"PASTILLA BELCAT P\/GUITARRA   PRENER-LC"},"content":{"rendered":"<div style=\"text-align: justify\">\n<div>\n<h3>Alta definici\u00f3n s\u00f3nica.<\/h3>\n<\/div>\n<div>La pastilla PRENER-LC de Belcat para guitarra ac\u00fastica cuenta con un ecualizador de 4 bandas y un afinador LCD, te ofrece toda la potencia, fidelidad y nitidez que est\u00e1s buscando para tu guitarra. Cuenta con una captaci\u00f3n especial de las vibraciones, lo que har\u00e1 que tus acordes suenen m\u00e1s n\u00edtidos, brillantes y con un cuerpo m\u00e1s consistente. Funciona con pila de 9V, y el afinador cuenta con modo autom\u00e1tico y afinaci\u00f3n manual y crom\u00e1tica. Belcat es una empresa que ha desarrollado una gran l\u00ednea de productos y accesorios muy bien fabricados, ofreciendo una gran relaci\u00f3n en cuanto a precio y calidad. Cuenta con afinadores, aud\u00edfonos, preamps, combos, metr\u00f3nomos, pastillas para guitarras el\u00e9ctricas, ac\u00fasticas y bajos de gran calidad y precisi\u00f3n.<\/div>\n<div>\n<h4>Quick look<\/h4>\n<\/div>\n<ul style=\"margin: 0px 0px 0px 25px\">\n<li style=\"list-style-type: circle;margin: 5px\">Characteristics.<\/li>\n<li style=\"list-style-type: circle;margin: 5px\">Input impedance.<\/li>\n<li style=\"list-style-type: circle;margin: 5px\">Frequency response.<\/li>\n<li style=\"list-style-type: circle;margin: 5px\">Rango de control.<\/li>\n<li style=\"list-style-type: circle;margin: 5px\">Power supply.<\/li>\n<li style=\"list-style-type: circle;margin: 5px\">Vida de la bater\u00eda (S\u00f3lo ecualizador).<\/li>\n<li style=\"list-style-type: circle;margin: 5px\">Funci\u00f3n del afinador.<\/li>\n<li style=\"list-style-type: circle;margin: 5px\">Funci\u00f3n.<\/li>\n<li style=\"list-style-type: circle;margin: 5px\">Pastilla.<\/li>\n<li style=\"list-style-type: circle;margin: 5px\">Caja de la pila.<\/li>\n<li style=\"list-style-type: circle;margin: 5px\">Dimensions.<\/li>\n<\/ul>\n<div>\n<div style=\"font-weight: bold\">Characteristics.<\/div>\n<div>\n<p>Ecualizador de 4 bandas y afinador LCD.<\/p>\n<\/div>\n<div style=\"font-weight: bold\">Input impedance.<\/div>\n<div>\n<p>2.2 MO.<\/p>\n<\/div>\n<div style=\"font-weight: bold\">Frequency response.<\/div>\n<div>\n<p>20 Hz - 20 kHz.<\/p>\n<\/div>\n<div style=\"font-weight: bold\">Rango de control.<\/div>\n<div>\n<p>Bajos: \u00b112 dB a 60 Hz. Medios: \u00b112 dB a 500 Hz. Agudos: \u00b112 dB a 3 kHz. Presencia: \u00b112 dB a 10 kHz.<\/p>\n<\/div>\n<div style=\"font-weight: bold\">Power supply.<\/div>\n<div>\n<p>Pila alcalina de 9V.<\/p>\n<\/div>\n<div style=\"font-weight: bold\">Vida de la bater\u00eda (S\u00f3lo ecualizador).<\/div>\n<div>\n<p>Afinador apagado: 700 horas. Afinador encendido con se\u00f1al: M\u00e1s de 300 horas.<\/p>\n<\/div>\n<div style=\"font-weight: bold\">Funci\u00f3n del afinador.<\/div>\n<div>\n<p>Modo: Modo de afinaci\u00f3n manual y autom\u00e1tica. Nota: Modo crom\u00e1tico \/ Modo guitarra.<\/p>\n<\/div>\n<div style=\"font-weight: bold\">Funci\u00f3n.<\/div>\n<div>\n<p>Sistema de afinador LCD. Modo de afinaci\u00f3n crom\u00e1tica, guitarra y bajo. Salida jack balanceada y desbalanceada.<\/p>\n<\/div>\n<div style=\"font-weight: bold\">Pastilla.<\/div>\n<div>\n<p>Pastilla piezo de cer\u00e1mica.<\/p>\n<\/div>\n<div style=\"font-weight: bold\">Caja de la pila.<\/div>\n<div>\n<p>Caja XLR Combo.<\/p>\n<\/div>\n<div style=\"font-weight: bold\">Dimensions.<\/div>\n<div>\n<p>58 x 98 mm.<\/p>\n<\/div>\n<\/div>\n<\/div>","protected":false},"excerpt":{"rendered":"<p>Pastilla para guitarra ac\u00fastica, EQ de 4 bandas y afinador LCD, impedancia de entrada: 2.2 milo-ohms, respuesta de frecuencia: 20 Hz &#8211; 200 kHz, graves, medios, agudos y presencia, funciona con pila de 9V, modo auto y afinaci\u00f3n manual, afinaci\u00f3n crom\u00e1tica, pastilla pieza de cer\u00e1mica, caja de bater\u00eda XLR combo.&hellip; <a class=\"kt-excerpt-readmore more-link\" href=\"https:\/\/www.mexicanguitarplayers.com\/en\/tienda\/accesorios\/para-guitarras\/pastillas-para-guitarra-acustica\/pastilla-belcat-p-guitarra-prener-lc\/\">Read more<\/a><\/p>","protected":false},"featured_media":26260,"comment_status":"open","ping_status":"closed","template":"","meta":{"kt_blocks_editor_width":""},"pwb-brand":[258],"product_brand":[],"product_cat":[85,336,357],"product_tag":[],"class_list":{"0":"post-26262","1":"product","2":"type-product","3":"status-publish","4":"has-post-thumbnail","6":"pwb-brand-belcat","7":"product_cat-accesorios","8":"product_cat-para-guitarras","9":"product_cat-pastillas-para-guitarra-acustica","10":"product_shipping_class-0-5-kg","12":"first","13":"instock","14":"taxable","15":"shipping-taxable","16":"purchasable","17":"product-type-simple"},"yoast_head":"<!-- This site is optimized with the Yoast SEO plugin v27.5 - https:\/\/yoast.com\/product\/yoast-seo-wordpress\/ -->\n<title>PASTILLA BELCAT P\/GUITARRA  PRENER-LC - Mexican Guitar Players<\/title>\n<meta name=\"description\" content=\"Pastilla para guitarra ac\u00fastica, EQ de 4 bandas y afinador LCD, impedancia de entrada: 2.2 milo-ohms, respuesta de frecuencia: 20 Hz - 200 kHz, graves, medios, agudos y presencia, funciona con pila de 9V, modo auto y afinaci\u00f3n manual, afinaci\u00f3n crom\u00e1tica, pastilla pieza de cer\u00e1mica, caja de bater\u00eda XLR combo.\" \/>\n<meta name=\"robots\" content=\"index, follow, max-snippet:-1, max-image-preview:large, max-video-preview:-1\" \/>\n<link rel=\"canonical\" href=\"https:\/\/www.mexicanguitarplayers.com\/en\/tienda\/sin%20categor\u00eda\/pastilla-belcat-p-guitarra-prener-lc\/\" \/>\n<meta property=\"og:locale\" content=\"en_US\" \/>\n<meta property=\"og:type\" content=\"article\" \/>\n<meta property=\"og:title\" content=\"PASTILLA BELCAT P\/GUITARRA  PRENER-LC - Mexican Guitar Players\" \/>\n<meta property=\"og:description\" content=\"Pastilla para guitarra ac\u00fastica, EQ de 4 bandas y afinador LCD, impedancia de entrada: 2.2 milo-ohms, respuesta de frecuencia: 20 Hz - 200 kHz, graves, medios, agudos y presencia, funciona con pila de 9V, modo auto y afinaci\u00f3n manual, afinaci\u00f3n crom\u00e1tica, pastilla pieza de cer\u00e1mica, caja de bater\u00eda XLR combo.\" \/>\n<meta property=\"og:url\" content=\"https:\/\/www.mexicanguitarplayers.com\/en\/tienda\/sin categor\u00eda\/pastilla-belcat-p-guitarra-prener-lc\/\" \/>\n<meta property=\"og:site_name\" content=\"Mexican Guitar Players\" \/>\n<meta property=\"article:modified_time\" content=\"2026-05-01T13:28:34+00:00\" \/>\n<meta name=\"twitter:card\" content=\"summary_large_image\" \/>\n<meta name=\"twitter:label1\" content=\"Est. reading time\" \/>\n\t<meta name=\"twitter:data1\" content=\"1 minute\" \/>\n<script type=\"application\/ld+json\" class=\"yoast-schema-graph\">{\"@context\":\"https:\\\/\\\/schema.org\",\"@graph\":[{\"@type\":[\"WebPage\",\"ItemPage\"],\"@id\":\"https:\\\/\\\/www.mexicanguitarplayers.com\\\/tienda\\\/sin categor\u00eda\\\/pastilla-belcat-p-guitarra-prener-lc\\\/\",\"url\":\"https:\\\/\\\/www.mexicanguitarplayers.com\\\/tienda\\\/sin categor\u00eda\\\/pastilla-belcat-p-guitarra-prener-lc\\\/\",\"name\":\"PASTILLA BELCAT P\\\/GUITARRA PRENER-LC - Mexican Guitar Players\",\"isPartOf\":{\"@id\":\"https:\\\/\\\/www.mexicanguitarplayers.com\\\/#website\"},\"primaryImageOfPage\":{\"@id\":\"https:\\\/\\\/www.mexicanguitarplayers.com\\\/tienda\\\/sin categor\u00eda\\\/pastilla-belcat-p-guitarra-prener-lc\\\/#primaryimage\"},\"image\":{\"@id\":\"https:\\\/\\\/www.mexicanguitarplayers.com\\\/tienda\\\/sin categor\u00eda\\\/pastilla-belcat-p-guitarra-prener-lc\\\/#primaryimage\"},\"thumbnailUrl\":\"https:\\\/\\\/www.mexicanguitarplayers.com\\\/wp-content\\\/uploads\\\/2025\\\/04\\\/RABELPRENERLC.jpg\",\"datePublished\":\"2025-04-07T03:28:27+00:00\",\"dateModified\":\"2026-05-01T13:28:34+00:00\",\"description\":\"Pastilla para guitarra ac\u00fastica, EQ de 4 bandas y afinador LCD, impedancia de entrada: 2.2 milo-ohms, respuesta de frecuencia: 20 Hz - 200 kHz, graves, medios, agudos y presencia, funciona con pila de 9V, modo auto y afinaci\u00f3n manual, afinaci\u00f3n crom\u00e1tica, pastilla pieza de cer\u00e1mica, caja de bater\u00eda XLR combo.\",\"breadcrumb\":{\"@id\":\"https:\\\/\\\/www.mexicanguitarplayers.com\\\/tienda\\\/sin categor\u00eda\\\/pastilla-belcat-p-guitarra-prener-lc\\\/#breadcrumb\"},\"inLanguage\":\"en-US\",\"potentialAction\":[{\"@type\":\"ReadAction\",\"target\":[\"https:\\\/\\\/www.mexicanguitarplayers.com\\\/tienda\\\/sin categor\u00eda\\\/pastilla-belcat-p-guitarra-prener-lc\\\/\"]}]},{\"@type\":\"ImageObject\",\"inLanguage\":\"en-US\",\"@id\":\"https:\\\/\\\/www.mexicanguitarplayers.com\\\/tienda\\\/sin categor\u00eda\\\/pastilla-belcat-p-guitarra-prener-lc\\\/#primaryimage\",\"url\":\"https:\\\/\\\/www.mexicanguitarplayers.com\\\/wp-content\\\/uploads\\\/2025\\\/04\\\/RABELPRENERLC.jpg\",\"contentUrl\":\"https:\\\/\\\/www.mexicanguitarplayers.com\\\/wp-content\\\/uploads\\\/2025\\\/04\\\/RABELPRENERLC.jpg\",\"width\":1200,\"height\":1200},{\"@type\":\"BreadcrumbList\",\"@id\":\"https:\\\/\\\/www.mexicanguitarplayers.com\\\/tienda\\\/sin categor\u00eda\\\/pastilla-belcat-p-guitarra-prener-lc\\\/#breadcrumb\",\"itemListElement\":[{\"@type\":\"ListItem\",\"position\":1,\"name\":\"Portada\",\"item\":\"https:\\\/\\\/www.mexicanguitarplayers.com\\\/\"},{\"@type\":\"ListItem\",\"position\":2,\"name\":\"Tienda\",\"item\":\"https:\\\/\\\/www.mexicanguitarplayers.com\\\/tienda\\\/\"},{\"@type\":\"ListItem\",\"position\":3,\"name\":\"PASTILLA BELCAT P\\\/GUITARRA PRENER-LC\"}]},{\"@type\":\"WebSite\",\"@id\":\"https:\\\/\\\/www.mexicanguitarplayers.com\\\/#website\",\"url\":\"https:\\\/\\\/www.mexicanguitarplayers.com\\\/\",\"name\":\"Mexican Guitar Players\",\"description\":\"Website\",\"publisher\":{\"@id\":\"https:\\\/\\\/www.mexicanguitarplayers.com\\\/#organization\"},\"potentialAction\":[{\"@type\":\"SearchAction\",\"target\":{\"@type\":\"EntryPoint\",\"urlTemplate\":\"https:\\\/\\\/www.mexicanguitarplayers.com\\\/?s={search_term_string}\"},\"query-input\":{\"@type\":\"PropertyValueSpecification\",\"valueRequired\":true,\"valueName\":\"search_term_string\"}}],\"inLanguage\":\"en-US\"},{\"@type\":\"Organization\",\"@id\":\"https:\\\/\\\/www.mexicanguitarplayers.com\\\/#organization\",\"name\":\"Mexican Guitar Players\",\"url\":\"https:\\\/\\\/www.mexicanguitarplayers.com\\\/\",\"logo\":{\"@type\":\"ImageObject\",\"inLanguage\":\"en-US\",\"@id\":\"https:\\\/\\\/www.mexicanguitarplayers.com\\\/#\\\/schema\\\/logo\\\/image\\\/\",\"url\":\"\",\"contentUrl\":\"\",\"caption\":\"Mexican Guitar Players\"},\"image\":{\"@id\":\"https:\\\/\\\/www.mexicanguitarplayers.com\\\/#\\\/schema\\\/logo\\\/image\\\/\"}}]}<\/script>\n<!-- \/ Yoast SEO plugin. -->","yoast_head_json":{"title":"PASTILLA BELCAT P\/GUITARRA  PRENER-LC - Mexican Guitar Players","description":"Pastilla para guitarra ac\u00fastica, EQ de 4 bandas y afinador LCD, impedancia de entrada: 2.2 milo-ohms, respuesta de frecuencia: 20 Hz - 200 kHz, graves, medios, agudos y presencia, funciona con pila de 9V, modo auto y afinaci\u00f3n manual, afinaci\u00f3n crom\u00e1tica, pastilla pieza de cer\u00e1mica, caja de bater\u00eda XLR combo.","robots":{"index":"index","follow":"follow","max-snippet":"max-snippet:-1","max-image-preview":"max-image-preview:large","max-video-preview":"max-video-preview:-1"},"canonical":"https:\/\/www.mexicanguitarplayers.com\/en\/tienda\/sin categor\u00eda\/pastilla-belcat-p-guitarra-prener-lc\/","og_locale":"en_US","og_type":"article","og_title":"PASTILLA BELCAT P\/GUITARRA  PRENER-LC - Mexican Guitar Players","og_description":"Pastilla para guitarra ac\u00fastica, EQ de 4 bandas y afinador LCD, impedancia de entrada: 2.2 milo-ohms, respuesta de frecuencia: 20 Hz - 200 kHz, graves, medios, agudos y presencia, funciona con pila de 9V, modo auto y afinaci\u00f3n manual, afinaci\u00f3n crom\u00e1tica, pastilla pieza de cer\u00e1mica, caja de bater\u00eda XLR combo.","og_url":"https:\/\/www.mexicanguitarplayers.com\/en\/tienda\/sin categor\u00eda\/pastilla-belcat-p-guitarra-prener-lc\/","og_site_name":"Mexican Guitar Players","article_modified_time":"2026-05-01T13:28:34+00:00","twitter_card":"summary_large_image","twitter_misc":{"Est. reading time":"1 minute"},"schema":{"@context":"https:\/\/schema.org","@graph":[{"@type":["WebPage","ItemPage"],"@id":"https:\/\/www.mexicanguitarplayers.com\/tienda\/sin categor\u00eda\/pastilla-belcat-p-guitarra-prener-lc\/","url":"https:\/\/www.mexicanguitarplayers.com\/tienda\/sin categor\u00eda\/pastilla-belcat-p-guitarra-prener-lc\/","name":"PASTILLA BELCAT P\/GUITARRA PRENER-LC - Mexican Guitar Players","isPartOf":{"@id":"https:\/\/www.mexicanguitarplayers.com\/#website"},"primaryImageOfPage":{"@id":"https:\/\/www.mexicanguitarplayers.com\/tienda\/sin categor\u00eda\/pastilla-belcat-p-guitarra-prener-lc\/#primaryimage"},"image":{"@id":"https:\/\/www.mexicanguitarplayers.com\/tienda\/sin categor\u00eda\/pastilla-belcat-p-guitarra-prener-lc\/#primaryimage"},"thumbnailUrl":"https:\/\/www.mexicanguitarplayers.com\/wp-content\/uploads\/2025\/04\/RABELPRENERLC.jpg","datePublished":"2025-04-07T03:28:27+00:00","dateModified":"2026-05-01T13:28:34+00:00","description":"Pastilla para guitarra ac\u00fastica, EQ de 4 bandas y afinador LCD, impedancia de entrada: 2.2 milo-ohms, respuesta de frecuencia: 20 Hz - 200 kHz, graves, medios, agudos y presencia, funciona con pila de 9V, modo auto y afinaci\u00f3n manual, afinaci\u00f3n crom\u00e1tica, pastilla pieza de cer\u00e1mica, caja de bater\u00eda XLR combo.","breadcrumb":{"@id":"https:\/\/www.mexicanguitarplayers.com\/tienda\/sin categor\u00eda\/pastilla-belcat-p-guitarra-prener-lc\/#breadcrumb"},"inLanguage":"en-US","potentialAction":[{"@type":"ReadAction","target":["https:\/\/www.mexicanguitarplayers.com\/tienda\/sin categor\u00eda\/pastilla-belcat-p-guitarra-prener-lc\/"]}]},{"@type":"ImageObject","inLanguage":"en-US","@id":"https:\/\/www.mexicanguitarplayers.com\/tienda\/sin categor\u00eda\/pastilla-belcat-p-guitarra-prener-lc\/#primaryimage","url":"https:\/\/www.mexicanguitarplayers.com\/wp-content\/uploads\/2025\/04\/RABELPRENERLC.jpg","contentUrl":"https:\/\/www.mexicanguitarplayers.com\/wp-content\/uploads\/2025\/04\/RABELPRENERLC.jpg","width":1200,"height":1200},{"@type":"BreadcrumbList","@id":"https:\/\/www.mexicanguitarplayers.com\/tienda\/sin categor\u00eda\/pastilla-belcat-p-guitarra-prener-lc\/#breadcrumb","itemListElement":[{"@type":"ListItem","position":1,"name":"Portada","item":"https:\/\/www.mexicanguitarplayers.com\/"},{"@type":"ListItem","position":2,"name":"Tienda","item":"https:\/\/www.mexicanguitarplayers.com\/tienda\/"},{"@type":"ListItem","position":3,"name":"PASTILLA BELCAT P\/GUITARRA PRENER-LC"}]},{"@type":"WebSite","@id":"https:\/\/www.mexicanguitarplayers.com\/#website","url":"https:\/\/www.mexicanguitarplayers.com\/","name":"Mexican Guitar Players","description":"Website","publisher":{"@id":"https:\/\/www.mexicanguitarplayers.com\/#organization"},"potentialAction":[{"@type":"SearchAction","target":{"@type":"EntryPoint","urlTemplate":"https:\/\/www.mexicanguitarplayers.com\/?s={search_term_string}"},"query-input":{"@type":"PropertyValueSpecification","valueRequired":true,"valueName":"search_term_string"}}],"inLanguage":"en-US"},{"@type":"Organization","@id":"https:\/\/www.mexicanguitarplayers.com\/#organization","name":"Mexican Guitar Players","url":"https:\/\/www.mexicanguitarplayers.com\/","logo":{"@type":"ImageObject","inLanguage":"en-US","@id":"https:\/\/www.mexicanguitarplayers.com\/#\/schema\/logo\/image\/","url":"","contentUrl":"","caption":"Mexican Guitar Players"},"image":{"@id":"https:\/\/www.mexicanguitarplayers.com\/#\/schema\/logo\/image\/"}}]}},"brands":[{"id":258,"name":"BELCAT","slug":"belcat"}],"_links":{"self":[{"href":"https:\/\/www.mexicanguitarplayers.com\/en\/wp-json\/wp\/v2\/product\/26262","targetHints":{"allow":["GET"]}}],"collection":[{"href":"https:\/\/www.mexicanguitarplayers.com\/en\/wp-json\/wp\/v2\/product"}],"about":[{"href":"https:\/\/www.mexicanguitarplayers.com\/en\/wp-json\/wp\/v2\/types\/product"}],"replies":[{"embeddable":true,"href":"https:\/\/www.mexicanguitarplayers.com\/en\/wp-json\/wp\/v2\/comments?post=26262"}],"wp:featuredmedia":[{"embeddable":true,"href":"https:\/\/www.mexicanguitarplayers.com\/en\/wp-json\/wp\/v2\/media\/26260"}],"wp:attachment":[{"href":"https:\/\/www.mexicanguitarplayers.com\/en\/wp-json\/wp\/v2\/media?parent=26262"}],"wp:term":[{"taxonomy":"pwb-brand","embeddable":true,"href":"https:\/\/www.mexicanguitarplayers.com\/en\/wp-json\/wp\/v2\/pwb-brand?post=26262"},{"taxonomy":"product_brand","embeddable":true,"href":"https:\/\/www.mexicanguitarplayers.com\/en\/wp-json\/wp\/v2\/product_brand?post=26262"},{"taxonomy":"product_cat","embeddable":true,"href":"https:\/\/www.mexicanguitarplayers.com\/en\/wp-json\/wp\/v2\/product_cat?post=26262"},{"taxonomy":"product_tag","embeddable":true,"href":"https:\/\/www.mexicanguitarplayers.com\/en\/wp-json\/wp\/v2\/product_tag?post=26262"}],"curies":[{"name":"wp","href":"https:\/\/api.w.org\/{rel}","templated":true}]}}