{"id":26278,"date":"2025-04-06T21:30:20","date_gmt":"2025-04-07T03:30:20","guid":{"rendered":"https:\/\/www.mexicanguitarplayers.com\/tienda\/sin categor\u00eda\/audifonos-westone-mod-wx\/"},"modified":"2026-05-01T07:28:33","modified_gmt":"2026-05-01T13:28:33","slug":"audifonos-westone-mod-wx","status":"publish","type":"product","link":"https:\/\/www.mexicanguitarplayers.com\/en\/tienda\/audio\/audifonos\/audifono-alambrico\/audifonos-hifi\/audifonos-westone-mod-wx\/","title":{"rendered":"AUDIFONOS WESTONE    MOD. WX"},"content":{"rendered":"<div style=\"text-align: justify\">\n<div>\n<h3>Para los amantes de la m\u00fasica.<\/h3>\n<\/div>\n<div>Dise\u00f1ados para entusiastas de la m\u00fasica, los aud\u00edfonos Wx de Westone cuentan con un driver de armadura equilibrada \u00fanica especialmente ajustado y un cable Bluetooth de alta resoluci\u00f3n de Westone. Los aud\u00edfonos Single-Driver Wx True-Fit ofrecen detalles extraordinarios y una gran claridad. El dise\u00f1o compacto, discreto y ergon\u00f3mico de los aud\u00edfonos Wx de Westone aprovecha las innovaciones y experiencia que Westone ha desarrollado en casi 60 a\u00f1os de dise\u00f1o y fabricaci\u00f3n de productos para el o\u00eddo humano. Ya sea que est\u00e9s haciendo ejercicio, viajando o simplemente relaj\u00e1ndote y escuchando tu m\u00fasica favorita, los aud\u00edfonos Westone Wx con cable Bluetooth se pueden utilizar durante horas. Controla tu mundo utilizando la tecnolog\u00eda inal\u00e1mbrica m\u00e1s avanzada disponible, el cable Bluetooth de Westone cuenta con un control de 3 botones con un micr\u00f3fono incorporado y se empareja con la mayor\u00eda de los tel\u00e9fonos, laptops y tabletas por lo que podr\u00e1s estar conectado con todos tus dispositivos habilitados para Bluetooth. Los aud\u00edfonos Westone Wx con cable Bluetooth 40 removible est\u00e1 dise\u00f1ado para los amantes de la m\u00fasica que desean mantenerse conectados con su m\u00fasica y con el exterior. Con la tecnolog\u00eda aptX, Wx corta el cable y te permite tomar llamadas telef\u00f3nicas, disfrutar de tu m\u00fasica, pel\u00edculas y cualquier otro contenido con la libertad que solo la conexi\u00f3n inal\u00e1mbrica puede brindarte.<\/div>\n<div>\n<h4>Quick look<\/h4>\n<\/div>\n<ul style=\"margin: 0px 0px 0px 25px\">\n<li style=\"list-style-type: circle;margin: 5px\">Tipo de driver.<\/li>\n<li style=\"list-style-type: circle;margin: 5px\">Impedance.<\/li>\n<li style=\"list-style-type: circle;margin: 5px\">Frequency response.<\/li>\n<li style=\"list-style-type: circle;margin: 5px\">Sensitivity.<\/li>\n<li style=\"list-style-type: circle;margin: 5px\">Bluetooth.<\/li>\n<li style=\"list-style-type: circle;margin: 5px\">Vida de la bater\u00eda.<\/li>\n<li style=\"list-style-type: circle;margin: 5px\">Rango de Bluetooth.<\/li>\n<li style=\"list-style-type: circle;margin: 5px\">Puntas para los o\u00eddos.<\/li>\n<\/ul>\n<div>\n<div style=\"font-weight: bold\">Tipo de driver.<\/div>\n<div>\n<p>Driver de armadura balanceada, rango completo.<\/p>\n<\/div>\n<div style=\"font-weight: bold\">Impedance.<\/div>\n<div>\n<p>19 ohms.<\/p>\n<\/div>\n<div style=\"font-weight: bold\">Frequency response.<\/div>\n<div>\n<p>20 Hz &#8211; 16 kHz.<\/p>\n<\/div>\n<div style=\"font-weight: bold\">Sensitivity.<\/div>\n<div>\n<p>114 dB.<\/p>\n<\/div>\n<div style=\"font-weight: bold\">Bluetooth.<\/div>\n<div>\n<p>Versi\u00f3n 4.0 con aptX.<\/p>\n<\/div>\n<div style=\"font-weight: bold\">Vida de la bater\u00eda.<\/div>\n<div>\n<p>Hasta 8 horas.<\/p>\n<\/div>\n<div style=\"font-weight: bold\">Rango de Bluetooth.<\/div>\n<div>\n<p>10 metros.<\/p>\n<\/div>\n<div style=\"font-weight: bold\">Puntas para los o\u00eddos.<\/div>\n<div>\n<p>5 pares de puntas de espuma.<\/p>\n<\/div>\n<\/div>\n<\/div>","protected":false},"excerpt":{"rendered":"<p>Aud\u00edfonos Wx dise\u00f1ado para los amantes de la m\u00fasica, driver de armadura equilibrada \u00fanica, especialmente ajustado y cable Bluetooth de alta resoluci\u00f3n, detalle extraordinario y gran claridad, dise\u00f1o compacto, discreto y ergon\u00f3mico, cable con control de 3 botones con micr\u00f3fono incorporado, se empareja con la mayor\u00eda de los tel\u00e9fonos, laptops y tabletas, impedancia: 19 ohms, respuesta de frecuencia: 20 Hz &#8211; 16 kHz, sensibilidad: 114 dB, Bluetooth Versi\u00f3n 4.0 con aptX, incluye aud\u00edfonos, cable, estuche y 5 pares de puntas de espuma.&hellip; <a class=\"kt-excerpt-readmore more-link\" href=\"https:\/\/www.mexicanguitarplayers.com\/en\/tienda\/audio\/audifonos\/audifono-alambrico\/audifonos-hifi\/audifonos-westone-mod-wx\/\">Read more<\/a><\/p>","protected":false},"featured_media":26274,"comment_status":"open","ping_status":"closed","template":"","meta":{"kt_blocks_editor_width":""},"pwb-brand":[651],"product_brand":[],"product_cat":[506,505,516,213],"product_tag":[],"class_list":{"0":"post-26278","1":"product","2":"type-product","3":"status-publish","4":"has-post-thumbnail","6":"pwb-brand-westone-audio","7":"product_cat-audifono-alambrico","8":"product_cat-audifonos","9":"product_cat-audifonos-hifi","10":"product_cat-audio","11":"product_shipping_class-0-5-kg","13":"first","14":"instock","15":"taxable","16":"shipping-taxable","17":"purchasable","18":"product-type-simple"},"yoast_head":"<!-- This site is optimized with the Yoast SEO plugin v27.5 - https:\/\/yoast.com\/product\/yoast-seo-wordpress\/ -->\n<title>AUDIFONOS WESTONE  MOD. WX - Mexican Guitar Players<\/title>\n<meta name=\"description\" content=\"Aud\u00edfonos Wx dise\u00f1ado para los amantes de la m\u00fasica, driver de armadura equilibrada \u00fanica, especialmente ajustado y cable Bluetooth de alta resoluci\u00f3n, detalle extraordinario y gran claridad, dise\u00f1o compacto, discreto y ergon\u00f3mico, cable con control de 3 botones con micr\u00f3fono incorporado, se empareja con la mayor\u00eda de los tel\u00e9fonos, laptops y tabletas, impedancia: 19 ohms, respuesta de frecuencia: 20 Hz - 16 kHz, sensibilidad: 114 dB, Bluetooth Versi\u00f3n 4.0 con aptX, incluye aud\u00edfonos, cable, estuche y 5 pares de puntas de espuma.\" \/>\n<meta name=\"robots\" content=\"index, follow, max-snippet:-1, max-image-preview:large, max-video-preview:-1\" \/>\n<link rel=\"canonical\" href=\"https:\/\/www.mexicanguitarplayers.com\/en\/tienda\/sin%20categor\u00eda\/audifonos-westone-mod-wx\/\" \/>\n<meta property=\"og:locale\" content=\"en_US\" \/>\n<meta property=\"og:type\" content=\"article\" \/>\n<meta property=\"og:title\" content=\"AUDIFONOS WESTONE  MOD. WX - Mexican Guitar Players\" \/>\n<meta property=\"og:description\" content=\"Aud\u00edfonos Wx dise\u00f1ado para los amantes de la m\u00fasica, driver de armadura equilibrada \u00fanica, especialmente ajustado y cable Bluetooth de alta resoluci\u00f3n, detalle extraordinario y gran claridad, dise\u00f1o compacto, discreto y ergon\u00f3mico, cable con control de 3 botones con micr\u00f3fono incorporado, se empareja con la mayor\u00eda de los tel\u00e9fonos, laptops y tabletas, impedancia: 19 ohms, respuesta de frecuencia: 20 Hz - 16 kHz, sensibilidad: 114 dB, Bluetooth Versi\u00f3n 4.0 con aptX, incluye aud\u00edfonos, cable, estuche y 5 pares de puntas de espuma.\" \/>\n<meta property=\"og:url\" content=\"https:\/\/www.mexicanguitarplayers.com\/en\/tienda\/sin categor\u00eda\/audifonos-westone-mod-wx\/\" \/>\n<meta property=\"og:site_name\" content=\"Mexican Guitar Players\" \/>\n<meta property=\"article:modified_time\" content=\"2026-05-01T13:28:33+00:00\" \/>\n<meta name=\"twitter:card\" content=\"summary_large_image\" \/>\n<meta name=\"twitter:label1\" content=\"Est. reading time\" \/>\n\t<meta name=\"twitter:data1\" content=\"2 minutes\" \/>\n<script type=\"application\/ld+json\" class=\"yoast-schema-graph\">{\"@context\":\"https:\\\/\\\/schema.org\",\"@graph\":[{\"@type\":[\"WebPage\",\"ItemPage\"],\"@id\":\"https:\\\/\\\/www.mexicanguitarplayers.com\\\/tienda\\\/sin categor\u00eda\\\/audifonos-westone-mod-wx\\\/\",\"url\":\"https:\\\/\\\/www.mexicanguitarplayers.com\\\/tienda\\\/sin categor\u00eda\\\/audifonos-westone-mod-wx\\\/\",\"name\":\"AUDIFONOS WESTONE MOD. WX - Mexican Guitar Players\",\"isPartOf\":{\"@id\":\"https:\\\/\\\/www.mexicanguitarplayers.com\\\/#website\"},\"primaryImageOfPage\":{\"@id\":\"https:\\\/\\\/www.mexicanguitarplayers.com\\\/tienda\\\/sin categor\u00eda\\\/audifonos-westone-mod-wx\\\/#primaryimage\"},\"image\":{\"@id\":\"https:\\\/\\\/www.mexicanguitarplayers.com\\\/tienda\\\/sin categor\u00eda\\\/audifonos-westone-mod-wx\\\/#primaryimage\"},\"thumbnailUrl\":\"https:\\\/\\\/www.mexicanguitarplayers.com\\\/wp-content\\\/uploads\\\/2025\\\/04\\\/VAWESWX.jpg\",\"datePublished\":\"2025-04-07T03:30:20+00:00\",\"dateModified\":\"2026-05-01T13:28:33+00:00\",\"description\":\"Aud\u00edfonos Wx dise\u00f1ado para los amantes de la m\u00fasica, driver de armadura equilibrada \u00fanica, especialmente ajustado y cable Bluetooth de alta resoluci\u00f3n, detalle extraordinario y gran claridad, dise\u00f1o compacto, discreto y ergon\u00f3mico, cable con control de 3 botones con micr\u00f3fono incorporado, se empareja con la mayor\u00eda de los tel\u00e9fonos, laptops y tabletas, impedancia: 19 ohms, respuesta de frecuencia: 20 Hz - 16 kHz, sensibilidad: 114 dB, Bluetooth Versi\u00f3n 4.0 con aptX, incluye aud\u00edfonos, cable, estuche y 5 pares de puntas de espuma.\",\"breadcrumb\":{\"@id\":\"https:\\\/\\\/www.mexicanguitarplayers.com\\\/tienda\\\/sin categor\u00eda\\\/audifonos-westone-mod-wx\\\/#breadcrumb\"},\"inLanguage\":\"en-US\",\"potentialAction\":[{\"@type\":\"ReadAction\",\"target\":[\"https:\\\/\\\/www.mexicanguitarplayers.com\\\/tienda\\\/sin categor\u00eda\\\/audifonos-westone-mod-wx\\\/\"]}]},{\"@type\":\"ImageObject\",\"inLanguage\":\"en-US\",\"@id\":\"https:\\\/\\\/www.mexicanguitarplayers.com\\\/tienda\\\/sin categor\u00eda\\\/audifonos-westone-mod-wx\\\/#primaryimage\",\"url\":\"https:\\\/\\\/www.mexicanguitarplayers.com\\\/wp-content\\\/uploads\\\/2025\\\/04\\\/VAWESWX.jpg\",\"contentUrl\":\"https:\\\/\\\/www.mexicanguitarplayers.com\\\/wp-content\\\/uploads\\\/2025\\\/04\\\/VAWESWX.jpg\",\"width\":1600,\"height\":800},{\"@type\":\"BreadcrumbList\",\"@id\":\"https:\\\/\\\/www.mexicanguitarplayers.com\\\/tienda\\\/sin categor\u00eda\\\/audifonos-westone-mod-wx\\\/#breadcrumb\",\"itemListElement\":[{\"@type\":\"ListItem\",\"position\":1,\"name\":\"Portada\",\"item\":\"https:\\\/\\\/www.mexicanguitarplayers.com\\\/\"},{\"@type\":\"ListItem\",\"position\":2,\"name\":\"Tienda\",\"item\":\"https:\\\/\\\/www.mexicanguitarplayers.com\\\/tienda\\\/\"},{\"@type\":\"ListItem\",\"position\":3,\"name\":\"AUDIFONOS WESTONE MOD. WX\"}]},{\"@type\":\"WebSite\",\"@id\":\"https:\\\/\\\/www.mexicanguitarplayers.com\\\/#website\",\"url\":\"https:\\\/\\\/www.mexicanguitarplayers.com\\\/\",\"name\":\"Mexican Guitar Players\",\"description\":\"Website\",\"publisher\":{\"@id\":\"https:\\\/\\\/www.mexicanguitarplayers.com\\\/#organization\"},\"potentialAction\":[{\"@type\":\"SearchAction\",\"target\":{\"@type\":\"EntryPoint\",\"urlTemplate\":\"https:\\\/\\\/www.mexicanguitarplayers.com\\\/?s={search_term_string}\"},\"query-input\":{\"@type\":\"PropertyValueSpecification\",\"valueRequired\":true,\"valueName\":\"search_term_string\"}}],\"inLanguage\":\"en-US\"},{\"@type\":\"Organization\",\"@id\":\"https:\\\/\\\/www.mexicanguitarplayers.com\\\/#organization\",\"name\":\"Mexican Guitar Players\",\"url\":\"https:\\\/\\\/www.mexicanguitarplayers.com\\\/\",\"logo\":{\"@type\":\"ImageObject\",\"inLanguage\":\"en-US\",\"@id\":\"https:\\\/\\\/www.mexicanguitarplayers.com\\\/#\\\/schema\\\/logo\\\/image\\\/\",\"url\":\"\",\"contentUrl\":\"\",\"caption\":\"Mexican Guitar Players\"},\"image\":{\"@id\":\"https:\\\/\\\/www.mexicanguitarplayers.com\\\/#\\\/schema\\\/logo\\\/image\\\/\"}}]}<\/script>\n<!-- \/ Yoast SEO plugin. -->","yoast_head_json":{"title":"AUDIFONOS WESTONE  MOD. WX - Mexican Guitar Players","description":"Aud\u00edfonos Wx dise\u00f1ado para los amantes de la m\u00fasica, driver de armadura equilibrada \u00fanica, especialmente ajustado y cable Bluetooth de alta resoluci\u00f3n, detalle extraordinario y gran claridad, dise\u00f1o compacto, discreto y ergon\u00f3mico, cable con control de 3 botones con micr\u00f3fono incorporado, se empareja con la mayor\u00eda de los tel\u00e9fonos, laptops y tabletas, impedancia: 19 ohms, respuesta de frecuencia: 20 Hz - 16 kHz, sensibilidad: 114 dB, Bluetooth Versi\u00f3n 4.0 con aptX, incluye aud\u00edfonos, cable, estuche y 5 pares de puntas de espuma.","robots":{"index":"index","follow":"follow","max-snippet":"max-snippet:-1","max-image-preview":"max-image-preview:large","max-video-preview":"max-video-preview:-1"},"canonical":"https:\/\/www.mexicanguitarplayers.com\/en\/tienda\/sin categor\u00eda\/audifonos-westone-mod-wx\/","og_locale":"en_US","og_type":"article","og_title":"AUDIFONOS WESTONE  MOD. WX - Mexican Guitar Players","og_description":"Aud\u00edfonos Wx dise\u00f1ado para los amantes de la m\u00fasica, driver de armadura equilibrada \u00fanica, especialmente ajustado y cable Bluetooth de alta resoluci\u00f3n, detalle extraordinario y gran claridad, dise\u00f1o compacto, discreto y ergon\u00f3mico, cable con control de 3 botones con micr\u00f3fono incorporado, se empareja con la mayor\u00eda de los tel\u00e9fonos, laptops y tabletas, impedancia: 19 ohms, respuesta de frecuencia: 20 Hz - 16 kHz, sensibilidad: 114 dB, Bluetooth Versi\u00f3n 4.0 con aptX, incluye aud\u00edfonos, cable, estuche y 5 pares de puntas de espuma.","og_url":"https:\/\/www.mexicanguitarplayers.com\/en\/tienda\/sin categor\u00eda\/audifonos-westone-mod-wx\/","og_site_name":"Mexican Guitar Players","article_modified_time":"2026-05-01T13:28:33+00:00","twitter_card":"summary_large_image","twitter_misc":{"Est. reading time":"2 minutes"},"schema":{"@context":"https:\/\/schema.org","@graph":[{"@type":["WebPage","ItemPage"],"@id":"https:\/\/www.mexicanguitarplayers.com\/tienda\/sin categor\u00eda\/audifonos-westone-mod-wx\/","url":"https:\/\/www.mexicanguitarplayers.com\/tienda\/sin categor\u00eda\/audifonos-westone-mod-wx\/","name":"AUDIFONOS WESTONE MOD. WX - Mexican Guitar Players","isPartOf":{"@id":"https:\/\/www.mexicanguitarplayers.com\/#website"},"primaryImageOfPage":{"@id":"https:\/\/www.mexicanguitarplayers.com\/tienda\/sin categor\u00eda\/audifonos-westone-mod-wx\/#primaryimage"},"image":{"@id":"https:\/\/www.mexicanguitarplayers.com\/tienda\/sin categor\u00eda\/audifonos-westone-mod-wx\/#primaryimage"},"thumbnailUrl":"https:\/\/www.mexicanguitarplayers.com\/wp-content\/uploads\/2025\/04\/VAWESWX.jpg","datePublished":"2025-04-07T03:30:20+00:00","dateModified":"2026-05-01T13:28:33+00:00","description":"Aud\u00edfonos Wx dise\u00f1ado para los amantes de la m\u00fasica, driver de armadura equilibrada \u00fanica, especialmente ajustado y cable Bluetooth de alta resoluci\u00f3n, detalle extraordinario y gran claridad, dise\u00f1o compacto, discreto y ergon\u00f3mico, cable con control de 3 botones con micr\u00f3fono incorporado, se empareja con la mayor\u00eda de los tel\u00e9fonos, laptops y tabletas, impedancia: 19 ohms, respuesta de frecuencia: 20 Hz - 16 kHz, sensibilidad: 114 dB, Bluetooth Versi\u00f3n 4.0 con aptX, incluye aud\u00edfonos, cable, estuche y 5 pares de puntas de espuma.","breadcrumb":{"@id":"https:\/\/www.mexicanguitarplayers.com\/tienda\/sin categor\u00eda\/audifonos-westone-mod-wx\/#breadcrumb"},"inLanguage":"en-US","potentialAction":[{"@type":"ReadAction","target":["https:\/\/www.mexicanguitarplayers.com\/tienda\/sin categor\u00eda\/audifonos-westone-mod-wx\/"]}]},{"@type":"ImageObject","inLanguage":"en-US","@id":"https:\/\/www.mexicanguitarplayers.com\/tienda\/sin categor\u00eda\/audifonos-westone-mod-wx\/#primaryimage","url":"https:\/\/www.mexicanguitarplayers.com\/wp-content\/uploads\/2025\/04\/VAWESWX.jpg","contentUrl":"https:\/\/www.mexicanguitarplayers.com\/wp-content\/uploads\/2025\/04\/VAWESWX.jpg","width":1600,"height":800},{"@type":"BreadcrumbList","@id":"https:\/\/www.mexicanguitarplayers.com\/tienda\/sin categor\u00eda\/audifonos-westone-mod-wx\/#breadcrumb","itemListElement":[{"@type":"ListItem","position":1,"name":"Portada","item":"https:\/\/www.mexicanguitarplayers.com\/"},{"@type":"ListItem","position":2,"name":"Tienda","item":"https:\/\/www.mexicanguitarplayers.com\/tienda\/"},{"@type":"ListItem","position":3,"name":"AUDIFONOS WESTONE MOD. WX"}]},{"@type":"WebSite","@id":"https:\/\/www.mexicanguitarplayers.com\/#website","url":"https:\/\/www.mexicanguitarplayers.com\/","name":"Mexican Guitar Players","description":"Website","publisher":{"@id":"https:\/\/www.mexicanguitarplayers.com\/#organization"},"potentialAction":[{"@type":"SearchAction","target":{"@type":"EntryPoint","urlTemplate":"https:\/\/www.mexicanguitarplayers.com\/?s={search_term_string}"},"query-input":{"@type":"PropertyValueSpecification","valueRequired":true,"valueName":"search_term_string"}}],"inLanguage":"en-US"},{"@type":"Organization","@id":"https:\/\/www.mexicanguitarplayers.com\/#organization","name":"Mexican Guitar Players","url":"https:\/\/www.mexicanguitarplayers.com\/","logo":{"@type":"ImageObject","inLanguage":"en-US","@id":"https:\/\/www.mexicanguitarplayers.com\/#\/schema\/logo\/image\/","url":"","contentUrl":"","caption":"Mexican Guitar Players"},"image":{"@id":"https:\/\/www.mexicanguitarplayers.com\/#\/schema\/logo\/image\/"}}]}},"brands":[{"id":651,"name":"WESTONE AUDIO","slug":"westone-audio"}],"_links":{"self":[{"href":"https:\/\/www.mexicanguitarplayers.com\/en\/wp-json\/wp\/v2\/product\/26278","targetHints":{"allow":["GET"]}}],"collection":[{"href":"https:\/\/www.mexicanguitarplayers.com\/en\/wp-json\/wp\/v2\/product"}],"about":[{"href":"https:\/\/www.mexicanguitarplayers.com\/en\/wp-json\/wp\/v2\/types\/product"}],"replies":[{"embeddable":true,"href":"https:\/\/www.mexicanguitarplayers.com\/en\/wp-json\/wp\/v2\/comments?post=26278"}],"wp:featuredmedia":[{"embeddable":true,"href":"https:\/\/www.mexicanguitarplayers.com\/en\/wp-json\/wp\/v2\/media\/26274"}],"wp:attachment":[{"href":"https:\/\/www.mexicanguitarplayers.com\/en\/wp-json\/wp\/v2\/media?parent=26278"}],"wp:term":[{"taxonomy":"pwb-brand","embeddable":true,"href":"https:\/\/www.mexicanguitarplayers.com\/en\/wp-json\/wp\/v2\/pwb-brand?post=26278"},{"taxonomy":"product_brand","embeddable":true,"href":"https:\/\/www.mexicanguitarplayers.com\/en\/wp-json\/wp\/v2\/product_brand?post=26278"},{"taxonomy":"product_cat","embeddable":true,"href":"https:\/\/www.mexicanguitarplayers.com\/en\/wp-json\/wp\/v2\/product_cat?post=26278"},{"taxonomy":"product_tag","embeddable":true,"href":"https:\/\/www.mexicanguitarplayers.com\/en\/wp-json\/wp\/v2\/product_tag?post=26278"}],"curies":[{"name":"wp","href":"https:\/\/api.w.org\/{rel}","templated":true}]}}