{"id":26315,"date":"2025-04-06T21:33:07","date_gmt":"2025-04-07T03:33:07","guid":{"rendered":"https:\/\/www.mexicanguitarplayers.com\/tienda\/sin categor\u00eda\/driver-beyma-mod-cd-314fe-ti\/"},"modified":"2026-01-21T04:20:05","modified_gmt":"2026-01-21T10:20:05","slug":"driver-beyma-mod-cd-314fe-ti","status":"publish","type":"product","link":"https:\/\/www.mexicanguitarplayers.com\/en\/tienda\/audio\/bafles-y-bocinas\/bocinas-y-componentes\/agudos\/driver-beyma-mod-cd-314fe-ti\/","title":{"rendered":"DRIVER BEYMA MOD. CD-314FE\/TI"},"content":{"rendered":"<div style=\"text-align: justify\">\n<div>\n<h3>Driver de Compresi\u00f3n de Alta Potencia de 1,4\u201d con Tecnolog\u00eda Avanzada y Respuesta Extendida<\/h3>\n<\/div>\n<div>El driver de compresi\u00f3n de 1,4\u201d (36 mm) est\u00e1 dise\u00f1ado para ofrecer un rendimiento excepcional en aplicaciones de audio profesional. Con una tecnolog\u00eda avanzada de Deplocex\u00ae para mejorar la disipaci\u00f3n t\u00e9rmica y reducir las p\u00e9rdidas por compresi\u00f3n de potencia, este driver maneja hasta 260 W de potencia programada a frecuencias superiores a 1,2 kHz, lo que lo convierte en una opci\u00f3n ideal para sistemas de sonido de alto rendimiento. Su bobina de voz de 3\u201d (76,2 mm), hecha de aluminio recubierto de cobre con un n\u00facleo de Nomex, permite un manejo de potencia eficiente y de alta calidad. La c\u00fapula de titanio y el dise\u00f1o del rodeo optimizado mediante F.E.M. garantizan una respuesta ac\u00fastica lineal y extendida, minimizando las resonancias no deseadas y asegurando una claridad superior. Adem\u00e1s, el driver incorpora un dise\u00f1o de fase de metal aleado optimizado mediante simulaciones de F.E.M., lo que mejora la dispersi\u00f3n del sonido y la eficiencia general del sistema. La tapa de cortocircuito de cobre reduce la distorsi\u00f3n y mejora la inductancia lineal, lo que contribuye a un sonido m\u00e1s claro y preciso. Con un rango de frecuencia de 0,6 kHz a 20 kHz y una sensibilidad de 109 dB (1W \/ 1m), este driver es capaz de producir un sonido potente y detallado, adecuado para aplicaciones que requieren una gran calidad de audio. Su dise\u00f1o de circuito magn\u00e9tico cer\u00e1mico optimizado, junto con la capacidad de manejo de altas potencias y la construcci\u00f3n robusta, lo hace ideal para instalaciones de sonido profesional, ya sea en escenarios de conciertos o en grandes sistemas de audio en vivo.<\/div>\n<div>\n<h4>Quick look<\/h4>\n<\/div>\n<ul style=\"margin: 0px 0px 0px 25px\">\n<li style=\"list-style-type: circle;margin: 5px\">Capacidad de potencia<\/li>\n<li style=\"list-style-type: circle;margin: 5px\">Montaje<\/li>\n<li style=\"list-style-type: circle;margin: 5px\">Peso neto<\/li>\n<\/ul>\n<div>\n<div style=\"font-weight: bold\">Capacidad de potencia<\/div>\n<div>\n<p>Potencia programada: 260 W (por encima de 1,2 kHz) Potencia de AES: 130 W (por encima de 0,8 kHz)<\/p>\n<\/div>\n<div style=\"font-weight: bold\">Montaje<\/div>\n<div>\n<p>Cuatro orificios roscados M6, separados a 90\u00b0 en c\u00edrculo de 101,6 mm (4\u201d)<\/p>\n<\/div>\n<div style=\"font-weight: bold\">Peso neto<\/div>\n<div>\n<p>5,4 kg<\/p>\n<\/div>\n<\/div>\n<\/div>","protected":false},"excerpt":{"rendered":"<p>Driver de compresi\u00f3n de 1,4\u201d (36 mm) ofrece un rendimiento excepcional con 260 W de potencia programada y una sensibilidad de 109 dB. Su bobina de voz de 3\u201d con n\u00facleo de Nomex y c\u00fapula de titanio optimizada mediante F.E.M. garantiza una respuesta lineal y extendida. Con un rango de frecuencia de 0,6 kHz a 20 kHz y una impedancia nominal de 8 ?, es ideal para aplicaciones de audio profesional. Su dise\u00f1o incluye una tapa de cortocircuito de cobre para reducir la distorsi\u00f3n y mejorar la salida, ofreciendo claridad y potencia superior.&hellip; <a class=\"kt-excerpt-readmore more-link\" href=\"https:\/\/www.mexicanguitarplayers.com\/en\/tienda\/audio\/bafles-y-bocinas\/bocinas-y-componentes\/agudos\/driver-beyma-mod-cd-314fe-ti\/\">Read more<\/a><\/p>","protected":false},"featured_media":26311,"comment_status":"open","ping_status":"closed","template":"","meta":{"kt_blocks_editor_width":""},"pwb-brand":[477],"product_brand":[],"product_cat":[530,213,221,474],"product_tag":[],"class_list":{"0":"post-26315","1":"product","2":"type-product","3":"status-publish","4":"has-post-thumbnail","6":"pwb-brand-beyma","7":"product_cat-agudos","8":"product_cat-audio","9":"product_cat-bafles-y-bocinas","10":"product_cat-bocinas-y-componentes","11":"product_shipping_class-5-10-kg","13":"first","14":"instock","15":"taxable","16":"shipping-taxable","17":"purchasable","18":"product-type-simple"},"yoast_head":"<!-- This site is optimized with the Yoast SEO plugin v27.3 - https:\/\/yoast.com\/product\/yoast-seo-wordpress\/ -->\n<title>DRIVER BEYMA MOD. CD-314FE\/TI - Mexican Guitar Players<\/title>\n<meta name=\"description\" content=\"Driver de compresi\u00f3n de 1,4\u201d (36 mm) ofrece un rendimiento excepcional con 260 W de potencia programada y una sensibilidad de 109 dB. Su bobina de voz de 3\u201d con n\u00facleo de Nomex y c\u00fapula de titanio optimizada mediante F.E.M. garantiza una respuesta lineal y extendida. Con un rango de frecuencia de 0,6 kHz a 20 kHz y una impedancia nominal de 8 ?, es ideal para aplicaciones de audio profesional. Su dise\u00f1o incluye una tapa de cortocircuito de cobre para reducir la distorsi\u00f3n y mejorar la salida, ofreciendo claridad y potencia superior.\" \/>\n<meta name=\"robots\" content=\"index, follow, max-snippet:-1, max-image-preview:large, max-video-preview:-1\" \/>\n<link rel=\"canonical\" href=\"https:\/\/www.mexicanguitarplayers.com\/en\/tienda\/sin%20categor\u00eda\/driver-beyma-mod-cd-314fe-ti\/\" \/>\n<meta property=\"og:locale\" content=\"en_US\" \/>\n<meta property=\"og:type\" content=\"article\" \/>\n<meta property=\"og:title\" content=\"DRIVER BEYMA MOD. CD-314FE\/TI - Mexican Guitar Players\" \/>\n<meta property=\"og:description\" content=\"Driver de compresi\u00f3n de 1,4\u201d (36 mm) ofrece un rendimiento excepcional con 260 W de potencia programada y una sensibilidad de 109 dB. Su bobina de voz de 3\u201d con n\u00facleo de Nomex y c\u00fapula de titanio optimizada mediante F.E.M. garantiza una respuesta lineal y extendida. Con un rango de frecuencia de 0,6 kHz a 20 kHz y una impedancia nominal de 8 ?, es ideal para aplicaciones de audio profesional. Su dise\u00f1o incluye una tapa de cortocircuito de cobre para reducir la distorsi\u00f3n y mejorar la salida, ofreciendo claridad y potencia superior.\" \/>\n<meta property=\"og:url\" content=\"https:\/\/www.mexicanguitarplayers.com\/en\/tienda\/sin categor\u00eda\/driver-beyma-mod-cd-314fe-ti\/\" \/>\n<meta property=\"og:site_name\" content=\"Mexican Guitar Players\" \/>\n<meta property=\"article:modified_time\" content=\"2026-01-21T10:20:05+00:00\" \/>\n<meta name=\"twitter:card\" content=\"summary_large_image\" \/>\n<meta name=\"twitter:label1\" content=\"Est. reading time\" \/>\n\t<meta name=\"twitter:data1\" content=\"2 minutes\" \/>\n<script type=\"application\/ld+json\" class=\"yoast-schema-graph\">{\"@context\":\"https:\\\/\\\/schema.org\",\"@graph\":[{\"@type\":[\"WebPage\",\"ItemPage\"],\"@id\":\"https:\\\/\\\/www.mexicanguitarplayers.com\\\/tienda\\\/sin categor\u00eda\\\/driver-beyma-mod-cd-314fe-ti\\\/\",\"url\":\"https:\\\/\\\/www.mexicanguitarplayers.com\\\/tienda\\\/sin categor\u00eda\\\/driver-beyma-mod-cd-314fe-ti\\\/\",\"name\":\"DRIVER BEYMA MOD. CD-314FE\\\/TI - Mexican Guitar Players\",\"isPartOf\":{\"@id\":\"https:\\\/\\\/www.mexicanguitarplayers.com\\\/#website\"},\"primaryImageOfPage\":{\"@id\":\"https:\\\/\\\/www.mexicanguitarplayers.com\\\/tienda\\\/sin categor\u00eda\\\/driver-beyma-mod-cd-314fe-ti\\\/#primaryimage\"},\"image\":{\"@id\":\"https:\\\/\\\/www.mexicanguitarplayers.com\\\/tienda\\\/sin categor\u00eda\\\/driver-beyma-mod-cd-314fe-ti\\\/#primaryimage\"},\"thumbnailUrl\":\"https:\\\/\\\/www.mexicanguitarplayers.com\\\/wp-content\\\/uploads\\\/2025\\\/04\\\/IABEYCD314FETI.png\",\"datePublished\":\"2025-04-07T03:33:07+00:00\",\"dateModified\":\"2026-01-21T10:20:05+00:00\",\"description\":\"Driver de compresi\u00f3n de 1,4\u201d (36 mm) ofrece un rendimiento excepcional con 260 W de potencia programada y una sensibilidad de 109 dB. Su bobina de voz de 3\u201d con n\u00facleo de Nomex y c\u00fapula de titanio optimizada mediante F.E.M. garantiza una respuesta lineal y extendida. Con un rango de frecuencia de 0,6 kHz a 20 kHz y una impedancia nominal de 8 ?, es ideal para aplicaciones de audio profesional. Su dise\u00f1o incluye una tapa de cortocircuito de cobre para reducir la distorsi\u00f3n y mejorar la salida, ofreciendo claridad y potencia superior.\",\"breadcrumb\":{\"@id\":\"https:\\\/\\\/www.mexicanguitarplayers.com\\\/tienda\\\/sin categor\u00eda\\\/driver-beyma-mod-cd-314fe-ti\\\/#breadcrumb\"},\"inLanguage\":\"en-US\",\"potentialAction\":[{\"@type\":\"ReadAction\",\"target\":[\"https:\\\/\\\/www.mexicanguitarplayers.com\\\/tienda\\\/sin categor\u00eda\\\/driver-beyma-mod-cd-314fe-ti\\\/\"]}]},{\"@type\":\"ImageObject\",\"inLanguage\":\"en-US\",\"@id\":\"https:\\\/\\\/www.mexicanguitarplayers.com\\\/tienda\\\/sin categor\u00eda\\\/driver-beyma-mod-cd-314fe-ti\\\/#primaryimage\",\"url\":\"https:\\\/\\\/www.mexicanguitarplayers.com\\\/wp-content\\\/uploads\\\/2025\\\/04\\\/IABEYCD314FETI.png\",\"contentUrl\":\"https:\\\/\\\/www.mexicanguitarplayers.com\\\/wp-content\\\/uploads\\\/2025\\\/04\\\/IABEYCD314FETI.png\",\"width\":1600,\"height\":800},{\"@type\":\"BreadcrumbList\",\"@id\":\"https:\\\/\\\/www.mexicanguitarplayers.com\\\/tienda\\\/sin categor\u00eda\\\/driver-beyma-mod-cd-314fe-ti\\\/#breadcrumb\",\"itemListElement\":[{\"@type\":\"ListItem\",\"position\":1,\"name\":\"Portada\",\"item\":\"https:\\\/\\\/www.mexicanguitarplayers.com\\\/\"},{\"@type\":\"ListItem\",\"position\":2,\"name\":\"Tienda\",\"item\":\"https:\\\/\\\/www.mexicanguitarplayers.com\\\/tienda\\\/\"},{\"@type\":\"ListItem\",\"position\":3,\"name\":\"DRIVER BEYMA MOD. CD-314FE\\\/TI\"}]},{\"@type\":\"WebSite\",\"@id\":\"https:\\\/\\\/www.mexicanguitarplayers.com\\\/#website\",\"url\":\"https:\\\/\\\/www.mexicanguitarplayers.com\\\/\",\"name\":\"Mexican Guitar Players\",\"description\":\"Website\",\"publisher\":{\"@id\":\"https:\\\/\\\/www.mexicanguitarplayers.com\\\/#organization\"},\"potentialAction\":[{\"@type\":\"SearchAction\",\"target\":{\"@type\":\"EntryPoint\",\"urlTemplate\":\"https:\\\/\\\/www.mexicanguitarplayers.com\\\/?s={search_term_string}\"},\"query-input\":{\"@type\":\"PropertyValueSpecification\",\"valueRequired\":true,\"valueName\":\"search_term_string\"}}],\"inLanguage\":\"en-US\"},{\"@type\":\"Organization\",\"@id\":\"https:\\\/\\\/www.mexicanguitarplayers.com\\\/#organization\",\"name\":\"Mexican Guitar Players\",\"url\":\"https:\\\/\\\/www.mexicanguitarplayers.com\\\/\",\"logo\":{\"@type\":\"ImageObject\",\"inLanguage\":\"en-US\",\"@id\":\"https:\\\/\\\/www.mexicanguitarplayers.com\\\/#\\\/schema\\\/logo\\\/image\\\/\",\"url\":\"\",\"contentUrl\":\"\",\"caption\":\"Mexican Guitar Players\"},\"image\":{\"@id\":\"https:\\\/\\\/www.mexicanguitarplayers.com\\\/#\\\/schema\\\/logo\\\/image\\\/\"}}]}<\/script>\n<!-- \/ Yoast SEO plugin. -->","yoast_head_json":{"title":"DRIVER BEYMA MOD. CD-314FE\/TI - Mexican Guitar Players","description":"Driver de compresi\u00f3n de 1,4\u201d (36 mm) ofrece un rendimiento excepcional con 260 W de potencia programada y una sensibilidad de 109 dB. Su bobina de voz de 3\u201d con n\u00facleo de Nomex y c\u00fapula de titanio optimizada mediante F.E.M. garantiza una respuesta lineal y extendida. Con un rango de frecuencia de 0,6 kHz a 20 kHz y una impedancia nominal de 8 ?, es ideal para aplicaciones de audio profesional. Su dise\u00f1o incluye una tapa de cortocircuito de cobre para reducir la distorsi\u00f3n y mejorar la salida, ofreciendo claridad y potencia superior.","robots":{"index":"index","follow":"follow","max-snippet":"max-snippet:-1","max-image-preview":"max-image-preview:large","max-video-preview":"max-video-preview:-1"},"canonical":"https:\/\/www.mexicanguitarplayers.com\/en\/tienda\/sin categor\u00eda\/driver-beyma-mod-cd-314fe-ti\/","og_locale":"en_US","og_type":"article","og_title":"DRIVER BEYMA MOD. CD-314FE\/TI - Mexican Guitar Players","og_description":"Driver de compresi\u00f3n de 1,4\u201d (36 mm) ofrece un rendimiento excepcional con 260 W de potencia programada y una sensibilidad de 109 dB. Su bobina de voz de 3\u201d con n\u00facleo de Nomex y c\u00fapula de titanio optimizada mediante F.E.M. garantiza una respuesta lineal y extendida. Con un rango de frecuencia de 0,6 kHz a 20 kHz y una impedancia nominal de 8 ?, es ideal para aplicaciones de audio profesional. Su dise\u00f1o incluye una tapa de cortocircuito de cobre para reducir la distorsi\u00f3n y mejorar la salida, ofreciendo claridad y potencia superior.","og_url":"https:\/\/www.mexicanguitarplayers.com\/en\/tienda\/sin categor\u00eda\/driver-beyma-mod-cd-314fe-ti\/","og_site_name":"Mexican Guitar Players","article_modified_time":"2026-01-21T10:20:05+00:00","twitter_card":"summary_large_image","twitter_misc":{"Est. reading time":"2 minutes"},"schema":{"@context":"https:\/\/schema.org","@graph":[{"@type":["WebPage","ItemPage"],"@id":"https:\/\/www.mexicanguitarplayers.com\/tienda\/sin categor\u00eda\/driver-beyma-mod-cd-314fe-ti\/","url":"https:\/\/www.mexicanguitarplayers.com\/tienda\/sin categor\u00eda\/driver-beyma-mod-cd-314fe-ti\/","name":"DRIVER BEYMA MOD. CD-314FE\/TI - Mexican Guitar Players","isPartOf":{"@id":"https:\/\/www.mexicanguitarplayers.com\/#website"},"primaryImageOfPage":{"@id":"https:\/\/www.mexicanguitarplayers.com\/tienda\/sin categor\u00eda\/driver-beyma-mod-cd-314fe-ti\/#primaryimage"},"image":{"@id":"https:\/\/www.mexicanguitarplayers.com\/tienda\/sin categor\u00eda\/driver-beyma-mod-cd-314fe-ti\/#primaryimage"},"thumbnailUrl":"https:\/\/www.mexicanguitarplayers.com\/wp-content\/uploads\/2025\/04\/IABEYCD314FETI.png","datePublished":"2025-04-07T03:33:07+00:00","dateModified":"2026-01-21T10:20:05+00:00","description":"Driver de compresi\u00f3n de 1,4\u201d (36 mm) ofrece un rendimiento excepcional con 260 W de potencia programada y una sensibilidad de 109 dB. Su bobina de voz de 3\u201d con n\u00facleo de Nomex y c\u00fapula de titanio optimizada mediante F.E.M. garantiza una respuesta lineal y extendida. Con un rango de frecuencia de 0,6 kHz a 20 kHz y una impedancia nominal de 8 ?, es ideal para aplicaciones de audio profesional. Su dise\u00f1o incluye una tapa de cortocircuito de cobre para reducir la distorsi\u00f3n y mejorar la salida, ofreciendo claridad y potencia superior.","breadcrumb":{"@id":"https:\/\/www.mexicanguitarplayers.com\/tienda\/sin categor\u00eda\/driver-beyma-mod-cd-314fe-ti\/#breadcrumb"},"inLanguage":"en-US","potentialAction":[{"@type":"ReadAction","target":["https:\/\/www.mexicanguitarplayers.com\/tienda\/sin categor\u00eda\/driver-beyma-mod-cd-314fe-ti\/"]}]},{"@type":"ImageObject","inLanguage":"en-US","@id":"https:\/\/www.mexicanguitarplayers.com\/tienda\/sin categor\u00eda\/driver-beyma-mod-cd-314fe-ti\/#primaryimage","url":"https:\/\/www.mexicanguitarplayers.com\/wp-content\/uploads\/2025\/04\/IABEYCD314FETI.png","contentUrl":"https:\/\/www.mexicanguitarplayers.com\/wp-content\/uploads\/2025\/04\/IABEYCD314FETI.png","width":1600,"height":800},{"@type":"BreadcrumbList","@id":"https:\/\/www.mexicanguitarplayers.com\/tienda\/sin categor\u00eda\/driver-beyma-mod-cd-314fe-ti\/#breadcrumb","itemListElement":[{"@type":"ListItem","position":1,"name":"Portada","item":"https:\/\/www.mexicanguitarplayers.com\/"},{"@type":"ListItem","position":2,"name":"Tienda","item":"https:\/\/www.mexicanguitarplayers.com\/tienda\/"},{"@type":"ListItem","position":3,"name":"DRIVER BEYMA MOD. CD-314FE\/TI"}]},{"@type":"WebSite","@id":"https:\/\/www.mexicanguitarplayers.com\/#website","url":"https:\/\/www.mexicanguitarplayers.com\/","name":"Mexican Guitar Players","description":"Website","publisher":{"@id":"https:\/\/www.mexicanguitarplayers.com\/#organization"},"potentialAction":[{"@type":"SearchAction","target":{"@type":"EntryPoint","urlTemplate":"https:\/\/www.mexicanguitarplayers.com\/?s={search_term_string}"},"query-input":{"@type":"PropertyValueSpecification","valueRequired":true,"valueName":"search_term_string"}}],"inLanguage":"en-US"},{"@type":"Organization","@id":"https:\/\/www.mexicanguitarplayers.com\/#organization","name":"Mexican Guitar Players","url":"https:\/\/www.mexicanguitarplayers.com\/","logo":{"@type":"ImageObject","inLanguage":"en-US","@id":"https:\/\/www.mexicanguitarplayers.com\/#\/schema\/logo\/image\/","url":"","contentUrl":"","caption":"Mexican Guitar Players"},"image":{"@id":"https:\/\/www.mexicanguitarplayers.com\/#\/schema\/logo\/image\/"}}]}},"brands":[{"id":477,"name":"BEYMA","slug":"beyma"}],"_links":{"self":[{"href":"https:\/\/www.mexicanguitarplayers.com\/en\/wp-json\/wp\/v2\/product\/26315","targetHints":{"allow":["GET"]}}],"collection":[{"href":"https:\/\/www.mexicanguitarplayers.com\/en\/wp-json\/wp\/v2\/product"}],"about":[{"href":"https:\/\/www.mexicanguitarplayers.com\/en\/wp-json\/wp\/v2\/types\/product"}],"replies":[{"embeddable":true,"href":"https:\/\/www.mexicanguitarplayers.com\/en\/wp-json\/wp\/v2\/comments?post=26315"}],"wp:featuredmedia":[{"embeddable":true,"href":"https:\/\/www.mexicanguitarplayers.com\/en\/wp-json\/wp\/v2\/media\/26311"}],"wp:attachment":[{"href":"https:\/\/www.mexicanguitarplayers.com\/en\/wp-json\/wp\/v2\/media?parent=26315"}],"wp:term":[{"taxonomy":"pwb-brand","embeddable":true,"href":"https:\/\/www.mexicanguitarplayers.com\/en\/wp-json\/wp\/v2\/pwb-brand?post=26315"},{"taxonomy":"product_brand","embeddable":true,"href":"https:\/\/www.mexicanguitarplayers.com\/en\/wp-json\/wp\/v2\/product_brand?post=26315"},{"taxonomy":"product_cat","embeddable":true,"href":"https:\/\/www.mexicanguitarplayers.com\/en\/wp-json\/wp\/v2\/product_cat?post=26315"},{"taxonomy":"product_tag","embeddable":true,"href":"https:\/\/www.mexicanguitarplayers.com\/en\/wp-json\/wp\/v2\/product_tag?post=26315"}],"curies":[{"name":"wp","href":"https:\/\/api.w.org\/{rel}","templated":true}]}}