{"id":26378,"date":"2025-04-06T21:37:35","date_gmt":"2025-04-07T03:37:35","guid":{"rendered":"https:\/\/www.mexicanguitarplayers.com\/tienda\/sin categor\u00eda\/pedal-source-audio-ventris-reverb\/"},"modified":"2026-04-10T04:43:56","modified_gmt":"2026-04-10T10:43:56","slug":"pedal-source-audio-ventris-reverb","status":"publish","type":"product","link":"https:\/\/www.mexicanguitarplayers.com\/en\/tienda\/cuerdas\/efectos\/efectos-individuales\/pedal-source-audio-ventris-reverb\/","title":{"rendered":"PEDAL SOURCE AUDIO VENTRIS REVERB"},"content":{"rendered":"<div style=\"text-align: justify\">\n<div>\n<h3>El cl\u00e1sico efecto Spring Reverb.<\/h3>\n<\/div>\n<div>El motor True Spring es el ejemplo perfecto del equipo de ingenier\u00eda de Source Audio, aprovechando al m\u00e1ximo el poder de procesamiento inmenso de Ventris Dual Reverb.  True Spring captura de manera impecable todas las sutilezas e idiosincrasias de los amplificadores cl\u00e1sicos equipados con spring reverb, incluyendo el caracter\u00edstico \u201cdrip\u201d asociado con el efecto vintage. La simulaci\u00f3n spring reverb fue un desaf\u00edo importante que requer\u00eda una comprensi\u00f3n profunda de las caracter\u00edsticas f\u00edsicas del reverb springs, una experiencia avanzada en el dise\u00f1o de sonido y una potencia de procesamiento excepcional. El jefe cient\u00edfico Bob Chidlaw se bas\u00f3 en todo su conocimiento y experiencia en la creaci\u00f3n del motor real True Spring, desde sus d\u00edas como ingeniero en Kurzweil hasta la creaci\u00f3n del Soundblox 2 Dimension Reverb de Source Audio. El resultado es un efecto de reverb que suena extremadamente natural. <\/div>\n<div>\n<h4>Characteristics<\/h4>\n<\/div>\n<div>\n<ul style=\"margin: 0px 0px 0px 25px\">\n<li style=\"list-style-type: circle;margin: 5px\">Incluye adaptador de corriente 9V DC (400mA \/ Centro negativo).<\/li>\n<li style=\"list-style-type: circle;margin: 5px\">Incluye cable 1\/8\u201d a 1\/4\u201d para conexi\u00f3n con Neuro Mobile App.<\/li>\n<li style=\"list-style-type: circle;margin: 5px\">Consumo de energ\u00eda: 280 mA.<\/li>\n<li style=\"list-style-type: circle;margin: 5px\">Carcasa de aluminio anodizado cepillado.<\/li>\n<li style=\"list-style-type: circle;margin: 5px\">Dimensiones: 11.4 x  11.4 x 5.1 cm (incluyendo perillas).<\/li>\n<li style=\"list-style-type: circle;margin: 5px\">Peso: 0.45 kg.<\/li>\n<li style=\"list-style-type: circle;margin: 5px\">Nivel de entrada m\u00e1ximo: +6.54 dBV = 8.76 dBu = 2.12 V RMS = 6.0 V p-p.<\/li>\n<li style=\"list-style-type: circle;margin: 5px\">Nivel de salida de escala completa: +6.54 dBV = 8.76 dBu = 2.12 V RMS = 6.0 V p-p.<\/li>\n<li style=\"list-style-type: circle;margin: 5px\">Impedancia de entrada: 1 Mega-ohm.<\/li>\n<li style=\"list-style-type: circle;margin: 5px\">Impedancia de salida: 600 ohms.<\/li>\n<li style=\"list-style-type: circle;margin: 5px\">Ruta de audio DNR: 110 dB.<\/li>\n<li style=\"list-style-type: circle;margin: 5px\">Conversi\u00f3n de audio 24-bit.<\/li>\n<li style=\"list-style-type: circle;margin: 5px\">Ruta de se\u00f1al digital de 56-bit.<\/li>\n<\/ul>\n<\/div>\n<\/div>","protected":false},"excerpt":{"rendered":"<p>Pedal reverb para guitarra, m\u00e1s de 20 motores de reverb (12 motores de reverb por medio de rueda de selecci\u00f3n adem\u00e1s de una conexi\u00f3n expandible de motores por medio de la app Neuro Desktop), 128 pre-ajustes, procesamiento dual de reverb (2 procesadores independientes de se\u00f1al), true spillover (2 procesadores individuales permiten cambiar de un pre-ajuste a otro sin cortar abruptamente la se\u00f1al de reverb del pre-ajuste original), procesamiento simult\u00e1neo, footswitch seleccionable, control Hold (Freeze), reverb runaway, conmutaci\u00f3n de reverb A a B, jacks de entrada y salida est\u00e9reo, dry through an\u00e1logo, funcionalidad de edici\u00f3n profunda, funcionalidad MIDI, bypass universal, control de expresi\u00f3n, capacidades de conmutaci\u00f3n externa, dimensiones: 11.4 x 11.4 x 5.1 cm (incluyendo perillas), peso: 0.45 kg.&hellip; <a class=\"kt-excerpt-readmore more-link\" href=\"https:\/\/www.mexicanguitarplayers.com\/en\/tienda\/cuerdas\/efectos\/efectos-individuales\/pedal-source-audio-ventris-reverb\/\">Read more<\/a><\/p>","protected":false},"featured_media":26377,"comment_status":"open","ping_status":"closed","template":"","meta":{"kt_blocks_editor_width":""},"pwb-brand":[608],"product_brand":[],"product_cat":[224,241,504],"product_tag":[],"class_list":{"0":"post-26378","1":"product","2":"type-product","3":"status-publish","4":"has-post-thumbnail","6":"pwb-brand-source-audio","7":"product_cat-cuerdas","8":"product_cat-efectos","9":"product_cat-efectos-individuales","10":"product_shipping_class-0-5-kg","12":"first","13":"outofstock","14":"taxable","15":"shipping-taxable","16":"purchasable","17":"product-type-simple"},"yoast_head":"<!-- This site is optimized with the Yoast SEO plugin v27.5 - https:\/\/yoast.com\/product\/yoast-seo-wordpress\/ -->\n<title>PEDAL SOURCE AUDIO VENTRIS REVERB - Mexican Guitar Players<\/title>\n<meta name=\"description\" content=\"Pedal reverb para guitarra, m\u00e1s de 20 motores de reverb (12 motores de reverb por medio de rueda de selecci\u00f3n adem\u00e1s de una conexi\u00f3n expandible de motores por medio de la app Neuro Desktop), 128 pre-ajustes, procesamiento dual de reverb (2 procesadores independientes de se\u00f1al), true spillover (2 procesadores individuales permiten cambiar de un pre-ajuste a otro sin cortar abruptamente la se\u00f1al de reverb del pre-ajuste original), procesamiento simult\u00e1neo, footswitch seleccionable, control Hold (Freeze), reverb runaway, conmutaci\u00f3n de reverb A a B, jacks de entrada y salida est\u00e9reo, dry through an\u00e1logo, funcionalidad de edici\u00f3n profunda, funcionalidad MIDI, bypass universal, control de expresi\u00f3n, capacidades de conmutaci\u00f3n externa, dimensiones: 11.4 x 11.4 x 5.1 cm (incluyendo perillas), peso: 0.45 kg.\" \/>\n<meta name=\"robots\" content=\"index, follow, max-snippet:-1, max-image-preview:large, max-video-preview:-1\" \/>\n<link rel=\"canonical\" href=\"https:\/\/www.mexicanguitarplayers.com\/en\/tienda\/sin%20categor\u00eda\/pedal-source-audio-ventris-reverb\/\" \/>\n<meta property=\"og:locale\" content=\"en_US\" \/>\n<meta property=\"og:type\" content=\"article\" \/>\n<meta property=\"og:title\" content=\"PEDAL SOURCE AUDIO VENTRIS REVERB - Mexican Guitar Players\" \/>\n<meta property=\"og:description\" content=\"Pedal reverb para guitarra, m\u00e1s de 20 motores de reverb (12 motores de reverb por medio de rueda de selecci\u00f3n adem\u00e1s de una conexi\u00f3n expandible de motores por medio de la app Neuro Desktop), 128 pre-ajustes, procesamiento dual de reverb (2 procesadores independientes de se\u00f1al), true spillover (2 procesadores individuales permiten cambiar de un pre-ajuste a otro sin cortar abruptamente la se\u00f1al de reverb del pre-ajuste original), procesamiento simult\u00e1neo, footswitch seleccionable, control Hold (Freeze), reverb runaway, conmutaci\u00f3n de reverb A a B, jacks de entrada y salida est\u00e9reo, dry through an\u00e1logo, funcionalidad de edici\u00f3n profunda, funcionalidad MIDI, bypass universal, control de expresi\u00f3n, capacidades de conmutaci\u00f3n externa, dimensiones: 11.4 x 11.4 x 5.1 cm (incluyendo perillas), peso: 0.45 kg.\" \/>\n<meta property=\"og:url\" content=\"https:\/\/www.mexicanguitarplayers.com\/en\/tienda\/sin categor\u00eda\/pedal-source-audio-ventris-reverb\/\" \/>\n<meta property=\"og:site_name\" content=\"Mexican Guitar Players\" \/>\n<meta property=\"article:modified_time\" content=\"2026-04-10T10:43:56+00:00\" \/>\n<meta name=\"twitter:card\" content=\"summary_large_image\" \/>\n<meta name=\"twitter:label1\" content=\"Est. reading time\" \/>\n\t<meta name=\"twitter:data1\" content=\"1 minute\" \/>\n<script type=\"application\/ld+json\" class=\"yoast-schema-graph\">{\"@context\":\"https:\\\/\\\/schema.org\",\"@graph\":[{\"@type\":[\"WebPage\",\"ItemPage\"],\"@id\":\"https:\\\/\\\/www.mexicanguitarplayers.com\\\/tienda\\\/sin categor\u00eda\\\/pedal-source-audio-ventris-reverb\\\/\",\"url\":\"https:\\\/\\\/www.mexicanguitarplayers.com\\\/tienda\\\/sin categor\u00eda\\\/pedal-source-audio-ventris-reverb\\\/\",\"name\":\"PEDAL SOURCE AUDIO VENTRIS REVERB - Mexican Guitar Players\",\"isPartOf\":{\"@id\":\"https:\\\/\\\/www.mexicanguitarplayers.com\\\/#website\"},\"primaryImageOfPage\":{\"@id\":\"https:\\\/\\\/www.mexicanguitarplayers.com\\\/tienda\\\/sin categor\u00eda\\\/pedal-source-audio-ventris-reverb\\\/#primaryimage\"},\"image\":{\"@id\":\"https:\\\/\\\/www.mexicanguitarplayers.com\\\/tienda\\\/sin categor\u00eda\\\/pedal-source-audio-ventris-reverb\\\/#primaryimage\"},\"thumbnailUrl\":\"https:\\\/\\\/www.mexicanguitarplayers.com\\\/wp-content\\\/uploads\\\/2025\\\/04\\\/VASIOSA262.jpg\",\"datePublished\":\"2025-04-07T03:37:35+00:00\",\"dateModified\":\"2026-04-10T10:43:56+00:00\",\"description\":\"Pedal reverb para guitarra, m\u00e1s de 20 motores de reverb (12 motores de reverb por medio de rueda de selecci\u00f3n adem\u00e1s de una conexi\u00f3n expandible de motores por medio de la app Neuro Desktop), 128 pre-ajustes, procesamiento dual de reverb (2 procesadores independientes de se\u00f1al), true spillover (2 procesadores individuales permiten cambiar de un pre-ajuste a otro sin cortar abruptamente la se\u00f1al de reverb del pre-ajuste original), procesamiento simult\u00e1neo, footswitch seleccionable, control Hold (Freeze), reverb runaway, conmutaci\u00f3n de reverb A a B, jacks de entrada y salida est\u00e9reo, dry through an\u00e1logo, funcionalidad de edici\u00f3n profunda, funcionalidad MIDI, bypass universal, control de expresi\u00f3n, capacidades de conmutaci\u00f3n externa, dimensiones: 11.4 x 11.4 x 5.1 cm (incluyendo perillas), peso: 0.45 kg.\",\"breadcrumb\":{\"@id\":\"https:\\\/\\\/www.mexicanguitarplayers.com\\\/tienda\\\/sin categor\u00eda\\\/pedal-source-audio-ventris-reverb\\\/#breadcrumb\"},\"inLanguage\":\"en-US\",\"potentialAction\":[{\"@type\":\"ReadAction\",\"target\":[\"https:\\\/\\\/www.mexicanguitarplayers.com\\\/tienda\\\/sin categor\u00eda\\\/pedal-source-audio-ventris-reverb\\\/\"]}]},{\"@type\":\"ImageObject\",\"inLanguage\":\"en-US\",\"@id\":\"https:\\\/\\\/www.mexicanguitarplayers.com\\\/tienda\\\/sin categor\u00eda\\\/pedal-source-audio-ventris-reverb\\\/#primaryimage\",\"url\":\"https:\\\/\\\/www.mexicanguitarplayers.com\\\/wp-content\\\/uploads\\\/2025\\\/04\\\/VASIOSA262.jpg\",\"contentUrl\":\"https:\\\/\\\/www.mexicanguitarplayers.com\\\/wp-content\\\/uploads\\\/2025\\\/04\\\/VASIOSA262.jpg\",\"width\":1200,\"height\":1200},{\"@type\":\"BreadcrumbList\",\"@id\":\"https:\\\/\\\/www.mexicanguitarplayers.com\\\/tienda\\\/sin categor\u00eda\\\/pedal-source-audio-ventris-reverb\\\/#breadcrumb\",\"itemListElement\":[{\"@type\":\"ListItem\",\"position\":1,\"name\":\"Portada\",\"item\":\"https:\\\/\\\/www.mexicanguitarplayers.com\\\/\"},{\"@type\":\"ListItem\",\"position\":2,\"name\":\"Tienda\",\"item\":\"https:\\\/\\\/www.mexicanguitarplayers.com\\\/tienda\\\/\"},{\"@type\":\"ListItem\",\"position\":3,\"name\":\"PEDAL SOURCE AUDIO VENTRIS REVERB\"}]},{\"@type\":\"WebSite\",\"@id\":\"https:\\\/\\\/www.mexicanguitarplayers.com\\\/#website\",\"url\":\"https:\\\/\\\/www.mexicanguitarplayers.com\\\/\",\"name\":\"Mexican Guitar Players\",\"description\":\"Website\",\"publisher\":{\"@id\":\"https:\\\/\\\/www.mexicanguitarplayers.com\\\/#organization\"},\"potentialAction\":[{\"@type\":\"SearchAction\",\"target\":{\"@type\":\"EntryPoint\",\"urlTemplate\":\"https:\\\/\\\/www.mexicanguitarplayers.com\\\/?s={search_term_string}\"},\"query-input\":{\"@type\":\"PropertyValueSpecification\",\"valueRequired\":true,\"valueName\":\"search_term_string\"}}],\"inLanguage\":\"en-US\"},{\"@type\":\"Organization\",\"@id\":\"https:\\\/\\\/www.mexicanguitarplayers.com\\\/#organization\",\"name\":\"Mexican Guitar Players\",\"url\":\"https:\\\/\\\/www.mexicanguitarplayers.com\\\/\",\"logo\":{\"@type\":\"ImageObject\",\"inLanguage\":\"en-US\",\"@id\":\"https:\\\/\\\/www.mexicanguitarplayers.com\\\/#\\\/schema\\\/logo\\\/image\\\/\",\"url\":\"\",\"contentUrl\":\"\",\"caption\":\"Mexican Guitar Players\"},\"image\":{\"@id\":\"https:\\\/\\\/www.mexicanguitarplayers.com\\\/#\\\/schema\\\/logo\\\/image\\\/\"}}]}<\/script>\n<!-- \/ Yoast SEO plugin. -->","yoast_head_json":{"title":"PEDAL SOURCE AUDIO VENTRIS REVERB - Mexican Guitar Players","description":"Pedal reverb para guitarra, m\u00e1s de 20 motores de reverb (12 motores de reverb por medio de rueda de selecci\u00f3n adem\u00e1s de una conexi\u00f3n expandible de motores por medio de la app Neuro Desktop), 128 pre-ajustes, procesamiento dual de reverb (2 procesadores independientes de se\u00f1al), true spillover (2 procesadores individuales permiten cambiar de un pre-ajuste a otro sin cortar abruptamente la se\u00f1al de reverb del pre-ajuste original), procesamiento simult\u00e1neo, footswitch seleccionable, control Hold (Freeze), reverb runaway, conmutaci\u00f3n de reverb A a B, jacks de entrada y salida est\u00e9reo, dry through an\u00e1logo, funcionalidad de edici\u00f3n profunda, funcionalidad MIDI, bypass universal, control de expresi\u00f3n, capacidades de conmutaci\u00f3n externa, dimensiones: 11.4 x 11.4 x 5.1 cm (incluyendo perillas), peso: 0.45 kg.","robots":{"index":"index","follow":"follow","max-snippet":"max-snippet:-1","max-image-preview":"max-image-preview:large","max-video-preview":"max-video-preview:-1"},"canonical":"https:\/\/www.mexicanguitarplayers.com\/en\/tienda\/sin categor\u00eda\/pedal-source-audio-ventris-reverb\/","og_locale":"en_US","og_type":"article","og_title":"PEDAL SOURCE AUDIO VENTRIS REVERB - Mexican Guitar Players","og_description":"Pedal reverb para guitarra, m\u00e1s de 20 motores de reverb (12 motores de reverb por medio de rueda de selecci\u00f3n adem\u00e1s de una conexi\u00f3n expandible de motores por medio de la app Neuro Desktop), 128 pre-ajustes, procesamiento dual de reverb (2 procesadores independientes de se\u00f1al), true spillover (2 procesadores individuales permiten cambiar de un pre-ajuste a otro sin cortar abruptamente la se\u00f1al de reverb del pre-ajuste original), procesamiento simult\u00e1neo, footswitch seleccionable, control Hold (Freeze), reverb runaway, conmutaci\u00f3n de reverb A a B, jacks de entrada y salida est\u00e9reo, dry through an\u00e1logo, funcionalidad de edici\u00f3n profunda, funcionalidad MIDI, bypass universal, control de expresi\u00f3n, capacidades de conmutaci\u00f3n externa, dimensiones: 11.4 x 11.4 x 5.1 cm (incluyendo perillas), peso: 0.45 kg.","og_url":"https:\/\/www.mexicanguitarplayers.com\/en\/tienda\/sin categor\u00eda\/pedal-source-audio-ventris-reverb\/","og_site_name":"Mexican Guitar Players","article_modified_time":"2026-04-10T10:43:56+00:00","twitter_card":"summary_large_image","twitter_misc":{"Est. reading time":"1 minute"},"schema":{"@context":"https:\/\/schema.org","@graph":[{"@type":["WebPage","ItemPage"],"@id":"https:\/\/www.mexicanguitarplayers.com\/tienda\/sin categor\u00eda\/pedal-source-audio-ventris-reverb\/","url":"https:\/\/www.mexicanguitarplayers.com\/tienda\/sin categor\u00eda\/pedal-source-audio-ventris-reverb\/","name":"PEDAL SOURCE AUDIO VENTRIS REVERB - Mexican Guitar Players","isPartOf":{"@id":"https:\/\/www.mexicanguitarplayers.com\/#website"},"primaryImageOfPage":{"@id":"https:\/\/www.mexicanguitarplayers.com\/tienda\/sin categor\u00eda\/pedal-source-audio-ventris-reverb\/#primaryimage"},"image":{"@id":"https:\/\/www.mexicanguitarplayers.com\/tienda\/sin categor\u00eda\/pedal-source-audio-ventris-reverb\/#primaryimage"},"thumbnailUrl":"https:\/\/www.mexicanguitarplayers.com\/wp-content\/uploads\/2025\/04\/VASIOSA262.jpg","datePublished":"2025-04-07T03:37:35+00:00","dateModified":"2026-04-10T10:43:56+00:00","description":"Pedal reverb para guitarra, m\u00e1s de 20 motores de reverb (12 motores de reverb por medio de rueda de selecci\u00f3n adem\u00e1s de una conexi\u00f3n expandible de motores por medio de la app Neuro Desktop), 128 pre-ajustes, procesamiento dual de reverb (2 procesadores independientes de se\u00f1al), true spillover (2 procesadores individuales permiten cambiar de un pre-ajuste a otro sin cortar abruptamente la se\u00f1al de reverb del pre-ajuste original), procesamiento simult\u00e1neo, footswitch seleccionable, control Hold (Freeze), reverb runaway, conmutaci\u00f3n de reverb A a B, jacks de entrada y salida est\u00e9reo, dry through an\u00e1logo, funcionalidad de edici\u00f3n profunda, funcionalidad MIDI, bypass universal, control de expresi\u00f3n, capacidades de conmutaci\u00f3n externa, dimensiones: 11.4 x 11.4 x 5.1 cm (incluyendo perillas), peso: 0.45 kg.","breadcrumb":{"@id":"https:\/\/www.mexicanguitarplayers.com\/tienda\/sin categor\u00eda\/pedal-source-audio-ventris-reverb\/#breadcrumb"},"inLanguage":"en-US","potentialAction":[{"@type":"ReadAction","target":["https:\/\/www.mexicanguitarplayers.com\/tienda\/sin categor\u00eda\/pedal-source-audio-ventris-reverb\/"]}]},{"@type":"ImageObject","inLanguage":"en-US","@id":"https:\/\/www.mexicanguitarplayers.com\/tienda\/sin categor\u00eda\/pedal-source-audio-ventris-reverb\/#primaryimage","url":"https:\/\/www.mexicanguitarplayers.com\/wp-content\/uploads\/2025\/04\/VASIOSA262.jpg","contentUrl":"https:\/\/www.mexicanguitarplayers.com\/wp-content\/uploads\/2025\/04\/VASIOSA262.jpg","width":1200,"height":1200},{"@type":"BreadcrumbList","@id":"https:\/\/www.mexicanguitarplayers.com\/tienda\/sin categor\u00eda\/pedal-source-audio-ventris-reverb\/#breadcrumb","itemListElement":[{"@type":"ListItem","position":1,"name":"Portada","item":"https:\/\/www.mexicanguitarplayers.com\/"},{"@type":"ListItem","position":2,"name":"Tienda","item":"https:\/\/www.mexicanguitarplayers.com\/tienda\/"},{"@type":"ListItem","position":3,"name":"PEDAL SOURCE AUDIO VENTRIS REVERB"}]},{"@type":"WebSite","@id":"https:\/\/www.mexicanguitarplayers.com\/#website","url":"https:\/\/www.mexicanguitarplayers.com\/","name":"Mexican Guitar Players","description":"Website","publisher":{"@id":"https:\/\/www.mexicanguitarplayers.com\/#organization"},"potentialAction":[{"@type":"SearchAction","target":{"@type":"EntryPoint","urlTemplate":"https:\/\/www.mexicanguitarplayers.com\/?s={search_term_string}"},"query-input":{"@type":"PropertyValueSpecification","valueRequired":true,"valueName":"search_term_string"}}],"inLanguage":"en-US"},{"@type":"Organization","@id":"https:\/\/www.mexicanguitarplayers.com\/#organization","name":"Mexican Guitar Players","url":"https:\/\/www.mexicanguitarplayers.com\/","logo":{"@type":"ImageObject","inLanguage":"en-US","@id":"https:\/\/www.mexicanguitarplayers.com\/#\/schema\/logo\/image\/","url":"","contentUrl":"","caption":"Mexican Guitar Players"},"image":{"@id":"https:\/\/www.mexicanguitarplayers.com\/#\/schema\/logo\/image\/"}}]}},"brands":[{"id":608,"name":"AUDIO SOURCE","slug":"source-audio"}],"_links":{"self":[{"href":"https:\/\/www.mexicanguitarplayers.com\/en\/wp-json\/wp\/v2\/product\/26378","targetHints":{"allow":["GET"]}}],"collection":[{"href":"https:\/\/www.mexicanguitarplayers.com\/en\/wp-json\/wp\/v2\/product"}],"about":[{"href":"https:\/\/www.mexicanguitarplayers.com\/en\/wp-json\/wp\/v2\/types\/product"}],"replies":[{"embeddable":true,"href":"https:\/\/www.mexicanguitarplayers.com\/en\/wp-json\/wp\/v2\/comments?post=26378"}],"wp:featuredmedia":[{"embeddable":true,"href":"https:\/\/www.mexicanguitarplayers.com\/en\/wp-json\/wp\/v2\/media\/26377"}],"wp:attachment":[{"href":"https:\/\/www.mexicanguitarplayers.com\/en\/wp-json\/wp\/v2\/media?parent=26378"}],"wp:term":[{"taxonomy":"pwb-brand","embeddable":true,"href":"https:\/\/www.mexicanguitarplayers.com\/en\/wp-json\/wp\/v2\/pwb-brand?post=26378"},{"taxonomy":"product_brand","embeddable":true,"href":"https:\/\/www.mexicanguitarplayers.com\/en\/wp-json\/wp\/v2\/product_brand?post=26378"},{"taxonomy":"product_cat","embeddable":true,"href":"https:\/\/www.mexicanguitarplayers.com\/en\/wp-json\/wp\/v2\/product_cat?post=26378"},{"taxonomy":"product_tag","embeddable":true,"href":"https:\/\/www.mexicanguitarplayers.com\/en\/wp-json\/wp\/v2\/product_tag?post=26378"}],"curies":[{"name":"wp","href":"https:\/\/api.w.org\/{rel}","templated":true}]}}