{"id":26387,"date":"2025-04-06T21:38:15","date_gmt":"2025-04-07T03:38:15","guid":{"rendered":"https:\/\/www.mexicanguitarplayers.com\/tienda\/sin categor\u00eda\/sintetizador-behringer-mod-td-3-am\/"},"modified":"2026-05-01T07:28:28","modified_gmt":"2026-05-01T13:28:28","slug":"sintetizador-behringer-mod-td-3-am","status":"publish","type":"product","link":"https:\/\/www.mexicanguitarplayers.com\/en\/tienda\/teclas\/sintetizador-y-controlador\/sintetizador\/sintetizador-behringer-mod-td-3-am\/","title":{"rendered":"SINTETIZADOR BEHRINGER MOD. TD-3-AM"},"content":{"rendered":"<div style=\"text-align: justify\">\n<div>\n<h3>Ruta de se\u00f1al anal\u00f3gica pura.<\/h3>\n<\/div>\n<div>S\u00f3lo producido entre 1981 y 1984, el Roland TB-202 fue un tremendo fracaso comercial como reemplazo del bajo, sin embargo, pronto encontr\u00f3 su lugar como uno de los sintetizadores m\u00e1s queridos para lo que se conoci\u00f3 como Electronic Dance Music (EDM). Un homenaje ultra asequible y fiel al sintetizador ic\u00f3nico que gener\u00f3 m\u00fasica House, adem\u00e1s de un circuito de distorsi\u00f3n completamente nuevo, el TR-3-RD te permite conjurar pr\u00e1cticamente cualquier sonido con incre\u00edble delicadeza y facilidad. Con su ruta de se\u00f1al anal\u00f3gica pura, secuenciados de 16 pasos y aut\u00e9nticos filtros VCO, VCF y VCA, el TD-3-RD seguramente se convertir\u00e1 en uno de tus sintetizadores favoritos. Se ha tenido mucho cuidado en la ingenier\u00eda del TD-3-RD, incluidos los dise\u00f1os originales de VCO, VCF y VCA y circuitos anal\u00f3gicos puros con transistores compatibles. Esta atenci\u00f3n al detalle altamente enfocada es lo que le da al TD-3-RD su capacidad de conformaci\u00f3n de sonido ultra flexible, que cubre todo, desde graves s\u00faper gordos y tonos de plomo hasta efectos deslumbrantes, hasta sonidos de otro mundo dentro de tu imaginaci\u00f3n. Tu TD-3-RD viene listo para rockear, gracias a su enrutamiento de se\u00f1al predeterminado que no requiere levantar un solo cable de parcheo para crear sonidos incre\u00edbles al instante. El dise\u00f1o altamente intuitivo te permite acceder f\u00e1cilmente a los sonidos inspirados de las canciones de rock progresivo, wave, EDM y synth-pop que hicieron historia en el rock and roll o para dise\u00f1ar sonidos incre\u00edblemente gordos y originales que te convertir\u00e1n en una leyenda por derecho propio.<\/div>\n<div>\n<h4>Quick look<\/h4>\n<\/div>\n<ul style=\"margin: 0px 0px 0px 25px\">\n<li style=\"list-style-type: circle;margin: 5px\">Arquitectura de sintetizador.<\/li>\n<li style=\"list-style-type: circle;margin: 5px\">Connectivity<\/li>\n<li style=\"list-style-type: circle;margin: 5px\">USB.<\/li>\n<li style=\"list-style-type: circle;margin: 5px\">Entradas y salidas (TS 3.5 mm).<\/li>\n<li style=\"list-style-type: circle;margin: 5px\">Energy.<\/li>\n<li style=\"list-style-type: circle;margin: 5px\">Rango de temperatura de operaci\u00f3n.<\/li>\n<li style=\"list-style-type: circle;margin: 5px\">Dimensions.<\/li>\n<li style=\"list-style-type: circle;margin: 5px\">Weight.<\/li>\n<\/ul>\n<div>\n<div style=\"font-weight: bold\">Arquitectura de sintetizador.<\/div>\n<div>\n<p>N\u00famero de voces: Monof\u00f3nico. Tipo: An\u00e1logo. Osciladores: 1. VCF: 1 low pass. Envelopes: 1.<\/p>\n<\/div>\n<div style=\"font-weight: bold\">Connectivity<\/div>\n<div>\n<p>Entrada de alimentaci\u00f3n: Conector de entrada DC. Switch de encendido: Bot\u00f3n push On\/Off. MIDI In\/Thru: MIDI In y MIDI Thru, DIN de 5 pines. USB (MIDI): USB 2.0, tipo B. Salidas: Salida Line: 1\/4&#8243; TRS, desbalanceado, m\u00e1ximo +8 dBu. Impedancia de salida. 1.5 kilo-ohms. Aud\u00edfonos: 3.5 mm TRS, m\u00e1ximo 50 mW\/32 ohms (1 KHz, 1% THD). Impedancia de salida de aud\u00edfonos: 15 ohms.<\/p>\n<\/div>\n<div style=\"font-weight: bold\">USB.<\/div>\n<div>\n<p>Tipo: Class compliant USB 2.0, tipo B. Sistemas operativos soportados: Windows 7 o superior y Mac OS X 10.6.8 o superior.<\/p>\n<\/div>\n<div style=\"font-weight: bold\">Entradas y salidas (TS 3.5 mm).<\/div>\n<div>\n<p>Entradas: Filter in: +12 dBu \/ Sync in: M\u00e1s que: 2.5V. Salidas: CV out: +1V a +5V (1 volt\/oct) \/ Gate out: OFF: 0 V; ON: +12V.<\/p>\n<\/div>\n<div style=\"font-weight: bold\">Energy.<\/div>\n<div>\n<p>Adaptador de corriente externo (usar s\u00f3lo el adaptador suministrado): 9 VDC 670 mA. Consumo de energ\u00eda: M\u00e1ximo 2W. Indicador: Power LED.<\/p>\n<\/div>\n<div style=\"font-weight: bold\">Rango de temperatura de operaci\u00f3n.<\/div>\n<div>\n<p>5\u00b0C &#8211; 40\u00b0C.<\/p>\n<\/div>\n<div style=\"font-weight: bold\">Dimensions.<\/div>\n<div>\n<p>305 x 165 mm.<\/p>\n<\/div>\n<div style=\"font-weight: bold\">Weight.<\/div>\n<div>\n<p>0.8 kg.<\/p>\n<\/div>\n<\/div>\n<\/div>","protected":false},"excerpt":{"rendered":"<p>Sintetizador Bass Line an\u00e1logo con VCO, VCF, secuenciador de 6 pasos, efectos de distorsi\u00f3n y Poly Chain de 16 voces, circuitos anal\u00f3gicos reales para sonidos bass y groove, reproducci\u00f3n aut\u00e9ntica de circuitos originales con transistores coincidentes, ruta de se\u00f1al anal\u00f3gica pura basada en los legendarios dise\u00f1os VCO, VCF y VCA, VCO de forma de onda sawtooth y square con circuitos de conformaci\u00f3n de onda de transistor, incre\u00edble filtro resonante de pasa-bajos de 4 polos con controles cut-off, resonance, envelope, decay y accent, secuenciador de 16 pasos con 7 pistas, cada una con 250 patrones de usuario, circuito de distorsi\u00f3n modelado despu\u00e9s de que el DS-1 agrega especias y bordes locos a tus sonidos, Poly Chain de 16 voces que te permite combinar m\u00faltiples sintetizadores para una polifon\u00eda de hasta 16 voces, 11 controles y 28 switches para brindarte acceso directo y en tiempo real a todos los par\u00e1metros importantes, implementaci\u00f3n MIDI y USB con canal MIDI y selecci\u00f3n de prioridad de voz, dimensiones: 56 x 305 x 165 mm, peso: 0.8 kg.&hellip; <a class=\"kt-excerpt-readmore more-link\" href=\"https:\/\/www.mexicanguitarplayers.com\/en\/tienda\/teclas\/sintetizador-y-controlador\/sintetizador\/sintetizador-behringer-mod-td-3-am\/\">Read more<\/a><\/p>","protected":false},"featured_media":26379,"comment_status":"open","ping_status":"closed","template":"","meta":{"kt_blocks_editor_width":""},"pwb-brand":[171],"product_brand":[],"product_cat":[393,386,376],"product_tag":[],"class_list":{"0":"post-26387","1":"product","2":"type-product","3":"status-publish","4":"has-post-thumbnail","6":"pwb-brand-behringer","7":"product_cat-sintetizador","8":"product_cat-sintetizador-y-controlador","9":"product_cat-teclas","10":"product_shipping_class-0-5-kg","12":"first","13":"instock","14":"taxable","15":"shipping-taxable","16":"purchasable","17":"product-type-simple"},"yoast_head":"<!-- This site is optimized with the Yoast SEO plugin v27.5 - https:\/\/yoast.com\/product\/yoast-seo-wordpress\/ -->\n<title>SINTETIZADOR BEHRINGER MOD. TD-3-AM - Mexican Guitar Players<\/title>\n<meta name=\"description\" content=\"Sintetizador Bass Line an\u00e1logo con VCO, VCF, secuenciador de 6 pasos, efectos de distorsi\u00f3n y Poly Chain de 16 voces, circuitos anal\u00f3gicos reales para sonidos bass y groove, reproducci\u00f3n aut\u00e9ntica de circuitos originales con transistores coincidentes, ruta de se\u00f1al anal\u00f3gica pura basada en los legendarios dise\u00f1os VCO, VCF y VCA, VCO de forma de onda sawtooth y square con circuitos de conformaci\u00f3n de onda de transistor, incre\u00edble filtro resonante de pasa-bajos de 4 polos con controles cut-off, resonance, envelope, decay y accent, secuenciador de 16 pasos con 7 pistas, cada una con 250 patrones de usuario, circuito de distorsi\u00f3n modelado despu\u00e9s de que el DS-1 agrega especias y bordes locos a tus sonidos, Poly Chain de 16 voces que te permite combinar m\u00faltiples sintetizadores para una polifon\u00eda de hasta 16 voces, 11 controles y 28 switches para brindarte acceso directo y en tiempo real a todos los par\u00e1metros importantes, implementaci\u00f3n MIDI y USB con canal MIDI y selecci\u00f3n de prioridad de voz, dimensiones: 56 x 305 x 165 mm, peso: 0.8 kg.\" \/>\n<meta name=\"robots\" content=\"index, follow, max-snippet:-1, max-image-preview:large, max-video-preview:-1\" \/>\n<link rel=\"canonical\" href=\"https:\/\/www.mexicanguitarplayers.com\/en\/tienda\/sin%20categor\u00eda\/sintetizador-behringer-mod-td-3-am\/\" \/>\n<meta property=\"og:locale\" content=\"en_US\" \/>\n<meta property=\"og:type\" content=\"article\" \/>\n<meta property=\"og:title\" content=\"SINTETIZADOR BEHRINGER MOD. TD-3-AM - Mexican Guitar Players\" \/>\n<meta property=\"og:description\" content=\"Sintetizador Bass Line an\u00e1logo con VCO, VCF, secuenciador de 6 pasos, efectos de distorsi\u00f3n y Poly Chain de 16 voces, circuitos anal\u00f3gicos reales para sonidos bass y groove, reproducci\u00f3n aut\u00e9ntica de circuitos originales con transistores coincidentes, ruta de se\u00f1al anal\u00f3gica pura basada en los legendarios dise\u00f1os VCO, VCF y VCA, VCO de forma de onda sawtooth y square con circuitos de conformaci\u00f3n de onda de transistor, incre\u00edble filtro resonante de pasa-bajos de 4 polos con controles cut-off, resonance, envelope, decay y accent, secuenciador de 16 pasos con 7 pistas, cada una con 250 patrones de usuario, circuito de distorsi\u00f3n modelado despu\u00e9s de que el DS-1 agrega especias y bordes locos a tus sonidos, Poly Chain de 16 voces que te permite combinar m\u00faltiples sintetizadores para una polifon\u00eda de hasta 16 voces, 11 controles y 28 switches para brindarte acceso directo y en tiempo real a todos los par\u00e1metros importantes, implementaci\u00f3n MIDI y USB con canal MIDI y selecci\u00f3n de prioridad de voz, dimensiones: 56 x 305 x 165 mm, peso: 0.8 kg.\" \/>\n<meta property=\"og:url\" content=\"https:\/\/www.mexicanguitarplayers.com\/en\/tienda\/sin categor\u00eda\/sintetizador-behringer-mod-td-3-am\/\" \/>\n<meta property=\"og:site_name\" content=\"Mexican Guitar Players\" \/>\n<meta property=\"article:modified_time\" content=\"2026-05-01T13:28:28+00:00\" \/>\n<meta name=\"twitter:card\" content=\"summary_large_image\" \/>\n<meta name=\"twitter:label1\" content=\"Est. reading time\" \/>\n\t<meta name=\"twitter:data1\" content=\"2 minutes\" \/>\n<script type=\"application\/ld+json\" class=\"yoast-schema-graph\">{\"@context\":\"https:\\\/\\\/schema.org\",\"@graph\":[{\"@type\":[\"WebPage\",\"ItemPage\"],\"@id\":\"https:\\\/\\\/www.mexicanguitarplayers.com\\\/tienda\\\/sin categor\u00eda\\\/sintetizador-behringer-mod-td-3-am\\\/\",\"url\":\"https:\\\/\\\/www.mexicanguitarplayers.com\\\/tienda\\\/sin categor\u00eda\\\/sintetizador-behringer-mod-td-3-am\\\/\",\"name\":\"SINTETIZADOR BEHRINGER MOD. TD-3-AM - Mexican Guitar Players\",\"isPartOf\":{\"@id\":\"https:\\\/\\\/www.mexicanguitarplayers.com\\\/#website\"},\"primaryImageOfPage\":{\"@id\":\"https:\\\/\\\/www.mexicanguitarplayers.com\\\/tienda\\\/sin categor\u00eda\\\/sintetizador-behringer-mod-td-3-am\\\/#primaryimage\"},\"image\":{\"@id\":\"https:\\\/\\\/www.mexicanguitarplayers.com\\\/tienda\\\/sin categor\u00eda\\\/sintetizador-behringer-mod-td-3-am\\\/#primaryimage\"},\"thumbnailUrl\":\"https:\\\/\\\/www.mexicanguitarplayers.com\\\/wp-content\\\/uploads\\\/2025\\\/04\\\/ITBEHTD3AM.jpg\",\"datePublished\":\"2025-04-07T03:38:15+00:00\",\"dateModified\":\"2026-05-01T13:28:28+00:00\",\"description\":\"Sintetizador Bass Line an\u00e1logo con VCO, VCF, secuenciador de 6 pasos, efectos de distorsi\u00f3n y Poly Chain de 16 voces, circuitos anal\u00f3gicos reales para sonidos bass y groove, reproducci\u00f3n aut\u00e9ntica de circuitos originales con transistores coincidentes, ruta de se\u00f1al anal\u00f3gica pura basada en los legendarios dise\u00f1os VCO, VCF y VCA, VCO de forma de onda sawtooth y square con circuitos de conformaci\u00f3n de onda de transistor, incre\u00edble filtro resonante de pasa-bajos de 4 polos con controles cut-off, resonance, envelope, decay y accent, secuenciador de 16 pasos con 7 pistas, cada una con 250 patrones de usuario, circuito de distorsi\u00f3n modelado despu\u00e9s de que el DS-1 agrega especias y bordes locos a tus sonidos, Poly Chain de 16 voces que te permite combinar m\u00faltiples sintetizadores para una polifon\u00eda de hasta 16 voces, 11 controles y 28 switches para brindarte acceso directo y en tiempo real a todos los par\u00e1metros importantes, implementaci\u00f3n MIDI y USB con canal MIDI y selecci\u00f3n de prioridad de voz, dimensiones: 56 x 305 x 165 mm, peso: 0.8 kg.\",\"breadcrumb\":{\"@id\":\"https:\\\/\\\/www.mexicanguitarplayers.com\\\/tienda\\\/sin categor\u00eda\\\/sintetizador-behringer-mod-td-3-am\\\/#breadcrumb\"},\"inLanguage\":\"en-US\",\"potentialAction\":[{\"@type\":\"ReadAction\",\"target\":[\"https:\\\/\\\/www.mexicanguitarplayers.com\\\/tienda\\\/sin categor\u00eda\\\/sintetizador-behringer-mod-td-3-am\\\/\"]}]},{\"@type\":\"ImageObject\",\"inLanguage\":\"en-US\",\"@id\":\"https:\\\/\\\/www.mexicanguitarplayers.com\\\/tienda\\\/sin categor\u00eda\\\/sintetizador-behringer-mod-td-3-am\\\/#primaryimage\",\"url\":\"https:\\\/\\\/www.mexicanguitarplayers.com\\\/wp-content\\\/uploads\\\/2025\\\/04\\\/ITBEHTD3AM.jpg\",\"contentUrl\":\"https:\\\/\\\/www.mexicanguitarplayers.com\\\/wp-content\\\/uploads\\\/2025\\\/04\\\/ITBEHTD3AM.jpg\",\"width\":1600,\"height\":800},{\"@type\":\"BreadcrumbList\",\"@id\":\"https:\\\/\\\/www.mexicanguitarplayers.com\\\/tienda\\\/sin categor\u00eda\\\/sintetizador-behringer-mod-td-3-am\\\/#breadcrumb\",\"itemListElement\":[{\"@type\":\"ListItem\",\"position\":1,\"name\":\"Portada\",\"item\":\"https:\\\/\\\/www.mexicanguitarplayers.com\\\/\"},{\"@type\":\"ListItem\",\"position\":2,\"name\":\"Tienda\",\"item\":\"https:\\\/\\\/www.mexicanguitarplayers.com\\\/tienda\\\/\"},{\"@type\":\"ListItem\",\"position\":3,\"name\":\"SINTETIZADOR BEHRINGER MOD. TD-3-AM\"}]},{\"@type\":\"WebSite\",\"@id\":\"https:\\\/\\\/www.mexicanguitarplayers.com\\\/#website\",\"url\":\"https:\\\/\\\/www.mexicanguitarplayers.com\\\/\",\"name\":\"Mexican Guitar Players\",\"description\":\"Website\",\"publisher\":{\"@id\":\"https:\\\/\\\/www.mexicanguitarplayers.com\\\/#organization\"},\"potentialAction\":[{\"@type\":\"SearchAction\",\"target\":{\"@type\":\"EntryPoint\",\"urlTemplate\":\"https:\\\/\\\/www.mexicanguitarplayers.com\\\/?s={search_term_string}\"},\"query-input\":{\"@type\":\"PropertyValueSpecification\",\"valueRequired\":true,\"valueName\":\"search_term_string\"}}],\"inLanguage\":\"en-US\"},{\"@type\":\"Organization\",\"@id\":\"https:\\\/\\\/www.mexicanguitarplayers.com\\\/#organization\",\"name\":\"Mexican Guitar Players\",\"url\":\"https:\\\/\\\/www.mexicanguitarplayers.com\\\/\",\"logo\":{\"@type\":\"ImageObject\",\"inLanguage\":\"en-US\",\"@id\":\"https:\\\/\\\/www.mexicanguitarplayers.com\\\/#\\\/schema\\\/logo\\\/image\\\/\",\"url\":\"\",\"contentUrl\":\"\",\"caption\":\"Mexican Guitar Players\"},\"image\":{\"@id\":\"https:\\\/\\\/www.mexicanguitarplayers.com\\\/#\\\/schema\\\/logo\\\/image\\\/\"}}]}<\/script>\n<!-- \/ Yoast SEO plugin. -->","yoast_head_json":{"title":"SINTETIZADOR BEHRINGER MOD. TD-3-AM - Mexican Guitar Players","description":"Sintetizador Bass Line an\u00e1logo con VCO, VCF, secuenciador de 6 pasos, efectos de distorsi\u00f3n y Poly Chain de 16 voces, circuitos anal\u00f3gicos reales para sonidos bass y groove, reproducci\u00f3n aut\u00e9ntica de circuitos originales con transistores coincidentes, ruta de se\u00f1al anal\u00f3gica pura basada en los legendarios dise\u00f1os VCO, VCF y VCA, VCO de forma de onda sawtooth y square con circuitos de conformaci\u00f3n de onda de transistor, incre\u00edble filtro resonante de pasa-bajos de 4 polos con controles cut-off, resonance, envelope, decay y accent, secuenciador de 16 pasos con 7 pistas, cada una con 250 patrones de usuario, circuito de distorsi\u00f3n modelado despu\u00e9s de que el DS-1 agrega especias y bordes locos a tus sonidos, Poly Chain de 16 voces que te permite combinar m\u00faltiples sintetizadores para una polifon\u00eda de hasta 16 voces, 11 controles y 28 switches para brindarte acceso directo y en tiempo real a todos los par\u00e1metros importantes, implementaci\u00f3n MIDI y USB con canal MIDI y selecci\u00f3n de prioridad de voz, dimensiones: 56 x 305 x 165 mm, peso: 0.8 kg.","robots":{"index":"index","follow":"follow","max-snippet":"max-snippet:-1","max-image-preview":"max-image-preview:large","max-video-preview":"max-video-preview:-1"},"canonical":"https:\/\/www.mexicanguitarplayers.com\/en\/tienda\/sin categor\u00eda\/sintetizador-behringer-mod-td-3-am\/","og_locale":"en_US","og_type":"article","og_title":"SINTETIZADOR BEHRINGER MOD. TD-3-AM - Mexican Guitar Players","og_description":"Sintetizador Bass Line an\u00e1logo con VCO, VCF, secuenciador de 6 pasos, efectos de distorsi\u00f3n y Poly Chain de 16 voces, circuitos anal\u00f3gicos reales para sonidos bass y groove, reproducci\u00f3n aut\u00e9ntica de circuitos originales con transistores coincidentes, ruta de se\u00f1al anal\u00f3gica pura basada en los legendarios dise\u00f1os VCO, VCF y VCA, VCO de forma de onda sawtooth y square con circuitos de conformaci\u00f3n de onda de transistor, incre\u00edble filtro resonante de pasa-bajos de 4 polos con controles cut-off, resonance, envelope, decay y accent, secuenciador de 16 pasos con 7 pistas, cada una con 250 patrones de usuario, circuito de distorsi\u00f3n modelado despu\u00e9s de que el DS-1 agrega especias y bordes locos a tus sonidos, Poly Chain de 16 voces que te permite combinar m\u00faltiples sintetizadores para una polifon\u00eda de hasta 16 voces, 11 controles y 28 switches para brindarte acceso directo y en tiempo real a todos los par\u00e1metros importantes, implementaci\u00f3n MIDI y USB con canal MIDI y selecci\u00f3n de prioridad de voz, dimensiones: 56 x 305 x 165 mm, peso: 0.8 kg.","og_url":"https:\/\/www.mexicanguitarplayers.com\/en\/tienda\/sin categor\u00eda\/sintetizador-behringer-mod-td-3-am\/","og_site_name":"Mexican Guitar Players","article_modified_time":"2026-05-01T13:28:28+00:00","twitter_card":"summary_large_image","twitter_misc":{"Est. reading time":"2 minutes"},"schema":{"@context":"https:\/\/schema.org","@graph":[{"@type":["WebPage","ItemPage"],"@id":"https:\/\/www.mexicanguitarplayers.com\/tienda\/sin categor\u00eda\/sintetizador-behringer-mod-td-3-am\/","url":"https:\/\/www.mexicanguitarplayers.com\/tienda\/sin categor\u00eda\/sintetizador-behringer-mod-td-3-am\/","name":"SINTETIZADOR BEHRINGER MOD. TD-3-AM - Mexican Guitar Players","isPartOf":{"@id":"https:\/\/www.mexicanguitarplayers.com\/#website"},"primaryImageOfPage":{"@id":"https:\/\/www.mexicanguitarplayers.com\/tienda\/sin categor\u00eda\/sintetizador-behringer-mod-td-3-am\/#primaryimage"},"image":{"@id":"https:\/\/www.mexicanguitarplayers.com\/tienda\/sin categor\u00eda\/sintetizador-behringer-mod-td-3-am\/#primaryimage"},"thumbnailUrl":"https:\/\/www.mexicanguitarplayers.com\/wp-content\/uploads\/2025\/04\/ITBEHTD3AM.jpg","datePublished":"2025-04-07T03:38:15+00:00","dateModified":"2026-05-01T13:28:28+00:00","description":"Sintetizador Bass Line an\u00e1logo con VCO, VCF, secuenciador de 6 pasos, efectos de distorsi\u00f3n y Poly Chain de 16 voces, circuitos anal\u00f3gicos reales para sonidos bass y groove, reproducci\u00f3n aut\u00e9ntica de circuitos originales con transistores coincidentes, ruta de se\u00f1al anal\u00f3gica pura basada en los legendarios dise\u00f1os VCO, VCF y VCA, VCO de forma de onda sawtooth y square con circuitos de conformaci\u00f3n de onda de transistor, incre\u00edble filtro resonante de pasa-bajos de 4 polos con controles cut-off, resonance, envelope, decay y accent, secuenciador de 16 pasos con 7 pistas, cada una con 250 patrones de usuario, circuito de distorsi\u00f3n modelado despu\u00e9s de que el DS-1 agrega especias y bordes locos a tus sonidos, Poly Chain de 16 voces que te permite combinar m\u00faltiples sintetizadores para una polifon\u00eda de hasta 16 voces, 11 controles y 28 switches para brindarte acceso directo y en tiempo real a todos los par\u00e1metros importantes, implementaci\u00f3n MIDI y USB con canal MIDI y selecci\u00f3n de prioridad de voz, dimensiones: 56 x 305 x 165 mm, peso: 0.8 kg.","breadcrumb":{"@id":"https:\/\/www.mexicanguitarplayers.com\/tienda\/sin categor\u00eda\/sintetizador-behringer-mod-td-3-am\/#breadcrumb"},"inLanguage":"en-US","potentialAction":[{"@type":"ReadAction","target":["https:\/\/www.mexicanguitarplayers.com\/tienda\/sin categor\u00eda\/sintetizador-behringer-mod-td-3-am\/"]}]},{"@type":"ImageObject","inLanguage":"en-US","@id":"https:\/\/www.mexicanguitarplayers.com\/tienda\/sin categor\u00eda\/sintetizador-behringer-mod-td-3-am\/#primaryimage","url":"https:\/\/www.mexicanguitarplayers.com\/wp-content\/uploads\/2025\/04\/ITBEHTD3AM.jpg","contentUrl":"https:\/\/www.mexicanguitarplayers.com\/wp-content\/uploads\/2025\/04\/ITBEHTD3AM.jpg","width":1600,"height":800},{"@type":"BreadcrumbList","@id":"https:\/\/www.mexicanguitarplayers.com\/tienda\/sin categor\u00eda\/sintetizador-behringer-mod-td-3-am\/#breadcrumb","itemListElement":[{"@type":"ListItem","position":1,"name":"Portada","item":"https:\/\/www.mexicanguitarplayers.com\/"},{"@type":"ListItem","position":2,"name":"Tienda","item":"https:\/\/www.mexicanguitarplayers.com\/tienda\/"},{"@type":"ListItem","position":3,"name":"SINTETIZADOR BEHRINGER MOD. TD-3-AM"}]},{"@type":"WebSite","@id":"https:\/\/www.mexicanguitarplayers.com\/#website","url":"https:\/\/www.mexicanguitarplayers.com\/","name":"Mexican Guitar Players","description":"Website","publisher":{"@id":"https:\/\/www.mexicanguitarplayers.com\/#organization"},"potentialAction":[{"@type":"SearchAction","target":{"@type":"EntryPoint","urlTemplate":"https:\/\/www.mexicanguitarplayers.com\/?s={search_term_string}"},"query-input":{"@type":"PropertyValueSpecification","valueRequired":true,"valueName":"search_term_string"}}],"inLanguage":"en-US"},{"@type":"Organization","@id":"https:\/\/www.mexicanguitarplayers.com\/#organization","name":"Mexican Guitar Players","url":"https:\/\/www.mexicanguitarplayers.com\/","logo":{"@type":"ImageObject","inLanguage":"en-US","@id":"https:\/\/www.mexicanguitarplayers.com\/#\/schema\/logo\/image\/","url":"","contentUrl":"","caption":"Mexican Guitar Players"},"image":{"@id":"https:\/\/www.mexicanguitarplayers.com\/#\/schema\/logo\/image\/"}}]}},"brands":[{"id":171,"name":"BEHRINGER","slug":"behringer"}],"_links":{"self":[{"href":"https:\/\/www.mexicanguitarplayers.com\/en\/wp-json\/wp\/v2\/product\/26387","targetHints":{"allow":["GET"]}}],"collection":[{"href":"https:\/\/www.mexicanguitarplayers.com\/en\/wp-json\/wp\/v2\/product"}],"about":[{"href":"https:\/\/www.mexicanguitarplayers.com\/en\/wp-json\/wp\/v2\/types\/product"}],"replies":[{"embeddable":true,"href":"https:\/\/www.mexicanguitarplayers.com\/en\/wp-json\/wp\/v2\/comments?post=26387"}],"wp:featuredmedia":[{"embeddable":true,"href":"https:\/\/www.mexicanguitarplayers.com\/en\/wp-json\/wp\/v2\/media\/26379"}],"wp:attachment":[{"href":"https:\/\/www.mexicanguitarplayers.com\/en\/wp-json\/wp\/v2\/media?parent=26387"}],"wp:term":[{"taxonomy":"pwb-brand","embeddable":true,"href":"https:\/\/www.mexicanguitarplayers.com\/en\/wp-json\/wp\/v2\/pwb-brand?post=26387"},{"taxonomy":"product_brand","embeddable":true,"href":"https:\/\/www.mexicanguitarplayers.com\/en\/wp-json\/wp\/v2\/product_brand?post=26387"},{"taxonomy":"product_cat","embeddable":true,"href":"https:\/\/www.mexicanguitarplayers.com\/en\/wp-json\/wp\/v2\/product_cat?post=26387"},{"taxonomy":"product_tag","embeddable":true,"href":"https:\/\/www.mexicanguitarplayers.com\/en\/wp-json\/wp\/v2\/product_tag?post=26387"}],"curies":[{"name":"wp","href":"https:\/\/api.w.org\/{rel}","templated":true}]}}