{"id":26424,"date":"2025-04-06T21:42:14","date_gmt":"2025-04-07T03:42:14","guid":{"rendered":"https:\/\/www.mexicanguitarplayers.com\/tienda\/sin categor\u00eda\/parche-evans-13-mod-tt13db1s\/"},"modified":"2026-05-01T07:28:26","modified_gmt":"2026-05-01T13:28:26","slug":"parche-evans-13-mod-tt13db1s","status":"publish","type":"product","link":"https:\/\/www.mexicanguitarplayers.com\/en\/tienda\/accesorios\/para-bateria\/parches\/para-tarola\/parche-evans-13-mod-tt13db1s\/","title":{"rendered":"PARCHE EVANS 13      MOD. TT13DB1S"},"content":{"rendered":"<div style=\"text-align: justify\">\n<div>\n<h3>Olv\u00eddate del ruido.<\/h3>\n<\/div>\n<div>Utilizando una construcci\u00f3n \u00fanica de 2 capas que combina una capa superior de malla Evans ShockWeave con la nueva tecnolog\u00eda SnareSim, el parche de tarola dB One transfiere la energ\u00eda del impacto en vibraciones s\u00f3nicas que imitan el crujido y el zumbido del entorchado de la tarola, mientras mantiene un bajo volumen. El parche de tarola de malla de Evans dB One te permite agregar o quitar un entorchado de tarola est\u00e1ndar para alterar la respuesta de la tarola a tu gusto. Para una percusi\u00f3n m\u00e1s silenciosa, retira el entorchado para eliminar el zumbido por vibraciones externas. El parche resonante tambi\u00e9n se puede afinar dentro de una amplia gama de tonos de tarola, lo que te brinda control de sonido y te permite practicar en silencio, cuando y donde quieras.<\/div>\n<div>\n<h4>Quick look<\/h4>\n<\/div>\n<ul style=\"margin: 0px 0px 0px 25px\">\n<li style=\"list-style-type: circle;margin: 5px\">Reducci\u00f3n de volumen hasta 80%.<\/li>\n<li style=\"list-style-type: circle;margin: 5px\">Desenganche del entorchado.<\/li>\n<\/ul>\n<div>\n<div style=\"font-weight: bold\">Reducci\u00f3n de volumen hasta 80%.<\/div>\n<div>\n<p>M\u00faltiples tecnolog\u00edas convergen para crear una reducci\u00f3n del volumen del 80% sin dejar de ser fiel al tono de volumen completo del kit. Experimenta una sensaci\u00f3n aut\u00e9ntica con la malla ShockWeave, KTF (Espuma de Transferencia Cin\u00e9tica) y la superficie de impacto Impact Patch, mientras que el tratamiento SnareSim aborda el zumbido, el crack y la emoci\u00f3n de la tarola ac\u00fastica.<\/p>\n<\/div>\n<div style=\"font-weight: bold\">Desenganche del entorchado.<\/div>\n<div>\n<p>La tecnolog\u00eda SnareSim recrea el toque, el tono y el rebote de un entorchado de tarola perfectamente ajustado sin ning\u00fan cable presente para una experiencia de tarola t\u00e1ctil y din\u00e1mica a niveles de conversaci\u00f3n moderados.<\/p>\n<\/div>\n<\/div>\n<\/div>","protected":false},"excerpt":{"rendered":"<p>Parche de malla para tarola de 13\u201d pulgadas, serie dB One, bajo volumen, percusi\u00f3n silenciosa ideal para ensayo y pr\u00e1ctica, construcci\u00f3n \u00fanica de 2 capas que combina una capa superior de malla Evans ShockWeave y la nueva tecnolog\u00eda SnareSim, transfiere la energ\u00eda del impacto en vibraciones s\u00f3nicas que imitan el crujido y el zumbido del entorchado de la tarola, permite agregar o quitar un entorchado de tarola est\u00e1ndar para alterar la respuesta.&hellip; <a class=\"kt-excerpt-readmore more-link\" href=\"https:\/\/www.mexicanguitarplayers.com\/en\/tienda\/accesorios\/para-bateria\/parches\/para-tarola\/parche-evans-13-mod-tt13db1s\/\">Read more<\/a><\/p>","protected":false},"featured_media":26423,"comment_status":"open","ping_status":"closed","template":"","meta":{"kt_blocks_editor_width":""},"pwb-brand":[366],"product_brand":[],"product_cat":[85,306,365,363],"product_tag":[],"class_list":{"0":"post-26424","1":"product","2":"type-product","3":"status-publish","4":"has-post-thumbnail","6":"pwb-brand-evans","7":"product_cat-accesorios","8":"product_cat-para-bateria","9":"product_cat-para-tarola","10":"product_cat-parches","11":"product_shipping_class-0-5-kg","13":"first","14":"instock","15":"taxable","16":"shipping-taxable","17":"purchasable","18":"product-type-simple"},"yoast_head":"<!-- This site is optimized with the Yoast SEO plugin v27.6 - https:\/\/yoast.com\/product\/yoast-seo-wordpress\/ -->\n<title>PARCHE EVANS 13   MOD. TT13DB1S - Mexican Guitar Players<\/title>\n<meta name=\"description\" content=\"Parche de malla para tarola de 13\u201d pulgadas, serie dB One, bajo volumen, percusi\u00f3n silenciosa ideal para ensayo y pr\u00e1ctica, construcci\u00f3n \u00fanica de 2 capas que combina una capa superior de malla Evans ShockWeave y la nueva tecnolog\u00eda SnareSim, transfiere la energ\u00eda del impacto en vibraciones s\u00f3nicas que imitan el crujido y el zumbido del entorchado de la tarola, permite agregar o quitar un entorchado de tarola est\u00e1ndar para alterar la respuesta.\" \/>\n<meta name=\"robots\" content=\"index, follow, max-snippet:-1, max-image-preview:large, max-video-preview:-1\" \/>\n<link rel=\"canonical\" href=\"https:\/\/www.mexicanguitarplayers.com\/en\/tienda\/sin%20categor\u00eda\/parche-evans-13-mod-tt13db1s\/\" \/>\n<meta property=\"og:locale\" content=\"en_US\" \/>\n<meta property=\"og:type\" content=\"article\" \/>\n<meta property=\"og:title\" content=\"PARCHE EVANS 13   MOD. TT13DB1S - Mexican Guitar Players\" \/>\n<meta property=\"og:description\" content=\"Parche de malla para tarola de 13\u201d pulgadas, serie dB One, bajo volumen, percusi\u00f3n silenciosa ideal para ensayo y pr\u00e1ctica, construcci\u00f3n \u00fanica de 2 capas que combina una capa superior de malla Evans ShockWeave y la nueva tecnolog\u00eda SnareSim, transfiere la energ\u00eda del impacto en vibraciones s\u00f3nicas que imitan el crujido y el zumbido del entorchado de la tarola, permite agregar o quitar un entorchado de tarola est\u00e1ndar para alterar la respuesta.\" \/>\n<meta property=\"og:url\" content=\"https:\/\/www.mexicanguitarplayers.com\/en\/tienda\/sin categor\u00eda\/parche-evans-13-mod-tt13db1s\/\" \/>\n<meta property=\"og:site_name\" content=\"Mexican Guitar Players\" \/>\n<meta property=\"article:modified_time\" content=\"2026-05-01T13:28:26+00:00\" \/>\n<meta name=\"twitter:card\" content=\"summary_large_image\" \/>\n<meta name=\"twitter:label1\" content=\"Est. reading time\" \/>\n\t<meta name=\"twitter:data1\" content=\"1 minute\" \/>\n<script type=\"application\/ld+json\" class=\"yoast-schema-graph\">{\"@context\":\"https:\\\/\\\/schema.org\",\"@graph\":[{\"@type\":[\"WebPage\",\"ItemPage\"],\"@id\":\"https:\\\/\\\/www.mexicanguitarplayers.com\\\/tienda\\\/sin categor\u00eda\\\/parche-evans-13-mod-tt13db1s\\\/\",\"url\":\"https:\\\/\\\/www.mexicanguitarplayers.com\\\/tienda\\\/sin categor\u00eda\\\/parche-evans-13-mod-tt13db1s\\\/\",\"name\":\"PARCHE EVANS 13 MOD. TT13DB1S - Mexican Guitar Players\",\"isPartOf\":{\"@id\":\"https:\\\/\\\/www.mexicanguitarplayers.com\\\/#website\"},\"primaryImageOfPage\":{\"@id\":\"https:\\\/\\\/www.mexicanguitarplayers.com\\\/tienda\\\/sin categor\u00eda\\\/parche-evans-13-mod-tt13db1s\\\/#primaryimage\"},\"image\":{\"@id\":\"https:\\\/\\\/www.mexicanguitarplayers.com\\\/tienda\\\/sin categor\u00eda\\\/parche-evans-13-mod-tt13db1s\\\/#primaryimage\"},\"thumbnailUrl\":\"https:\\\/\\\/www.mexicanguitarplayers.com\\\/wp-content\\\/uploads\\\/2025\\\/04\\\/RAEVATT13DB1S.jpg\",\"datePublished\":\"2025-04-07T03:42:14+00:00\",\"dateModified\":\"2026-05-01T13:28:26+00:00\",\"description\":\"Parche de malla para tarola de 13\u201d pulgadas, serie dB One, bajo volumen, percusi\u00f3n silenciosa ideal para ensayo y pr\u00e1ctica, construcci\u00f3n \u00fanica de 2 capas que combina una capa superior de malla Evans ShockWeave y la nueva tecnolog\u00eda SnareSim, transfiere la energ\u00eda del impacto en vibraciones s\u00f3nicas que imitan el crujido y el zumbido del entorchado de la tarola, permite agregar o quitar un entorchado de tarola est\u00e1ndar para alterar la respuesta.\",\"breadcrumb\":{\"@id\":\"https:\\\/\\\/www.mexicanguitarplayers.com\\\/tienda\\\/sin categor\u00eda\\\/parche-evans-13-mod-tt13db1s\\\/#breadcrumb\"},\"inLanguage\":\"en-US\",\"potentialAction\":[{\"@type\":\"ReadAction\",\"target\":[\"https:\\\/\\\/www.mexicanguitarplayers.com\\\/tienda\\\/sin categor\u00eda\\\/parche-evans-13-mod-tt13db1s\\\/\"]}]},{\"@type\":\"ImageObject\",\"inLanguage\":\"en-US\",\"@id\":\"https:\\\/\\\/www.mexicanguitarplayers.com\\\/tienda\\\/sin categor\u00eda\\\/parche-evans-13-mod-tt13db1s\\\/#primaryimage\",\"url\":\"https:\\\/\\\/www.mexicanguitarplayers.com\\\/wp-content\\\/uploads\\\/2025\\\/04\\\/RAEVATT13DB1S.jpg\",\"contentUrl\":\"https:\\\/\\\/www.mexicanguitarplayers.com\\\/wp-content\\\/uploads\\\/2025\\\/04\\\/RAEVATT13DB1S.jpg\",\"width\":1200,\"height\":1200},{\"@type\":\"BreadcrumbList\",\"@id\":\"https:\\\/\\\/www.mexicanguitarplayers.com\\\/tienda\\\/sin categor\u00eda\\\/parche-evans-13-mod-tt13db1s\\\/#breadcrumb\",\"itemListElement\":[{\"@type\":\"ListItem\",\"position\":1,\"name\":\"Portada\",\"item\":\"https:\\\/\\\/www.mexicanguitarplayers.com\\\/\"},{\"@type\":\"ListItem\",\"position\":2,\"name\":\"Tienda\",\"item\":\"https:\\\/\\\/www.mexicanguitarplayers.com\\\/tienda\\\/\"},{\"@type\":\"ListItem\",\"position\":3,\"name\":\"PARCHE EVANS 13 MOD. TT13DB1S\"}]},{\"@type\":\"WebSite\",\"@id\":\"https:\\\/\\\/www.mexicanguitarplayers.com\\\/#website\",\"url\":\"https:\\\/\\\/www.mexicanguitarplayers.com\\\/\",\"name\":\"Mexican Guitar Players\",\"description\":\"Website\",\"publisher\":{\"@id\":\"https:\\\/\\\/www.mexicanguitarplayers.com\\\/#organization\"},\"potentialAction\":[{\"@type\":\"SearchAction\",\"target\":{\"@type\":\"EntryPoint\",\"urlTemplate\":\"https:\\\/\\\/www.mexicanguitarplayers.com\\\/?s={search_term_string}\"},\"query-input\":{\"@type\":\"PropertyValueSpecification\",\"valueRequired\":true,\"valueName\":\"search_term_string\"}}],\"inLanguage\":\"en-US\"},{\"@type\":\"Organization\",\"@id\":\"https:\\\/\\\/www.mexicanguitarplayers.com\\\/#organization\",\"name\":\"Mexican Guitar Players\",\"url\":\"https:\\\/\\\/www.mexicanguitarplayers.com\\\/\",\"logo\":{\"@type\":\"ImageObject\",\"inLanguage\":\"en-US\",\"@id\":\"https:\\\/\\\/www.mexicanguitarplayers.com\\\/#\\\/schema\\\/logo\\\/image\\\/\",\"url\":\"\",\"contentUrl\":\"\",\"caption\":\"Mexican Guitar Players\"},\"image\":{\"@id\":\"https:\\\/\\\/www.mexicanguitarplayers.com\\\/#\\\/schema\\\/logo\\\/image\\\/\"}}]}<\/script>\n<!-- \/ Yoast SEO plugin. -->","yoast_head_json":{"title":"PARCHE EVANS 13   MOD. TT13DB1S - Mexican Guitar Players","description":"Parche de malla para tarola de 13\u201d pulgadas, serie dB One, bajo volumen, percusi\u00f3n silenciosa ideal para ensayo y pr\u00e1ctica, construcci\u00f3n \u00fanica de 2 capas que combina una capa superior de malla Evans ShockWeave y la nueva tecnolog\u00eda SnareSim, transfiere la energ\u00eda del impacto en vibraciones s\u00f3nicas que imitan el crujido y el zumbido del entorchado de la tarola, permite agregar o quitar un entorchado de tarola est\u00e1ndar para alterar la respuesta.","robots":{"index":"index","follow":"follow","max-snippet":"max-snippet:-1","max-image-preview":"max-image-preview:large","max-video-preview":"max-video-preview:-1"},"canonical":"https:\/\/www.mexicanguitarplayers.com\/en\/tienda\/sin categor\u00eda\/parche-evans-13-mod-tt13db1s\/","og_locale":"en_US","og_type":"article","og_title":"PARCHE EVANS 13   MOD. TT13DB1S - Mexican Guitar Players","og_description":"Parche de malla para tarola de 13\u201d pulgadas, serie dB One, bajo volumen, percusi\u00f3n silenciosa ideal para ensayo y pr\u00e1ctica, construcci\u00f3n \u00fanica de 2 capas que combina una capa superior de malla Evans ShockWeave y la nueva tecnolog\u00eda SnareSim, transfiere la energ\u00eda del impacto en vibraciones s\u00f3nicas que imitan el crujido y el zumbido del entorchado de la tarola, permite agregar o quitar un entorchado de tarola est\u00e1ndar para alterar la respuesta.","og_url":"https:\/\/www.mexicanguitarplayers.com\/en\/tienda\/sin categor\u00eda\/parche-evans-13-mod-tt13db1s\/","og_site_name":"Mexican Guitar Players","article_modified_time":"2026-05-01T13:28:26+00:00","twitter_card":"summary_large_image","twitter_misc":{"Est. reading time":"1 minute"},"schema":{"@context":"https:\/\/schema.org","@graph":[{"@type":["WebPage","ItemPage"],"@id":"https:\/\/www.mexicanguitarplayers.com\/tienda\/sin categor\u00eda\/parche-evans-13-mod-tt13db1s\/","url":"https:\/\/www.mexicanguitarplayers.com\/tienda\/sin categor\u00eda\/parche-evans-13-mod-tt13db1s\/","name":"PARCHE EVANS 13 MOD. TT13DB1S - Mexican Guitar Players","isPartOf":{"@id":"https:\/\/www.mexicanguitarplayers.com\/#website"},"primaryImageOfPage":{"@id":"https:\/\/www.mexicanguitarplayers.com\/tienda\/sin categor\u00eda\/parche-evans-13-mod-tt13db1s\/#primaryimage"},"image":{"@id":"https:\/\/www.mexicanguitarplayers.com\/tienda\/sin categor\u00eda\/parche-evans-13-mod-tt13db1s\/#primaryimage"},"thumbnailUrl":"https:\/\/www.mexicanguitarplayers.com\/wp-content\/uploads\/2025\/04\/RAEVATT13DB1S.jpg","datePublished":"2025-04-07T03:42:14+00:00","dateModified":"2026-05-01T13:28:26+00:00","description":"Parche de malla para tarola de 13\u201d pulgadas, serie dB One, bajo volumen, percusi\u00f3n silenciosa ideal para ensayo y pr\u00e1ctica, construcci\u00f3n \u00fanica de 2 capas que combina una capa superior de malla Evans ShockWeave y la nueva tecnolog\u00eda SnareSim, transfiere la energ\u00eda del impacto en vibraciones s\u00f3nicas que imitan el crujido y el zumbido del entorchado de la tarola, permite agregar o quitar un entorchado de tarola est\u00e1ndar para alterar la respuesta.","breadcrumb":{"@id":"https:\/\/www.mexicanguitarplayers.com\/tienda\/sin categor\u00eda\/parche-evans-13-mod-tt13db1s\/#breadcrumb"},"inLanguage":"en-US","potentialAction":[{"@type":"ReadAction","target":["https:\/\/www.mexicanguitarplayers.com\/tienda\/sin categor\u00eda\/parche-evans-13-mod-tt13db1s\/"]}]},{"@type":"ImageObject","inLanguage":"en-US","@id":"https:\/\/www.mexicanguitarplayers.com\/tienda\/sin categor\u00eda\/parche-evans-13-mod-tt13db1s\/#primaryimage","url":"https:\/\/www.mexicanguitarplayers.com\/wp-content\/uploads\/2025\/04\/RAEVATT13DB1S.jpg","contentUrl":"https:\/\/www.mexicanguitarplayers.com\/wp-content\/uploads\/2025\/04\/RAEVATT13DB1S.jpg","width":1200,"height":1200},{"@type":"BreadcrumbList","@id":"https:\/\/www.mexicanguitarplayers.com\/tienda\/sin categor\u00eda\/parche-evans-13-mod-tt13db1s\/#breadcrumb","itemListElement":[{"@type":"ListItem","position":1,"name":"Portada","item":"https:\/\/www.mexicanguitarplayers.com\/"},{"@type":"ListItem","position":2,"name":"Tienda","item":"https:\/\/www.mexicanguitarplayers.com\/tienda\/"},{"@type":"ListItem","position":3,"name":"PARCHE EVANS 13 MOD. TT13DB1S"}]},{"@type":"WebSite","@id":"https:\/\/www.mexicanguitarplayers.com\/#website","url":"https:\/\/www.mexicanguitarplayers.com\/","name":"Mexican Guitar Players","description":"Website","publisher":{"@id":"https:\/\/www.mexicanguitarplayers.com\/#organization"},"potentialAction":[{"@type":"SearchAction","target":{"@type":"EntryPoint","urlTemplate":"https:\/\/www.mexicanguitarplayers.com\/?s={search_term_string}"},"query-input":{"@type":"PropertyValueSpecification","valueRequired":true,"valueName":"search_term_string"}}],"inLanguage":"en-US"},{"@type":"Organization","@id":"https:\/\/www.mexicanguitarplayers.com\/#organization","name":"Mexican Guitar Players","url":"https:\/\/www.mexicanguitarplayers.com\/","logo":{"@type":"ImageObject","inLanguage":"en-US","@id":"https:\/\/www.mexicanguitarplayers.com\/#\/schema\/logo\/image\/","url":"","contentUrl":"","caption":"Mexican Guitar Players"},"image":{"@id":"https:\/\/www.mexicanguitarplayers.com\/#\/schema\/logo\/image\/"}}]}},"brands":[{"id":366,"name":"EVANS","slug":"evans"}],"_links":{"self":[{"href":"https:\/\/www.mexicanguitarplayers.com\/en\/wp-json\/wp\/v2\/product\/26424","targetHints":{"allow":["GET"]}}],"collection":[{"href":"https:\/\/www.mexicanguitarplayers.com\/en\/wp-json\/wp\/v2\/product"}],"about":[{"href":"https:\/\/www.mexicanguitarplayers.com\/en\/wp-json\/wp\/v2\/types\/product"}],"replies":[{"embeddable":true,"href":"https:\/\/www.mexicanguitarplayers.com\/en\/wp-json\/wp\/v2\/comments?post=26424"}],"wp:featuredmedia":[{"embeddable":true,"href":"https:\/\/www.mexicanguitarplayers.com\/en\/wp-json\/wp\/v2\/media\/26423"}],"wp:attachment":[{"href":"https:\/\/www.mexicanguitarplayers.com\/en\/wp-json\/wp\/v2\/media?parent=26424"}],"wp:term":[{"taxonomy":"pwb-brand","embeddable":true,"href":"https:\/\/www.mexicanguitarplayers.com\/en\/wp-json\/wp\/v2\/pwb-brand?post=26424"},{"taxonomy":"product_brand","embeddable":true,"href":"https:\/\/www.mexicanguitarplayers.com\/en\/wp-json\/wp\/v2\/product_brand?post=26424"},{"taxonomy":"product_cat","embeddable":true,"href":"https:\/\/www.mexicanguitarplayers.com\/en\/wp-json\/wp\/v2\/product_cat?post=26424"},{"taxonomy":"product_tag","embeddable":true,"href":"https:\/\/www.mexicanguitarplayers.com\/en\/wp-json\/wp\/v2\/product_tag?post=26424"}],"curies":[{"name":"wp","href":"https:\/\/api.w.org\/{rel}","templated":true}]}}