{"id":26451,"date":"2025-04-06T21:44:20","date_gmt":"2025-04-07T03:44:20","guid":{"rendered":"https:\/\/www.mexicanguitarplayers.com\/tienda\/sin categor\u00eda\/guitarra-schecter-traditional-pro\/"},"modified":"2026-04-10T04:43:51","modified_gmt":"2026-04-10T10:43:51","slug":"guitarra-schecter-traditional-pro","status":"publish","type":"product","link":"https:\/\/www.mexicanguitarplayers.com\/en\/tienda\/cuerdas\/guitarras-cuerdas\/electricas\/guitarras-electricas-solidas\/guitarra-schecter-traditional-pro\/","title":{"rendered":"GUITARRA SCHECTER TRADITIONAL PRO"},"content":{"rendered":"<div style=\"text-align: justify\">\n<div>\n<h3>Un incre\u00edble sonido.<\/h3>\n<\/div>\n<div>Un cuerpo de aliso y una tapa de maple acolchado hacen de esta Schecter de sonido vintage un cl\u00e1sico moderno. Remont\u00e1ndose a los primeros d\u00edas de Schecter Guitar, la guitarra el\u00e9ctrica Traditional Pro ofrece un aspecto impresionante adem\u00e1s de un sonido vintage. Cuenta con un cuerpo de aliso que resuena con un tono rico y brillante y un brazo de maple acolchado pulido que induce calidez. Armado con pastillas humbucking Schecter USA Z-Plus sorprendentemente \u00fanicas, el tono de la Traditional Pro es claro, contundente, incre\u00edblemente detallado y enfocado. Con una impresionante tapa de maple acolchado y herrajes negros, este cl\u00e1sico moderno viene equipado con un puente Schecter Diamond Vintage, afinadores de bloqueo, una cejilla TUSQ Graph Tech negra, marcadores de puntos laterales que brillan en la oscuridad, controles de volumen, tono y palanca de 5 v\u00edas.<\/div>\n<div>\n<h4>Quick look<\/h4>\n<\/div>\n<ul style=\"margin: 0px 0px 0px 25px\">\n<li style=\"list-style-type: circle;margin: 5px\">Kind.<\/li>\n<li style=\"list-style-type: circle;margin: 5px\">Cuerpo.<\/li>\n<li style=\"list-style-type: circle;margin: 5px\">Top.<\/li>\n<li style=\"list-style-type: circle;margin: 5px\">Bridge.<\/li>\n<li style=\"list-style-type: circle;margin: 5px\">Construcci\u00f3n.<\/li>\n<li style=\"list-style-type: circle;margin: 5px\">Hardware.<\/li>\n<li style=\"list-style-type: circle;margin: 5px\">Arm.<\/li>\n<li style=\"list-style-type: circle;margin: 5px\">Forma del brazo.<\/li>\n<li style=\"list-style-type: circle;margin: 5px\">Diapason.<\/li>\n<li style=\"list-style-type: circle;margin: 5px\">Radio del diapas\u00f3n.<\/li>\n<li style=\"list-style-type: circle;margin: 5px\">Scale.<\/li>\n<li style=\"list-style-type: circle;margin: 5px\">Scale.<\/li>\n<li style=\"list-style-type: circle;margin: 5px\">Espesor.<\/li>\n<li style=\"list-style-type: circle;margin: 5px\">Frets<\/li>\n<li style=\"list-style-type: circle;margin: 5px\">Nut.<\/li>\n<li style=\"list-style-type: circle;margin: 5px\">Ancho de la cejuela.<\/li>\n<li style=\"list-style-type: circle;margin: 5px\">Soul.<\/li>\n<li style=\"list-style-type: circle;margin: 5px\">Controls<\/li>\n<li style=\"list-style-type: circle;margin: 5px\">Selector.<\/li>\n<li style=\"list-style-type: circle;margin: 5px\">Pastillas.<\/li>\n<li style=\"list-style-type: circle;margin: 5px\">Accesorios.<\/li>\n<\/ul>\n<div>\n<div style=\"font-weight: bold\">Kind.<\/div>\n<div>\n<p>Solid electric guitar.<\/p>\n<\/div>\n<div style=\"font-weight: bold\">Cuerpo.<\/div>\n<div>\n<p>Aliso.<\/p>\n<\/div>\n<div style=\"font-weight: bold\">Top.<\/div>\n<div>\n<p>Tapa plana.<\/p>\n<\/div>\n<div style=\"font-weight: bold\">Bridge.<\/div>\n<div>\n<p>Diamond Vintage Tremolo.<\/p>\n<\/div>\n<div style=\"font-weight: bold\">Construcci\u00f3n.<\/div>\n<div>\n<p>Bolt-on.<\/p>\n<\/div>\n<div style=\"font-weight: bold\">Hardware.<\/div>\n<div>\n<p>Black.<\/p>\n<\/div>\n<div style=\"font-weight: bold\">Arm.<\/div>\n<div>\n<p>Maple tostado con varillas de refuerzo de fibra de carbono.<\/p>\n<\/div>\n<div style=\"font-weight: bold\">Forma del brazo.<\/div>\n<div>\n<p>C thin.<\/p>\n<\/div>\n<div style=\"font-weight: bold\">Diapason.<\/div>\n<div>\n<p>Maple tostado.<\/p>\n<\/div>\n<div style=\"font-weight: bold\">Radio del diapas\u00f3n.<\/div>\n<div>\n<p>14 &quot;(355mm).<\/p>\n<\/div>\n<div style=\"font-weight: bold\">Scale.<\/div>\n<div>\n<p>Puntos aperlados.<\/p>\n<\/div>\n<div style=\"font-weight: bold\">Scale.<\/div>\n<div>\n<p>25.5 &quot;(648 mm).<\/p>\n<\/div>\n<div style=\"font-weight: bold\">Espesor.<\/div>\n<div>\n<p>At the 1st fret: .787 \u201d(20mm) and at the 12th fret: .866\u201d (22mm).<\/p>\n<\/div>\n<div style=\"font-weight: bold\">Frets<\/div>\n<div>\n<p>22 Jumbo.<\/p>\n<\/div>\n<div style=\"font-weight: bold\">Nut.<\/div>\n<div>\n<p>Graph Tech XL Black Tusq.<\/p>\n<\/div>\n<div style=\"font-weight: bold\">Ancho de la cejuela.<\/div>\n<div>\n<p>1.643\u201d (42 mm).<\/p>\n<\/div>\n<div style=\"font-weight: bold\">Soul.<\/div>\n<div>\n<p>Alma ajustable de 2 v\u00edas con tuerca Allen de 5\/32&#8243; (4 mm).<\/p>\n<\/div>\n<div style=\"font-weight: bold\">Controls<\/div>\n<div>\n<p>1 volumen y 1 tono.<\/p>\n<\/div>\n<div style=\"font-weight: bold\">Selector.<\/div>\n<div>\n<p>5 posiciones.<\/p>\n<\/div>\n<div style=\"font-weight: bold\">Pastillas.<\/div>\n<div>\n<p>Pastilla del puente: Schecter USA Z-Plus. Pastilla del brazo: Schecter USA Z-Plus.<\/p>\n<\/div>\n<div style=\"font-weight: bold\">Accesorios.<\/div>\n<div>\n<p>Knurled metal knobs with set screw.<\/p>\n<\/div>\n<\/div>\n<\/div>","protected":false},"excerpt":{"rendered":"<p>Guitarra el\u00e9ctrica s\u00f3lida, cuerpo de aliso, tapa plana, puente Diamond Vintage Tremolo, construcci\u00f3n Bolt-on, hardware negro, brazo de maple con varillas de refuerzo de fibra de carbono, diapas\u00f3n de maple tostado, incrustaciones de puntos aperlados, marcadores de puntos laterales luminlay, escala: 25.5\u201d (648 mm), 22 trastes Jumbo, cejuela de Graph Tech XL Black Tusq de 1.653\u201d (42 mm) de ancho, alma ajustable de 2 v\u00edas con tuerca Allen de 5\/32\u201d (4 mm), controles de volumen y tono, palanca de 5 posiciones, pastilla del puente: Schecter USA Z-Plus, pastilla del brazo: Schecter USA Z-Plus, perillas de metal moleteado con tornillo de fijaci\u00f3n.&hellip; <a class=\"kt-excerpt-readmore more-link\" href=\"https:\/\/www.mexicanguitarplayers.com\/en\/tienda\/cuerdas\/guitarras-cuerdas\/electricas\/guitarras-electricas-solidas\/guitarra-schecter-traditional-pro\/\">Read more<\/a><\/p>","protected":false},"featured_media":26438,"comment_status":"open","ping_status":"closed","template":"","meta":{"kt_blocks_editor_width":""},"pwb-brand":[175],"product_brand":[],"product_cat":[224,313,312,314],"product_tag":[],"class_list":{"0":"post-26451","1":"product","2":"type-product","3":"status-publish","4":"has-post-thumbnail","6":"pwb-brand-schecter","7":"product_cat-cuerdas","8":"product_cat-electricas","9":"product_cat-guitarras-cuerdas","10":"product_cat-guitarras-electricas-solidas","11":"product_shipping_class-0-5-kg","13":"first","14":"outofstock","15":"taxable","16":"shipping-taxable","17":"purchasable","18":"product-type-simple"},"yoast_head":"<!-- This site is optimized with the Yoast SEO plugin v27.5 - https:\/\/yoast.com\/product\/yoast-seo-wordpress\/ -->\n<title>GUITARRA SCHECTER TRADITIONAL PRO - Mexican Guitar Players<\/title>\n<meta name=\"description\" content=\"Guitarra el\u00e9ctrica s\u00f3lida, cuerpo de aliso, tapa plana, puente Diamond Vintage Tremolo, construcci\u00f3n Bolt-on, hardware negro, brazo de maple con varillas de refuerzo de fibra de carbono, diapas\u00f3n de maple tostado, incrustaciones de puntos aperlados, marcadores de puntos laterales luminlay, escala: 25.5\u201d (648 mm), 22 trastes Jumbo, cejuela de Graph Tech XL Black Tusq de 1.653\u201d (42 mm) de ancho, alma ajustable de 2 v\u00edas con tuerca Allen de 5\/32\u201d (4 mm), controles de volumen y tono, palanca de 5 posiciones, pastilla del puente: Schecter USA Z-Plus, pastilla del brazo: Schecter USA Z-Plus, perillas de metal moleteado con tornillo de fijaci\u00f3n.\" \/>\n<meta name=\"robots\" content=\"index, follow, max-snippet:-1, max-image-preview:large, max-video-preview:-1\" \/>\n<link rel=\"canonical\" href=\"https:\/\/www.mexicanguitarplayers.com\/en\/tienda\/sin%20categor\u00eda\/guitarra-schecter-traditional-pro\/\" \/>\n<meta property=\"og:locale\" content=\"en_US\" \/>\n<meta property=\"og:type\" content=\"article\" \/>\n<meta property=\"og:title\" content=\"GUITARRA SCHECTER TRADITIONAL PRO - Mexican Guitar Players\" \/>\n<meta property=\"og:description\" content=\"Guitarra el\u00e9ctrica s\u00f3lida, cuerpo de aliso, tapa plana, puente Diamond Vintage Tremolo, construcci\u00f3n Bolt-on, hardware negro, brazo de maple con varillas de refuerzo de fibra de carbono, diapas\u00f3n de maple tostado, incrustaciones de puntos aperlados, marcadores de puntos laterales luminlay, escala: 25.5\u201d (648 mm), 22 trastes Jumbo, cejuela de Graph Tech XL Black Tusq de 1.653\u201d (42 mm) de ancho, alma ajustable de 2 v\u00edas con tuerca Allen de 5\/32\u201d (4 mm), controles de volumen y tono, palanca de 5 posiciones, pastilla del puente: Schecter USA Z-Plus, pastilla del brazo: Schecter USA Z-Plus, perillas de metal moleteado con tornillo de fijaci\u00f3n.\" \/>\n<meta property=\"og:url\" content=\"https:\/\/www.mexicanguitarplayers.com\/en\/tienda\/sin categor\u00eda\/guitarra-schecter-traditional-pro\/\" \/>\n<meta property=\"og:site_name\" content=\"Mexican Guitar Players\" \/>\n<meta property=\"article:modified_time\" content=\"2026-04-10T10:43:51+00:00\" \/>\n<meta name=\"twitter:card\" content=\"summary_large_image\" \/>\n<meta name=\"twitter:label1\" content=\"Est. reading time\" \/>\n\t<meta name=\"twitter:data1\" content=\"1 minute\" \/>\n<script type=\"application\/ld+json\" class=\"yoast-schema-graph\">{\"@context\":\"https:\\\/\\\/schema.org\",\"@graph\":[{\"@type\":[\"WebPage\",\"ItemPage\"],\"@id\":\"https:\\\/\\\/www.mexicanguitarplayers.com\\\/tienda\\\/sin categor\u00eda\\\/guitarra-schecter-traditional-pro\\\/\",\"url\":\"https:\\\/\\\/www.mexicanguitarplayers.com\\\/tienda\\\/sin categor\u00eda\\\/guitarra-schecter-traditional-pro\\\/\",\"name\":\"GUITARRA SCHECTER TRADITIONAL PRO - Mexican Guitar Players\",\"isPartOf\":{\"@id\":\"https:\\\/\\\/www.mexicanguitarplayers.com\\\/#website\"},\"primaryImageOfPage\":{\"@id\":\"https:\\\/\\\/www.mexicanguitarplayers.com\\\/tienda\\\/sin categor\u00eda\\\/guitarra-schecter-traditional-pro\\\/#primaryimage\"},\"image\":{\"@id\":\"https:\\\/\\\/www.mexicanguitarplayers.com\\\/tienda\\\/sin categor\u00eda\\\/guitarra-schecter-traditional-pro\\\/#primaryimage\"},\"thumbnailUrl\":\"https:\\\/\\\/www.mexicanguitarplayers.com\\\/wp-content\\\/uploads\\\/2025\\\/04\\\/ISSCCTRADITPRO.jpg\",\"datePublished\":\"2025-04-07T03:44:20+00:00\",\"dateModified\":\"2026-04-10T10:43:51+00:00\",\"description\":\"Guitarra el\u00e9ctrica s\u00f3lida, cuerpo de aliso, tapa plana, puente Diamond Vintage Tremolo, construcci\u00f3n Bolt-on, hardware negro, brazo de maple con varillas de refuerzo de fibra de carbono, diapas\u00f3n de maple tostado, incrustaciones de puntos aperlados, marcadores de puntos laterales luminlay, escala: 25.5\u201d (648 mm), 22 trastes Jumbo, cejuela de Graph Tech XL Black Tusq de 1.653\u201d (42 mm) de ancho, alma ajustable de 2 v\u00edas con tuerca Allen de 5\\\/32\u201d (4 mm), controles de volumen y tono, palanca de 5 posiciones, pastilla del puente: Schecter USA Z-Plus, pastilla del brazo: Schecter USA Z-Plus, perillas de metal moleteado con tornillo de fijaci\u00f3n.\",\"breadcrumb\":{\"@id\":\"https:\\\/\\\/www.mexicanguitarplayers.com\\\/tienda\\\/sin categor\u00eda\\\/guitarra-schecter-traditional-pro\\\/#breadcrumb\"},\"inLanguage\":\"en-US\",\"potentialAction\":[{\"@type\":\"ReadAction\",\"target\":[\"https:\\\/\\\/www.mexicanguitarplayers.com\\\/tienda\\\/sin categor\u00eda\\\/guitarra-schecter-traditional-pro\\\/\"]}]},{\"@type\":\"ImageObject\",\"inLanguage\":\"en-US\",\"@id\":\"https:\\\/\\\/www.mexicanguitarplayers.com\\\/tienda\\\/sin categor\u00eda\\\/guitarra-schecter-traditional-pro\\\/#primaryimage\",\"url\":\"https:\\\/\\\/www.mexicanguitarplayers.com\\\/wp-content\\\/uploads\\\/2025\\\/04\\\/ISSCCTRADITPRO.jpg\",\"contentUrl\":\"https:\\\/\\\/www.mexicanguitarplayers.com\\\/wp-content\\\/uploads\\\/2025\\\/04\\\/ISSCCTRADITPRO.jpg\",\"width\":800,\"height\":1600},{\"@type\":\"BreadcrumbList\",\"@id\":\"https:\\\/\\\/www.mexicanguitarplayers.com\\\/tienda\\\/sin categor\u00eda\\\/guitarra-schecter-traditional-pro\\\/#breadcrumb\",\"itemListElement\":[{\"@type\":\"ListItem\",\"position\":1,\"name\":\"Portada\",\"item\":\"https:\\\/\\\/www.mexicanguitarplayers.com\\\/\"},{\"@type\":\"ListItem\",\"position\":2,\"name\":\"Tienda\",\"item\":\"https:\\\/\\\/www.mexicanguitarplayers.com\\\/tienda\\\/\"},{\"@type\":\"ListItem\",\"position\":3,\"name\":\"GUITARRA SCHECTER TRADITIONAL PRO\"}]},{\"@type\":\"WebSite\",\"@id\":\"https:\\\/\\\/www.mexicanguitarplayers.com\\\/#website\",\"url\":\"https:\\\/\\\/www.mexicanguitarplayers.com\\\/\",\"name\":\"Mexican Guitar Players\",\"description\":\"Website\",\"publisher\":{\"@id\":\"https:\\\/\\\/www.mexicanguitarplayers.com\\\/#organization\"},\"potentialAction\":[{\"@type\":\"SearchAction\",\"target\":{\"@type\":\"EntryPoint\",\"urlTemplate\":\"https:\\\/\\\/www.mexicanguitarplayers.com\\\/?s={search_term_string}\"},\"query-input\":{\"@type\":\"PropertyValueSpecification\",\"valueRequired\":true,\"valueName\":\"search_term_string\"}}],\"inLanguage\":\"en-US\"},{\"@type\":\"Organization\",\"@id\":\"https:\\\/\\\/www.mexicanguitarplayers.com\\\/#organization\",\"name\":\"Mexican Guitar Players\",\"url\":\"https:\\\/\\\/www.mexicanguitarplayers.com\\\/\",\"logo\":{\"@type\":\"ImageObject\",\"inLanguage\":\"en-US\",\"@id\":\"https:\\\/\\\/www.mexicanguitarplayers.com\\\/#\\\/schema\\\/logo\\\/image\\\/\",\"url\":\"\",\"contentUrl\":\"\",\"caption\":\"Mexican Guitar Players\"},\"image\":{\"@id\":\"https:\\\/\\\/www.mexicanguitarplayers.com\\\/#\\\/schema\\\/logo\\\/image\\\/\"}}]}<\/script>\n<!-- \/ Yoast SEO plugin. -->","yoast_head_json":{"title":"GUITARRA SCHECTER TRADITIONAL PRO - Mexican Guitar Players","description":"Guitarra el\u00e9ctrica s\u00f3lida, cuerpo de aliso, tapa plana, puente Diamond Vintage Tremolo, construcci\u00f3n Bolt-on, hardware negro, brazo de maple con varillas de refuerzo de fibra de carbono, diapas\u00f3n de maple tostado, incrustaciones de puntos aperlados, marcadores de puntos laterales luminlay, escala: 25.5\u201d (648 mm), 22 trastes Jumbo, cejuela de Graph Tech XL Black Tusq de 1.653\u201d (42 mm) de ancho, alma ajustable de 2 v\u00edas con tuerca Allen de 5\/32\u201d (4 mm), controles de volumen y tono, palanca de 5 posiciones, pastilla del puente: Schecter USA Z-Plus, pastilla del brazo: Schecter USA Z-Plus, perillas de metal moleteado con tornillo de fijaci\u00f3n.","robots":{"index":"index","follow":"follow","max-snippet":"max-snippet:-1","max-image-preview":"max-image-preview:large","max-video-preview":"max-video-preview:-1"},"canonical":"https:\/\/www.mexicanguitarplayers.com\/en\/tienda\/sin categor\u00eda\/guitarra-schecter-traditional-pro\/","og_locale":"en_US","og_type":"article","og_title":"GUITARRA SCHECTER TRADITIONAL PRO - Mexican Guitar Players","og_description":"Guitarra el\u00e9ctrica s\u00f3lida, cuerpo de aliso, tapa plana, puente Diamond Vintage Tremolo, construcci\u00f3n Bolt-on, hardware negro, brazo de maple con varillas de refuerzo de fibra de carbono, diapas\u00f3n de maple tostado, incrustaciones de puntos aperlados, marcadores de puntos laterales luminlay, escala: 25.5\u201d (648 mm), 22 trastes Jumbo, cejuela de Graph Tech XL Black Tusq de 1.653\u201d (42 mm) de ancho, alma ajustable de 2 v\u00edas con tuerca Allen de 5\/32\u201d (4 mm), controles de volumen y tono, palanca de 5 posiciones, pastilla del puente: Schecter USA Z-Plus, pastilla del brazo: Schecter USA Z-Plus, perillas de metal moleteado con tornillo de fijaci\u00f3n.","og_url":"https:\/\/www.mexicanguitarplayers.com\/en\/tienda\/sin categor\u00eda\/guitarra-schecter-traditional-pro\/","og_site_name":"Mexican Guitar Players","article_modified_time":"2026-04-10T10:43:51+00:00","twitter_card":"summary_large_image","twitter_misc":{"Est. reading time":"1 minute"},"schema":{"@context":"https:\/\/schema.org","@graph":[{"@type":["WebPage","ItemPage"],"@id":"https:\/\/www.mexicanguitarplayers.com\/tienda\/sin categor\u00eda\/guitarra-schecter-traditional-pro\/","url":"https:\/\/www.mexicanguitarplayers.com\/tienda\/sin categor\u00eda\/guitarra-schecter-traditional-pro\/","name":"GUITARRA SCHECTER TRADITIONAL PRO - Mexican Guitar Players","isPartOf":{"@id":"https:\/\/www.mexicanguitarplayers.com\/#website"},"primaryImageOfPage":{"@id":"https:\/\/www.mexicanguitarplayers.com\/tienda\/sin categor\u00eda\/guitarra-schecter-traditional-pro\/#primaryimage"},"image":{"@id":"https:\/\/www.mexicanguitarplayers.com\/tienda\/sin categor\u00eda\/guitarra-schecter-traditional-pro\/#primaryimage"},"thumbnailUrl":"https:\/\/www.mexicanguitarplayers.com\/wp-content\/uploads\/2025\/04\/ISSCCTRADITPRO.jpg","datePublished":"2025-04-07T03:44:20+00:00","dateModified":"2026-04-10T10:43:51+00:00","description":"Guitarra el\u00e9ctrica s\u00f3lida, cuerpo de aliso, tapa plana, puente Diamond Vintage Tremolo, construcci\u00f3n Bolt-on, hardware negro, brazo de maple con varillas de refuerzo de fibra de carbono, diapas\u00f3n de maple tostado, incrustaciones de puntos aperlados, marcadores de puntos laterales luminlay, escala: 25.5\u201d (648 mm), 22 trastes Jumbo, cejuela de Graph Tech XL Black Tusq de 1.653\u201d (42 mm) de ancho, alma ajustable de 2 v\u00edas con tuerca Allen de 5\/32\u201d (4 mm), controles de volumen y tono, palanca de 5 posiciones, pastilla del puente: Schecter USA Z-Plus, pastilla del brazo: Schecter USA Z-Plus, perillas de metal moleteado con tornillo de fijaci\u00f3n.","breadcrumb":{"@id":"https:\/\/www.mexicanguitarplayers.com\/tienda\/sin categor\u00eda\/guitarra-schecter-traditional-pro\/#breadcrumb"},"inLanguage":"en-US","potentialAction":[{"@type":"ReadAction","target":["https:\/\/www.mexicanguitarplayers.com\/tienda\/sin categor\u00eda\/guitarra-schecter-traditional-pro\/"]}]},{"@type":"ImageObject","inLanguage":"en-US","@id":"https:\/\/www.mexicanguitarplayers.com\/tienda\/sin categor\u00eda\/guitarra-schecter-traditional-pro\/#primaryimage","url":"https:\/\/www.mexicanguitarplayers.com\/wp-content\/uploads\/2025\/04\/ISSCCTRADITPRO.jpg","contentUrl":"https:\/\/www.mexicanguitarplayers.com\/wp-content\/uploads\/2025\/04\/ISSCCTRADITPRO.jpg","width":800,"height":1600},{"@type":"BreadcrumbList","@id":"https:\/\/www.mexicanguitarplayers.com\/tienda\/sin categor\u00eda\/guitarra-schecter-traditional-pro\/#breadcrumb","itemListElement":[{"@type":"ListItem","position":1,"name":"Portada","item":"https:\/\/www.mexicanguitarplayers.com\/"},{"@type":"ListItem","position":2,"name":"Tienda","item":"https:\/\/www.mexicanguitarplayers.com\/tienda\/"},{"@type":"ListItem","position":3,"name":"GUITARRA SCHECTER TRADITIONAL PRO"}]},{"@type":"WebSite","@id":"https:\/\/www.mexicanguitarplayers.com\/#website","url":"https:\/\/www.mexicanguitarplayers.com\/","name":"Mexican Guitar Players","description":"Website","publisher":{"@id":"https:\/\/www.mexicanguitarplayers.com\/#organization"},"potentialAction":[{"@type":"SearchAction","target":{"@type":"EntryPoint","urlTemplate":"https:\/\/www.mexicanguitarplayers.com\/?s={search_term_string}"},"query-input":{"@type":"PropertyValueSpecification","valueRequired":true,"valueName":"search_term_string"}}],"inLanguage":"en-US"},{"@type":"Organization","@id":"https:\/\/www.mexicanguitarplayers.com\/#organization","name":"Mexican Guitar Players","url":"https:\/\/www.mexicanguitarplayers.com\/","logo":{"@type":"ImageObject","inLanguage":"en-US","@id":"https:\/\/www.mexicanguitarplayers.com\/#\/schema\/logo\/image\/","url":"","contentUrl":"","caption":"Mexican Guitar Players"},"image":{"@id":"https:\/\/www.mexicanguitarplayers.com\/#\/schema\/logo\/image\/"}}]}},"brands":[{"id":175,"name":"SCHECTER","slug":"schecter"}],"_links":{"self":[{"href":"https:\/\/www.mexicanguitarplayers.com\/en\/wp-json\/wp\/v2\/product\/26451","targetHints":{"allow":["GET"]}}],"collection":[{"href":"https:\/\/www.mexicanguitarplayers.com\/en\/wp-json\/wp\/v2\/product"}],"about":[{"href":"https:\/\/www.mexicanguitarplayers.com\/en\/wp-json\/wp\/v2\/types\/product"}],"replies":[{"embeddable":true,"href":"https:\/\/www.mexicanguitarplayers.com\/en\/wp-json\/wp\/v2\/comments?post=26451"}],"wp:featuredmedia":[{"embeddable":true,"href":"https:\/\/www.mexicanguitarplayers.com\/en\/wp-json\/wp\/v2\/media\/26438"}],"wp:attachment":[{"href":"https:\/\/www.mexicanguitarplayers.com\/en\/wp-json\/wp\/v2\/media?parent=26451"}],"wp:term":[{"taxonomy":"pwb-brand","embeddable":true,"href":"https:\/\/www.mexicanguitarplayers.com\/en\/wp-json\/wp\/v2\/pwb-brand?post=26451"},{"taxonomy":"product_brand","embeddable":true,"href":"https:\/\/www.mexicanguitarplayers.com\/en\/wp-json\/wp\/v2\/product_brand?post=26451"},{"taxonomy":"product_cat","embeddable":true,"href":"https:\/\/www.mexicanguitarplayers.com\/en\/wp-json\/wp\/v2\/product_cat?post=26451"},{"taxonomy":"product_tag","embeddable":true,"href":"https:\/\/www.mexicanguitarplayers.com\/en\/wp-json\/wp\/v2\/product_tag?post=26451"}],"curies":[{"name":"wp","href":"https:\/\/api.w.org\/{rel}","templated":true}]}}