{"id":26495,"date":"2025-04-06T21:46:47","date_gmt":"2025-04-07T03:46:47","guid":{"rendered":"https:\/\/www.mexicanguitarplayers.com\/tienda\/sin categor\u00eda\/amplificador-proel-poder-mod-hpd-3000\/"},"modified":"2026-04-10T04:43:46","modified_gmt":"2026-04-10T10:43:46","slug":"amplificador-proel-poder-mod-hpd-3000","status":"publish","type":"product","link":"https:\/\/www.mexicanguitarplayers.com\/en\/tienda\/audio\/amplificadores-audio\/amplificadores-de-potencia\/amplificador-proel-poder-mod-hpd-3000\/","title":{"rendered":"AMPLIFICADOR PROEL PODER   MOD. HPD-3000"},"content":{"rendered":"<div style=\"text-align: justify\">\n<div>\n<h3>Dise\u00f1o y desempe\u00f1o italiano.<\/h3>\n<\/div>\n<div>La nueva serie de amplificadores HP-D de Proel emplean m\u00f3dulos de amplificaci\u00f3n digital basados en una versi\u00f3n mejorada de la tecnolog\u00eda PWM. La topolog\u00eda innovadora del circuito de amplificaci\u00f3n y el empleo de una frecuencia de muestreo muy elevada garantizan un alto rendimiento en todo el rango de audio, mientras que los semiconductores de \u00faltima generaci\u00f3n y la innovadora se\u00f1al de reconstrucci\u00f3n de filtro garantizan una excelente calidad del audio. Amplificador de potencia Proel de 4 canales clase D. Cuenta con 4 entradas combo y XLR macho con control de volumen por canal, 6 conectores SpeakON para altavoces. Sensibilidad de entrada\/impedancia: 0dB\/775mV\/20K balanceada. Respuesta de frecuencia: 20 Hz &#8211; 20 kHz. Relaci\u00f3n se\u00f1al a ruido: &gt; 105 dB. Distorsi\u00f3n arm\u00f3nica total: Menos del 0,5% a 1 kHz a 1\/3 de potencia nominal. Ventilaci\u00f3n forzada variable en funci\u00f3n de la temperatura. Alimentaci\u00f3n 117 \u2013 240 V. Dimensiones: 483 x 383 x 88 mm. Montaje en dos unidades de rack. Peso: 11 Kg.<\/div>\n<div>\n<h4>Quick look<\/h4>\n<\/div>\n<ul style=\"margin: 0px 0px 0px 25px\">\n<li style=\"list-style-type: circle;margin: 5px\">Tipo de sistema.<\/li>\n<li style=\"list-style-type: circle;margin: 5px\">Unidades de rack.<\/li>\n<li style=\"list-style-type: circle;margin: 5px\">Frequency response.<\/li>\n<li style=\"list-style-type: circle;margin: 5px\">Power supply.<\/li>\n<li style=\"list-style-type: circle;margin: 5px\">Consumo m\u00e1ximo de energ\u00eda.<\/li>\n<li style=\"list-style-type: circle;margin: 5px\">Input connectors.<\/li>\n<li style=\"list-style-type: circle;margin: 5px\">Output connectors.<\/li>\n<li style=\"list-style-type: circle;margin: 5px\">Dimensions.<\/li>\n<li style=\"list-style-type: circle;margin: 5px\">Factor de amortiguamiento.<\/li>\n<li style=\"list-style-type: circle;margin: 5px\">Ganancia seleccionable.<\/li>\n<li style=\"list-style-type: circle;margin: 5px\">Input impedance.<\/li>\n<li style=\"list-style-type: circle;margin: 5px\">Indicadores LED.<\/li>\n<li style=\"list-style-type: circle;margin: 5px\">Opciones de filtrado seleccionables.<\/li>\n<li style=\"list-style-type: circle;margin: 5px\">Weight.<\/li>\n<li style=\"list-style-type: circle;margin: 5px\">Consumo de potencia nominal.<\/li>\n<li style=\"list-style-type: circle;margin: 5px\">Output power.<\/li>\n<li style=\"list-style-type: circle;margin: 5px\">Protecciones.<\/li>\n<\/ul>\n<div>\n<div style=\"font-weight: bold\">Tipo de sistema.<\/div>\n<div>\n<p>Amplificador de potencia de 4 canales.<\/p>\n<\/div>\n<div style=\"font-weight: bold\">Unidades de rack.<\/div>\n<div>\n<p>2.<\/p>\n<\/div>\n<div style=\"font-weight: bold\">Frequency response.<\/div>\n<div>\n<p>20 Hz \u2013 20 kHz (-0.5dB, 0.5 dB).<\/p>\n<\/div>\n<div style=\"font-weight: bold\">Power supply.<\/div>\n<div>\n<p>230 V 50 Hz o 117 VCA 60 Hz.<\/p>\n<\/div>\n<div style=\"font-weight: bold\">Consumo m\u00e1ximo de energ\u00eda.<\/div>\n<div>\n<p>4000 VA.<\/p>\n<\/div>\n<div style=\"font-weight: bold\">Input connectors.<\/div>\n<div>\n<p>4 x NEUTRIK Combo + 4 x NEUTRIK XLR-M.<\/p>\n<\/div>\n<div style=\"font-weight: bold\">Output connectors.<\/div>\n<div>\n<p>4 x Neutrik Speakon + 2 x Neutrik Speakon puente.<\/p>\n<\/div>\n<div style=\"font-weight: bold\">Dimensions.<\/div>\n<div>\n<p>483 mm x 89 mm x 383 mm.<\/p>\n<\/div>\n<div style=\"font-weight: bold\">Factor de amortiguamiento.<\/div>\n<div>\n<p>&gt; 500 @ 8 O.<\/p>\n<\/div>\n<div style=\"font-weight: bold\">Ganancia seleccionable.<\/div>\n<div>\n<p>35 dB \/ 32 dB.<\/p>\n<\/div>\n<div style=\"font-weight: bold\">Input impedance.<\/div>\n<div>\n<p>10 kB desequilibrada, 20 kB equilibrada.<\/p>\n<\/div>\n<div style=\"font-weight: bold\">Indicadores LED.<\/div>\n<div>\n<p>Proteger, se\u00f1al, puente, limitador.<\/p>\n<\/div>\n<div style=\"font-weight: bold\">Opciones de filtrado seleccionables.<\/div>\n<div>\n<p>FLAT, HPF 100 Hz seleccionable, 100 Hz 24 dB \/ Oct BI-AMP cruce GND interruptor de elevaci\u00f3n.<\/p>\n<\/div>\n<div style=\"font-weight: bold\">Weight.<\/div>\n<div>\n<p>12 Kg.<\/p>\n<\/div>\n<div style=\"font-weight: bold\">Consumo de potencia nominal.<\/div>\n<div>\n<p>1\/8 de potencia de salida de 1020 VA.<\/p>\n<\/div>\n<div style=\"font-weight: bold\">Output power.<\/div>\n<div>\n<p>Puente de Mono 8 ohmios de 2 X 1500 W.Est\u00e9reo de 4 +4 ohms 4 x 750 W.Est\u00e9reo de 8 ohmios 8 4 x 370 W.<\/p>\n<\/div>\n<div style=\"font-weight: bold\">Protecciones.<\/div>\n<div>\n<p>DC, puesta t\u00e9rmica, suave, corto circuito.<\/p>\n<\/div>\n<\/div>\n<\/div>","protected":false},"excerpt":{"rendered":"<p>Amplificador Proel. Modelo: HDP3000. Bridge Mono 2 x 1500 watts, est\u00e9reo 4 x 750watts. 4 master volume. 4 entradas XLR. 4 salidas speakon. Filtro de 100 Hz 24\/ dB por octava. 117 VAC &#8211; 220 VAC. 4 canales.&hellip; <a class=\"kt-excerpt-readmore more-link\" href=\"https:\/\/www.mexicanguitarplayers.com\/en\/tienda\/audio\/amplificadores-audio\/amplificadores-de-potencia\/amplificador-proel-poder-mod-hpd-3000\/\">Read more<\/a><\/p>","protected":false},"featured_media":26493,"comment_status":"open","ping_status":"closed","template":"","meta":{"kt_blocks_editor_width":""},"pwb-brand":[252],"product_brand":[],"product_cat":[219,220,213],"product_tag":[],"class_list":{"0":"post-26495","1":"product","2":"type-product","3":"status-publish","4":"has-post-thumbnail","6":"pwb-brand-proel","7":"product_cat-amplificadores-audio","8":"product_cat-amplificadores-de-potencia","9":"product_cat-audio","10":"product_shipping_class-10-15-kg","12":"first","13":"outofstock","14":"taxable","15":"shipping-taxable","16":"purchasable","17":"product-type-simple"},"yoast_head":"<!-- This site is optimized with the Yoast SEO plugin v27.6 - https:\/\/yoast.com\/product\/yoast-seo-wordpress\/ -->\n<title>AMPLIFICADOR PROEL PODER  MOD. HPD-3000 - Mexican Guitar Players<\/title>\n<meta name=\"description\" content=\"Amplificador Proel. Modelo: HDP3000. Bridge Mono 2 x 1500 watts, est\u00e9reo 4 x 750watts. 4 master volume. 4 entradas XLR. 4 salidas speakon. Filtro de 100 Hz 24\/ dB por octava. 117 VAC - 220 VAC. 4 canales.\" \/>\n<meta name=\"robots\" content=\"index, follow, max-snippet:-1, max-image-preview:large, max-video-preview:-1\" \/>\n<link rel=\"canonical\" href=\"https:\/\/www.mexicanguitarplayers.com\/en\/tienda\/sin%20categor\u00eda\/amplificador-proel-poder-mod-hpd-3000\/\" \/>\n<meta property=\"og:locale\" content=\"en_US\" \/>\n<meta property=\"og:type\" content=\"article\" \/>\n<meta property=\"og:title\" content=\"AMPLIFICADOR PROEL PODER  MOD. HPD-3000 - Mexican Guitar Players\" \/>\n<meta property=\"og:description\" content=\"Amplificador Proel. Modelo: HDP3000. Bridge Mono 2 x 1500 watts, est\u00e9reo 4 x 750watts. 4 master volume. 4 entradas XLR. 4 salidas speakon. Filtro de 100 Hz 24\/ dB por octava. 117 VAC - 220 VAC. 4 canales.\" \/>\n<meta property=\"og:url\" content=\"https:\/\/www.mexicanguitarplayers.com\/en\/tienda\/sin categor\u00eda\/amplificador-proel-poder-mod-hpd-3000\/\" \/>\n<meta property=\"og:site_name\" content=\"Mexican Guitar Players\" \/>\n<meta property=\"article:modified_time\" content=\"2026-04-10T10:43:46+00:00\" \/>\n<meta name=\"twitter:card\" content=\"summary_large_image\" \/>\n<meta name=\"twitter:label1\" content=\"Est. reading time\" \/>\n\t<meta name=\"twitter:data1\" content=\"2 minutes\" \/>\n<script type=\"application\/ld+json\" class=\"yoast-schema-graph\">{\"@context\":\"https:\\\/\\\/schema.org\",\"@graph\":[{\"@type\":[\"WebPage\",\"ItemPage\"],\"@id\":\"https:\\\/\\\/www.mexicanguitarplayers.com\\\/tienda\\\/sin categor\u00eda\\\/amplificador-proel-poder-mod-hpd-3000\\\/\",\"url\":\"https:\\\/\\\/www.mexicanguitarplayers.com\\\/tienda\\\/sin categor\u00eda\\\/amplificador-proel-poder-mod-hpd-3000\\\/\",\"name\":\"AMPLIFICADOR PROEL PODER MOD. HPD-3000 - Mexican Guitar Players\",\"isPartOf\":{\"@id\":\"https:\\\/\\\/www.mexicanguitarplayers.com\\\/#website\"},\"primaryImageOfPage\":{\"@id\":\"https:\\\/\\\/www.mexicanguitarplayers.com\\\/tienda\\\/sin categor\u00eda\\\/amplificador-proel-poder-mod-hpd-3000\\\/#primaryimage\"},\"image\":{\"@id\":\"https:\\\/\\\/www.mexicanguitarplayers.com\\\/tienda\\\/sin categor\u00eda\\\/amplificador-proel-poder-mod-hpd-3000\\\/#primaryimage\"},\"thumbnailUrl\":\"https:\\\/\\\/www.mexicanguitarplayers.com\\\/wp-content\\\/uploads\\\/2025\\\/04\\\/IAPREHPD3000.jpg\",\"datePublished\":\"2025-04-07T03:46:47+00:00\",\"dateModified\":\"2026-04-10T10:43:46+00:00\",\"description\":\"Amplificador Proel. Modelo: HDP3000. Bridge Mono 2 x 1500 watts, est\u00e9reo 4 x 750watts. 4 master volume. 4 entradas XLR. 4 salidas speakon. Filtro de 100 Hz 24\\\/ dB por octava. 117 VAC - 220 VAC. 4 canales.\",\"breadcrumb\":{\"@id\":\"https:\\\/\\\/www.mexicanguitarplayers.com\\\/tienda\\\/sin categor\u00eda\\\/amplificador-proel-poder-mod-hpd-3000\\\/#breadcrumb\"},\"inLanguage\":\"en-US\",\"potentialAction\":[{\"@type\":\"ReadAction\",\"target\":[\"https:\\\/\\\/www.mexicanguitarplayers.com\\\/tienda\\\/sin categor\u00eda\\\/amplificador-proel-poder-mod-hpd-3000\\\/\"]}]},{\"@type\":\"ImageObject\",\"inLanguage\":\"en-US\",\"@id\":\"https:\\\/\\\/www.mexicanguitarplayers.com\\\/tienda\\\/sin categor\u00eda\\\/amplificador-proel-poder-mod-hpd-3000\\\/#primaryimage\",\"url\":\"https:\\\/\\\/www.mexicanguitarplayers.com\\\/wp-content\\\/uploads\\\/2025\\\/04\\\/IAPREHPD3000.jpg\",\"contentUrl\":\"https:\\\/\\\/www.mexicanguitarplayers.com\\\/wp-content\\\/uploads\\\/2025\\\/04\\\/IAPREHPD3000.jpg\",\"width\":1200,\"height\":1200},{\"@type\":\"BreadcrumbList\",\"@id\":\"https:\\\/\\\/www.mexicanguitarplayers.com\\\/tienda\\\/sin categor\u00eda\\\/amplificador-proel-poder-mod-hpd-3000\\\/#breadcrumb\",\"itemListElement\":[{\"@type\":\"ListItem\",\"position\":1,\"name\":\"Portada\",\"item\":\"https:\\\/\\\/www.mexicanguitarplayers.com\\\/\"},{\"@type\":\"ListItem\",\"position\":2,\"name\":\"Tienda\",\"item\":\"https:\\\/\\\/www.mexicanguitarplayers.com\\\/tienda\\\/\"},{\"@type\":\"ListItem\",\"position\":3,\"name\":\"AMPLIFICADOR PROEL PODER MOD. HPD-3000\"}]},{\"@type\":\"WebSite\",\"@id\":\"https:\\\/\\\/www.mexicanguitarplayers.com\\\/#website\",\"url\":\"https:\\\/\\\/www.mexicanguitarplayers.com\\\/\",\"name\":\"Mexican Guitar Players\",\"description\":\"Website\",\"publisher\":{\"@id\":\"https:\\\/\\\/www.mexicanguitarplayers.com\\\/#organization\"},\"potentialAction\":[{\"@type\":\"SearchAction\",\"target\":{\"@type\":\"EntryPoint\",\"urlTemplate\":\"https:\\\/\\\/www.mexicanguitarplayers.com\\\/?s={search_term_string}\"},\"query-input\":{\"@type\":\"PropertyValueSpecification\",\"valueRequired\":true,\"valueName\":\"search_term_string\"}}],\"inLanguage\":\"en-US\"},{\"@type\":\"Organization\",\"@id\":\"https:\\\/\\\/www.mexicanguitarplayers.com\\\/#organization\",\"name\":\"Mexican Guitar Players\",\"url\":\"https:\\\/\\\/www.mexicanguitarplayers.com\\\/\",\"logo\":{\"@type\":\"ImageObject\",\"inLanguage\":\"en-US\",\"@id\":\"https:\\\/\\\/www.mexicanguitarplayers.com\\\/#\\\/schema\\\/logo\\\/image\\\/\",\"url\":\"\",\"contentUrl\":\"\",\"caption\":\"Mexican Guitar Players\"},\"image\":{\"@id\":\"https:\\\/\\\/www.mexicanguitarplayers.com\\\/#\\\/schema\\\/logo\\\/image\\\/\"}}]}<\/script>\n<!-- \/ Yoast SEO plugin. -->","yoast_head_json":{"title":"AMPLIFICADOR PROEL PODER  MOD. HPD-3000 - Mexican Guitar Players","description":"Amplificador Proel. Modelo: HDP3000. Bridge Mono 2 x 1500 watts, est\u00e9reo 4 x 750watts. 4 master volume. 4 entradas XLR. 4 salidas speakon. Filtro de 100 Hz 24\/ dB por octava. 117 VAC - 220 VAC. 4 canales.","robots":{"index":"index","follow":"follow","max-snippet":"max-snippet:-1","max-image-preview":"max-image-preview:large","max-video-preview":"max-video-preview:-1"},"canonical":"https:\/\/www.mexicanguitarplayers.com\/en\/tienda\/sin categor\u00eda\/amplificador-proel-poder-mod-hpd-3000\/","og_locale":"en_US","og_type":"article","og_title":"AMPLIFICADOR PROEL PODER  MOD. HPD-3000 - Mexican Guitar Players","og_description":"Amplificador Proel. Modelo: HDP3000. Bridge Mono 2 x 1500 watts, est\u00e9reo 4 x 750watts. 4 master volume. 4 entradas XLR. 4 salidas speakon. Filtro de 100 Hz 24\/ dB por octava. 117 VAC - 220 VAC. 4 canales.","og_url":"https:\/\/www.mexicanguitarplayers.com\/en\/tienda\/sin categor\u00eda\/amplificador-proel-poder-mod-hpd-3000\/","og_site_name":"Mexican Guitar Players","article_modified_time":"2026-04-10T10:43:46+00:00","twitter_card":"summary_large_image","twitter_misc":{"Est. reading time":"2 minutes"},"schema":{"@context":"https:\/\/schema.org","@graph":[{"@type":["WebPage","ItemPage"],"@id":"https:\/\/www.mexicanguitarplayers.com\/tienda\/sin categor\u00eda\/amplificador-proel-poder-mod-hpd-3000\/","url":"https:\/\/www.mexicanguitarplayers.com\/tienda\/sin categor\u00eda\/amplificador-proel-poder-mod-hpd-3000\/","name":"AMPLIFICADOR PROEL PODER MOD. HPD-3000 - Mexican Guitar Players","isPartOf":{"@id":"https:\/\/www.mexicanguitarplayers.com\/#website"},"primaryImageOfPage":{"@id":"https:\/\/www.mexicanguitarplayers.com\/tienda\/sin categor\u00eda\/amplificador-proel-poder-mod-hpd-3000\/#primaryimage"},"image":{"@id":"https:\/\/www.mexicanguitarplayers.com\/tienda\/sin categor\u00eda\/amplificador-proel-poder-mod-hpd-3000\/#primaryimage"},"thumbnailUrl":"https:\/\/www.mexicanguitarplayers.com\/wp-content\/uploads\/2025\/04\/IAPREHPD3000.jpg","datePublished":"2025-04-07T03:46:47+00:00","dateModified":"2026-04-10T10:43:46+00:00","description":"Amplificador Proel. Modelo: HDP3000. Bridge Mono 2 x 1500 watts, est\u00e9reo 4 x 750watts. 4 master volume. 4 entradas XLR. 4 salidas speakon. Filtro de 100 Hz 24\/ dB por octava. 117 VAC - 220 VAC. 4 canales.","breadcrumb":{"@id":"https:\/\/www.mexicanguitarplayers.com\/tienda\/sin categor\u00eda\/amplificador-proel-poder-mod-hpd-3000\/#breadcrumb"},"inLanguage":"en-US","potentialAction":[{"@type":"ReadAction","target":["https:\/\/www.mexicanguitarplayers.com\/tienda\/sin categor\u00eda\/amplificador-proel-poder-mod-hpd-3000\/"]}]},{"@type":"ImageObject","inLanguage":"en-US","@id":"https:\/\/www.mexicanguitarplayers.com\/tienda\/sin categor\u00eda\/amplificador-proel-poder-mod-hpd-3000\/#primaryimage","url":"https:\/\/www.mexicanguitarplayers.com\/wp-content\/uploads\/2025\/04\/IAPREHPD3000.jpg","contentUrl":"https:\/\/www.mexicanguitarplayers.com\/wp-content\/uploads\/2025\/04\/IAPREHPD3000.jpg","width":1200,"height":1200},{"@type":"BreadcrumbList","@id":"https:\/\/www.mexicanguitarplayers.com\/tienda\/sin categor\u00eda\/amplificador-proel-poder-mod-hpd-3000\/#breadcrumb","itemListElement":[{"@type":"ListItem","position":1,"name":"Portada","item":"https:\/\/www.mexicanguitarplayers.com\/"},{"@type":"ListItem","position":2,"name":"Tienda","item":"https:\/\/www.mexicanguitarplayers.com\/tienda\/"},{"@type":"ListItem","position":3,"name":"AMPLIFICADOR PROEL PODER MOD. HPD-3000"}]},{"@type":"WebSite","@id":"https:\/\/www.mexicanguitarplayers.com\/#website","url":"https:\/\/www.mexicanguitarplayers.com\/","name":"Mexican Guitar Players","description":"Website","publisher":{"@id":"https:\/\/www.mexicanguitarplayers.com\/#organization"},"potentialAction":[{"@type":"SearchAction","target":{"@type":"EntryPoint","urlTemplate":"https:\/\/www.mexicanguitarplayers.com\/?s={search_term_string}"},"query-input":{"@type":"PropertyValueSpecification","valueRequired":true,"valueName":"search_term_string"}}],"inLanguage":"en-US"},{"@type":"Organization","@id":"https:\/\/www.mexicanguitarplayers.com\/#organization","name":"Mexican Guitar Players","url":"https:\/\/www.mexicanguitarplayers.com\/","logo":{"@type":"ImageObject","inLanguage":"en-US","@id":"https:\/\/www.mexicanguitarplayers.com\/#\/schema\/logo\/image\/","url":"","contentUrl":"","caption":"Mexican Guitar Players"},"image":{"@id":"https:\/\/www.mexicanguitarplayers.com\/#\/schema\/logo\/image\/"}}]}},"brands":[{"id":252,"name":"PROEL","slug":"proel"}],"_links":{"self":[{"href":"https:\/\/www.mexicanguitarplayers.com\/en\/wp-json\/wp\/v2\/product\/26495","targetHints":{"allow":["GET"]}}],"collection":[{"href":"https:\/\/www.mexicanguitarplayers.com\/en\/wp-json\/wp\/v2\/product"}],"about":[{"href":"https:\/\/www.mexicanguitarplayers.com\/en\/wp-json\/wp\/v2\/types\/product"}],"replies":[{"embeddable":true,"href":"https:\/\/www.mexicanguitarplayers.com\/en\/wp-json\/wp\/v2\/comments?post=26495"}],"wp:featuredmedia":[{"embeddable":true,"href":"https:\/\/www.mexicanguitarplayers.com\/en\/wp-json\/wp\/v2\/media\/26493"}],"wp:attachment":[{"href":"https:\/\/www.mexicanguitarplayers.com\/en\/wp-json\/wp\/v2\/media?parent=26495"}],"wp:term":[{"taxonomy":"pwb-brand","embeddable":true,"href":"https:\/\/www.mexicanguitarplayers.com\/en\/wp-json\/wp\/v2\/pwb-brand?post=26495"},{"taxonomy":"product_brand","embeddable":true,"href":"https:\/\/www.mexicanguitarplayers.com\/en\/wp-json\/wp\/v2\/product_brand?post=26495"},{"taxonomy":"product_cat","embeddable":true,"href":"https:\/\/www.mexicanguitarplayers.com\/en\/wp-json\/wp\/v2\/product_cat?post=26495"},{"taxonomy":"product_tag","embeddable":true,"href":"https:\/\/www.mexicanguitarplayers.com\/en\/wp-json\/wp\/v2\/product_tag?post=26495"}],"curies":[{"name":"wp","href":"https:\/\/api.w.org\/{rel}","templated":true}]}}