{"id":26533,"date":"2025-04-06T21:49:06","date_gmt":"2025-04-07T03:49:06","guid":{"rendered":"https:\/\/www.mexicanguitarplayers.com\/tienda\/sin categor\u00eda\/bajo-spector-electrico-mod-euro6lx\/"},"modified":"2025-05-09T07:32:27","modified_gmt":"2025-05-09T13:32:27","slug":"bajo-spector-electrico-mod-euro6lx","status":"publish","type":"product","link":"https:\/\/www.mexicanguitarplayers.com\/en\/tienda\/cuerdas\/bajos\/electricos\/electricos-activos\/bajo-spector-electrico-mod-euro6lx\/","title":{"rendered":"BAJO SPECTOR ELECTRICO MOD. EURO6LX"},"content":{"rendered":"<div style=\"text-align: justify\">\n<div>\n<h3>Para los bajistas m\u00e1s exigentes.<\/h3>\n<\/div>\n<div>El Euro 6LX ofrece todas las caracter\u00edsticas que han hecho famoso el nombre de Spector en todo el mundo. Inspirado en el ic\u00f3nico NS-5, el Euro 6LX presenta un cuerpo extremadamente c\u00f3modo y totalmente tallado, una construcci\u00f3n que atraviesa el brazo y detalles profesionales. Cada bajo est\u00e1 fabricado con materiales de primera calidad como aliso europeo, maple norteamericano y poplar burl con figuras \u00fanicas. El Euro 6LX cuenta con un brazo de maple de tres piezas combinado con un diapas\u00f3n de palo de rosa para mayor resistencia, estabilidad y sustain. Estos bajos est\u00e1n equipados con un puente de aleaci\u00f3n de lat\u00f3n y zinc liviano para una entonaci\u00f3n confiable y precisa. En cuanto a la electr\u00f3nica, este bajo cuenta con pastillas premium EMG y el codiciado circuito de tono activo Tone Pump de Spector, lo que le brinda el poder de atravesar cualquier mezcla con s\u00f3lo girar una perilla. Con estas caracter\u00edsticas profesionales y la mano de obra experta, los bajos Euro 6LX son la opci\u00f3n ideal para los bajistas profesionales.<\/div>\n<div>\n<h4>Quick look<\/h4>\n<\/div>\n<ul style=\"margin: 0px 0px 0px 25px\">\n<li style=\"list-style-type: circle;margin: 5px\">Top.<\/li>\n<li style=\"list-style-type: circle;margin: 5px\">Cuerpo.<\/li>\n<li style=\"list-style-type: circle;margin: 5px\">Arm.<\/li>\n<li style=\"list-style-type: circle;margin: 5px\">Diapason.<\/li>\n<li style=\"list-style-type: circle;margin: 5px\">Frets<\/li>\n<li style=\"list-style-type: circle;margin: 5px\">Scale.<\/li>\n<li style=\"list-style-type: circle;margin: 5px\">Nut.<\/li>\n<li style=\"list-style-type: circle;margin: 5px\">Ancho de la cejuela.<\/li>\n<li style=\"list-style-type: circle;margin: 5px\">Scale.<\/li>\n<li style=\"list-style-type: circle;margin: 5px\">Controls<\/li>\n<li style=\"list-style-type: circle;margin: 5px\">Pastillas.<\/li>\n<li style=\"list-style-type: circle;margin: 5px\">Configuraci\u00f3n de pastillas.<\/li>\n<li style=\"list-style-type: circle;margin: 5px\">Sistema de preamp.<\/li>\n<li style=\"list-style-type: circle;margin: 5px\">Bridge.<\/li>\n<li style=\"list-style-type: circle;margin: 5px\">Strings<\/li>\n<li style=\"list-style-type: circle;margin: 5px\">Informaci\u00f3n adicional.<\/li>\n<\/ul>\n<div>\n<div style=\"font-weight: bold\">Top.<\/div>\n<div>\n<p>Maple figurado norteamericano.<\/p>\n<\/div>\n<div style=\"font-weight: bold\">Cuerpo.<\/div>\n<div>\n<p>Alder europeo con una rebanada de nogal.<\/p>\n<\/div>\n<div style=\"font-weight: bold\">Arm.<\/div>\n<div>\n<p>Tres piezas de maple con varillas de grafito en el interior para mayor resistencia.<\/p>\n<\/div>\n<div style=\"font-weight: bold\">Diapason.<\/div>\n<div>\n<p>Rosewood.<\/p>\n<\/div>\n<div style=\"font-weight: bold\">Frets<\/div>\n<div>\n<p>24.<\/p>\n<\/div>\n<div style=\"font-weight: bold\">Scale.<\/div>\n<div>\n<p>Corona de madreperla.<\/p>\n<\/div>\n<div style=\"font-weight: bold\">Nut.<\/div>\n<div>\n<p>Lat\u00f3n.<\/p>\n<\/div>\n<div style=\"font-weight: bold\">Ancho de la cejuela.<\/div>\n<div>\n<p>1.81&#8243;.<\/p>\n<\/div>\n<div style=\"font-weight: bold\">Scale.<\/div>\n<div>\n<p>35&#8243;.<\/p>\n<\/div>\n<div style=\"font-weight: bold\">Controls<\/div>\n<div>\n<p>Volumen brazo, volumen puente, (EMG solo con push-pull), bass boost, treble boost.<\/p>\n<\/div>\n<div style=\"font-weight: bold\">Pastillas.<\/div>\n<div>\n<p>Puente: EMG TW. Brazo: EMG TW.<\/p>\n<\/div>\n<div style=\"font-weight: bold\">Configuraci\u00f3n de pastillas.<\/div>\n<div>\n<p>2 humbuckers.<\/p>\n<\/div>\n<div style=\"font-weight: bold\">Sistema de preamp.<\/div>\n<div>\n<p>Spector Tone Pump &#8211; Gain +12 dB; Bass: +14 dB\/-4 dB @ 55Hz; Treble: +14 dB\/-12 dB @6,5 kH.<\/p>\n<\/div>\n<div style=\"font-weight: bold\">Bridge.<\/div>\n<div>\n<p>Zinc\/Brass Alloy Locking.<\/p>\n<\/div>\n<div style=\"font-weight: bold\">Strings<\/div>\n<div>\n<p>D&#8217;Addario XL-170-6 nickel.<\/p>\n<\/div>\n<div style=\"font-weight: bold\">Informaci\u00f3n adicional.<\/div>\n<div>\n<p>Botones de tahal\u00ed Schaller Locking.<\/p>\n<\/div>\n<\/div>\n<\/div>","protected":false},"excerpt":{"rendered":"<p>Bajo el\u00e9ctrico activo de 6 cuerdas, serie Euro LX, tapa de maple norteamericano figurado, cuerpo de alder europeo con una rebanada de nogal, brazo de tres piezas de maple con varillas de grafito en el interior para mayor resistencia, diapas\u00f3n de palo de rosa, 24 trastes, incrustaciones de corona de madreperla, cejuela de lat\u00f3n de 1.81\u201d de ancho, escala: 35\u201d, pastilla del brazo: EMG TW, pastilla del puente: EMG TW, configuraci\u00f3n 2 humbuckers, sistema preamp Spector Tone Pump &#8211; Gain +12 dB; Bass: +14 dB\/-4 dB @ 55Hz; Treble: +14 dB\/-12 dB @6,5 kH, controles: Volumen brazo, volumen puente, (EMG solo con push-pull), bass boost, treble boost, puente Zinc\/Brass Alloy Locking, cuerdas D&#8217;Addario XL-170-6 nickel, botones de tahal\u00ed Schaller Locking.&hellip; <a class=\"kt-excerpt-readmore more-link\" href=\"https:\/\/www.mexicanguitarplayers.com\/en\/tienda\/cuerdas\/bajos\/electricos\/electricos-activos\/bajo-spector-electrico-mod-euro6lx\/\">Read more<\/a><\/p>","protected":false},"featured_media":26527,"comment_status":"open","ping_status":"closed","template":"","meta":{"kt_blocks_editor_width":""},"pwb-brand":[374],"product_brand":[],"product_cat":[317,224,318,326],"product_tag":[],"class_list":{"0":"post-26533","1":"product","2":"type-product","3":"status-publish","4":"has-post-thumbnail","6":"pwb-brand-spector","7":"product_cat-bajos","8":"product_cat-cuerdas","9":"product_cat-electricos","10":"product_cat-electricos-activos","11":"product_shipping_class-5-10-kg","13":"first","14":"outofstock","15":"taxable","16":"shipping-taxable","17":"purchasable","18":"product-type-simple"},"yoast_head":"<!-- This site is optimized with the Yoast SEO plugin v27.5 - https:\/\/yoast.com\/product\/yoast-seo-wordpress\/ -->\n<title>BAJO SPECTOR ELECTRICO MOD. EURO6LX - Mexican Guitar Players<\/title>\n<meta name=\"description\" content=\"Bajo el\u00e9ctrico activo de 6 cuerdas, serie Euro LX, tapa de maple norteamericano figurado, cuerpo de alder europeo con una rebanada de nogal, brazo de tres piezas de maple con varillas de grafito en el interior para mayor resistencia, diapas\u00f3n de palo de rosa, 24 trastes, incrustaciones de corona de madreperla, cejuela de lat\u00f3n de 1.81\u201d de ancho, escala: 35\u201d, pastilla del brazo: EMG TW, pastilla del puente: EMG TW, configuraci\u00f3n 2 humbuckers, sistema preamp Spector Tone Pump - Gain +12 dB; Bass: +14 dB\/-4 dB @ 55Hz; Treble: +14 dB\/-12 dB @6,5 kH, controles: Volumen brazo, volumen puente, (EMG solo con push-pull), bass boost, treble boost, puente Zinc\/Brass Alloy Locking, cuerdas D&#039;Addario XL-170-6 nickel, botones de tahal\u00ed Schaller Locking.\" \/>\n<meta name=\"robots\" content=\"index, follow, max-snippet:-1, max-image-preview:large, max-video-preview:-1\" \/>\n<link rel=\"canonical\" href=\"https:\/\/www.mexicanguitarplayers.com\/en\/tienda\/sin%20categor\u00eda\/bajo-spector-electrico-mod-euro6lx\/\" \/>\n<meta property=\"og:locale\" content=\"en_US\" \/>\n<meta property=\"og:type\" content=\"article\" \/>\n<meta property=\"og:title\" content=\"BAJO SPECTOR ELECTRICO MOD. EURO6LX - Mexican Guitar Players\" \/>\n<meta property=\"og:description\" content=\"Bajo el\u00e9ctrico activo de 6 cuerdas, serie Euro LX, tapa de maple norteamericano figurado, cuerpo de alder europeo con una rebanada de nogal, brazo de tres piezas de maple con varillas de grafito en el interior para mayor resistencia, diapas\u00f3n de palo de rosa, 24 trastes, incrustaciones de corona de madreperla, cejuela de lat\u00f3n de 1.81\u201d de ancho, escala: 35\u201d, pastilla del brazo: EMG TW, pastilla del puente: EMG TW, configuraci\u00f3n 2 humbuckers, sistema preamp Spector Tone Pump - Gain +12 dB; Bass: +14 dB\/-4 dB @ 55Hz; Treble: +14 dB\/-12 dB @6,5 kH, controles: Volumen brazo, volumen puente, (EMG solo con push-pull), bass boost, treble boost, puente Zinc\/Brass Alloy Locking, cuerdas D&#039;Addario XL-170-6 nickel, botones de tahal\u00ed Schaller Locking.\" \/>\n<meta property=\"og:url\" content=\"https:\/\/www.mexicanguitarplayers.com\/en\/tienda\/sin categor\u00eda\/bajo-spector-electrico-mod-euro6lx\/\" \/>\n<meta property=\"og:site_name\" content=\"Mexican Guitar Players\" \/>\n<meta property=\"article:modified_time\" content=\"2025-05-09T13:32:27+00:00\" \/>\n<meta name=\"twitter:card\" content=\"summary_large_image\" \/>\n<meta name=\"twitter:label1\" content=\"Est. reading time\" \/>\n\t<meta name=\"twitter:data1\" content=\"2 minutes\" \/>\n<script type=\"application\/ld+json\" class=\"yoast-schema-graph\">{\"@context\":\"https:\\\/\\\/schema.org\",\"@graph\":[{\"@type\":[\"WebPage\",\"ItemPage\"],\"@id\":\"https:\\\/\\\/www.mexicanguitarplayers.com\\\/tienda\\\/sin categor\u00eda\\\/bajo-spector-electrico-mod-euro6lx\\\/\",\"url\":\"https:\\\/\\\/www.mexicanguitarplayers.com\\\/tienda\\\/sin categor\u00eda\\\/bajo-spector-electrico-mod-euro6lx\\\/\",\"name\":\"BAJO SPECTOR ELECTRICO MOD. EURO6LX - Mexican Guitar Players\",\"isPartOf\":{\"@id\":\"https:\\\/\\\/www.mexicanguitarplayers.com\\\/#website\"},\"primaryImageOfPage\":{\"@id\":\"https:\\\/\\\/www.mexicanguitarplayers.com\\\/tienda\\\/sin categor\u00eda\\\/bajo-spector-electrico-mod-euro6lx\\\/#primaryimage\"},\"image\":{\"@id\":\"https:\\\/\\\/www.mexicanguitarplayers.com\\\/tienda\\\/sin categor\u00eda\\\/bajo-spector-electrico-mod-euro6lx\\\/#primaryimage\"},\"thumbnailUrl\":\"https:\\\/\\\/www.mexicanguitarplayers.com\\\/wp-content\\\/uploads\\\/2025\\\/04\\\/ISSPTEURO6LX.jpg\",\"datePublished\":\"2025-04-07T03:49:06+00:00\",\"dateModified\":\"2025-05-09T13:32:27+00:00\",\"description\":\"Bajo el\u00e9ctrico activo de 6 cuerdas, serie Euro LX, tapa de maple norteamericano figurado, cuerpo de alder europeo con una rebanada de nogal, brazo de tres piezas de maple con varillas de grafito en el interior para mayor resistencia, diapas\u00f3n de palo de rosa, 24 trastes, incrustaciones de corona de madreperla, cejuela de lat\u00f3n de 1.81\u201d de ancho, escala: 35\u201d, pastilla del brazo: EMG TW, pastilla del puente: EMG TW, configuraci\u00f3n 2 humbuckers, sistema preamp Spector Tone Pump - Gain +12 dB; Bass: +14 dB\\\/-4 dB @ 55Hz; Treble: +14 dB\\\/-12 dB @6,5 kH, controles: Volumen brazo, volumen puente, (EMG solo con push-pull), bass boost, treble boost, puente Zinc\\\/Brass Alloy Locking, cuerdas D'Addario XL-170-6 nickel, botones de tahal\u00ed Schaller Locking.\",\"breadcrumb\":{\"@id\":\"https:\\\/\\\/www.mexicanguitarplayers.com\\\/tienda\\\/sin categor\u00eda\\\/bajo-spector-electrico-mod-euro6lx\\\/#breadcrumb\"},\"inLanguage\":\"en-US\",\"potentialAction\":[{\"@type\":\"ReadAction\",\"target\":[\"https:\\\/\\\/www.mexicanguitarplayers.com\\\/tienda\\\/sin categor\u00eda\\\/bajo-spector-electrico-mod-euro6lx\\\/\"]}]},{\"@type\":\"ImageObject\",\"inLanguage\":\"en-US\",\"@id\":\"https:\\\/\\\/www.mexicanguitarplayers.com\\\/tienda\\\/sin categor\u00eda\\\/bajo-spector-electrico-mod-euro6lx\\\/#primaryimage\",\"url\":\"https:\\\/\\\/www.mexicanguitarplayers.com\\\/wp-content\\\/uploads\\\/2025\\\/04\\\/ISSPTEURO6LX.jpg\",\"contentUrl\":\"https:\\\/\\\/www.mexicanguitarplayers.com\\\/wp-content\\\/uploads\\\/2025\\\/04\\\/ISSPTEURO6LX.jpg\",\"width\":800,\"height\":1600},{\"@type\":\"BreadcrumbList\",\"@id\":\"https:\\\/\\\/www.mexicanguitarplayers.com\\\/tienda\\\/sin categor\u00eda\\\/bajo-spector-electrico-mod-euro6lx\\\/#breadcrumb\",\"itemListElement\":[{\"@type\":\"ListItem\",\"position\":1,\"name\":\"Portada\",\"item\":\"https:\\\/\\\/www.mexicanguitarplayers.com\\\/\"},{\"@type\":\"ListItem\",\"position\":2,\"name\":\"Tienda\",\"item\":\"https:\\\/\\\/www.mexicanguitarplayers.com\\\/tienda\\\/\"},{\"@type\":\"ListItem\",\"position\":3,\"name\":\"BAJO SPECTOR ELECTRICO MOD. EURO6LX\"}]},{\"@type\":\"WebSite\",\"@id\":\"https:\\\/\\\/www.mexicanguitarplayers.com\\\/#website\",\"url\":\"https:\\\/\\\/www.mexicanguitarplayers.com\\\/\",\"name\":\"Mexican Guitar Players\",\"description\":\"Website\",\"publisher\":{\"@id\":\"https:\\\/\\\/www.mexicanguitarplayers.com\\\/#organization\"},\"potentialAction\":[{\"@type\":\"SearchAction\",\"target\":{\"@type\":\"EntryPoint\",\"urlTemplate\":\"https:\\\/\\\/www.mexicanguitarplayers.com\\\/?s={search_term_string}\"},\"query-input\":{\"@type\":\"PropertyValueSpecification\",\"valueRequired\":true,\"valueName\":\"search_term_string\"}}],\"inLanguage\":\"en-US\"},{\"@type\":\"Organization\",\"@id\":\"https:\\\/\\\/www.mexicanguitarplayers.com\\\/#organization\",\"name\":\"Mexican Guitar Players\",\"url\":\"https:\\\/\\\/www.mexicanguitarplayers.com\\\/\",\"logo\":{\"@type\":\"ImageObject\",\"inLanguage\":\"en-US\",\"@id\":\"https:\\\/\\\/www.mexicanguitarplayers.com\\\/#\\\/schema\\\/logo\\\/image\\\/\",\"url\":\"\",\"contentUrl\":\"\",\"caption\":\"Mexican Guitar Players\"},\"image\":{\"@id\":\"https:\\\/\\\/www.mexicanguitarplayers.com\\\/#\\\/schema\\\/logo\\\/image\\\/\"}}]}<\/script>\n<!-- \/ Yoast SEO plugin. -->","yoast_head_json":{"title":"BAJO SPECTOR ELECTRICO MOD. EURO6LX - Mexican Guitar Players","description":"Bajo el\u00e9ctrico activo de 6 cuerdas, serie Euro LX, tapa de maple norteamericano figurado, cuerpo de alder europeo con una rebanada de nogal, brazo de tres piezas de maple con varillas de grafito en el interior para mayor resistencia, diapas\u00f3n de palo de rosa, 24 trastes, incrustaciones de corona de madreperla, cejuela de lat\u00f3n de 1.81\u201d de ancho, escala: 35\u201d, pastilla del brazo: EMG TW, pastilla del puente: EMG TW, configuraci\u00f3n 2 humbuckers, sistema preamp Spector Tone Pump - Gain +12 dB; Bass: +14 dB\/-4 dB @ 55Hz; Treble: +14 dB\/-12 dB @6,5 kH, controles: Volumen brazo, volumen puente, (EMG solo con push-pull), bass boost, treble boost, puente Zinc\/Brass Alloy Locking, cuerdas D'Addario XL-170-6 nickel, botones de tahal\u00ed Schaller Locking.","robots":{"index":"index","follow":"follow","max-snippet":"max-snippet:-1","max-image-preview":"max-image-preview:large","max-video-preview":"max-video-preview:-1"},"canonical":"https:\/\/www.mexicanguitarplayers.com\/en\/tienda\/sin categor\u00eda\/bajo-spector-electrico-mod-euro6lx\/","og_locale":"en_US","og_type":"article","og_title":"BAJO SPECTOR ELECTRICO MOD. EURO6LX - Mexican Guitar Players","og_description":"Bajo el\u00e9ctrico activo de 6 cuerdas, serie Euro LX, tapa de maple norteamericano figurado, cuerpo de alder europeo con una rebanada de nogal, brazo de tres piezas de maple con varillas de grafito en el interior para mayor resistencia, diapas\u00f3n de palo de rosa, 24 trastes, incrustaciones de corona de madreperla, cejuela de lat\u00f3n de 1.81\u201d de ancho, escala: 35\u201d, pastilla del brazo: EMG TW, pastilla del puente: EMG TW, configuraci\u00f3n 2 humbuckers, sistema preamp Spector Tone Pump - Gain +12 dB; Bass: +14 dB\/-4 dB @ 55Hz; Treble: +14 dB\/-12 dB @6,5 kH, controles: Volumen brazo, volumen puente, (EMG solo con push-pull), bass boost, treble boost, puente Zinc\/Brass Alloy Locking, cuerdas D'Addario XL-170-6 nickel, botones de tahal\u00ed Schaller Locking.","og_url":"https:\/\/www.mexicanguitarplayers.com\/en\/tienda\/sin categor\u00eda\/bajo-spector-electrico-mod-euro6lx\/","og_site_name":"Mexican Guitar Players","article_modified_time":"2025-05-09T13:32:27+00:00","twitter_card":"summary_large_image","twitter_misc":{"Est. reading time":"2 minutes"},"schema":{"@context":"https:\/\/schema.org","@graph":[{"@type":["WebPage","ItemPage"],"@id":"https:\/\/www.mexicanguitarplayers.com\/tienda\/sin categor\u00eda\/bajo-spector-electrico-mod-euro6lx\/","url":"https:\/\/www.mexicanguitarplayers.com\/tienda\/sin categor\u00eda\/bajo-spector-electrico-mod-euro6lx\/","name":"BAJO SPECTOR ELECTRICO MOD. EURO6LX - Mexican Guitar Players","isPartOf":{"@id":"https:\/\/www.mexicanguitarplayers.com\/#website"},"primaryImageOfPage":{"@id":"https:\/\/www.mexicanguitarplayers.com\/tienda\/sin categor\u00eda\/bajo-spector-electrico-mod-euro6lx\/#primaryimage"},"image":{"@id":"https:\/\/www.mexicanguitarplayers.com\/tienda\/sin categor\u00eda\/bajo-spector-electrico-mod-euro6lx\/#primaryimage"},"thumbnailUrl":"https:\/\/www.mexicanguitarplayers.com\/wp-content\/uploads\/2025\/04\/ISSPTEURO6LX.jpg","datePublished":"2025-04-07T03:49:06+00:00","dateModified":"2025-05-09T13:32:27+00:00","description":"Bajo el\u00e9ctrico activo de 6 cuerdas, serie Euro LX, tapa de maple norteamericano figurado, cuerpo de alder europeo con una rebanada de nogal, brazo de tres piezas de maple con varillas de grafito en el interior para mayor resistencia, diapas\u00f3n de palo de rosa, 24 trastes, incrustaciones de corona de madreperla, cejuela de lat\u00f3n de 1.81\u201d de ancho, escala: 35\u201d, pastilla del brazo: EMG TW, pastilla del puente: EMG TW, configuraci\u00f3n 2 humbuckers, sistema preamp Spector Tone Pump - Gain +12 dB; Bass: +14 dB\/-4 dB @ 55Hz; Treble: +14 dB\/-12 dB @6,5 kH, controles: Volumen brazo, volumen puente, (EMG solo con push-pull), bass boost, treble boost, puente Zinc\/Brass Alloy Locking, cuerdas D'Addario XL-170-6 nickel, botones de tahal\u00ed Schaller Locking.","breadcrumb":{"@id":"https:\/\/www.mexicanguitarplayers.com\/tienda\/sin categor\u00eda\/bajo-spector-electrico-mod-euro6lx\/#breadcrumb"},"inLanguage":"en-US","potentialAction":[{"@type":"ReadAction","target":["https:\/\/www.mexicanguitarplayers.com\/tienda\/sin categor\u00eda\/bajo-spector-electrico-mod-euro6lx\/"]}]},{"@type":"ImageObject","inLanguage":"en-US","@id":"https:\/\/www.mexicanguitarplayers.com\/tienda\/sin categor\u00eda\/bajo-spector-electrico-mod-euro6lx\/#primaryimage","url":"https:\/\/www.mexicanguitarplayers.com\/wp-content\/uploads\/2025\/04\/ISSPTEURO6LX.jpg","contentUrl":"https:\/\/www.mexicanguitarplayers.com\/wp-content\/uploads\/2025\/04\/ISSPTEURO6LX.jpg","width":800,"height":1600},{"@type":"BreadcrumbList","@id":"https:\/\/www.mexicanguitarplayers.com\/tienda\/sin categor\u00eda\/bajo-spector-electrico-mod-euro6lx\/#breadcrumb","itemListElement":[{"@type":"ListItem","position":1,"name":"Portada","item":"https:\/\/www.mexicanguitarplayers.com\/"},{"@type":"ListItem","position":2,"name":"Tienda","item":"https:\/\/www.mexicanguitarplayers.com\/tienda\/"},{"@type":"ListItem","position":3,"name":"BAJO SPECTOR ELECTRICO MOD. EURO6LX"}]},{"@type":"WebSite","@id":"https:\/\/www.mexicanguitarplayers.com\/#website","url":"https:\/\/www.mexicanguitarplayers.com\/","name":"Mexican Guitar Players","description":"Website","publisher":{"@id":"https:\/\/www.mexicanguitarplayers.com\/#organization"},"potentialAction":[{"@type":"SearchAction","target":{"@type":"EntryPoint","urlTemplate":"https:\/\/www.mexicanguitarplayers.com\/?s={search_term_string}"},"query-input":{"@type":"PropertyValueSpecification","valueRequired":true,"valueName":"search_term_string"}}],"inLanguage":"en-US"},{"@type":"Organization","@id":"https:\/\/www.mexicanguitarplayers.com\/#organization","name":"Mexican Guitar Players","url":"https:\/\/www.mexicanguitarplayers.com\/","logo":{"@type":"ImageObject","inLanguage":"en-US","@id":"https:\/\/www.mexicanguitarplayers.com\/#\/schema\/logo\/image\/","url":"","contentUrl":"","caption":"Mexican Guitar Players"},"image":{"@id":"https:\/\/www.mexicanguitarplayers.com\/#\/schema\/logo\/image\/"}}]}},"brands":[{"id":374,"name":"SPECTOR","slug":"spector"}],"_links":{"self":[{"href":"https:\/\/www.mexicanguitarplayers.com\/en\/wp-json\/wp\/v2\/product\/26533","targetHints":{"allow":["GET"]}}],"collection":[{"href":"https:\/\/www.mexicanguitarplayers.com\/en\/wp-json\/wp\/v2\/product"}],"about":[{"href":"https:\/\/www.mexicanguitarplayers.com\/en\/wp-json\/wp\/v2\/types\/product"}],"replies":[{"embeddable":true,"href":"https:\/\/www.mexicanguitarplayers.com\/en\/wp-json\/wp\/v2\/comments?post=26533"}],"wp:featuredmedia":[{"embeddable":true,"href":"https:\/\/www.mexicanguitarplayers.com\/en\/wp-json\/wp\/v2\/media\/26527"}],"wp:attachment":[{"href":"https:\/\/www.mexicanguitarplayers.com\/en\/wp-json\/wp\/v2\/media?parent=26533"}],"wp:term":[{"taxonomy":"pwb-brand","embeddable":true,"href":"https:\/\/www.mexicanguitarplayers.com\/en\/wp-json\/wp\/v2\/pwb-brand?post=26533"},{"taxonomy":"product_brand","embeddable":true,"href":"https:\/\/www.mexicanguitarplayers.com\/en\/wp-json\/wp\/v2\/product_brand?post=26533"},{"taxonomy":"product_cat","embeddable":true,"href":"https:\/\/www.mexicanguitarplayers.com\/en\/wp-json\/wp\/v2\/product_cat?post=26533"},{"taxonomy":"product_tag","embeddable":true,"href":"https:\/\/www.mexicanguitarplayers.com\/en\/wp-json\/wp\/v2\/product_tag?post=26533"}],"curies":[{"name":"wp","href":"https:\/\/api.w.org\/{rel}","templated":true}]}}