{"id":26572,"date":"2025-04-06T21:51:32","date_gmt":"2025-04-07T03:51:32","guid":{"rendered":"https:\/\/www.mexicanguitarplayers.com\/tienda\/sin categor\u00eda\/bafle-audiocenter-mod-k-la28-dsp-ac-iii\/"},"modified":"2026-05-01T07:28:20","modified_gmt":"2026-05-01T13:28:20","slug":"bafle-audiocenter-mod-k-la28-dsp-ac-iii","status":"publish","type":"product","link":"https:\/\/www.mexicanguitarplayers.com\/en\/tienda\/audio\/bafles-y-bocinas\/bafles\/instalacion\/bafle-audiocenter-mod-k-la28-dsp-ac-iii\/","title":{"rendered":"BAFLE AUDIOCENTER MOD. K-LA28-DSP-AC III"},"content":{"rendered":"<div style=\"text-align: justify\">\n<div>\n<h3>BAFLE AUDIOCENTER MOD. K-LA28-DSP-AC III<\/h3>\n<\/div>\n<div>El K-LA28-DSP es un altavoz line array activo controlado por DSP, dise\u00f1ado para satisfacer los elevados requisitos de las giras, el alquiler y las instalaciones fijas. El transductor de agudos del K-LA28-DSP es un transductor personalizado con membrana compuesta (bobina m\u00f3vil de 1,75?), y el transductor de graves es un transductor personalizado de 8? (bobina m\u00f3vil de 2?). 3 preajustes seleccionables por el usuario (Linear,HFX,W\/SUB) en el K-LA28-DSP est\u00e1n disponibles para que los usuarios elijan seg\u00fan los diferentes entornos y estilos de m\u00fasica. El sistema K-LA28-DSP puede utilizarse como refuerzo de sonido PA principal con 6 recintos como m\u00ednimo y 16 como m\u00e1ximo por array. K-LA28-DSP puede suspenderse verticalmente. El hardware integrado con una innovadora mec\u00e1nica de bloqueo r\u00e1pido incorporado en el armario con pasadores de alta intensidad de 9,5 mm hace que la instalaci\u00f3n sea f\u00e1cil y c\u00f3moda. El sistema puede combinarse en modularizaci\u00f3n seg\u00fan el \u00e1ngulo de cobertura del lugar, lo que puede satisfacer los requisitos de diferentes aplicaciones. Para aquellos lugares donde el sistema no puede ser volado, hay marcos personalizados adecuados tanto para el apilamiento en el suelo (m\u00e1ximo 4 gabinetes) o apilamiento en el soporte (m\u00e1ximo 2 gabinetes) para satisfacer los diferentes requisitos de instalaci\u00f3n y entorno de refuerzo.<\/div>\n<div>\n<h4>Characteristics<\/h4>\n<\/div>\n<div>\n<ul style=\"margin: 0px 0px 0px 25px\">\n<li style=\"list-style-type: circle;margin: 5px\">Kind<\/li>\n<li style=\"list-style-type: circle;margin: 5px\">Respuesta en frecuencia (-10 dB)<\/li>\n<li style=\"list-style-type: circle;margin: 5px\">Cobertura horizontal<\/li>\n<li style=\"list-style-type: circle;margin: 5px\">Cobertura vertical<\/li>\n<li style=\"list-style-type: circle;margin: 5px\">SPL\/1M m\u00e1ximo calculado (continuo\/pico)<\/li>\n<li style=\"list-style-type: circle;margin: 5px\">HF<\/li>\n<li style=\"list-style-type: circle;margin: 5px\">LF<\/li>\n<li style=\"list-style-type: circle;margin: 5px\">DSP<\/li>\n<li style=\"list-style-type: circle;margin: 5px\">Procesador<\/li>\n<li style=\"list-style-type: circle;margin: 5px\">Preajustes<\/li>\n<li style=\"list-style-type: circle;margin: 5px\">AMPLIFICADOR<\/li>\n<li style=\"list-style-type: circle;margin: 5px\">Circuitos de amplificaci\u00f3n<\/li>\n<li style=\"list-style-type: circle;margin: 5px\">Potencia (normas RMS)<\/li>\n<li style=\"list-style-type: circle;margin: 5px\">Potencia m\u00e1xima<\/li>\n<li style=\"list-style-type: circle;margin: 5px\">Respuesta en frecuencia(1W \ud83d\ude2f 2ch)<\/li>\n<li style=\"list-style-type: circle;margin: 5px\">Distorsi\u00f3n de intermodulaci\u00f3n (20 Hz-20 kHz, media potencia)<\/li>\n<li style=\"list-style-type: circle;margin: 5px\">Distorsi\u00f3n arm\u00f3nica total (20 Hz-20 kHz, potencia nominal 8O)<\/li>\n<li style=\"list-style-type: circle;margin: 5px\">Sistema de refrigeraci\u00f3n<\/li>\n<li style=\"list-style-type: circle;margin: 5px\">Protecci\u00f3n<\/li>\n<li style=\"list-style-type: circle;margin: 5px\">Conectores de entrada de se\u00f1al<\/li>\n<li style=\"list-style-type: circle;margin: 5px\">Conectores de salida de se\u00f1al<\/li>\n<li style=\"list-style-type: circle;margin: 5px\">Conectores de entrada de alimentaci\u00f3n<\/li>\n<li style=\"list-style-type: circle;margin: 5px\">Conectores de salida de potencia<\/li>\n<li style=\"list-style-type: circle;margin: 5px\">Tensi\u00f3n de trabajo<\/li>\n<li style=\"list-style-type: circle;margin: 5px\">Consumo (1\/8 potencia de salida)<\/li>\n<li style=\"list-style-type: circle;margin: 5px\">Armario<\/li>\n<li style=\"list-style-type: circle;margin: 5px\">Ajuste del \u00e1ngulo<\/li>\n<li style=\"list-style-type: circle;margin: 5px\">Color del armario<\/li>\n<li style=\"list-style-type: circle;margin: 5px\">Rejilla<\/li>\n<li style=\"list-style-type: circle;margin: 5px\">Asas<\/li>\n<li style=\"list-style-type: circle;margin: 5px\">Accesorios opcionales<\/li>\n<li style=\"list-style-type: circle;margin: 5px\">Altavoz Dimensiones (An\u00d7Al\u00d7F)<\/li>\n<li style=\"list-style-type: circle;margin: 5px\">Dimensiones de la caja (An\u00d7Al\u00d7F)<\/li>\n<li style=\"list-style-type: circle;margin: 5px\">Peso neto<\/li>\n<li style=\"list-style-type: circle;margin: 5px\">Peso del env\u00edo<\/li>\n<li style=\"list-style-type: circle;margin: 5px\">Asistencia t\u00e9cnica y servicio posventa<\/li>\n<\/ul>\n<\/div>\n<\/div>","protected":false},"excerpt":{"rendered":"<p>Este sistema de altavoces personalizado ofrece una reproducci\u00f3n de sonido excepcional con una dispersi\u00f3n extremadamente precisa gracias a su dise\u00f1o de tap\u00f3n de fase PTV y bocina HF optimizada. Equipado con un avanzado controlador digital integrado (DSP) de alta gama que opera a una frecuencia de muestreo de 96 kHz, garantiza una respuesta en frecuencia suave y uniforme. Su modo de reposo autom\u00e1tico tras 15 minutos de inactividad asegura eficiencia energ\u00e9tica. Con un amplificador de clase D y un sistema de refrigeraci\u00f3n avanzado, este sistema proporciona un rendimiento fiable y duradero. Su armario compacto y elegante est\u00e1 construido con madera contrachapada de abedul de alta calidad, fabricado con precisi\u00f3n CNC para una durabilidad \u00f3ptima. Adem\u00e1s, ofrece una amplia gama de accesorios para adaptarse a diversas aplicaciones, lo que lo convierte en una opci\u00f3n vers\u00e1til y de alto rendimiento para cualquier entorno de audio.&hellip; <a class=\"kt-excerpt-readmore more-link\" href=\"https:\/\/www.mexicanguitarplayers.com\/en\/tienda\/audio\/bafles-y-bocinas\/bafles\/instalacion\/bafle-audiocenter-mod-k-la28-dsp-ac-iii\/\">Read more<\/a><\/p>","protected":false},"featured_media":26561,"comment_status":"open","ping_status":"closed","template":"","meta":{"kt_blocks_editor_width":""},"pwb-brand":[525],"product_brand":[],"product_cat":[213,222,221,243],"product_tag":[],"class_list":{"0":"post-26572","1":"product","2":"type-product","3":"status-publish","4":"has-post-thumbnail","6":"pwb-brand-audiocenter","7":"product_cat-audio","8":"product_cat-bafles","9":"product_cat-bafles-y-bocinas","10":"product_cat-instalacion","11":"product_shipping_class-20-25-kg","13":"first","14":"instock","15":"taxable","16":"shipping-taxable","17":"purchasable","18":"product-type-simple"},"yoast_head":"<!-- This site is optimized with the Yoast SEO plugin v27.5 - https:\/\/yoast.com\/product\/yoast-seo-wordpress\/ -->\n<title>BAFLE AUDIOCENTER MOD. K-LA28-DSP-AC III - Mexican Guitar Players<\/title>\n<meta name=\"description\" content=\"Este sistema de altavoces personalizado ofrece una reproducci\u00f3n de sonido excepcional con una dispersi\u00f3n extremadamente precisa gracias a su dise\u00f1o de tap\u00f3n de fase PTV y bocina HF optimizada. Equipado con un avanzado controlador digital integrado (DSP) de alta gama que opera a una frecuencia de muestreo de 96 kHz, garantiza una respuesta en frecuencia suave y uniforme. Su modo de reposo autom\u00e1tico tras 15 minutos de inactividad asegura eficiencia energ\u00e9tica. Con un amplificador de clase D y un sistema de refrigeraci\u00f3n avanzado, este sistema proporciona un rendimiento fiable y duradero. Su armario compacto y elegante est\u00e1 construido con madera contrachapada de abedul de alta calidad, fabricado con precisi\u00f3n CNC para una durabilidad \u00f3ptima. Adem\u00e1s, ofrece una amplia gama de accesorios para adaptarse a diversas aplicaciones, lo que lo convierte en una opci\u00f3n vers\u00e1til y de alto rendimiento para cualquier entorno de audio.\" \/>\n<meta name=\"robots\" content=\"index, follow, max-snippet:-1, max-image-preview:large, max-video-preview:-1\" \/>\n<link rel=\"canonical\" href=\"https:\/\/www.mexicanguitarplayers.com\/en\/tienda\/sin%20categor\u00eda\/bafle-audiocenter-mod-k-la28-dsp-ac-iii\/\" \/>\n<meta property=\"og:locale\" content=\"en_US\" \/>\n<meta property=\"og:type\" content=\"article\" \/>\n<meta property=\"og:title\" content=\"BAFLE AUDIOCENTER MOD. K-LA28-DSP-AC III - Mexican Guitar Players\" \/>\n<meta property=\"og:description\" content=\"Este sistema de altavoces personalizado ofrece una reproducci\u00f3n de sonido excepcional con una dispersi\u00f3n extremadamente precisa gracias a su dise\u00f1o de tap\u00f3n de fase PTV y bocina HF optimizada. Equipado con un avanzado controlador digital integrado (DSP) de alta gama que opera a una frecuencia de muestreo de 96 kHz, garantiza una respuesta en frecuencia suave y uniforme. Su modo de reposo autom\u00e1tico tras 15 minutos de inactividad asegura eficiencia energ\u00e9tica. Con un amplificador de clase D y un sistema de refrigeraci\u00f3n avanzado, este sistema proporciona un rendimiento fiable y duradero. Su armario compacto y elegante est\u00e1 construido con madera contrachapada de abedul de alta calidad, fabricado con precisi\u00f3n CNC para una durabilidad \u00f3ptima. Adem\u00e1s, ofrece una amplia gama de accesorios para adaptarse a diversas aplicaciones, lo que lo convierte en una opci\u00f3n vers\u00e1til y de alto rendimiento para cualquier entorno de audio.\" \/>\n<meta property=\"og:url\" content=\"https:\/\/www.mexicanguitarplayers.com\/en\/tienda\/sin categor\u00eda\/bafle-audiocenter-mod-k-la28-dsp-ac-iii\/\" \/>\n<meta property=\"og:site_name\" content=\"Mexican Guitar Players\" \/>\n<meta property=\"article:modified_time\" content=\"2026-05-01T13:28:20+00:00\" \/>\n<meta name=\"twitter:card\" content=\"summary_large_image\" \/>\n<meta name=\"twitter:label1\" content=\"Est. reading time\" \/>\n\t<meta name=\"twitter:data1\" content=\"2 minutes\" \/>\n<script type=\"application\/ld+json\" class=\"yoast-schema-graph\">{\"@context\":\"https:\\\/\\\/schema.org\",\"@graph\":[{\"@type\":[\"WebPage\",\"ItemPage\"],\"@id\":\"https:\\\/\\\/www.mexicanguitarplayers.com\\\/tienda\\\/sin categor\u00eda\\\/bafle-audiocenter-mod-k-la28-dsp-ac-iii\\\/\",\"url\":\"https:\\\/\\\/www.mexicanguitarplayers.com\\\/tienda\\\/sin categor\u00eda\\\/bafle-audiocenter-mod-k-la28-dsp-ac-iii\\\/\",\"name\":\"BAFLE AUDIOCENTER MOD. K-LA28-DSP-AC III - Mexican Guitar Players\",\"isPartOf\":{\"@id\":\"https:\\\/\\\/www.mexicanguitarplayers.com\\\/#website\"},\"primaryImageOfPage\":{\"@id\":\"https:\\\/\\\/www.mexicanguitarplayers.com\\\/tienda\\\/sin categor\u00eda\\\/bafle-audiocenter-mod-k-la28-dsp-ac-iii\\\/#primaryimage\"},\"image\":{\"@id\":\"https:\\\/\\\/www.mexicanguitarplayers.com\\\/tienda\\\/sin categor\u00eda\\\/bafle-audiocenter-mod-k-la28-dsp-ac-iii\\\/#primaryimage\"},\"thumbnailUrl\":\"https:\\\/\\\/www.mexicanguitarplayers.com\\\/wp-content\\\/uploads\\\/2025\\\/04\\\/IAACTKLA28DIII.jpg\",\"datePublished\":\"2025-04-07T03:51:32+00:00\",\"dateModified\":\"2026-05-01T13:28:20+00:00\",\"description\":\"Este sistema de altavoces personalizado ofrece una reproducci\u00f3n de sonido excepcional con una dispersi\u00f3n extremadamente precisa gracias a su dise\u00f1o de tap\u00f3n de fase PTV y bocina HF optimizada. Equipado con un avanzado controlador digital integrado (DSP) de alta gama que opera a una frecuencia de muestreo de 96 kHz, garantiza una respuesta en frecuencia suave y uniforme. Su modo de reposo autom\u00e1tico tras 15 minutos de inactividad asegura eficiencia energ\u00e9tica. Con un amplificador de clase D y un sistema de refrigeraci\u00f3n avanzado, este sistema proporciona un rendimiento fiable y duradero. Su armario compacto y elegante est\u00e1 construido con madera contrachapada de abedul de alta calidad, fabricado con precisi\u00f3n CNC para una durabilidad \u00f3ptima. Adem\u00e1s, ofrece una amplia gama de accesorios para adaptarse a diversas aplicaciones, lo que lo convierte en una opci\u00f3n vers\u00e1til y de alto rendimiento para cualquier entorno de audio.\",\"breadcrumb\":{\"@id\":\"https:\\\/\\\/www.mexicanguitarplayers.com\\\/tienda\\\/sin categor\u00eda\\\/bafle-audiocenter-mod-k-la28-dsp-ac-iii\\\/#breadcrumb\"},\"inLanguage\":\"en-US\",\"potentialAction\":[{\"@type\":\"ReadAction\",\"target\":[\"https:\\\/\\\/www.mexicanguitarplayers.com\\\/tienda\\\/sin categor\u00eda\\\/bafle-audiocenter-mod-k-la28-dsp-ac-iii\\\/\"]}]},{\"@type\":\"ImageObject\",\"inLanguage\":\"en-US\",\"@id\":\"https:\\\/\\\/www.mexicanguitarplayers.com\\\/tienda\\\/sin categor\u00eda\\\/bafle-audiocenter-mod-k-la28-dsp-ac-iii\\\/#primaryimage\",\"url\":\"https:\\\/\\\/www.mexicanguitarplayers.com\\\/wp-content\\\/uploads\\\/2025\\\/04\\\/IAACTKLA28DIII.jpg\",\"contentUrl\":\"https:\\\/\\\/www.mexicanguitarplayers.com\\\/wp-content\\\/uploads\\\/2025\\\/04\\\/IAACTKLA28DIII.jpg\",\"width\":1600,\"height\":800},{\"@type\":\"BreadcrumbList\",\"@id\":\"https:\\\/\\\/www.mexicanguitarplayers.com\\\/tienda\\\/sin categor\u00eda\\\/bafle-audiocenter-mod-k-la28-dsp-ac-iii\\\/#breadcrumb\",\"itemListElement\":[{\"@type\":\"ListItem\",\"position\":1,\"name\":\"Portada\",\"item\":\"https:\\\/\\\/www.mexicanguitarplayers.com\\\/\"},{\"@type\":\"ListItem\",\"position\":2,\"name\":\"Tienda\",\"item\":\"https:\\\/\\\/www.mexicanguitarplayers.com\\\/tienda\\\/\"},{\"@type\":\"ListItem\",\"position\":3,\"name\":\"BAFLE AUDIOCENTER MOD. K-LA28-DSP-AC III\"}]},{\"@type\":\"WebSite\",\"@id\":\"https:\\\/\\\/www.mexicanguitarplayers.com\\\/#website\",\"url\":\"https:\\\/\\\/www.mexicanguitarplayers.com\\\/\",\"name\":\"Mexican Guitar Players\",\"description\":\"Website\",\"publisher\":{\"@id\":\"https:\\\/\\\/www.mexicanguitarplayers.com\\\/#organization\"},\"potentialAction\":[{\"@type\":\"SearchAction\",\"target\":{\"@type\":\"EntryPoint\",\"urlTemplate\":\"https:\\\/\\\/www.mexicanguitarplayers.com\\\/?s={search_term_string}\"},\"query-input\":{\"@type\":\"PropertyValueSpecification\",\"valueRequired\":true,\"valueName\":\"search_term_string\"}}],\"inLanguage\":\"en-US\"},{\"@type\":\"Organization\",\"@id\":\"https:\\\/\\\/www.mexicanguitarplayers.com\\\/#organization\",\"name\":\"Mexican Guitar Players\",\"url\":\"https:\\\/\\\/www.mexicanguitarplayers.com\\\/\",\"logo\":{\"@type\":\"ImageObject\",\"inLanguage\":\"en-US\",\"@id\":\"https:\\\/\\\/www.mexicanguitarplayers.com\\\/#\\\/schema\\\/logo\\\/image\\\/\",\"url\":\"\",\"contentUrl\":\"\",\"caption\":\"Mexican Guitar Players\"},\"image\":{\"@id\":\"https:\\\/\\\/www.mexicanguitarplayers.com\\\/#\\\/schema\\\/logo\\\/image\\\/\"}}]}<\/script>\n<!-- \/ Yoast SEO plugin. -->","yoast_head_json":{"title":"BAFLE AUDIOCENTER MOD. K-LA28-DSP-AC III - Mexican Guitar Players","description":"Este sistema de altavoces personalizado ofrece una reproducci\u00f3n de sonido excepcional con una dispersi\u00f3n extremadamente precisa gracias a su dise\u00f1o de tap\u00f3n de fase PTV y bocina HF optimizada. Equipado con un avanzado controlador digital integrado (DSP) de alta gama que opera a una frecuencia de muestreo de 96 kHz, garantiza una respuesta en frecuencia suave y uniforme. Su modo de reposo autom\u00e1tico tras 15 minutos de inactividad asegura eficiencia energ\u00e9tica. Con un amplificador de clase D y un sistema de refrigeraci\u00f3n avanzado, este sistema proporciona un rendimiento fiable y duradero. Su armario compacto y elegante est\u00e1 construido con madera contrachapada de abedul de alta calidad, fabricado con precisi\u00f3n CNC para una durabilidad \u00f3ptima. Adem\u00e1s, ofrece una amplia gama de accesorios para adaptarse a diversas aplicaciones, lo que lo convierte en una opci\u00f3n vers\u00e1til y de alto rendimiento para cualquier entorno de audio.","robots":{"index":"index","follow":"follow","max-snippet":"max-snippet:-1","max-image-preview":"max-image-preview:large","max-video-preview":"max-video-preview:-1"},"canonical":"https:\/\/www.mexicanguitarplayers.com\/en\/tienda\/sin categor\u00eda\/bafle-audiocenter-mod-k-la28-dsp-ac-iii\/","og_locale":"en_US","og_type":"article","og_title":"BAFLE AUDIOCENTER MOD. K-LA28-DSP-AC III - Mexican Guitar Players","og_description":"Este sistema de altavoces personalizado ofrece una reproducci\u00f3n de sonido excepcional con una dispersi\u00f3n extremadamente precisa gracias a su dise\u00f1o de tap\u00f3n de fase PTV y bocina HF optimizada. Equipado con un avanzado controlador digital integrado (DSP) de alta gama que opera a una frecuencia de muestreo de 96 kHz, garantiza una respuesta en frecuencia suave y uniforme. Su modo de reposo autom\u00e1tico tras 15 minutos de inactividad asegura eficiencia energ\u00e9tica. Con un amplificador de clase D y un sistema de refrigeraci\u00f3n avanzado, este sistema proporciona un rendimiento fiable y duradero. Su armario compacto y elegante est\u00e1 construido con madera contrachapada de abedul de alta calidad, fabricado con precisi\u00f3n CNC para una durabilidad \u00f3ptima. Adem\u00e1s, ofrece una amplia gama de accesorios para adaptarse a diversas aplicaciones, lo que lo convierte en una opci\u00f3n vers\u00e1til y de alto rendimiento para cualquier entorno de audio.","og_url":"https:\/\/www.mexicanguitarplayers.com\/en\/tienda\/sin categor\u00eda\/bafle-audiocenter-mod-k-la28-dsp-ac-iii\/","og_site_name":"Mexican Guitar Players","article_modified_time":"2026-05-01T13:28:20+00:00","twitter_card":"summary_large_image","twitter_misc":{"Est. reading time":"2 minutes"},"schema":{"@context":"https:\/\/schema.org","@graph":[{"@type":["WebPage","ItemPage"],"@id":"https:\/\/www.mexicanguitarplayers.com\/tienda\/sin categor\u00eda\/bafle-audiocenter-mod-k-la28-dsp-ac-iii\/","url":"https:\/\/www.mexicanguitarplayers.com\/tienda\/sin categor\u00eda\/bafle-audiocenter-mod-k-la28-dsp-ac-iii\/","name":"BAFLE AUDIOCENTER MOD. K-LA28-DSP-AC III - Mexican Guitar Players","isPartOf":{"@id":"https:\/\/www.mexicanguitarplayers.com\/#website"},"primaryImageOfPage":{"@id":"https:\/\/www.mexicanguitarplayers.com\/tienda\/sin categor\u00eda\/bafle-audiocenter-mod-k-la28-dsp-ac-iii\/#primaryimage"},"image":{"@id":"https:\/\/www.mexicanguitarplayers.com\/tienda\/sin categor\u00eda\/bafle-audiocenter-mod-k-la28-dsp-ac-iii\/#primaryimage"},"thumbnailUrl":"https:\/\/www.mexicanguitarplayers.com\/wp-content\/uploads\/2025\/04\/IAACTKLA28DIII.jpg","datePublished":"2025-04-07T03:51:32+00:00","dateModified":"2026-05-01T13:28:20+00:00","description":"Este sistema de altavoces personalizado ofrece una reproducci\u00f3n de sonido excepcional con una dispersi\u00f3n extremadamente precisa gracias a su dise\u00f1o de tap\u00f3n de fase PTV y bocina HF optimizada. Equipado con un avanzado controlador digital integrado (DSP) de alta gama que opera a una frecuencia de muestreo de 96 kHz, garantiza una respuesta en frecuencia suave y uniforme. Su modo de reposo autom\u00e1tico tras 15 minutos de inactividad asegura eficiencia energ\u00e9tica. Con un amplificador de clase D y un sistema de refrigeraci\u00f3n avanzado, este sistema proporciona un rendimiento fiable y duradero. Su armario compacto y elegante est\u00e1 construido con madera contrachapada de abedul de alta calidad, fabricado con precisi\u00f3n CNC para una durabilidad \u00f3ptima. Adem\u00e1s, ofrece una amplia gama de accesorios para adaptarse a diversas aplicaciones, lo que lo convierte en una opci\u00f3n vers\u00e1til y de alto rendimiento para cualquier entorno de audio.","breadcrumb":{"@id":"https:\/\/www.mexicanguitarplayers.com\/tienda\/sin categor\u00eda\/bafle-audiocenter-mod-k-la28-dsp-ac-iii\/#breadcrumb"},"inLanguage":"en-US","potentialAction":[{"@type":"ReadAction","target":["https:\/\/www.mexicanguitarplayers.com\/tienda\/sin categor\u00eda\/bafle-audiocenter-mod-k-la28-dsp-ac-iii\/"]}]},{"@type":"ImageObject","inLanguage":"en-US","@id":"https:\/\/www.mexicanguitarplayers.com\/tienda\/sin categor\u00eda\/bafle-audiocenter-mod-k-la28-dsp-ac-iii\/#primaryimage","url":"https:\/\/www.mexicanguitarplayers.com\/wp-content\/uploads\/2025\/04\/IAACTKLA28DIII.jpg","contentUrl":"https:\/\/www.mexicanguitarplayers.com\/wp-content\/uploads\/2025\/04\/IAACTKLA28DIII.jpg","width":1600,"height":800},{"@type":"BreadcrumbList","@id":"https:\/\/www.mexicanguitarplayers.com\/tienda\/sin categor\u00eda\/bafle-audiocenter-mod-k-la28-dsp-ac-iii\/#breadcrumb","itemListElement":[{"@type":"ListItem","position":1,"name":"Portada","item":"https:\/\/www.mexicanguitarplayers.com\/"},{"@type":"ListItem","position":2,"name":"Tienda","item":"https:\/\/www.mexicanguitarplayers.com\/tienda\/"},{"@type":"ListItem","position":3,"name":"BAFLE AUDIOCENTER MOD. K-LA28-DSP-AC III"}]},{"@type":"WebSite","@id":"https:\/\/www.mexicanguitarplayers.com\/#website","url":"https:\/\/www.mexicanguitarplayers.com\/","name":"Mexican Guitar Players","description":"Website","publisher":{"@id":"https:\/\/www.mexicanguitarplayers.com\/#organization"},"potentialAction":[{"@type":"SearchAction","target":{"@type":"EntryPoint","urlTemplate":"https:\/\/www.mexicanguitarplayers.com\/?s={search_term_string}"},"query-input":{"@type":"PropertyValueSpecification","valueRequired":true,"valueName":"search_term_string"}}],"inLanguage":"en-US"},{"@type":"Organization","@id":"https:\/\/www.mexicanguitarplayers.com\/#organization","name":"Mexican Guitar Players","url":"https:\/\/www.mexicanguitarplayers.com\/","logo":{"@type":"ImageObject","inLanguage":"en-US","@id":"https:\/\/www.mexicanguitarplayers.com\/#\/schema\/logo\/image\/","url":"","contentUrl":"","caption":"Mexican Guitar Players"},"image":{"@id":"https:\/\/www.mexicanguitarplayers.com\/#\/schema\/logo\/image\/"}}]}},"brands":[{"id":525,"name":"AUDIOCENTER","slug":"audiocenter"}],"_links":{"self":[{"href":"https:\/\/www.mexicanguitarplayers.com\/en\/wp-json\/wp\/v2\/product\/26572","targetHints":{"allow":["GET"]}}],"collection":[{"href":"https:\/\/www.mexicanguitarplayers.com\/en\/wp-json\/wp\/v2\/product"}],"about":[{"href":"https:\/\/www.mexicanguitarplayers.com\/en\/wp-json\/wp\/v2\/types\/product"}],"replies":[{"embeddable":true,"href":"https:\/\/www.mexicanguitarplayers.com\/en\/wp-json\/wp\/v2\/comments?post=26572"}],"wp:featuredmedia":[{"embeddable":true,"href":"https:\/\/www.mexicanguitarplayers.com\/en\/wp-json\/wp\/v2\/media\/26561"}],"wp:attachment":[{"href":"https:\/\/www.mexicanguitarplayers.com\/en\/wp-json\/wp\/v2\/media?parent=26572"}],"wp:term":[{"taxonomy":"pwb-brand","embeddable":true,"href":"https:\/\/www.mexicanguitarplayers.com\/en\/wp-json\/wp\/v2\/pwb-brand?post=26572"},{"taxonomy":"product_brand","embeddable":true,"href":"https:\/\/www.mexicanguitarplayers.com\/en\/wp-json\/wp\/v2\/product_brand?post=26572"},{"taxonomy":"product_cat","embeddable":true,"href":"https:\/\/www.mexicanguitarplayers.com\/en\/wp-json\/wp\/v2\/product_cat?post=26572"},{"taxonomy":"product_tag","embeddable":true,"href":"https:\/\/www.mexicanguitarplayers.com\/en\/wp-json\/wp\/v2\/product_tag?post=26572"}],"curies":[{"name":"wp","href":"https:\/\/api.w.org\/{rel}","templated":true}]}}