{"id":26637,"date":"2025-04-06T21:55:45","date_gmt":"2025-04-07T03:55:45","guid":{"rendered":"https:\/\/www.mexicanguitarplayers.com\/tienda\/sin categor\u00eda\/pedal-t-c-p-guitarra-flashback-2-mini-delay\/"},"modified":"2026-05-01T07:28:17","modified_gmt":"2026-05-01T13:28:17","slug":"pedal-t-c-p-guitarra-flashback-2-mini-delay","status":"publish","type":"product","link":"https:\/\/www.mexicanguitarplayers.com\/en\/tienda\/cuerdas\/efectos\/efectos-individuales\/pedal-t-c-p-guitarra-flashback-2-mini-delay\/","title":{"rendered":"PEDAL T.C. P\/GUITARRA FLASHBACK 2 MINI DELAY"},"content":{"rendered":"<div style=\"text-align: justify\">\n<div>\n<h3>Old-school overdriven tap echoes and warm, gritty analog delays, crisp, clean digital repeats.<\/h3>\n<\/div>\n<div>FLASHBACK 2 MINI DELAY packs all of the superbly realistic, musical-sounding delay tones of its big brothers and packs a punch in a slim stompbox. Extremely realistic algorithms have been painstakingly developed to deliver lush, responsive warm tones echoing TC Electronic&#039;s decades of delay experience. And if you need that extra touch to your sound, there is a world of tones to explore beneath the surface thanks to TonePrint technology. Use the app to immerse yourself in cascading, delay shimmers, modulated echo tails or kaleidoscopic oscillating feedback, tailor your tone to your rig. Add to that the selection between tap tempo and the innovative MASH footswitch that lets you phrase your delay like an expression pedal and you&#039;ve got yourself pound-for-pound delay pedal champion. Wielded by masters like the Edge, Brian May, and David Gilmour to name a few, the big, bold, delayed riff is a superior art form. The way an already fat tone can be turned into a terrible weapon of mass seduction by using the right set of subdivisions and the right delay timbre is a beautiful thing. The FLASHBACK 2 MINI&#039;s tap tempo lets you sync your riff to make sure those repeats are active. Just enable tap tempo in the TonePrint app, press and hold the footswitch for one second until you see the red LED turn green, and show your drummer who&#039;s boss. FLASHBACK 2 MINI DELAY features innovative technology that brings a wide range of creative expression to the party and is controlled solely by the amount of pressure you apply to the pedal.<\/div>\n<div>\n<h4>Quick look<\/h4>\n<\/div>\n<ul style=\"margin: 0px 0px 0px 25px\">\n<li style=\"list-style-type: circle;margin: 5px\">Pedal type.<\/li>\n<li style=\"list-style-type: circle;margin: 5px\">Effects.<\/li>\n<li style=\"list-style-type: circle;margin: 5px\">Tickets.<\/li>\n<li style=\"list-style-type: circle;margin: 5px\">Departures.<\/li>\n<li style=\"list-style-type: circle;margin: 5px\">USB.<\/li>\n<li style=\"list-style-type: circle;margin: 5px\">True Bypass.<\/li>\n<li style=\"list-style-type: circle;margin: 5px\">Characteristics.<\/li>\n<li style=\"list-style-type: circle;margin: 5px\">Software.<\/li>\n<li style=\"list-style-type: circle;margin: 5px\">Power supply.<\/li>\n<li style=\"list-style-type: circle;margin: 5px\">Controls and connectors.<\/li>\n<\/ul>\n<div>\n<div style=\"font-weight: bold\">Pedal type.<\/div>\n<div>\n<p>Digital delay.<\/p>\n<\/div>\n<div style=\"font-weight: bold\">Effects.<\/div>\n<div>\n<p>Expandable delays with the TonePrint App, Tap Tempo and MASH expression.<\/p>\n<\/div>\n<div style=\"font-weight: bold\">Tickets.<\/div>\n<div>\n<p>1 x 1\/4 \u2033.<\/p>\n<\/div>\n<div style=\"font-weight: bold\">Departures.<\/div>\n<div>\n<p>1 x 1\/4 \u2033.<\/p>\n<\/div>\n<div style=\"font-weight: bold\">USB.<\/div>\n<div>\n<p>One USB type Mini B connector.<\/p>\n<\/div>\n<div style=\"font-weight: bold\">True Bypass.<\/div>\n<div>\n<p>Yes.<\/p>\n<\/div>\n<div style=\"font-weight: bold\">Characteristics.<\/div>\n<div>\n<p>Pressure sensitive MASH switch, Beam TonePrints to pedal (iOS \/ Android).<\/p>\n<\/div>\n<div style=\"font-weight: bold\">Software.<\/div>\n<div>\n<p>TonePrint App.<\/p>\n<\/div>\n<div style=\"font-weight: bold\">Power supply.<\/div>\n<div>\n<p>9V DC (sold separately).<\/p>\n<\/div>\n<div style=\"font-weight: bold\">Controls and connectors.<\/div>\n<div>\n<p>DELAY: Controls the delay time. F. BACK: Feedback sets the desired number of delay repeats. Footswitch: Tap the to turn the effect on or off. Press and hold to activate MASH or Tap Tempo. Use the TonePrint app to select MASH or Tap Tempo. LASH LED: Indicates the intensity of the MASH function. USB: Connect to your computer for firmware updates and TonePrints editing. Power supply: Connects to a 9V \/ = 100 mA power supply. LEVEL: Adjusts the level of the delay effect.<\/p>\n<\/div>\n<\/div>\n<\/div>","protected":false},"excerpt":{"rendered":"<p>Pedal de delay ultracompacto legendario con footswitch MASH sensible a la presi\u00f3n, nuevos algoritmos tape y anal\u00f3gicos, nuevo lote de tonePrints, funciones de footswitch: MASH y Tap Tempo para brindarte un potente control de par\u00e1metros en tiempo real, nuevos y fascinantes delays Crystal que utilizan un motor octaver polif\u00f3nico de SUB &#8216;N&#8217; UP OCTAVER para tonos de otro mundo, crea tus propios delays y personaliza la funcionalidad MASH con el editor gratuito TonePrint (PC, Mac, iPhone, Android y iPad), gabinete extra peque\u00f1o que se adapta f\u00e1cilmente a cualquier pedalera, controles simples y f\u00e1ciles de usar que te permiten concentrarte en tocar, funciona perfectamente con se\u00f1ales de loop de FX y guitarra, True Bypass para una claridad \u00f3ptima y cero p\u00e9rdidas de gama alta cuando el pedal est\u00e1 apagado, Analog-Dry-Through para mantener la integridad de la ruta de la se\u00f1al anal\u00f3gica seca cuando el efecto est\u00e1 activado, no incluye adaptador de corriente.&hellip; <a class=\"kt-excerpt-readmore more-link\" href=\"https:\/\/www.mexicanguitarplayers.com\/en\/tienda\/cuerdas\/efectos\/efectos-individuales\/pedal-t-c-p-guitarra-flashback-2-mini-delay\/\">Read more<\/a><\/p>","protected":false},"featured_media":26634,"comment_status":"open","ping_status":"closed","template":"","meta":{"kt_blocks_editor_width":""},"pwb-brand":[170],"product_brand":[],"product_cat":[224,241,504],"product_tag":[],"class_list":{"0":"post-26637","1":"product","2":"type-product","3":"status-publish","4":"has-post-thumbnail","6":"pwb-brand-tc-electronic","7":"product_cat-cuerdas","8":"product_cat-efectos","9":"product_cat-efectos-individuales","10":"product_shipping_class-0-5-kg","12":"first","13":"instock","14":"taxable","15":"shipping-taxable","16":"purchasable","17":"product-type-simple"},"yoast_head":"<!-- This site is optimized with the Yoast SEO plugin v27.5 - https:\/\/yoast.com\/product\/yoast-seo-wordpress\/ -->\n<title>PEDAL T.C. P\/GUITARRA FLASHBACK 2 MINI DELAY - Mexican Guitar Players<\/title>\n<meta name=\"description\" content=\"Pedal de delay ultracompacto legendario con footswitch MASH sensible a la presi\u00f3n, nuevos algoritmos tape y anal\u00f3gicos, nuevo lote de tonePrints, funciones de footswitch: MASH y Tap Tempo para brindarte un potente control de par\u00e1metros en tiempo real, nuevos y fascinantes delays Crystal que utilizan un motor octaver polif\u00f3nico de SUB &#039;N&#039; UP OCTAVER para tonos de otro mundo, crea tus propios delays y personaliza la funcionalidad MASH con el editor gratuito TonePrint (PC, Mac, iPhone, Android y iPad), gabinete extra peque\u00f1o que se adapta f\u00e1cilmente a cualquier pedalera, controles simples y f\u00e1ciles de usar que te permiten concentrarte en tocar, funciona perfectamente con se\u00f1ales de loop de FX y guitarra, True Bypass para una claridad \u00f3ptima y cero p\u00e9rdidas de gama alta cuando el pedal est\u00e1 apagado, Analog-Dry-Through para mantener la integridad de la ruta de la se\u00f1al anal\u00f3gica seca cuando el efecto est\u00e1 activado, no incluye adaptador de corriente.\" \/>\n<meta name=\"robots\" content=\"index, follow, max-snippet:-1, max-image-preview:large, max-video-preview:-1\" \/>\n<link rel=\"canonical\" href=\"https:\/\/www.mexicanguitarplayers.com\/en\/tienda\/sin%20categor\u00eda\/pedal-t-c-p-guitarra-flashback-2-mini-delay\/\" \/>\n<meta property=\"og:locale\" content=\"en_US\" \/>\n<meta property=\"og:type\" content=\"article\" \/>\n<meta property=\"og:title\" content=\"PEDAL T.C. P\/GUITARRA FLASHBACK 2 MINI DELAY - Mexican Guitar Players\" \/>\n<meta property=\"og:description\" content=\"Pedal de delay ultracompacto legendario con footswitch MASH sensible a la presi\u00f3n, nuevos algoritmos tape y anal\u00f3gicos, nuevo lote de tonePrints, funciones de footswitch: MASH y Tap Tempo para brindarte un potente control de par\u00e1metros en tiempo real, nuevos y fascinantes delays Crystal que utilizan un motor octaver polif\u00f3nico de SUB &#039;N&#039; UP OCTAVER para tonos de otro mundo, crea tus propios delays y personaliza la funcionalidad MASH con el editor gratuito TonePrint (PC, Mac, iPhone, Android y iPad), gabinete extra peque\u00f1o que se adapta f\u00e1cilmente a cualquier pedalera, controles simples y f\u00e1ciles de usar que te permiten concentrarte en tocar, funciona perfectamente con se\u00f1ales de loop de FX y guitarra, True Bypass para una claridad \u00f3ptima y cero p\u00e9rdidas de gama alta cuando el pedal est\u00e1 apagado, Analog-Dry-Through para mantener la integridad de la ruta de la se\u00f1al anal\u00f3gica seca cuando el efecto est\u00e1 activado, no incluye adaptador de corriente.\" \/>\n<meta property=\"og:url\" content=\"https:\/\/www.mexicanguitarplayers.com\/en\/tienda\/sin categor\u00eda\/pedal-t-c-p-guitarra-flashback-2-mini-delay\/\" \/>\n<meta property=\"og:site_name\" content=\"Mexican Guitar Players\" \/>\n<meta property=\"article:modified_time\" content=\"2026-05-01T13:28:17+00:00\" \/>\n<meta name=\"twitter:card\" content=\"summary_large_image\" \/>\n<meta name=\"twitter:label1\" content=\"Est. reading time\" \/>\n\t<meta name=\"twitter:data1\" content=\"3 minutes\" \/>\n<script type=\"application\/ld+json\" class=\"yoast-schema-graph\">{\"@context\":\"https:\\\/\\\/schema.org\",\"@graph\":[{\"@type\":[\"WebPage\",\"ItemPage\"],\"@id\":\"https:\\\/\\\/www.mexicanguitarplayers.com\\\/tienda\\\/sin categor\u00eda\\\/pedal-t-c-p-guitarra-flashback-2-mini-delay\\\/\",\"url\":\"https:\\\/\\\/www.mexicanguitarplayers.com\\\/tienda\\\/sin categor\u00eda\\\/pedal-t-c-p-guitarra-flashback-2-mini-delay\\\/\",\"name\":\"PEDAL T.C. P\\\/GUITARRA FLASHBACK 2 MINI DELAY - Mexican Guitar Players\",\"isPartOf\":{\"@id\":\"https:\\\/\\\/www.mexicanguitarplayers.com\\\/#website\"},\"primaryImageOfPage\":{\"@id\":\"https:\\\/\\\/www.mexicanguitarplayers.com\\\/tienda\\\/sin categor\u00eda\\\/pedal-t-c-p-guitarra-flashback-2-mini-delay\\\/#primaryimage\"},\"image\":{\"@id\":\"https:\\\/\\\/www.mexicanguitarplayers.com\\\/tienda\\\/sin categor\u00eda\\\/pedal-t-c-p-guitarra-flashback-2-mini-delay\\\/#primaryimage\"},\"thumbnailUrl\":\"https:\\\/\\\/www.mexicanguitarplayers.com\\\/wp-content\\\/uploads\\\/2025\\\/04\\\/VATCEFLSHBK2MI.jpg\",\"datePublished\":\"2025-04-07T03:55:45+00:00\",\"dateModified\":\"2026-05-01T13:28:17+00:00\",\"description\":\"Pedal de delay ultracompacto legendario con footswitch MASH sensible a la presi\u00f3n, nuevos algoritmos tape y anal\u00f3gicos, nuevo lote de tonePrints, funciones de footswitch: MASH y Tap Tempo para brindarte un potente control de par\u00e1metros en tiempo real, nuevos y fascinantes delays Crystal que utilizan un motor octaver polif\u00f3nico de SUB 'N' UP OCTAVER para tonos de otro mundo, crea tus propios delays y personaliza la funcionalidad MASH con el editor gratuito TonePrint (PC, Mac, iPhone, Android y iPad), gabinete extra peque\u00f1o que se adapta f\u00e1cilmente a cualquier pedalera, controles simples y f\u00e1ciles de usar que te permiten concentrarte en tocar, funciona perfectamente con se\u00f1ales de loop de FX y guitarra, True Bypass para una claridad \u00f3ptima y cero p\u00e9rdidas de gama alta cuando el pedal est\u00e1 apagado, Analog-Dry-Through para mantener la integridad de la ruta de la se\u00f1al anal\u00f3gica seca cuando el efecto est\u00e1 activado, no incluye adaptador de corriente.\",\"breadcrumb\":{\"@id\":\"https:\\\/\\\/www.mexicanguitarplayers.com\\\/tienda\\\/sin categor\u00eda\\\/pedal-t-c-p-guitarra-flashback-2-mini-delay\\\/#breadcrumb\"},\"inLanguage\":\"en-US\",\"potentialAction\":[{\"@type\":\"ReadAction\",\"target\":[\"https:\\\/\\\/www.mexicanguitarplayers.com\\\/tienda\\\/sin categor\u00eda\\\/pedal-t-c-p-guitarra-flashback-2-mini-delay\\\/\"]}]},{\"@type\":\"ImageObject\",\"inLanguage\":\"en-US\",\"@id\":\"https:\\\/\\\/www.mexicanguitarplayers.com\\\/tienda\\\/sin categor\u00eda\\\/pedal-t-c-p-guitarra-flashback-2-mini-delay\\\/#primaryimage\",\"url\":\"https:\\\/\\\/www.mexicanguitarplayers.com\\\/wp-content\\\/uploads\\\/2025\\\/04\\\/VATCEFLSHBK2MI.jpg\",\"contentUrl\":\"https:\\\/\\\/www.mexicanguitarplayers.com\\\/wp-content\\\/uploads\\\/2025\\\/04\\\/VATCEFLSHBK2MI.jpg\",\"width\":800,\"height\":1600},{\"@type\":\"BreadcrumbList\",\"@id\":\"https:\\\/\\\/www.mexicanguitarplayers.com\\\/tienda\\\/sin categor\u00eda\\\/pedal-t-c-p-guitarra-flashback-2-mini-delay\\\/#breadcrumb\",\"itemListElement\":[{\"@type\":\"ListItem\",\"position\":1,\"name\":\"Portada\",\"item\":\"https:\\\/\\\/www.mexicanguitarplayers.com\\\/\"},{\"@type\":\"ListItem\",\"position\":2,\"name\":\"Tienda\",\"item\":\"https:\\\/\\\/www.mexicanguitarplayers.com\\\/tienda\\\/\"},{\"@type\":\"ListItem\",\"position\":3,\"name\":\"PEDAL T.C. P\\\/GUITARRA FLASHBACK 2 MINI DELAY\"}]},{\"@type\":\"WebSite\",\"@id\":\"https:\\\/\\\/www.mexicanguitarplayers.com\\\/#website\",\"url\":\"https:\\\/\\\/www.mexicanguitarplayers.com\\\/\",\"name\":\"Mexican Guitar Players\",\"description\":\"Website\",\"publisher\":{\"@id\":\"https:\\\/\\\/www.mexicanguitarplayers.com\\\/#organization\"},\"potentialAction\":[{\"@type\":\"SearchAction\",\"target\":{\"@type\":\"EntryPoint\",\"urlTemplate\":\"https:\\\/\\\/www.mexicanguitarplayers.com\\\/?s={search_term_string}\"},\"query-input\":{\"@type\":\"PropertyValueSpecification\",\"valueRequired\":true,\"valueName\":\"search_term_string\"}}],\"inLanguage\":\"en-US\"},{\"@type\":\"Organization\",\"@id\":\"https:\\\/\\\/www.mexicanguitarplayers.com\\\/#organization\",\"name\":\"Mexican Guitar Players\",\"url\":\"https:\\\/\\\/www.mexicanguitarplayers.com\\\/\",\"logo\":{\"@type\":\"ImageObject\",\"inLanguage\":\"en-US\",\"@id\":\"https:\\\/\\\/www.mexicanguitarplayers.com\\\/#\\\/schema\\\/logo\\\/image\\\/\",\"url\":\"\",\"contentUrl\":\"\",\"caption\":\"Mexican Guitar Players\"},\"image\":{\"@id\":\"https:\\\/\\\/www.mexicanguitarplayers.com\\\/#\\\/schema\\\/logo\\\/image\\\/\"}}]}<\/script>\n<!-- \/ Yoast SEO plugin. -->","yoast_head_json":{"title":"PEDAL T.C. P\/GUITARRA FLASHBACK 2 MINI DELAY - Mexican Guitar Players","description":"Pedal de delay ultracompacto legendario con footswitch MASH sensible a la presi\u00f3n, nuevos algoritmos tape y anal\u00f3gicos, nuevo lote de tonePrints, funciones de footswitch: MASH y Tap Tempo para brindarte un potente control de par\u00e1metros en tiempo real, nuevos y fascinantes delays Crystal que utilizan un motor octaver polif\u00f3nico de SUB 'N' UP OCTAVER para tonos de otro mundo, crea tus propios delays y personaliza la funcionalidad MASH con el editor gratuito TonePrint (PC, Mac, iPhone, Android y iPad), gabinete extra peque\u00f1o que se adapta f\u00e1cilmente a cualquier pedalera, controles simples y f\u00e1ciles de usar que te permiten concentrarte en tocar, funciona perfectamente con se\u00f1ales de loop de FX y guitarra, True Bypass para una claridad \u00f3ptima y cero p\u00e9rdidas de gama alta cuando el pedal est\u00e1 apagado, Analog-Dry-Through para mantener la integridad de la ruta de la se\u00f1al anal\u00f3gica seca cuando el efecto est\u00e1 activado, no incluye adaptador de corriente.","robots":{"index":"index","follow":"follow","max-snippet":"max-snippet:-1","max-image-preview":"max-image-preview:large","max-video-preview":"max-video-preview:-1"},"canonical":"https:\/\/www.mexicanguitarplayers.com\/en\/tienda\/sin categor\u00eda\/pedal-t-c-p-guitarra-flashback-2-mini-delay\/","og_locale":"en_US","og_type":"article","og_title":"PEDAL T.C. P\/GUITARRA FLASHBACK 2 MINI DELAY - Mexican Guitar Players","og_description":"Pedal de delay ultracompacto legendario con footswitch MASH sensible a la presi\u00f3n, nuevos algoritmos tape y anal\u00f3gicos, nuevo lote de tonePrints, funciones de footswitch: MASH y Tap Tempo para brindarte un potente control de par\u00e1metros en tiempo real, nuevos y fascinantes delays Crystal que utilizan un motor octaver polif\u00f3nico de SUB 'N' UP OCTAVER para tonos de otro mundo, crea tus propios delays y personaliza la funcionalidad MASH con el editor gratuito TonePrint (PC, Mac, iPhone, Android y iPad), gabinete extra peque\u00f1o que se adapta f\u00e1cilmente a cualquier pedalera, controles simples y f\u00e1ciles de usar que te permiten concentrarte en tocar, funciona perfectamente con se\u00f1ales de loop de FX y guitarra, True Bypass para una claridad \u00f3ptima y cero p\u00e9rdidas de gama alta cuando el pedal est\u00e1 apagado, Analog-Dry-Through para mantener la integridad de la ruta de la se\u00f1al anal\u00f3gica seca cuando el efecto est\u00e1 activado, no incluye adaptador de corriente.","og_url":"https:\/\/www.mexicanguitarplayers.com\/en\/tienda\/sin categor\u00eda\/pedal-t-c-p-guitarra-flashback-2-mini-delay\/","og_site_name":"Mexican Guitar Players","article_modified_time":"2026-05-01T13:28:17+00:00","twitter_card":"summary_large_image","twitter_misc":{"Est. reading time":"3 minutes"},"schema":{"@context":"https:\/\/schema.org","@graph":[{"@type":["WebPage","ItemPage"],"@id":"https:\/\/www.mexicanguitarplayers.com\/tienda\/sin categor\u00eda\/pedal-t-c-p-guitarra-flashback-2-mini-delay\/","url":"https:\/\/www.mexicanguitarplayers.com\/tienda\/sin categor\u00eda\/pedal-t-c-p-guitarra-flashback-2-mini-delay\/","name":"PEDAL T.C. P\/GUITARRA FLASHBACK 2 MINI DELAY - Mexican Guitar Players","isPartOf":{"@id":"https:\/\/www.mexicanguitarplayers.com\/#website"},"primaryImageOfPage":{"@id":"https:\/\/www.mexicanguitarplayers.com\/tienda\/sin categor\u00eda\/pedal-t-c-p-guitarra-flashback-2-mini-delay\/#primaryimage"},"image":{"@id":"https:\/\/www.mexicanguitarplayers.com\/tienda\/sin categor\u00eda\/pedal-t-c-p-guitarra-flashback-2-mini-delay\/#primaryimage"},"thumbnailUrl":"https:\/\/www.mexicanguitarplayers.com\/wp-content\/uploads\/2025\/04\/VATCEFLSHBK2MI.jpg","datePublished":"2025-04-07T03:55:45+00:00","dateModified":"2026-05-01T13:28:17+00:00","description":"Pedal de delay ultracompacto legendario con footswitch MASH sensible a la presi\u00f3n, nuevos algoritmos tape y anal\u00f3gicos, nuevo lote de tonePrints, funciones de footswitch: MASH y Tap Tempo para brindarte un potente control de par\u00e1metros en tiempo real, nuevos y fascinantes delays Crystal que utilizan un motor octaver polif\u00f3nico de SUB 'N' UP OCTAVER para tonos de otro mundo, crea tus propios delays y personaliza la funcionalidad MASH con el editor gratuito TonePrint (PC, Mac, iPhone, Android y iPad), gabinete extra peque\u00f1o que se adapta f\u00e1cilmente a cualquier pedalera, controles simples y f\u00e1ciles de usar que te permiten concentrarte en tocar, funciona perfectamente con se\u00f1ales de loop de FX y guitarra, True Bypass para una claridad \u00f3ptima y cero p\u00e9rdidas de gama alta cuando el pedal est\u00e1 apagado, Analog-Dry-Through para mantener la integridad de la ruta de la se\u00f1al anal\u00f3gica seca cuando el efecto est\u00e1 activado, no incluye adaptador de corriente.","breadcrumb":{"@id":"https:\/\/www.mexicanguitarplayers.com\/tienda\/sin categor\u00eda\/pedal-t-c-p-guitarra-flashback-2-mini-delay\/#breadcrumb"},"inLanguage":"en-US","potentialAction":[{"@type":"ReadAction","target":["https:\/\/www.mexicanguitarplayers.com\/tienda\/sin categor\u00eda\/pedal-t-c-p-guitarra-flashback-2-mini-delay\/"]}]},{"@type":"ImageObject","inLanguage":"en-US","@id":"https:\/\/www.mexicanguitarplayers.com\/tienda\/sin categor\u00eda\/pedal-t-c-p-guitarra-flashback-2-mini-delay\/#primaryimage","url":"https:\/\/www.mexicanguitarplayers.com\/wp-content\/uploads\/2025\/04\/VATCEFLSHBK2MI.jpg","contentUrl":"https:\/\/www.mexicanguitarplayers.com\/wp-content\/uploads\/2025\/04\/VATCEFLSHBK2MI.jpg","width":800,"height":1600},{"@type":"BreadcrumbList","@id":"https:\/\/www.mexicanguitarplayers.com\/tienda\/sin categor\u00eda\/pedal-t-c-p-guitarra-flashback-2-mini-delay\/#breadcrumb","itemListElement":[{"@type":"ListItem","position":1,"name":"Portada","item":"https:\/\/www.mexicanguitarplayers.com\/"},{"@type":"ListItem","position":2,"name":"Tienda","item":"https:\/\/www.mexicanguitarplayers.com\/tienda\/"},{"@type":"ListItem","position":3,"name":"PEDAL T.C. P\/GUITARRA FLASHBACK 2 MINI DELAY"}]},{"@type":"WebSite","@id":"https:\/\/www.mexicanguitarplayers.com\/#website","url":"https:\/\/www.mexicanguitarplayers.com\/","name":"Mexican Guitar Players","description":"Website","publisher":{"@id":"https:\/\/www.mexicanguitarplayers.com\/#organization"},"potentialAction":[{"@type":"SearchAction","target":{"@type":"EntryPoint","urlTemplate":"https:\/\/www.mexicanguitarplayers.com\/?s={search_term_string}"},"query-input":{"@type":"PropertyValueSpecification","valueRequired":true,"valueName":"search_term_string"}}],"inLanguage":"en-US"},{"@type":"Organization","@id":"https:\/\/www.mexicanguitarplayers.com\/#organization","name":"Mexican Guitar Players","url":"https:\/\/www.mexicanguitarplayers.com\/","logo":{"@type":"ImageObject","inLanguage":"en-US","@id":"https:\/\/www.mexicanguitarplayers.com\/#\/schema\/logo\/image\/","url":"","contentUrl":"","caption":"Mexican Guitar Players"},"image":{"@id":"https:\/\/www.mexicanguitarplayers.com\/#\/schema\/logo\/image\/"}}]}},"brands":[{"id":170,"name":"TC-ELECTRONIC","slug":"tc-electronic"}],"_links":{"self":[{"href":"https:\/\/www.mexicanguitarplayers.com\/en\/wp-json\/wp\/v2\/product\/26637","targetHints":{"allow":["GET"]}}],"collection":[{"href":"https:\/\/www.mexicanguitarplayers.com\/en\/wp-json\/wp\/v2\/product"}],"about":[{"href":"https:\/\/www.mexicanguitarplayers.com\/en\/wp-json\/wp\/v2\/types\/product"}],"replies":[{"embeddable":true,"href":"https:\/\/www.mexicanguitarplayers.com\/en\/wp-json\/wp\/v2\/comments?post=26637"}],"wp:featuredmedia":[{"embeddable":true,"href":"https:\/\/www.mexicanguitarplayers.com\/en\/wp-json\/wp\/v2\/media\/26634"}],"wp:attachment":[{"href":"https:\/\/www.mexicanguitarplayers.com\/en\/wp-json\/wp\/v2\/media?parent=26637"}],"wp:term":[{"taxonomy":"pwb-brand","embeddable":true,"href":"https:\/\/www.mexicanguitarplayers.com\/en\/wp-json\/wp\/v2\/pwb-brand?post=26637"},{"taxonomy":"product_brand","embeddable":true,"href":"https:\/\/www.mexicanguitarplayers.com\/en\/wp-json\/wp\/v2\/product_brand?post=26637"},{"taxonomy":"product_cat","embeddable":true,"href":"https:\/\/www.mexicanguitarplayers.com\/en\/wp-json\/wp\/v2\/product_cat?post=26637"},{"taxonomy":"product_tag","embeddable":true,"href":"https:\/\/www.mexicanguitarplayers.com\/en\/wp-json\/wp\/v2\/product_tag?post=26637"}],"curies":[{"name":"wp","href":"https:\/\/api.w.org\/{rel}","templated":true}]}}