{"id":26653,"date":"2025-04-06T21:56:45","date_gmt":"2025-04-07T03:56:45","guid":{"rendered":"https:\/\/www.mexicanguitarplayers.com\/tienda\/sin categor\u00eda\/sintetizador-behringer-mod-k-2\/"},"modified":"2026-04-10T04:43:31","modified_gmt":"2026-04-10T10:43:31","slug":"sintetizador-behringer-mod-k-2","status":"publish","type":"product","link":"https:\/\/www.mexicanguitarplayers.com\/en\/tienda\/teclas\/sintetizador-y-controlador\/sintetizador\/sintetizador-behringer-mod-k-2\/","title":{"rendered":"SINTETIZADOR BEHRINGER MOD. K-2"},"content":{"rendered":"<div style=\"text-align: justify\">\n<div>\n<h3>Ruta de se\u00f1al anal\u00f3gica pura.<\/h3>\n<\/div>\n<div>Aunque s\u00f3lo se produjeron entre 1978 y 1983, los sintetizadores Korg han sido favorecidos por numerosos artistas de fama mundial, entre ellos Aphex Twin, Arcade Fire, BBC Radiophonic Workshop, Daft Punk, Manoeuvres in the Dark, Snarky Puppy y muchos otros. Un homenaje ultra asequible a ese ic\u00f3nico sintetizador con todas las caracter\u00edsticas del original y m\u00e1s, el K-2 te permite conjurar pr\u00e1cticamente cualquier sonido con incre\u00edble delicadeza y facilidad. Con su ruta de se\u00f1al anal\u00f3gica pura, dos VCO aut\u00e9nticos con 4 formas de onda seleccionables cada uno, adem\u00e1s de filtros VCF y VCA extremadamente flexible, el K-2 seguramente se convertir\u00e1 en ti teclado favorito. Tener el K-2 es como tener tu propia m\u00e1quina del tiempo personal que te permite abrazar el pasado o dejar tu huella en el futuro. Se ha tenido mucho cuidado al dise\u00f1ar el K-2, incluidos los dise\u00f1os originales de VCO, VCF y VCA y circuitos anal\u00f3gicos puros con transistores JFET coincidentes. Esta atenci\u00f3n al detalle altamente enfocada es lo que le da al K-2 su capacidad de conformaci\u00f3n de sonido ultra flexible, que cubre todo, desde graves s\u00faper gordos y tonos de plomo hasta efectos deslumbrantes, hasta los sonidos de otro mundo que puedas imaginar. Tu K-2 viene listo para rockear, gracias a su enrutamiento de se\u00f1al predeterminado que no requiere levantar un s\u00f3lo cable de conexi\u00f3n para crear sonidos incre\u00edbles al instante. La arquitectura semi-modular te permite acceder f\u00e1cilmente a los sonidos inspirados de las canciones de sintetizador de rock progresivo, EDM y synth-pop que hicieron historia en el rock and roll o para dise\u00f1ar sonidos incre\u00edblemente gordos y originales que te convertir\u00e1n en una leyenda por derecho propio. El coraz\u00f3n del sonido del K-2 es su vers\u00e1til filtro de 6 dB High\/12 dB Low, que te permite experimentar libremente con las frecuencias de corte pasa-altos  pasa-bajos y sus respectivas configuraciones de pico (resonancia) para lograr el sonido perfecto. El filtro pasa-altos establece el nivel de se\u00f1ales por debajo de la frecuencia cutoff, reduciendo efectivamente los niveles de arm\u00f3nicos fundamentales y de orden inferior. El filtro pasa-bajos controla el nivel de se\u00f1ales por encima del l\u00edmite, lo que reduce el contenido arm\u00f3nico de orden superior. Los controles de pico VCF del K-2 dan \u00e9nfasis a las se\u00f1ales en la frecuencia de crossover.<\/div>\n<div>\n<h4>Quick look<\/h4>\n<\/div>\n<ul style=\"margin: 0px 0px 0px 25px\">\n<li style=\"list-style-type: circle;margin: 5px\">Secci\u00f3n de modulaci\u00f3n.<\/li>\n<li style=\"list-style-type: circle;margin: 5px\">Secci\u00f3n de generador envelope.<\/li>\n<li style=\"list-style-type: circle;margin: 5px\">Secci\u00f3n de procesador externo de se\u00f1al.<\/li>\n<li style=\"list-style-type: circle;margin: 5px\">Secci\u00f3n de salida.<\/li>\n<li style=\"list-style-type: circle;margin: 5px\">Entradas y salidas (TS 3.5 mm).<\/li>\n<li style=\"list-style-type: circle;margin: 5px\">Energy.<\/li>\n<li style=\"list-style-type: circle;margin: 5px\">Ambiental.<\/li>\n<li style=\"list-style-type: circle;margin: 5px\">Dimensions.<\/li>\n<li style=\"list-style-type: circle;margin: 5px\">Ancho de m\u00f3dulo.<\/li>\n<li style=\"list-style-type: circle;margin: 5px\">Weight.<\/li>\n<\/ul>\n<div>\n<div style=\"font-weight: bold\">Secci\u00f3n de modulaci\u00f3n.<\/div>\n<div>\n<p>Controles: Modulaci\u00f3n de frecuencia (mg\/t.ext): 0 a 10. Modulaci\u00f3n de frecuencia (eg1\/ext): 0 a 10. Modulaci\u00f3n de frecuencia de corte de filtro pasa-altos (mg\/t.ext): 0 a 10. Modulaci\u00f3n de frecuencia de corte de filtro pasa-altos (eg2\/ext): 0 a 10. Modulaci\u00f3n de frecuencia de corte de filtro pasa-bajos (mg\/t.ext): 0 a 10. Modulaci\u00f3n de frecuencia de corte de filtro pasa-bajos (eg2\/ext): 0 a 10. Modulaci\u00f3n de forma de onda: Variaci\u00f3n sawtooth  y ancho de variaci\u00f3n de pulso. Modulaci\u00f3n de frecuencia: 0 a 10 (0.1 a 22 Hz). LED: Tasa de modulaci\u00f3n de frecuencia.<\/p>\n<\/div>\n<div style=\"font-weight: bold\">Secci\u00f3n de generador envelope.<\/div>\n<div>\n<p>Controles: Generador Envelope 1 delay time: 0 a 10 (0 a 5.5 s) Generador Envelope 1 attack time: 0 a 10 (3.0 ms a 16 s). Generador Envelope 1 release time: 0 a 10 (30 ms a 16 s). Generador Envelope 2 hold time: 0 a 10 (0 a 14 s). Generador Envelope 2 attack time: 0 a 10 (5.4 ms a 9 s). Generador Envelope 2 decay time: 0 a 10 (0.5ms a 15 s). Generador Envelope 2 sustain level: 0 a 10. Generador Envelope 2 release time: 0 a 10 (40 ms a 18 s). LED: Acci\u00f3n de generador Envelope.<\/p>\n<\/div>\n<div style=\"font-weight: bold\">Secci\u00f3n de procesador externo de se\u00f1al.<\/div>\n<div>\n<p>Controles: Nivel de se\u00f1al: 0 a 10. Frecuencia Low cut: 0 a 10. Frecuencia High cut: 0 a 10. Ajuste CV: 0 a 10. Nivel Threshold: 0 a 10. Entrada 3.5 mm TS: Entrada de se\u00f1al Auto Pad System. Salidas 3.5 mm:  Amplificador: -8 a 0 dB\u00b5. Filtro de paso de banda: -8 a 0 dB\u00b5. Convertidor F-V: 0 a +8 V. Seguidor Envelope: 0 a +5 V. Salida Trigger: A GND. LED: Seguidor de pico envelope y salida Trigger.<\/p>\n<\/div>\n<div style=\"font-weight: bold\">Secci\u00f3n de salida.<\/div>\n<div>\n<p>Controles de volumen: 0 a 10. LED: Encendido.<\/p>\n<\/div>\n<div style=\"font-weight: bold\">Entradas y salidas (TS 3.5 mm).<\/div>\n<div>\n<p>Sample y Hold: Entrada: 5 Vpp. Salida: 5 Vpp. Entrada Clock: A GND. VCA: Entrada: -5 V a +5 V. Salida: -5 V A +5 V. Control de entrada: 0 a +5 V. Generador de ruido: Salida de ruido rosa: 5 Vpp. Salida de ruido blanco: 5 Vpp. Salida Trigger switch: A GND. Trigger: Entrada: A GND. Salida: a GND. VCO: Entrada VCO 1+2 CV: 0 a +8 V. Entrada de frecuencia VCO 1+2: -3 V a +3 V. VCA: Ganancia inicial: 0 a 5 V. Low pass VCF: Frecuencia: -5 V a +5 V. Frecuencia cutoff High pass VCF: -5 V a +5 V. Se\u00f1al externa: Entrada: 3 Vpp. Entrada total (afecta VCOs y VCFs): -5 V a +5 V. Salida de teclado CV: 0 a +8 V (exponencial). Generador Envelope: Salida EG 1: 0 a +5 V. Salida reversa EG 1: +5 V a 0. Entrada trigger EG 1: A GND. Salida EG 2: -2.5 V a +2.5 V. Salida reversa EG 2: -2.5 V a +2.5 V. Modulaci\u00f3n de forma de onda triangular\/sawtooth: Salida: 5 Vpp. Modulaci\u00f3n de forma de onda pulse\/square: Salida: 0 a +5 V. Switches: Trigger out, momentary.<\/p>\n<\/div>\n<div style=\"font-weight: bold\">Energy.<\/div>\n<div>\n<p>Adaptador de energ\u00eda externo (usar s\u00f3lo el adaptador suministrado): 12 VDC. Consumo de energ\u00eda: 12 watts m\u00e1ximo.<\/p>\n<\/div>\n<div style=\"font-weight: bold\">Ambiental.<\/div>\n<div>\n<p>Rango de temperatura de funcionamiento: 5\u00b0C \u2013 40\u00b0C.<\/p>\n<\/div>\n<div style=\"font-weight: bold\">Dimensions.<\/div>\n<div>\n<p>95 x 424 x 136 mm.<\/p>\n<\/div>\n<div style=\"font-weight: bold\">Ancho de m\u00f3dulo.<\/div>\n<div>\n<p>80HP.<\/p>\n<\/div>\n<div style=\"font-weight: bold\">Weight.<\/div>\n<div>\n<p>1.8kg<\/p>\n<\/div>\n<\/div>\n<\/div>","protected":false},"excerpt":{"rendered":"<p>Sintetizador anal\u00f3gico con VCO dual que permite una creaci\u00f3n musical incre\u00edblemente gorda, modulador de anillo, procesador de se\u00f1al externo, cadena de polietileno de 16 voces y formato Eurorack, reproducci\u00f3n aut\u00e9ntica de circuitos originales con transistores y JFET combinados, ruta de se\u00f1al anal\u00f3gica pura basada en dise\u00f1os aut\u00e9nticos de VCO, VCF y VCA, arquitectura semimodular con rutas predeterminadas que no requiere parches para un rendimiento inmediato, dise\u00f1o de filtro de primera y segunda generaci\u00f3n (high pass\/low pass con peak\/resonance), 4 formas de oscilador variable con anchos de pulso variables y modulaci\u00f3n de anillo para obtener los mejores sonidos, onda LFO triangle\/square dedicada y totalmente anal\u00f3gica, 2 generadores anal\u00f3gicos de envolvente para la modulaci\u00f3n de VCF y VCA, Poly Chain de 16 voces que permite combinar m\u00faltiples sintetizadores para una polifon\u00eda de hasta 16 voces, 36 controles que brindan acceso directo y en tiempo real a todos los par\u00e1metros importantes, entrada de audio externa para procesar fuentes de sonido externas, implementaci\u00f3n completa de USB\/MIDI con canal MIDI y selecci\u00f3n de prioridad de voz, dimensiones: 95 x 424 x 136 mm, peso: 1.8 kg.&hellip; <a class=\"kt-excerpt-readmore more-link\" href=\"https:\/\/www.mexicanguitarplayers.com\/en\/tienda\/teclas\/sintetizador-y-controlador\/sintetizador\/sintetizador-behringer-mod-k-2\/\">Read more<\/a><\/p>","protected":false},"featured_media":26646,"comment_status":"open","ping_status":"closed","template":"","meta":{"kt_blocks_editor_width":""},"pwb-brand":[171],"product_brand":[],"product_cat":[393,386,376],"product_tag":[],"class_list":{"0":"post-26653","1":"product","2":"type-product","3":"status-publish","4":"has-post-thumbnail","6":"pwb-brand-behringer","7":"product_cat-sintetizador","8":"product_cat-sintetizador-y-controlador","9":"product_cat-teclas","10":"product_shipping_class-0-5-kg","12":"first","13":"outofstock","14":"taxable","15":"shipping-taxable","16":"purchasable","17":"product-type-simple"},"yoast_head":"<!-- This site is optimized with the Yoast SEO plugin v27.5 - https:\/\/yoast.com\/product\/yoast-seo-wordpress\/ -->\n<title>SINTETIZADOR BEHRINGER MOD. K-2 - Mexican Guitar Players<\/title>\n<meta name=\"description\" content=\"Sintetizador anal\u00f3gico con VCO dual que permite una creaci\u00f3n musical incre\u00edblemente gorda, modulador de anillo, procesador de se\u00f1al externo, cadena de polietileno de 16 voces y formato Eurorack, reproducci\u00f3n aut\u00e9ntica de circuitos originales con transistores y JFET combinados, ruta de se\u00f1al anal\u00f3gica pura basada en dise\u00f1os aut\u00e9nticos de VCO, VCF y VCA, arquitectura semimodular con rutas predeterminadas que no requiere parches para un rendimiento inmediato, dise\u00f1o de filtro de primera y segunda generaci\u00f3n (high pass\/low pass con peak\/resonance), 4 formas de oscilador variable con anchos de pulso variables y modulaci\u00f3n de anillo para obtener los mejores sonidos, onda LFO triangle\/square dedicada y totalmente anal\u00f3gica, 2 generadores anal\u00f3gicos de envolvente para la modulaci\u00f3n de VCF y VCA, Poly Chain de 16 voces que permite combinar m\u00faltiples sintetizadores para una polifon\u00eda de hasta 16 voces, 36 controles que brindan acceso directo y en tiempo real a todos los par\u00e1metros importantes, entrada de audio externa para procesar fuentes de sonido externas, implementaci\u00f3n completa de USB\/MIDI con canal MIDI y selecci\u00f3n de prioridad de voz, dimensiones: 95 x 424 x 136 mm, peso: 1.8 kg.\" \/>\n<meta name=\"robots\" content=\"index, follow, max-snippet:-1, max-image-preview:large, max-video-preview:-1\" \/>\n<link rel=\"canonical\" href=\"https:\/\/www.mexicanguitarplayers.com\/en\/tienda\/sin%20categor\u00eda\/sintetizador-behringer-mod-k-2\/\" \/>\n<meta property=\"og:locale\" content=\"en_US\" \/>\n<meta property=\"og:type\" content=\"article\" \/>\n<meta property=\"og:title\" content=\"SINTETIZADOR BEHRINGER MOD. K-2 - Mexican Guitar Players\" \/>\n<meta property=\"og:description\" content=\"Sintetizador anal\u00f3gico con VCO dual que permite una creaci\u00f3n musical incre\u00edblemente gorda, modulador de anillo, procesador de se\u00f1al externo, cadena de polietileno de 16 voces y formato Eurorack, reproducci\u00f3n aut\u00e9ntica de circuitos originales con transistores y JFET combinados, ruta de se\u00f1al anal\u00f3gica pura basada en dise\u00f1os aut\u00e9nticos de VCO, VCF y VCA, arquitectura semimodular con rutas predeterminadas que no requiere parches para un rendimiento inmediato, dise\u00f1o de filtro de primera y segunda generaci\u00f3n (high pass\/low pass con peak\/resonance), 4 formas de oscilador variable con anchos de pulso variables y modulaci\u00f3n de anillo para obtener los mejores sonidos, onda LFO triangle\/square dedicada y totalmente anal\u00f3gica, 2 generadores anal\u00f3gicos de envolvente para la modulaci\u00f3n de VCF y VCA, Poly Chain de 16 voces que permite combinar m\u00faltiples sintetizadores para una polifon\u00eda de hasta 16 voces, 36 controles que brindan acceso directo y en tiempo real a todos los par\u00e1metros importantes, entrada de audio externa para procesar fuentes de sonido externas, implementaci\u00f3n completa de USB\/MIDI con canal MIDI y selecci\u00f3n de prioridad de voz, dimensiones: 95 x 424 x 136 mm, peso: 1.8 kg.\" \/>\n<meta property=\"og:url\" content=\"https:\/\/www.mexicanguitarplayers.com\/en\/tienda\/sin categor\u00eda\/sintetizador-behringer-mod-k-2\/\" \/>\n<meta property=\"og:site_name\" content=\"Mexican Guitar Players\" \/>\n<meta property=\"article:modified_time\" content=\"2026-04-10T10:43:31+00:00\" \/>\n<meta name=\"twitter:card\" content=\"summary_large_image\" \/>\n<meta name=\"twitter:label1\" content=\"Est. reading time\" \/>\n\t<meta name=\"twitter:data1\" content=\"5 minutes\" \/>\n<script type=\"application\/ld+json\" class=\"yoast-schema-graph\">{\"@context\":\"https:\\\/\\\/schema.org\",\"@graph\":[{\"@type\":[\"WebPage\",\"ItemPage\"],\"@id\":\"https:\\\/\\\/www.mexicanguitarplayers.com\\\/tienda\\\/sin categor\u00eda\\\/sintetizador-behringer-mod-k-2\\\/\",\"url\":\"https:\\\/\\\/www.mexicanguitarplayers.com\\\/tienda\\\/sin categor\u00eda\\\/sintetizador-behringer-mod-k-2\\\/\",\"name\":\"SINTETIZADOR BEHRINGER MOD. K-2 - Mexican Guitar Players\",\"isPartOf\":{\"@id\":\"https:\\\/\\\/www.mexicanguitarplayers.com\\\/#website\"},\"primaryImageOfPage\":{\"@id\":\"https:\\\/\\\/www.mexicanguitarplayers.com\\\/tienda\\\/sin categor\u00eda\\\/sintetizador-behringer-mod-k-2\\\/#primaryimage\"},\"image\":{\"@id\":\"https:\\\/\\\/www.mexicanguitarplayers.com\\\/tienda\\\/sin categor\u00eda\\\/sintetizador-behringer-mod-k-2\\\/#primaryimage\"},\"thumbnailUrl\":\"https:\\\/\\\/www.mexicanguitarplayers.com\\\/wp-content\\\/uploads\\\/2025\\\/04\\\/ITBEHK2.jpg\",\"datePublished\":\"2025-04-07T03:56:45+00:00\",\"dateModified\":\"2026-04-10T10:43:31+00:00\",\"description\":\"Sintetizador anal\u00f3gico con VCO dual que permite una creaci\u00f3n musical incre\u00edblemente gorda, modulador de anillo, procesador de se\u00f1al externo, cadena de polietileno de 16 voces y formato Eurorack, reproducci\u00f3n aut\u00e9ntica de circuitos originales con transistores y JFET combinados, ruta de se\u00f1al anal\u00f3gica pura basada en dise\u00f1os aut\u00e9nticos de VCO, VCF y VCA, arquitectura semimodular con rutas predeterminadas que no requiere parches para un rendimiento inmediato, dise\u00f1o de filtro de primera y segunda generaci\u00f3n (high pass\\\/low pass con peak\\\/resonance), 4 formas de oscilador variable con anchos de pulso variables y modulaci\u00f3n de anillo para obtener los mejores sonidos, onda LFO triangle\\\/square dedicada y totalmente anal\u00f3gica, 2 generadores anal\u00f3gicos de envolvente para la modulaci\u00f3n de VCF y VCA, Poly Chain de 16 voces que permite combinar m\u00faltiples sintetizadores para una polifon\u00eda de hasta 16 voces, 36 controles que brindan acceso directo y en tiempo real a todos los par\u00e1metros importantes, entrada de audio externa para procesar fuentes de sonido externas, implementaci\u00f3n completa de USB\\\/MIDI con canal MIDI y selecci\u00f3n de prioridad de voz, dimensiones: 95 x 424 x 136 mm, peso: 1.8 kg.\",\"breadcrumb\":{\"@id\":\"https:\\\/\\\/www.mexicanguitarplayers.com\\\/tienda\\\/sin categor\u00eda\\\/sintetizador-behringer-mod-k-2\\\/#breadcrumb\"},\"inLanguage\":\"en-US\",\"potentialAction\":[{\"@type\":\"ReadAction\",\"target\":[\"https:\\\/\\\/www.mexicanguitarplayers.com\\\/tienda\\\/sin categor\u00eda\\\/sintetizador-behringer-mod-k-2\\\/\"]}]},{\"@type\":\"ImageObject\",\"inLanguage\":\"en-US\",\"@id\":\"https:\\\/\\\/www.mexicanguitarplayers.com\\\/tienda\\\/sin categor\u00eda\\\/sintetizador-behringer-mod-k-2\\\/#primaryimage\",\"url\":\"https:\\\/\\\/www.mexicanguitarplayers.com\\\/wp-content\\\/uploads\\\/2025\\\/04\\\/ITBEHK2.jpg\",\"contentUrl\":\"https:\\\/\\\/www.mexicanguitarplayers.com\\\/wp-content\\\/uploads\\\/2025\\\/04\\\/ITBEHK2.jpg\",\"width\":1600,\"height\":800},{\"@type\":\"BreadcrumbList\",\"@id\":\"https:\\\/\\\/www.mexicanguitarplayers.com\\\/tienda\\\/sin categor\u00eda\\\/sintetizador-behringer-mod-k-2\\\/#breadcrumb\",\"itemListElement\":[{\"@type\":\"ListItem\",\"position\":1,\"name\":\"Portada\",\"item\":\"https:\\\/\\\/www.mexicanguitarplayers.com\\\/\"},{\"@type\":\"ListItem\",\"position\":2,\"name\":\"Tienda\",\"item\":\"https:\\\/\\\/www.mexicanguitarplayers.com\\\/tienda\\\/\"},{\"@type\":\"ListItem\",\"position\":3,\"name\":\"SINTETIZADOR BEHRINGER MOD. K-2\"}]},{\"@type\":\"WebSite\",\"@id\":\"https:\\\/\\\/www.mexicanguitarplayers.com\\\/#website\",\"url\":\"https:\\\/\\\/www.mexicanguitarplayers.com\\\/\",\"name\":\"Mexican Guitar Players\",\"description\":\"Website\",\"publisher\":{\"@id\":\"https:\\\/\\\/www.mexicanguitarplayers.com\\\/#organization\"},\"potentialAction\":[{\"@type\":\"SearchAction\",\"target\":{\"@type\":\"EntryPoint\",\"urlTemplate\":\"https:\\\/\\\/www.mexicanguitarplayers.com\\\/?s={search_term_string}\"},\"query-input\":{\"@type\":\"PropertyValueSpecification\",\"valueRequired\":true,\"valueName\":\"search_term_string\"}}],\"inLanguage\":\"en-US\"},{\"@type\":\"Organization\",\"@id\":\"https:\\\/\\\/www.mexicanguitarplayers.com\\\/#organization\",\"name\":\"Mexican Guitar Players\",\"url\":\"https:\\\/\\\/www.mexicanguitarplayers.com\\\/\",\"logo\":{\"@type\":\"ImageObject\",\"inLanguage\":\"en-US\",\"@id\":\"https:\\\/\\\/www.mexicanguitarplayers.com\\\/#\\\/schema\\\/logo\\\/image\\\/\",\"url\":\"\",\"contentUrl\":\"\",\"caption\":\"Mexican Guitar Players\"},\"image\":{\"@id\":\"https:\\\/\\\/www.mexicanguitarplayers.com\\\/#\\\/schema\\\/logo\\\/image\\\/\"}}]}<\/script>\n<!-- \/ Yoast SEO plugin. -->","yoast_head_json":{"title":"SINTETIZADOR BEHRINGER MOD. K-2 - Mexican Guitar Players","description":"Sintetizador anal\u00f3gico con VCO dual que permite una creaci\u00f3n musical incre\u00edblemente gorda, modulador de anillo, procesador de se\u00f1al externo, cadena de polietileno de 16 voces y formato Eurorack, reproducci\u00f3n aut\u00e9ntica de circuitos originales con transistores y JFET combinados, ruta de se\u00f1al anal\u00f3gica pura basada en dise\u00f1os aut\u00e9nticos de VCO, VCF y VCA, arquitectura semimodular con rutas predeterminadas que no requiere parches para un rendimiento inmediato, dise\u00f1o de filtro de primera y segunda generaci\u00f3n (high pass\/low pass con peak\/resonance), 4 formas de oscilador variable con anchos de pulso variables y modulaci\u00f3n de anillo para obtener los mejores sonidos, onda LFO triangle\/square dedicada y totalmente anal\u00f3gica, 2 generadores anal\u00f3gicos de envolvente para la modulaci\u00f3n de VCF y VCA, Poly Chain de 16 voces que permite combinar m\u00faltiples sintetizadores para una polifon\u00eda de hasta 16 voces, 36 controles que brindan acceso directo y en tiempo real a todos los par\u00e1metros importantes, entrada de audio externa para procesar fuentes de sonido externas, implementaci\u00f3n completa de USB\/MIDI con canal MIDI y selecci\u00f3n de prioridad de voz, dimensiones: 95 x 424 x 136 mm, peso: 1.8 kg.","robots":{"index":"index","follow":"follow","max-snippet":"max-snippet:-1","max-image-preview":"max-image-preview:large","max-video-preview":"max-video-preview:-1"},"canonical":"https:\/\/www.mexicanguitarplayers.com\/en\/tienda\/sin categor\u00eda\/sintetizador-behringer-mod-k-2\/","og_locale":"en_US","og_type":"article","og_title":"SINTETIZADOR BEHRINGER MOD. K-2 - Mexican Guitar Players","og_description":"Sintetizador anal\u00f3gico con VCO dual que permite una creaci\u00f3n musical incre\u00edblemente gorda, modulador de anillo, procesador de se\u00f1al externo, cadena de polietileno de 16 voces y formato Eurorack, reproducci\u00f3n aut\u00e9ntica de circuitos originales con transistores y JFET combinados, ruta de se\u00f1al anal\u00f3gica pura basada en dise\u00f1os aut\u00e9nticos de VCO, VCF y VCA, arquitectura semimodular con rutas predeterminadas que no requiere parches para un rendimiento inmediato, dise\u00f1o de filtro de primera y segunda generaci\u00f3n (high pass\/low pass con peak\/resonance), 4 formas de oscilador variable con anchos de pulso variables y modulaci\u00f3n de anillo para obtener los mejores sonidos, onda LFO triangle\/square dedicada y totalmente anal\u00f3gica, 2 generadores anal\u00f3gicos de envolvente para la modulaci\u00f3n de VCF y VCA, Poly Chain de 16 voces que permite combinar m\u00faltiples sintetizadores para una polifon\u00eda de hasta 16 voces, 36 controles que brindan acceso directo y en tiempo real a todos los par\u00e1metros importantes, entrada de audio externa para procesar fuentes de sonido externas, implementaci\u00f3n completa de USB\/MIDI con canal MIDI y selecci\u00f3n de prioridad de voz, dimensiones: 95 x 424 x 136 mm, peso: 1.8 kg.","og_url":"https:\/\/www.mexicanguitarplayers.com\/en\/tienda\/sin categor\u00eda\/sintetizador-behringer-mod-k-2\/","og_site_name":"Mexican Guitar Players","article_modified_time":"2026-04-10T10:43:31+00:00","twitter_card":"summary_large_image","twitter_misc":{"Est. reading time":"5 minutes"},"schema":{"@context":"https:\/\/schema.org","@graph":[{"@type":["WebPage","ItemPage"],"@id":"https:\/\/www.mexicanguitarplayers.com\/tienda\/sin categor\u00eda\/sintetizador-behringer-mod-k-2\/","url":"https:\/\/www.mexicanguitarplayers.com\/tienda\/sin categor\u00eda\/sintetizador-behringer-mod-k-2\/","name":"SINTETIZADOR BEHRINGER MOD. K-2 - Mexican Guitar Players","isPartOf":{"@id":"https:\/\/www.mexicanguitarplayers.com\/#website"},"primaryImageOfPage":{"@id":"https:\/\/www.mexicanguitarplayers.com\/tienda\/sin categor\u00eda\/sintetizador-behringer-mod-k-2\/#primaryimage"},"image":{"@id":"https:\/\/www.mexicanguitarplayers.com\/tienda\/sin categor\u00eda\/sintetizador-behringer-mod-k-2\/#primaryimage"},"thumbnailUrl":"https:\/\/www.mexicanguitarplayers.com\/wp-content\/uploads\/2025\/04\/ITBEHK2.jpg","datePublished":"2025-04-07T03:56:45+00:00","dateModified":"2026-04-10T10:43:31+00:00","description":"Sintetizador anal\u00f3gico con VCO dual que permite una creaci\u00f3n musical incre\u00edblemente gorda, modulador de anillo, procesador de se\u00f1al externo, cadena de polietileno de 16 voces y formato Eurorack, reproducci\u00f3n aut\u00e9ntica de circuitos originales con transistores y JFET combinados, ruta de se\u00f1al anal\u00f3gica pura basada en dise\u00f1os aut\u00e9nticos de VCO, VCF y VCA, arquitectura semimodular con rutas predeterminadas que no requiere parches para un rendimiento inmediato, dise\u00f1o de filtro de primera y segunda generaci\u00f3n (high pass\/low pass con peak\/resonance), 4 formas de oscilador variable con anchos de pulso variables y modulaci\u00f3n de anillo para obtener los mejores sonidos, onda LFO triangle\/square dedicada y totalmente anal\u00f3gica, 2 generadores anal\u00f3gicos de envolvente para la modulaci\u00f3n de VCF y VCA, Poly Chain de 16 voces que permite combinar m\u00faltiples sintetizadores para una polifon\u00eda de hasta 16 voces, 36 controles que brindan acceso directo y en tiempo real a todos los par\u00e1metros importantes, entrada de audio externa para procesar fuentes de sonido externas, implementaci\u00f3n completa de USB\/MIDI con canal MIDI y selecci\u00f3n de prioridad de voz, dimensiones: 95 x 424 x 136 mm, peso: 1.8 kg.","breadcrumb":{"@id":"https:\/\/www.mexicanguitarplayers.com\/tienda\/sin categor\u00eda\/sintetizador-behringer-mod-k-2\/#breadcrumb"},"inLanguage":"en-US","potentialAction":[{"@type":"ReadAction","target":["https:\/\/www.mexicanguitarplayers.com\/tienda\/sin categor\u00eda\/sintetizador-behringer-mod-k-2\/"]}]},{"@type":"ImageObject","inLanguage":"en-US","@id":"https:\/\/www.mexicanguitarplayers.com\/tienda\/sin categor\u00eda\/sintetizador-behringer-mod-k-2\/#primaryimage","url":"https:\/\/www.mexicanguitarplayers.com\/wp-content\/uploads\/2025\/04\/ITBEHK2.jpg","contentUrl":"https:\/\/www.mexicanguitarplayers.com\/wp-content\/uploads\/2025\/04\/ITBEHK2.jpg","width":1600,"height":800},{"@type":"BreadcrumbList","@id":"https:\/\/www.mexicanguitarplayers.com\/tienda\/sin categor\u00eda\/sintetizador-behringer-mod-k-2\/#breadcrumb","itemListElement":[{"@type":"ListItem","position":1,"name":"Portada","item":"https:\/\/www.mexicanguitarplayers.com\/"},{"@type":"ListItem","position":2,"name":"Tienda","item":"https:\/\/www.mexicanguitarplayers.com\/tienda\/"},{"@type":"ListItem","position":3,"name":"SINTETIZADOR BEHRINGER MOD. K-2"}]},{"@type":"WebSite","@id":"https:\/\/www.mexicanguitarplayers.com\/#website","url":"https:\/\/www.mexicanguitarplayers.com\/","name":"Mexican Guitar Players","description":"Website","publisher":{"@id":"https:\/\/www.mexicanguitarplayers.com\/#organization"},"potentialAction":[{"@type":"SearchAction","target":{"@type":"EntryPoint","urlTemplate":"https:\/\/www.mexicanguitarplayers.com\/?s={search_term_string}"},"query-input":{"@type":"PropertyValueSpecification","valueRequired":true,"valueName":"search_term_string"}}],"inLanguage":"en-US"},{"@type":"Organization","@id":"https:\/\/www.mexicanguitarplayers.com\/#organization","name":"Mexican Guitar Players","url":"https:\/\/www.mexicanguitarplayers.com\/","logo":{"@type":"ImageObject","inLanguage":"en-US","@id":"https:\/\/www.mexicanguitarplayers.com\/#\/schema\/logo\/image\/","url":"","contentUrl":"","caption":"Mexican Guitar Players"},"image":{"@id":"https:\/\/www.mexicanguitarplayers.com\/#\/schema\/logo\/image\/"}}]}},"brands":[{"id":171,"name":"BEHRINGER","slug":"behringer"}],"_links":{"self":[{"href":"https:\/\/www.mexicanguitarplayers.com\/en\/wp-json\/wp\/v2\/product\/26653","targetHints":{"allow":["GET"]}}],"collection":[{"href":"https:\/\/www.mexicanguitarplayers.com\/en\/wp-json\/wp\/v2\/product"}],"about":[{"href":"https:\/\/www.mexicanguitarplayers.com\/en\/wp-json\/wp\/v2\/types\/product"}],"replies":[{"embeddable":true,"href":"https:\/\/www.mexicanguitarplayers.com\/en\/wp-json\/wp\/v2\/comments?post=26653"}],"wp:featuredmedia":[{"embeddable":true,"href":"https:\/\/www.mexicanguitarplayers.com\/en\/wp-json\/wp\/v2\/media\/26646"}],"wp:attachment":[{"href":"https:\/\/www.mexicanguitarplayers.com\/en\/wp-json\/wp\/v2\/media?parent=26653"}],"wp:term":[{"taxonomy":"pwb-brand","embeddable":true,"href":"https:\/\/www.mexicanguitarplayers.com\/en\/wp-json\/wp\/v2\/pwb-brand?post=26653"},{"taxonomy":"product_brand","embeddable":true,"href":"https:\/\/www.mexicanguitarplayers.com\/en\/wp-json\/wp\/v2\/product_brand?post=26653"},{"taxonomy":"product_cat","embeddable":true,"href":"https:\/\/www.mexicanguitarplayers.com\/en\/wp-json\/wp\/v2\/product_cat?post=26653"},{"taxonomy":"product_tag","embeddable":true,"href":"https:\/\/www.mexicanguitarplayers.com\/en\/wp-json\/wp\/v2\/product_tag?post=26653"}],"curies":[{"name":"wp","href":"https:\/\/api.w.org\/{rel}","templated":true}]}}