{"id":26664,"date":"2025-04-06T21:57:46","date_gmt":"2025-04-07T03:57:46","guid":{"rendered":"https:\/\/www.mexicanguitarplayers.com\/tienda\/sin categor\u00eda\/driver-eighteen-1-mod-nd1018bt\/"},"modified":"2026-01-14T04:30:21","modified_gmt":"2026-01-14T10:30:21","slug":"driver-eighteen-1-mod-nd1018bt","status":"publish","type":"product","link":"https:\/\/www.mexicanguitarplayers.com\/en\/tienda\/audio\/bafles-y-bocinas\/bocinas-y-componentes\/agudos\/driver-eighteen-1-mod-nd1018bt\/","title":{"rendered":"DRIVER EIGHTEEN 1    MOD. ND1018BT"},"content":{"rendered":"<div style=\"text-align: justify\">\n<div>\n<h3>Los mejores agudos.<\/h3>\n<\/div>\n<div>Este driver de compresi\u00f3n de alta frecuencia de salida de 1&#8243; pulgada est\u00e1 dise\u00f1ado para aplicaciones de sistemas bidireccionales de alta calidad. Est\u00e1 equipado con la arquitectura patentada Phase Plug. Ofrece una consistencia de fabricaci\u00f3n de alto nivel y un frente de onda suave en la entrada de la bocina en todo el rango de frecuencia de trabajo. El dise\u00f1o Phase Plug con aberturas cortas y un valor de velocidad de destello asegura una baja distorsi\u00f3n y mejoras notables en la reproducci\u00f3n de frecuencia media y alta. Con su forma de suspensi\u00f3n elipsoidal, el diafragma de titanio ND1018T exhibe una respuesta de pendiente constante de 1 kHz a 18 kHz con un comportamiento uniforma suave de ca\u00edda. Una bobina m\u00f3vil de aluminio de borde enrollado en Nomex tratado patentado completa el ensamblaje del diafragma. Gracias a sus propiedades f\u00edsicas, el embobinador patentado de Nomex muestra un valor 30% m\u00e1s alto de alargamiento por tracci\u00f3n a la temperatura operativa de trabajo (200 \u00b0C) en comparaci\u00f3n con kapton. Adem\u00e1s, este material anterior patentado es adecuado para trabajar tambi\u00e9n en entornos de mayor contenido de humedad. A trav\u00e9s del cuidadoso uso de piezas elementales de imanes de neodimio, los ingenieros de Eighteen Sound han desarrollado un poderoso conjunto de imanes de neodimio que puede alcanzar los 18 KGauss en el entrehierro de la estructura compacta y liviana. Un anillo de cobre en la pieza polar reduce la inductancia por encima de los |0 kHz, lo que mejora la linealizaci\u00f3n de la fase y la impedancia. La junta t\u00f3rica dise\u00f1ada a medida crea un sello herm\u00e9tico entre la placa y la cubierta que asegura la carga de la c\u00e1mara de aire. Pero el aumento en el uso de sistemas de audio de alta potencia en eventos al aire libre o en entornos marinos, la capacidad de desempe\u00f1arse adecuadamente en condiciones clim\u00e1ticas adversas es un punto clave de la filosof\u00eda de Eighteen Sound. Adem\u00e1s, el tratamiento especial aplicado al im\u00e1n y las placas superior y posterior de la estructura magn\u00e9tica, hace que el conductor sea m\u00e1s resistente a los efectos corrosivos de las sales y la oxidaci\u00f3n.<\/div>\n<div>\n<h4>Quick look<\/h4>\n<\/div>\n<ul style=\"margin: 0px 0px 0px 25px\">\n<li style=\"list-style-type: circle;margin: 5px\">Di\u00e1metro de la garganta.<\/li>\n<li style=\"list-style-type: circle;margin: 5px\">Impedance.<\/li>\n<li style=\"list-style-type: circle;margin: 5px\">Resistencia DC.<\/li>\n<li style=\"list-style-type: circle;margin: 5px\">Impedancia m\u00ednima.<\/li>\n<li style=\"list-style-type: circle;margin: 5px\">Le (a 1 kHz).<\/li>\n<li style=\"list-style-type: circle;margin: 5px\">Power.<\/li>\n<li style=\"list-style-type: circle;margin: 5px\">Sensitivity.<\/li>\n<li style=\"list-style-type: circle;margin: 5px\">Rango de frecuencia.<\/li>\n<li style=\"list-style-type: circle;margin: 5px\">Frecuencia de crossover recomendada.<\/li>\n<li style=\"list-style-type: circle;margin: 5px\">Material del diafragma.<\/li>\n<li style=\"list-style-type: circle;margin: 5px\">Di\u00e1metro de la bobina de altavoz.<\/li>\n<li style=\"list-style-type: circle;margin: 5px\">Material de la bobina de altavoz.<\/li>\n<li style=\"list-style-type: circle;margin: 5px\">Material magn\u00e9tico.<\/li>\n<li style=\"list-style-type: circle;margin: 5px\">Densidad de flujo.<\/li>\n<li style=\"list-style-type: circle;margin: 5px\">Factor BL.<\/li>\n<li style=\"list-style-type: circle;margin: 5px\">Polaridad.<\/li>\n<li style=\"list-style-type: circle;margin: 5px\">Di\u00e1metro total.<\/li>\n<li style=\"list-style-type: circle;margin: 5px\">Profundidad total.<\/li>\n<li style=\"list-style-type: circle;margin: 5px\">Weight.<\/li>\n<\/ul>\n<div>\n<div style=\"font-weight: bold\">Di\u00e1metro de la garganta.<\/div>\n<div>\n<p>1&#8243; pulgada (25.4 mm).<\/p>\n<\/div>\n<div style=\"font-weight: bold\">Impedance.<\/div>\n<div>\n<p>8 ohms.<\/p>\n<\/div>\n<div style=\"font-weight: bold\">Resistencia DC.<\/div>\n<div>\n<p>5.3 ohms.<\/p>\n<\/div>\n<div style=\"font-weight: bold\">Impedancia m\u00ednima.<\/div>\n<div>\n<p>7 ohms a 4000 Hz.<\/p>\n<\/div>\n<div style=\"font-weight: bold\">Le (a 1 kHz).<\/div>\n<div>\n<p>67 \u00b5H.<\/p>\n<\/div>\n<div style=\"font-weight: bold\">Power.<\/div>\n<div>\n<p>AES: 50 Watts por encima de los 1.6 kHz. PROGRAMA: 100 Watts por encima de los 1.6 kHz.<\/p>\n<\/div>\n<div style=\"font-weight: bold\">Sensitivity.<\/div>\n<div>\n<p>108 dB.<\/p>\n<\/div>\n<div style=\"font-weight: bold\">Rango de frecuencia.<\/div>\n<div>\n<p>1600 Hz \u00f7 20 kHz.<\/p>\n<\/div>\n<div style=\"font-weight: bold\">Frecuencia de crossover recomendada.<\/div>\n<div>\n<p>1600 Hz (12 dB \/ pendiente octava).<\/p>\n<\/div>\n<div style=\"font-weight: bold\">Material del diafragma.<\/div>\n<div>\n<p>Titanio.<\/p>\n<\/div>\n<div style=\"font-weight: bold\">Di\u00e1metro de la bobina de altavoz.<\/div>\n<div>\n<p>1 \u00be\u201d pulgadas (44.4 mm).<\/p>\n<\/div>\n<div style=\"font-weight: bold\">Material de la bobina de altavoz.<\/div>\n<div>\n<p>Borde de aluminio de cuerda.<\/p>\n<\/div>\n<div style=\"font-weight: bold\">Material magn\u00e9tico.<\/div>\n<div>\n<p>Neodimio.<\/p>\n<\/div>\n<div style=\"font-weight: bold\">Densidad de flujo.<\/div>\n<div>\n<p>1.8 T.<\/p>\n<\/div>\n<div style=\"font-weight: bold\">Factor BL.<\/div>\n<div>\n<p>8.2 N\/A.<\/p>\n<\/div>\n<div style=\"font-weight: bold\">Polaridad.<\/div>\n<div>\n<p>Tensi\u00f3n positiva en terminal rojo, que  da una presi\u00f3n positiva en la garganta.<\/p>\n<\/div>\n<div style=\"font-weight: bold\">Di\u00e1metro total.<\/div>\n<div>\n<p>3.9&#8243; pulgadas (98 mm).<\/p>\n<\/div>\n<div style=\"font-weight: bold\">Profundidad total.<\/div>\n<div>\n<p>2&#8243; pulgadas (50 mm).<\/p>\n<\/div>\n<div style=\"font-weight: bold\">Weight.<\/div>\n<div>\n<p>1 kg.<\/p>\n<\/div>\n<\/div>\n<\/div>","protected":false},"excerpt":{"rendered":"<p>Driver de compresi\u00f3n, garganta de salida de 1\u201d pulgada, impedancia nominal: 8 ohms, resistencia DC: 5.3 ohms, impedancia m\u00ednima: 7 ohms a 4,000 Hz, potencia AES: 50W por encima de los 1.6 kHz, potencia programa: 100W por encima de los 1,6 kHz, sensibilidad: 108 dB, rango de frecuencia: 1600 Hz &#8211; 20 kHz, diafragma de titanio, bobina m\u00f3vil de aluminio de 1 374\u201d pulgadas (44.4 mm), diafragma de titanio, im\u00e1n de neodimio, dise\u00f1o patentado Phase Plug, peso: 1 kg.&hellip; <a class=\"kt-excerpt-readmore more-link\" href=\"https:\/\/www.mexicanguitarplayers.com\/en\/tienda\/audio\/bafles-y-bocinas\/bocinas-y-componentes\/agudos\/driver-eighteen-1-mod-nd1018bt\/\">Read more<\/a><\/p>","protected":false},"featured_media":26660,"comment_status":"open","ping_status":"closed","template":"","meta":{"kt_blocks_editor_width":""},"pwb-brand":[533],"product_brand":[],"product_cat":[530,213,221,474],"product_tag":[],"class_list":{"0":"post-26664","1":"product","2":"type-product","3":"status-publish","4":"has-post-thumbnail","6":"pwb-brand-eighteen-sound","7":"product_cat-agudos","8":"product_cat-audio","9":"product_cat-bafles-y-bocinas","10":"product_cat-bocinas-y-componentes","11":"product_shipping_class-0-5-kg","13":"first","14":"instock","15":"taxable","16":"shipping-taxable","17":"purchasable","18":"product-type-simple"},"yoast_head":"<!-- This site is optimized with the Yoast SEO plugin v27.3 - https:\/\/yoast.com\/product\/yoast-seo-wordpress\/ -->\n<title>DRIVER EIGHTEEN 1  MOD. ND1018BT - Mexican Guitar Players<\/title>\n<meta name=\"description\" content=\"Driver de compresi\u00f3n, garganta de salida de 1\u201d pulgada, impedancia nominal: 8 ohms, resistencia DC: 5.3 ohms, impedancia m\u00ednima: 7 ohms a 4,000 Hz, potencia AES: 50W por encima de los 1.6 kHz, potencia programa: 100W por encima de los 1,6 kHz, sensibilidad: 108 dB, rango de frecuencia: 1600 Hz - 20 kHz, diafragma de titanio, bobina m\u00f3vil de aluminio de 1 374\u201d pulgadas (44.4 mm), diafragma de titanio, im\u00e1n de neodimio, dise\u00f1o patentado Phase Plug, peso: 1 kg.\" \/>\n<meta name=\"robots\" content=\"index, follow, max-snippet:-1, max-image-preview:large, max-video-preview:-1\" \/>\n<link rel=\"canonical\" href=\"https:\/\/www.mexicanguitarplayers.com\/en\/tienda\/sin%20categor\u00eda\/driver-eighteen-1-mod-nd1018bt\/\" \/>\n<meta property=\"og:locale\" content=\"en_US\" \/>\n<meta property=\"og:type\" content=\"article\" \/>\n<meta property=\"og:title\" content=\"DRIVER EIGHTEEN 1  MOD. ND1018BT - Mexican Guitar Players\" \/>\n<meta property=\"og:description\" content=\"Driver de compresi\u00f3n, garganta de salida de 1\u201d pulgada, impedancia nominal: 8 ohms, resistencia DC: 5.3 ohms, impedancia m\u00ednima: 7 ohms a 4,000 Hz, potencia AES: 50W por encima de los 1.6 kHz, potencia programa: 100W por encima de los 1,6 kHz, sensibilidad: 108 dB, rango de frecuencia: 1600 Hz - 20 kHz, diafragma de titanio, bobina m\u00f3vil de aluminio de 1 374\u201d pulgadas (44.4 mm), diafragma de titanio, im\u00e1n de neodimio, dise\u00f1o patentado Phase Plug, peso: 1 kg.\" \/>\n<meta property=\"og:url\" content=\"https:\/\/www.mexicanguitarplayers.com\/en\/tienda\/sin categor\u00eda\/driver-eighteen-1-mod-nd1018bt\/\" \/>\n<meta property=\"og:site_name\" content=\"Mexican Guitar Players\" \/>\n<meta property=\"article:modified_time\" content=\"2026-01-14T10:30:21+00:00\" \/>\n<meta name=\"twitter:card\" content=\"summary_large_image\" \/>\n<meta name=\"twitter:label1\" content=\"Est. reading time\" \/>\n\t<meta name=\"twitter:data1\" content=\"3 minutes\" \/>\n<script type=\"application\/ld+json\" class=\"yoast-schema-graph\">{\"@context\":\"https:\\\/\\\/schema.org\",\"@graph\":[{\"@type\":[\"WebPage\",\"ItemPage\"],\"@id\":\"https:\\\/\\\/www.mexicanguitarplayers.com\\\/tienda\\\/sin categor\u00eda\\\/driver-eighteen-1-mod-nd1018bt\\\/\",\"url\":\"https:\\\/\\\/www.mexicanguitarplayers.com\\\/tienda\\\/sin categor\u00eda\\\/driver-eighteen-1-mod-nd1018bt\\\/\",\"name\":\"DRIVER EIGHTEEN 1 MOD. ND1018BT - Mexican Guitar Players\",\"isPartOf\":{\"@id\":\"https:\\\/\\\/www.mexicanguitarplayers.com\\\/#website\"},\"primaryImageOfPage\":{\"@id\":\"https:\\\/\\\/www.mexicanguitarplayers.com\\\/tienda\\\/sin categor\u00eda\\\/driver-eighteen-1-mod-nd1018bt\\\/#primaryimage\"},\"image\":{\"@id\":\"https:\\\/\\\/www.mexicanguitarplayers.com\\\/tienda\\\/sin categor\u00eda\\\/driver-eighteen-1-mod-nd1018bt\\\/#primaryimage\"},\"thumbnailUrl\":\"https:\\\/\\\/www.mexicanguitarplayers.com\\\/wp-content\\\/uploads\\\/2025\\\/04\\\/IAEIGND1018BT.jpg\",\"datePublished\":\"2025-04-07T03:57:46+00:00\",\"dateModified\":\"2026-01-14T10:30:21+00:00\",\"description\":\"Driver de compresi\u00f3n, garganta de salida de 1\u201d pulgada, impedancia nominal: 8 ohms, resistencia DC: 5.3 ohms, impedancia m\u00ednima: 7 ohms a 4,000 Hz, potencia AES: 50W por encima de los 1.6 kHz, potencia programa: 100W por encima de los 1,6 kHz, sensibilidad: 108 dB, rango de frecuencia: 1600 Hz - 20 kHz, diafragma de titanio, bobina m\u00f3vil de aluminio de 1 374\u201d pulgadas (44.4 mm), diafragma de titanio, im\u00e1n de neodimio, dise\u00f1o patentado Phase Plug, peso: 1 kg.\",\"breadcrumb\":{\"@id\":\"https:\\\/\\\/www.mexicanguitarplayers.com\\\/tienda\\\/sin categor\u00eda\\\/driver-eighteen-1-mod-nd1018bt\\\/#breadcrumb\"},\"inLanguage\":\"en-US\",\"potentialAction\":[{\"@type\":\"ReadAction\",\"target\":[\"https:\\\/\\\/www.mexicanguitarplayers.com\\\/tienda\\\/sin categor\u00eda\\\/driver-eighteen-1-mod-nd1018bt\\\/\"]}]},{\"@type\":\"ImageObject\",\"inLanguage\":\"en-US\",\"@id\":\"https:\\\/\\\/www.mexicanguitarplayers.com\\\/tienda\\\/sin categor\u00eda\\\/driver-eighteen-1-mod-nd1018bt\\\/#primaryimage\",\"url\":\"https:\\\/\\\/www.mexicanguitarplayers.com\\\/wp-content\\\/uploads\\\/2025\\\/04\\\/IAEIGND1018BT.jpg\",\"contentUrl\":\"https:\\\/\\\/www.mexicanguitarplayers.com\\\/wp-content\\\/uploads\\\/2025\\\/04\\\/IAEIGND1018BT.jpg\",\"width\":1200,\"height\":1200},{\"@type\":\"BreadcrumbList\",\"@id\":\"https:\\\/\\\/www.mexicanguitarplayers.com\\\/tienda\\\/sin categor\u00eda\\\/driver-eighteen-1-mod-nd1018bt\\\/#breadcrumb\",\"itemListElement\":[{\"@type\":\"ListItem\",\"position\":1,\"name\":\"Portada\",\"item\":\"https:\\\/\\\/www.mexicanguitarplayers.com\\\/\"},{\"@type\":\"ListItem\",\"position\":2,\"name\":\"Tienda\",\"item\":\"https:\\\/\\\/www.mexicanguitarplayers.com\\\/tienda\\\/\"},{\"@type\":\"ListItem\",\"position\":3,\"name\":\"DRIVER EIGHTEEN 1 MOD. ND1018BT\"}]},{\"@type\":\"WebSite\",\"@id\":\"https:\\\/\\\/www.mexicanguitarplayers.com\\\/#website\",\"url\":\"https:\\\/\\\/www.mexicanguitarplayers.com\\\/\",\"name\":\"Mexican Guitar Players\",\"description\":\"Website\",\"publisher\":{\"@id\":\"https:\\\/\\\/www.mexicanguitarplayers.com\\\/#organization\"},\"potentialAction\":[{\"@type\":\"SearchAction\",\"target\":{\"@type\":\"EntryPoint\",\"urlTemplate\":\"https:\\\/\\\/www.mexicanguitarplayers.com\\\/?s={search_term_string}\"},\"query-input\":{\"@type\":\"PropertyValueSpecification\",\"valueRequired\":true,\"valueName\":\"search_term_string\"}}],\"inLanguage\":\"en-US\"},{\"@type\":\"Organization\",\"@id\":\"https:\\\/\\\/www.mexicanguitarplayers.com\\\/#organization\",\"name\":\"Mexican Guitar Players\",\"url\":\"https:\\\/\\\/www.mexicanguitarplayers.com\\\/\",\"logo\":{\"@type\":\"ImageObject\",\"inLanguage\":\"en-US\",\"@id\":\"https:\\\/\\\/www.mexicanguitarplayers.com\\\/#\\\/schema\\\/logo\\\/image\\\/\",\"url\":\"\",\"contentUrl\":\"\",\"caption\":\"Mexican Guitar Players\"},\"image\":{\"@id\":\"https:\\\/\\\/www.mexicanguitarplayers.com\\\/#\\\/schema\\\/logo\\\/image\\\/\"}}]}<\/script>\n<!-- \/ Yoast SEO plugin. -->","yoast_head_json":{"title":"DRIVER EIGHTEEN 1  MOD. ND1018BT - Mexican Guitar Players","description":"Driver de compresi\u00f3n, garganta de salida de 1\u201d pulgada, impedancia nominal: 8 ohms, resistencia DC: 5.3 ohms, impedancia m\u00ednima: 7 ohms a 4,000 Hz, potencia AES: 50W por encima de los 1.6 kHz, potencia programa: 100W por encima de los 1,6 kHz, sensibilidad: 108 dB, rango de frecuencia: 1600 Hz - 20 kHz, diafragma de titanio, bobina m\u00f3vil de aluminio de 1 374\u201d pulgadas (44.4 mm), diafragma de titanio, im\u00e1n de neodimio, dise\u00f1o patentado Phase Plug, peso: 1 kg.","robots":{"index":"index","follow":"follow","max-snippet":"max-snippet:-1","max-image-preview":"max-image-preview:large","max-video-preview":"max-video-preview:-1"},"canonical":"https:\/\/www.mexicanguitarplayers.com\/en\/tienda\/sin categor\u00eda\/driver-eighteen-1-mod-nd1018bt\/","og_locale":"en_US","og_type":"article","og_title":"DRIVER EIGHTEEN 1  MOD. ND1018BT - Mexican Guitar Players","og_description":"Driver de compresi\u00f3n, garganta de salida de 1\u201d pulgada, impedancia nominal: 8 ohms, resistencia DC: 5.3 ohms, impedancia m\u00ednima: 7 ohms a 4,000 Hz, potencia AES: 50W por encima de los 1.6 kHz, potencia programa: 100W por encima de los 1,6 kHz, sensibilidad: 108 dB, rango de frecuencia: 1600 Hz - 20 kHz, diafragma de titanio, bobina m\u00f3vil de aluminio de 1 374\u201d pulgadas (44.4 mm), diafragma de titanio, im\u00e1n de neodimio, dise\u00f1o patentado Phase Plug, peso: 1 kg.","og_url":"https:\/\/www.mexicanguitarplayers.com\/en\/tienda\/sin categor\u00eda\/driver-eighteen-1-mod-nd1018bt\/","og_site_name":"Mexican Guitar Players","article_modified_time":"2026-01-14T10:30:21+00:00","twitter_card":"summary_large_image","twitter_misc":{"Est. reading time":"3 minutes"},"schema":{"@context":"https:\/\/schema.org","@graph":[{"@type":["WebPage","ItemPage"],"@id":"https:\/\/www.mexicanguitarplayers.com\/tienda\/sin categor\u00eda\/driver-eighteen-1-mod-nd1018bt\/","url":"https:\/\/www.mexicanguitarplayers.com\/tienda\/sin categor\u00eda\/driver-eighteen-1-mod-nd1018bt\/","name":"DRIVER EIGHTEEN 1 MOD. ND1018BT - Mexican Guitar Players","isPartOf":{"@id":"https:\/\/www.mexicanguitarplayers.com\/#website"},"primaryImageOfPage":{"@id":"https:\/\/www.mexicanguitarplayers.com\/tienda\/sin categor\u00eda\/driver-eighteen-1-mod-nd1018bt\/#primaryimage"},"image":{"@id":"https:\/\/www.mexicanguitarplayers.com\/tienda\/sin categor\u00eda\/driver-eighteen-1-mod-nd1018bt\/#primaryimage"},"thumbnailUrl":"https:\/\/www.mexicanguitarplayers.com\/wp-content\/uploads\/2025\/04\/IAEIGND1018BT.jpg","datePublished":"2025-04-07T03:57:46+00:00","dateModified":"2026-01-14T10:30:21+00:00","description":"Driver de compresi\u00f3n, garganta de salida de 1\u201d pulgada, impedancia nominal: 8 ohms, resistencia DC: 5.3 ohms, impedancia m\u00ednima: 7 ohms a 4,000 Hz, potencia AES: 50W por encima de los 1.6 kHz, potencia programa: 100W por encima de los 1,6 kHz, sensibilidad: 108 dB, rango de frecuencia: 1600 Hz - 20 kHz, diafragma de titanio, bobina m\u00f3vil de aluminio de 1 374\u201d pulgadas (44.4 mm), diafragma de titanio, im\u00e1n de neodimio, dise\u00f1o patentado Phase Plug, peso: 1 kg.","breadcrumb":{"@id":"https:\/\/www.mexicanguitarplayers.com\/tienda\/sin categor\u00eda\/driver-eighteen-1-mod-nd1018bt\/#breadcrumb"},"inLanguage":"en-US","potentialAction":[{"@type":"ReadAction","target":["https:\/\/www.mexicanguitarplayers.com\/tienda\/sin categor\u00eda\/driver-eighteen-1-mod-nd1018bt\/"]}]},{"@type":"ImageObject","inLanguage":"en-US","@id":"https:\/\/www.mexicanguitarplayers.com\/tienda\/sin categor\u00eda\/driver-eighteen-1-mod-nd1018bt\/#primaryimage","url":"https:\/\/www.mexicanguitarplayers.com\/wp-content\/uploads\/2025\/04\/IAEIGND1018BT.jpg","contentUrl":"https:\/\/www.mexicanguitarplayers.com\/wp-content\/uploads\/2025\/04\/IAEIGND1018BT.jpg","width":1200,"height":1200},{"@type":"BreadcrumbList","@id":"https:\/\/www.mexicanguitarplayers.com\/tienda\/sin categor\u00eda\/driver-eighteen-1-mod-nd1018bt\/#breadcrumb","itemListElement":[{"@type":"ListItem","position":1,"name":"Portada","item":"https:\/\/www.mexicanguitarplayers.com\/"},{"@type":"ListItem","position":2,"name":"Tienda","item":"https:\/\/www.mexicanguitarplayers.com\/tienda\/"},{"@type":"ListItem","position":3,"name":"DRIVER EIGHTEEN 1 MOD. ND1018BT"}]},{"@type":"WebSite","@id":"https:\/\/www.mexicanguitarplayers.com\/#website","url":"https:\/\/www.mexicanguitarplayers.com\/","name":"Mexican Guitar Players","description":"Website","publisher":{"@id":"https:\/\/www.mexicanguitarplayers.com\/#organization"},"potentialAction":[{"@type":"SearchAction","target":{"@type":"EntryPoint","urlTemplate":"https:\/\/www.mexicanguitarplayers.com\/?s={search_term_string}"},"query-input":{"@type":"PropertyValueSpecification","valueRequired":true,"valueName":"search_term_string"}}],"inLanguage":"en-US"},{"@type":"Organization","@id":"https:\/\/www.mexicanguitarplayers.com\/#organization","name":"Mexican Guitar Players","url":"https:\/\/www.mexicanguitarplayers.com\/","logo":{"@type":"ImageObject","inLanguage":"en-US","@id":"https:\/\/www.mexicanguitarplayers.com\/#\/schema\/logo\/image\/","url":"","contentUrl":"","caption":"Mexican Guitar Players"},"image":{"@id":"https:\/\/www.mexicanguitarplayers.com\/#\/schema\/logo\/image\/"}}]}},"brands":[{"id":533,"name":"EIGHTEEN SOUND","slug":"eighteen-sound"}],"_links":{"self":[{"href":"https:\/\/www.mexicanguitarplayers.com\/en\/wp-json\/wp\/v2\/product\/26664","targetHints":{"allow":["GET"]}}],"collection":[{"href":"https:\/\/www.mexicanguitarplayers.com\/en\/wp-json\/wp\/v2\/product"}],"about":[{"href":"https:\/\/www.mexicanguitarplayers.com\/en\/wp-json\/wp\/v2\/types\/product"}],"replies":[{"embeddable":true,"href":"https:\/\/www.mexicanguitarplayers.com\/en\/wp-json\/wp\/v2\/comments?post=26664"}],"wp:featuredmedia":[{"embeddable":true,"href":"https:\/\/www.mexicanguitarplayers.com\/en\/wp-json\/wp\/v2\/media\/26660"}],"wp:attachment":[{"href":"https:\/\/www.mexicanguitarplayers.com\/en\/wp-json\/wp\/v2\/media?parent=26664"}],"wp:term":[{"taxonomy":"pwb-brand","embeddable":true,"href":"https:\/\/www.mexicanguitarplayers.com\/en\/wp-json\/wp\/v2\/pwb-brand?post=26664"},{"taxonomy":"product_brand","embeddable":true,"href":"https:\/\/www.mexicanguitarplayers.com\/en\/wp-json\/wp\/v2\/product_brand?post=26664"},{"taxonomy":"product_cat","embeddable":true,"href":"https:\/\/www.mexicanguitarplayers.com\/en\/wp-json\/wp\/v2\/product_cat?post=26664"},{"taxonomy":"product_tag","embeddable":true,"href":"https:\/\/www.mexicanguitarplayers.com\/en\/wp-json\/wp\/v2\/product_tag?post=26664"}],"curies":[{"name":"wp","href":"https:\/\/api.w.org\/{rel}","templated":true}]}}