{"id":26677,"date":"2025-04-06T21:58:28","date_gmt":"2025-04-07T03:58:28","guid":{"rendered":"https:\/\/www.mexicanguitarplayers.com\/tienda\/sin categor\u00eda\/audifonos-sennheiser-hd-300-pro\/"},"modified":"2026-05-01T07:28:14","modified_gmt":"2026-05-01T13:28:14","slug":"audifonos-sennheiser-hd-300-pro","status":"publish","type":"product","link":"https:\/\/www.mexicanguitarplayers.com\/en\/tienda\/audio\/audifonos\/audifono-alambrico\/audifonos-hifi\/audifonos-sennheiser-hd-300-pro\/","title":{"rendered":"AUDIFONOS  SENNHEISER HD 300 PRO"},"content":{"rendered":"<div style=\"text-align: justify\">\n<div>\n<h3>Tan meticulosos como t\u00fa.<\/h3>\n<\/div>\n<div>Los aud\u00edfonos HD 300 PRO, recientemente desarrollados, brindan un sonido neutral de alta resoluci\u00f3n. Su enorme profundidad de detalle funciona incluso en los ambientes m\u00e1s ruidosos. No importa si est\u00e1s editando, reproduciendo o componiendo m\u00fasica o si est\u00e1s detr\u00e1s de una bater\u00eda, en una consola, en un escenario en vivo o en el estudio, los aud\u00edfonos HD 300 PRO proporcionan los detalles que necesitas para tomar buenas decisiones. Los aud\u00edfonos HD 300 PRO funcional con el mismo nivel de precisi\u00f3n que aplicas a tu producci\u00f3n. Para hacer esto posible, hemos impulsado sus propiedades ac\u00fasticas hasta los l\u00edmites de la f\u00edsica para recalcularlos. En primer lugar, su respuesta de frecuencia lineal no interpreta, sino que asegura una transparencia neutral, la base para todas las buenas decisiones. Su patr\u00f3n de sonido se mantiene delicado y preciso en cada aplicaci\u00f3n a lo largo de todo el espectro. En segundo lugar, redujimos la distorsi\u00f3n, movimientos tambaleantes y vibraciones parciales del diafragma a un m\u00ednimo. Junto con unos transductores altamente sensibles, esta construcci\u00f3n garantiza una reproducci\u00f3n poderosa y libre de distorsi\u00f3n, incluso a altos niveles de presi\u00f3n sonora. Sin mencionar los vol\u00famenes recalculados del aire en frente de la oreja, Los HD 300 PRO brindan un sonido asombrosamente natural, de calidad tridimensional. El dise\u00f1o de los HD 300 PRO representa una combinaci\u00f3n inteligente de comodidad y reducci\u00f3n del ruido ambiental. Sus copas viscoel\u00e1sticas y circumaurales para las orejas apenas se sienten, incluso durante uso prolongado. Adem\u00e1s, proporcionan una protecci\u00f3n confiable contra el ruido ambiental muy alto. Para lograr esto, hemos dise\u00f1ado la unidad ac\u00fastica con el fin de que sea m\u00e1s aislante que ning\u00fan otro set de monitoreo. Incluso despu\u00e9s de sesiones largas, lo \u00fanico que detectar\u00e1s es el sonido de estos aud\u00edfonos, no su peso.<\/div>\n<div>\n<h4>Quick look<\/h4>\n<\/div>\n<ul style=\"margin: 0px 0px 0px 25px\">\n<li style=\"list-style-type: circle;margin: 5px\">Impedance.<\/li>\n<li style=\"list-style-type: circle;margin: 5px\">Frequency response.<\/li>\n<li style=\"list-style-type: circle;margin: 5px\">Maximum SPL.<\/li>\n<li style=\"list-style-type: circle;margin: 5px\">Presi\u00f3n de contacto.<\/li>\n<li style=\"list-style-type: circle;margin: 5px\">Acoplamiento al oido.<\/li>\n<li style=\"list-style-type: circle;margin: 5px\">Energy consumption.<\/li>\n<li style=\"list-style-type: circle;margin: 5px\">Rango de temperatura (almacenaje).<\/li>\n<li style=\"list-style-type: circle;margin: 5px\">Rango de temperatura (en servicio).<\/li>\n<li style=\"list-style-type: circle;margin: 5px\">Distorsi\u00f3n.<\/li>\n<li style=\"list-style-type: circle;margin: 5px\">Sensitivity.<\/li>\n<li style=\"list-style-type: circle;margin: 5px\">Transductor (aud\u00edfonos).<\/li>\n<li style=\"list-style-type: circle;margin: 5px\">Peso sin cable.<\/li>\n<li style=\"list-style-type: circle;margin: 5px\">Reducci\u00f3n de ruido.<\/li>\n<li style=\"list-style-type: circle;margin: 5px\">Accessories included.<\/li>\n<\/ul>\n<div>\n<div style=\"font-weight: bold\">Impedance.<\/div>\n<div>\n<p>64 ohms.<\/p>\n<\/div>\n<div style=\"font-weight: bold\">Frequency response.<\/div>\n<div>\n<p>6 Hz &#8211; 25 kHz.<\/p>\n<\/div>\n<div style=\"font-weight: bold\">Maximum SPL.<\/div>\n<div>\n<p>123 dB SPL @ 1 kHz.<\/p>\n<\/div>\n<div style=\"font-weight: bold\">Presi\u00f3n de contacto.<\/div>\n<div>\n<p>6.0 N \u00b1 0.75 N.<\/p>\n<\/div>\n<div style=\"font-weight: bold\">Acoplamiento al oido.<\/div>\n<div>\n<p>Circumaural.<\/p>\n<\/div>\n<div style=\"font-weight: bold\">Energy consumption.<\/div>\n<div>\n<p>500 mW.<\/p>\n<\/div>\n<div style=\"font-weight: bold\">Rango de temperatura (almacenaje).<\/div>\n<div>\n<p>-55\u00b0C a +70\u00b0C.<\/p>\n<\/div>\n<div style=\"font-weight: bold\">Rango de temperatura (en servicio).<\/div>\n<div>\n<p>-15\u00b0C a +55\u00b0C<\/p>\n<\/div>\n<div style=\"font-weight: bold\">Distorsi\u00f3n.<\/div>\n<div>\n<p>\u20390.1 % @ 1 kHz, 100 dB SPL.<\/p>\n<\/div>\n<div style=\"font-weight: bold\">Sensitivity.<\/div>\n<div>\n<p>108 \u00b13 dB SPL \/ 1 V rms \/ 1 kHz.<\/p>\n<\/div>\n<div style=\"font-weight: bold\">Transductor (aud\u00edfonos).<\/div>\n<div>\n<p>Din\u00e1mico, cerrado.<\/p>\n<\/div>\n<div style=\"font-weight: bold\">Peso sin cable.<\/div>\n<div>\n<p>297 g.<\/p>\n<\/div>\n<div style=\"font-weight: bold\">Reducci\u00f3n de ruido.<\/div>\n<div>\n<p>Max 32 dB (pasiva).<\/p>\n<\/div>\n<div style=\"font-weight: bold\">Accessories included.<\/div>\n<div>\n<p>1 aud\u00edfonos HD 300 PRO. 1 cable (1.5 m con jack de 3.5 mm). 1 adaptador jack de 1\/4 \u201c. 1 gu\u00eda de inicio r\u00e1pido.<\/p>\n<\/div>\n<\/div>\n<\/div>","protected":false},"excerpt":{"rendered":"<p>Aud\u00edfonos de alta resoluci\u00f3n, transductor din\u00e1mico, cerrado, impedancia: 64 ohms, respuesta de frecuencia: 6 Hz &#8211; 25 kHz, SPL m\u00e1ximo: 123 dB, presi\u00f3n de contacto: 6.0 N \u00b1 0.75 N, acoplamiento circumaural, consumo de energ\u00eda: 500 mW, rango de temperatura (almacenaje): -55\u00b0C a +70\u00b0C, rango de temperatura (en servicio): -15\u00b0C a +55\u00b0C, distorsi\u00f3n: \u2039 0.1 % @ 1 kHz, 100 dB SPL, sensibilidad: 108 \u00b13 dB SPL, cancelaci\u00f3n de ruido: m\u00e1ximo 32 dB, peso (sin cable): 297 g.&hellip; <a class=\"kt-excerpt-readmore more-link\" href=\"https:\/\/www.mexicanguitarplayers.com\/en\/tienda\/audio\/audifonos\/audifono-alambrico\/audifonos-hifi\/audifonos-sennheiser-hd-300-pro\/\">Read more<\/a><\/p>","protected":false},"featured_media":26674,"comment_status":"open","ping_status":"closed","template":"","meta":{"kt_blocks_editor_width":""},"pwb-brand":[176],"product_brand":[],"product_cat":[506,505,516,213],"product_tag":[],"class_list":{"0":"post-26677","1":"product","2":"type-product","3":"status-publish","4":"has-post-thumbnail","6":"pwb-brand-sennheiser","7":"product_cat-audifono-alambrico","8":"product_cat-audifonos","9":"product_cat-audifonos-hifi","10":"product_cat-audio","11":"product_shipping_class-0-5-kg","13":"first","14":"instock","15":"taxable","16":"shipping-taxable","17":"purchasable","18":"product-type-simple"},"yoast_head":"<!-- This site is optimized with the Yoast SEO plugin v27.5 - https:\/\/yoast.com\/product\/yoast-seo-wordpress\/ -->\n<title>AUDIFONOS SENNHEISER HD 300 PRO - Mexican Guitar Players<\/title>\n<meta name=\"description\" content=\"Aud\u00edfonos de alta resoluci\u00f3n, transductor din\u00e1mico, cerrado, impedancia: 64 ohms, respuesta de frecuencia: 6 Hz - 25 kHz, SPL m\u00e1ximo: 123 dB, presi\u00f3n de contacto: 6.0 N \u00b1 0.75 N, acoplamiento circumaural, consumo de energ\u00eda: 500 mW, rango de temperatura (almacenaje): -55\u00b0C a +70\u00b0C, rango de temperatura (en servicio): -15\u00b0C a +55\u00b0C, distorsi\u00f3n: \u2039 0.1 % @ 1 kHz, 100 dB SPL, sensibilidad: 108 \u00b13 dB SPL, cancelaci\u00f3n de ruido: m\u00e1ximo 32 dB, peso (sin cable): 297 g.\" \/>\n<meta name=\"robots\" content=\"index, follow, max-snippet:-1, max-image-preview:large, max-video-preview:-1\" \/>\n<link rel=\"canonical\" href=\"https:\/\/www.mexicanguitarplayers.com\/en\/tienda\/sin%20categor\u00eda\/audifonos-sennheiser-hd-300-pro\/\" \/>\n<meta property=\"og:locale\" content=\"en_US\" \/>\n<meta property=\"og:type\" content=\"article\" \/>\n<meta property=\"og:title\" content=\"AUDIFONOS SENNHEISER HD 300 PRO - Mexican Guitar Players\" \/>\n<meta property=\"og:description\" content=\"Aud\u00edfonos de alta resoluci\u00f3n, transductor din\u00e1mico, cerrado, impedancia: 64 ohms, respuesta de frecuencia: 6 Hz - 25 kHz, SPL m\u00e1ximo: 123 dB, presi\u00f3n de contacto: 6.0 N \u00b1 0.75 N, acoplamiento circumaural, consumo de energ\u00eda: 500 mW, rango de temperatura (almacenaje): -55\u00b0C a +70\u00b0C, rango de temperatura (en servicio): -15\u00b0C a +55\u00b0C, distorsi\u00f3n: \u2039 0.1 % @ 1 kHz, 100 dB SPL, sensibilidad: 108 \u00b13 dB SPL, cancelaci\u00f3n de ruido: m\u00e1ximo 32 dB, peso (sin cable): 297 g.\" \/>\n<meta property=\"og:url\" content=\"https:\/\/www.mexicanguitarplayers.com\/en\/tienda\/sin categor\u00eda\/audifonos-sennheiser-hd-300-pro\/\" \/>\n<meta property=\"og:site_name\" content=\"Mexican Guitar Players\" \/>\n<meta property=\"article:modified_time\" content=\"2026-05-01T13:28:14+00:00\" \/>\n<meta name=\"twitter:card\" content=\"summary_large_image\" \/>\n<meta name=\"twitter:label1\" content=\"Est. reading time\" \/>\n\t<meta name=\"twitter:data1\" content=\"2 minutes\" \/>\n<script type=\"application\/ld+json\" class=\"yoast-schema-graph\">{\"@context\":\"https:\\\/\\\/schema.org\",\"@graph\":[{\"@type\":[\"WebPage\",\"ItemPage\"],\"@id\":\"https:\\\/\\\/www.mexicanguitarplayers.com\\\/tienda\\\/sin categor\u00eda\\\/audifonos-sennheiser-hd-300-pro\\\/\",\"url\":\"https:\\\/\\\/www.mexicanguitarplayers.com\\\/tienda\\\/sin categor\u00eda\\\/audifonos-sennheiser-hd-300-pro\\\/\",\"name\":\"AUDIFONOS SENNHEISER HD 300 PRO - Mexican Guitar Players\",\"isPartOf\":{\"@id\":\"https:\\\/\\\/www.mexicanguitarplayers.com\\\/#website\"},\"primaryImageOfPage\":{\"@id\":\"https:\\\/\\\/www.mexicanguitarplayers.com\\\/tienda\\\/sin categor\u00eda\\\/audifonos-sennheiser-hd-300-pro\\\/#primaryimage\"},\"image\":{\"@id\":\"https:\\\/\\\/www.mexicanguitarplayers.com\\\/tienda\\\/sin categor\u00eda\\\/audifonos-sennheiser-hd-300-pro\\\/#primaryimage\"},\"thumbnailUrl\":\"https:\\\/\\\/www.mexicanguitarplayers.com\\\/wp-content\\\/uploads\\\/2025\\\/04\\\/VASENHD300PRO.jpg\",\"datePublished\":\"2025-04-07T03:58:28+00:00\",\"dateModified\":\"2026-05-01T13:28:14+00:00\",\"description\":\"Aud\u00edfonos de alta resoluci\u00f3n, transductor din\u00e1mico, cerrado, impedancia: 64 ohms, respuesta de frecuencia: 6 Hz - 25 kHz, SPL m\u00e1ximo: 123 dB, presi\u00f3n de contacto: 6.0 N \u00b1 0.75 N, acoplamiento circumaural, consumo de energ\u00eda: 500 mW, rango de temperatura (almacenaje): -55\u00b0C a +70\u00b0C, rango de temperatura (en servicio): -15\u00b0C a +55\u00b0C, distorsi\u00f3n: \u2039 0.1 % @ 1 kHz, 100 dB SPL, sensibilidad: 108 \u00b13 dB SPL, cancelaci\u00f3n de ruido: m\u00e1ximo 32 dB, peso (sin cable): 297 g.\",\"breadcrumb\":{\"@id\":\"https:\\\/\\\/www.mexicanguitarplayers.com\\\/tienda\\\/sin categor\u00eda\\\/audifonos-sennheiser-hd-300-pro\\\/#breadcrumb\"},\"inLanguage\":\"en-US\",\"potentialAction\":[{\"@type\":\"ReadAction\",\"target\":[\"https:\\\/\\\/www.mexicanguitarplayers.com\\\/tienda\\\/sin categor\u00eda\\\/audifonos-sennheiser-hd-300-pro\\\/\"]}]},{\"@type\":\"ImageObject\",\"inLanguage\":\"en-US\",\"@id\":\"https:\\\/\\\/www.mexicanguitarplayers.com\\\/tienda\\\/sin categor\u00eda\\\/audifonos-sennheiser-hd-300-pro\\\/#primaryimage\",\"url\":\"https:\\\/\\\/www.mexicanguitarplayers.com\\\/wp-content\\\/uploads\\\/2025\\\/04\\\/VASENHD300PRO.jpg\",\"contentUrl\":\"https:\\\/\\\/www.mexicanguitarplayers.com\\\/wp-content\\\/uploads\\\/2025\\\/04\\\/VASENHD300PRO.jpg\",\"width\":800,\"height\":1600},{\"@type\":\"BreadcrumbList\",\"@id\":\"https:\\\/\\\/www.mexicanguitarplayers.com\\\/tienda\\\/sin categor\u00eda\\\/audifonos-sennheiser-hd-300-pro\\\/#breadcrumb\",\"itemListElement\":[{\"@type\":\"ListItem\",\"position\":1,\"name\":\"Portada\",\"item\":\"https:\\\/\\\/www.mexicanguitarplayers.com\\\/\"},{\"@type\":\"ListItem\",\"position\":2,\"name\":\"Tienda\",\"item\":\"https:\\\/\\\/www.mexicanguitarplayers.com\\\/tienda\\\/\"},{\"@type\":\"ListItem\",\"position\":3,\"name\":\"AUDIFONOS SENNHEISER HD 300 PRO\"}]},{\"@type\":\"WebSite\",\"@id\":\"https:\\\/\\\/www.mexicanguitarplayers.com\\\/#website\",\"url\":\"https:\\\/\\\/www.mexicanguitarplayers.com\\\/\",\"name\":\"Mexican Guitar Players\",\"description\":\"Website\",\"publisher\":{\"@id\":\"https:\\\/\\\/www.mexicanguitarplayers.com\\\/#organization\"},\"potentialAction\":[{\"@type\":\"SearchAction\",\"target\":{\"@type\":\"EntryPoint\",\"urlTemplate\":\"https:\\\/\\\/www.mexicanguitarplayers.com\\\/?s={search_term_string}\"},\"query-input\":{\"@type\":\"PropertyValueSpecification\",\"valueRequired\":true,\"valueName\":\"search_term_string\"}}],\"inLanguage\":\"en-US\"},{\"@type\":\"Organization\",\"@id\":\"https:\\\/\\\/www.mexicanguitarplayers.com\\\/#organization\",\"name\":\"Mexican Guitar Players\",\"url\":\"https:\\\/\\\/www.mexicanguitarplayers.com\\\/\",\"logo\":{\"@type\":\"ImageObject\",\"inLanguage\":\"en-US\",\"@id\":\"https:\\\/\\\/www.mexicanguitarplayers.com\\\/#\\\/schema\\\/logo\\\/image\\\/\",\"url\":\"\",\"contentUrl\":\"\",\"caption\":\"Mexican Guitar Players\"},\"image\":{\"@id\":\"https:\\\/\\\/www.mexicanguitarplayers.com\\\/#\\\/schema\\\/logo\\\/image\\\/\"}}]}<\/script>\n<!-- \/ Yoast SEO plugin. -->","yoast_head_json":{"title":"AUDIFONOS SENNHEISER HD 300 PRO - Mexican Guitar Players","description":"Aud\u00edfonos de alta resoluci\u00f3n, transductor din\u00e1mico, cerrado, impedancia: 64 ohms, respuesta de frecuencia: 6 Hz - 25 kHz, SPL m\u00e1ximo: 123 dB, presi\u00f3n de contacto: 6.0 N \u00b1 0.75 N, acoplamiento circumaural, consumo de energ\u00eda: 500 mW, rango de temperatura (almacenaje): -55\u00b0C a +70\u00b0C, rango de temperatura (en servicio): -15\u00b0C a +55\u00b0C, distorsi\u00f3n: \u2039 0.1 % @ 1 kHz, 100 dB SPL, sensibilidad: 108 \u00b13 dB SPL, cancelaci\u00f3n de ruido: m\u00e1ximo 32 dB, peso (sin cable): 297 g.","robots":{"index":"index","follow":"follow","max-snippet":"max-snippet:-1","max-image-preview":"max-image-preview:large","max-video-preview":"max-video-preview:-1"},"canonical":"https:\/\/www.mexicanguitarplayers.com\/en\/tienda\/sin categor\u00eda\/audifonos-sennheiser-hd-300-pro\/","og_locale":"en_US","og_type":"article","og_title":"AUDIFONOS SENNHEISER HD 300 PRO - Mexican Guitar Players","og_description":"Aud\u00edfonos de alta resoluci\u00f3n, transductor din\u00e1mico, cerrado, impedancia: 64 ohms, respuesta de frecuencia: 6 Hz - 25 kHz, SPL m\u00e1ximo: 123 dB, presi\u00f3n de contacto: 6.0 N \u00b1 0.75 N, acoplamiento circumaural, consumo de energ\u00eda: 500 mW, rango de temperatura (almacenaje): -55\u00b0C a +70\u00b0C, rango de temperatura (en servicio): -15\u00b0C a +55\u00b0C, distorsi\u00f3n: \u2039 0.1 % @ 1 kHz, 100 dB SPL, sensibilidad: 108 \u00b13 dB SPL, cancelaci\u00f3n de ruido: m\u00e1ximo 32 dB, peso (sin cable): 297 g.","og_url":"https:\/\/www.mexicanguitarplayers.com\/en\/tienda\/sin categor\u00eda\/audifonos-sennheiser-hd-300-pro\/","og_site_name":"Mexican Guitar Players","article_modified_time":"2026-05-01T13:28:14+00:00","twitter_card":"summary_large_image","twitter_misc":{"Est. reading time":"2 minutes"},"schema":{"@context":"https:\/\/schema.org","@graph":[{"@type":["WebPage","ItemPage"],"@id":"https:\/\/www.mexicanguitarplayers.com\/tienda\/sin categor\u00eda\/audifonos-sennheiser-hd-300-pro\/","url":"https:\/\/www.mexicanguitarplayers.com\/tienda\/sin categor\u00eda\/audifonos-sennheiser-hd-300-pro\/","name":"AUDIFONOS SENNHEISER HD 300 PRO - Mexican Guitar Players","isPartOf":{"@id":"https:\/\/www.mexicanguitarplayers.com\/#website"},"primaryImageOfPage":{"@id":"https:\/\/www.mexicanguitarplayers.com\/tienda\/sin categor\u00eda\/audifonos-sennheiser-hd-300-pro\/#primaryimage"},"image":{"@id":"https:\/\/www.mexicanguitarplayers.com\/tienda\/sin categor\u00eda\/audifonos-sennheiser-hd-300-pro\/#primaryimage"},"thumbnailUrl":"https:\/\/www.mexicanguitarplayers.com\/wp-content\/uploads\/2025\/04\/VASENHD300PRO.jpg","datePublished":"2025-04-07T03:58:28+00:00","dateModified":"2026-05-01T13:28:14+00:00","description":"Aud\u00edfonos de alta resoluci\u00f3n, transductor din\u00e1mico, cerrado, impedancia: 64 ohms, respuesta de frecuencia: 6 Hz - 25 kHz, SPL m\u00e1ximo: 123 dB, presi\u00f3n de contacto: 6.0 N \u00b1 0.75 N, acoplamiento circumaural, consumo de energ\u00eda: 500 mW, rango de temperatura (almacenaje): -55\u00b0C a +70\u00b0C, rango de temperatura (en servicio): -15\u00b0C a +55\u00b0C, distorsi\u00f3n: \u2039 0.1 % @ 1 kHz, 100 dB SPL, sensibilidad: 108 \u00b13 dB SPL, cancelaci\u00f3n de ruido: m\u00e1ximo 32 dB, peso (sin cable): 297 g.","breadcrumb":{"@id":"https:\/\/www.mexicanguitarplayers.com\/tienda\/sin categor\u00eda\/audifonos-sennheiser-hd-300-pro\/#breadcrumb"},"inLanguage":"en-US","potentialAction":[{"@type":"ReadAction","target":["https:\/\/www.mexicanguitarplayers.com\/tienda\/sin categor\u00eda\/audifonos-sennheiser-hd-300-pro\/"]}]},{"@type":"ImageObject","inLanguage":"en-US","@id":"https:\/\/www.mexicanguitarplayers.com\/tienda\/sin categor\u00eda\/audifonos-sennheiser-hd-300-pro\/#primaryimage","url":"https:\/\/www.mexicanguitarplayers.com\/wp-content\/uploads\/2025\/04\/VASENHD300PRO.jpg","contentUrl":"https:\/\/www.mexicanguitarplayers.com\/wp-content\/uploads\/2025\/04\/VASENHD300PRO.jpg","width":800,"height":1600},{"@type":"BreadcrumbList","@id":"https:\/\/www.mexicanguitarplayers.com\/tienda\/sin categor\u00eda\/audifonos-sennheiser-hd-300-pro\/#breadcrumb","itemListElement":[{"@type":"ListItem","position":1,"name":"Portada","item":"https:\/\/www.mexicanguitarplayers.com\/"},{"@type":"ListItem","position":2,"name":"Tienda","item":"https:\/\/www.mexicanguitarplayers.com\/tienda\/"},{"@type":"ListItem","position":3,"name":"AUDIFONOS SENNHEISER HD 300 PRO"}]},{"@type":"WebSite","@id":"https:\/\/www.mexicanguitarplayers.com\/#website","url":"https:\/\/www.mexicanguitarplayers.com\/","name":"Mexican Guitar Players","description":"Website","publisher":{"@id":"https:\/\/www.mexicanguitarplayers.com\/#organization"},"potentialAction":[{"@type":"SearchAction","target":{"@type":"EntryPoint","urlTemplate":"https:\/\/www.mexicanguitarplayers.com\/?s={search_term_string}"},"query-input":{"@type":"PropertyValueSpecification","valueRequired":true,"valueName":"search_term_string"}}],"inLanguage":"en-US"},{"@type":"Organization","@id":"https:\/\/www.mexicanguitarplayers.com\/#organization","name":"Mexican Guitar Players","url":"https:\/\/www.mexicanguitarplayers.com\/","logo":{"@type":"ImageObject","inLanguage":"en-US","@id":"https:\/\/www.mexicanguitarplayers.com\/#\/schema\/logo\/image\/","url":"","contentUrl":"","caption":"Mexican Guitar Players"},"image":{"@id":"https:\/\/www.mexicanguitarplayers.com\/#\/schema\/logo\/image\/"}}]}},"brands":[{"id":176,"name":"SENNHEISER","slug":"sennheiser"}],"_links":{"self":[{"href":"https:\/\/www.mexicanguitarplayers.com\/en\/wp-json\/wp\/v2\/product\/26677","targetHints":{"allow":["GET"]}}],"collection":[{"href":"https:\/\/www.mexicanguitarplayers.com\/en\/wp-json\/wp\/v2\/product"}],"about":[{"href":"https:\/\/www.mexicanguitarplayers.com\/en\/wp-json\/wp\/v2\/types\/product"}],"replies":[{"embeddable":true,"href":"https:\/\/www.mexicanguitarplayers.com\/en\/wp-json\/wp\/v2\/comments?post=26677"}],"wp:featuredmedia":[{"embeddable":true,"href":"https:\/\/www.mexicanguitarplayers.com\/en\/wp-json\/wp\/v2\/media\/26674"}],"wp:attachment":[{"href":"https:\/\/www.mexicanguitarplayers.com\/en\/wp-json\/wp\/v2\/media?parent=26677"}],"wp:term":[{"taxonomy":"pwb-brand","embeddable":true,"href":"https:\/\/www.mexicanguitarplayers.com\/en\/wp-json\/wp\/v2\/pwb-brand?post=26677"},{"taxonomy":"product_brand","embeddable":true,"href":"https:\/\/www.mexicanguitarplayers.com\/en\/wp-json\/wp\/v2\/product_brand?post=26677"},{"taxonomy":"product_cat","embeddable":true,"href":"https:\/\/www.mexicanguitarplayers.com\/en\/wp-json\/wp\/v2\/product_cat?post=26677"},{"taxonomy":"product_tag","embeddable":true,"href":"https:\/\/www.mexicanguitarplayers.com\/en\/wp-json\/wp\/v2\/product_tag?post=26677"}],"curies":[{"name":"wp","href":"https:\/\/api.w.org\/{rel}","templated":true}]}}