{"id":26716,"date":"2025-04-06T22:00:46","date_gmt":"2025-04-07T04:00:46","guid":{"rendered":"https:\/\/www.mexicanguitarplayers.com\/tienda\/sin categor\u00eda\/kit-de-iniciacion-de-music-nomad-6-pzas-mn609\/"},"modified":"2026-04-10T04:43:23","modified_gmt":"2026-04-10T10:43:23","slug":"kit-de-iniciacion-de-music-nomad-6-pzas-mn609","status":"publish","type":"product","link":"https:\/\/www.mexicanguitarplayers.com\/en\/tienda\/accesorios\/para-bateria\/cuidado-y-proteccion\/kit-de-iniciacion-de-music-nomad-6-pzas-mn609\/","title":{"rendered":"KIT DE INICIACION DE MUSIC NOMAD 6 PZAS MN609"},"content":{"rendered":"<div style=\"text-align: justify\">\n<div>\n<h3>KEEP IT SIMPLE, SETUP (KISS)\u2122 Paquete de kit inicial &#8211; 6 piezas. Juego de calibres, 26 piezas. Juego de herramientas Guitar Tech, 11 piezas. Juego de llaves para alma<\/h3>\n<\/div>\n<div>No s\u00f3lo es divertido, sino que una guitarra correctamente configurada lleva tu interpretaci\u00f3n y sonido a un nivel completamente nuevo. En colaboraci\u00f3n con Master Guitar Tech Geoff Luttrell, MusicNomad ha desarrollado KEEP IT SIMPLE, SETUP (KISS)\u2122. Desmitificamos el proceso mediante el desarrollo de instrumentos y medidores de precisi\u00f3n innovadores combinados con pautas generales paso a paso que cualquiera puede seguir y configurar su guitarra para tocar y sonar genial. Con nuestro m\u00e9todo KEEP IT SIMPLE, SETUP (KISS)\u2122 y nuestros medidores, puedes comprobar las \u00e1reas vitales de tu guitarra y utilizar nuestras herramientas para realizar tu propia configuraci\u00f3n. El paquete Starter Kit incluye medidores que funcionan para todas las guitarras el\u00e9ctricas, ac\u00fasticas, cl\u00e1sicas y bajos. Los 2 juegos de herramientas ajustar\u00e1n la mayor\u00eda de guitarras y bajos. No incluye: limas para tuercas ni llaves para alma de boca de guitarra ac\u00fastica.<\/div>\n<div>\n<h4>Characteristics<\/h4>\n<\/div>\n<div>\n<ul style=\"margin: 0px 0px 0px 25px\">\n<li style=\"list-style-type: circle;margin: 5px\">PACQUETE INCLUYE<\/li>\n<li style=\"list-style-type: circle;margin: 5px\">MATERIAL<\/li>\n<li style=\"list-style-type: circle;margin: 5px\">TAMA\u00d1O<\/li>\n<\/ul>\n<\/div>\n<\/div>","protected":false},"excerpt":{"rendered":"<p>KEEP IT SIMPLE, SETUP (KISS)\u2122.  puedes comprobar las \u00e1reas vitales de tu guitarra y utilizar nuestras herramientas para realizar tu propia configuraci\u00f3n. El paquete Starter Kit incluye medidores que funcionan para todas las guitarras el\u00e9ctricas, ac\u00fasticas, cl\u00e1sicas y bajos. Los 2 juegos de herramientas ajustar\u00e1n la mayor\u00eda de guitarras y bajos. No incluye: limas para tuercas ni llaves para alma de boca de guitarra ac\u00fastica.Incluye:Juego de herramientas de destornillador y llave Guitar Tech para mantenimiento y reparaci\u00f3n de guitarra y bajo de MusicNomadJuego de llaves para alma Premium Guitar Tech &#8211; 11 piezas.Juego de 6 piezas de medidor de configuraci\u00f3n de precisi\u00f3n utilizado para configuraciones de guitarra y bajo por MusicNomad&hellip; <a class=\"kt-excerpt-readmore more-link\" href=\"https:\/\/www.mexicanguitarplayers.com\/en\/tienda\/accesorios\/para-bateria\/cuidado-y-proteccion\/kit-de-iniciacion-de-music-nomad-6-pzas-mn609\/\">Read more<\/a><\/p>","protected":false},"featured_media":26704,"comment_status":"open","ping_status":"closed","template":"","meta":{"kt_blocks_editor_width":""},"pwb-brand":[622],"product_brand":[],"product_cat":[85,421,336],"product_tag":[],"class_list":{"0":"post-26716","1":"product","2":"type-product","3":"status-publish","4":"has-post-thumbnail","6":"pwb-brand-music-nomad","7":"product_cat-accesorios","8":"product_cat-cuidado-y-proteccion","9":"product_cat-para-guitarras","10":"product_shipping_class-0-5-kg","12":"first","13":"outofstock","14":"taxable","15":"shipping-taxable","16":"purchasable","17":"product-type-simple"},"yoast_head":"<!-- This site is optimized with the Yoast SEO plugin v27.5 - https:\/\/yoast.com\/product\/yoast-seo-wordpress\/ -->\n<title>KIT DE INICIACION DE MUSIC NOMAD 6 PZAS MN609 - Mexican Guitar Players<\/title>\n<meta name=\"description\" content=\"KEEP IT SIMPLE, SETUP (KISS)\u2122. puedes comprobar las \u00e1reas vitales de tu guitarra y utilizar nuestras herramientas para realizar tu propia configuraci\u00f3n. El paquete Starter Kit incluye medidores que funcionan para todas las guitarras el\u00e9ctricas, ac\u00fasticas, cl\u00e1sicas y bajos. Los 2 juegos de herramientas ajustar\u00e1n la mayor\u00eda de guitarras y bajos. No incluye: limas para tuercas ni llaves para alma de boca de guitarra ac\u00fastica.Incluye:Juego de herramientas de destornillador y llave Guitar Tech para mantenimiento y reparaci\u00f3n de guitarra y bajo de MusicNomadJuego de llaves para alma Premium Guitar Tech - 11 piezas.Juego de 6 piezas de medidor de configuraci\u00f3n de precisi\u00f3n utilizado para configuraciones de guitarra y bajo por MusicNomad\" \/>\n<meta name=\"robots\" content=\"index, follow, max-snippet:-1, max-image-preview:large, max-video-preview:-1\" \/>\n<link rel=\"canonical\" href=\"https:\/\/www.mexicanguitarplayers.com\/en\/tienda\/sin%20categor\u00eda\/kit-de-iniciacion-de-music-nomad-6-pzas-mn609\/\" \/>\n<meta property=\"og:locale\" content=\"en_US\" \/>\n<meta property=\"og:type\" content=\"article\" \/>\n<meta property=\"og:title\" content=\"KIT DE INICIACION DE MUSIC NOMAD 6 PZAS MN609 - Mexican Guitar Players\" \/>\n<meta property=\"og:description\" content=\"KEEP IT SIMPLE, SETUP (KISS)\u2122. puedes comprobar las \u00e1reas vitales de tu guitarra y utilizar nuestras herramientas para realizar tu propia configuraci\u00f3n. El paquete Starter Kit incluye medidores que funcionan para todas las guitarras el\u00e9ctricas, ac\u00fasticas, cl\u00e1sicas y bajos. Los 2 juegos de herramientas ajustar\u00e1n la mayor\u00eda de guitarras y bajos. No incluye: limas para tuercas ni llaves para alma de boca de guitarra ac\u00fastica.Incluye:Juego de herramientas de destornillador y llave Guitar Tech para mantenimiento y reparaci\u00f3n de guitarra y bajo de MusicNomadJuego de llaves para alma Premium Guitar Tech - 11 piezas.Juego de 6 piezas de medidor de configuraci\u00f3n de precisi\u00f3n utilizado para configuraciones de guitarra y bajo por MusicNomad\" \/>\n<meta property=\"og:url\" content=\"https:\/\/www.mexicanguitarplayers.com\/en\/tienda\/sin categor\u00eda\/kit-de-iniciacion-de-music-nomad-6-pzas-mn609\/\" \/>\n<meta property=\"og:site_name\" content=\"Mexican Guitar Players\" \/>\n<meta property=\"article:modified_time\" content=\"2026-04-10T10:43:23+00:00\" \/>\n<meta name=\"twitter:card\" content=\"summary_large_image\" \/>\n<meta name=\"twitter:label1\" content=\"Est. reading time\" \/>\n\t<meta name=\"twitter:data1\" content=\"1 minute\" \/>\n<script type=\"application\/ld+json\" class=\"yoast-schema-graph\">{\"@context\":\"https:\\\/\\\/schema.org\",\"@graph\":[{\"@type\":[\"WebPage\",\"ItemPage\"],\"@id\":\"https:\\\/\\\/www.mexicanguitarplayers.com\\\/tienda\\\/sin categor\u00eda\\\/kit-de-iniciacion-de-music-nomad-6-pzas-mn609\\\/\",\"url\":\"https:\\\/\\\/www.mexicanguitarplayers.com\\\/tienda\\\/sin categor\u00eda\\\/kit-de-iniciacion-de-music-nomad-6-pzas-mn609\\\/\",\"name\":\"KIT DE INICIACION DE MUSIC NOMAD 6 PZAS MN609 - Mexican Guitar Players\",\"isPartOf\":{\"@id\":\"https:\\\/\\\/www.mexicanguitarplayers.com\\\/#website\"},\"primaryImageOfPage\":{\"@id\":\"https:\\\/\\\/www.mexicanguitarplayers.com\\\/tienda\\\/sin categor\u00eda\\\/kit-de-iniciacion-de-music-nomad-6-pzas-mn609\\\/#primaryimage\"},\"image\":{\"@id\":\"https:\\\/\\\/www.mexicanguitarplayers.com\\\/tienda\\\/sin categor\u00eda\\\/kit-de-iniciacion-de-music-nomad-6-pzas-mn609\\\/#primaryimage\"},\"thumbnailUrl\":\"https:\\\/\\\/www.mexicanguitarplayers.com\\\/wp-content\\\/uploads\\\/2025\\\/04\\\/RAMNDMN609.jpg\",\"datePublished\":\"2025-04-07T04:00:46+00:00\",\"dateModified\":\"2026-04-10T10:43:23+00:00\",\"description\":\"KEEP IT SIMPLE, SETUP (KISS)\u2122. puedes comprobar las \u00e1reas vitales de tu guitarra y utilizar nuestras herramientas para realizar tu propia configuraci\u00f3n. El paquete Starter Kit incluye medidores que funcionan para todas las guitarras el\u00e9ctricas, ac\u00fasticas, cl\u00e1sicas y bajos. Los 2 juegos de herramientas ajustar\u00e1n la mayor\u00eda de guitarras y bajos. No incluye: limas para tuercas ni llaves para alma de boca de guitarra ac\u00fastica.Incluye:Juego de herramientas de destornillador y llave Guitar Tech para mantenimiento y reparaci\u00f3n de guitarra y bajo de MusicNomadJuego de llaves para alma Premium Guitar Tech - 11 piezas.Juego de 6 piezas de medidor de configuraci\u00f3n de precisi\u00f3n utilizado para configuraciones de guitarra y bajo por MusicNomad\",\"breadcrumb\":{\"@id\":\"https:\\\/\\\/www.mexicanguitarplayers.com\\\/tienda\\\/sin categor\u00eda\\\/kit-de-iniciacion-de-music-nomad-6-pzas-mn609\\\/#breadcrumb\"},\"inLanguage\":\"en-US\",\"potentialAction\":[{\"@type\":\"ReadAction\",\"target\":[\"https:\\\/\\\/www.mexicanguitarplayers.com\\\/tienda\\\/sin categor\u00eda\\\/kit-de-iniciacion-de-music-nomad-6-pzas-mn609\\\/\"]}]},{\"@type\":\"ImageObject\",\"inLanguage\":\"en-US\",\"@id\":\"https:\\\/\\\/www.mexicanguitarplayers.com\\\/tienda\\\/sin categor\u00eda\\\/kit-de-iniciacion-de-music-nomad-6-pzas-mn609\\\/#primaryimage\",\"url\":\"https:\\\/\\\/www.mexicanguitarplayers.com\\\/wp-content\\\/uploads\\\/2025\\\/04\\\/RAMNDMN609.jpg\",\"contentUrl\":\"https:\\\/\\\/www.mexicanguitarplayers.com\\\/wp-content\\\/uploads\\\/2025\\\/04\\\/RAMNDMN609.jpg\",\"width\":1200,\"height\":1200},{\"@type\":\"BreadcrumbList\",\"@id\":\"https:\\\/\\\/www.mexicanguitarplayers.com\\\/tienda\\\/sin categor\u00eda\\\/kit-de-iniciacion-de-music-nomad-6-pzas-mn609\\\/#breadcrumb\",\"itemListElement\":[{\"@type\":\"ListItem\",\"position\":1,\"name\":\"Portada\",\"item\":\"https:\\\/\\\/www.mexicanguitarplayers.com\\\/\"},{\"@type\":\"ListItem\",\"position\":2,\"name\":\"Tienda\",\"item\":\"https:\\\/\\\/www.mexicanguitarplayers.com\\\/tienda\\\/\"},{\"@type\":\"ListItem\",\"position\":3,\"name\":\"KIT DE INICIACION DE MUSIC NOMAD 6 PZAS MN609\"}]},{\"@type\":\"WebSite\",\"@id\":\"https:\\\/\\\/www.mexicanguitarplayers.com\\\/#website\",\"url\":\"https:\\\/\\\/www.mexicanguitarplayers.com\\\/\",\"name\":\"Mexican Guitar Players\",\"description\":\"Website\",\"publisher\":{\"@id\":\"https:\\\/\\\/www.mexicanguitarplayers.com\\\/#organization\"},\"potentialAction\":[{\"@type\":\"SearchAction\",\"target\":{\"@type\":\"EntryPoint\",\"urlTemplate\":\"https:\\\/\\\/www.mexicanguitarplayers.com\\\/?s={search_term_string}\"},\"query-input\":{\"@type\":\"PropertyValueSpecification\",\"valueRequired\":true,\"valueName\":\"search_term_string\"}}],\"inLanguage\":\"en-US\"},{\"@type\":\"Organization\",\"@id\":\"https:\\\/\\\/www.mexicanguitarplayers.com\\\/#organization\",\"name\":\"Mexican Guitar Players\",\"url\":\"https:\\\/\\\/www.mexicanguitarplayers.com\\\/\",\"logo\":{\"@type\":\"ImageObject\",\"inLanguage\":\"en-US\",\"@id\":\"https:\\\/\\\/www.mexicanguitarplayers.com\\\/#\\\/schema\\\/logo\\\/image\\\/\",\"url\":\"\",\"contentUrl\":\"\",\"caption\":\"Mexican Guitar Players\"},\"image\":{\"@id\":\"https:\\\/\\\/www.mexicanguitarplayers.com\\\/#\\\/schema\\\/logo\\\/image\\\/\"}}]}<\/script>\n<!-- \/ Yoast SEO plugin. -->","yoast_head_json":{"title":"KIT DE INICIACION DE MUSIC NOMAD 6 PZAS MN609 - Mexican Guitar Players","description":"KEEP IT SIMPLE, SETUP (KISS)\u2122. puedes comprobar las \u00e1reas vitales de tu guitarra y utilizar nuestras herramientas para realizar tu propia configuraci\u00f3n. El paquete Starter Kit incluye medidores que funcionan para todas las guitarras el\u00e9ctricas, ac\u00fasticas, cl\u00e1sicas y bajos. Los 2 juegos de herramientas ajustar\u00e1n la mayor\u00eda de guitarras y bajos. No incluye: limas para tuercas ni llaves para alma de boca de guitarra ac\u00fastica.Incluye:Juego de herramientas de destornillador y llave Guitar Tech para mantenimiento y reparaci\u00f3n de guitarra y bajo de MusicNomadJuego de llaves para alma Premium Guitar Tech - 11 piezas.Juego de 6 piezas de medidor de configuraci\u00f3n de precisi\u00f3n utilizado para configuraciones de guitarra y bajo por MusicNomad","robots":{"index":"index","follow":"follow","max-snippet":"max-snippet:-1","max-image-preview":"max-image-preview:large","max-video-preview":"max-video-preview:-1"},"canonical":"https:\/\/www.mexicanguitarplayers.com\/en\/tienda\/sin categor\u00eda\/kit-de-iniciacion-de-music-nomad-6-pzas-mn609\/","og_locale":"en_US","og_type":"article","og_title":"KIT DE INICIACION DE MUSIC NOMAD 6 PZAS MN609 - Mexican Guitar Players","og_description":"KEEP IT SIMPLE, SETUP (KISS)\u2122. puedes comprobar las \u00e1reas vitales de tu guitarra y utilizar nuestras herramientas para realizar tu propia configuraci\u00f3n. El paquete Starter Kit incluye medidores que funcionan para todas las guitarras el\u00e9ctricas, ac\u00fasticas, cl\u00e1sicas y bajos. Los 2 juegos de herramientas ajustar\u00e1n la mayor\u00eda de guitarras y bajos. No incluye: limas para tuercas ni llaves para alma de boca de guitarra ac\u00fastica.Incluye:Juego de herramientas de destornillador y llave Guitar Tech para mantenimiento y reparaci\u00f3n de guitarra y bajo de MusicNomadJuego de llaves para alma Premium Guitar Tech - 11 piezas.Juego de 6 piezas de medidor de configuraci\u00f3n de precisi\u00f3n utilizado para configuraciones de guitarra y bajo por MusicNomad","og_url":"https:\/\/www.mexicanguitarplayers.com\/en\/tienda\/sin categor\u00eda\/kit-de-iniciacion-de-music-nomad-6-pzas-mn609\/","og_site_name":"Mexican Guitar Players","article_modified_time":"2026-04-10T10:43:23+00:00","twitter_card":"summary_large_image","twitter_misc":{"Est. reading time":"1 minute"},"schema":{"@context":"https:\/\/schema.org","@graph":[{"@type":["WebPage","ItemPage"],"@id":"https:\/\/www.mexicanguitarplayers.com\/tienda\/sin categor\u00eda\/kit-de-iniciacion-de-music-nomad-6-pzas-mn609\/","url":"https:\/\/www.mexicanguitarplayers.com\/tienda\/sin categor\u00eda\/kit-de-iniciacion-de-music-nomad-6-pzas-mn609\/","name":"KIT DE INICIACION DE MUSIC NOMAD 6 PZAS MN609 - Mexican Guitar Players","isPartOf":{"@id":"https:\/\/www.mexicanguitarplayers.com\/#website"},"primaryImageOfPage":{"@id":"https:\/\/www.mexicanguitarplayers.com\/tienda\/sin categor\u00eda\/kit-de-iniciacion-de-music-nomad-6-pzas-mn609\/#primaryimage"},"image":{"@id":"https:\/\/www.mexicanguitarplayers.com\/tienda\/sin categor\u00eda\/kit-de-iniciacion-de-music-nomad-6-pzas-mn609\/#primaryimage"},"thumbnailUrl":"https:\/\/www.mexicanguitarplayers.com\/wp-content\/uploads\/2025\/04\/RAMNDMN609.jpg","datePublished":"2025-04-07T04:00:46+00:00","dateModified":"2026-04-10T10:43:23+00:00","description":"KEEP IT SIMPLE, SETUP (KISS)\u2122. puedes comprobar las \u00e1reas vitales de tu guitarra y utilizar nuestras herramientas para realizar tu propia configuraci\u00f3n. El paquete Starter Kit incluye medidores que funcionan para todas las guitarras el\u00e9ctricas, ac\u00fasticas, cl\u00e1sicas y bajos. Los 2 juegos de herramientas ajustar\u00e1n la mayor\u00eda de guitarras y bajos. No incluye: limas para tuercas ni llaves para alma de boca de guitarra ac\u00fastica.Incluye:Juego de herramientas de destornillador y llave Guitar Tech para mantenimiento y reparaci\u00f3n de guitarra y bajo de MusicNomadJuego de llaves para alma Premium Guitar Tech - 11 piezas.Juego de 6 piezas de medidor de configuraci\u00f3n de precisi\u00f3n utilizado para configuraciones de guitarra y bajo por MusicNomad","breadcrumb":{"@id":"https:\/\/www.mexicanguitarplayers.com\/tienda\/sin categor\u00eda\/kit-de-iniciacion-de-music-nomad-6-pzas-mn609\/#breadcrumb"},"inLanguage":"en-US","potentialAction":[{"@type":"ReadAction","target":["https:\/\/www.mexicanguitarplayers.com\/tienda\/sin categor\u00eda\/kit-de-iniciacion-de-music-nomad-6-pzas-mn609\/"]}]},{"@type":"ImageObject","inLanguage":"en-US","@id":"https:\/\/www.mexicanguitarplayers.com\/tienda\/sin categor\u00eda\/kit-de-iniciacion-de-music-nomad-6-pzas-mn609\/#primaryimage","url":"https:\/\/www.mexicanguitarplayers.com\/wp-content\/uploads\/2025\/04\/RAMNDMN609.jpg","contentUrl":"https:\/\/www.mexicanguitarplayers.com\/wp-content\/uploads\/2025\/04\/RAMNDMN609.jpg","width":1200,"height":1200},{"@type":"BreadcrumbList","@id":"https:\/\/www.mexicanguitarplayers.com\/tienda\/sin categor\u00eda\/kit-de-iniciacion-de-music-nomad-6-pzas-mn609\/#breadcrumb","itemListElement":[{"@type":"ListItem","position":1,"name":"Portada","item":"https:\/\/www.mexicanguitarplayers.com\/"},{"@type":"ListItem","position":2,"name":"Tienda","item":"https:\/\/www.mexicanguitarplayers.com\/tienda\/"},{"@type":"ListItem","position":3,"name":"KIT DE INICIACION DE MUSIC NOMAD 6 PZAS MN609"}]},{"@type":"WebSite","@id":"https:\/\/www.mexicanguitarplayers.com\/#website","url":"https:\/\/www.mexicanguitarplayers.com\/","name":"Mexican Guitar Players","description":"Website","publisher":{"@id":"https:\/\/www.mexicanguitarplayers.com\/#organization"},"potentialAction":[{"@type":"SearchAction","target":{"@type":"EntryPoint","urlTemplate":"https:\/\/www.mexicanguitarplayers.com\/?s={search_term_string}"},"query-input":{"@type":"PropertyValueSpecification","valueRequired":true,"valueName":"search_term_string"}}],"inLanguage":"en-US"},{"@type":"Organization","@id":"https:\/\/www.mexicanguitarplayers.com\/#organization","name":"Mexican Guitar Players","url":"https:\/\/www.mexicanguitarplayers.com\/","logo":{"@type":"ImageObject","inLanguage":"en-US","@id":"https:\/\/www.mexicanguitarplayers.com\/#\/schema\/logo\/image\/","url":"","contentUrl":"","caption":"Mexican Guitar Players"},"image":{"@id":"https:\/\/www.mexicanguitarplayers.com\/#\/schema\/logo\/image\/"}}]}},"brands":[{"id":622,"name":"MUSIC NOMAD","slug":"music-nomad"}],"_links":{"self":[{"href":"https:\/\/www.mexicanguitarplayers.com\/en\/wp-json\/wp\/v2\/product\/26716","targetHints":{"allow":["GET"]}}],"collection":[{"href":"https:\/\/www.mexicanguitarplayers.com\/en\/wp-json\/wp\/v2\/product"}],"about":[{"href":"https:\/\/www.mexicanguitarplayers.com\/en\/wp-json\/wp\/v2\/types\/product"}],"replies":[{"embeddable":true,"href":"https:\/\/www.mexicanguitarplayers.com\/en\/wp-json\/wp\/v2\/comments?post=26716"}],"wp:featuredmedia":[{"embeddable":true,"href":"https:\/\/www.mexicanguitarplayers.com\/en\/wp-json\/wp\/v2\/media\/26704"}],"wp:attachment":[{"href":"https:\/\/www.mexicanguitarplayers.com\/en\/wp-json\/wp\/v2\/media?parent=26716"}],"wp:term":[{"taxonomy":"pwb-brand","embeddable":true,"href":"https:\/\/www.mexicanguitarplayers.com\/en\/wp-json\/wp\/v2\/pwb-brand?post=26716"},{"taxonomy":"product_brand","embeddable":true,"href":"https:\/\/www.mexicanguitarplayers.com\/en\/wp-json\/wp\/v2\/product_brand?post=26716"},{"taxonomy":"product_cat","embeddable":true,"href":"https:\/\/www.mexicanguitarplayers.com\/en\/wp-json\/wp\/v2\/product_cat?post=26716"},{"taxonomy":"product_tag","embeddable":true,"href":"https:\/\/www.mexicanguitarplayers.com\/en\/wp-json\/wp\/v2\/product_tag?post=26716"}],"curies":[{"name":"wp","href":"https:\/\/api.w.org\/{rel}","templated":true}]}}