{"id":26720,"date":"2025-04-06T22:00:57","date_gmt":"2025-04-07T04:00:57","guid":{"rendered":"https:\/\/www.mexicanguitarplayers.com\/tienda\/sin categor\u00eda\/armonica-hohner-542-20-golden-melody\/"},"modified":"2025-04-06T22:00:57","modified_gmt":"2025-04-07T04:00:57","slug":"armonica-hohner-542-20-golden-melody","status":"publish","type":"product","link":"https:\/\/www.mexicanguitarplayers.com\/en\/tienda\/alientos\/armonicas\/armonica-hohner-542-20-golden-melody\/","title":{"rendered":"ARMONICA HOHNER 542\/20    GOLDEN MELODY"},"content":{"rendered":"<div style=\"text-align: justify\">\n<div>\n<h3>La arm\u00f3nica de sonido de oro.<\/h3>\n<\/div>\n<div>La Hohner Melody 542\/20 de oro es una arm\u00f3nica fabricada herm\u00e9ticamente con un sonido fuerte y n\u00edtido. Los extremos curvos proporcionan comodidad adicional, y es ideal para overblowing. Placas curvadas de cubierta que se extienden a todo lo largo de la arm\u00f3nica, proporcionando una capacidad de resonancia mayor. Las leng\u00fcetas se encuentran cerca de la boquilla abierta con marco para as\u00ed tener una respuesta m\u00e1s sutil, por lo que Golden Melody es perfecta para el blues y el rock.<\/div>\n<div>\n<h4>Quick look<\/h4>\n<\/div>\n<ul style=\"margin: 0px 0px 0px 25px\">\n<li style=\"list-style-type: circle;margin: 5px\">Kind.<\/li>\n<li style=\"list-style-type: circle;margin: 5px\">Notas.<\/li>\n<li style=\"list-style-type: circle;margin: 5px\">Afinaci\u00f3n.<\/li>\n<li style=\"list-style-type: circle;margin: 5px\">N\u00famero de celdas.<\/li>\n<li style=\"list-style-type: circle;margin: 5px\">Leng\u00fcetas.<\/li>\n<li style=\"list-style-type: circle;margin: 5px\">Cubierta de la superficie.<\/li>\n<li style=\"list-style-type: circle;margin: 5px\">Placas de leng\u00fcetas.<\/li>\n<li style=\"list-style-type: circle;margin: 5px\">Superficie de placas de leng\u00fcetas.<\/li>\n<li style=\"list-style-type: circle;margin: 5px\">Superficie de la boquilla.<\/li>\n<li style=\"list-style-type: circle;margin: 5px\">Peine.<\/li>\n<li style=\"list-style-type: circle;margin: 5px\">Longitud.<\/li>\n<\/ul>\n<div>\n<div style=\"font-weight: bold\">Kind.<\/div>\n<div>\n<p>Diat\u00f3nico.<\/p>\n<\/div>\n<div style=\"font-weight: bold\">Notas.<\/div>\n<div>\n<p>C, Db, D, Eb, E, F, F#, G, Ab, A, Bb, B.<\/p>\n<\/div>\n<div style=\"font-weight: bold\">Afinaci\u00f3n.<\/div>\n<div>\n<p>Richter.<\/p>\n<\/div>\n<div style=\"font-weight: bold\">N\u00famero de celdas.<\/div>\n<div>\n<p>10.<\/p>\n<\/div>\n<div style=\"font-weight: bold\">Leng\u00fcetas.<\/div>\n<div>\n<p>Lat\u00f3n, 20.<\/p>\n<\/div>\n<div style=\"font-weight: bold\">Cubierta de la superficie.<\/div>\n<div>\n<p>Acero inoxidable.<\/p>\n<\/div>\n<div style=\"font-weight: bold\">Placas de leng\u00fcetas.<\/div>\n<div>\n<p>Lat\u00f3n, 0.9 mm.<\/p>\n<\/div>\n<div style=\"font-weight: bold\">Superficie de placas de leng\u00fcetas.<\/div>\n<div>\n<p>Lat\u00f3n.<\/p>\n<\/div>\n<div style=\"font-weight: bold\">Superficie de la boquilla.<\/div>\n<div>\n<p>ABS.<\/p>\n<\/div>\n<div style=\"font-weight: bold\">Peine.<\/div>\n<div>\n<p>Pl\u00e1stico ABS moldeado rojo.<\/p>\n<\/div>\n<div style=\"font-weight: bold\">Longitud.<\/div>\n<div>\n<p>10.5 cm.<\/p>\n<\/div>\n<\/div>\n<div>\n<h4>Characteristics<\/h4>\n<\/div>\n<div>\n<ul style=\"margin: 0px 0px 0px 25px\">\n<li style=\"list-style-type: circle;margin: 5px\">Cubiertas arqueadas de cuerpo entero.<\/li>\n<li style=\"list-style-type: circle;margin: 5px\">Popular para overblows.<\/li>\n<li style=\"list-style-type: circle;margin: 5px\">Fabricada en Alemania.<\/li>\n<\/ul>\n<\/div>\n<\/div>","protected":false},"excerpt":{"rendered":"<p>Arm\u00f3nica Hohner. Modelo: GOLDEN MELODY. Arm\u00f3nica 542\/20. Diat\u00f3nico. Notas: C, Db, D, Eb, E, F, F#, G, Ab, A, Bb, B. Afinaci\u00f3n Richter. N\u00famero de celdas: 10. Leng\u00fcetas: Lat\u00f3n, 20. Cubierta de la superficie: Acero inoxidable. Placas de leng\u00fcetas: Lat\u00f3n, 0.9 mm. Superficie de la boquilla: ABS. Peine: Pl\u00e1stico ABS moldeadorojo. Longitud: 10.5 cm. Cubiertas arqueadas de cuerpo entero. Popular para overblows. Fabricada en Alemania.&hellip; <a class=\"kt-excerpt-readmore more-link\" href=\"https:\/\/www.mexicanguitarplayers.com\/en\/tienda\/alientos\/armonicas\/armonica-hohner-542-20-golden-melody\/\">Read more<\/a><\/p>","protected":false},"featured_media":26717,"comment_status":"open","ping_status":"closed","template":"","meta":{"kt_blocks_editor_width":""},"pwb-brand":[395],"product_brand":[],"product_cat":[388,401],"product_tag":[],"class_list":{"0":"post-26720","1":"product","2":"type-product","3":"status-publish","4":"has-post-thumbnail","6":"pwb-brand-hohner","7":"product_cat-alientos","8":"product_cat-armonicas","9":"product_shipping_class-0-5-kg","11":"first","12":"outofstock","13":"taxable","14":"shipping-taxable","15":"purchasable","16":"product-type-simple"},"yoast_head":"<!-- This site is optimized with the Yoast SEO plugin v27.3 - https:\/\/yoast.com\/product\/yoast-seo-wordpress\/ -->\n<title>ARMONICA HOHNER 542\/20  GOLDEN MELODY - Mexican Guitar Players<\/title>\n<meta name=\"description\" content=\"Arm\u00f3nica Hohner. Modelo: GOLDEN MELODY. Arm\u00f3nica 542\/20. Diat\u00f3nico. Notas: C, Db, D, Eb, E, F, F#, G, Ab, A, Bb, B. Afinaci\u00f3n Richter. N\u00famero de celdas: 10. Leng\u00fcetas: Lat\u00f3n, 20. Cubierta de la superficie: Acero inoxidable. Placas de leng\u00fcetas: Lat\u00f3n, 0.9 mm. Superficie de la boquilla: ABS. Peine: Pl\u00e1stico ABS moldeadorojo. Longitud: 10.5 cm. Cubiertas arqueadas de cuerpo entero. Popular para overblows. Fabricada en Alemania.\" \/>\n<meta name=\"robots\" content=\"index, follow, max-snippet:-1, max-image-preview:large, max-video-preview:-1\" \/>\n<link rel=\"canonical\" href=\"https:\/\/www.mexicanguitarplayers.com\/en\/tienda\/sin%20categor\u00eda\/armonica-hohner-542-20-golden-melody\/\" \/>\n<meta property=\"og:locale\" content=\"en_US\" \/>\n<meta property=\"og:type\" content=\"article\" \/>\n<meta property=\"og:title\" content=\"ARMONICA HOHNER 542\/20  GOLDEN MELODY - Mexican Guitar Players\" \/>\n<meta property=\"og:description\" content=\"Arm\u00f3nica Hohner. Modelo: GOLDEN MELODY. Arm\u00f3nica 542\/20. Diat\u00f3nico. Notas: C, Db, D, Eb, E, F, F#, G, Ab, A, Bb, B. Afinaci\u00f3n Richter. N\u00famero de celdas: 10. Leng\u00fcetas: Lat\u00f3n, 20. Cubierta de la superficie: Acero inoxidable. Placas de leng\u00fcetas: Lat\u00f3n, 0.9 mm. Superficie de la boquilla: ABS. Peine: Pl\u00e1stico ABS moldeadorojo. Longitud: 10.5 cm. Cubiertas arqueadas de cuerpo entero. Popular para overblows. Fabricada en Alemania.\" \/>\n<meta property=\"og:url\" content=\"https:\/\/www.mexicanguitarplayers.com\/en\/tienda\/sin categor\u00eda\/armonica-hohner-542-20-golden-melody\/\" \/>\n<meta property=\"og:site_name\" content=\"Mexican Guitar Players\" \/>\n<meta name=\"twitter:card\" content=\"summary_large_image\" \/>\n<meta name=\"twitter:label1\" content=\"Est. reading time\" \/>\n\t<meta name=\"twitter:data1\" content=\"1 minute\" \/>\n<script type=\"application\/ld+json\" class=\"yoast-schema-graph\">{\"@context\":\"https:\\\/\\\/schema.org\",\"@graph\":[{\"@type\":[\"WebPage\",\"ItemPage\"],\"@id\":\"https:\\\/\\\/www.mexicanguitarplayers.com\\\/tienda\\\/sin categor\u00eda\\\/armonica-hohner-542-20-golden-melody\\\/\",\"url\":\"https:\\\/\\\/www.mexicanguitarplayers.com\\\/tienda\\\/sin categor\u00eda\\\/armonica-hohner-542-20-golden-melody\\\/\",\"name\":\"ARMONICA HOHNER 542\\\/20 GOLDEN MELODY - Mexican Guitar Players\",\"isPartOf\":{\"@id\":\"https:\\\/\\\/www.mexicanguitarplayers.com\\\/#website\"},\"primaryImageOfPage\":{\"@id\":\"https:\\\/\\\/www.mexicanguitarplayers.com\\\/tienda\\\/sin categor\u00eda\\\/armonica-hohner-542-20-golden-melody\\\/#primaryimage\"},\"image\":{\"@id\":\"https:\\\/\\\/www.mexicanguitarplayers.com\\\/tienda\\\/sin categor\u00eda\\\/armonica-hohner-542-20-golden-melody\\\/#primaryimage\"},\"thumbnailUrl\":\"https:\\\/\\\/www.mexicanguitarplayers.com\\\/wp-content\\\/uploads\\\/2025\\\/04\\\/IVHOH54220.jpg\",\"datePublished\":\"2025-04-07T04:00:57+00:00\",\"description\":\"Arm\u00f3nica Hohner. Modelo: GOLDEN MELODY. Arm\u00f3nica 542\\\/20. Diat\u00f3nico. Notas: C, Db, D, Eb, E, F, F#, G, Ab, A, Bb, B. Afinaci\u00f3n Richter. N\u00famero de celdas: 10. Leng\u00fcetas: Lat\u00f3n, 20. Cubierta de la superficie: Acero inoxidable. Placas de leng\u00fcetas: Lat\u00f3n, 0.9 mm. Superficie de la boquilla: ABS. Peine: Pl\u00e1stico ABS moldeadorojo. Longitud: 10.5 cm. Cubiertas arqueadas de cuerpo entero. Popular para overblows. Fabricada en Alemania.\",\"breadcrumb\":{\"@id\":\"https:\\\/\\\/www.mexicanguitarplayers.com\\\/tienda\\\/sin categor\u00eda\\\/armonica-hohner-542-20-golden-melody\\\/#breadcrumb\"},\"inLanguage\":\"en-US\",\"potentialAction\":[{\"@type\":\"ReadAction\",\"target\":[\"https:\\\/\\\/www.mexicanguitarplayers.com\\\/tienda\\\/sin categor\u00eda\\\/armonica-hohner-542-20-golden-melody\\\/\"]}]},{\"@type\":\"ImageObject\",\"inLanguage\":\"en-US\",\"@id\":\"https:\\\/\\\/www.mexicanguitarplayers.com\\\/tienda\\\/sin categor\u00eda\\\/armonica-hohner-542-20-golden-melody\\\/#primaryimage\",\"url\":\"https:\\\/\\\/www.mexicanguitarplayers.com\\\/wp-content\\\/uploads\\\/2025\\\/04\\\/IVHOH54220.jpg\",\"contentUrl\":\"https:\\\/\\\/www.mexicanguitarplayers.com\\\/wp-content\\\/uploads\\\/2025\\\/04\\\/IVHOH54220.jpg\",\"width\":1200,\"height\":1200},{\"@type\":\"BreadcrumbList\",\"@id\":\"https:\\\/\\\/www.mexicanguitarplayers.com\\\/tienda\\\/sin categor\u00eda\\\/armonica-hohner-542-20-golden-melody\\\/#breadcrumb\",\"itemListElement\":[{\"@type\":\"ListItem\",\"position\":1,\"name\":\"Portada\",\"item\":\"https:\\\/\\\/www.mexicanguitarplayers.com\\\/\"},{\"@type\":\"ListItem\",\"position\":2,\"name\":\"Tienda\",\"item\":\"https:\\\/\\\/www.mexicanguitarplayers.com\\\/tienda\\\/\"},{\"@type\":\"ListItem\",\"position\":3,\"name\":\"ARMONICA HOHNER 542\\\/20 GOLDEN MELODY\"}]},{\"@type\":\"WebSite\",\"@id\":\"https:\\\/\\\/www.mexicanguitarplayers.com\\\/#website\",\"url\":\"https:\\\/\\\/www.mexicanguitarplayers.com\\\/\",\"name\":\"Mexican Guitar Players\",\"description\":\"Website\",\"publisher\":{\"@id\":\"https:\\\/\\\/www.mexicanguitarplayers.com\\\/#organization\"},\"potentialAction\":[{\"@type\":\"SearchAction\",\"target\":{\"@type\":\"EntryPoint\",\"urlTemplate\":\"https:\\\/\\\/www.mexicanguitarplayers.com\\\/?s={search_term_string}\"},\"query-input\":{\"@type\":\"PropertyValueSpecification\",\"valueRequired\":true,\"valueName\":\"search_term_string\"}}],\"inLanguage\":\"en-US\"},{\"@type\":\"Organization\",\"@id\":\"https:\\\/\\\/www.mexicanguitarplayers.com\\\/#organization\",\"name\":\"Mexican Guitar Players\",\"url\":\"https:\\\/\\\/www.mexicanguitarplayers.com\\\/\",\"logo\":{\"@type\":\"ImageObject\",\"inLanguage\":\"en-US\",\"@id\":\"https:\\\/\\\/www.mexicanguitarplayers.com\\\/#\\\/schema\\\/logo\\\/image\\\/\",\"url\":\"\",\"contentUrl\":\"\",\"caption\":\"Mexican Guitar Players\"},\"image\":{\"@id\":\"https:\\\/\\\/www.mexicanguitarplayers.com\\\/#\\\/schema\\\/logo\\\/image\\\/\"}}]}<\/script>\n<!-- \/ Yoast SEO plugin. -->","yoast_head_json":{"title":"ARMONICA HOHNER 542\/20  GOLDEN MELODY - Mexican Guitar Players","description":"Arm\u00f3nica Hohner. Modelo: GOLDEN MELODY. Arm\u00f3nica 542\/20. Diat\u00f3nico. Notas: C, Db, D, Eb, E, F, F#, G, Ab, A, Bb, B. Afinaci\u00f3n Richter. N\u00famero de celdas: 10. Leng\u00fcetas: Lat\u00f3n, 20. Cubierta de la superficie: Acero inoxidable. Placas de leng\u00fcetas: Lat\u00f3n, 0.9 mm. Superficie de la boquilla: ABS. Peine: Pl\u00e1stico ABS moldeadorojo. Longitud: 10.5 cm. Cubiertas arqueadas de cuerpo entero. Popular para overblows. Fabricada en Alemania.","robots":{"index":"index","follow":"follow","max-snippet":"max-snippet:-1","max-image-preview":"max-image-preview:large","max-video-preview":"max-video-preview:-1"},"canonical":"https:\/\/www.mexicanguitarplayers.com\/en\/tienda\/sin categor\u00eda\/armonica-hohner-542-20-golden-melody\/","og_locale":"en_US","og_type":"article","og_title":"ARMONICA HOHNER 542\/20  GOLDEN MELODY - Mexican Guitar Players","og_description":"Arm\u00f3nica Hohner. Modelo: GOLDEN MELODY. Arm\u00f3nica 542\/20. Diat\u00f3nico. Notas: C, Db, D, Eb, E, F, F#, G, Ab, A, Bb, B. Afinaci\u00f3n Richter. N\u00famero de celdas: 10. Leng\u00fcetas: Lat\u00f3n, 20. Cubierta de la superficie: Acero inoxidable. Placas de leng\u00fcetas: Lat\u00f3n, 0.9 mm. Superficie de la boquilla: ABS. Peine: Pl\u00e1stico ABS moldeadorojo. Longitud: 10.5 cm. Cubiertas arqueadas de cuerpo entero. Popular para overblows. Fabricada en Alemania.","og_url":"https:\/\/www.mexicanguitarplayers.com\/en\/tienda\/sin categor\u00eda\/armonica-hohner-542-20-golden-melody\/","og_site_name":"Mexican Guitar Players","twitter_card":"summary_large_image","twitter_misc":{"Est. reading time":"1 minute"},"schema":{"@context":"https:\/\/schema.org","@graph":[{"@type":["WebPage","ItemPage"],"@id":"https:\/\/www.mexicanguitarplayers.com\/tienda\/sin categor\u00eda\/armonica-hohner-542-20-golden-melody\/","url":"https:\/\/www.mexicanguitarplayers.com\/tienda\/sin categor\u00eda\/armonica-hohner-542-20-golden-melody\/","name":"ARMONICA HOHNER 542\/20 GOLDEN MELODY - Mexican Guitar Players","isPartOf":{"@id":"https:\/\/www.mexicanguitarplayers.com\/#website"},"primaryImageOfPage":{"@id":"https:\/\/www.mexicanguitarplayers.com\/tienda\/sin categor\u00eda\/armonica-hohner-542-20-golden-melody\/#primaryimage"},"image":{"@id":"https:\/\/www.mexicanguitarplayers.com\/tienda\/sin categor\u00eda\/armonica-hohner-542-20-golden-melody\/#primaryimage"},"thumbnailUrl":"https:\/\/www.mexicanguitarplayers.com\/wp-content\/uploads\/2025\/04\/IVHOH54220.jpg","datePublished":"2025-04-07T04:00:57+00:00","description":"Arm\u00f3nica Hohner. Modelo: GOLDEN MELODY. Arm\u00f3nica 542\/20. Diat\u00f3nico. Notas: C, Db, D, Eb, E, F, F#, G, Ab, A, Bb, B. Afinaci\u00f3n Richter. N\u00famero de celdas: 10. Leng\u00fcetas: Lat\u00f3n, 20. Cubierta de la superficie: Acero inoxidable. Placas de leng\u00fcetas: Lat\u00f3n, 0.9 mm. Superficie de la boquilla: ABS. Peine: Pl\u00e1stico ABS moldeadorojo. Longitud: 10.5 cm. Cubiertas arqueadas de cuerpo entero. Popular para overblows. Fabricada en Alemania.","breadcrumb":{"@id":"https:\/\/www.mexicanguitarplayers.com\/tienda\/sin categor\u00eda\/armonica-hohner-542-20-golden-melody\/#breadcrumb"},"inLanguage":"en-US","potentialAction":[{"@type":"ReadAction","target":["https:\/\/www.mexicanguitarplayers.com\/tienda\/sin categor\u00eda\/armonica-hohner-542-20-golden-melody\/"]}]},{"@type":"ImageObject","inLanguage":"en-US","@id":"https:\/\/www.mexicanguitarplayers.com\/tienda\/sin categor\u00eda\/armonica-hohner-542-20-golden-melody\/#primaryimage","url":"https:\/\/www.mexicanguitarplayers.com\/wp-content\/uploads\/2025\/04\/IVHOH54220.jpg","contentUrl":"https:\/\/www.mexicanguitarplayers.com\/wp-content\/uploads\/2025\/04\/IVHOH54220.jpg","width":1200,"height":1200},{"@type":"BreadcrumbList","@id":"https:\/\/www.mexicanguitarplayers.com\/tienda\/sin categor\u00eda\/armonica-hohner-542-20-golden-melody\/#breadcrumb","itemListElement":[{"@type":"ListItem","position":1,"name":"Portada","item":"https:\/\/www.mexicanguitarplayers.com\/"},{"@type":"ListItem","position":2,"name":"Tienda","item":"https:\/\/www.mexicanguitarplayers.com\/tienda\/"},{"@type":"ListItem","position":3,"name":"ARMONICA HOHNER 542\/20 GOLDEN MELODY"}]},{"@type":"WebSite","@id":"https:\/\/www.mexicanguitarplayers.com\/#website","url":"https:\/\/www.mexicanguitarplayers.com\/","name":"Mexican Guitar Players","description":"Website","publisher":{"@id":"https:\/\/www.mexicanguitarplayers.com\/#organization"},"potentialAction":[{"@type":"SearchAction","target":{"@type":"EntryPoint","urlTemplate":"https:\/\/www.mexicanguitarplayers.com\/?s={search_term_string}"},"query-input":{"@type":"PropertyValueSpecification","valueRequired":true,"valueName":"search_term_string"}}],"inLanguage":"en-US"},{"@type":"Organization","@id":"https:\/\/www.mexicanguitarplayers.com\/#organization","name":"Mexican Guitar Players","url":"https:\/\/www.mexicanguitarplayers.com\/","logo":{"@type":"ImageObject","inLanguage":"en-US","@id":"https:\/\/www.mexicanguitarplayers.com\/#\/schema\/logo\/image\/","url":"","contentUrl":"","caption":"Mexican Guitar Players"},"image":{"@id":"https:\/\/www.mexicanguitarplayers.com\/#\/schema\/logo\/image\/"}}]}},"brands":[{"id":395,"name":"HOHNER","slug":"hohner"}],"_links":{"self":[{"href":"https:\/\/www.mexicanguitarplayers.com\/en\/wp-json\/wp\/v2\/product\/26720","targetHints":{"allow":["GET"]}}],"collection":[{"href":"https:\/\/www.mexicanguitarplayers.com\/en\/wp-json\/wp\/v2\/product"}],"about":[{"href":"https:\/\/www.mexicanguitarplayers.com\/en\/wp-json\/wp\/v2\/types\/product"}],"replies":[{"embeddable":true,"href":"https:\/\/www.mexicanguitarplayers.com\/en\/wp-json\/wp\/v2\/comments?post=26720"}],"wp:featuredmedia":[{"embeddable":true,"href":"https:\/\/www.mexicanguitarplayers.com\/en\/wp-json\/wp\/v2\/media\/26717"}],"wp:attachment":[{"href":"https:\/\/www.mexicanguitarplayers.com\/en\/wp-json\/wp\/v2\/media?parent=26720"}],"wp:term":[{"taxonomy":"pwb-brand","embeddable":true,"href":"https:\/\/www.mexicanguitarplayers.com\/en\/wp-json\/wp\/v2\/pwb-brand?post=26720"},{"taxonomy":"product_brand","embeddable":true,"href":"https:\/\/www.mexicanguitarplayers.com\/en\/wp-json\/wp\/v2\/product_brand?post=26720"},{"taxonomy":"product_cat","embeddable":true,"href":"https:\/\/www.mexicanguitarplayers.com\/en\/wp-json\/wp\/v2\/product_cat?post=26720"},{"taxonomy":"product_tag","embeddable":true,"href":"https:\/\/www.mexicanguitarplayers.com\/en\/wp-json\/wp\/v2\/product_tag?post=26720"}],"curies":[{"name":"wp","href":"https:\/\/api.w.org\/{rel}","templated":true}]}}