{"id":26732,"date":"2025-04-06T22:01:37","date_gmt":"2025-04-07T04:01:37","guid":{"rendered":"https:\/\/www.mexicanguitarplayers.com\/tienda\/sin categor\u00eda\/refuerzo-kickport-bateria-mod-kp2\/"},"modified":"2026-04-10T04:43:22","modified_gmt":"2026-04-10T10:43:22","slug":"refuerzo-kickport-bateria-mod-kp2","status":"publish","type":"product","link":"https:\/\/www.mexicanguitarplayers.com\/en\/tienda\/accesorios\/para-percusion\/refuerzos-para-percusion\/refuerzo-kickport-bateria-mod-kp2\/","title":{"rendered":"REFUERZO KICKPORT BATERIA MOD. KP2"},"content":{"rendered":"<div style=\"text-align: justify\">\n<div>\n<h3>Ya sea en el ensayo o en vivo, escuchar\u00e1s inmediatamente la diferencia.<\/h3>\n<\/div>\n<div>Experimenta las calidades tonales din\u00e1micas de tu bombo. \u00danete a los otros 100,000 bateristas alrededor del mundo que experimentan la sensaci\u00f3n mejorada, la potencia y las cualidades tonales de su bombo desde las frecuencias subs\u00f3nicas mejoradas de forma simple y sencilla. Obt\u00e9n instant\u00e1neamente un sonido natural m\u00e1s suave y enfocado con m\u00e1s impacto en cualquier bombo, en todos los tama\u00f1os, marcas y materiales. Considerado uno de los accesorios m\u00e1s importantes en d\u00e9cadas y reconocido a trav\u00e9s de la industria de la m\u00fasica como una innovaci\u00f3n &#8220;imprescindible&#8221; para los bateristas de todos los estilos, el Kickport es un componente esencial para sacar el mayor provecho del sonido de tu bombo en todos los g\u00e9neros musicales.<\/div>\n<div>\n<h4>Characteristics<\/h4>\n<\/div>\n<div>\n<ul style=\"margin: 0px 0px 0px 25px\">\n<li style=\"list-style-type: circle;margin: 5px\">Refuerzo para bombo.<\/li>\n<li style=\"list-style-type: circle;margin: 5px\">Minimiza el tono natural de cualquier bombo.<\/li>\n<li style=\"list-style-type: circle;margin: 5px\">Mejora las frecuencia subs\u00f3nicas desde 20 &#8211; 80 kHz.<\/li>\n<li style=\"list-style-type: circle;margin: 5px\">Aumenta el ataque y la definici\u00f3n.<\/li>\n<li style=\"list-style-type: circle;margin: 5px\">Sensaci\u00f3n mejorada y mayor potencia.<\/li>\n<li style=\"list-style-type: circle;margin: 5px\">Vers\u00e1til, asequible y f\u00e1cil de instalar.<\/li>\n<li style=\"list-style-type: circle;margin: 5px\">Para todas las marcas de bater\u00eda.<\/li>\n<li style=\"list-style-type: circle;margin: 5px\">Para todos los g\u00e9neros musicales.<\/li>\n<li style=\"list-style-type: circle;margin: 5px\">Compatible con los orificios pre cortados de 4.5\u201d a 5.25&#8243; pulgadas.<\/li>\n<\/ul>\n<\/div>\n<\/div>","protected":false},"excerpt":{"rendered":"<p>Refuerzo para bombo, minimiza el tono natural de cualquier bombo, mejora las frecuencia subs\u00f3nicas desde 20 &#8211; 80 kHz, aumenta el ataque y la definici\u00f3n con sensaci\u00f3n mejorada y mayor potencia, vers\u00e1til, asequible y f\u00e1cil de instalar, para todas las marcas de bater\u00eda y todos los g\u00e9neros musicales, tambi\u00e9n es compatiblecon los orificios pre cortados de 4.5\u201d a 5.25\u201d pulgadas.&hellip; <a class=\"kt-excerpt-readmore more-link\" href=\"https:\/\/www.mexicanguitarplayers.com\/en\/tienda\/accesorios\/para-percusion\/refuerzos-para-percusion\/refuerzo-kickport-bateria-mod-kp2\/\">Read more<\/a><\/p>","protected":false},"featured_media":26724,"comment_status":"open","ping_status":"closed","template":"","meta":{"kt_blocks_editor_width":""},"pwb-brand":[444],"product_brand":[],"product_cat":[85,306,439],"product_tag":[],"class_list":{"0":"post-26732","1":"product","2":"type-product","3":"status-publish","4":"has-post-thumbnail","6":"pwb-brand-kickport","7":"product_cat-accesorios","8":"product_cat-para-bateria","9":"product_cat-refuerzos-para-percusion","10":"product_shipping_class-0-5-kg","12":"first","13":"outofstock","14":"taxable","15":"shipping-taxable","16":"purchasable","17":"product-type-simple"},"yoast_head":"<!-- This site is optimized with the Yoast SEO plugin v27.5 - https:\/\/yoast.com\/product\/yoast-seo-wordpress\/ -->\n<title>REFUERZO KICKPORT BATERIA MOD. KP2 - Mexican Guitar Players<\/title>\n<meta name=\"description\" content=\"Refuerzo para bombo, minimiza el tono natural de cualquier bombo, mejora las frecuencia subs\u00f3nicas desde 20 - 80 kHz, aumenta el ataque y la definici\u00f3n con sensaci\u00f3n mejorada y mayor potencia, vers\u00e1til, asequible y f\u00e1cil de instalar, para todas las marcas de bater\u00eda y todos los g\u00e9neros musicales, tambi\u00e9n es compatiblecon los orificios pre cortados de 4.5\u201d a 5.25\u201d pulgadas.\" \/>\n<meta name=\"robots\" content=\"index, follow, max-snippet:-1, max-image-preview:large, max-video-preview:-1\" \/>\n<link rel=\"canonical\" href=\"https:\/\/www.mexicanguitarplayers.com\/en\/tienda\/sin%20categor\u00eda\/refuerzo-kickport-bateria-mod-kp2\/\" \/>\n<meta property=\"og:locale\" content=\"en_US\" \/>\n<meta property=\"og:type\" content=\"article\" \/>\n<meta property=\"og:title\" content=\"REFUERZO KICKPORT BATERIA MOD. KP2 - Mexican Guitar Players\" \/>\n<meta property=\"og:description\" content=\"Refuerzo para bombo, minimiza el tono natural de cualquier bombo, mejora las frecuencia subs\u00f3nicas desde 20 - 80 kHz, aumenta el ataque y la definici\u00f3n con sensaci\u00f3n mejorada y mayor potencia, vers\u00e1til, asequible y f\u00e1cil de instalar, para todas las marcas de bater\u00eda y todos los g\u00e9neros musicales, tambi\u00e9n es compatiblecon los orificios pre cortados de 4.5\u201d a 5.25\u201d pulgadas.\" \/>\n<meta property=\"og:url\" content=\"https:\/\/www.mexicanguitarplayers.com\/en\/tienda\/sin categor\u00eda\/refuerzo-kickport-bateria-mod-kp2\/\" \/>\n<meta property=\"og:site_name\" content=\"Mexican Guitar Players\" \/>\n<meta property=\"article:modified_time\" content=\"2026-04-10T10:43:22+00:00\" \/>\n<meta name=\"twitter:card\" content=\"summary_large_image\" \/>\n<meta name=\"twitter:label1\" content=\"Est. reading time\" \/>\n\t<meta name=\"twitter:data1\" content=\"1 minute\" \/>\n<script type=\"application\/ld+json\" class=\"yoast-schema-graph\">{\"@context\":\"https:\\\/\\\/schema.org\",\"@graph\":[{\"@type\":[\"WebPage\",\"ItemPage\"],\"@id\":\"https:\\\/\\\/www.mexicanguitarplayers.com\\\/tienda\\\/sin categor\u00eda\\\/refuerzo-kickport-bateria-mod-kp2\\\/\",\"url\":\"https:\\\/\\\/www.mexicanguitarplayers.com\\\/tienda\\\/sin categor\u00eda\\\/refuerzo-kickport-bateria-mod-kp2\\\/\",\"name\":\"REFUERZO KICKPORT BATERIA MOD. KP2 - Mexican Guitar Players\",\"isPartOf\":{\"@id\":\"https:\\\/\\\/www.mexicanguitarplayers.com\\\/#website\"},\"primaryImageOfPage\":{\"@id\":\"https:\\\/\\\/www.mexicanguitarplayers.com\\\/tienda\\\/sin categor\u00eda\\\/refuerzo-kickport-bateria-mod-kp2\\\/#primaryimage\"},\"image\":{\"@id\":\"https:\\\/\\\/www.mexicanguitarplayers.com\\\/tienda\\\/sin categor\u00eda\\\/refuerzo-kickport-bateria-mod-kp2\\\/#primaryimage\"},\"thumbnailUrl\":\"https:\\\/\\\/www.mexicanguitarplayers.com\\\/wp-content\\\/uploads\\\/2025\\\/04\\\/RAKICDSKP2.jpg\",\"datePublished\":\"2025-04-07T04:01:37+00:00\",\"dateModified\":\"2026-04-10T10:43:22+00:00\",\"description\":\"Refuerzo para bombo, minimiza el tono natural de cualquier bombo, mejora las frecuencia subs\u00f3nicas desde 20 - 80 kHz, aumenta el ataque y la definici\u00f3n con sensaci\u00f3n mejorada y mayor potencia, vers\u00e1til, asequible y f\u00e1cil de instalar, para todas las marcas de bater\u00eda y todos los g\u00e9neros musicales, tambi\u00e9n es compatiblecon los orificios pre cortados de 4.5\u201d a 5.25\u201d pulgadas.\",\"breadcrumb\":{\"@id\":\"https:\\\/\\\/www.mexicanguitarplayers.com\\\/tienda\\\/sin categor\u00eda\\\/refuerzo-kickport-bateria-mod-kp2\\\/#breadcrumb\"},\"inLanguage\":\"en-US\",\"potentialAction\":[{\"@type\":\"ReadAction\",\"target\":[\"https:\\\/\\\/www.mexicanguitarplayers.com\\\/tienda\\\/sin categor\u00eda\\\/refuerzo-kickport-bateria-mod-kp2\\\/\"]}]},{\"@type\":\"ImageObject\",\"inLanguage\":\"en-US\",\"@id\":\"https:\\\/\\\/www.mexicanguitarplayers.com\\\/tienda\\\/sin categor\u00eda\\\/refuerzo-kickport-bateria-mod-kp2\\\/#primaryimage\",\"url\":\"https:\\\/\\\/www.mexicanguitarplayers.com\\\/wp-content\\\/uploads\\\/2025\\\/04\\\/RAKICDSKP2.jpg\",\"contentUrl\":\"https:\\\/\\\/www.mexicanguitarplayers.com\\\/wp-content\\\/uploads\\\/2025\\\/04\\\/RAKICDSKP2.jpg\",\"width\":1200,\"height\":1200},{\"@type\":\"BreadcrumbList\",\"@id\":\"https:\\\/\\\/www.mexicanguitarplayers.com\\\/tienda\\\/sin categor\u00eda\\\/refuerzo-kickport-bateria-mod-kp2\\\/#breadcrumb\",\"itemListElement\":[{\"@type\":\"ListItem\",\"position\":1,\"name\":\"Portada\",\"item\":\"https:\\\/\\\/www.mexicanguitarplayers.com\\\/\"},{\"@type\":\"ListItem\",\"position\":2,\"name\":\"Tienda\",\"item\":\"https:\\\/\\\/www.mexicanguitarplayers.com\\\/tienda\\\/\"},{\"@type\":\"ListItem\",\"position\":3,\"name\":\"REFUERZO KICKPORT BATERIA MOD. KP2\"}]},{\"@type\":\"WebSite\",\"@id\":\"https:\\\/\\\/www.mexicanguitarplayers.com\\\/#website\",\"url\":\"https:\\\/\\\/www.mexicanguitarplayers.com\\\/\",\"name\":\"Mexican Guitar Players\",\"description\":\"Website\",\"publisher\":{\"@id\":\"https:\\\/\\\/www.mexicanguitarplayers.com\\\/#organization\"},\"potentialAction\":[{\"@type\":\"SearchAction\",\"target\":{\"@type\":\"EntryPoint\",\"urlTemplate\":\"https:\\\/\\\/www.mexicanguitarplayers.com\\\/?s={search_term_string}\"},\"query-input\":{\"@type\":\"PropertyValueSpecification\",\"valueRequired\":true,\"valueName\":\"search_term_string\"}}],\"inLanguage\":\"en-US\"},{\"@type\":\"Organization\",\"@id\":\"https:\\\/\\\/www.mexicanguitarplayers.com\\\/#organization\",\"name\":\"Mexican Guitar Players\",\"url\":\"https:\\\/\\\/www.mexicanguitarplayers.com\\\/\",\"logo\":{\"@type\":\"ImageObject\",\"inLanguage\":\"en-US\",\"@id\":\"https:\\\/\\\/www.mexicanguitarplayers.com\\\/#\\\/schema\\\/logo\\\/image\\\/\",\"url\":\"\",\"contentUrl\":\"\",\"caption\":\"Mexican Guitar Players\"},\"image\":{\"@id\":\"https:\\\/\\\/www.mexicanguitarplayers.com\\\/#\\\/schema\\\/logo\\\/image\\\/\"}}]}<\/script>\n<!-- \/ Yoast SEO plugin. -->","yoast_head_json":{"title":"REFUERZO KICKPORT BATERIA MOD. KP2 - Mexican Guitar Players","description":"Refuerzo para bombo, minimiza el tono natural de cualquier bombo, mejora las frecuencia subs\u00f3nicas desde 20 - 80 kHz, aumenta el ataque y la definici\u00f3n con sensaci\u00f3n mejorada y mayor potencia, vers\u00e1til, asequible y f\u00e1cil de instalar, para todas las marcas de bater\u00eda y todos los g\u00e9neros musicales, tambi\u00e9n es compatiblecon los orificios pre cortados de 4.5\u201d a 5.25\u201d pulgadas.","robots":{"index":"index","follow":"follow","max-snippet":"max-snippet:-1","max-image-preview":"max-image-preview:large","max-video-preview":"max-video-preview:-1"},"canonical":"https:\/\/www.mexicanguitarplayers.com\/en\/tienda\/sin categor\u00eda\/refuerzo-kickport-bateria-mod-kp2\/","og_locale":"en_US","og_type":"article","og_title":"REFUERZO KICKPORT BATERIA MOD. KP2 - Mexican Guitar Players","og_description":"Refuerzo para bombo, minimiza el tono natural de cualquier bombo, mejora las frecuencia subs\u00f3nicas desde 20 - 80 kHz, aumenta el ataque y la definici\u00f3n con sensaci\u00f3n mejorada y mayor potencia, vers\u00e1til, asequible y f\u00e1cil de instalar, para todas las marcas de bater\u00eda y todos los g\u00e9neros musicales, tambi\u00e9n es compatiblecon los orificios pre cortados de 4.5\u201d a 5.25\u201d pulgadas.","og_url":"https:\/\/www.mexicanguitarplayers.com\/en\/tienda\/sin categor\u00eda\/refuerzo-kickport-bateria-mod-kp2\/","og_site_name":"Mexican Guitar Players","article_modified_time":"2026-04-10T10:43:22+00:00","twitter_card":"summary_large_image","twitter_misc":{"Est. reading time":"1 minute"},"schema":{"@context":"https:\/\/schema.org","@graph":[{"@type":["WebPage","ItemPage"],"@id":"https:\/\/www.mexicanguitarplayers.com\/tienda\/sin categor\u00eda\/refuerzo-kickport-bateria-mod-kp2\/","url":"https:\/\/www.mexicanguitarplayers.com\/tienda\/sin categor\u00eda\/refuerzo-kickport-bateria-mod-kp2\/","name":"REFUERZO KICKPORT BATERIA MOD. KP2 - Mexican Guitar Players","isPartOf":{"@id":"https:\/\/www.mexicanguitarplayers.com\/#website"},"primaryImageOfPage":{"@id":"https:\/\/www.mexicanguitarplayers.com\/tienda\/sin categor\u00eda\/refuerzo-kickport-bateria-mod-kp2\/#primaryimage"},"image":{"@id":"https:\/\/www.mexicanguitarplayers.com\/tienda\/sin categor\u00eda\/refuerzo-kickport-bateria-mod-kp2\/#primaryimage"},"thumbnailUrl":"https:\/\/www.mexicanguitarplayers.com\/wp-content\/uploads\/2025\/04\/RAKICDSKP2.jpg","datePublished":"2025-04-07T04:01:37+00:00","dateModified":"2026-04-10T10:43:22+00:00","description":"Refuerzo para bombo, minimiza el tono natural de cualquier bombo, mejora las frecuencia subs\u00f3nicas desde 20 - 80 kHz, aumenta el ataque y la definici\u00f3n con sensaci\u00f3n mejorada y mayor potencia, vers\u00e1til, asequible y f\u00e1cil de instalar, para todas las marcas de bater\u00eda y todos los g\u00e9neros musicales, tambi\u00e9n es compatiblecon los orificios pre cortados de 4.5\u201d a 5.25\u201d pulgadas.","breadcrumb":{"@id":"https:\/\/www.mexicanguitarplayers.com\/tienda\/sin categor\u00eda\/refuerzo-kickport-bateria-mod-kp2\/#breadcrumb"},"inLanguage":"en-US","potentialAction":[{"@type":"ReadAction","target":["https:\/\/www.mexicanguitarplayers.com\/tienda\/sin categor\u00eda\/refuerzo-kickport-bateria-mod-kp2\/"]}]},{"@type":"ImageObject","inLanguage":"en-US","@id":"https:\/\/www.mexicanguitarplayers.com\/tienda\/sin categor\u00eda\/refuerzo-kickport-bateria-mod-kp2\/#primaryimage","url":"https:\/\/www.mexicanguitarplayers.com\/wp-content\/uploads\/2025\/04\/RAKICDSKP2.jpg","contentUrl":"https:\/\/www.mexicanguitarplayers.com\/wp-content\/uploads\/2025\/04\/RAKICDSKP2.jpg","width":1200,"height":1200},{"@type":"BreadcrumbList","@id":"https:\/\/www.mexicanguitarplayers.com\/tienda\/sin categor\u00eda\/refuerzo-kickport-bateria-mod-kp2\/#breadcrumb","itemListElement":[{"@type":"ListItem","position":1,"name":"Portada","item":"https:\/\/www.mexicanguitarplayers.com\/"},{"@type":"ListItem","position":2,"name":"Tienda","item":"https:\/\/www.mexicanguitarplayers.com\/tienda\/"},{"@type":"ListItem","position":3,"name":"REFUERZO KICKPORT BATERIA MOD. KP2"}]},{"@type":"WebSite","@id":"https:\/\/www.mexicanguitarplayers.com\/#website","url":"https:\/\/www.mexicanguitarplayers.com\/","name":"Mexican Guitar Players","description":"Website","publisher":{"@id":"https:\/\/www.mexicanguitarplayers.com\/#organization"},"potentialAction":[{"@type":"SearchAction","target":{"@type":"EntryPoint","urlTemplate":"https:\/\/www.mexicanguitarplayers.com\/?s={search_term_string}"},"query-input":{"@type":"PropertyValueSpecification","valueRequired":true,"valueName":"search_term_string"}}],"inLanguage":"en-US"},{"@type":"Organization","@id":"https:\/\/www.mexicanguitarplayers.com\/#organization","name":"Mexican Guitar Players","url":"https:\/\/www.mexicanguitarplayers.com\/","logo":{"@type":"ImageObject","inLanguage":"en-US","@id":"https:\/\/www.mexicanguitarplayers.com\/#\/schema\/logo\/image\/","url":"","contentUrl":"","caption":"Mexican Guitar Players"},"image":{"@id":"https:\/\/www.mexicanguitarplayers.com\/#\/schema\/logo\/image\/"}}]}},"brands":[{"id":444,"name":"KICKPORT","slug":"kickport"}],"_links":{"self":[{"href":"https:\/\/www.mexicanguitarplayers.com\/en\/wp-json\/wp\/v2\/product\/26732","targetHints":{"allow":["GET"]}}],"collection":[{"href":"https:\/\/www.mexicanguitarplayers.com\/en\/wp-json\/wp\/v2\/product"}],"about":[{"href":"https:\/\/www.mexicanguitarplayers.com\/en\/wp-json\/wp\/v2\/types\/product"}],"replies":[{"embeddable":true,"href":"https:\/\/www.mexicanguitarplayers.com\/en\/wp-json\/wp\/v2\/comments?post=26732"}],"wp:featuredmedia":[{"embeddable":true,"href":"https:\/\/www.mexicanguitarplayers.com\/en\/wp-json\/wp\/v2\/media\/26724"}],"wp:attachment":[{"href":"https:\/\/www.mexicanguitarplayers.com\/en\/wp-json\/wp\/v2\/media?parent=26732"}],"wp:term":[{"taxonomy":"pwb-brand","embeddable":true,"href":"https:\/\/www.mexicanguitarplayers.com\/en\/wp-json\/wp\/v2\/pwb-brand?post=26732"},{"taxonomy":"product_brand","embeddable":true,"href":"https:\/\/www.mexicanguitarplayers.com\/en\/wp-json\/wp\/v2\/product_brand?post=26732"},{"taxonomy":"product_cat","embeddable":true,"href":"https:\/\/www.mexicanguitarplayers.com\/en\/wp-json\/wp\/v2\/product_cat?post=26732"},{"taxonomy":"product_tag","embeddable":true,"href":"https:\/\/www.mexicanguitarplayers.com\/en\/wp-json\/wp\/v2\/product_tag?post=26732"}],"curies":[{"name":"wp","href":"https:\/\/api.w.org\/{rel}","templated":true}]}}