{"id":26756,"date":"2025-04-06T22:03:17","date_gmt":"2025-04-07T04:03:17","guid":{"rendered":"https:\/\/www.mexicanguitarplayers.com\/tienda\/sin categor\u00eda\/bocina-eighteen-sound-6-5-6ntlw2000-16\/"},"modified":"2026-01-14T04:30:13","modified_gmt":"2026-01-14T10:30:13","slug":"bocina-eighteen-sound-6-5-6ntlw2000-16","status":"publish","type":"product","link":"https:\/\/www.mexicanguitarplayers.com\/en\/tienda\/audio\/bafles-y-bocinas\/bocinas-y-componentes\/agudos\/bocina-eighteen-sound-6-5-6ntlw2000-16\/","title":{"rendered":"BOCINA EIGHTEEN SOUND 6.5  6NTLW2000\/16"},"content":{"rendered":"<div style=\"text-align: justify\">\n<div>\n<h3>La mejor respuesta para medios-graves en arreglo lineal.<\/h3>\n<\/div>\n<div>El altavoz 6NTLW2000 representa la \u00faltima tecnolog\u00eda de Eighteen Sound para aplicaciones de alta calidad y baja distorsi\u00f3n. La estructura de motor Tetracoil m\u00e1s peque\u00f1a de la familia utiliza el mismo concepto para maximizar sus beneficios en t\u00e9rminos de disipaci\u00f3n t\u00e9rmica y simetr\u00eda BI en una amplia banda de frecuencias, lo que convierte al 6NTLW2000 en el componente perfecto tanto para woofer como para midbass. Los motores Tetracoil linealizan la inductancia y el equilibrio perfecto que alcanzamos entre el motor y la suspensi\u00f3n ultra l\u00ednea permite una excursi\u00f3n muy alta y una precisi\u00f3n extrema en la banda media con la distorsi\u00f3n de intermodulaci\u00f3n m\u00e1s baja del mercado. Estas caracter\u00edsticas junto con su peso extremadamente bajo, hacen del 6NTLW2000 el componente perfecto para arreglos lineales y sistemas multiv\u00eda de la m\u00e1s alta calidad.<\/div>\n<div>\n<h4>Quick look<\/h4>\n<\/div>\n<ul style=\"margin: 0px 0px 0px 25px\">\n<li style=\"list-style-type: circle;margin: 5px\">Di\u00e1metro nominal.<\/li>\n<li style=\"list-style-type: circle;margin: 5px\">Nominal impedance.<\/li>\n<li style=\"list-style-type: circle;margin: 5px\">Impedancia m\u00ednima.<\/li>\n<li style=\"list-style-type: circle;margin: 5px\">Potencia nominal.<\/li>\n<li style=\"list-style-type: circle;margin: 5px\">Potencia continua.<\/li>\n<li style=\"list-style-type: circle;margin: 5px\">Sensitivity.<\/li>\n<li style=\"list-style-type: circle;margin: 5px\">Rango de frecuencia.<\/li>\n<li style=\"list-style-type: circle;margin: 5px\">Di\u00e1metro de la bobina m\u00f3vil.<\/li>\n<li style=\"list-style-type: circle;margin: 5px\">Material del bobinado.<\/li>\n<li style=\"list-style-type: circle;margin: 5px\">Profundidad del bobinado.<\/li>\n<li style=\"list-style-type: circle;margin: 5px\">Profundidad del espacio magn\u00e9tico.<\/li>\n<li style=\"list-style-type: circle;margin: 5px\">Frecuencia de resonancia.<\/li>\n<li style=\"list-style-type: circle;margin: 5px\">Resistencia DC.<\/li>\n<li style=\"list-style-type: circle;margin: 5px\">QES (Factor de calidad el\u00e9ctrica).<\/li>\n<li style=\"list-style-type: circle;margin: 5px\">QMS (Factor de calidad mec\u00e1nica).<\/li>\n<li style=\"list-style-type: circle;margin: 5px\">QTS (Factor de calidad total).<\/li>\n<li style=\"list-style-type: circle;margin: 5px\">VAS (Volumen de aire equivalente a CMS).<\/li>\n<li style=\"list-style-type: circle;margin: 5px\">SD (Superficie efectiva).<\/li>\n<li style=\"list-style-type: circle;margin: 5px\">XMAX (Desplazamiento m\u00e1ximo).<\/li>\n<li style=\"list-style-type: circle;margin: 5px\">MMS (Masa total del cono).<\/li>\n<li style=\"list-style-type: circle;margin: 5px\">Factor BL.<\/li>\n<li style=\"list-style-type: circle;margin: 5px\">Inductancia de la bobina m\u00f3vil (Le @ 1kHz).<\/li>\n<li style=\"list-style-type: circle;margin: 5px\">Forma envolvente.<\/li>\n<li style=\"list-style-type: circle;margin: 5px\">Forma del cono.<\/li>\n<li style=\"list-style-type: circle;margin: 5px\">Material magn\u00e9tico.<\/li>\n<li style=\"list-style-type: circle;margin: 5px\">Tratamiento del cono del woofer.<\/li>\n<li style=\"list-style-type: circle;margin: 5px\">Gabinete recomendado.<\/li>\n<li style=\"list-style-type: circle;margin: 5px\">Ajuste recomendado.<\/li>\n<li style=\"list-style-type: circle;margin: 5px\">Di\u00e1metro total.<\/li>\n<li style=\"list-style-type: circle;margin: 5px\">Di\u00e1metro del c\u00edrculo del perno.<\/li>\n<li style=\"list-style-type: circle;margin: 5px\">Di\u00e1metro del corte del bafle.<\/li>\n<li style=\"list-style-type: circle;margin: 5px\">Profundidad.<\/li>\n<li style=\"list-style-type: circle;margin: 5px\">Espesor de brida y junta.<\/li>\n<li style=\"list-style-type: circle;margin: 5px\">Weight.<\/li>\n<\/ul>\n<div>\n<div style=\"font-weight: bold\">Di\u00e1metro nominal.<\/div>\n<div>\n<p>6&#8243; pulgadas (152 mm).<\/p>\n<\/div>\n<div style=\"font-weight: bold\">Nominal impedance.<\/div>\n<div>\n<p>8 ohms.<\/p>\n<\/div>\n<div style=\"font-weight: bold\">Impedancia m\u00ednima.<\/div>\n<div>\n<p>5.5 ohms.<\/p>\n<\/div>\n<div style=\"font-weight: bold\">Potencia nominal.<\/div>\n<div>\n<p>320 W.<\/p>\n<\/div>\n<div style=\"font-weight: bold\">Potencia continua.<\/div>\n<div>\n<p>600 W.<\/p>\n<\/div>\n<div style=\"font-weight: bold\">Sensitivity.<\/div>\n<div>\n<p>93 dB.<\/p>\n<\/div>\n<div style=\"font-weight: bold\">Rango de frecuencia.<\/div>\n<div>\n<p>75 &#8211; 8,000 Hz.<\/p>\n<\/div>\n<div style=\"font-weight: bold\">Di\u00e1metro de la bobina m\u00f3vil.<\/div>\n<div>\n<p>2&#8243; pulgadas (51 mm).<\/p>\n<\/div>\n<div style=\"font-weight: bold\">Material del bobinado.<\/div>\n<div>\n<p>Aluminio.<\/p>\n<\/div>\n<div style=\"font-weight: bold\">Profundidad del bobinado.<\/div>\n<div>\n<p>0.63&#8243; pulgadas (16 mm).<\/p>\n<\/div>\n<div style=\"font-weight: bold\">Profundidad del espacio magn\u00e9tico.<\/div>\n<div>\n<p>0.33&#8243; pulgadas (8.5 mm).<\/p>\n<\/div>\n<div style=\"font-weight: bold\">Frecuencia de resonancia.<\/div>\n<div>\n<p>86 Hz.<\/p>\n<\/div>\n<div style=\"font-weight: bold\">Resistencia DC.<\/div>\n<div>\n<p>5.1 ohms.<\/p>\n<\/div>\n<div style=\"font-weight: bold\">QES (Factor de calidad el\u00e9ctrica).<\/div>\n<div>\n<p>0.38.<\/p>\n<\/div>\n<div style=\"font-weight: bold\">QMS (Factor de calidad mec\u00e1nica).<\/div>\n<div>\n<p>5.0.<\/p>\n<\/div>\n<div style=\"font-weight: bold\">QTS (Factor de calidad total).<\/div>\n<div>\n<p>0.35.<\/p>\n<\/div>\n<div style=\"font-weight: bold\">VAS (Volumen de aire equivalente a CMS).<\/div>\n<div>\n<p>4.6 dm3 (0.16 ft3).<\/p>\n<\/div>\n<div style=\"font-weight: bold\">SD (Superficie efectiva).<\/div>\n<div>\n<p>133.0 cm2 (20.62 in2).<\/p>\n<\/div>\n<div style=\"font-weight: bold\">XMAX (Desplazamiento m\u00e1ximo).<\/div>\n<div>\n<p>5.9 mm.<\/p>\n<\/div>\n<div style=\"font-weight: bold\">MMS (Masa total del cono).<\/div>\n<div>\n<p>19 g.<\/p>\n<\/div>\n<div style=\"font-weight: bold\">Factor BL.<\/div>\n<div>\n<p>11.6 Txm.<\/p>\n<\/div>\n<div style=\"font-weight: bold\">Inductancia de la bobina m\u00f3vil (Le @ 1kHz).<\/div>\n<div>\n<p>0.22 mH.<\/p>\n<\/div>\n<div style=\"font-weight: bold\">Forma envolvente.<\/div>\n<div>\n<p>M-roll.<\/p>\n<\/div>\n<div style=\"font-weight: bold\">Forma del cono.<\/div>\n<div>\n<p>Curvil\u00ednea.<\/p>\n<\/div>\n<div style=\"font-weight: bold\">Material magn\u00e9tico.<\/div>\n<div>\n<p>Neodimio.<\/p>\n<\/div>\n<div style=\"font-weight: bold\">Tratamiento del cono del woofer.<\/div>\n<div>\n<p>Protecci\u00f3n contra el clima.<\/p>\n<\/div>\n<div style=\"font-weight: bold\">Gabinete recomendado.<\/div>\n<div>\n<p>3.5 dm3 (0.12 ft3).<\/p>\n<\/div>\n<div style=\"font-weight: bold\">Ajuste recomendado.<\/div>\n<div>\n<p>85 Hz.<\/p>\n<\/div>\n<div style=\"font-weight: bold\">Di\u00e1metro total.<\/div>\n<div>\n<p>6.38&#8243; pulgadas (162 mm).<\/p>\n<\/div>\n<div style=\"font-weight: bold\">Di\u00e1metro del c\u00edrculo del perno.<\/div>\n<div>\n<p>6.69&#8243; pulgadas (170 mm).<\/p>\n<\/div>\n<div style=\"font-weight: bold\">Di\u00e1metro del corte del bafle.<\/div>\n<div>\n<p>5.83&#8243; pulgadas (148 mm).<\/p>\n<\/div>\n<div style=\"font-weight: bold\">Profundidad.<\/div>\n<div>\n<p>4.25&#8243; pulgadas (108 mm).<\/p>\n<\/div>\n<div style=\"font-weight: bold\">Espesor de brida y junta.<\/div>\n<div>\n<p>0.55&#8243; pulgadas (14 mm).<\/p>\n<\/div>\n<div style=\"font-weight: bold\">Weight.<\/div>\n<div>\n<p>1.2 kg.<\/p>\n<\/div>\n<\/div>\n<\/div>","protected":false},"excerpt":{"rendered":"<p>Altavoz de 6\u201d pulgadas, im\u00e1n de neodimio, impedancia: 16 ohms, motor ultra lineal Tetracoil, manejo de potencia AES de 320W y potencia continua de 600W, bobina m\u00f3vil de 2\u201d pulgadas, forma BL extremadamente equilibrada para un SPL m\u00e1ximo, conductividad t\u00e9rmica optimizada, m\u00e1xima linealidad y simetr\u00eda de inductancia para mayor claridad de banda media, ideal para aplicaciones de matriz en arreglos lineales s\u00faper ligeros, sensibilidad: 93 dB, rango de frecuencia: 75 &#8211; 8,000 Hz, peso: 1.2 kg.&hellip; <a class=\"kt-excerpt-readmore more-link\" href=\"https:\/\/www.mexicanguitarplayers.com\/en\/tienda\/audio\/bafles-y-bocinas\/bocinas-y-componentes\/agudos\/bocina-eighteen-sound-6-5-6ntlw2000-16\/\">Read more<\/a><\/p>","protected":false},"featured_media":26753,"comment_status":"open","ping_status":"closed","template":"","meta":{"kt_blocks_editor_width":""},"pwb-brand":[533],"product_brand":[],"product_cat":[530,213,221,474],"product_tag":[],"class_list":{"0":"post-26756","1":"product","2":"type-product","3":"status-publish","4":"has-post-thumbnail","6":"pwb-brand-eighteen-sound","7":"product_cat-agudos","8":"product_cat-audio","9":"product_cat-bafles-y-bocinas","10":"product_cat-bocinas-y-componentes","11":"product_shipping_class-0-5-kg","13":"first","14":"outofstock","15":"taxable","16":"shipping-taxable","17":"purchasable","18":"product-type-simple"},"yoast_head":"<!-- This site is optimized with the Yoast SEO plugin v27.3 - https:\/\/yoast.com\/product\/yoast-seo-wordpress\/ -->\n<title>BOCINA EIGHTEEN SOUND 6.5 6NTLW2000\/16 - Mexican Guitar Players<\/title>\n<meta name=\"description\" content=\"Altavoz de 6\u201d pulgadas, im\u00e1n de neodimio, impedancia: 16 ohms, motor ultra lineal Tetracoil, manejo de potencia AES de 320W y potencia continua de 600W, bobina m\u00f3vil de 2\u201d pulgadas, forma BL extremadamente equilibrada para un SPL m\u00e1ximo, conductividad t\u00e9rmica optimizada, m\u00e1xima linealidad y simetr\u00eda de inductancia para mayor claridad de banda media, ideal para aplicaciones de matriz en arreglos lineales s\u00faper ligeros, sensibilidad: 93 dB, rango de frecuencia: 75 - 8,000 Hz, peso: 1.2 kg.\" \/>\n<meta name=\"robots\" content=\"index, follow, max-snippet:-1, max-image-preview:large, max-video-preview:-1\" \/>\n<link rel=\"canonical\" href=\"https:\/\/www.mexicanguitarplayers.com\/en\/tienda\/sin%20categor\u00eda\/bocina-eighteen-sound-6-5-6ntlw2000-16\/\" \/>\n<meta property=\"og:locale\" content=\"en_US\" \/>\n<meta property=\"og:type\" content=\"article\" \/>\n<meta property=\"og:title\" content=\"BOCINA EIGHTEEN SOUND 6.5 6NTLW2000\/16 - Mexican Guitar Players\" \/>\n<meta property=\"og:description\" content=\"Altavoz de 6\u201d pulgadas, im\u00e1n de neodimio, impedancia: 16 ohms, motor ultra lineal Tetracoil, manejo de potencia AES de 320W y potencia continua de 600W, bobina m\u00f3vil de 2\u201d pulgadas, forma BL extremadamente equilibrada para un SPL m\u00e1ximo, conductividad t\u00e9rmica optimizada, m\u00e1xima linealidad y simetr\u00eda de inductancia para mayor claridad de banda media, ideal para aplicaciones de matriz en arreglos lineales s\u00faper ligeros, sensibilidad: 93 dB, rango de frecuencia: 75 - 8,000 Hz, peso: 1.2 kg.\" \/>\n<meta property=\"og:url\" content=\"https:\/\/www.mexicanguitarplayers.com\/en\/tienda\/sin categor\u00eda\/bocina-eighteen-sound-6-5-6ntlw2000-16\/\" \/>\n<meta property=\"og:site_name\" content=\"Mexican Guitar Players\" \/>\n<meta property=\"article:modified_time\" content=\"2026-01-14T10:30:13+00:00\" \/>\n<meta name=\"twitter:card\" content=\"summary_large_image\" \/>\n<meta name=\"twitter:label1\" content=\"Est. reading time\" \/>\n\t<meta name=\"twitter:data1\" content=\"2 minutes\" \/>\n<script type=\"application\/ld+json\" class=\"yoast-schema-graph\">{\"@context\":\"https:\\\/\\\/schema.org\",\"@graph\":[{\"@type\":[\"WebPage\",\"ItemPage\"],\"@id\":\"https:\\\/\\\/www.mexicanguitarplayers.com\\\/tienda\\\/sin categor\u00eda\\\/bocina-eighteen-sound-6-5-6ntlw2000-16\\\/\",\"url\":\"https:\\\/\\\/www.mexicanguitarplayers.com\\\/tienda\\\/sin categor\u00eda\\\/bocina-eighteen-sound-6-5-6ntlw2000-16\\\/\",\"name\":\"BOCINA EIGHTEEN SOUND 6.5 6NTLW2000\\\/16 - Mexican Guitar Players\",\"isPartOf\":{\"@id\":\"https:\\\/\\\/www.mexicanguitarplayers.com\\\/#website\"},\"primaryImageOfPage\":{\"@id\":\"https:\\\/\\\/www.mexicanguitarplayers.com\\\/tienda\\\/sin categor\u00eda\\\/bocina-eighteen-sound-6-5-6ntlw2000-16\\\/#primaryimage\"},\"image\":{\"@id\":\"https:\\\/\\\/www.mexicanguitarplayers.com\\\/tienda\\\/sin categor\u00eda\\\/bocina-eighteen-sound-6-5-6ntlw2000-16\\\/#primaryimage\"},\"thumbnailUrl\":\"https:\\\/\\\/www.mexicanguitarplayers.com\\\/wp-content\\\/uploads\\\/2025\\\/04\\\/IAEIG6NTLW2000.jpg\",\"datePublished\":\"2025-04-07T04:03:17+00:00\",\"dateModified\":\"2026-01-14T10:30:13+00:00\",\"description\":\"Altavoz de 6\u201d pulgadas, im\u00e1n de neodimio, impedancia: 16 ohms, motor ultra lineal Tetracoil, manejo de potencia AES de 320W y potencia continua de 600W, bobina m\u00f3vil de 2\u201d pulgadas, forma BL extremadamente equilibrada para un SPL m\u00e1ximo, conductividad t\u00e9rmica optimizada, m\u00e1xima linealidad y simetr\u00eda de inductancia para mayor claridad de banda media, ideal para aplicaciones de matriz en arreglos lineales s\u00faper ligeros, sensibilidad: 93 dB, rango de frecuencia: 75 - 8,000 Hz, peso: 1.2 kg.\",\"breadcrumb\":{\"@id\":\"https:\\\/\\\/www.mexicanguitarplayers.com\\\/tienda\\\/sin categor\u00eda\\\/bocina-eighteen-sound-6-5-6ntlw2000-16\\\/#breadcrumb\"},\"inLanguage\":\"en-US\",\"potentialAction\":[{\"@type\":\"ReadAction\",\"target\":[\"https:\\\/\\\/www.mexicanguitarplayers.com\\\/tienda\\\/sin categor\u00eda\\\/bocina-eighteen-sound-6-5-6ntlw2000-16\\\/\"]}]},{\"@type\":\"ImageObject\",\"inLanguage\":\"en-US\",\"@id\":\"https:\\\/\\\/www.mexicanguitarplayers.com\\\/tienda\\\/sin categor\u00eda\\\/bocina-eighteen-sound-6-5-6ntlw2000-16\\\/#primaryimage\",\"url\":\"https:\\\/\\\/www.mexicanguitarplayers.com\\\/wp-content\\\/uploads\\\/2025\\\/04\\\/IAEIG6NTLW2000.jpg\",\"contentUrl\":\"https:\\\/\\\/www.mexicanguitarplayers.com\\\/wp-content\\\/uploads\\\/2025\\\/04\\\/IAEIG6NTLW2000.jpg\",\"width\":1200,\"height\":1200},{\"@type\":\"BreadcrumbList\",\"@id\":\"https:\\\/\\\/www.mexicanguitarplayers.com\\\/tienda\\\/sin categor\u00eda\\\/bocina-eighteen-sound-6-5-6ntlw2000-16\\\/#breadcrumb\",\"itemListElement\":[{\"@type\":\"ListItem\",\"position\":1,\"name\":\"Portada\",\"item\":\"https:\\\/\\\/www.mexicanguitarplayers.com\\\/\"},{\"@type\":\"ListItem\",\"position\":2,\"name\":\"Tienda\",\"item\":\"https:\\\/\\\/www.mexicanguitarplayers.com\\\/tienda\\\/\"},{\"@type\":\"ListItem\",\"position\":3,\"name\":\"BOCINA EIGHTEEN SOUND 6.5 6NTLW2000\\\/16\"}]},{\"@type\":\"WebSite\",\"@id\":\"https:\\\/\\\/www.mexicanguitarplayers.com\\\/#website\",\"url\":\"https:\\\/\\\/www.mexicanguitarplayers.com\\\/\",\"name\":\"Mexican Guitar Players\",\"description\":\"Website\",\"publisher\":{\"@id\":\"https:\\\/\\\/www.mexicanguitarplayers.com\\\/#organization\"},\"potentialAction\":[{\"@type\":\"SearchAction\",\"target\":{\"@type\":\"EntryPoint\",\"urlTemplate\":\"https:\\\/\\\/www.mexicanguitarplayers.com\\\/?s={search_term_string}\"},\"query-input\":{\"@type\":\"PropertyValueSpecification\",\"valueRequired\":true,\"valueName\":\"search_term_string\"}}],\"inLanguage\":\"en-US\"},{\"@type\":\"Organization\",\"@id\":\"https:\\\/\\\/www.mexicanguitarplayers.com\\\/#organization\",\"name\":\"Mexican Guitar Players\",\"url\":\"https:\\\/\\\/www.mexicanguitarplayers.com\\\/\",\"logo\":{\"@type\":\"ImageObject\",\"inLanguage\":\"en-US\",\"@id\":\"https:\\\/\\\/www.mexicanguitarplayers.com\\\/#\\\/schema\\\/logo\\\/image\\\/\",\"url\":\"\",\"contentUrl\":\"\",\"caption\":\"Mexican Guitar Players\"},\"image\":{\"@id\":\"https:\\\/\\\/www.mexicanguitarplayers.com\\\/#\\\/schema\\\/logo\\\/image\\\/\"}}]}<\/script>\n<!-- \/ Yoast SEO plugin. -->","yoast_head_json":{"title":"BOCINA EIGHTEEN SOUND 6.5 6NTLW2000\/16 - Mexican Guitar Players","description":"Altavoz de 6\u201d pulgadas, im\u00e1n de neodimio, impedancia: 16 ohms, motor ultra lineal Tetracoil, manejo de potencia AES de 320W y potencia continua de 600W, bobina m\u00f3vil de 2\u201d pulgadas, forma BL extremadamente equilibrada para un SPL m\u00e1ximo, conductividad t\u00e9rmica optimizada, m\u00e1xima linealidad y simetr\u00eda de inductancia para mayor claridad de banda media, ideal para aplicaciones de matriz en arreglos lineales s\u00faper ligeros, sensibilidad: 93 dB, rango de frecuencia: 75 - 8,000 Hz, peso: 1.2 kg.","robots":{"index":"index","follow":"follow","max-snippet":"max-snippet:-1","max-image-preview":"max-image-preview:large","max-video-preview":"max-video-preview:-1"},"canonical":"https:\/\/www.mexicanguitarplayers.com\/en\/tienda\/sin categor\u00eda\/bocina-eighteen-sound-6-5-6ntlw2000-16\/","og_locale":"en_US","og_type":"article","og_title":"BOCINA EIGHTEEN SOUND 6.5 6NTLW2000\/16 - Mexican Guitar Players","og_description":"Altavoz de 6\u201d pulgadas, im\u00e1n de neodimio, impedancia: 16 ohms, motor ultra lineal Tetracoil, manejo de potencia AES de 320W y potencia continua de 600W, bobina m\u00f3vil de 2\u201d pulgadas, forma BL extremadamente equilibrada para un SPL m\u00e1ximo, conductividad t\u00e9rmica optimizada, m\u00e1xima linealidad y simetr\u00eda de inductancia para mayor claridad de banda media, ideal para aplicaciones de matriz en arreglos lineales s\u00faper ligeros, sensibilidad: 93 dB, rango de frecuencia: 75 - 8,000 Hz, peso: 1.2 kg.","og_url":"https:\/\/www.mexicanguitarplayers.com\/en\/tienda\/sin categor\u00eda\/bocina-eighteen-sound-6-5-6ntlw2000-16\/","og_site_name":"Mexican Guitar Players","article_modified_time":"2026-01-14T10:30:13+00:00","twitter_card":"summary_large_image","twitter_misc":{"Est. reading time":"2 minutes"},"schema":{"@context":"https:\/\/schema.org","@graph":[{"@type":["WebPage","ItemPage"],"@id":"https:\/\/www.mexicanguitarplayers.com\/tienda\/sin categor\u00eda\/bocina-eighteen-sound-6-5-6ntlw2000-16\/","url":"https:\/\/www.mexicanguitarplayers.com\/tienda\/sin categor\u00eda\/bocina-eighteen-sound-6-5-6ntlw2000-16\/","name":"BOCINA EIGHTEEN SOUND 6.5 6NTLW2000\/16 - Mexican Guitar Players","isPartOf":{"@id":"https:\/\/www.mexicanguitarplayers.com\/#website"},"primaryImageOfPage":{"@id":"https:\/\/www.mexicanguitarplayers.com\/tienda\/sin categor\u00eda\/bocina-eighteen-sound-6-5-6ntlw2000-16\/#primaryimage"},"image":{"@id":"https:\/\/www.mexicanguitarplayers.com\/tienda\/sin categor\u00eda\/bocina-eighteen-sound-6-5-6ntlw2000-16\/#primaryimage"},"thumbnailUrl":"https:\/\/www.mexicanguitarplayers.com\/wp-content\/uploads\/2025\/04\/IAEIG6NTLW2000.jpg","datePublished":"2025-04-07T04:03:17+00:00","dateModified":"2026-01-14T10:30:13+00:00","description":"Altavoz de 6\u201d pulgadas, im\u00e1n de neodimio, impedancia: 16 ohms, motor ultra lineal Tetracoil, manejo de potencia AES de 320W y potencia continua de 600W, bobina m\u00f3vil de 2\u201d pulgadas, forma BL extremadamente equilibrada para un SPL m\u00e1ximo, conductividad t\u00e9rmica optimizada, m\u00e1xima linealidad y simetr\u00eda de inductancia para mayor claridad de banda media, ideal para aplicaciones de matriz en arreglos lineales s\u00faper ligeros, sensibilidad: 93 dB, rango de frecuencia: 75 - 8,000 Hz, peso: 1.2 kg.","breadcrumb":{"@id":"https:\/\/www.mexicanguitarplayers.com\/tienda\/sin categor\u00eda\/bocina-eighteen-sound-6-5-6ntlw2000-16\/#breadcrumb"},"inLanguage":"en-US","potentialAction":[{"@type":"ReadAction","target":["https:\/\/www.mexicanguitarplayers.com\/tienda\/sin categor\u00eda\/bocina-eighteen-sound-6-5-6ntlw2000-16\/"]}]},{"@type":"ImageObject","inLanguage":"en-US","@id":"https:\/\/www.mexicanguitarplayers.com\/tienda\/sin categor\u00eda\/bocina-eighteen-sound-6-5-6ntlw2000-16\/#primaryimage","url":"https:\/\/www.mexicanguitarplayers.com\/wp-content\/uploads\/2025\/04\/IAEIG6NTLW2000.jpg","contentUrl":"https:\/\/www.mexicanguitarplayers.com\/wp-content\/uploads\/2025\/04\/IAEIG6NTLW2000.jpg","width":1200,"height":1200},{"@type":"BreadcrumbList","@id":"https:\/\/www.mexicanguitarplayers.com\/tienda\/sin categor\u00eda\/bocina-eighteen-sound-6-5-6ntlw2000-16\/#breadcrumb","itemListElement":[{"@type":"ListItem","position":1,"name":"Portada","item":"https:\/\/www.mexicanguitarplayers.com\/"},{"@type":"ListItem","position":2,"name":"Tienda","item":"https:\/\/www.mexicanguitarplayers.com\/tienda\/"},{"@type":"ListItem","position":3,"name":"BOCINA EIGHTEEN SOUND 6.5 6NTLW2000\/16"}]},{"@type":"WebSite","@id":"https:\/\/www.mexicanguitarplayers.com\/#website","url":"https:\/\/www.mexicanguitarplayers.com\/","name":"Mexican Guitar Players","description":"Website","publisher":{"@id":"https:\/\/www.mexicanguitarplayers.com\/#organization"},"potentialAction":[{"@type":"SearchAction","target":{"@type":"EntryPoint","urlTemplate":"https:\/\/www.mexicanguitarplayers.com\/?s={search_term_string}"},"query-input":{"@type":"PropertyValueSpecification","valueRequired":true,"valueName":"search_term_string"}}],"inLanguage":"en-US"},{"@type":"Organization","@id":"https:\/\/www.mexicanguitarplayers.com\/#organization","name":"Mexican Guitar Players","url":"https:\/\/www.mexicanguitarplayers.com\/","logo":{"@type":"ImageObject","inLanguage":"en-US","@id":"https:\/\/www.mexicanguitarplayers.com\/#\/schema\/logo\/image\/","url":"","contentUrl":"","caption":"Mexican Guitar Players"},"image":{"@id":"https:\/\/www.mexicanguitarplayers.com\/#\/schema\/logo\/image\/"}}]}},"brands":[{"id":533,"name":"EIGHTEEN SOUND","slug":"eighteen-sound"}],"_links":{"self":[{"href":"https:\/\/www.mexicanguitarplayers.com\/en\/wp-json\/wp\/v2\/product\/26756","targetHints":{"allow":["GET"]}}],"collection":[{"href":"https:\/\/www.mexicanguitarplayers.com\/en\/wp-json\/wp\/v2\/product"}],"about":[{"href":"https:\/\/www.mexicanguitarplayers.com\/en\/wp-json\/wp\/v2\/types\/product"}],"replies":[{"embeddable":true,"href":"https:\/\/www.mexicanguitarplayers.com\/en\/wp-json\/wp\/v2\/comments?post=26756"}],"wp:featuredmedia":[{"embeddable":true,"href":"https:\/\/www.mexicanguitarplayers.com\/en\/wp-json\/wp\/v2\/media\/26753"}],"wp:attachment":[{"href":"https:\/\/www.mexicanguitarplayers.com\/en\/wp-json\/wp\/v2\/media?parent=26756"}],"wp:term":[{"taxonomy":"pwb-brand","embeddable":true,"href":"https:\/\/www.mexicanguitarplayers.com\/en\/wp-json\/wp\/v2\/pwb-brand?post=26756"},{"taxonomy":"product_brand","embeddable":true,"href":"https:\/\/www.mexicanguitarplayers.com\/en\/wp-json\/wp\/v2\/product_brand?post=26756"},{"taxonomy":"product_cat","embeddable":true,"href":"https:\/\/www.mexicanguitarplayers.com\/en\/wp-json\/wp\/v2\/product_cat?post=26756"},{"taxonomy":"product_tag","embeddable":true,"href":"https:\/\/www.mexicanguitarplayers.com\/en\/wp-json\/wp\/v2\/product_tag?post=26756"}],"curies":[{"name":"wp","href":"https:\/\/api.w.org\/{rel}","templated":true}]}}