{"id":26775,"date":"2025-04-06T22:04:38","date_gmt":"2025-04-07T04:04:38","guid":{"rendered":"https:\/\/www.mexicanguitarplayers.com\/tienda\/sin categor\u00eda\/audifonos-neumann-mod-ndh-20\/"},"modified":"2025-04-06T22:04:38","modified_gmt":"2025-04-07T04:04:38","slug":"audifonos-neumann-mod-ndh-20","status":"publish","type":"product","link":"https:\/\/www.mexicanguitarplayers.com\/en\/tienda\/audio\/audifonos\/audifono-alambrico\/audifono-para-estudio\/audifonos-neumann-mod-ndh-20\/","title":{"rendered":"AUDIFONOS NEUMANN MOD. NDH 20"},"content":{"rendered":"<div style=\"text-align: justify\">\n<div>\n<h3>Escucha y mezcla en el estudio, en casa o en movimiento.<\/h3>\n<\/div>\n<div>Los Neumann NDH 20 son aud\u00edfonos cerrados que combinan un aislamiento excelente con una imagen sonora cuidadosamente equilibrada y la resoluci\u00f3n excepcional que se espera de un producto Neumann. Por lo tanto, los NDH 20 son ideales para labores de monitoreo y mezcla, incluso en entornos muy ruidosos. Las almohadillas circumaurales de espuma viscoel\u00e1stica ofrecen gran comodidad durante periodos prolongados. Mientras muchos otros aud\u00edfonos cerrados se ven empa\u00f1ados por resonancias desagradables en la banda media, lo que dificulta la toma de decisiones de mezcla confiables, los NDH 20 ofrecen una imagen de sonido asombrosamente detallada y bien equilibrada, similar a la de las aclamadas bocinas de estudio de Neumann. El sonido superior junto con las almohadillas grandes de espuma viscoel\u00e1stica hacen que utilizar los NDH 20 durante largos periodos sea placentero y que el usuario no se canse de llevarlos puestos. NDH 20 utiliza controladores recientemente dise\u00f1ados (38 mm \/ 1.5\u201c) con imanes de neodimio de alto gauss para garantizar una alta sensibilidad y una distorsi\u00f3n minimizada, lo que permite al usuario escuchar la se\u00f1al de audio pura sin coloraciones no deseadas. La construcci\u00f3n mec\u00e1nica tambi\u00e9n cumple con los m\u00e1s altos est\u00e1ndares. La diadema ajustable est\u00e1 hecha de acero flexible, mientras que las cubiertas de los aud\u00edfonos est\u00e1n fabricadas con aluminio ligero. Para facilitar el transporte, los aud\u00edfonos son plegables y se pueden colocar en el estuche de tela suave incluido. Tambi\u00e9n se incluyen dos cables desmontables (uno recto y otro en espiral) y un adaptador de 6.3 mm (1\/4\u201d). Los NDH 20 son aud\u00edfonos adecuados para todas las aplicaciones que requieren un alto aislamiento de sonido, como monitoreo para m\u00fasicos e ingenieros en la sala de tracking, as\u00ed como trabajo de FOH. Tambi\u00e9n son una excelente opci\u00f3n para la escucha cr\u00edtica, ya que al no tener fugas se puede escuchar el sonido libre de perturbaciones del mundo exterior y, a su vez, sin causar molestias a las personas cercanas. Gracias a su respuesta de frecuencia extendida que va de 5 Hz a 30 kHz, el NDH 20 es particularmente \u00fatil para verificar los extremos superior e inferior de la banda de audio. A diferencia de la mayor\u00eda de los otros aud\u00edfonos cerrados, Neumann NDH 20 tambi\u00e9n son aptos para mezclar. Una respuesta de frecuencia inusualmente uniforme y una imagen est\u00e9reo natural permiten mezclar con confianza y garantizan la compatibilidad con todos los sistemas de reproducci\u00f3n. Por lo tanto, los aud\u00edfonos NDH 20 son una herramienta indispensable para trabajar en movimiento. Por supuesto, tambi\u00e9n son excelentes aud\u00edfonos para el entretenimiento de los audi\u00f3filos.<\/div>\n<div>\n<h4>Quick look<\/h4>\n<\/div>\n<ul style=\"margin: 0px 0px 0px 25px\">\n<li style=\"list-style-type: circle;margin: 5px\">Design.<\/li>\n<li style=\"list-style-type: circle;margin: 5px\">Transductores.<\/li>\n<li style=\"list-style-type: circle;margin: 5px\">Rango de frecuencia.<\/li>\n<li style=\"list-style-type: circle;margin: 5px\">Nivel de presi\u00f3n sonora.<\/li>\n<li style=\"list-style-type: circle;margin: 5px\">Manejo de potencia.<\/li>\n<li style=\"list-style-type: circle;margin: 5px\">Diadema.<\/li>\n<li style=\"list-style-type: circle;margin: 5px\">Cables.<\/li>\n<li style=\"list-style-type: circle;margin: 5px\">Adaptadores.<\/li>\n<li style=\"list-style-type: circle;margin: 5px\">Almohadillas.<\/li>\n<li style=\"list-style-type: circle;margin: 5px\">Weight.<\/li>\n<\/ul>\n<div>\n<div style=\"font-weight: bold\">Design.<\/div>\n<div>\n<p>Circumaural cerrado.<\/p>\n<\/div>\n<div style=\"font-weight: bold\">Transductores.<\/div>\n<div>\n<p>Transductores din\u00e1micos de 38 mm a 150 ohms.<\/p>\n<\/div>\n<div style=\"font-weight: bold\">Rango de frecuencia.<\/div>\n<div>\n<p>5 &#8211; 30,000 Hz.<\/p>\n<\/div>\n<div style=\"font-weight: bold\">Nivel de presi\u00f3n sonora.<\/div>\n<div>\n<p>114 dB (1 kHz, 1 Vrms).<\/p>\n<\/div>\n<div style=\"font-weight: bold\">Manejo de potencia.<\/div>\n<div>\n<p>Continuo: 200 mW. Pico: 1000 mW.<\/p>\n<\/div>\n<div style=\"font-weight: bold\">Diadema.<\/div>\n<div>\n<p>Diadema ajustable y plegable.<\/p>\n<\/div>\n<div style=\"font-weight: bold\">Cables.<\/div>\n<div>\n<p>Cable en espiral y cable recto de un solo lado, ambos desmontables y reemplazables.<\/p>\n<\/div>\n<div style=\"font-weight: bold\">Adaptadores.<\/div>\n<div>\n<p>Adaptador est\u00e9reo atornillable 6.3 mm (1\/4\u201d).<\/p>\n<\/div>\n<div style=\"font-weight: bold\">Almohadillas.<\/div>\n<div>\n<p>Almohadillas para las orejas reemplazables.<\/p>\n<\/div>\n<div style=\"font-weight: bold\">Weight.<\/div>\n<div>\n<p>390 g (sin cable).<\/p>\n<\/div>\n<\/div>\n<\/div>","protected":false},"excerpt":{"rendered":"<p>Aud\u00edfonos premium cerrados de calidad estudio para monitorear, editar y mezclar, sonido lineal balanceado, excelente aislamiento que permite trabajar en entornos ruidosos, sonido transparente con alta resoluci\u00f3n, gran comodidad por periodos largos, f\u00e1cil transportaci\u00f3n, sonido con calidad estudio y una resoluci\u00f3n sorprendente, construcci\u00f3n de metal de alta calidad, dise\u00f1o plegable, transductores din\u00e1micos de 38 mm a 150 ohms, rango de frecuencia: 5 &#8211; 30,000 Hz, nivel de presi\u00f3n sonora: 114 dB, manejo de potencia de 1000 mW (pico) y 200 mW (continuo), diadema ajustable y plegable, cable en espiral y cable recto de un solo lado, ambos desmontables y reemplazables, adaptador est\u00e9reo atornillable 6.3 mm (1\/4\u201d), almohadillas para las orejas reemplazables, peso: 390 g (sin cable).&hellip; <a class=\"kt-excerpt-readmore more-link\" href=\"https:\/\/www.mexicanguitarplayers.com\/en\/tienda\/audio\/audifonos\/audifono-alambrico\/audifono-para-estudio\/audifonos-neumann-mod-ndh-20\/\">Read more<\/a><\/p>","protected":false},"featured_media":26774,"comment_status":"open","ping_status":"closed","template":"","meta":{"kt_blocks_editor_width":""},"pwb-brand":[540],"product_brand":[],"product_cat":[506,507,505,213],"product_tag":[],"class_list":{"0":"post-26775","1":"product","2":"type-product","3":"status-publish","4":"has-post-thumbnail","6":"pwb-brand-neumann","7":"product_cat-audifono-alambrico","8":"product_cat-audifono-para-estudio","9":"product_cat-audifonos","10":"product_cat-audio","11":"product_shipping_class-0-5-kg","13":"first","14":"outofstock","15":"taxable","16":"shipping-taxable","17":"purchasable","18":"product-type-simple"},"yoast_head":"<!-- This site is optimized with the Yoast SEO plugin v27.3 - https:\/\/yoast.com\/product\/yoast-seo-wordpress\/ -->\n<title>AUDIFONOS NEUMANN MOD. NDH 20 - Mexican Guitar Players<\/title>\n<meta name=\"description\" content=\"Aud\u00edfonos premium cerrados de calidad estudio para monitorear, editar y mezclar, sonido lineal balanceado, excelente aislamiento que permite trabajar en entornos ruidosos, sonido transparente con alta resoluci\u00f3n, gran comodidad por periodos largos, f\u00e1cil transportaci\u00f3n, sonido con calidad estudio y una resoluci\u00f3n sorprendente, construcci\u00f3n de metal de alta calidad, dise\u00f1o plegable, transductores din\u00e1micos de 38 mm a 150 ohms, rango de frecuencia: 5 - 30,000 Hz, nivel de presi\u00f3n sonora: 114 dB, manejo de potencia de 1000 mW (pico) y 200 mW (continuo), diadema ajustable y plegable, cable en espiral y cable recto de un solo lado, ambos desmontables y reemplazables, adaptador est\u00e9reo atornillable 6.3 mm (1\/4\u201d), almohadillas para las orejas reemplazables, peso: 390 g (sin cable).\" \/>\n<meta name=\"robots\" content=\"index, follow, max-snippet:-1, max-image-preview:large, max-video-preview:-1\" \/>\n<link rel=\"canonical\" href=\"https:\/\/www.mexicanguitarplayers.com\/en\/tienda\/sin%20categor\u00eda\/audifonos-neumann-mod-ndh-20\/\" \/>\n<meta property=\"og:locale\" content=\"en_US\" \/>\n<meta property=\"og:type\" content=\"article\" \/>\n<meta property=\"og:title\" content=\"AUDIFONOS NEUMANN MOD. NDH 20 - Mexican Guitar Players\" \/>\n<meta property=\"og:description\" content=\"Aud\u00edfonos premium cerrados de calidad estudio para monitorear, editar y mezclar, sonido lineal balanceado, excelente aislamiento que permite trabajar en entornos ruidosos, sonido transparente con alta resoluci\u00f3n, gran comodidad por periodos largos, f\u00e1cil transportaci\u00f3n, sonido con calidad estudio y una resoluci\u00f3n sorprendente, construcci\u00f3n de metal de alta calidad, dise\u00f1o plegable, transductores din\u00e1micos de 38 mm a 150 ohms, rango de frecuencia: 5 - 30,000 Hz, nivel de presi\u00f3n sonora: 114 dB, manejo de potencia de 1000 mW (pico) y 200 mW (continuo), diadema ajustable y plegable, cable en espiral y cable recto de un solo lado, ambos desmontables y reemplazables, adaptador est\u00e9reo atornillable 6.3 mm (1\/4\u201d), almohadillas para las orejas reemplazables, peso: 390 g (sin cable).\" \/>\n<meta property=\"og:url\" content=\"https:\/\/www.mexicanguitarplayers.com\/en\/tienda\/sin categor\u00eda\/audifonos-neumann-mod-ndh-20\/\" \/>\n<meta property=\"og:site_name\" content=\"Mexican Guitar Players\" \/>\n<meta name=\"twitter:card\" content=\"summary_large_image\" \/>\n<meta name=\"twitter:label1\" content=\"Est. reading time\" \/>\n\t<meta name=\"twitter:data1\" content=\"3 minutes\" \/>\n<script type=\"application\/ld+json\" class=\"yoast-schema-graph\">{\"@context\":\"https:\\\/\\\/schema.org\",\"@graph\":[{\"@type\":[\"WebPage\",\"ItemPage\"],\"@id\":\"https:\\\/\\\/www.mexicanguitarplayers.com\\\/tienda\\\/sin categor\u00eda\\\/audifonos-neumann-mod-ndh-20\\\/\",\"url\":\"https:\\\/\\\/www.mexicanguitarplayers.com\\\/tienda\\\/sin categor\u00eda\\\/audifonos-neumann-mod-ndh-20\\\/\",\"name\":\"AUDIFONOS NEUMANN MOD. NDH 20 - Mexican Guitar Players\",\"isPartOf\":{\"@id\":\"https:\\\/\\\/www.mexicanguitarplayers.com\\\/#website\"},\"primaryImageOfPage\":{\"@id\":\"https:\\\/\\\/www.mexicanguitarplayers.com\\\/tienda\\\/sin categor\u00eda\\\/audifonos-neumann-mod-ndh-20\\\/#primaryimage\"},\"image\":{\"@id\":\"https:\\\/\\\/www.mexicanguitarplayers.com\\\/tienda\\\/sin categor\u00eda\\\/audifonos-neumann-mod-ndh-20\\\/#primaryimage\"},\"thumbnailUrl\":\"https:\\\/\\\/www.mexicanguitarplayers.com\\\/wp-content\\\/uploads\\\/2025\\\/04\\\/VANEMNDH20.jpg\",\"datePublished\":\"2025-04-07T04:04:38+00:00\",\"description\":\"Aud\u00edfonos premium cerrados de calidad estudio para monitorear, editar y mezclar, sonido lineal balanceado, excelente aislamiento que permite trabajar en entornos ruidosos, sonido transparente con alta resoluci\u00f3n, gran comodidad por periodos largos, f\u00e1cil transportaci\u00f3n, sonido con calidad estudio y una resoluci\u00f3n sorprendente, construcci\u00f3n de metal de alta calidad, dise\u00f1o plegable, transductores din\u00e1micos de 38 mm a 150 ohms, rango de frecuencia: 5 - 30,000 Hz, nivel de presi\u00f3n sonora: 114 dB, manejo de potencia de 1000 mW (pico) y 200 mW (continuo), diadema ajustable y plegable, cable en espiral y cable recto de un solo lado, ambos desmontables y reemplazables, adaptador est\u00e9reo atornillable 6.3 mm (1\\\/4\u201d), almohadillas para las orejas reemplazables, peso: 390 g (sin cable).\",\"breadcrumb\":{\"@id\":\"https:\\\/\\\/www.mexicanguitarplayers.com\\\/tienda\\\/sin categor\u00eda\\\/audifonos-neumann-mod-ndh-20\\\/#breadcrumb\"},\"inLanguage\":\"en-US\",\"potentialAction\":[{\"@type\":\"ReadAction\",\"target\":[\"https:\\\/\\\/www.mexicanguitarplayers.com\\\/tienda\\\/sin categor\u00eda\\\/audifonos-neumann-mod-ndh-20\\\/\"]}]},{\"@type\":\"ImageObject\",\"inLanguage\":\"en-US\",\"@id\":\"https:\\\/\\\/www.mexicanguitarplayers.com\\\/tienda\\\/sin categor\u00eda\\\/audifonos-neumann-mod-ndh-20\\\/#primaryimage\",\"url\":\"https:\\\/\\\/www.mexicanguitarplayers.com\\\/wp-content\\\/uploads\\\/2025\\\/04\\\/VANEMNDH20.jpg\",\"contentUrl\":\"https:\\\/\\\/www.mexicanguitarplayers.com\\\/wp-content\\\/uploads\\\/2025\\\/04\\\/VANEMNDH20.jpg\",\"width\":1200,\"height\":1200},{\"@type\":\"BreadcrumbList\",\"@id\":\"https:\\\/\\\/www.mexicanguitarplayers.com\\\/tienda\\\/sin categor\u00eda\\\/audifonos-neumann-mod-ndh-20\\\/#breadcrumb\",\"itemListElement\":[{\"@type\":\"ListItem\",\"position\":1,\"name\":\"Portada\",\"item\":\"https:\\\/\\\/www.mexicanguitarplayers.com\\\/\"},{\"@type\":\"ListItem\",\"position\":2,\"name\":\"Tienda\",\"item\":\"https:\\\/\\\/www.mexicanguitarplayers.com\\\/tienda\\\/\"},{\"@type\":\"ListItem\",\"position\":3,\"name\":\"AUDIFONOS NEUMANN MOD. NDH 20\"}]},{\"@type\":\"WebSite\",\"@id\":\"https:\\\/\\\/www.mexicanguitarplayers.com\\\/#website\",\"url\":\"https:\\\/\\\/www.mexicanguitarplayers.com\\\/\",\"name\":\"Mexican Guitar Players\",\"description\":\"Website\",\"publisher\":{\"@id\":\"https:\\\/\\\/www.mexicanguitarplayers.com\\\/#organization\"},\"potentialAction\":[{\"@type\":\"SearchAction\",\"target\":{\"@type\":\"EntryPoint\",\"urlTemplate\":\"https:\\\/\\\/www.mexicanguitarplayers.com\\\/?s={search_term_string}\"},\"query-input\":{\"@type\":\"PropertyValueSpecification\",\"valueRequired\":true,\"valueName\":\"search_term_string\"}}],\"inLanguage\":\"en-US\"},{\"@type\":\"Organization\",\"@id\":\"https:\\\/\\\/www.mexicanguitarplayers.com\\\/#organization\",\"name\":\"Mexican Guitar Players\",\"url\":\"https:\\\/\\\/www.mexicanguitarplayers.com\\\/\",\"logo\":{\"@type\":\"ImageObject\",\"inLanguage\":\"en-US\",\"@id\":\"https:\\\/\\\/www.mexicanguitarplayers.com\\\/#\\\/schema\\\/logo\\\/image\\\/\",\"url\":\"\",\"contentUrl\":\"\",\"caption\":\"Mexican Guitar Players\"},\"image\":{\"@id\":\"https:\\\/\\\/www.mexicanguitarplayers.com\\\/#\\\/schema\\\/logo\\\/image\\\/\"}}]}<\/script>\n<!-- \/ Yoast SEO plugin. -->","yoast_head_json":{"title":"AUDIFONOS NEUMANN MOD. NDH 20 - Mexican Guitar Players","description":"Aud\u00edfonos premium cerrados de calidad estudio para monitorear, editar y mezclar, sonido lineal balanceado, excelente aislamiento que permite trabajar en entornos ruidosos, sonido transparente con alta resoluci\u00f3n, gran comodidad por periodos largos, f\u00e1cil transportaci\u00f3n, sonido con calidad estudio y una resoluci\u00f3n sorprendente, construcci\u00f3n de metal de alta calidad, dise\u00f1o plegable, transductores din\u00e1micos de 38 mm a 150 ohms, rango de frecuencia: 5 - 30,000 Hz, nivel de presi\u00f3n sonora: 114 dB, manejo de potencia de 1000 mW (pico) y 200 mW (continuo), diadema ajustable y plegable, cable en espiral y cable recto de un solo lado, ambos desmontables y reemplazables, adaptador est\u00e9reo atornillable 6.3 mm (1\/4\u201d), almohadillas para las orejas reemplazables, peso: 390 g (sin cable).","robots":{"index":"index","follow":"follow","max-snippet":"max-snippet:-1","max-image-preview":"max-image-preview:large","max-video-preview":"max-video-preview:-1"},"canonical":"https:\/\/www.mexicanguitarplayers.com\/en\/tienda\/sin categor\u00eda\/audifonos-neumann-mod-ndh-20\/","og_locale":"en_US","og_type":"article","og_title":"AUDIFONOS NEUMANN MOD. NDH 20 - Mexican Guitar Players","og_description":"Aud\u00edfonos premium cerrados de calidad estudio para monitorear, editar y mezclar, sonido lineal balanceado, excelente aislamiento que permite trabajar en entornos ruidosos, sonido transparente con alta resoluci\u00f3n, gran comodidad por periodos largos, f\u00e1cil transportaci\u00f3n, sonido con calidad estudio y una resoluci\u00f3n sorprendente, construcci\u00f3n de metal de alta calidad, dise\u00f1o plegable, transductores din\u00e1micos de 38 mm a 150 ohms, rango de frecuencia: 5 - 30,000 Hz, nivel de presi\u00f3n sonora: 114 dB, manejo de potencia de 1000 mW (pico) y 200 mW (continuo), diadema ajustable y plegable, cable en espiral y cable recto de un solo lado, ambos desmontables y reemplazables, adaptador est\u00e9reo atornillable 6.3 mm (1\/4\u201d), almohadillas para las orejas reemplazables, peso: 390 g (sin cable).","og_url":"https:\/\/www.mexicanguitarplayers.com\/en\/tienda\/sin categor\u00eda\/audifonos-neumann-mod-ndh-20\/","og_site_name":"Mexican Guitar Players","twitter_card":"summary_large_image","twitter_misc":{"Est. reading time":"3 minutes"},"schema":{"@context":"https:\/\/schema.org","@graph":[{"@type":["WebPage","ItemPage"],"@id":"https:\/\/www.mexicanguitarplayers.com\/tienda\/sin categor\u00eda\/audifonos-neumann-mod-ndh-20\/","url":"https:\/\/www.mexicanguitarplayers.com\/tienda\/sin categor\u00eda\/audifonos-neumann-mod-ndh-20\/","name":"AUDIFONOS NEUMANN MOD. NDH 20 - Mexican Guitar Players","isPartOf":{"@id":"https:\/\/www.mexicanguitarplayers.com\/#website"},"primaryImageOfPage":{"@id":"https:\/\/www.mexicanguitarplayers.com\/tienda\/sin categor\u00eda\/audifonos-neumann-mod-ndh-20\/#primaryimage"},"image":{"@id":"https:\/\/www.mexicanguitarplayers.com\/tienda\/sin categor\u00eda\/audifonos-neumann-mod-ndh-20\/#primaryimage"},"thumbnailUrl":"https:\/\/www.mexicanguitarplayers.com\/wp-content\/uploads\/2025\/04\/VANEMNDH20.jpg","datePublished":"2025-04-07T04:04:38+00:00","description":"Aud\u00edfonos premium cerrados de calidad estudio para monitorear, editar y mezclar, sonido lineal balanceado, excelente aislamiento que permite trabajar en entornos ruidosos, sonido transparente con alta resoluci\u00f3n, gran comodidad por periodos largos, f\u00e1cil transportaci\u00f3n, sonido con calidad estudio y una resoluci\u00f3n sorprendente, construcci\u00f3n de metal de alta calidad, dise\u00f1o plegable, transductores din\u00e1micos de 38 mm a 150 ohms, rango de frecuencia: 5 - 30,000 Hz, nivel de presi\u00f3n sonora: 114 dB, manejo de potencia de 1000 mW (pico) y 200 mW (continuo), diadema ajustable y plegable, cable en espiral y cable recto de un solo lado, ambos desmontables y reemplazables, adaptador est\u00e9reo atornillable 6.3 mm (1\/4\u201d), almohadillas para las orejas reemplazables, peso: 390 g (sin cable).","breadcrumb":{"@id":"https:\/\/www.mexicanguitarplayers.com\/tienda\/sin categor\u00eda\/audifonos-neumann-mod-ndh-20\/#breadcrumb"},"inLanguage":"en-US","potentialAction":[{"@type":"ReadAction","target":["https:\/\/www.mexicanguitarplayers.com\/tienda\/sin categor\u00eda\/audifonos-neumann-mod-ndh-20\/"]}]},{"@type":"ImageObject","inLanguage":"en-US","@id":"https:\/\/www.mexicanguitarplayers.com\/tienda\/sin categor\u00eda\/audifonos-neumann-mod-ndh-20\/#primaryimage","url":"https:\/\/www.mexicanguitarplayers.com\/wp-content\/uploads\/2025\/04\/VANEMNDH20.jpg","contentUrl":"https:\/\/www.mexicanguitarplayers.com\/wp-content\/uploads\/2025\/04\/VANEMNDH20.jpg","width":1200,"height":1200},{"@type":"BreadcrumbList","@id":"https:\/\/www.mexicanguitarplayers.com\/tienda\/sin categor\u00eda\/audifonos-neumann-mod-ndh-20\/#breadcrumb","itemListElement":[{"@type":"ListItem","position":1,"name":"Portada","item":"https:\/\/www.mexicanguitarplayers.com\/"},{"@type":"ListItem","position":2,"name":"Tienda","item":"https:\/\/www.mexicanguitarplayers.com\/tienda\/"},{"@type":"ListItem","position":3,"name":"AUDIFONOS NEUMANN MOD. NDH 20"}]},{"@type":"WebSite","@id":"https:\/\/www.mexicanguitarplayers.com\/#website","url":"https:\/\/www.mexicanguitarplayers.com\/","name":"Mexican Guitar Players","description":"Website","publisher":{"@id":"https:\/\/www.mexicanguitarplayers.com\/#organization"},"potentialAction":[{"@type":"SearchAction","target":{"@type":"EntryPoint","urlTemplate":"https:\/\/www.mexicanguitarplayers.com\/?s={search_term_string}"},"query-input":{"@type":"PropertyValueSpecification","valueRequired":true,"valueName":"search_term_string"}}],"inLanguage":"en-US"},{"@type":"Organization","@id":"https:\/\/www.mexicanguitarplayers.com\/#organization","name":"Mexican Guitar Players","url":"https:\/\/www.mexicanguitarplayers.com\/","logo":{"@type":"ImageObject","inLanguage":"en-US","@id":"https:\/\/www.mexicanguitarplayers.com\/#\/schema\/logo\/image\/","url":"","contentUrl":"","caption":"Mexican Guitar Players"},"image":{"@id":"https:\/\/www.mexicanguitarplayers.com\/#\/schema\/logo\/image\/"}}]}},"brands":[{"id":540,"name":"NEUMANN","slug":"neumann"}],"_links":{"self":[{"href":"https:\/\/www.mexicanguitarplayers.com\/en\/wp-json\/wp\/v2\/product\/26775","targetHints":{"allow":["GET"]}}],"collection":[{"href":"https:\/\/www.mexicanguitarplayers.com\/en\/wp-json\/wp\/v2\/product"}],"about":[{"href":"https:\/\/www.mexicanguitarplayers.com\/en\/wp-json\/wp\/v2\/types\/product"}],"replies":[{"embeddable":true,"href":"https:\/\/www.mexicanguitarplayers.com\/en\/wp-json\/wp\/v2\/comments?post=26775"}],"wp:featuredmedia":[{"embeddable":true,"href":"https:\/\/www.mexicanguitarplayers.com\/en\/wp-json\/wp\/v2\/media\/26774"}],"wp:attachment":[{"href":"https:\/\/www.mexicanguitarplayers.com\/en\/wp-json\/wp\/v2\/media?parent=26775"}],"wp:term":[{"taxonomy":"pwb-brand","embeddable":true,"href":"https:\/\/www.mexicanguitarplayers.com\/en\/wp-json\/wp\/v2\/pwb-brand?post=26775"},{"taxonomy":"product_brand","embeddable":true,"href":"https:\/\/www.mexicanguitarplayers.com\/en\/wp-json\/wp\/v2\/product_brand?post=26775"},{"taxonomy":"product_cat","embeddable":true,"href":"https:\/\/www.mexicanguitarplayers.com\/en\/wp-json\/wp\/v2\/product_cat?post=26775"},{"taxonomy":"product_tag","embeddable":true,"href":"https:\/\/www.mexicanguitarplayers.com\/en\/wp-json\/wp\/v2\/product_tag?post=26775"}],"curies":[{"name":"wp","href":"https:\/\/api.w.org\/{rel}","templated":true}]}}