{"id":26797,"date":"2025-04-06T22:06:08","date_gmt":"2025-04-07T04:06:08","guid":{"rendered":"https:\/\/www.mexicanguitarplayers.com\/tienda\/sin categor\u00eda\/microfono-aston-mod-origin-black-bundle\/"},"modified":"2026-04-14T04:16:59","modified_gmt":"2026-04-14T10:16:59","slug":"microfono-aston-mod-origin-black-bundle","status":"publish","type":"product","link":"https:\/\/www.mexicanguitarplayers.com\/en\/tienda\/audio\/microfonia\/microfonos-alambricos\/para-estudio\/microfono-aston-mod-origin-black-bundle\/","title":{"rendered":"MICROFONO ASTON MOD. ORIGIN BLACK BUNDLE"},"content":{"rendered":"<div style=\"text-align: justify\">\n<div>\n<h3>MICROFONO ASTON MOD. ORIGIN BLACK BUNDLE<\/h3>\n<\/div>\n<div>Este kit de producci\u00f3n combina una versi\u00f3n rock&#8217;n&#8217;roll en negro del legendario micr\u00f3fono revolucionario de Aston, el Origin, con el mejor filtro pop Aston Swiftshield y el mejor juego de soporte antivibraci\u00f3n: todo lo que necesitas para grabaciones profesionales de voces e instrumentos. \u00a1Y pr\u00e1cticamente cualquier otra cosa que puedas arrojarle!<\/div>\n<div>\n<h4>Characteristics<\/h4>\n<\/div>\n<div>\n<ul style=\"margin: 0px 0px 0px 25px\">\n<li style=\"list-style-type: circle;margin: 5px\">Tipo de transductor<\/li>\n<li style=\"list-style-type: circle;margin: 5px\">Principio de funcionamiento ac\u00fastico<\/li>\n<li style=\"list-style-type: circle;margin: 5px\">Patr\u00f3n polar direccional<\/li>\n<li style=\"list-style-type: circle;margin: 5px\">Respuesta frecuente<\/li>\n<li style=\"list-style-type: circle;margin: 5px\">Nivel de ruido equivalente<\/li>\n<li style=\"list-style-type: circle;margin: 5px\">Sensibilidad de 1kHz a 1kohm<\/li>\n<li style=\"list-style-type: circle;margin: 5px\">SPL m\u00e1ximo para THD 0,5%<\/li>\n<li style=\"list-style-type: circle;margin: 5px\">Relaci\u00f3n se\u00f1al-ruido (rel. 94 dB SPL)<\/li>\n<li style=\"list-style-type: circle;margin: 5px\">Interruptor de almohadilla<\/li>\n<li style=\"list-style-type: circle;margin: 5px\">Filtro de corte bajo<\/li>\n<li style=\"list-style-type: circle;margin: 5px\">Longitud del producto<\/li>\n<li style=\"list-style-type: circle;margin: 5px\">Ancho del producto<\/li>\n<li style=\"list-style-type: circle;margin: 5px\">Peso del Producto<\/li>\n<\/ul>\n<\/div>\n<\/div>","protected":false},"excerpt":{"rendered":"<p>El multipremiado Aston Origin es un micr\u00f3fono de condensador cardioide de alto rendimiento que utiliza una c\u00e1psula evaporada de oro de una pulgada (1\u201d). Es lo suficientemente vers\u00e1til como para usarlo con cualquier instrumento y, para los cantautores, sobresale en la guitarra ac\u00fastica y la voz. Su c\u00e1psula seleccionada a mano se combina con circuitos sin transformador de alta gama que utilizan solo los mejores componentes.&hellip; <a class=\"kt-excerpt-readmore more-link\" href=\"https:\/\/www.mexicanguitarplayers.com\/en\/tienda\/audio\/microfonia\/microfonos-alambricos\/para-estudio\/microfono-aston-mod-origin-black-bundle\/\">Read more<\/a><\/p>","protected":false},"featured_media":26794,"comment_status":"open","ping_status":"closed","template":"","meta":{"kt_blocks_editor_width":""},"pwb-brand":[573],"product_brand":[],"product_cat":[213,214,215,227],"product_tag":[],"class_list":{"0":"post-26797","1":"product","2":"type-product","3":"status-publish","4":"has-post-thumbnail","6":"pwb-brand-aston-microphones","7":"product_cat-audio","8":"product_cat-microfonia","9":"product_cat-microfonos-alambricos","10":"product_cat-para-estudio","11":"product_shipping_class-0-5-kg","13":"first","14":"instock","15":"taxable","16":"shipping-taxable","17":"purchasable","18":"product-type-simple"},"yoast_head":"<!-- This site is optimized with the Yoast SEO plugin v27.5 - https:\/\/yoast.com\/product\/yoast-seo-wordpress\/ -->\n<title>MICROFONO ASTON MOD. ORIGIN BLACK BUNDLE - Mexican Guitar Players<\/title>\n<meta name=\"description\" content=\"El multipremiado Aston Origin es un micr\u00f3fono de condensador cardioide de alto rendimiento que utiliza una c\u00e1psula evaporada de oro de una pulgada (1\u201d). Es lo suficientemente vers\u00e1til como para usarlo con cualquier instrumento y, para los cantautores, sobresale en la guitarra ac\u00fastica y la voz. Su c\u00e1psula seleccionada a mano se combina con circuitos sin transformador de alta gama que utilizan solo los mejores componentes.\" \/>\n<meta name=\"robots\" content=\"index, follow, max-snippet:-1, max-image-preview:large, max-video-preview:-1\" \/>\n<link rel=\"canonical\" href=\"https:\/\/www.mexicanguitarplayers.com\/en\/tienda\/sin%20categor\u00eda\/microfono-aston-mod-origin-black-bundle\/\" \/>\n<meta property=\"og:locale\" content=\"en_US\" \/>\n<meta property=\"og:type\" content=\"article\" \/>\n<meta property=\"og:title\" content=\"MICROFONO ASTON MOD. ORIGIN BLACK BUNDLE - Mexican Guitar Players\" \/>\n<meta property=\"og:description\" content=\"El multipremiado Aston Origin es un micr\u00f3fono de condensador cardioide de alto rendimiento que utiliza una c\u00e1psula evaporada de oro de una pulgada (1\u201d). Es lo suficientemente vers\u00e1til como para usarlo con cualquier instrumento y, para los cantautores, sobresale en la guitarra ac\u00fastica y la voz. Su c\u00e1psula seleccionada a mano se combina con circuitos sin transformador de alta gama que utilizan solo los mejores componentes.\" \/>\n<meta property=\"og:url\" content=\"https:\/\/www.mexicanguitarplayers.com\/en\/tienda\/sin categor\u00eda\/microfono-aston-mod-origin-black-bundle\/\" \/>\n<meta property=\"og:site_name\" content=\"Mexican Guitar Players\" \/>\n<meta property=\"article:modified_time\" content=\"2026-04-14T10:16:59+00:00\" \/>\n<meta name=\"twitter:card\" content=\"summary_large_image\" \/>\n<meta name=\"twitter:label1\" content=\"Est. reading time\" \/>\n\t<meta name=\"twitter:data1\" content=\"1 minute\" \/>\n<script type=\"application\/ld+json\" class=\"yoast-schema-graph\">{\"@context\":\"https:\\\/\\\/schema.org\",\"@graph\":[{\"@type\":[\"WebPage\",\"ItemPage\"],\"@id\":\"https:\\\/\\\/www.mexicanguitarplayers.com\\\/tienda\\\/sin categor\u00eda\\\/microfono-aston-mod-origin-black-bundle\\\/\",\"url\":\"https:\\\/\\\/www.mexicanguitarplayers.com\\\/tienda\\\/sin categor\u00eda\\\/microfono-aston-mod-origin-black-bundle\\\/\",\"name\":\"MICROFONO ASTON MOD. ORIGIN BLACK BUNDLE - Mexican Guitar Players\",\"isPartOf\":{\"@id\":\"https:\\\/\\\/www.mexicanguitarplayers.com\\\/#website\"},\"primaryImageOfPage\":{\"@id\":\"https:\\\/\\\/www.mexicanguitarplayers.com\\\/tienda\\\/sin categor\u00eda\\\/microfono-aston-mod-origin-black-bundle\\\/#primaryimage\"},\"image\":{\"@id\":\"https:\\\/\\\/www.mexicanguitarplayers.com\\\/tienda\\\/sin categor\u00eda\\\/microfono-aston-mod-origin-black-bundle\\\/#primaryimage\"},\"thumbnailUrl\":\"https:\\\/\\\/www.mexicanguitarplayers.com\\\/wp-content\\\/uploads\\\/2025\\\/04\\\/IAASMORIGBLABE.jpg\",\"datePublished\":\"2025-04-07T04:06:08+00:00\",\"dateModified\":\"2026-04-14T10:16:59+00:00\",\"description\":\"El multipremiado Aston Origin es un micr\u00f3fono de condensador cardioide de alto rendimiento que utiliza una c\u00e1psula evaporada de oro de una pulgada (1\u201d). Es lo suficientemente vers\u00e1til como para usarlo con cualquier instrumento y, para los cantautores, sobresale en la guitarra ac\u00fastica y la voz. Su c\u00e1psula seleccionada a mano se combina con circuitos sin transformador de alta gama que utilizan solo los mejores componentes.\",\"breadcrumb\":{\"@id\":\"https:\\\/\\\/www.mexicanguitarplayers.com\\\/tienda\\\/sin categor\u00eda\\\/microfono-aston-mod-origin-black-bundle\\\/#breadcrumb\"},\"inLanguage\":\"en-US\",\"potentialAction\":[{\"@type\":\"ReadAction\",\"target\":[\"https:\\\/\\\/www.mexicanguitarplayers.com\\\/tienda\\\/sin categor\u00eda\\\/microfono-aston-mod-origin-black-bundle\\\/\"]}]},{\"@type\":\"ImageObject\",\"inLanguage\":\"en-US\",\"@id\":\"https:\\\/\\\/www.mexicanguitarplayers.com\\\/tienda\\\/sin categor\u00eda\\\/microfono-aston-mod-origin-black-bundle\\\/#primaryimage\",\"url\":\"https:\\\/\\\/www.mexicanguitarplayers.com\\\/wp-content\\\/uploads\\\/2025\\\/04\\\/IAASMORIGBLABE.jpg\",\"contentUrl\":\"https:\\\/\\\/www.mexicanguitarplayers.com\\\/wp-content\\\/uploads\\\/2025\\\/04\\\/IAASMORIGBLABE.jpg\",\"width\":1200,\"height\":1200},{\"@type\":\"BreadcrumbList\",\"@id\":\"https:\\\/\\\/www.mexicanguitarplayers.com\\\/tienda\\\/sin categor\u00eda\\\/microfono-aston-mod-origin-black-bundle\\\/#breadcrumb\",\"itemListElement\":[{\"@type\":\"ListItem\",\"position\":1,\"name\":\"Portada\",\"item\":\"https:\\\/\\\/www.mexicanguitarplayers.com\\\/\"},{\"@type\":\"ListItem\",\"position\":2,\"name\":\"Tienda\",\"item\":\"https:\\\/\\\/www.mexicanguitarplayers.com\\\/tienda\\\/\"},{\"@type\":\"ListItem\",\"position\":3,\"name\":\"MICROFONO ASTON MOD. ORIGIN BLACK BUNDLE\"}]},{\"@type\":\"WebSite\",\"@id\":\"https:\\\/\\\/www.mexicanguitarplayers.com\\\/#website\",\"url\":\"https:\\\/\\\/www.mexicanguitarplayers.com\\\/\",\"name\":\"Mexican Guitar Players\",\"description\":\"Website\",\"publisher\":{\"@id\":\"https:\\\/\\\/www.mexicanguitarplayers.com\\\/#organization\"},\"potentialAction\":[{\"@type\":\"SearchAction\",\"target\":{\"@type\":\"EntryPoint\",\"urlTemplate\":\"https:\\\/\\\/www.mexicanguitarplayers.com\\\/?s={search_term_string}\"},\"query-input\":{\"@type\":\"PropertyValueSpecification\",\"valueRequired\":true,\"valueName\":\"search_term_string\"}}],\"inLanguage\":\"en-US\"},{\"@type\":\"Organization\",\"@id\":\"https:\\\/\\\/www.mexicanguitarplayers.com\\\/#organization\",\"name\":\"Mexican Guitar Players\",\"url\":\"https:\\\/\\\/www.mexicanguitarplayers.com\\\/\",\"logo\":{\"@type\":\"ImageObject\",\"inLanguage\":\"en-US\",\"@id\":\"https:\\\/\\\/www.mexicanguitarplayers.com\\\/#\\\/schema\\\/logo\\\/image\\\/\",\"url\":\"\",\"contentUrl\":\"\",\"caption\":\"Mexican Guitar Players\"},\"image\":{\"@id\":\"https:\\\/\\\/www.mexicanguitarplayers.com\\\/#\\\/schema\\\/logo\\\/image\\\/\"}}]}<\/script>\n<!-- \/ Yoast SEO plugin. -->","yoast_head_json":{"title":"MICROFONO ASTON MOD. ORIGIN BLACK BUNDLE - Mexican Guitar Players","description":"El multipremiado Aston Origin es un micr\u00f3fono de condensador cardioide de alto rendimiento que utiliza una c\u00e1psula evaporada de oro de una pulgada (1\u201d). Es lo suficientemente vers\u00e1til como para usarlo con cualquier instrumento y, para los cantautores, sobresale en la guitarra ac\u00fastica y la voz. Su c\u00e1psula seleccionada a mano se combina con circuitos sin transformador de alta gama que utilizan solo los mejores componentes.","robots":{"index":"index","follow":"follow","max-snippet":"max-snippet:-1","max-image-preview":"max-image-preview:large","max-video-preview":"max-video-preview:-1"},"canonical":"https:\/\/www.mexicanguitarplayers.com\/en\/tienda\/sin categor\u00eda\/microfono-aston-mod-origin-black-bundle\/","og_locale":"en_US","og_type":"article","og_title":"MICROFONO ASTON MOD. ORIGIN BLACK BUNDLE - Mexican Guitar Players","og_description":"El multipremiado Aston Origin es un micr\u00f3fono de condensador cardioide de alto rendimiento que utiliza una c\u00e1psula evaporada de oro de una pulgada (1\u201d). Es lo suficientemente vers\u00e1til como para usarlo con cualquier instrumento y, para los cantautores, sobresale en la guitarra ac\u00fastica y la voz. Su c\u00e1psula seleccionada a mano se combina con circuitos sin transformador de alta gama que utilizan solo los mejores componentes.","og_url":"https:\/\/www.mexicanguitarplayers.com\/en\/tienda\/sin categor\u00eda\/microfono-aston-mod-origin-black-bundle\/","og_site_name":"Mexican Guitar Players","article_modified_time":"2026-04-14T10:16:59+00:00","twitter_card":"summary_large_image","twitter_misc":{"Est. reading time":"1 minute"},"schema":{"@context":"https:\/\/schema.org","@graph":[{"@type":["WebPage","ItemPage"],"@id":"https:\/\/www.mexicanguitarplayers.com\/tienda\/sin categor\u00eda\/microfono-aston-mod-origin-black-bundle\/","url":"https:\/\/www.mexicanguitarplayers.com\/tienda\/sin categor\u00eda\/microfono-aston-mod-origin-black-bundle\/","name":"MICROFONO ASTON MOD. ORIGIN BLACK BUNDLE - Mexican Guitar Players","isPartOf":{"@id":"https:\/\/www.mexicanguitarplayers.com\/#website"},"primaryImageOfPage":{"@id":"https:\/\/www.mexicanguitarplayers.com\/tienda\/sin categor\u00eda\/microfono-aston-mod-origin-black-bundle\/#primaryimage"},"image":{"@id":"https:\/\/www.mexicanguitarplayers.com\/tienda\/sin categor\u00eda\/microfono-aston-mod-origin-black-bundle\/#primaryimage"},"thumbnailUrl":"https:\/\/www.mexicanguitarplayers.com\/wp-content\/uploads\/2025\/04\/IAASMORIGBLABE.jpg","datePublished":"2025-04-07T04:06:08+00:00","dateModified":"2026-04-14T10:16:59+00:00","description":"El multipremiado Aston Origin es un micr\u00f3fono de condensador cardioide de alto rendimiento que utiliza una c\u00e1psula evaporada de oro de una pulgada (1\u201d). Es lo suficientemente vers\u00e1til como para usarlo con cualquier instrumento y, para los cantautores, sobresale en la guitarra ac\u00fastica y la voz. Su c\u00e1psula seleccionada a mano se combina con circuitos sin transformador de alta gama que utilizan solo los mejores componentes.","breadcrumb":{"@id":"https:\/\/www.mexicanguitarplayers.com\/tienda\/sin categor\u00eda\/microfono-aston-mod-origin-black-bundle\/#breadcrumb"},"inLanguage":"en-US","potentialAction":[{"@type":"ReadAction","target":["https:\/\/www.mexicanguitarplayers.com\/tienda\/sin categor\u00eda\/microfono-aston-mod-origin-black-bundle\/"]}]},{"@type":"ImageObject","inLanguage":"en-US","@id":"https:\/\/www.mexicanguitarplayers.com\/tienda\/sin categor\u00eda\/microfono-aston-mod-origin-black-bundle\/#primaryimage","url":"https:\/\/www.mexicanguitarplayers.com\/wp-content\/uploads\/2025\/04\/IAASMORIGBLABE.jpg","contentUrl":"https:\/\/www.mexicanguitarplayers.com\/wp-content\/uploads\/2025\/04\/IAASMORIGBLABE.jpg","width":1200,"height":1200},{"@type":"BreadcrumbList","@id":"https:\/\/www.mexicanguitarplayers.com\/tienda\/sin categor\u00eda\/microfono-aston-mod-origin-black-bundle\/#breadcrumb","itemListElement":[{"@type":"ListItem","position":1,"name":"Portada","item":"https:\/\/www.mexicanguitarplayers.com\/"},{"@type":"ListItem","position":2,"name":"Tienda","item":"https:\/\/www.mexicanguitarplayers.com\/tienda\/"},{"@type":"ListItem","position":3,"name":"MICROFONO ASTON MOD. ORIGIN BLACK BUNDLE"}]},{"@type":"WebSite","@id":"https:\/\/www.mexicanguitarplayers.com\/#website","url":"https:\/\/www.mexicanguitarplayers.com\/","name":"Mexican Guitar Players","description":"Website","publisher":{"@id":"https:\/\/www.mexicanguitarplayers.com\/#organization"},"potentialAction":[{"@type":"SearchAction","target":{"@type":"EntryPoint","urlTemplate":"https:\/\/www.mexicanguitarplayers.com\/?s={search_term_string}"},"query-input":{"@type":"PropertyValueSpecification","valueRequired":true,"valueName":"search_term_string"}}],"inLanguage":"en-US"},{"@type":"Organization","@id":"https:\/\/www.mexicanguitarplayers.com\/#organization","name":"Mexican Guitar Players","url":"https:\/\/www.mexicanguitarplayers.com\/","logo":{"@type":"ImageObject","inLanguage":"en-US","@id":"https:\/\/www.mexicanguitarplayers.com\/#\/schema\/logo\/image\/","url":"","contentUrl":"","caption":"Mexican Guitar Players"},"image":{"@id":"https:\/\/www.mexicanguitarplayers.com\/#\/schema\/logo\/image\/"}}]}},"brands":[{"id":573,"name":"ASTON MICROPHONES","slug":"aston-microphones"}],"_links":{"self":[{"href":"https:\/\/www.mexicanguitarplayers.com\/en\/wp-json\/wp\/v2\/product\/26797","targetHints":{"allow":["GET"]}}],"collection":[{"href":"https:\/\/www.mexicanguitarplayers.com\/en\/wp-json\/wp\/v2\/product"}],"about":[{"href":"https:\/\/www.mexicanguitarplayers.com\/en\/wp-json\/wp\/v2\/types\/product"}],"replies":[{"embeddable":true,"href":"https:\/\/www.mexicanguitarplayers.com\/en\/wp-json\/wp\/v2\/comments?post=26797"}],"wp:featuredmedia":[{"embeddable":true,"href":"https:\/\/www.mexicanguitarplayers.com\/en\/wp-json\/wp\/v2\/media\/26794"}],"wp:attachment":[{"href":"https:\/\/www.mexicanguitarplayers.com\/en\/wp-json\/wp\/v2\/media?parent=26797"}],"wp:term":[{"taxonomy":"pwb-brand","embeddable":true,"href":"https:\/\/www.mexicanguitarplayers.com\/en\/wp-json\/wp\/v2\/pwb-brand?post=26797"},{"taxonomy":"product_brand","embeddable":true,"href":"https:\/\/www.mexicanguitarplayers.com\/en\/wp-json\/wp\/v2\/product_brand?post=26797"},{"taxonomy":"product_cat","embeddable":true,"href":"https:\/\/www.mexicanguitarplayers.com\/en\/wp-json\/wp\/v2\/product_cat?post=26797"},{"taxonomy":"product_tag","embeddable":true,"href":"https:\/\/www.mexicanguitarplayers.com\/en\/wp-json\/wp\/v2\/product_tag?post=26797"}],"curies":[{"name":"wp","href":"https:\/\/api.w.org\/{rel}","templated":true}]}}