{"id":26819,"date":"2025-04-06T22:07:33","date_gmt":"2025-04-07T04:07:33","guid":{"rendered":"https:\/\/www.mexicanguitarplayers.com\/tienda\/sin categor\u00eda\/estuche-gator-p-violin-gc-violin-4-4\/"},"modified":"2026-05-01T10:15:09","modified_gmt":"2026-05-01T16:15:09","slug":"estuche-gator-p-violin-gc-violin-4-4","status":"publish","type":"product","link":"https:\/\/www.mexicanguitarplayers.com\/en\/tienda\/accesorios\/estuches-y-fundas\/para-instrumentos-orquestales\/estuche-gator-p-violin-gc-violin-4-4\/","title":{"rendered":"ESTUCHE GATOR P\/VIOLIN GC-VIOLIN 4\/4"},"content":{"rendered":"<div style=\"text-align: justify\">\n<div>\n<h3>Evita da\u00f1os a tu valioso instrumento.<\/h3>\n<\/div>\n<div>Este estuche para viol\u00edn de 4\/4 brinda la m\u00e1xima seguridad a tu instrumento, cuenta con un exterior de pl\u00e1stico ABS y una resistente cenefa de aluminio, un interior de espuma suave y dise\u00f1ado para no da\u00f1ar los finos acabados de tu instrumento. Cuenta con una bolsa de accesorios y otra para guardar una mentonera, adem\u00e1s de espacio para dos arcos.<\/div>\n<div>\n<h4>Quick look<\/h4>\n<\/div>\n<ul style=\"margin: 0px 0px 0px 25px\">\n<li style=\"list-style-type: circle;margin: 5px\">Dimensiones exteriores.<\/li>\n<li style=\"list-style-type: circle;margin: 5px\">Weight.<\/li>\n<\/ul>\n<div>\n<div style=\"font-weight: bold\">Dimensiones exteriores.<\/div>\n<div>\n<p>Longitud exterior: 31.25\u201d (793.75 mm). Ancho exterior: 11.5\u201d (292.1 mm). Altura exterior: 5.5\u201d (139.7 mm).<\/p>\n<\/div>\n<div style=\"font-weight: bold\">Weight.<\/div>\n<div>\n<p>3.1 kg.<\/p>\n<\/div>\n<\/div>\n<div>\n<h4>Characteristics<\/h4>\n<\/div>\n<div>\n<ul style=\"margin: 0px 0px 0px 25px\">\n<li style=\"list-style-type: circle;margin: 5px\">Estuche para viol\u00edn de 4\/4&#8243;.<\/li>\n<li style=\"list-style-type: circle;margin: 5px\">Moldeado de lujo.<\/li>\n<li style=\"list-style-type: circle;margin: 5px\">Exterior de ABS con anillos en D.<\/li>\n<li style=\"list-style-type: circle;margin: 5px\">Cenefa de aluminio resistente.<\/li>\n<li style=\"list-style-type: circle;margin: 5px\">Interior forrado de espuma de felpa.<\/li>\n<li style=\"list-style-type: circle;margin: 5px\">Bolsa interior para mentonera.<\/li>\n<li style=\"list-style-type: circle;margin: 5px\">Bolsillo interior para accesorios.<\/li>\n<li style=\"list-style-type: circle;margin: 5px\">Apilable.<\/li>\n<li style=\"list-style-type: circle;margin: 5px\">Sostiene dos arcos.<\/li>\n<li style=\"list-style-type: circle;margin: 5px\">Cierres con cerradura.<\/li>\n<\/ul>\n<\/div>\n<\/div>","protected":false},"excerpt":{"rendered":"<p>Estuche para viol\u00edn de 4\/4\u201d moldeado de lujo, exterior de ABS con anillos en D, cenefa de aluminio resistente, interior forrado de espuma de felpa, bolsa interior para mentonera, bolsillo interior para accesorios, apilable, sostiene dos arcos, cierres con cerradura. Dimensiones del producto: 79 x 27 x 14 cm. Peso: 3.21 Kg.&hellip; <a class=\"kt-excerpt-readmore more-link\" href=\"https:\/\/www.mexicanguitarplayers.com\/en\/tienda\/accesorios\/estuches-y-fundas\/para-instrumentos-orquestales\/estuche-gator-p-violin-gc-violin-4-4\/\">Read more<\/a><\/p>","protected":false},"featured_media":26810,"comment_status":"open","ping_status":"closed","template":"","meta":{"kt_blocks_editor_width":""},"pwb-brand":[572],"product_brand":[],"product_cat":[85,517,580],"product_tag":[],"class_list":{"0":"post-26819","1":"product","2":"type-product","3":"status-publish","4":"has-post-thumbnail","6":"pwb-brand-gator","7":"product_cat-accesorios","8":"product_cat-estuches-y-fundas","9":"product_cat-para-instrumentos-orquestales","10":"product_shipping_class-0-5-kg","12":"first","13":"outofstock","14":"taxable","15":"shipping-taxable","16":"purchasable","17":"product-type-simple"},"yoast_head":"<!-- This site is optimized with the Yoast SEO plugin v27.5 - https:\/\/yoast.com\/product\/yoast-seo-wordpress\/ -->\n<title>ESTUCHE GATOR P\/VIOLIN GC-VIOLIN 4\/4 - Mexican Guitar Players<\/title>\n<meta name=\"description\" content=\"Estuche para viol\u00edn de 4\/4\u201d moldeado de lujo, exterior de ABS con anillos en D, cenefa de aluminio resistente, interior forrado de espuma de felpa, bolsa interior para mentonera, bolsillo interior para accesorios, apilable, sostiene dos arcos, cierres con cerradura. Dimensiones del producto: 79 x 27 x 14 cm. Peso: 3.21 Kg.\" \/>\n<meta name=\"robots\" content=\"index, follow, max-snippet:-1, max-image-preview:large, max-video-preview:-1\" \/>\n<link rel=\"canonical\" href=\"https:\/\/www.mexicanguitarplayers.com\/en\/tienda\/sin%20categor\u00eda\/estuche-gator-p-violin-gc-violin-4-4\/\" \/>\n<meta property=\"og:locale\" content=\"en_US\" \/>\n<meta property=\"og:type\" content=\"article\" \/>\n<meta property=\"og:title\" content=\"ESTUCHE GATOR P\/VIOLIN GC-VIOLIN 4\/4 - Mexican Guitar Players\" \/>\n<meta property=\"og:description\" content=\"Estuche para viol\u00edn de 4\/4\u201d moldeado de lujo, exterior de ABS con anillos en D, cenefa de aluminio resistente, interior forrado de espuma de felpa, bolsa interior para mentonera, bolsillo interior para accesorios, apilable, sostiene dos arcos, cierres con cerradura. Dimensiones del producto: 79 x 27 x 14 cm. Peso: 3.21 Kg.\" \/>\n<meta property=\"og:url\" content=\"https:\/\/www.mexicanguitarplayers.com\/en\/tienda\/sin categor\u00eda\/estuche-gator-p-violin-gc-violin-4-4\/\" \/>\n<meta property=\"og:site_name\" content=\"Mexican Guitar Players\" \/>\n<meta property=\"article:modified_time\" content=\"2026-05-01T16:15:09+00:00\" \/>\n<meta name=\"twitter:card\" content=\"summary_large_image\" \/>\n<meta name=\"twitter:label1\" content=\"Est. reading time\" \/>\n\t<meta name=\"twitter:data1\" content=\"1 minute\" \/>\n<script type=\"application\/ld+json\" class=\"yoast-schema-graph\">{\"@context\":\"https:\\\/\\\/schema.org\",\"@graph\":[{\"@type\":[\"WebPage\",\"ItemPage\"],\"@id\":\"https:\\\/\\\/www.mexicanguitarplayers.com\\\/tienda\\\/sin categor\u00eda\\\/estuche-gator-p-violin-gc-violin-4-4\\\/\",\"url\":\"https:\\\/\\\/www.mexicanguitarplayers.com\\\/tienda\\\/sin categor\u00eda\\\/estuche-gator-p-violin-gc-violin-4-4\\\/\",\"name\":\"ESTUCHE GATOR P\\\/VIOLIN GC-VIOLIN 4\\\/4 - Mexican Guitar Players\",\"isPartOf\":{\"@id\":\"https:\\\/\\\/www.mexicanguitarplayers.com\\\/#website\"},\"primaryImageOfPage\":{\"@id\":\"https:\\\/\\\/www.mexicanguitarplayers.com\\\/tienda\\\/sin categor\u00eda\\\/estuche-gator-p-violin-gc-violin-4-4\\\/#primaryimage\"},\"image\":{\"@id\":\"https:\\\/\\\/www.mexicanguitarplayers.com\\\/tienda\\\/sin categor\u00eda\\\/estuche-gator-p-violin-gc-violin-4-4\\\/#primaryimage\"},\"thumbnailUrl\":\"https:\\\/\\\/www.mexicanguitarplayers.com\\\/wp-content\\\/uploads\\\/2025\\\/04\\\/VAGATGCVIOLIN4.jpg\",\"datePublished\":\"2025-04-07T04:07:33+00:00\",\"dateModified\":\"2026-05-01T16:15:09+00:00\",\"description\":\"Estuche para viol\u00edn de 4\\\/4\u201d moldeado de lujo, exterior de ABS con anillos en D, cenefa de aluminio resistente, interior forrado de espuma de felpa, bolsa interior para mentonera, bolsillo interior para accesorios, apilable, sostiene dos arcos, cierres con cerradura. Dimensiones del producto: 79 x 27 x 14 cm. Peso: 3.21 Kg.\",\"breadcrumb\":{\"@id\":\"https:\\\/\\\/www.mexicanguitarplayers.com\\\/tienda\\\/sin categor\u00eda\\\/estuche-gator-p-violin-gc-violin-4-4\\\/#breadcrumb\"},\"inLanguage\":\"en-US\",\"potentialAction\":[{\"@type\":\"ReadAction\",\"target\":[\"https:\\\/\\\/www.mexicanguitarplayers.com\\\/tienda\\\/sin categor\u00eda\\\/estuche-gator-p-violin-gc-violin-4-4\\\/\"]}]},{\"@type\":\"ImageObject\",\"inLanguage\":\"en-US\",\"@id\":\"https:\\\/\\\/www.mexicanguitarplayers.com\\\/tienda\\\/sin categor\u00eda\\\/estuche-gator-p-violin-gc-violin-4-4\\\/#primaryimage\",\"url\":\"https:\\\/\\\/www.mexicanguitarplayers.com\\\/wp-content\\\/uploads\\\/2025\\\/04\\\/VAGATGCVIOLIN4.jpg\",\"contentUrl\":\"https:\\\/\\\/www.mexicanguitarplayers.com\\\/wp-content\\\/uploads\\\/2025\\\/04\\\/VAGATGCVIOLIN4.jpg\",\"width\":1600,\"height\":800},{\"@type\":\"BreadcrumbList\",\"@id\":\"https:\\\/\\\/www.mexicanguitarplayers.com\\\/tienda\\\/sin categor\u00eda\\\/estuche-gator-p-violin-gc-violin-4-4\\\/#breadcrumb\",\"itemListElement\":[{\"@type\":\"ListItem\",\"position\":1,\"name\":\"Portada\",\"item\":\"https:\\\/\\\/www.mexicanguitarplayers.com\\\/\"},{\"@type\":\"ListItem\",\"position\":2,\"name\":\"Tienda\",\"item\":\"https:\\\/\\\/www.mexicanguitarplayers.com\\\/tienda\\\/\"},{\"@type\":\"ListItem\",\"position\":3,\"name\":\"ESTUCHE GATOR P\\\/VIOLIN GC-VIOLIN 4\\\/4\"}]},{\"@type\":\"WebSite\",\"@id\":\"https:\\\/\\\/www.mexicanguitarplayers.com\\\/#website\",\"url\":\"https:\\\/\\\/www.mexicanguitarplayers.com\\\/\",\"name\":\"Mexican Guitar Players\",\"description\":\"Website\",\"publisher\":{\"@id\":\"https:\\\/\\\/www.mexicanguitarplayers.com\\\/#organization\"},\"potentialAction\":[{\"@type\":\"SearchAction\",\"target\":{\"@type\":\"EntryPoint\",\"urlTemplate\":\"https:\\\/\\\/www.mexicanguitarplayers.com\\\/?s={search_term_string}\"},\"query-input\":{\"@type\":\"PropertyValueSpecification\",\"valueRequired\":true,\"valueName\":\"search_term_string\"}}],\"inLanguage\":\"en-US\"},{\"@type\":\"Organization\",\"@id\":\"https:\\\/\\\/www.mexicanguitarplayers.com\\\/#organization\",\"name\":\"Mexican Guitar Players\",\"url\":\"https:\\\/\\\/www.mexicanguitarplayers.com\\\/\",\"logo\":{\"@type\":\"ImageObject\",\"inLanguage\":\"en-US\",\"@id\":\"https:\\\/\\\/www.mexicanguitarplayers.com\\\/#\\\/schema\\\/logo\\\/image\\\/\",\"url\":\"\",\"contentUrl\":\"\",\"caption\":\"Mexican Guitar Players\"},\"image\":{\"@id\":\"https:\\\/\\\/www.mexicanguitarplayers.com\\\/#\\\/schema\\\/logo\\\/image\\\/\"}}]}<\/script>\n<!-- \/ Yoast SEO plugin. -->","yoast_head_json":{"title":"ESTUCHE GATOR P\/VIOLIN GC-VIOLIN 4\/4 - Mexican Guitar Players","description":"Estuche para viol\u00edn de 4\/4\u201d moldeado de lujo, exterior de ABS con anillos en D, cenefa de aluminio resistente, interior forrado de espuma de felpa, bolsa interior para mentonera, bolsillo interior para accesorios, apilable, sostiene dos arcos, cierres con cerradura. Dimensiones del producto: 79 x 27 x 14 cm. Peso: 3.21 Kg.","robots":{"index":"index","follow":"follow","max-snippet":"max-snippet:-1","max-image-preview":"max-image-preview:large","max-video-preview":"max-video-preview:-1"},"canonical":"https:\/\/www.mexicanguitarplayers.com\/en\/tienda\/sin categor\u00eda\/estuche-gator-p-violin-gc-violin-4-4\/","og_locale":"en_US","og_type":"article","og_title":"ESTUCHE GATOR P\/VIOLIN GC-VIOLIN 4\/4 - Mexican Guitar Players","og_description":"Estuche para viol\u00edn de 4\/4\u201d moldeado de lujo, exterior de ABS con anillos en D, cenefa de aluminio resistente, interior forrado de espuma de felpa, bolsa interior para mentonera, bolsillo interior para accesorios, apilable, sostiene dos arcos, cierres con cerradura. Dimensiones del producto: 79 x 27 x 14 cm. Peso: 3.21 Kg.","og_url":"https:\/\/www.mexicanguitarplayers.com\/en\/tienda\/sin categor\u00eda\/estuche-gator-p-violin-gc-violin-4-4\/","og_site_name":"Mexican Guitar Players","article_modified_time":"2026-05-01T16:15:09+00:00","twitter_card":"summary_large_image","twitter_misc":{"Est. reading time":"1 minute"},"schema":{"@context":"https:\/\/schema.org","@graph":[{"@type":["WebPage","ItemPage"],"@id":"https:\/\/www.mexicanguitarplayers.com\/tienda\/sin categor\u00eda\/estuche-gator-p-violin-gc-violin-4-4\/","url":"https:\/\/www.mexicanguitarplayers.com\/tienda\/sin categor\u00eda\/estuche-gator-p-violin-gc-violin-4-4\/","name":"ESTUCHE GATOR P\/VIOLIN GC-VIOLIN 4\/4 - Mexican Guitar Players","isPartOf":{"@id":"https:\/\/www.mexicanguitarplayers.com\/#website"},"primaryImageOfPage":{"@id":"https:\/\/www.mexicanguitarplayers.com\/tienda\/sin categor\u00eda\/estuche-gator-p-violin-gc-violin-4-4\/#primaryimage"},"image":{"@id":"https:\/\/www.mexicanguitarplayers.com\/tienda\/sin categor\u00eda\/estuche-gator-p-violin-gc-violin-4-4\/#primaryimage"},"thumbnailUrl":"https:\/\/www.mexicanguitarplayers.com\/wp-content\/uploads\/2025\/04\/VAGATGCVIOLIN4.jpg","datePublished":"2025-04-07T04:07:33+00:00","dateModified":"2026-05-01T16:15:09+00:00","description":"Estuche para viol\u00edn de 4\/4\u201d moldeado de lujo, exterior de ABS con anillos en D, cenefa de aluminio resistente, interior forrado de espuma de felpa, bolsa interior para mentonera, bolsillo interior para accesorios, apilable, sostiene dos arcos, cierres con cerradura. Dimensiones del producto: 79 x 27 x 14 cm. Peso: 3.21 Kg.","breadcrumb":{"@id":"https:\/\/www.mexicanguitarplayers.com\/tienda\/sin categor\u00eda\/estuche-gator-p-violin-gc-violin-4-4\/#breadcrumb"},"inLanguage":"en-US","potentialAction":[{"@type":"ReadAction","target":["https:\/\/www.mexicanguitarplayers.com\/tienda\/sin categor\u00eda\/estuche-gator-p-violin-gc-violin-4-4\/"]}]},{"@type":"ImageObject","inLanguage":"en-US","@id":"https:\/\/www.mexicanguitarplayers.com\/tienda\/sin categor\u00eda\/estuche-gator-p-violin-gc-violin-4-4\/#primaryimage","url":"https:\/\/www.mexicanguitarplayers.com\/wp-content\/uploads\/2025\/04\/VAGATGCVIOLIN4.jpg","contentUrl":"https:\/\/www.mexicanguitarplayers.com\/wp-content\/uploads\/2025\/04\/VAGATGCVIOLIN4.jpg","width":1600,"height":800},{"@type":"BreadcrumbList","@id":"https:\/\/www.mexicanguitarplayers.com\/tienda\/sin categor\u00eda\/estuche-gator-p-violin-gc-violin-4-4\/#breadcrumb","itemListElement":[{"@type":"ListItem","position":1,"name":"Portada","item":"https:\/\/www.mexicanguitarplayers.com\/"},{"@type":"ListItem","position":2,"name":"Tienda","item":"https:\/\/www.mexicanguitarplayers.com\/tienda\/"},{"@type":"ListItem","position":3,"name":"ESTUCHE GATOR P\/VIOLIN GC-VIOLIN 4\/4"}]},{"@type":"WebSite","@id":"https:\/\/www.mexicanguitarplayers.com\/#website","url":"https:\/\/www.mexicanguitarplayers.com\/","name":"Mexican Guitar Players","description":"Website","publisher":{"@id":"https:\/\/www.mexicanguitarplayers.com\/#organization"},"potentialAction":[{"@type":"SearchAction","target":{"@type":"EntryPoint","urlTemplate":"https:\/\/www.mexicanguitarplayers.com\/?s={search_term_string}"},"query-input":{"@type":"PropertyValueSpecification","valueRequired":true,"valueName":"search_term_string"}}],"inLanguage":"en-US"},{"@type":"Organization","@id":"https:\/\/www.mexicanguitarplayers.com\/#organization","name":"Mexican Guitar Players","url":"https:\/\/www.mexicanguitarplayers.com\/","logo":{"@type":"ImageObject","inLanguage":"en-US","@id":"https:\/\/www.mexicanguitarplayers.com\/#\/schema\/logo\/image\/","url":"","contentUrl":"","caption":"Mexican Guitar Players"},"image":{"@id":"https:\/\/www.mexicanguitarplayers.com\/#\/schema\/logo\/image\/"}}]}},"brands":[{"id":572,"name":"GATOR","slug":"gator"}],"_links":{"self":[{"href":"https:\/\/www.mexicanguitarplayers.com\/en\/wp-json\/wp\/v2\/product\/26819","targetHints":{"allow":["GET"]}}],"collection":[{"href":"https:\/\/www.mexicanguitarplayers.com\/en\/wp-json\/wp\/v2\/product"}],"about":[{"href":"https:\/\/www.mexicanguitarplayers.com\/en\/wp-json\/wp\/v2\/types\/product"}],"replies":[{"embeddable":true,"href":"https:\/\/www.mexicanguitarplayers.com\/en\/wp-json\/wp\/v2\/comments?post=26819"}],"wp:featuredmedia":[{"embeddable":true,"href":"https:\/\/www.mexicanguitarplayers.com\/en\/wp-json\/wp\/v2\/media\/26810"}],"wp:attachment":[{"href":"https:\/\/www.mexicanguitarplayers.com\/en\/wp-json\/wp\/v2\/media?parent=26819"}],"wp:term":[{"taxonomy":"pwb-brand","embeddable":true,"href":"https:\/\/www.mexicanguitarplayers.com\/en\/wp-json\/wp\/v2\/pwb-brand?post=26819"},{"taxonomy":"product_brand","embeddable":true,"href":"https:\/\/www.mexicanguitarplayers.com\/en\/wp-json\/wp\/v2\/product_brand?post=26819"},{"taxonomy":"product_cat","embeddable":true,"href":"https:\/\/www.mexicanguitarplayers.com\/en\/wp-json\/wp\/v2\/product_cat?post=26819"},{"taxonomy":"product_tag","embeddable":true,"href":"https:\/\/www.mexicanguitarplayers.com\/en\/wp-json\/wp\/v2\/product_tag?post=26819"}],"curies":[{"name":"wp","href":"https:\/\/api.w.org\/{rel}","templated":true}]}}