{"id":26857,"date":"2025-04-06T22:09:42","date_gmt":"2025-04-07T04:09:42","guid":{"rendered":"https:\/\/www.mexicanguitarplayers.com\/tienda\/sin categor\u00eda\/bafle-audiocenter-mod-k-la12a\/"},"modified":"2026-04-10T04:43:09","modified_gmt":"2026-04-10T10:43:09","slug":"bafle-audiocenter-mod-k-la12a","status":"publish","type":"product","link":"https:\/\/www.mexicanguitarplayers.com\/en\/tienda\/audio\/bafles-y-bocinas\/bafles\/bafles-activos\/bafle-audiocenter-mod-k-la12a\/","title":{"rendered":"BAFLE AUDIOCENTER MOD. K-LA12A"},"content":{"rendered":"<div style=\"text-align: justify\">\n<div>\n<h3>Gran potencia y claridad.<\/h3>\n<\/div>\n<div>La innovadora tecnolog\u00eda Braincore y el potente procesador incorporado mejoran el rendimiento del altavoz. Con la tecnolog\u00eda de correcci\u00f3n Cort y la tecnolog\u00eda de procesamiento Limita, el sistema funciona con seguridad y confiabilidad y logran un rendimiento supremo. Gracias al innovador dise\u00f1o y tecnolog\u00eda de ondas ETETM, el sistema puede lograr un rendimiento de sonido supremo, una cobertura de sonido perfecta y una excelente respuesta de frecuencia. Con gu\u00eda de onda moldeada y bocina moldeada para proporcionar una cobertura horizontal precisa y garantizar un sonido claro y equilibrado para el sistema. El gabinete est\u00e1 hecho con excelente madera, material moldeado personalizado, dise\u00f1o ac\u00fastico f\u00edsico \u00fanico, que hace que la perspectiva sea muy moderna, s\u00f3lida y tambi\u00e9n puede reducir la resonancia. El altavoz K-LA12A puede volar con un pasador de 10 mm y un marco de vuelo personalizado. El fuerte hardware integrado hace que la configuraci\u00f3n sea mucho m\u00e1s f\u00e1cil y r\u00e1pida. Los usuarios pueden hacer combinaciones gratuitas para un sistema m\u00e1s grande o m\u00e1s peque\u00f1o para satisfacer las diferentes demandas de la aplicaci\u00f3n.<\/div>\n<div>\n<h4>Quick look<\/h4>\n<\/div>\n<ul style=\"margin: 0px 0px 0px 25px\">\n<li style=\"list-style-type: circle;margin: 5px\">Kind.<\/li>\n<li style=\"list-style-type: circle;margin: 5px\">Respuesta de frecuencia (c\u00e1mara anecoica de -6 dB).<\/li>\n<li style=\"list-style-type: circle;margin: 5px\">Maximum SPL.<\/li>\n<li style=\"list-style-type: circle;margin: 5px\">Driver LF.<\/li>\n<li style=\"list-style-type: circle;margin: 5px\">Driver HF.<\/li>\n<li style=\"list-style-type: circle;margin: 5px\">\u00c1ngulo de cobertura.<\/li>\n<li style=\"list-style-type: circle;margin: 5px\">Circuiter\u00eda de amplificador.<\/li>\n<li style=\"list-style-type: circle;margin: 5px\">Potencia de amplificador.<\/li>\n<li style=\"list-style-type: circle;margin: 5px\">Respuesta de frecuencia de amplificador (1W\/ohms, 2 canales).<\/li>\n<li style=\"list-style-type: circle;margin: 5px\">Distorsi\u00f3n de intermodulaci\u00f3n.<\/li>\n<li style=\"list-style-type: circle;margin: 5px\">Distorsi\u00f3n arm\u00f3nica total.<\/li>\n<li style=\"list-style-type: circle;margin: 5px\">Protecci\u00f3n.<\/li>\n<li style=\"list-style-type: circle;margin: 5px\">Sistema de enfriamiento.<\/li>\n<li style=\"list-style-type: circle;margin: 5px\">Procesador DSP.<\/li>\n<li style=\"list-style-type: circle;margin: 5px\">Preajustes.<\/li>\n<li style=\"list-style-type: circle;margin: 5px\">Crossover.<\/li>\n<li style=\"list-style-type: circle;margin: 5px\">Entrances and exits.<\/li>\n<li style=\"list-style-type: circle;margin: 5px\">Voltaje de funcionamiento.<\/li>\n<li style=\"list-style-type: circle;margin: 5px\">Gabinete.<\/li>\n<li style=\"list-style-type: circle;margin: 5px\">\u00c1ngulo de ajuste.<\/li>\n<li style=\"list-style-type: circle;margin: 5px\">Dimensions.<\/li>\n<li style=\"list-style-type: circle;margin: 5px\">Weight.<\/li>\n<\/ul>\n<div>\n<div style=\"font-weight: bold\">Kind.<\/div>\n<div>\n<p>Altavoz activo de rango completo controlado por DSP.<\/p>\n<\/div>\n<div style=\"font-weight: bold\">Respuesta de frecuencia (c\u00e1mara anecoica de -6 dB).<\/div>\n<div>\n<p>47 Hz &#8211; 20 kHz.<\/p>\n<\/div>\n<div style=\"font-weight: bold\">Maximum SPL.<\/div>\n<div>\n<p>137 dB.<\/p>\n<\/div>\n<div style=\"font-weight: bold\">Driver LF.<\/div>\n<div>\n<p>Driver Beyma personalizado de 12&#8243;, bobina m\u00f3vil de 3&#8243;.<\/p>\n<\/div>\n<div style=\"font-weight: bold\">Driver HF.<\/div>\n<div>\n<p>2 drivers Beyma personalizador, salida de 1\u201d, bobina m\u00f3vil de 1.75&#8243;.<\/p>\n<\/div>\n<div style=\"font-weight: bold\">\u00c1ngulo de cobertura.<\/div>\n<div>\n<p>Horizontal (sim\u00e9trico): 100\u00b0. Vertical (sim\u00e9trico): Depende de la cantidad de altavoces y la curvatura en el arreglo lineal.<\/p>\n<\/div>\n<div style=\"font-weight: bold\">Circuiter\u00eda de amplificador.<\/div>\n<div>\n<p>Clase D.<\/p>\n<\/div>\n<div style=\"font-weight: bold\">Potencia de amplificador.<\/div>\n<div>\n<p>2000W.<\/p>\n<\/div>\n<div style=\"font-weight: bold\">Respuesta de frecuencia de amplificador (1W\/ohms, 2 canales).<\/div>\n<div>\n<p>20 Hz &#8211; 20 kHz (\u00b10.5 dB).<\/p>\n<\/div>\n<div style=\"font-weight: bold\">Distorsi\u00f3n de intermodulaci\u00f3n.<\/div>\n<div>\n<p>&lt;0.05%.<\/p>\n<\/div>\n<div style=\"font-weight: bold\">Distorsi\u00f3n arm\u00f3nica total.<\/div>\n<div>\n<p>&lt;0.05%.<\/p>\n<\/div>\n<div style=\"font-weight: bold\">Protecci\u00f3n.<\/div>\n<div>\n<p>Protecci\u00f3n DC, protecci\u00f3n contra corto circuito, protecci\u00f3n contra sobre calentamiento, protecci\u00f3n de sobrecarga de entrada, protecci\u00f3n de sobrecarga de salida, protecci\u00f3n de arranque suave, protecci\u00f3n al sobre voltaje, protecci\u00f3n contra subtensi\u00f3n.<\/p>\n<\/div>\n<div style=\"font-weight: bold\">Sistema de enfriamiento.<\/div>\n<div>\n<p>Enfriamiento con ventiladores.<\/p>\n<\/div>\n<div style=\"font-weight: bold\">Procesador DSP.<\/div>\n<div>\n<p>Frecuencia de muestreo de se\u00f1al de 96 kHz, 56 bit de precisi\u00f3n.<\/p>\n<\/div>\n<div style=\"font-weight: bold\">Preajustes.<\/div>\n<div>\n<p>ARRAY2, ARRAY4, ARRAY6.<\/p>\n<\/div>\n<div style=\"font-weight: bold\">Crossover.<\/div>\n<div>\n<p>Controlado por DSP.<\/p>\n<\/div>\n<div style=\"font-weight: bold\">Entrances and exits.<\/div>\n<div>\n<p>XLR macho y XLR hembra.<\/p>\n<\/div>\n<div style=\"font-weight: bold\">Voltaje de funcionamiento.<\/div>\n<div>\n<p>100-130V 60Hz \/ 220-240V 50Hz.<\/p>\n<\/div>\n<div style=\"font-weight: bold\">Gabinete.<\/div>\n<div>\n<p>Gabinete de madera contrachapada CNC.<\/p>\n<\/div>\n<div style=\"font-weight: bold\">\u00c1ngulo de ajuste.<\/div>\n<div>\n<p>0\u00b0,1\u00b0,2\u00b0,4\u00b0,6\u00b0,8\u00b0,10\u00b0.<\/p>\n<\/div>\n<div style=\"font-weight: bold\">Dimensions.<\/div>\n<div>\n<p>698 \u00d7 324 \u00d7 468 mm.<\/p>\n<\/div>\n<div style=\"font-weight: bold\">Weight.<\/div>\n<div>\n<p>31 kg.<\/p>\n<\/div>\n<\/div>\n<\/div>","protected":false},"excerpt":{"rendered":"<p>Bafle activo Clase D controlado por DSP de rango completo de 12\u201d pulgadas con bobina m\u00f3vil de 3\u201d, HF: driver Beyma de bobina m\u00f3vil de 1.75\u201d y salida de 1\u201d, potencia RMS: 2000W, driver personalizado Beyma, innovadora tecnolog\u00eda de gu\u00eda de ondas ETETM que puede lograr una excelente respuesta de frecuencia para lograr transiciones suaves entre HF y LF, lo que proporciona una cobertura horizontal precisa y garantiza un sonido claro y equilibrado para el sistema, modo standby autom\u00e1tico que se activa despu\u00e9s de 15 minutos de no recibir se\u00f1al, respuesta de frecuencia: 47 Hz &#8211; 20 kHz, SPL m\u00e1ximo: 137 dB, \u00e1ngulo de cobertura horizontal: 100\u00b0, \u00e1ngulo de cobertura vertical dependiendo de la cantidad de altavoces y curvatura del arreglo lineal, sistema de enfriamiento avanzado con ventiladores, preajustes: ARRAY2,ARRAY4,ARRAY6, conectores XLR para entrada y salida, voltaje de funcionamiento: 100-130V 60Hz \/ 220-240V 50Hz, gabinete de madera contrachapada CNC, dimensiones: 698 \u00d7 324 \u00d7 468 mm, peso: 31 kg.&hellip; <a class=\"kt-excerpt-readmore more-link\" href=\"https:\/\/www.mexicanguitarplayers.com\/en\/tienda\/audio\/bafles-y-bocinas\/bafles\/bafles-activos\/bafle-audiocenter-mod-k-la12a\/\">Read more<\/a><\/p>","protected":false},"featured_media":26852,"comment_status":"open","ping_status":"closed","template":"","meta":{"kt_blocks_editor_width":""},"pwb-brand":[525],"product_brand":[],"product_cat":[213,222,472,221],"product_tag":[],"class_list":{"0":"post-26857","1":"product","2":"type-product","3":"status-publish","4":"has-post-thumbnail","6":"pwb-brand-audiocenter","7":"product_cat-audio","8":"product_cat-bafles","9":"product_cat-bafles-activos","10":"product_cat-bafles-y-bocinas","12":"first","13":"outofstock","14":"taxable","15":"shipping-taxable","16":"purchasable","17":"product-type-simple"},"yoast_head":"<!-- This site is optimized with the Yoast SEO plugin v27.5 - https:\/\/yoast.com\/product\/yoast-seo-wordpress\/ -->\n<title>BAFLE AUDIOCENTER MOD. K-LA12A - Mexican Guitar Players<\/title>\n<meta name=\"description\" content=\"Bafle activo Clase D controlado por DSP de rango completo de 12\u201d pulgadas con bobina m\u00f3vil de 3\u201d, HF: driver Beyma de bobina m\u00f3vil de 1.75\u201d y salida de 1\u201d, potencia RMS: 2000W, driver personalizado Beyma, innovadora tecnolog\u00eda de gu\u00eda de ondas ETETM que puede lograr una excelente respuesta de frecuencia para lograr transiciones suaves entre HF y LF, lo que proporciona una cobertura horizontal precisa y garantiza un sonido claro y equilibrado para el sistema, modo standby autom\u00e1tico que se activa despu\u00e9s de 15 minutos de no recibir se\u00f1al, respuesta de frecuencia: 47 Hz - 20 kHz, SPL m\u00e1ximo: 137 dB, \u00e1ngulo de cobertura horizontal: 100\u00b0, \u00e1ngulo de cobertura vertical dependiendo de la cantidad de altavoces y curvatura del arreglo lineal, sistema de enfriamiento avanzado con ventiladores, preajustes: ARRAY2,ARRAY4,ARRAY6, conectores XLR para entrada y salida, voltaje de funcionamiento: 100-130V 60Hz \/ 220-240V 50Hz, gabinete de madera contrachapada CNC, dimensiones: 698 \u00d7 324 \u00d7 468 mm, peso: 31 kg.\" \/>\n<meta name=\"robots\" content=\"index, follow, max-snippet:-1, max-image-preview:large, max-video-preview:-1\" \/>\n<link rel=\"canonical\" href=\"https:\/\/www.mexicanguitarplayers.com\/en\/tienda\/sin%20categor\u00eda\/bafle-audiocenter-mod-k-la12a\/\" \/>\n<meta property=\"og:locale\" content=\"en_US\" \/>\n<meta property=\"og:type\" content=\"article\" \/>\n<meta property=\"og:title\" content=\"BAFLE AUDIOCENTER MOD. K-LA12A - Mexican Guitar Players\" \/>\n<meta property=\"og:description\" content=\"Bafle activo Clase D controlado por DSP de rango completo de 12\u201d pulgadas con bobina m\u00f3vil de 3\u201d, HF: driver Beyma de bobina m\u00f3vil de 1.75\u201d y salida de 1\u201d, potencia RMS: 2000W, driver personalizado Beyma, innovadora tecnolog\u00eda de gu\u00eda de ondas ETETM que puede lograr una excelente respuesta de frecuencia para lograr transiciones suaves entre HF y LF, lo que proporciona una cobertura horizontal precisa y garantiza un sonido claro y equilibrado para el sistema, modo standby autom\u00e1tico que se activa despu\u00e9s de 15 minutos de no recibir se\u00f1al, respuesta de frecuencia: 47 Hz - 20 kHz, SPL m\u00e1ximo: 137 dB, \u00e1ngulo de cobertura horizontal: 100\u00b0, \u00e1ngulo de cobertura vertical dependiendo de la cantidad de altavoces y curvatura del arreglo lineal, sistema de enfriamiento avanzado con ventiladores, preajustes: ARRAY2,ARRAY4,ARRAY6, conectores XLR para entrada y salida, voltaje de funcionamiento: 100-130V 60Hz \/ 220-240V 50Hz, gabinete de madera contrachapada CNC, dimensiones: 698 \u00d7 324 \u00d7 468 mm, peso: 31 kg.\" \/>\n<meta property=\"og:url\" content=\"https:\/\/www.mexicanguitarplayers.com\/en\/tienda\/sin categor\u00eda\/bafle-audiocenter-mod-k-la12a\/\" \/>\n<meta property=\"og:site_name\" content=\"Mexican Guitar Players\" \/>\n<meta property=\"article:modified_time\" content=\"2026-04-10T10:43:09+00:00\" \/>\n<meta name=\"twitter:card\" content=\"summary_large_image\" \/>\n<meta name=\"twitter:label1\" content=\"Est. reading time\" \/>\n\t<meta name=\"twitter:data1\" content=\"2 minutes\" \/>\n<script type=\"application\/ld+json\" class=\"yoast-schema-graph\">{\"@context\":\"https:\\\/\\\/schema.org\",\"@graph\":[{\"@type\":[\"WebPage\",\"ItemPage\"],\"@id\":\"https:\\\/\\\/www.mexicanguitarplayers.com\\\/tienda\\\/sin categor\u00eda\\\/bafle-audiocenter-mod-k-la12a\\\/\",\"url\":\"https:\\\/\\\/www.mexicanguitarplayers.com\\\/tienda\\\/sin categor\u00eda\\\/bafle-audiocenter-mod-k-la12a\\\/\",\"name\":\"BAFLE AUDIOCENTER MOD. K-LA12A - Mexican Guitar Players\",\"isPartOf\":{\"@id\":\"https:\\\/\\\/www.mexicanguitarplayers.com\\\/#website\"},\"primaryImageOfPage\":{\"@id\":\"https:\\\/\\\/www.mexicanguitarplayers.com\\\/tienda\\\/sin categor\u00eda\\\/bafle-audiocenter-mod-k-la12a\\\/#primaryimage\"},\"image\":{\"@id\":\"https:\\\/\\\/www.mexicanguitarplayers.com\\\/tienda\\\/sin categor\u00eda\\\/bafle-audiocenter-mod-k-la12a\\\/#primaryimage\"},\"thumbnailUrl\":\"https:\\\/\\\/www.mexicanguitarplayers.com\\\/wp-content\\\/uploads\\\/2025\\\/04\\\/IAACTKLA12A.jpg\",\"datePublished\":\"2025-04-07T04:09:42+00:00\",\"dateModified\":\"2026-04-10T10:43:09+00:00\",\"description\":\"Bafle activo Clase D controlado por DSP de rango completo de 12\u201d pulgadas con bobina m\u00f3vil de 3\u201d, HF: driver Beyma de bobina m\u00f3vil de 1.75\u201d y salida de 1\u201d, potencia RMS: 2000W, driver personalizado Beyma, innovadora tecnolog\u00eda de gu\u00eda de ondas ETETM que puede lograr una excelente respuesta de frecuencia para lograr transiciones suaves entre HF y LF, lo que proporciona una cobertura horizontal precisa y garantiza un sonido claro y equilibrado para el sistema, modo standby autom\u00e1tico que se activa despu\u00e9s de 15 minutos de no recibir se\u00f1al, respuesta de frecuencia: 47 Hz - 20 kHz, SPL m\u00e1ximo: 137 dB, \u00e1ngulo de cobertura horizontal: 100\u00b0, \u00e1ngulo de cobertura vertical dependiendo de la cantidad de altavoces y curvatura del arreglo lineal, sistema de enfriamiento avanzado con ventiladores, preajustes: ARRAY2,ARRAY4,ARRAY6, conectores XLR para entrada y salida, voltaje de funcionamiento: 100-130V 60Hz \\\/ 220-240V 50Hz, gabinete de madera contrachapada CNC, dimensiones: 698 \u00d7 324 \u00d7 468 mm, peso: 31 kg.\",\"breadcrumb\":{\"@id\":\"https:\\\/\\\/www.mexicanguitarplayers.com\\\/tienda\\\/sin categor\u00eda\\\/bafle-audiocenter-mod-k-la12a\\\/#breadcrumb\"},\"inLanguage\":\"en-US\",\"potentialAction\":[{\"@type\":\"ReadAction\",\"target\":[\"https:\\\/\\\/www.mexicanguitarplayers.com\\\/tienda\\\/sin categor\u00eda\\\/bafle-audiocenter-mod-k-la12a\\\/\"]}]},{\"@type\":\"ImageObject\",\"inLanguage\":\"en-US\",\"@id\":\"https:\\\/\\\/www.mexicanguitarplayers.com\\\/tienda\\\/sin categor\u00eda\\\/bafle-audiocenter-mod-k-la12a\\\/#primaryimage\",\"url\":\"https:\\\/\\\/www.mexicanguitarplayers.com\\\/wp-content\\\/uploads\\\/2025\\\/04\\\/IAACTKLA12A.jpg\",\"contentUrl\":\"https:\\\/\\\/www.mexicanguitarplayers.com\\\/wp-content\\\/uploads\\\/2025\\\/04\\\/IAACTKLA12A.jpg\",\"width\":1200,\"height\":1200},{\"@type\":\"BreadcrumbList\",\"@id\":\"https:\\\/\\\/www.mexicanguitarplayers.com\\\/tienda\\\/sin categor\u00eda\\\/bafle-audiocenter-mod-k-la12a\\\/#breadcrumb\",\"itemListElement\":[{\"@type\":\"ListItem\",\"position\":1,\"name\":\"Portada\",\"item\":\"https:\\\/\\\/www.mexicanguitarplayers.com\\\/\"},{\"@type\":\"ListItem\",\"position\":2,\"name\":\"Tienda\",\"item\":\"https:\\\/\\\/www.mexicanguitarplayers.com\\\/tienda\\\/\"},{\"@type\":\"ListItem\",\"position\":3,\"name\":\"BAFLE AUDIOCENTER MOD. K-LA12A\"}]},{\"@type\":\"WebSite\",\"@id\":\"https:\\\/\\\/www.mexicanguitarplayers.com\\\/#website\",\"url\":\"https:\\\/\\\/www.mexicanguitarplayers.com\\\/\",\"name\":\"Mexican Guitar Players\",\"description\":\"Website\",\"publisher\":{\"@id\":\"https:\\\/\\\/www.mexicanguitarplayers.com\\\/#organization\"},\"potentialAction\":[{\"@type\":\"SearchAction\",\"target\":{\"@type\":\"EntryPoint\",\"urlTemplate\":\"https:\\\/\\\/www.mexicanguitarplayers.com\\\/?s={search_term_string}\"},\"query-input\":{\"@type\":\"PropertyValueSpecification\",\"valueRequired\":true,\"valueName\":\"search_term_string\"}}],\"inLanguage\":\"en-US\"},{\"@type\":\"Organization\",\"@id\":\"https:\\\/\\\/www.mexicanguitarplayers.com\\\/#organization\",\"name\":\"Mexican Guitar Players\",\"url\":\"https:\\\/\\\/www.mexicanguitarplayers.com\\\/\",\"logo\":{\"@type\":\"ImageObject\",\"inLanguage\":\"en-US\",\"@id\":\"https:\\\/\\\/www.mexicanguitarplayers.com\\\/#\\\/schema\\\/logo\\\/image\\\/\",\"url\":\"\",\"contentUrl\":\"\",\"caption\":\"Mexican Guitar Players\"},\"image\":{\"@id\":\"https:\\\/\\\/www.mexicanguitarplayers.com\\\/#\\\/schema\\\/logo\\\/image\\\/\"}}]}<\/script>\n<!-- \/ Yoast SEO plugin. -->","yoast_head_json":{"title":"BAFLE AUDIOCENTER MOD. K-LA12A - Mexican Guitar Players","description":"Bafle activo Clase D controlado por DSP de rango completo de 12\u201d pulgadas con bobina m\u00f3vil de 3\u201d, HF: driver Beyma de bobina m\u00f3vil de 1.75\u201d y salida de 1\u201d, potencia RMS: 2000W, driver personalizado Beyma, innovadora tecnolog\u00eda de gu\u00eda de ondas ETETM que puede lograr una excelente respuesta de frecuencia para lograr transiciones suaves entre HF y LF, lo que proporciona una cobertura horizontal precisa y garantiza un sonido claro y equilibrado para el sistema, modo standby autom\u00e1tico que se activa despu\u00e9s de 15 minutos de no recibir se\u00f1al, respuesta de frecuencia: 47 Hz - 20 kHz, SPL m\u00e1ximo: 137 dB, \u00e1ngulo de cobertura horizontal: 100\u00b0, \u00e1ngulo de cobertura vertical dependiendo de la cantidad de altavoces y curvatura del arreglo lineal, sistema de enfriamiento avanzado con ventiladores, preajustes: ARRAY2,ARRAY4,ARRAY6, conectores XLR para entrada y salida, voltaje de funcionamiento: 100-130V 60Hz \/ 220-240V 50Hz, gabinete de madera contrachapada CNC, dimensiones: 698 \u00d7 324 \u00d7 468 mm, peso: 31 kg.","robots":{"index":"index","follow":"follow","max-snippet":"max-snippet:-1","max-image-preview":"max-image-preview:large","max-video-preview":"max-video-preview:-1"},"canonical":"https:\/\/www.mexicanguitarplayers.com\/en\/tienda\/sin categor\u00eda\/bafle-audiocenter-mod-k-la12a\/","og_locale":"en_US","og_type":"article","og_title":"BAFLE AUDIOCENTER MOD. K-LA12A - Mexican Guitar Players","og_description":"Bafle activo Clase D controlado por DSP de rango completo de 12\u201d pulgadas con bobina m\u00f3vil de 3\u201d, HF: driver Beyma de bobina m\u00f3vil de 1.75\u201d y salida de 1\u201d, potencia RMS: 2000W, driver personalizado Beyma, innovadora tecnolog\u00eda de gu\u00eda de ondas ETETM que puede lograr una excelente respuesta de frecuencia para lograr transiciones suaves entre HF y LF, lo que proporciona una cobertura horizontal precisa y garantiza un sonido claro y equilibrado para el sistema, modo standby autom\u00e1tico que se activa despu\u00e9s de 15 minutos de no recibir se\u00f1al, respuesta de frecuencia: 47 Hz - 20 kHz, SPL m\u00e1ximo: 137 dB, \u00e1ngulo de cobertura horizontal: 100\u00b0, \u00e1ngulo de cobertura vertical dependiendo de la cantidad de altavoces y curvatura del arreglo lineal, sistema de enfriamiento avanzado con ventiladores, preajustes: ARRAY2,ARRAY4,ARRAY6, conectores XLR para entrada y salida, voltaje de funcionamiento: 100-130V 60Hz \/ 220-240V 50Hz, gabinete de madera contrachapada CNC, dimensiones: 698 \u00d7 324 \u00d7 468 mm, peso: 31 kg.","og_url":"https:\/\/www.mexicanguitarplayers.com\/en\/tienda\/sin categor\u00eda\/bafle-audiocenter-mod-k-la12a\/","og_site_name":"Mexican Guitar Players","article_modified_time":"2026-04-10T10:43:09+00:00","twitter_card":"summary_large_image","twitter_misc":{"Est. reading time":"2 minutes"},"schema":{"@context":"https:\/\/schema.org","@graph":[{"@type":["WebPage","ItemPage"],"@id":"https:\/\/www.mexicanguitarplayers.com\/tienda\/sin categor\u00eda\/bafle-audiocenter-mod-k-la12a\/","url":"https:\/\/www.mexicanguitarplayers.com\/tienda\/sin categor\u00eda\/bafle-audiocenter-mod-k-la12a\/","name":"BAFLE AUDIOCENTER MOD. K-LA12A - Mexican Guitar Players","isPartOf":{"@id":"https:\/\/www.mexicanguitarplayers.com\/#website"},"primaryImageOfPage":{"@id":"https:\/\/www.mexicanguitarplayers.com\/tienda\/sin categor\u00eda\/bafle-audiocenter-mod-k-la12a\/#primaryimage"},"image":{"@id":"https:\/\/www.mexicanguitarplayers.com\/tienda\/sin categor\u00eda\/bafle-audiocenter-mod-k-la12a\/#primaryimage"},"thumbnailUrl":"https:\/\/www.mexicanguitarplayers.com\/wp-content\/uploads\/2025\/04\/IAACTKLA12A.jpg","datePublished":"2025-04-07T04:09:42+00:00","dateModified":"2026-04-10T10:43:09+00:00","description":"Bafle activo Clase D controlado por DSP de rango completo de 12\u201d pulgadas con bobina m\u00f3vil de 3\u201d, HF: driver Beyma de bobina m\u00f3vil de 1.75\u201d y salida de 1\u201d, potencia RMS: 2000W, driver personalizado Beyma, innovadora tecnolog\u00eda de gu\u00eda de ondas ETETM que puede lograr una excelente respuesta de frecuencia para lograr transiciones suaves entre HF y LF, lo que proporciona una cobertura horizontal precisa y garantiza un sonido claro y equilibrado para el sistema, modo standby autom\u00e1tico que se activa despu\u00e9s de 15 minutos de no recibir se\u00f1al, respuesta de frecuencia: 47 Hz - 20 kHz, SPL m\u00e1ximo: 137 dB, \u00e1ngulo de cobertura horizontal: 100\u00b0, \u00e1ngulo de cobertura vertical dependiendo de la cantidad de altavoces y curvatura del arreglo lineal, sistema de enfriamiento avanzado con ventiladores, preajustes: ARRAY2,ARRAY4,ARRAY6, conectores XLR para entrada y salida, voltaje de funcionamiento: 100-130V 60Hz \/ 220-240V 50Hz, gabinete de madera contrachapada CNC, dimensiones: 698 \u00d7 324 \u00d7 468 mm, peso: 31 kg.","breadcrumb":{"@id":"https:\/\/www.mexicanguitarplayers.com\/tienda\/sin categor\u00eda\/bafle-audiocenter-mod-k-la12a\/#breadcrumb"},"inLanguage":"en-US","potentialAction":[{"@type":"ReadAction","target":["https:\/\/www.mexicanguitarplayers.com\/tienda\/sin categor\u00eda\/bafle-audiocenter-mod-k-la12a\/"]}]},{"@type":"ImageObject","inLanguage":"en-US","@id":"https:\/\/www.mexicanguitarplayers.com\/tienda\/sin categor\u00eda\/bafle-audiocenter-mod-k-la12a\/#primaryimage","url":"https:\/\/www.mexicanguitarplayers.com\/wp-content\/uploads\/2025\/04\/IAACTKLA12A.jpg","contentUrl":"https:\/\/www.mexicanguitarplayers.com\/wp-content\/uploads\/2025\/04\/IAACTKLA12A.jpg","width":1200,"height":1200},{"@type":"BreadcrumbList","@id":"https:\/\/www.mexicanguitarplayers.com\/tienda\/sin categor\u00eda\/bafle-audiocenter-mod-k-la12a\/#breadcrumb","itemListElement":[{"@type":"ListItem","position":1,"name":"Portada","item":"https:\/\/www.mexicanguitarplayers.com\/"},{"@type":"ListItem","position":2,"name":"Tienda","item":"https:\/\/www.mexicanguitarplayers.com\/tienda\/"},{"@type":"ListItem","position":3,"name":"BAFLE AUDIOCENTER MOD. K-LA12A"}]},{"@type":"WebSite","@id":"https:\/\/www.mexicanguitarplayers.com\/#website","url":"https:\/\/www.mexicanguitarplayers.com\/","name":"Mexican Guitar Players","description":"Website","publisher":{"@id":"https:\/\/www.mexicanguitarplayers.com\/#organization"},"potentialAction":[{"@type":"SearchAction","target":{"@type":"EntryPoint","urlTemplate":"https:\/\/www.mexicanguitarplayers.com\/?s={search_term_string}"},"query-input":{"@type":"PropertyValueSpecification","valueRequired":true,"valueName":"search_term_string"}}],"inLanguage":"en-US"},{"@type":"Organization","@id":"https:\/\/www.mexicanguitarplayers.com\/#organization","name":"Mexican Guitar Players","url":"https:\/\/www.mexicanguitarplayers.com\/","logo":{"@type":"ImageObject","inLanguage":"en-US","@id":"https:\/\/www.mexicanguitarplayers.com\/#\/schema\/logo\/image\/","url":"","contentUrl":"","caption":"Mexican Guitar Players"},"image":{"@id":"https:\/\/www.mexicanguitarplayers.com\/#\/schema\/logo\/image\/"}}]}},"brands":[{"id":525,"name":"AUDIOCENTER","slug":"audiocenter"}],"_links":{"self":[{"href":"https:\/\/www.mexicanguitarplayers.com\/en\/wp-json\/wp\/v2\/product\/26857","targetHints":{"allow":["GET"]}}],"collection":[{"href":"https:\/\/www.mexicanguitarplayers.com\/en\/wp-json\/wp\/v2\/product"}],"about":[{"href":"https:\/\/www.mexicanguitarplayers.com\/en\/wp-json\/wp\/v2\/types\/product"}],"replies":[{"embeddable":true,"href":"https:\/\/www.mexicanguitarplayers.com\/en\/wp-json\/wp\/v2\/comments?post=26857"}],"wp:featuredmedia":[{"embeddable":true,"href":"https:\/\/www.mexicanguitarplayers.com\/en\/wp-json\/wp\/v2\/media\/26852"}],"wp:attachment":[{"href":"https:\/\/www.mexicanguitarplayers.com\/en\/wp-json\/wp\/v2\/media?parent=26857"}],"wp:term":[{"taxonomy":"pwb-brand","embeddable":true,"href":"https:\/\/www.mexicanguitarplayers.com\/en\/wp-json\/wp\/v2\/pwb-brand?post=26857"},{"taxonomy":"product_brand","embeddable":true,"href":"https:\/\/www.mexicanguitarplayers.com\/en\/wp-json\/wp\/v2\/product_brand?post=26857"},{"taxonomy":"product_cat","embeddable":true,"href":"https:\/\/www.mexicanguitarplayers.com\/en\/wp-json\/wp\/v2\/product_cat?post=26857"},{"taxonomy":"product_tag","embeddable":true,"href":"https:\/\/www.mexicanguitarplayers.com\/en\/wp-json\/wp\/v2\/product_tag?post=26857"}],"curies":[{"name":"wp","href":"https:\/\/api.w.org\/{rel}","templated":true}]}}