{"id":26917,"date":"2025-04-06T23:30:20","date_gmt":"2025-04-07T05:30:20","guid":{"rendered":"https:\/\/www.mexicanguitarplayers.com\/tienda\/sin categor\u00eda\/bafle-behringer-monitor-mod-b2030a\/"},"modified":"2026-05-01T07:28:01","modified_gmt":"2026-05-01T13:28:01","slug":"bafle-behringer-monitor-mod-b2030a","status":"publish","type":"product","link":"https:\/\/www.mexicanguitarplayers.com\/en\/tienda\/audio\/bafles-y-bocinas\/bafles\/bafles-activos\/bafle-behringer-monitor-mod-b2030a\/","title":{"rendered":"BAFLE BEHRINGER MONITOR MOD. B2030A"},"content":{"rendered":"<div style=\"text-align: justify\">\n<div>\n<h3>Escucha tu grabaci\u00f3n en alta resoluci\u00f3n.<\/h3>\n<\/div>\n<div>Nuestros monitores TRUTH B2030A han sido tan exitosos que hemos vendido miles y miles de ellos a algunas de las orejas m\u00e1s cr\u00edticas del planeta. Debido a su rendimiento de alta resoluci\u00f3n, los monitores de estudio de referencia activos de 2 v\u00edas B2030A son perfectos para aplicaciones de monitoreo de campo cercano, desde peque\u00f1os entornos de mezcla hasta configuraciones surround multicanal. Cuando se trata de tus grabaciones de estudio, lo que quieres es honestidad. De hecho, teniendo en cuenta lo importante que es tu arte, debes exigirlo. Es por eso que hemos dise\u00f1ado el monitor de referencia activo B2030A  de 2 v\u00edas, para hablar solamente con la verdad. Este monitor ofrece una gran potencia de 125 watts de salida biamplificada a un woofer de polipropileno de 6.75&#8243; pulgadas de larga excursi\u00f3n y de gran rendimiento, que proporciona un grave preciso y un agudo de alta resoluci\u00f3n, enfriado por ferro fluido para obtener altos niveles de nitidez. Y aunque fue dise\u00f1ado para estudio, donde cada nota que tocas o cantas, est\u00e1 siempre bajo el microscopio, el B2030A hace una adici\u00f3n absolutamente fant\u00e1stica a tu est\u00e9reo o sistema surround de video. Biamplificaci\u00f3n. El cambio hacia la integridad de la se\u00f1al absoluta. Con sus 125 watts ultra limpios de salida a trav\u00e9s de controladores con alimentaci\u00f3n por separado, el B2030A ofrece un sonido de alta resoluci\u00f3n que realmente saca lo mejor de tu m\u00fasica, gracias a su verdadera biamplificaci\u00f3n (2 amplificadores por sistema de altavoces). Mientras que algunos de nuestros competidores aplican crossover pasivos simples que separan incorrectamente el espectro de la frecuencia y degradan el funcionamiento del conductor, Behringer ha ido m\u00e1s all\u00e1, conduciendo cada woofer y tweeter con un amplificador separado para ofrecer lo \u00faltimo en integridad de la se\u00f1al.<\/div>\n<div>\n<h4>Quick look<\/h4>\n<\/div>\n<ul style=\"margin: 0px 0px 0px 25px\">\n<li style=\"list-style-type: circle;margin: 5px\">Audio inputs.<\/li>\n<li style=\"list-style-type: circle;margin: 5px\">Speaker.<\/li>\n<li style=\"list-style-type: circle;margin: 5px\">Amplifier.<\/li>\n<li style=\"list-style-type: circle;margin: 5px\">Crossover.<\/li>\n<li style=\"list-style-type: circle;margin: 5px\">System Specifications.<\/li>\n<li style=\"list-style-type: circle;margin: 5px\">Power supply.<\/li>\n<li style=\"list-style-type: circle;margin: 5px\">Dimensions.<\/li>\n<li style=\"list-style-type: circle;margin: 5px\">Weight.<\/li>\n<\/ul>\n<div>\n<div style=\"font-weight: bold\">Audio inputs.<\/div>\n<div>\n<p>Conexi\u00f3n XLR: Entrada servo balanceada. Jack hembra de 6.3 mm: Entrada servo balanceada. Impedancia de entrada; 10 kohms. Nivel m\u00e1ximo de entrada; +22 dBu.<\/p>\n<\/div>\n<div style=\"font-weight: bold\">Speaker.<\/div>\n<div>\n<p>Agudos: 3\/4&#8243; domo enfriado por ferro fluido. Woofer: 6 3\/4&#8243; con diafragma de polipropileno.<\/p>\n<\/div>\n<div style=\"font-weight: bold\">Amplifier.<\/div>\n<div>\n<p>RMS @ 0.1% THD: 70 watts. Potencia pico: 125 watts.<\/p>\n<\/div>\n<div style=\"font-weight: bold\">Crossover.<\/div>\n<div>\n<p>Tipo: Activo, Linkwitz-Riley de 4to orden. Frecuencia de crossover: 2 kHz.<\/p>\n<\/div>\n<div style=\"font-weight: bold\">System Specifications.<\/div>\n<div>\n<p>Respuesta de frecuencia: 50 Hz a 21 kHz. SPL m\u00e1ximo: 113 dB SPL @ 1M (par).<\/p>\n<\/div>\n<div style=\"font-weight: bold\">Power supply.<\/div>\n<div>\n<p>100-120V~, 50\/60 Hz: T 2.0 A H 250V. Conector de alimentaci\u00f3n: Recept\u00e1culo IEC est\u00e1ndar.<\/p>\n<\/div>\n<div style=\"font-weight: bold\">Dimensions.<\/div>\n<div>\n<p>317 x 214 x 211 mm.<\/p>\n<\/div>\n<div style=\"font-weight: bold\">Weight.<\/div>\n<div>\n<p>9 kg.<\/p>\n<\/div>\n<\/div>\n<\/div>","protected":false},"excerpt":{"rendered":"<p>Monitor activo de estudio de 2 v\u00edas de alta resoluci\u00f3n, respuesta de frecuenciaultra lineal de 50 Hz a 21 kHz con diafragmas de frecuencia individuales, modulobi-amplificador incorporado de 125 watts con gran reserva de potencia, tweeterde alta resoluci\u00f3n con enfriamiento por ferro fluido, woofer de 6 \u00be\u201d pulgadas con diafragma especial de polipropileno y chasis de aluminio fundido a prueba de deformaci\u00f3n, caracter\u00edsticas de dispersi\u00f3n controlada y \u201dsweet spot\u201d  extremadamente grande, gracias a su exclusiva tecnolog\u00eda de gu\u00eda de ondas de Behringer, redde crossover activo con filtros Linkwitz-Riley de 4to orden,  ajustable a una amplia gama de condiciones ac\u00fasticas y funcionamiento del subwoofer, limitador controlado por separado para protecci\u00f3n de sobrecarga de alta y baja frecuencia, blindaje magn\u00e9tico que permite la colocaci\u00f3n cerca de monitores de computadora, entradas servo-balanceadas con conectores XLR y TRS 1\/4\u201d, dimensiones: 317 x 214x 211 mm, peso: 9 kg.&hellip; <a class=\"kt-excerpt-readmore more-link\" href=\"https:\/\/www.mexicanguitarplayers.com\/en\/tienda\/audio\/bafles-y-bocinas\/bafles\/bafles-activos\/bafle-behringer-monitor-mod-b2030a\/\">Read more<\/a><\/p>","protected":false},"featured_media":26913,"comment_status":"open","ping_status":"closed","template":"","meta":{"kt_blocks_editor_width":""},"pwb-brand":[171],"product_brand":[],"product_cat":[213,222,472,221],"product_tag":[],"class_list":{"0":"post-26917","1":"product","2":"type-product","3":"status-publish","4":"has-post-thumbnail","6":"pwb-brand-behringer","7":"product_cat-audio","8":"product_cat-bafles","9":"product_cat-bafles-activos","10":"product_cat-bafles-y-bocinas","11":"product_shipping_class-10-15-kg","13":"first","14":"instock","15":"taxable","16":"shipping-taxable","17":"purchasable","18":"product-type-simple"},"yoast_head":"<!-- This site is optimized with the Yoast SEO plugin v27.5 - https:\/\/yoast.com\/product\/yoast-seo-wordpress\/ -->\n<title>BAFLE BEHRINGER MONITOR MOD. B2030A - Mexican Guitar Players<\/title>\n<meta name=\"description\" content=\"Monitor activo de estudio de 2 v\u00edas de alta resoluci\u00f3n, respuesta de frecuenciaultra lineal de 50 Hz a 21 kHz con diafragmas de frecuencia individuales, modulobi-amplificador incorporado de 125 watts con gran reserva de potencia, tweeterde alta resoluci\u00f3n con enfriamiento por ferro fluido, woofer de 6 \u00be\u201d pulgadas con diafragma especial de polipropileno y chasis de aluminio fundido a prueba de deformaci\u00f3n, caracter\u00edsticas de dispersi\u00f3n controlada y \u201dsweet spot\u201d extremadamente grande, gracias a su exclusiva tecnolog\u00eda de gu\u00eda de ondas de Behringer, redde crossover activo con filtros Linkwitz-Riley de 4to orden, ajustable a una amplia gama de condiciones ac\u00fasticas y funcionamiento del subwoofer, limitador controlado por separado para protecci\u00f3n de sobrecarga de alta y baja frecuencia, blindaje magn\u00e9tico que permite la colocaci\u00f3n cerca de monitores de computadora, entradas servo-balanceadas con conectores XLR y TRS 1\/4\u201d, dimensiones: 317 x 214x 211 mm, peso: 9 kg.\" \/>\n<meta name=\"robots\" content=\"index, follow, max-snippet:-1, max-image-preview:large, max-video-preview:-1\" \/>\n<link rel=\"canonical\" href=\"https:\/\/www.mexicanguitarplayers.com\/en\/tienda\/sin%20categor\u00eda\/bafle-behringer-monitor-mod-b2030a\/\" \/>\n<meta property=\"og:locale\" content=\"en_US\" \/>\n<meta property=\"og:type\" content=\"article\" \/>\n<meta property=\"og:title\" content=\"BAFLE BEHRINGER MONITOR MOD. B2030A - Mexican Guitar Players\" \/>\n<meta property=\"og:description\" content=\"Monitor activo de estudio de 2 v\u00edas de alta resoluci\u00f3n, respuesta de frecuenciaultra lineal de 50 Hz a 21 kHz con diafragmas de frecuencia individuales, modulobi-amplificador incorporado de 125 watts con gran reserva de potencia, tweeterde alta resoluci\u00f3n con enfriamiento por ferro fluido, woofer de 6 \u00be\u201d pulgadas con diafragma especial de polipropileno y chasis de aluminio fundido a prueba de deformaci\u00f3n, caracter\u00edsticas de dispersi\u00f3n controlada y \u201dsweet spot\u201d extremadamente grande, gracias a su exclusiva tecnolog\u00eda de gu\u00eda de ondas de Behringer, redde crossover activo con filtros Linkwitz-Riley de 4to orden, ajustable a una amplia gama de condiciones ac\u00fasticas y funcionamiento del subwoofer, limitador controlado por separado para protecci\u00f3n de sobrecarga de alta y baja frecuencia, blindaje magn\u00e9tico que permite la colocaci\u00f3n cerca de monitores de computadora, entradas servo-balanceadas con conectores XLR y TRS 1\/4\u201d, dimensiones: 317 x 214x 211 mm, peso: 9 kg.\" \/>\n<meta property=\"og:url\" content=\"https:\/\/www.mexicanguitarplayers.com\/en\/tienda\/sin categor\u00eda\/bafle-behringer-monitor-mod-b2030a\/\" \/>\n<meta property=\"og:site_name\" content=\"Mexican Guitar Players\" \/>\n<meta property=\"article:modified_time\" content=\"2026-05-01T13:28:01+00:00\" \/>\n<meta name=\"twitter:card\" content=\"summary_large_image\" \/>\n<meta name=\"twitter:label1\" content=\"Est. reading time\" \/>\n\t<meta name=\"twitter:data1\" content=\"2 minutes\" \/>\n<script type=\"application\/ld+json\" class=\"yoast-schema-graph\">{\"@context\":\"https:\\\/\\\/schema.org\",\"@graph\":[{\"@type\":[\"WebPage\",\"ItemPage\"],\"@id\":\"https:\\\/\\\/www.mexicanguitarplayers.com\\\/tienda\\\/sin categor\u00eda\\\/bafle-behringer-monitor-mod-b2030a\\\/\",\"url\":\"https:\\\/\\\/www.mexicanguitarplayers.com\\\/tienda\\\/sin categor\u00eda\\\/bafle-behringer-monitor-mod-b2030a\\\/\",\"name\":\"BAFLE BEHRINGER MONITOR MOD. B2030A - Mexican Guitar Players\",\"isPartOf\":{\"@id\":\"https:\\\/\\\/www.mexicanguitarplayers.com\\\/#website\"},\"primaryImageOfPage\":{\"@id\":\"https:\\\/\\\/www.mexicanguitarplayers.com\\\/tienda\\\/sin categor\u00eda\\\/bafle-behringer-monitor-mod-b2030a\\\/#primaryimage\"},\"image\":{\"@id\":\"https:\\\/\\\/www.mexicanguitarplayers.com\\\/tienda\\\/sin categor\u00eda\\\/bafle-behringer-monitor-mod-b2030a\\\/#primaryimage\"},\"thumbnailUrl\":\"https:\\\/\\\/www.mexicanguitarplayers.com\\\/wp-content\\\/uploads\\\/2025\\\/04\\\/IABEHB2030A.jpg\",\"datePublished\":\"2025-04-07T05:30:20+00:00\",\"dateModified\":\"2026-05-01T13:28:01+00:00\",\"description\":\"Monitor activo de estudio de 2 v\u00edas de alta resoluci\u00f3n, respuesta de frecuenciaultra lineal de 50 Hz a 21 kHz con diafragmas de frecuencia individuales, modulobi-amplificador incorporado de 125 watts con gran reserva de potencia, tweeterde alta resoluci\u00f3n con enfriamiento por ferro fluido, woofer de 6 \u00be\u201d pulgadas con diafragma especial de polipropileno y chasis de aluminio fundido a prueba de deformaci\u00f3n, caracter\u00edsticas de dispersi\u00f3n controlada y \u201dsweet spot\u201d extremadamente grande, gracias a su exclusiva tecnolog\u00eda de gu\u00eda de ondas de Behringer, redde crossover activo con filtros Linkwitz-Riley de 4to orden, ajustable a una amplia gama de condiciones ac\u00fasticas y funcionamiento del subwoofer, limitador controlado por separado para protecci\u00f3n de sobrecarga de alta y baja frecuencia, blindaje magn\u00e9tico que permite la colocaci\u00f3n cerca de monitores de computadora, entradas servo-balanceadas con conectores XLR y TRS 1\\\/4\u201d, dimensiones: 317 x 214x 211 mm, peso: 9 kg.\",\"breadcrumb\":{\"@id\":\"https:\\\/\\\/www.mexicanguitarplayers.com\\\/tienda\\\/sin categor\u00eda\\\/bafle-behringer-monitor-mod-b2030a\\\/#breadcrumb\"},\"inLanguage\":\"en-US\",\"potentialAction\":[{\"@type\":\"ReadAction\",\"target\":[\"https:\\\/\\\/www.mexicanguitarplayers.com\\\/tienda\\\/sin categor\u00eda\\\/bafle-behringer-monitor-mod-b2030a\\\/\"]}]},{\"@type\":\"ImageObject\",\"inLanguage\":\"en-US\",\"@id\":\"https:\\\/\\\/www.mexicanguitarplayers.com\\\/tienda\\\/sin categor\u00eda\\\/bafle-behringer-monitor-mod-b2030a\\\/#primaryimage\",\"url\":\"https:\\\/\\\/www.mexicanguitarplayers.com\\\/wp-content\\\/uploads\\\/2025\\\/04\\\/IABEHB2030A.jpg\",\"contentUrl\":\"https:\\\/\\\/www.mexicanguitarplayers.com\\\/wp-content\\\/uploads\\\/2025\\\/04\\\/IABEHB2030A.jpg\",\"width\":1200,\"height\":1200},{\"@type\":\"BreadcrumbList\",\"@id\":\"https:\\\/\\\/www.mexicanguitarplayers.com\\\/tienda\\\/sin categor\u00eda\\\/bafle-behringer-monitor-mod-b2030a\\\/#breadcrumb\",\"itemListElement\":[{\"@type\":\"ListItem\",\"position\":1,\"name\":\"Portada\",\"item\":\"https:\\\/\\\/www.mexicanguitarplayers.com\\\/\"},{\"@type\":\"ListItem\",\"position\":2,\"name\":\"Tienda\",\"item\":\"https:\\\/\\\/www.mexicanguitarplayers.com\\\/tienda\\\/\"},{\"@type\":\"ListItem\",\"position\":3,\"name\":\"BAFLE BEHRINGER MONITOR MOD. B2030A\"}]},{\"@type\":\"WebSite\",\"@id\":\"https:\\\/\\\/www.mexicanguitarplayers.com\\\/#website\",\"url\":\"https:\\\/\\\/www.mexicanguitarplayers.com\\\/\",\"name\":\"Mexican Guitar Players\",\"description\":\"Website\",\"publisher\":{\"@id\":\"https:\\\/\\\/www.mexicanguitarplayers.com\\\/#organization\"},\"potentialAction\":[{\"@type\":\"SearchAction\",\"target\":{\"@type\":\"EntryPoint\",\"urlTemplate\":\"https:\\\/\\\/www.mexicanguitarplayers.com\\\/?s={search_term_string}\"},\"query-input\":{\"@type\":\"PropertyValueSpecification\",\"valueRequired\":true,\"valueName\":\"search_term_string\"}}],\"inLanguage\":\"en-US\"},{\"@type\":\"Organization\",\"@id\":\"https:\\\/\\\/www.mexicanguitarplayers.com\\\/#organization\",\"name\":\"Mexican Guitar Players\",\"url\":\"https:\\\/\\\/www.mexicanguitarplayers.com\\\/\",\"logo\":{\"@type\":\"ImageObject\",\"inLanguage\":\"en-US\",\"@id\":\"https:\\\/\\\/www.mexicanguitarplayers.com\\\/#\\\/schema\\\/logo\\\/image\\\/\",\"url\":\"\",\"contentUrl\":\"\",\"caption\":\"Mexican Guitar Players\"},\"image\":{\"@id\":\"https:\\\/\\\/www.mexicanguitarplayers.com\\\/#\\\/schema\\\/logo\\\/image\\\/\"}}]}<\/script>\n<!-- \/ Yoast SEO plugin. -->","yoast_head_json":{"title":"BAFLE BEHRINGER MONITOR MOD. B2030A - Mexican Guitar Players","description":"Monitor activo de estudio de 2 v\u00edas de alta resoluci\u00f3n, respuesta de frecuenciaultra lineal de 50 Hz a 21 kHz con diafragmas de frecuencia individuales, modulobi-amplificador incorporado de 125 watts con gran reserva de potencia, tweeterde alta resoluci\u00f3n con enfriamiento por ferro fluido, woofer de 6 \u00be\u201d pulgadas con diafragma especial de polipropileno y chasis de aluminio fundido a prueba de deformaci\u00f3n, caracter\u00edsticas de dispersi\u00f3n controlada y \u201dsweet spot\u201d extremadamente grande, gracias a su exclusiva tecnolog\u00eda de gu\u00eda de ondas de Behringer, redde crossover activo con filtros Linkwitz-Riley de 4to orden, ajustable a una amplia gama de condiciones ac\u00fasticas y funcionamiento del subwoofer, limitador controlado por separado para protecci\u00f3n de sobrecarga de alta y baja frecuencia, blindaje magn\u00e9tico que permite la colocaci\u00f3n cerca de monitores de computadora, entradas servo-balanceadas con conectores XLR y TRS 1\/4\u201d, dimensiones: 317 x 214x 211 mm, peso: 9 kg.","robots":{"index":"index","follow":"follow","max-snippet":"max-snippet:-1","max-image-preview":"max-image-preview:large","max-video-preview":"max-video-preview:-1"},"canonical":"https:\/\/www.mexicanguitarplayers.com\/en\/tienda\/sin categor\u00eda\/bafle-behringer-monitor-mod-b2030a\/","og_locale":"en_US","og_type":"article","og_title":"BAFLE BEHRINGER MONITOR MOD. B2030A - Mexican Guitar Players","og_description":"Monitor activo de estudio de 2 v\u00edas de alta resoluci\u00f3n, respuesta de frecuenciaultra lineal de 50 Hz a 21 kHz con diafragmas de frecuencia individuales, modulobi-amplificador incorporado de 125 watts con gran reserva de potencia, tweeterde alta resoluci\u00f3n con enfriamiento por ferro fluido, woofer de 6 \u00be\u201d pulgadas con diafragma especial de polipropileno y chasis de aluminio fundido a prueba de deformaci\u00f3n, caracter\u00edsticas de dispersi\u00f3n controlada y \u201dsweet spot\u201d extremadamente grande, gracias a su exclusiva tecnolog\u00eda de gu\u00eda de ondas de Behringer, redde crossover activo con filtros Linkwitz-Riley de 4to orden, ajustable a una amplia gama de condiciones ac\u00fasticas y funcionamiento del subwoofer, limitador controlado por separado para protecci\u00f3n de sobrecarga de alta y baja frecuencia, blindaje magn\u00e9tico que permite la colocaci\u00f3n cerca de monitores de computadora, entradas servo-balanceadas con conectores XLR y TRS 1\/4\u201d, dimensiones: 317 x 214x 211 mm, peso: 9 kg.","og_url":"https:\/\/www.mexicanguitarplayers.com\/en\/tienda\/sin categor\u00eda\/bafle-behringer-monitor-mod-b2030a\/","og_site_name":"Mexican Guitar Players","article_modified_time":"2026-05-01T13:28:01+00:00","twitter_card":"summary_large_image","twitter_misc":{"Est. reading time":"2 minutes"},"schema":{"@context":"https:\/\/schema.org","@graph":[{"@type":["WebPage","ItemPage"],"@id":"https:\/\/www.mexicanguitarplayers.com\/tienda\/sin categor\u00eda\/bafle-behringer-monitor-mod-b2030a\/","url":"https:\/\/www.mexicanguitarplayers.com\/tienda\/sin categor\u00eda\/bafle-behringer-monitor-mod-b2030a\/","name":"BAFLE BEHRINGER MONITOR MOD. B2030A - Mexican Guitar Players","isPartOf":{"@id":"https:\/\/www.mexicanguitarplayers.com\/#website"},"primaryImageOfPage":{"@id":"https:\/\/www.mexicanguitarplayers.com\/tienda\/sin categor\u00eda\/bafle-behringer-monitor-mod-b2030a\/#primaryimage"},"image":{"@id":"https:\/\/www.mexicanguitarplayers.com\/tienda\/sin categor\u00eda\/bafle-behringer-monitor-mod-b2030a\/#primaryimage"},"thumbnailUrl":"https:\/\/www.mexicanguitarplayers.com\/wp-content\/uploads\/2025\/04\/IABEHB2030A.jpg","datePublished":"2025-04-07T05:30:20+00:00","dateModified":"2026-05-01T13:28:01+00:00","description":"Monitor activo de estudio de 2 v\u00edas de alta resoluci\u00f3n, respuesta de frecuenciaultra lineal de 50 Hz a 21 kHz con diafragmas de frecuencia individuales, modulobi-amplificador incorporado de 125 watts con gran reserva de potencia, tweeterde alta resoluci\u00f3n con enfriamiento por ferro fluido, woofer de 6 \u00be\u201d pulgadas con diafragma especial de polipropileno y chasis de aluminio fundido a prueba de deformaci\u00f3n, caracter\u00edsticas de dispersi\u00f3n controlada y \u201dsweet spot\u201d extremadamente grande, gracias a su exclusiva tecnolog\u00eda de gu\u00eda de ondas de Behringer, redde crossover activo con filtros Linkwitz-Riley de 4to orden, ajustable a una amplia gama de condiciones ac\u00fasticas y funcionamiento del subwoofer, limitador controlado por separado para protecci\u00f3n de sobrecarga de alta y baja frecuencia, blindaje magn\u00e9tico que permite la colocaci\u00f3n cerca de monitores de computadora, entradas servo-balanceadas con conectores XLR y TRS 1\/4\u201d, dimensiones: 317 x 214x 211 mm, peso: 9 kg.","breadcrumb":{"@id":"https:\/\/www.mexicanguitarplayers.com\/tienda\/sin categor\u00eda\/bafle-behringer-monitor-mod-b2030a\/#breadcrumb"},"inLanguage":"en-US","potentialAction":[{"@type":"ReadAction","target":["https:\/\/www.mexicanguitarplayers.com\/tienda\/sin categor\u00eda\/bafle-behringer-monitor-mod-b2030a\/"]}]},{"@type":"ImageObject","inLanguage":"en-US","@id":"https:\/\/www.mexicanguitarplayers.com\/tienda\/sin categor\u00eda\/bafle-behringer-monitor-mod-b2030a\/#primaryimage","url":"https:\/\/www.mexicanguitarplayers.com\/wp-content\/uploads\/2025\/04\/IABEHB2030A.jpg","contentUrl":"https:\/\/www.mexicanguitarplayers.com\/wp-content\/uploads\/2025\/04\/IABEHB2030A.jpg","width":1200,"height":1200},{"@type":"BreadcrumbList","@id":"https:\/\/www.mexicanguitarplayers.com\/tienda\/sin categor\u00eda\/bafle-behringer-monitor-mod-b2030a\/#breadcrumb","itemListElement":[{"@type":"ListItem","position":1,"name":"Portada","item":"https:\/\/www.mexicanguitarplayers.com\/"},{"@type":"ListItem","position":2,"name":"Tienda","item":"https:\/\/www.mexicanguitarplayers.com\/tienda\/"},{"@type":"ListItem","position":3,"name":"BAFLE BEHRINGER MONITOR MOD. B2030A"}]},{"@type":"WebSite","@id":"https:\/\/www.mexicanguitarplayers.com\/#website","url":"https:\/\/www.mexicanguitarplayers.com\/","name":"Mexican Guitar Players","description":"Website","publisher":{"@id":"https:\/\/www.mexicanguitarplayers.com\/#organization"},"potentialAction":[{"@type":"SearchAction","target":{"@type":"EntryPoint","urlTemplate":"https:\/\/www.mexicanguitarplayers.com\/?s={search_term_string}"},"query-input":{"@type":"PropertyValueSpecification","valueRequired":true,"valueName":"search_term_string"}}],"inLanguage":"en-US"},{"@type":"Organization","@id":"https:\/\/www.mexicanguitarplayers.com\/#organization","name":"Mexican Guitar Players","url":"https:\/\/www.mexicanguitarplayers.com\/","logo":{"@type":"ImageObject","inLanguage":"en-US","@id":"https:\/\/www.mexicanguitarplayers.com\/#\/schema\/logo\/image\/","url":"","contentUrl":"","caption":"Mexican Guitar Players"},"image":{"@id":"https:\/\/www.mexicanguitarplayers.com\/#\/schema\/logo\/image\/"}}]}},"brands":[{"id":171,"name":"BEHRINGER","slug":"behringer"}],"_links":{"self":[{"href":"https:\/\/www.mexicanguitarplayers.com\/en\/wp-json\/wp\/v2\/product\/26917","targetHints":{"allow":["GET"]}}],"collection":[{"href":"https:\/\/www.mexicanguitarplayers.com\/en\/wp-json\/wp\/v2\/product"}],"about":[{"href":"https:\/\/www.mexicanguitarplayers.com\/en\/wp-json\/wp\/v2\/types\/product"}],"replies":[{"embeddable":true,"href":"https:\/\/www.mexicanguitarplayers.com\/en\/wp-json\/wp\/v2\/comments?post=26917"}],"wp:featuredmedia":[{"embeddable":true,"href":"https:\/\/www.mexicanguitarplayers.com\/en\/wp-json\/wp\/v2\/media\/26913"}],"wp:attachment":[{"href":"https:\/\/www.mexicanguitarplayers.com\/en\/wp-json\/wp\/v2\/media?parent=26917"}],"wp:term":[{"taxonomy":"pwb-brand","embeddable":true,"href":"https:\/\/www.mexicanguitarplayers.com\/en\/wp-json\/wp\/v2\/pwb-brand?post=26917"},{"taxonomy":"product_brand","embeddable":true,"href":"https:\/\/www.mexicanguitarplayers.com\/en\/wp-json\/wp\/v2\/product_brand?post=26917"},{"taxonomy":"product_cat","embeddable":true,"href":"https:\/\/www.mexicanguitarplayers.com\/en\/wp-json\/wp\/v2\/product_cat?post=26917"},{"taxonomy":"product_tag","embeddable":true,"href":"https:\/\/www.mexicanguitarplayers.com\/en\/wp-json\/wp\/v2\/product_tag?post=26917"}],"curies":[{"name":"wp","href":"https:\/\/api.w.org\/{rel}","templated":true}]}}