{"id":26971,"date":"2025-04-06T23:36:26","date_gmt":"2025-04-07T05:36:26","guid":{"rendered":"https:\/\/www.mexicanguitarplayers.com\/tienda\/sin categor\u00eda\/pedal-nux-ndo-5-ace-of-tone\/"},"modified":"2026-05-01T07:27:59","modified_gmt":"2026-05-01T13:27:59","slug":"pedal-nux-ndo-5-ace-of-tone","status":"publish","type":"product","link":"https:\/\/www.mexicanguitarplayers.com\/en\/tienda\/cuerdas\/efectos\/efectos-individuales\/pedal-nux-ndo-5-ace-of-tone\/","title":{"rendered":"PEDAL NUX NDO-5 ACE OF TONE"},"content":{"rendered":"<div style=\"text-align: justify\">\n<div>\n<h3>El as del tono.<\/h3>\n<\/div>\n<div>ACE o TONE es un pedal overdrive dual apiado con MKII y Morning Star. \u00bfPor qu\u00e9? Porque a los grandes guitarristas les encantan los dos overdrives para apilar su tono. En la esquina izquierda: Tubeman con modo FAT. Tubeman ofrece mucha m\u00e1s claridad y ganancia que cualquier Tubescreamer cl\u00e1sico y modificamos el circuito con una \u00fatil funci\u00f3n secundaria simplemente manteniendo presionado el footswitch modo FAT. En la esquina derecha. tenemos el Morning Star con modo SHINE. Morning Star se basa en el legendario circuito Bluesbreaker, unidad muy transparente y de baja ganancia. Al igual que nuestro Morning Star, tambi\u00e9n cuenta con un simple FOOTSWITCH HOLD para activar el ic\u00f3nico modo Shine. En el modo Shine, puedes obtener un sonido mucho m\u00e1s agudo para que tu tono sea m\u00e1s claro. Enrutamiento vers\u00e1til y switches de palanca. Puedes ajustar el orden como MS-&gt;TM o TM-&gt;MS. En la parte superior, puedes alternar el switch BF\/BT para Buffer-Bypass o True-Bypass y el switch de 9V a 18V para doble voltaje interno para un rango din\u00e1mico m\u00e1s amplio.<\/div>\n<div>\n<h4>Quick look<\/h4>\n<\/div>\n<ul style=\"margin: 0px 0px 0px 25px\">\n<li style=\"list-style-type: circle;margin: 5px\">Lado izquierdo (Tubeman).<\/li>\n<li style=\"list-style-type: circle;margin: 5px\">Lado derecho (Morning Star).<\/li>\n<li style=\"list-style-type: circle;margin: 5px\">Entrances and exits.<\/li>\n<li style=\"list-style-type: circle;margin: 5px\">Input impedance.<\/li>\n<li style=\"list-style-type: circle;margin: 5px\">Output impedance.<\/li>\n<li style=\"list-style-type: circle;margin: 5px\">Energy.<\/li>\n<li style=\"list-style-type: circle;margin: 5px\">Consumo de corriente.<\/li>\n<li style=\"list-style-type: circle;margin: 5px\">Dimensions.<\/li>\n<li style=\"list-style-type: circle;margin: 5px\">Weight.<\/li>\n<\/ul>\n<div>\n<div style=\"font-weight: bold\">Lado izquierdo (Tubeman).<\/div>\n<div>\n<p>Perilla DRIVE: Controla la ganancia del circuito Tubeman. Perilla TONE: Controla la frecuencia de agudos del circuito Tubeman. Perilla LEVEL: Controla el volumen del circuito Tubeman. Footswitch; Activa\/desactiva el circuito Tubeman. Mantenlo presionado durante un segundo, puedes activar o desactivar el modo FAT. Indicador FAT: Mientras activas el modo FAT, el indicador se encender\u00e1.<\/p>\n<\/div>\n<div style=\"font-weight: bold\">Lado derecho (Morning Star).<\/div>\n<div>\n<p>Perilla DRIVE: Controla la ganancia del circuito Morning Star. Perilla TONE: Controla la frecuencia de agudos del circuito Morning Star. Perilla LEVEL: Controla el volumen del circuito Morning Star. Footswitch: Activa\/desactiva el circuito Morning Star. Mantenlo presionado durante un segundo, puedes activar o desactivar el modo Shine. Indicador Shine: Mientras activas el modo Shine, el indicador se encender\u00e1. Switch de palanca routing: Puedes ajustar el orden de Morning Star a Tubeman o Tubeman o Morning Star. Es muy \u00fatil para apilar el sonido.<\/p>\n<\/div>\n<div style=\"font-weight: bold\">Entrances and exits.<\/div>\n<div>\n<p>INPUT: Conecta el lado de tu guitarra al jack de entrada. OUTPUT: Conecta la se\u00f1al de salida al lado del amplificador. EXT. SW: Puedes usar un footswitch externo (como NUX NMP-2) para controlar este pedal de forma remota. Switch de palanca BF\/TB: BF significa Buffer-Bypass, mientras que TB significa True-Bypass. Puedes elegir BF mientras te conectas con varios pedales en tu cadena de se\u00f1al para resolver la situaci\u00f3n de p\u00e9rdida de tono. Switch de palanca 18V\/9V: Ace of Tone puede duplicar el voltaje internamente mientras cambias a la posici\u00f3n de 18V, lo que puede aumentar el rango din\u00e1mico y el headroom. Jack DC: Usa \u00fanicamente alimentaci\u00f3n de punta negativa de 9V con 100 mA.<\/p>\n<\/div>\n<div style=\"font-weight: bold\">Input impedance.<\/div>\n<div>\n<p>2.2 mili-ohms.<\/p>\n<\/div>\n<div style=\"font-weight: bold\">Output impedance.<\/div>\n<div>\n<p>1 kilo-ohm.<\/p>\n<\/div>\n<div style=\"font-weight: bold\">Energy.<\/div>\n<div>\n<p>9V DC (punta negativa, adaptador opcional ACD-006A).<\/p>\n<\/div>\n<div style=\"font-weight: bold\">Consumo de corriente.<\/div>\n<div>\n<p>Menos de 100 mA (52 mA).<\/p>\n<\/div>\n<div style=\"font-weight: bold\">Dimensions.<\/div>\n<div>\n<p>105 x 115 x 58 mm.<\/p>\n<\/div>\n<div style=\"font-weight: bold\">Weight.<\/div>\n<div>\n<p>440 g.<\/p>\n<\/div>\n<\/div>\n<\/div>","protected":false},"excerpt":{"rendered":"<p>Pedal overdrive modelo Ace of Tone, equipado con circuitos de overdrive: Tubeman y Morning Star en una compacta carcasa, modos vers\u00e1tiles y dise\u00f1o de enrutamiento para mejorar la variedad de tonos, impedancia de entrada: 2.2 mili-ohms, impedancia de salida: 1 kilo-ohm, energ\u00eda: 9V DC (punta negativa, adaptador ACD-006A opcional no incluido), consumo de corriente: Menos de 100 mA, dimensiones: 105 x 115 x 58 mm, peso: 440 g.&hellip; <a class=\"kt-excerpt-readmore more-link\" href=\"https:\/\/www.mexicanguitarplayers.com\/en\/tienda\/cuerdas\/efectos\/efectos-individuales\/pedal-nux-ndo-5-ace-of-tone\/\">Read more<\/a><\/p>","protected":false},"featured_media":26965,"comment_status":"open","ping_status":"closed","template":"","meta":{"kt_blocks_editor_width":""},"pwb-brand":[177],"product_brand":[],"product_cat":[224,241,504],"product_tag":[],"class_list":{"0":"post-26971","1":"product","2":"type-product","3":"status-publish","4":"has-post-thumbnail","6":"pwb-brand-nux","7":"product_cat-cuerdas","8":"product_cat-efectos","9":"product_cat-efectos-individuales","10":"product_shipping_class-0-5-kg","12":"first","13":"instock","14":"taxable","15":"shipping-taxable","16":"purchasable","17":"product-type-simple"},"yoast_head":"<!-- This site is optimized with the Yoast SEO plugin v27.5 - https:\/\/yoast.com\/product\/yoast-seo-wordpress\/ -->\n<title>PEDAL NUX NDO-5 ACE OF TONE - Mexican Guitar Players<\/title>\n<meta name=\"description\" content=\"Pedal overdrive modelo Ace of Tone, equipado con circuitos de overdrive: Tubeman y Morning Star en una compacta carcasa, modos vers\u00e1tiles y dise\u00f1o de enrutamiento para mejorar la variedad de tonos, impedancia de entrada: 2.2 mili-ohms, impedancia de salida: 1 kilo-ohm, energ\u00eda: 9V DC (punta negativa, adaptador ACD-006A opcional no incluido), consumo de corriente: Menos de 100 mA, dimensiones: 105 x 115 x 58 mm, peso: 440 g.\" \/>\n<meta name=\"robots\" content=\"index, follow, max-snippet:-1, max-image-preview:large, max-video-preview:-1\" \/>\n<link rel=\"canonical\" href=\"https:\/\/www.mexicanguitarplayers.com\/en\/tienda\/sin%20categor\u00eda\/pedal-nux-ndo-5-ace-of-tone\/\" \/>\n<meta property=\"og:locale\" content=\"en_US\" \/>\n<meta property=\"og:type\" content=\"article\" \/>\n<meta property=\"og:title\" content=\"PEDAL NUX NDO-5 ACE OF TONE - Mexican Guitar Players\" \/>\n<meta property=\"og:description\" content=\"Pedal overdrive modelo Ace of Tone, equipado con circuitos de overdrive: Tubeman y Morning Star en una compacta carcasa, modos vers\u00e1tiles y dise\u00f1o de enrutamiento para mejorar la variedad de tonos, impedancia de entrada: 2.2 mili-ohms, impedancia de salida: 1 kilo-ohm, energ\u00eda: 9V DC (punta negativa, adaptador ACD-006A opcional no incluido), consumo de corriente: Menos de 100 mA, dimensiones: 105 x 115 x 58 mm, peso: 440 g.\" \/>\n<meta property=\"og:url\" content=\"https:\/\/www.mexicanguitarplayers.com\/en\/tienda\/sin categor\u00eda\/pedal-nux-ndo-5-ace-of-tone\/\" \/>\n<meta property=\"og:site_name\" content=\"Mexican Guitar Players\" \/>\n<meta property=\"article:modified_time\" content=\"2026-05-01T13:27:59+00:00\" \/>\n<meta name=\"twitter:card\" content=\"summary_large_image\" \/>\n<meta name=\"twitter:label1\" content=\"Est. reading time\" \/>\n\t<meta name=\"twitter:data1\" content=\"3 minutes\" \/>\n<script type=\"application\/ld+json\" class=\"yoast-schema-graph\">{\"@context\":\"https:\\\/\\\/schema.org\",\"@graph\":[{\"@type\":[\"WebPage\",\"ItemPage\"],\"@id\":\"https:\\\/\\\/www.mexicanguitarplayers.com\\\/tienda\\\/sin categor\u00eda\\\/pedal-nux-ndo-5-ace-of-tone\\\/\",\"url\":\"https:\\\/\\\/www.mexicanguitarplayers.com\\\/tienda\\\/sin categor\u00eda\\\/pedal-nux-ndo-5-ace-of-tone\\\/\",\"name\":\"PEDAL NUX NDO-5 ACE OF TONE - Mexican Guitar Players\",\"isPartOf\":{\"@id\":\"https:\\\/\\\/www.mexicanguitarplayers.com\\\/#website\"},\"primaryImageOfPage\":{\"@id\":\"https:\\\/\\\/www.mexicanguitarplayers.com\\\/tienda\\\/sin categor\u00eda\\\/pedal-nux-ndo-5-ace-of-tone\\\/#primaryimage\"},\"image\":{\"@id\":\"https:\\\/\\\/www.mexicanguitarplayers.com\\\/tienda\\\/sin categor\u00eda\\\/pedal-nux-ndo-5-ace-of-tone\\\/#primaryimage\"},\"thumbnailUrl\":\"https:\\\/\\\/www.mexicanguitarplayers.com\\\/wp-content\\\/uploads\\\/2025\\\/04\\\/VANUXNDO5.jpg\",\"datePublished\":\"2025-04-07T05:36:26+00:00\",\"dateModified\":\"2026-05-01T13:27:59+00:00\",\"description\":\"Pedal overdrive modelo Ace of Tone, equipado con circuitos de overdrive: Tubeman y Morning Star en una compacta carcasa, modos vers\u00e1tiles y dise\u00f1o de enrutamiento para mejorar la variedad de tonos, impedancia de entrada: 2.2 mili-ohms, impedancia de salida: 1 kilo-ohm, energ\u00eda: 9V DC (punta negativa, adaptador ACD-006A opcional no incluido), consumo de corriente: Menos de 100 mA, dimensiones: 105 x 115 x 58 mm, peso: 440 g.\",\"breadcrumb\":{\"@id\":\"https:\\\/\\\/www.mexicanguitarplayers.com\\\/tienda\\\/sin categor\u00eda\\\/pedal-nux-ndo-5-ace-of-tone\\\/#breadcrumb\"},\"inLanguage\":\"en-US\",\"potentialAction\":[{\"@type\":\"ReadAction\",\"target\":[\"https:\\\/\\\/www.mexicanguitarplayers.com\\\/tienda\\\/sin categor\u00eda\\\/pedal-nux-ndo-5-ace-of-tone\\\/\"]}]},{\"@type\":\"ImageObject\",\"inLanguage\":\"en-US\",\"@id\":\"https:\\\/\\\/www.mexicanguitarplayers.com\\\/tienda\\\/sin categor\u00eda\\\/pedal-nux-ndo-5-ace-of-tone\\\/#primaryimage\",\"url\":\"https:\\\/\\\/www.mexicanguitarplayers.com\\\/wp-content\\\/uploads\\\/2025\\\/04\\\/VANUXNDO5.jpg\",\"contentUrl\":\"https:\\\/\\\/www.mexicanguitarplayers.com\\\/wp-content\\\/uploads\\\/2025\\\/04\\\/VANUXNDO5.jpg\",\"width\":1200,\"height\":1200},{\"@type\":\"BreadcrumbList\",\"@id\":\"https:\\\/\\\/www.mexicanguitarplayers.com\\\/tienda\\\/sin categor\u00eda\\\/pedal-nux-ndo-5-ace-of-tone\\\/#breadcrumb\",\"itemListElement\":[{\"@type\":\"ListItem\",\"position\":1,\"name\":\"Portada\",\"item\":\"https:\\\/\\\/www.mexicanguitarplayers.com\\\/\"},{\"@type\":\"ListItem\",\"position\":2,\"name\":\"Tienda\",\"item\":\"https:\\\/\\\/www.mexicanguitarplayers.com\\\/tienda\\\/\"},{\"@type\":\"ListItem\",\"position\":3,\"name\":\"PEDAL NUX NDO-5 ACE OF TONE\"}]},{\"@type\":\"WebSite\",\"@id\":\"https:\\\/\\\/www.mexicanguitarplayers.com\\\/#website\",\"url\":\"https:\\\/\\\/www.mexicanguitarplayers.com\\\/\",\"name\":\"Mexican Guitar Players\",\"description\":\"Website\",\"publisher\":{\"@id\":\"https:\\\/\\\/www.mexicanguitarplayers.com\\\/#organization\"},\"potentialAction\":[{\"@type\":\"SearchAction\",\"target\":{\"@type\":\"EntryPoint\",\"urlTemplate\":\"https:\\\/\\\/www.mexicanguitarplayers.com\\\/?s={search_term_string}\"},\"query-input\":{\"@type\":\"PropertyValueSpecification\",\"valueRequired\":true,\"valueName\":\"search_term_string\"}}],\"inLanguage\":\"en-US\"},{\"@type\":\"Organization\",\"@id\":\"https:\\\/\\\/www.mexicanguitarplayers.com\\\/#organization\",\"name\":\"Mexican Guitar Players\",\"url\":\"https:\\\/\\\/www.mexicanguitarplayers.com\\\/\",\"logo\":{\"@type\":\"ImageObject\",\"inLanguage\":\"en-US\",\"@id\":\"https:\\\/\\\/www.mexicanguitarplayers.com\\\/#\\\/schema\\\/logo\\\/image\\\/\",\"url\":\"\",\"contentUrl\":\"\",\"caption\":\"Mexican Guitar Players\"},\"image\":{\"@id\":\"https:\\\/\\\/www.mexicanguitarplayers.com\\\/#\\\/schema\\\/logo\\\/image\\\/\"}}]}<\/script>\n<!-- \/ Yoast SEO plugin. -->","yoast_head_json":{"title":"PEDAL NUX NDO-5 ACE OF TONE - Mexican Guitar Players","description":"Pedal overdrive modelo Ace of Tone, equipado con circuitos de overdrive: Tubeman y Morning Star en una compacta carcasa, modos vers\u00e1tiles y dise\u00f1o de enrutamiento para mejorar la variedad de tonos, impedancia de entrada: 2.2 mili-ohms, impedancia de salida: 1 kilo-ohm, energ\u00eda: 9V DC (punta negativa, adaptador ACD-006A opcional no incluido), consumo de corriente: Menos de 100 mA, dimensiones: 105 x 115 x 58 mm, peso: 440 g.","robots":{"index":"index","follow":"follow","max-snippet":"max-snippet:-1","max-image-preview":"max-image-preview:large","max-video-preview":"max-video-preview:-1"},"canonical":"https:\/\/www.mexicanguitarplayers.com\/en\/tienda\/sin categor\u00eda\/pedal-nux-ndo-5-ace-of-tone\/","og_locale":"en_US","og_type":"article","og_title":"PEDAL NUX NDO-5 ACE OF TONE - Mexican Guitar Players","og_description":"Pedal overdrive modelo Ace of Tone, equipado con circuitos de overdrive: Tubeman y Morning Star en una compacta carcasa, modos vers\u00e1tiles y dise\u00f1o de enrutamiento para mejorar la variedad de tonos, impedancia de entrada: 2.2 mili-ohms, impedancia de salida: 1 kilo-ohm, energ\u00eda: 9V DC (punta negativa, adaptador ACD-006A opcional no incluido), consumo de corriente: Menos de 100 mA, dimensiones: 105 x 115 x 58 mm, peso: 440 g.","og_url":"https:\/\/www.mexicanguitarplayers.com\/en\/tienda\/sin categor\u00eda\/pedal-nux-ndo-5-ace-of-tone\/","og_site_name":"Mexican Guitar Players","article_modified_time":"2026-05-01T13:27:59+00:00","twitter_card":"summary_large_image","twitter_misc":{"Est. reading time":"3 minutes"},"schema":{"@context":"https:\/\/schema.org","@graph":[{"@type":["WebPage","ItemPage"],"@id":"https:\/\/www.mexicanguitarplayers.com\/tienda\/sin categor\u00eda\/pedal-nux-ndo-5-ace-of-tone\/","url":"https:\/\/www.mexicanguitarplayers.com\/tienda\/sin categor\u00eda\/pedal-nux-ndo-5-ace-of-tone\/","name":"PEDAL NUX NDO-5 ACE OF TONE - Mexican Guitar Players","isPartOf":{"@id":"https:\/\/www.mexicanguitarplayers.com\/#website"},"primaryImageOfPage":{"@id":"https:\/\/www.mexicanguitarplayers.com\/tienda\/sin categor\u00eda\/pedal-nux-ndo-5-ace-of-tone\/#primaryimage"},"image":{"@id":"https:\/\/www.mexicanguitarplayers.com\/tienda\/sin categor\u00eda\/pedal-nux-ndo-5-ace-of-tone\/#primaryimage"},"thumbnailUrl":"https:\/\/www.mexicanguitarplayers.com\/wp-content\/uploads\/2025\/04\/VANUXNDO5.jpg","datePublished":"2025-04-07T05:36:26+00:00","dateModified":"2026-05-01T13:27:59+00:00","description":"Pedal overdrive modelo Ace of Tone, equipado con circuitos de overdrive: Tubeman y Morning Star en una compacta carcasa, modos vers\u00e1tiles y dise\u00f1o de enrutamiento para mejorar la variedad de tonos, impedancia de entrada: 2.2 mili-ohms, impedancia de salida: 1 kilo-ohm, energ\u00eda: 9V DC (punta negativa, adaptador ACD-006A opcional no incluido), consumo de corriente: Menos de 100 mA, dimensiones: 105 x 115 x 58 mm, peso: 440 g.","breadcrumb":{"@id":"https:\/\/www.mexicanguitarplayers.com\/tienda\/sin categor\u00eda\/pedal-nux-ndo-5-ace-of-tone\/#breadcrumb"},"inLanguage":"en-US","potentialAction":[{"@type":"ReadAction","target":["https:\/\/www.mexicanguitarplayers.com\/tienda\/sin categor\u00eda\/pedal-nux-ndo-5-ace-of-tone\/"]}]},{"@type":"ImageObject","inLanguage":"en-US","@id":"https:\/\/www.mexicanguitarplayers.com\/tienda\/sin categor\u00eda\/pedal-nux-ndo-5-ace-of-tone\/#primaryimage","url":"https:\/\/www.mexicanguitarplayers.com\/wp-content\/uploads\/2025\/04\/VANUXNDO5.jpg","contentUrl":"https:\/\/www.mexicanguitarplayers.com\/wp-content\/uploads\/2025\/04\/VANUXNDO5.jpg","width":1200,"height":1200},{"@type":"BreadcrumbList","@id":"https:\/\/www.mexicanguitarplayers.com\/tienda\/sin categor\u00eda\/pedal-nux-ndo-5-ace-of-tone\/#breadcrumb","itemListElement":[{"@type":"ListItem","position":1,"name":"Portada","item":"https:\/\/www.mexicanguitarplayers.com\/"},{"@type":"ListItem","position":2,"name":"Tienda","item":"https:\/\/www.mexicanguitarplayers.com\/tienda\/"},{"@type":"ListItem","position":3,"name":"PEDAL NUX NDO-5 ACE OF TONE"}]},{"@type":"WebSite","@id":"https:\/\/www.mexicanguitarplayers.com\/#website","url":"https:\/\/www.mexicanguitarplayers.com\/","name":"Mexican Guitar Players","description":"Website","publisher":{"@id":"https:\/\/www.mexicanguitarplayers.com\/#organization"},"potentialAction":[{"@type":"SearchAction","target":{"@type":"EntryPoint","urlTemplate":"https:\/\/www.mexicanguitarplayers.com\/?s={search_term_string}"},"query-input":{"@type":"PropertyValueSpecification","valueRequired":true,"valueName":"search_term_string"}}],"inLanguage":"en-US"},{"@type":"Organization","@id":"https:\/\/www.mexicanguitarplayers.com\/#organization","name":"Mexican Guitar Players","url":"https:\/\/www.mexicanguitarplayers.com\/","logo":{"@type":"ImageObject","inLanguage":"en-US","@id":"https:\/\/www.mexicanguitarplayers.com\/#\/schema\/logo\/image\/","url":"","contentUrl":"","caption":"Mexican Guitar Players"},"image":{"@id":"https:\/\/www.mexicanguitarplayers.com\/#\/schema\/logo\/image\/"}}]}},"brands":[{"id":177,"name":"NUX","slug":"nux"}],"_links":{"self":[{"href":"https:\/\/www.mexicanguitarplayers.com\/en\/wp-json\/wp\/v2\/product\/26971","targetHints":{"allow":["GET"]}}],"collection":[{"href":"https:\/\/www.mexicanguitarplayers.com\/en\/wp-json\/wp\/v2\/product"}],"about":[{"href":"https:\/\/www.mexicanguitarplayers.com\/en\/wp-json\/wp\/v2\/types\/product"}],"replies":[{"embeddable":true,"href":"https:\/\/www.mexicanguitarplayers.com\/en\/wp-json\/wp\/v2\/comments?post=26971"}],"wp:featuredmedia":[{"embeddable":true,"href":"https:\/\/www.mexicanguitarplayers.com\/en\/wp-json\/wp\/v2\/media\/26965"}],"wp:attachment":[{"href":"https:\/\/www.mexicanguitarplayers.com\/en\/wp-json\/wp\/v2\/media?parent=26971"}],"wp:term":[{"taxonomy":"pwb-brand","embeddable":true,"href":"https:\/\/www.mexicanguitarplayers.com\/en\/wp-json\/wp\/v2\/pwb-brand?post=26971"},{"taxonomy":"product_brand","embeddable":true,"href":"https:\/\/www.mexicanguitarplayers.com\/en\/wp-json\/wp\/v2\/product_brand?post=26971"},{"taxonomy":"product_cat","embeddable":true,"href":"https:\/\/www.mexicanguitarplayers.com\/en\/wp-json\/wp\/v2\/product_cat?post=26971"},{"taxonomy":"product_tag","embeddable":true,"href":"https:\/\/www.mexicanguitarplayers.com\/en\/wp-json\/wp\/v2\/product_tag?post=26971"}],"curies":[{"name":"wp","href":"https:\/\/api.w.org\/{rel}","templated":true}]}}