{"id":27000,"date":"2025-04-06T23:38:42","date_gmt":"2025-04-07T05:38:42","guid":{"rendered":"https:\/\/www.mexicanguitarplayers.com\/tienda\/sin categor\u00eda\/amplificador-ashdown-p-bajo-abm-300-evo\/"},"modified":"2026-01-17T04:50:52","modified_gmt":"2026-01-17T10:50:52","slug":"amplificador-ashdown-p-bajo-abm-300-evo","status":"publish","type":"product","link":"https:\/\/www.mexicanguitarplayers.com\/en\/tienda\/cuerdas\/amplificadores-cuerdas\/amps-para-bajo\/amplificador-ashdown-p-bajo-abm-300-evo\/","title":{"rendered":"AMPLIFICADOR ASHDOWN P\/BAJO ABM-300-EVO"},"content":{"rendered":"<div style=\"text-align: justify\">\n<div>\n<h3>El cl\u00e1sico sonido del ABM.<\/h3>\n<\/div>\n<div>Inmediatamente identificable en escenarios de todo el mundo gracias a su brillante medidor VU, el amplificador ABM de Ashdown se ha convertido en el est\u00e1ndar de la industria para los bajistas durante m\u00e1s de 20 a\u00f1os. Ahora, en su quinta edici\u00f3n, ABM EVO IV combina la sofisticaci\u00f3n de un preamplificador l\u00edder en su clase con un rendimiento de potencia mejorado y un nuevo ecualizador de 9 bandas, disponible en 3 versiones a 300W, 600W y 1200W. El ABM EVO IV combina el preamplificador ABM con una potente etapa de potencia de 300W.<\/div>\n<div>\n<h4>Quick look<\/h4>\n<\/div>\n<ul style=\"margin: 0px 0px 0px 25px\">\n<li style=\"list-style-type: circle;margin: 5px\">Output power.<\/li>\n<li style=\"list-style-type: circle;margin: 5px\">Energy.<\/li>\n<li style=\"list-style-type: circle;margin: 5px\">Salida de altavoces,<\/li>\n<li style=\"list-style-type: circle;margin: 5px\">Frequency response.<\/li>\n<li style=\"list-style-type: circle;margin: 5px\">Alta impedancia de entrada de instrumento.<\/li>\n<li style=\"list-style-type: circle;margin: 5px\">Baja impedancia de entrada de instrumento.<\/li>\n<li style=\"list-style-type: circle;margin: 5px\">Line input.<\/li>\n<li style=\"list-style-type: circle;margin: 5px\">DI output.<\/li>\n<li style=\"list-style-type: circle;margin: 5px\">Impedancia de salida de afinador.<\/li>\n<li style=\"list-style-type: circle;margin: 5px\">Impedance.<\/li>\n<li style=\"list-style-type: circle;margin: 5px\">Env\u00edo de efectos.<\/li>\n<li style=\"list-style-type: circle;margin: 5px\">Retorno de efectos,<\/li>\n<li style=\"list-style-type: circle;margin: 5px\">Preamp bulbs.<\/li>\n<li style=\"list-style-type: circle;margin: 5px\">Dimensions.<\/li>\n<li style=\"list-style-type: circle;margin: 5px\">Weight.<\/li>\n<\/ul>\n<div>\n<div style=\"font-weight: bold\">Output power.<\/div>\n<div>\n<p>300 Watts.<\/p>\n<\/div>\n<div style=\"font-weight: bold\">Energy.<\/div>\n<div>\n<p>115-230 V.<\/p>\n<\/div>\n<div style=\"font-weight: bold\">Salida de altavoces,<\/div>\n<div>\n<p>2 salidas Jack\/Speakon.<\/p>\n<\/div>\n<div style=\"font-weight: bold\">Frequency response.<\/div>\n<div>\n<p>-3dB @ 17 Hz a 30 kHz.<\/p>\n<\/div>\n<div style=\"font-weight: bold\">Alta impedancia de entrada de instrumento.<\/div>\n<div>\n<p>3.9m ohms, rango de entrada 150 mV.<\/p>\n<\/div>\n<div style=\"font-weight: bold\">Baja impedancia de entrada de instrumento.<\/div>\n<div>\n<p>10 kilo-ohms, rango de entrada 30 0mV &#8211; 40V p-p.<\/p>\n<\/div>\n<div style=\"font-weight: bold\">Line input.<\/div>\n<div>\n<p>Impedancia: 22 kilo-ohms. Nivel de entrada: 0 dBu nominal.<\/p>\n<\/div>\n<div style=\"font-weight: bold\">DI output.<\/div>\n<div>\n<p>600 ohms balanceado. Nivel: 0 dBu nominal.<\/p>\n<\/div>\n<div style=\"font-weight: bold\">Impedancia de salida de afinador.<\/div>\n<div>\n<p>Impedancia: 22 kilo-ohms. Nivel: 0 dBu nominal.<\/p>\n<\/div>\n<div style=\"font-weight: bold\">Impedance.<\/div>\n<div>\n<p>M\u00ednimo 4 ohms.<\/p>\n<\/div>\n<div style=\"font-weight: bold\">Env\u00edo de efectos.<\/div>\n<div>\n<p>Impedancia: 22 kilo-ohms. Nivel: 0 dBu nominal.<\/p>\n<\/div>\n<div style=\"font-weight: bold\">Retorno de efectos,<\/div>\n<div>\n<p>Impedancia: 22 kilo-ohms. Nivel: 0 dBu Nominal.<\/p>\n<\/div>\n<div style=\"font-weight: bold\">Preamp bulbs.<\/div>\n<div>\n<p>1 bulbo 12AX7.<\/p>\n<\/div>\n<div style=\"font-weight: bold\">Dimensions.<\/div>\n<div>\n<p>135 x 474 x 335 mm.<\/p>\n<\/div>\n<div style=\"font-weight: bold\">Weight.<\/div>\n<div>\n<p>12 kg.<\/p>\n<\/div>\n<\/div>\n<\/div>","protected":false},"excerpt":{"rendered":"<p>Amplificador de bulbos para bajo, 300W, 1 canal, compresor, ecualizador de 9 bandas, 1 bulbo 12AX7, 1 entrada de 1\/4\u201d para instrumento, salida de afinador y salida de l\u00ednea, 2 x speakON y 1 x XLR (DI), loop de efectos, conector footswitch, dimensiones: 135 x 474 x 335 mm, peso: 12 kg.&hellip; <a class=\"kt-excerpt-readmore more-link\" href=\"https:\/\/www.mexicanguitarplayers.com\/en\/tienda\/cuerdas\/amplificadores-cuerdas\/amps-para-bajo\/amplificador-ashdown-p-bajo-abm-300-evo\/\">Read more<\/a><\/p>","protected":false},"featured_media":26996,"comment_status":"open","ping_status":"closed","template":"","meta":{"kt_blocks_editor_width":""},"pwb-brand":[257],"product_brand":[],"product_cat":[219,254,224],"product_tag":[],"class_list":{"0":"post-27000","1":"product","2":"type-product","3":"status-publish","4":"has-post-thumbnail","6":"pwb-brand-ashdown","7":"product_cat-amplificadores-audio","8":"product_cat-amps-para-bajo","9":"product_cat-cuerdas","10":"product_shipping_class-10-15-kg","12":"first","13":"outofstock","14":"taxable","15":"shipping-taxable","16":"purchasable","17":"product-type-simple"},"yoast_head":"<!-- This site is optimized with the Yoast SEO plugin v27.3 - https:\/\/yoast.com\/product\/yoast-seo-wordpress\/ -->\n<title>AMPLIFICADOR ASHDOWN P\/BAJO ABM-300-EVO - Mexican Guitar Players<\/title>\n<meta name=\"description\" content=\"Amplificador de bulbos para bajo, 300W, 1 canal, compresor, ecualizador de 9 bandas, 1 bulbo 12AX7, 1 entrada de 1\/4\u201d para instrumento, salida de afinador y salida de l\u00ednea, 2 x speakON y 1 x XLR (DI), loop de efectos, conector footswitch, dimensiones: 135 x 474 x 335 mm, peso: 12 kg.\" \/>\n<meta name=\"robots\" content=\"index, follow, max-snippet:-1, max-image-preview:large, max-video-preview:-1\" \/>\n<link rel=\"canonical\" href=\"https:\/\/www.mexicanguitarplayers.com\/en\/tienda\/sin%20categor\u00eda\/amplificador-ashdown-p-bajo-abm-300-evo\/\" \/>\n<meta property=\"og:locale\" content=\"en_US\" \/>\n<meta property=\"og:type\" content=\"article\" \/>\n<meta property=\"og:title\" content=\"AMPLIFICADOR ASHDOWN P\/BAJO ABM-300-EVO - Mexican Guitar Players\" \/>\n<meta property=\"og:description\" content=\"Amplificador de bulbos para bajo, 300W, 1 canal, compresor, ecualizador de 9 bandas, 1 bulbo 12AX7, 1 entrada de 1\/4\u201d para instrumento, salida de afinador y salida de l\u00ednea, 2 x speakON y 1 x XLR (DI), loop de efectos, conector footswitch, dimensiones: 135 x 474 x 335 mm, peso: 12 kg.\" \/>\n<meta property=\"og:url\" content=\"https:\/\/www.mexicanguitarplayers.com\/en\/tienda\/sin categor\u00eda\/amplificador-ashdown-p-bajo-abm-300-evo\/\" \/>\n<meta property=\"og:site_name\" content=\"Mexican Guitar Players\" \/>\n<meta property=\"article:modified_time\" content=\"2026-01-17T10:50:52+00:00\" \/>\n<meta name=\"twitter:card\" content=\"summary_large_image\" \/>\n<meta name=\"twitter:label1\" content=\"Est. reading time\" \/>\n\t<meta name=\"twitter:data1\" content=\"1 minute\" \/>\n<script type=\"application\/ld+json\" class=\"yoast-schema-graph\">{\"@context\":\"https:\\\/\\\/schema.org\",\"@graph\":[{\"@type\":[\"WebPage\",\"ItemPage\"],\"@id\":\"https:\\\/\\\/www.mexicanguitarplayers.com\\\/tienda\\\/sin categor\u00eda\\\/amplificador-ashdown-p-bajo-abm-300-evo\\\/\",\"url\":\"https:\\\/\\\/www.mexicanguitarplayers.com\\\/tienda\\\/sin categor\u00eda\\\/amplificador-ashdown-p-bajo-abm-300-evo\\\/\",\"name\":\"AMPLIFICADOR ASHDOWN P\\\/BAJO ABM-300-EVO - Mexican Guitar Players\",\"isPartOf\":{\"@id\":\"https:\\\/\\\/www.mexicanguitarplayers.com\\\/#website\"},\"primaryImageOfPage\":{\"@id\":\"https:\\\/\\\/www.mexicanguitarplayers.com\\\/tienda\\\/sin categor\u00eda\\\/amplificador-ashdown-p-bajo-abm-300-evo\\\/#primaryimage\"},\"image\":{\"@id\":\"https:\\\/\\\/www.mexicanguitarplayers.com\\\/tienda\\\/sin categor\u00eda\\\/amplificador-ashdown-p-bajo-abm-300-evo\\\/#primaryimage\"},\"thumbnailUrl\":\"https:\\\/\\\/www.mexicanguitarplayers.com\\\/wp-content\\\/uploads\\\/2025\\\/04\\\/ICASOABM300EVO.jpg\",\"datePublished\":\"2025-04-07T05:38:42+00:00\",\"dateModified\":\"2026-01-17T10:50:52+00:00\",\"description\":\"Amplificador de bulbos para bajo, 300W, 1 canal, compresor, ecualizador de 9 bandas, 1 bulbo 12AX7, 1 entrada de 1\\\/4\u201d para instrumento, salida de afinador y salida de l\u00ednea, 2 x speakON y 1 x XLR (DI), loop de efectos, conector footswitch, dimensiones: 135 x 474 x 335 mm, peso: 12 kg.\",\"breadcrumb\":{\"@id\":\"https:\\\/\\\/www.mexicanguitarplayers.com\\\/tienda\\\/sin categor\u00eda\\\/amplificador-ashdown-p-bajo-abm-300-evo\\\/#breadcrumb\"},\"inLanguage\":\"en-US\",\"potentialAction\":[{\"@type\":\"ReadAction\",\"target\":[\"https:\\\/\\\/www.mexicanguitarplayers.com\\\/tienda\\\/sin categor\u00eda\\\/amplificador-ashdown-p-bajo-abm-300-evo\\\/\"]}]},{\"@type\":\"ImageObject\",\"inLanguage\":\"en-US\",\"@id\":\"https:\\\/\\\/www.mexicanguitarplayers.com\\\/tienda\\\/sin categor\u00eda\\\/amplificador-ashdown-p-bajo-abm-300-evo\\\/#primaryimage\",\"url\":\"https:\\\/\\\/www.mexicanguitarplayers.com\\\/wp-content\\\/uploads\\\/2025\\\/04\\\/ICASOABM300EVO.jpg\",\"contentUrl\":\"https:\\\/\\\/www.mexicanguitarplayers.com\\\/wp-content\\\/uploads\\\/2025\\\/04\\\/ICASOABM300EVO.jpg\",\"width\":1600,\"height\":800},{\"@type\":\"BreadcrumbList\",\"@id\":\"https:\\\/\\\/www.mexicanguitarplayers.com\\\/tienda\\\/sin categor\u00eda\\\/amplificador-ashdown-p-bajo-abm-300-evo\\\/#breadcrumb\",\"itemListElement\":[{\"@type\":\"ListItem\",\"position\":1,\"name\":\"Portada\",\"item\":\"https:\\\/\\\/www.mexicanguitarplayers.com\\\/\"},{\"@type\":\"ListItem\",\"position\":2,\"name\":\"Tienda\",\"item\":\"https:\\\/\\\/www.mexicanguitarplayers.com\\\/tienda\\\/\"},{\"@type\":\"ListItem\",\"position\":3,\"name\":\"AMPLIFICADOR ASHDOWN P\\\/BAJO ABM-300-EVO\"}]},{\"@type\":\"WebSite\",\"@id\":\"https:\\\/\\\/www.mexicanguitarplayers.com\\\/#website\",\"url\":\"https:\\\/\\\/www.mexicanguitarplayers.com\\\/\",\"name\":\"Mexican Guitar Players\",\"description\":\"Website\",\"publisher\":{\"@id\":\"https:\\\/\\\/www.mexicanguitarplayers.com\\\/#organization\"},\"potentialAction\":[{\"@type\":\"SearchAction\",\"target\":{\"@type\":\"EntryPoint\",\"urlTemplate\":\"https:\\\/\\\/www.mexicanguitarplayers.com\\\/?s={search_term_string}\"},\"query-input\":{\"@type\":\"PropertyValueSpecification\",\"valueRequired\":true,\"valueName\":\"search_term_string\"}}],\"inLanguage\":\"en-US\"},{\"@type\":\"Organization\",\"@id\":\"https:\\\/\\\/www.mexicanguitarplayers.com\\\/#organization\",\"name\":\"Mexican Guitar Players\",\"url\":\"https:\\\/\\\/www.mexicanguitarplayers.com\\\/\",\"logo\":{\"@type\":\"ImageObject\",\"inLanguage\":\"en-US\",\"@id\":\"https:\\\/\\\/www.mexicanguitarplayers.com\\\/#\\\/schema\\\/logo\\\/image\\\/\",\"url\":\"\",\"contentUrl\":\"\",\"caption\":\"Mexican Guitar Players\"},\"image\":{\"@id\":\"https:\\\/\\\/www.mexicanguitarplayers.com\\\/#\\\/schema\\\/logo\\\/image\\\/\"}}]}<\/script>\n<!-- \/ Yoast SEO plugin. -->","yoast_head_json":{"title":"AMPLIFICADOR ASHDOWN P\/BAJO ABM-300-EVO - Mexican Guitar Players","description":"Amplificador de bulbos para bajo, 300W, 1 canal, compresor, ecualizador de 9 bandas, 1 bulbo 12AX7, 1 entrada de 1\/4\u201d para instrumento, salida de afinador y salida de l\u00ednea, 2 x speakON y 1 x XLR (DI), loop de efectos, conector footswitch, dimensiones: 135 x 474 x 335 mm, peso: 12 kg.","robots":{"index":"index","follow":"follow","max-snippet":"max-snippet:-1","max-image-preview":"max-image-preview:large","max-video-preview":"max-video-preview:-1"},"canonical":"https:\/\/www.mexicanguitarplayers.com\/en\/tienda\/sin categor\u00eda\/amplificador-ashdown-p-bajo-abm-300-evo\/","og_locale":"en_US","og_type":"article","og_title":"AMPLIFICADOR ASHDOWN P\/BAJO ABM-300-EVO - Mexican Guitar Players","og_description":"Amplificador de bulbos para bajo, 300W, 1 canal, compresor, ecualizador de 9 bandas, 1 bulbo 12AX7, 1 entrada de 1\/4\u201d para instrumento, salida de afinador y salida de l\u00ednea, 2 x speakON y 1 x XLR (DI), loop de efectos, conector footswitch, dimensiones: 135 x 474 x 335 mm, peso: 12 kg.","og_url":"https:\/\/www.mexicanguitarplayers.com\/en\/tienda\/sin categor\u00eda\/amplificador-ashdown-p-bajo-abm-300-evo\/","og_site_name":"Mexican Guitar Players","article_modified_time":"2026-01-17T10:50:52+00:00","twitter_card":"summary_large_image","twitter_misc":{"Est. reading time":"1 minute"},"schema":{"@context":"https:\/\/schema.org","@graph":[{"@type":["WebPage","ItemPage"],"@id":"https:\/\/www.mexicanguitarplayers.com\/tienda\/sin categor\u00eda\/amplificador-ashdown-p-bajo-abm-300-evo\/","url":"https:\/\/www.mexicanguitarplayers.com\/tienda\/sin categor\u00eda\/amplificador-ashdown-p-bajo-abm-300-evo\/","name":"AMPLIFICADOR ASHDOWN P\/BAJO ABM-300-EVO - Mexican Guitar Players","isPartOf":{"@id":"https:\/\/www.mexicanguitarplayers.com\/#website"},"primaryImageOfPage":{"@id":"https:\/\/www.mexicanguitarplayers.com\/tienda\/sin categor\u00eda\/amplificador-ashdown-p-bajo-abm-300-evo\/#primaryimage"},"image":{"@id":"https:\/\/www.mexicanguitarplayers.com\/tienda\/sin categor\u00eda\/amplificador-ashdown-p-bajo-abm-300-evo\/#primaryimage"},"thumbnailUrl":"https:\/\/www.mexicanguitarplayers.com\/wp-content\/uploads\/2025\/04\/ICASOABM300EVO.jpg","datePublished":"2025-04-07T05:38:42+00:00","dateModified":"2026-01-17T10:50:52+00:00","description":"Amplificador de bulbos para bajo, 300W, 1 canal, compresor, ecualizador de 9 bandas, 1 bulbo 12AX7, 1 entrada de 1\/4\u201d para instrumento, salida de afinador y salida de l\u00ednea, 2 x speakON y 1 x XLR (DI), loop de efectos, conector footswitch, dimensiones: 135 x 474 x 335 mm, peso: 12 kg.","breadcrumb":{"@id":"https:\/\/www.mexicanguitarplayers.com\/tienda\/sin categor\u00eda\/amplificador-ashdown-p-bajo-abm-300-evo\/#breadcrumb"},"inLanguage":"en-US","potentialAction":[{"@type":"ReadAction","target":["https:\/\/www.mexicanguitarplayers.com\/tienda\/sin categor\u00eda\/amplificador-ashdown-p-bajo-abm-300-evo\/"]}]},{"@type":"ImageObject","inLanguage":"en-US","@id":"https:\/\/www.mexicanguitarplayers.com\/tienda\/sin categor\u00eda\/amplificador-ashdown-p-bajo-abm-300-evo\/#primaryimage","url":"https:\/\/www.mexicanguitarplayers.com\/wp-content\/uploads\/2025\/04\/ICASOABM300EVO.jpg","contentUrl":"https:\/\/www.mexicanguitarplayers.com\/wp-content\/uploads\/2025\/04\/ICASOABM300EVO.jpg","width":1600,"height":800},{"@type":"BreadcrumbList","@id":"https:\/\/www.mexicanguitarplayers.com\/tienda\/sin categor\u00eda\/amplificador-ashdown-p-bajo-abm-300-evo\/#breadcrumb","itemListElement":[{"@type":"ListItem","position":1,"name":"Portada","item":"https:\/\/www.mexicanguitarplayers.com\/"},{"@type":"ListItem","position":2,"name":"Tienda","item":"https:\/\/www.mexicanguitarplayers.com\/tienda\/"},{"@type":"ListItem","position":3,"name":"AMPLIFICADOR ASHDOWN P\/BAJO ABM-300-EVO"}]},{"@type":"WebSite","@id":"https:\/\/www.mexicanguitarplayers.com\/#website","url":"https:\/\/www.mexicanguitarplayers.com\/","name":"Mexican Guitar Players","description":"Website","publisher":{"@id":"https:\/\/www.mexicanguitarplayers.com\/#organization"},"potentialAction":[{"@type":"SearchAction","target":{"@type":"EntryPoint","urlTemplate":"https:\/\/www.mexicanguitarplayers.com\/?s={search_term_string}"},"query-input":{"@type":"PropertyValueSpecification","valueRequired":true,"valueName":"search_term_string"}}],"inLanguage":"en-US"},{"@type":"Organization","@id":"https:\/\/www.mexicanguitarplayers.com\/#organization","name":"Mexican Guitar Players","url":"https:\/\/www.mexicanguitarplayers.com\/","logo":{"@type":"ImageObject","inLanguage":"en-US","@id":"https:\/\/www.mexicanguitarplayers.com\/#\/schema\/logo\/image\/","url":"","contentUrl":"","caption":"Mexican Guitar Players"},"image":{"@id":"https:\/\/www.mexicanguitarplayers.com\/#\/schema\/logo\/image\/"}}]}},"brands":[{"id":257,"name":"ASHDOWN","slug":"ashdown"}],"_links":{"self":[{"href":"https:\/\/www.mexicanguitarplayers.com\/en\/wp-json\/wp\/v2\/product\/27000","targetHints":{"allow":["GET"]}}],"collection":[{"href":"https:\/\/www.mexicanguitarplayers.com\/en\/wp-json\/wp\/v2\/product"}],"about":[{"href":"https:\/\/www.mexicanguitarplayers.com\/en\/wp-json\/wp\/v2\/types\/product"}],"replies":[{"embeddable":true,"href":"https:\/\/www.mexicanguitarplayers.com\/en\/wp-json\/wp\/v2\/comments?post=27000"}],"wp:featuredmedia":[{"embeddable":true,"href":"https:\/\/www.mexicanguitarplayers.com\/en\/wp-json\/wp\/v2\/media\/26996"}],"wp:attachment":[{"href":"https:\/\/www.mexicanguitarplayers.com\/en\/wp-json\/wp\/v2\/media?parent=27000"}],"wp:term":[{"taxonomy":"pwb-brand","embeddable":true,"href":"https:\/\/www.mexicanguitarplayers.com\/en\/wp-json\/wp\/v2\/pwb-brand?post=27000"},{"taxonomy":"product_brand","embeddable":true,"href":"https:\/\/www.mexicanguitarplayers.com\/en\/wp-json\/wp\/v2\/product_brand?post=27000"},{"taxonomy":"product_cat","embeddable":true,"href":"https:\/\/www.mexicanguitarplayers.com\/en\/wp-json\/wp\/v2\/product_cat?post=27000"},{"taxonomy":"product_tag","embeddable":true,"href":"https:\/\/www.mexicanguitarplayers.com\/en\/wp-json\/wp\/v2\/product_tag?post=27000"}],"curies":[{"name":"wp","href":"https:\/\/api.w.org\/{rel}","templated":true}]}}