{"id":27036,"date":"2025-04-06T23:42:31","date_gmt":"2025-04-07T05:42:31","guid":{"rendered":"https:\/\/www.mexicanguitarplayers.com\/tienda\/sin categor\u00eda\/pedal-nux-ndl-3-hook-drum-loop\/"},"modified":"2026-04-16T16:15:14","modified_gmt":"2026-04-16T22:15:14","slug":"pedal-nux-ndl-3-hook-drum-loop","status":"publish","type":"product","link":"https:\/\/www.mexicanguitarplayers.com\/en\/tienda\/accesorios\/para-guitarras\/pedales-conmutacion\/pedal-nux-ndl-3-hook-drum-loop\/","title":{"rendered":"PEDAL NUX NDL-3 HOOK DRUM &amp; LOOP"},"content":{"rendered":"<div style=\"text-align: justify\">\n<div>\n<h3>HOOK Drum &amp; Loop (NDL-3)<\/h3>\n<\/div>\n<div>El HOOK Drum &amp; Loop (NDL-3) es un pedal mini looper con detecci\u00f3n autom\u00e1tica de tempo.<\/div>\n<div>\n<h4>Characteristics<\/h4>\n<\/div>\n<div>\n<ul style=\"margin: 0px 0px 0px 25px\">\n<li style=\"list-style-type: circle;margin: 5px\">Input impedance<\/li>\n<li style=\"list-style-type: circle;margin: 5px\">Output impedance<\/li>\n<li style=\"list-style-type: circle;margin: 5px\">Impedancia de salida de tel\u00e9fonos<\/li>\n<li style=\"list-style-type: circle;margin: 5px\">Rango din\u00e1mico<\/li>\n<li style=\"list-style-type: circle;margin: 5px\">Procesamiento DSP<\/li>\n<li style=\"list-style-type: circle;margin: 5px\">Sampling rate <\/li>\n<li style=\"list-style-type: circle;margin: 5px\">Power: <\/li>\n<li style=\"list-style-type: circle;margin: 5px\">Current consumption<\/li>\n<li style=\"list-style-type: circle;margin: 5px\">Dimensions<\/li>\n<li style=\"list-style-type: circle;margin: 5px\">Weight<\/li>\n<\/ul>\n<\/div>\n<\/div>","protected":false},"excerpt":{"rendered":"<p>El HOOK Drum &amp; Loop (NDL-3) es un pedal mini looper con detecci\u00f3n autom\u00e1tica de tempo. Bucle de frase de 24 bits con ritmo de detecci\u00f3n autom\u00e1tica de tempo en una mini caja. 11 estilos de ritmo con Smart Tap Tempo. Grabaci\u00f3n de hasta 6 minutos, sobregrabaciones ilimitadas.Los vol\u00famenes de bater\u00eda y bucle se pueden ajustar por separado.Reproducci\u00f3n independiente de bucles y tambores. True-bypass y dry-through anal\u00f3gico. Auricular de 1\/8\u201d para pr\u00e1ctica silenciosa y bajo consumo de energ\u00eda. (menos de 100mA) cuenta con puerto USB-C para actualizaci\u00f3n de firmware e importaci\u00f3n\/exportaci\u00f3n de archivos.&hellip; <a class=\"kt-excerpt-readmore more-link\" href=\"https:\/\/www.mexicanguitarplayers.com\/en\/tienda\/accesorios\/para-guitarras\/pedales-conmutacion\/pedal-nux-ndl-3-hook-drum-loop\/\">Read more<\/a><\/p>","protected":false},"featured_media":27031,"comment_status":"open","ping_status":"closed","template":"","meta":{"kt_blocks_editor_width":""},"pwb-brand":[177],"product_brand":[],"product_cat":[85,336,503],"product_tag":[],"class_list":{"0":"post-27036","1":"product","2":"type-product","3":"status-publish","4":"has-post-thumbnail","6":"pwb-brand-nux","7":"product_cat-accesorios","8":"product_cat-para-guitarras","9":"product_cat-pedales-conmutacion","10":"product_shipping_class-0-5-kg","12":"first","13":"outofstock","14":"taxable","15":"shipping-taxable","16":"purchasable","17":"product-type-simple"},"yoast_head":"<!-- This site is optimized with the Yoast SEO plugin v27.6 - https:\/\/yoast.com\/product\/yoast-seo-wordpress\/ -->\n<title>PEDAL NUX NDL-3 HOOK DRUM &amp; LOOP - Mexican Guitar Players<\/title>\n<meta name=\"description\" content=\"El HOOK Drum &amp; Loop (NDL-3) es un pedal mini looper con detecci\u00f3n autom\u00e1tica de tempo. Bucle de frase de 24 bits con ritmo de detecci\u00f3n autom\u00e1tica de tempo en una mini caja. 11 estilos de ritmo con Smart Tap Tempo. Grabaci\u00f3n de hasta 6 minutos, sobregrabaciones ilimitadas.Los vol\u00famenes de bater\u00eda y bucle se pueden ajustar por separado.Reproducci\u00f3n independiente de bucles y tambores. True-bypass y dry-through anal\u00f3gico. Auricular de 1\/8\u201d para pr\u00e1ctica silenciosa y bajo consumo de energ\u00eda. (menos de 100mA) cuenta con puerto USB-C para actualizaci\u00f3n de firmware e importaci\u00f3n\/exportaci\u00f3n de archivos.\" \/>\n<meta name=\"robots\" content=\"index, follow, max-snippet:-1, max-image-preview:large, max-video-preview:-1\" \/>\n<link rel=\"canonical\" href=\"https:\/\/www.mexicanguitarplayers.com\/en\/tienda\/sin%20categor\u00eda\/pedal-nux-ndl-3-hook-drum-loop\/\" \/>\n<meta property=\"og:locale\" content=\"en_US\" \/>\n<meta property=\"og:type\" content=\"article\" \/>\n<meta property=\"og:title\" content=\"PEDAL NUX NDL-3 HOOK DRUM &amp; LOOP - Mexican Guitar Players\" \/>\n<meta property=\"og:description\" content=\"El HOOK Drum &amp; Loop (NDL-3) es un pedal mini looper con detecci\u00f3n autom\u00e1tica de tempo. Bucle de frase de 24 bits con ritmo de detecci\u00f3n autom\u00e1tica de tempo en una mini caja. 11 estilos de ritmo con Smart Tap Tempo. Grabaci\u00f3n de hasta 6 minutos, sobregrabaciones ilimitadas.Los vol\u00famenes de bater\u00eda y bucle se pueden ajustar por separado.Reproducci\u00f3n independiente de bucles y tambores. True-bypass y dry-through anal\u00f3gico. Auricular de 1\/8\u201d para pr\u00e1ctica silenciosa y bajo consumo de energ\u00eda. (menos de 100mA) cuenta con puerto USB-C para actualizaci\u00f3n de firmware e importaci\u00f3n\/exportaci\u00f3n de archivos.\" \/>\n<meta property=\"og:url\" content=\"https:\/\/www.mexicanguitarplayers.com\/en\/tienda\/sin categor\u00eda\/pedal-nux-ndl-3-hook-drum-loop\/\" \/>\n<meta property=\"og:site_name\" content=\"Mexican Guitar Players\" \/>\n<meta property=\"article:modified_time\" content=\"2026-04-16T22:15:14+00:00\" \/>\n<meta name=\"twitter:card\" content=\"summary_large_image\" \/>\n<script type=\"application\/ld+json\" class=\"yoast-schema-graph\">{\"@context\":\"https:\\\/\\\/schema.org\",\"@graph\":[{\"@type\":[\"WebPage\",\"ItemPage\"],\"@id\":\"https:\\\/\\\/www.mexicanguitarplayers.com\\\/tienda\\\/sin categor\u00eda\\\/pedal-nux-ndl-3-hook-drum-loop\\\/\",\"url\":\"https:\\\/\\\/www.mexicanguitarplayers.com\\\/tienda\\\/sin categor\u00eda\\\/pedal-nux-ndl-3-hook-drum-loop\\\/\",\"name\":\"PEDAL NUX NDL-3 HOOK DRUM &amp; LOOP - Mexican Guitar Players\",\"isPartOf\":{\"@id\":\"https:\\\/\\\/www.mexicanguitarplayers.com\\\/#website\"},\"primaryImageOfPage\":{\"@id\":\"https:\\\/\\\/www.mexicanguitarplayers.com\\\/tienda\\\/sin categor\u00eda\\\/pedal-nux-ndl-3-hook-drum-loop\\\/#primaryimage\"},\"image\":{\"@id\":\"https:\\\/\\\/www.mexicanguitarplayers.com\\\/tienda\\\/sin categor\u00eda\\\/pedal-nux-ndl-3-hook-drum-loop\\\/#primaryimage\"},\"thumbnailUrl\":\"https:\\\/\\\/www.mexicanguitarplayers.com\\\/wp-content\\\/uploads\\\/2025\\\/04\\\/VANUXNDL3.jpg\",\"datePublished\":\"2025-04-07T05:42:31+00:00\",\"dateModified\":\"2026-04-16T22:15:14+00:00\",\"description\":\"El HOOK Drum &amp; Loop (NDL-3) es un pedal mini looper con detecci\u00f3n autom\u00e1tica de tempo. Bucle de frase de 24 bits con ritmo de detecci\u00f3n autom\u00e1tica de tempo en una mini caja. 11 estilos de ritmo con Smart Tap Tempo. Grabaci\u00f3n de hasta 6 minutos, sobregrabaciones ilimitadas.Los vol\u00famenes de bater\u00eda y bucle se pueden ajustar por separado.Reproducci\u00f3n independiente de bucles y tambores. True-bypass y dry-through anal\u00f3gico. Auricular de 1\\\/8\u201d para pr\u00e1ctica silenciosa y bajo consumo de energ\u00eda. (menos de 100mA) cuenta con puerto USB-C para actualizaci\u00f3n de firmware e importaci\u00f3n\\\/exportaci\u00f3n de archivos.\",\"breadcrumb\":{\"@id\":\"https:\\\/\\\/www.mexicanguitarplayers.com\\\/tienda\\\/sin categor\u00eda\\\/pedal-nux-ndl-3-hook-drum-loop\\\/#breadcrumb\"},\"inLanguage\":\"en-US\",\"potentialAction\":[{\"@type\":\"ReadAction\",\"target\":[\"https:\\\/\\\/www.mexicanguitarplayers.com\\\/tienda\\\/sin categor\u00eda\\\/pedal-nux-ndl-3-hook-drum-loop\\\/\"]}]},{\"@type\":\"ImageObject\",\"inLanguage\":\"en-US\",\"@id\":\"https:\\\/\\\/www.mexicanguitarplayers.com\\\/tienda\\\/sin categor\u00eda\\\/pedal-nux-ndl-3-hook-drum-loop\\\/#primaryimage\",\"url\":\"https:\\\/\\\/www.mexicanguitarplayers.com\\\/wp-content\\\/uploads\\\/2025\\\/04\\\/VANUXNDL3.jpg\",\"contentUrl\":\"https:\\\/\\\/www.mexicanguitarplayers.com\\\/wp-content\\\/uploads\\\/2025\\\/04\\\/VANUXNDL3.jpg\",\"width\":800,\"height\":1600},{\"@type\":\"BreadcrumbList\",\"@id\":\"https:\\\/\\\/www.mexicanguitarplayers.com\\\/tienda\\\/sin categor\u00eda\\\/pedal-nux-ndl-3-hook-drum-loop\\\/#breadcrumb\",\"itemListElement\":[{\"@type\":\"ListItem\",\"position\":1,\"name\":\"Portada\",\"item\":\"https:\\\/\\\/www.mexicanguitarplayers.com\\\/\"},{\"@type\":\"ListItem\",\"position\":2,\"name\":\"Tienda\",\"item\":\"https:\\\/\\\/www.mexicanguitarplayers.com\\\/tienda\\\/\"},{\"@type\":\"ListItem\",\"position\":3,\"name\":\"PEDAL NUX NDL-3 HOOK DRUM &amp; LOOP\"}]},{\"@type\":\"WebSite\",\"@id\":\"https:\\\/\\\/www.mexicanguitarplayers.com\\\/#website\",\"url\":\"https:\\\/\\\/www.mexicanguitarplayers.com\\\/\",\"name\":\"Mexican Guitar Players\",\"description\":\"Website\",\"publisher\":{\"@id\":\"https:\\\/\\\/www.mexicanguitarplayers.com\\\/#organization\"},\"potentialAction\":[{\"@type\":\"SearchAction\",\"target\":{\"@type\":\"EntryPoint\",\"urlTemplate\":\"https:\\\/\\\/www.mexicanguitarplayers.com\\\/?s={search_term_string}\"},\"query-input\":{\"@type\":\"PropertyValueSpecification\",\"valueRequired\":true,\"valueName\":\"search_term_string\"}}],\"inLanguage\":\"en-US\"},{\"@type\":\"Organization\",\"@id\":\"https:\\\/\\\/www.mexicanguitarplayers.com\\\/#organization\",\"name\":\"Mexican Guitar Players\",\"url\":\"https:\\\/\\\/www.mexicanguitarplayers.com\\\/\",\"logo\":{\"@type\":\"ImageObject\",\"inLanguage\":\"en-US\",\"@id\":\"https:\\\/\\\/www.mexicanguitarplayers.com\\\/#\\\/schema\\\/logo\\\/image\\\/\",\"url\":\"\",\"contentUrl\":\"\",\"caption\":\"Mexican Guitar Players\"},\"image\":{\"@id\":\"https:\\\/\\\/www.mexicanguitarplayers.com\\\/#\\\/schema\\\/logo\\\/image\\\/\"}}]}<\/script>\n<!-- \/ Yoast SEO plugin. -->","yoast_head_json":{"title":"PEDAL NUX NDL-3 HOOK DRUM &amp; LOOP - Mexican Guitar Players","description":"El HOOK Drum &amp; Loop (NDL-3) es un pedal mini looper con detecci\u00f3n autom\u00e1tica de tempo. Bucle de frase de 24 bits con ritmo de detecci\u00f3n autom\u00e1tica de tempo en una mini caja. 11 estilos de ritmo con Smart Tap Tempo. Grabaci\u00f3n de hasta 6 minutos, sobregrabaciones ilimitadas.Los vol\u00famenes de bater\u00eda y bucle se pueden ajustar por separado.Reproducci\u00f3n independiente de bucles y tambores. True-bypass y dry-through anal\u00f3gico. Auricular de 1\/8\u201d para pr\u00e1ctica silenciosa y bajo consumo de energ\u00eda. (menos de 100mA) cuenta con puerto USB-C para actualizaci\u00f3n de firmware e importaci\u00f3n\/exportaci\u00f3n de archivos.","robots":{"index":"index","follow":"follow","max-snippet":"max-snippet:-1","max-image-preview":"max-image-preview:large","max-video-preview":"max-video-preview:-1"},"canonical":"https:\/\/www.mexicanguitarplayers.com\/en\/tienda\/sin categor\u00eda\/pedal-nux-ndl-3-hook-drum-loop\/","og_locale":"en_US","og_type":"article","og_title":"PEDAL NUX NDL-3 HOOK DRUM &amp; LOOP - Mexican Guitar Players","og_description":"El HOOK Drum &amp; Loop (NDL-3) es un pedal mini looper con detecci\u00f3n autom\u00e1tica de tempo. Bucle de frase de 24 bits con ritmo de detecci\u00f3n autom\u00e1tica de tempo en una mini caja. 11 estilos de ritmo con Smart Tap Tempo. Grabaci\u00f3n de hasta 6 minutos, sobregrabaciones ilimitadas.Los vol\u00famenes de bater\u00eda y bucle se pueden ajustar por separado.Reproducci\u00f3n independiente de bucles y tambores. True-bypass y dry-through anal\u00f3gico. Auricular de 1\/8\u201d para pr\u00e1ctica silenciosa y bajo consumo de energ\u00eda. (menos de 100mA) cuenta con puerto USB-C para actualizaci\u00f3n de firmware e importaci\u00f3n\/exportaci\u00f3n de archivos.","og_url":"https:\/\/www.mexicanguitarplayers.com\/en\/tienda\/sin categor\u00eda\/pedal-nux-ndl-3-hook-drum-loop\/","og_site_name":"Mexican Guitar Players","article_modified_time":"2026-04-16T22:15:14+00:00","twitter_card":"summary_large_image","schema":{"@context":"https:\/\/schema.org","@graph":[{"@type":["WebPage","ItemPage"],"@id":"https:\/\/www.mexicanguitarplayers.com\/tienda\/sin categor\u00eda\/pedal-nux-ndl-3-hook-drum-loop\/","url":"https:\/\/www.mexicanguitarplayers.com\/tienda\/sin categor\u00eda\/pedal-nux-ndl-3-hook-drum-loop\/","name":"PEDAL NUX NDL-3 HOOK DRUM &amp; LOOP - Mexican Guitar Players","isPartOf":{"@id":"https:\/\/www.mexicanguitarplayers.com\/#website"},"primaryImageOfPage":{"@id":"https:\/\/www.mexicanguitarplayers.com\/tienda\/sin categor\u00eda\/pedal-nux-ndl-3-hook-drum-loop\/#primaryimage"},"image":{"@id":"https:\/\/www.mexicanguitarplayers.com\/tienda\/sin categor\u00eda\/pedal-nux-ndl-3-hook-drum-loop\/#primaryimage"},"thumbnailUrl":"https:\/\/www.mexicanguitarplayers.com\/wp-content\/uploads\/2025\/04\/VANUXNDL3.jpg","datePublished":"2025-04-07T05:42:31+00:00","dateModified":"2026-04-16T22:15:14+00:00","description":"El HOOK Drum &amp; Loop (NDL-3) es un pedal mini looper con detecci\u00f3n autom\u00e1tica de tempo. Bucle de frase de 24 bits con ritmo de detecci\u00f3n autom\u00e1tica de tempo en una mini caja. 11 estilos de ritmo con Smart Tap Tempo. Grabaci\u00f3n de hasta 6 minutos, sobregrabaciones ilimitadas.Los vol\u00famenes de bater\u00eda y bucle se pueden ajustar por separado.Reproducci\u00f3n independiente de bucles y tambores. True-bypass y dry-through anal\u00f3gico. Auricular de 1\/8\u201d para pr\u00e1ctica silenciosa y bajo consumo de energ\u00eda. (menos de 100mA) cuenta con puerto USB-C para actualizaci\u00f3n de firmware e importaci\u00f3n\/exportaci\u00f3n de archivos.","breadcrumb":{"@id":"https:\/\/www.mexicanguitarplayers.com\/tienda\/sin categor\u00eda\/pedal-nux-ndl-3-hook-drum-loop\/#breadcrumb"},"inLanguage":"en-US","potentialAction":[{"@type":"ReadAction","target":["https:\/\/www.mexicanguitarplayers.com\/tienda\/sin categor\u00eda\/pedal-nux-ndl-3-hook-drum-loop\/"]}]},{"@type":"ImageObject","inLanguage":"en-US","@id":"https:\/\/www.mexicanguitarplayers.com\/tienda\/sin categor\u00eda\/pedal-nux-ndl-3-hook-drum-loop\/#primaryimage","url":"https:\/\/www.mexicanguitarplayers.com\/wp-content\/uploads\/2025\/04\/VANUXNDL3.jpg","contentUrl":"https:\/\/www.mexicanguitarplayers.com\/wp-content\/uploads\/2025\/04\/VANUXNDL3.jpg","width":800,"height":1600},{"@type":"BreadcrumbList","@id":"https:\/\/www.mexicanguitarplayers.com\/tienda\/sin categor\u00eda\/pedal-nux-ndl-3-hook-drum-loop\/#breadcrumb","itemListElement":[{"@type":"ListItem","position":1,"name":"Portada","item":"https:\/\/www.mexicanguitarplayers.com\/"},{"@type":"ListItem","position":2,"name":"Tienda","item":"https:\/\/www.mexicanguitarplayers.com\/tienda\/"},{"@type":"ListItem","position":3,"name":"PEDAL NUX NDL-3 HOOK DRUM &amp; LOOP"}]},{"@type":"WebSite","@id":"https:\/\/www.mexicanguitarplayers.com\/#website","url":"https:\/\/www.mexicanguitarplayers.com\/","name":"Mexican Guitar Players","description":"Website","publisher":{"@id":"https:\/\/www.mexicanguitarplayers.com\/#organization"},"potentialAction":[{"@type":"SearchAction","target":{"@type":"EntryPoint","urlTemplate":"https:\/\/www.mexicanguitarplayers.com\/?s={search_term_string}"},"query-input":{"@type":"PropertyValueSpecification","valueRequired":true,"valueName":"search_term_string"}}],"inLanguage":"en-US"},{"@type":"Organization","@id":"https:\/\/www.mexicanguitarplayers.com\/#organization","name":"Mexican Guitar Players","url":"https:\/\/www.mexicanguitarplayers.com\/","logo":{"@type":"ImageObject","inLanguage":"en-US","@id":"https:\/\/www.mexicanguitarplayers.com\/#\/schema\/logo\/image\/","url":"","contentUrl":"","caption":"Mexican Guitar Players"},"image":{"@id":"https:\/\/www.mexicanguitarplayers.com\/#\/schema\/logo\/image\/"}}]}},"brands":[{"id":177,"name":"NUX","slug":"nux"}],"_links":{"self":[{"href":"https:\/\/www.mexicanguitarplayers.com\/en\/wp-json\/wp\/v2\/product\/27036","targetHints":{"allow":["GET"]}}],"collection":[{"href":"https:\/\/www.mexicanguitarplayers.com\/en\/wp-json\/wp\/v2\/product"}],"about":[{"href":"https:\/\/www.mexicanguitarplayers.com\/en\/wp-json\/wp\/v2\/types\/product"}],"replies":[{"embeddable":true,"href":"https:\/\/www.mexicanguitarplayers.com\/en\/wp-json\/wp\/v2\/comments?post=27036"}],"wp:featuredmedia":[{"embeddable":true,"href":"https:\/\/www.mexicanguitarplayers.com\/en\/wp-json\/wp\/v2\/media\/27031"}],"wp:attachment":[{"href":"https:\/\/www.mexicanguitarplayers.com\/en\/wp-json\/wp\/v2\/media?parent=27036"}],"wp:term":[{"taxonomy":"pwb-brand","embeddable":true,"href":"https:\/\/www.mexicanguitarplayers.com\/en\/wp-json\/wp\/v2\/pwb-brand?post=27036"},{"taxonomy":"product_brand","embeddable":true,"href":"https:\/\/www.mexicanguitarplayers.com\/en\/wp-json\/wp\/v2\/product_brand?post=27036"},{"taxonomy":"product_cat","embeddable":true,"href":"https:\/\/www.mexicanguitarplayers.com\/en\/wp-json\/wp\/v2\/product_cat?post=27036"},{"taxonomy":"product_tag","embeddable":true,"href":"https:\/\/www.mexicanguitarplayers.com\/en\/wp-json\/wp\/v2\/product_tag?post=27036"}],"curies":[{"name":"wp","href":"https:\/\/api.w.org\/{rel}","templated":true}]}}