{"id":27044,"date":"2025-04-06T23:43:10","date_gmt":"2025-04-07T05:43:10","guid":{"rendered":"https:\/\/www.mexicanguitarplayers.com\/tienda\/sin categor\u00eda\/funda-proel-p-guit-acust-bag-210pn\/"},"modified":"2026-05-01T07:27:56","modified_gmt":"2026-05-01T13:27:56","slug":"funda-proel-p-guit-acust-bag-210pn","status":"publish","type":"product","link":"https:\/\/www.mexicanguitarplayers.com\/en\/tienda\/accesorios\/estuches-y-fundas\/para-guitarra\/para-guitarra-acustica\/funda-proel-p-guit-acust-bag-210pn\/","title":{"rendered":"FUNDA PROEL P\/GUIT. ACUST.   BAG-210PN"},"content":{"rendered":"<div style=\"text-align: justify\">\n<div>\n<h3>La mejor tecnolog\u00eda Italiana en fundas profesionales.<\/h3>\n<\/div>\n<div>La nueva serie 200 de fundas para guitarra ha sido dise\u00f1ada para el m\u00fasico aficionado que busca una funda resistente y pr\u00e1ctica pero al mismo tiempo a un nivel de precio adecuado. Est\u00e1 construida a partir de un suave nylon 420D con telas frontales exteriores, la serie 200 cuenta con un resistente acolchado de espuma de alta densidad y un nylon interior 90D con refuerzo en el cabezal y el puente. Las asas est\u00e1n acolchadas para una m\u00e1xima comodidad, se puede cerrar con velcro. Las fundas tienen tambi\u00e9n un mango en la parte trasera hecho con nylon reforzado. La correa acolchada para el hombro es ajustable y se fija a la funda con anillos de metal resistente. Tiene bolsillos anchos en la parte frontal para libros, cuadernos y accesorios.<\/div>\n<div>\n<h4>Quick look<\/h4>\n<\/div>\n<ul style=\"margin: 0px 0px 0px 25px\">\n<li style=\"list-style-type: circle;margin: 5px\">Aplicaci\u00f3n.<\/li>\n<li style=\"list-style-type: circle;margin: 5px\">Materiales de construcci\u00f3n.<\/li>\n<li style=\"list-style-type: circle;margin: 5px\">Relleno.<\/li>\n<li style=\"list-style-type: circle;margin: 5px\">Colores disponibles.<\/li>\n<li style=\"list-style-type: circle;margin: 5px\">Agarraderas.<\/li>\n<li style=\"list-style-type: circle;margin: 5px\">Accesorios.<\/li>\n<\/ul>\n<div>\n<div style=\"font-weight: bold\">Aplicaci\u00f3n.<\/div>\n<div>\n<p>Guitarras ac\u00fasticas.<\/p>\n<\/div>\n<div style=\"font-weight: bold\">Materiales de construcci\u00f3n.<\/div>\n<div>\n<p>Nylon 420D resistente acolchado con tela en bordes interiores y exteriores.<\/p>\n<\/div>\n<div style=\"font-weight: bold\">Relleno.<\/div>\n<div>\n<p>10 mm de espuma de alta densidad cubierto con nylon 90D y reforzado para proteger las cuerdas, la afinaci\u00f3n, el clavijero y el puente.<\/p>\n<\/div>\n<div style=\"font-weight: bold\">Colores disponibles.<\/div>\n<div>\n<p>Black.<\/p>\n<\/div>\n<div style=\"font-weight: bold\">Agarraderas.<\/div>\n<div>\n<p>Asa de velcro resistente, fortalecimiento de la agarradera, correas ajustables acolchadas para hombros sujetas por anillos de metal.<\/p>\n<\/div>\n<div style=\"font-weight: bold\">Accesorios.<\/div>\n<div>\n<p>Amplios bolsillos frontales para libros, cuadernos y accesorios. Resistentes cierres.<\/p>\n<\/div>\n<\/div>\n<\/div>","protected":false},"excerpt":{"rendered":"<p>Funda Proel para guitarra ac\u00fastica. Modelo: BAG210PN. Materiales de construcci\u00f3n: Nylon 420D resistente acolchado con tela en bordes interiores y exteriores. Relleno de espuma de alta densidad de 10 mm cubierto y reforzado con nylon 90D. Color negro. Asas de velcro resistente, fortalecimiento de la agarradera, correasajustables acolchadas para hombros. Amplios bolsillos frontales para libros, cuadernos y accesorios. Resistentes cierres.&hellip; <a class=\"kt-excerpt-readmore more-link\" href=\"https:\/\/www.mexicanguitarplayers.com\/en\/tienda\/accesorios\/estuches-y-fundas\/para-guitarra\/para-guitarra-acustica\/funda-proel-p-guit-acust-bag-210pn\/\">Read more<\/a><\/p>","protected":false},"featured_media":27042,"comment_status":"open","ping_status":"closed","template":"","meta":{"kt_blocks_editor_width":""},"pwb-brand":[252],"product_brand":[],"product_cat":[85,517,566,569],"product_tag":[],"class_list":{"0":"post-27044","1":"product","2":"type-product","3":"status-publish","4":"has-post-thumbnail","6":"pwb-brand-proel","7":"product_cat-accesorios","8":"product_cat-estuches-y-fundas","9":"product_cat-para-guitarra","10":"product_cat-para-guitarra-acustica","11":"product_shipping_class-0-5-kg","13":"first","14":"instock","15":"taxable","16":"shipping-taxable","17":"purchasable","18":"product-type-simple"},"yoast_head":"<!-- This site is optimized with the Yoast SEO plugin v27.5 - https:\/\/yoast.com\/product\/yoast-seo-wordpress\/ -->\n<title>FUNDA PROEL P\/GUIT. ACUST.  BAG-210PN - Mexican Guitar Players<\/title>\n<meta name=\"description\" content=\"Funda Proel para guitarra ac\u00fastica. Modelo: BAG210PN. Materiales de construcci\u00f3n: Nylon 420D resistente acolchado con tela en bordes interiores y exteriores. Relleno de espuma de alta densidad de 10 mm cubierto y reforzado con nylon 90D. Color negro. Asas de velcro resistente, fortalecimiento de la agarradera, correasajustables acolchadas para hombros. Amplios bolsillos frontales para libros, cuadernos y accesorios. Resistentes cierres.\" \/>\n<meta name=\"robots\" content=\"index, follow, max-snippet:-1, max-image-preview:large, max-video-preview:-1\" \/>\n<link rel=\"canonical\" href=\"https:\/\/www.mexicanguitarplayers.com\/en\/tienda\/sin%20categor\u00eda\/funda-proel-p-guit-acust-bag-210pn\/\" \/>\n<meta property=\"og:locale\" content=\"en_US\" \/>\n<meta property=\"og:type\" content=\"article\" \/>\n<meta property=\"og:title\" content=\"FUNDA PROEL P\/GUIT. ACUST.  BAG-210PN - Mexican Guitar Players\" \/>\n<meta property=\"og:description\" content=\"Funda Proel para guitarra ac\u00fastica. Modelo: BAG210PN. Materiales de construcci\u00f3n: Nylon 420D resistente acolchado con tela en bordes interiores y exteriores. Relleno de espuma de alta densidad de 10 mm cubierto y reforzado con nylon 90D. Color negro. Asas de velcro resistente, fortalecimiento de la agarradera, correasajustables acolchadas para hombros. Amplios bolsillos frontales para libros, cuadernos y accesorios. Resistentes cierres.\" \/>\n<meta property=\"og:url\" content=\"https:\/\/www.mexicanguitarplayers.com\/en\/tienda\/sin categor\u00eda\/funda-proel-p-guit-acust-bag-210pn\/\" \/>\n<meta property=\"og:site_name\" content=\"Mexican Guitar Players\" \/>\n<meta property=\"article:modified_time\" content=\"2026-05-01T13:27:56+00:00\" \/>\n<meta name=\"twitter:card\" content=\"summary_large_image\" \/>\n<meta name=\"twitter:label1\" content=\"Est. reading time\" \/>\n\t<meta name=\"twitter:data1\" content=\"1 minute\" \/>\n<script type=\"application\/ld+json\" class=\"yoast-schema-graph\">{\"@context\":\"https:\\\/\\\/schema.org\",\"@graph\":[{\"@type\":[\"WebPage\",\"ItemPage\"],\"@id\":\"https:\\\/\\\/www.mexicanguitarplayers.com\\\/tienda\\\/sin categor\u00eda\\\/funda-proel-p-guit-acust-bag-210pn\\\/\",\"url\":\"https:\\\/\\\/www.mexicanguitarplayers.com\\\/tienda\\\/sin categor\u00eda\\\/funda-proel-p-guit-acust-bag-210pn\\\/\",\"name\":\"FUNDA PROEL P\\\/GUIT. ACUST. BAG-210PN - Mexican Guitar Players\",\"isPartOf\":{\"@id\":\"https:\\\/\\\/www.mexicanguitarplayers.com\\\/#website\"},\"primaryImageOfPage\":{\"@id\":\"https:\\\/\\\/www.mexicanguitarplayers.com\\\/tienda\\\/sin categor\u00eda\\\/funda-proel-p-guit-acust-bag-210pn\\\/#primaryimage\"},\"image\":{\"@id\":\"https:\\\/\\\/www.mexicanguitarplayers.com\\\/tienda\\\/sin categor\u00eda\\\/funda-proel-p-guit-acust-bag-210pn\\\/#primaryimage\"},\"thumbnailUrl\":\"https:\\\/\\\/www.mexicanguitarplayers.com\\\/wp-content\\\/uploads\\\/2025\\\/04\\\/VAPREBAG210PN.jpg\",\"datePublished\":\"2025-04-07T05:43:10+00:00\",\"dateModified\":\"2026-05-01T13:27:56+00:00\",\"description\":\"Funda Proel para guitarra ac\u00fastica. Modelo: BAG210PN. Materiales de construcci\u00f3n: Nylon 420D resistente acolchado con tela en bordes interiores y exteriores. Relleno de espuma de alta densidad de 10 mm cubierto y reforzado con nylon 90D. Color negro. Asas de velcro resistente, fortalecimiento de la agarradera, correasajustables acolchadas para hombros. Amplios bolsillos frontales para libros, cuadernos y accesorios. Resistentes cierres.\",\"breadcrumb\":{\"@id\":\"https:\\\/\\\/www.mexicanguitarplayers.com\\\/tienda\\\/sin categor\u00eda\\\/funda-proel-p-guit-acust-bag-210pn\\\/#breadcrumb\"},\"inLanguage\":\"en-US\",\"potentialAction\":[{\"@type\":\"ReadAction\",\"target\":[\"https:\\\/\\\/www.mexicanguitarplayers.com\\\/tienda\\\/sin categor\u00eda\\\/funda-proel-p-guit-acust-bag-210pn\\\/\"]}]},{\"@type\":\"ImageObject\",\"inLanguage\":\"en-US\",\"@id\":\"https:\\\/\\\/www.mexicanguitarplayers.com\\\/tienda\\\/sin categor\u00eda\\\/funda-proel-p-guit-acust-bag-210pn\\\/#primaryimage\",\"url\":\"https:\\\/\\\/www.mexicanguitarplayers.com\\\/wp-content\\\/uploads\\\/2025\\\/04\\\/VAPREBAG210PN.jpg\",\"contentUrl\":\"https:\\\/\\\/www.mexicanguitarplayers.com\\\/wp-content\\\/uploads\\\/2025\\\/04\\\/VAPREBAG210PN.jpg\",\"width\":1200,\"height\":1200},{\"@type\":\"BreadcrumbList\",\"@id\":\"https:\\\/\\\/www.mexicanguitarplayers.com\\\/tienda\\\/sin categor\u00eda\\\/funda-proel-p-guit-acust-bag-210pn\\\/#breadcrumb\",\"itemListElement\":[{\"@type\":\"ListItem\",\"position\":1,\"name\":\"Portada\",\"item\":\"https:\\\/\\\/www.mexicanguitarplayers.com\\\/\"},{\"@type\":\"ListItem\",\"position\":2,\"name\":\"Tienda\",\"item\":\"https:\\\/\\\/www.mexicanguitarplayers.com\\\/tienda\\\/\"},{\"@type\":\"ListItem\",\"position\":3,\"name\":\"FUNDA PROEL P\\\/GUIT. ACUST. BAG-210PN\"}]},{\"@type\":\"WebSite\",\"@id\":\"https:\\\/\\\/www.mexicanguitarplayers.com\\\/#website\",\"url\":\"https:\\\/\\\/www.mexicanguitarplayers.com\\\/\",\"name\":\"Mexican Guitar Players\",\"description\":\"Website\",\"publisher\":{\"@id\":\"https:\\\/\\\/www.mexicanguitarplayers.com\\\/#organization\"},\"potentialAction\":[{\"@type\":\"SearchAction\",\"target\":{\"@type\":\"EntryPoint\",\"urlTemplate\":\"https:\\\/\\\/www.mexicanguitarplayers.com\\\/?s={search_term_string}\"},\"query-input\":{\"@type\":\"PropertyValueSpecification\",\"valueRequired\":true,\"valueName\":\"search_term_string\"}}],\"inLanguage\":\"en-US\"},{\"@type\":\"Organization\",\"@id\":\"https:\\\/\\\/www.mexicanguitarplayers.com\\\/#organization\",\"name\":\"Mexican Guitar Players\",\"url\":\"https:\\\/\\\/www.mexicanguitarplayers.com\\\/\",\"logo\":{\"@type\":\"ImageObject\",\"inLanguage\":\"en-US\",\"@id\":\"https:\\\/\\\/www.mexicanguitarplayers.com\\\/#\\\/schema\\\/logo\\\/image\\\/\",\"url\":\"\",\"contentUrl\":\"\",\"caption\":\"Mexican Guitar Players\"},\"image\":{\"@id\":\"https:\\\/\\\/www.mexicanguitarplayers.com\\\/#\\\/schema\\\/logo\\\/image\\\/\"}}]}<\/script>\n<!-- \/ Yoast SEO plugin. -->","yoast_head_json":{"title":"FUNDA PROEL P\/GUIT. ACUST.  BAG-210PN - Mexican Guitar Players","description":"Funda Proel para guitarra ac\u00fastica. Modelo: BAG210PN. Materiales de construcci\u00f3n: Nylon 420D resistente acolchado con tela en bordes interiores y exteriores. Relleno de espuma de alta densidad de 10 mm cubierto y reforzado con nylon 90D. Color negro. Asas de velcro resistente, fortalecimiento de la agarradera, correasajustables acolchadas para hombros. Amplios bolsillos frontales para libros, cuadernos y accesorios. Resistentes cierres.","robots":{"index":"index","follow":"follow","max-snippet":"max-snippet:-1","max-image-preview":"max-image-preview:large","max-video-preview":"max-video-preview:-1"},"canonical":"https:\/\/www.mexicanguitarplayers.com\/en\/tienda\/sin categor\u00eda\/funda-proel-p-guit-acust-bag-210pn\/","og_locale":"en_US","og_type":"article","og_title":"FUNDA PROEL P\/GUIT. ACUST.  BAG-210PN - Mexican Guitar Players","og_description":"Funda Proel para guitarra ac\u00fastica. Modelo: BAG210PN. Materiales de construcci\u00f3n: Nylon 420D resistente acolchado con tela en bordes interiores y exteriores. Relleno de espuma de alta densidad de 10 mm cubierto y reforzado con nylon 90D. Color negro. Asas de velcro resistente, fortalecimiento de la agarradera, correasajustables acolchadas para hombros. Amplios bolsillos frontales para libros, cuadernos y accesorios. Resistentes cierres.","og_url":"https:\/\/www.mexicanguitarplayers.com\/en\/tienda\/sin categor\u00eda\/funda-proel-p-guit-acust-bag-210pn\/","og_site_name":"Mexican Guitar Players","article_modified_time":"2026-05-01T13:27:56+00:00","twitter_card":"summary_large_image","twitter_misc":{"Est. reading time":"1 minute"},"schema":{"@context":"https:\/\/schema.org","@graph":[{"@type":["WebPage","ItemPage"],"@id":"https:\/\/www.mexicanguitarplayers.com\/tienda\/sin categor\u00eda\/funda-proel-p-guit-acust-bag-210pn\/","url":"https:\/\/www.mexicanguitarplayers.com\/tienda\/sin categor\u00eda\/funda-proel-p-guit-acust-bag-210pn\/","name":"FUNDA PROEL P\/GUIT. ACUST. BAG-210PN - Mexican Guitar Players","isPartOf":{"@id":"https:\/\/www.mexicanguitarplayers.com\/#website"},"primaryImageOfPage":{"@id":"https:\/\/www.mexicanguitarplayers.com\/tienda\/sin categor\u00eda\/funda-proel-p-guit-acust-bag-210pn\/#primaryimage"},"image":{"@id":"https:\/\/www.mexicanguitarplayers.com\/tienda\/sin categor\u00eda\/funda-proel-p-guit-acust-bag-210pn\/#primaryimage"},"thumbnailUrl":"https:\/\/www.mexicanguitarplayers.com\/wp-content\/uploads\/2025\/04\/VAPREBAG210PN.jpg","datePublished":"2025-04-07T05:43:10+00:00","dateModified":"2026-05-01T13:27:56+00:00","description":"Funda Proel para guitarra ac\u00fastica. Modelo: BAG210PN. Materiales de construcci\u00f3n: Nylon 420D resistente acolchado con tela en bordes interiores y exteriores. Relleno de espuma de alta densidad de 10 mm cubierto y reforzado con nylon 90D. Color negro. Asas de velcro resistente, fortalecimiento de la agarradera, correasajustables acolchadas para hombros. Amplios bolsillos frontales para libros, cuadernos y accesorios. Resistentes cierres.","breadcrumb":{"@id":"https:\/\/www.mexicanguitarplayers.com\/tienda\/sin categor\u00eda\/funda-proel-p-guit-acust-bag-210pn\/#breadcrumb"},"inLanguage":"en-US","potentialAction":[{"@type":"ReadAction","target":["https:\/\/www.mexicanguitarplayers.com\/tienda\/sin categor\u00eda\/funda-proel-p-guit-acust-bag-210pn\/"]}]},{"@type":"ImageObject","inLanguage":"en-US","@id":"https:\/\/www.mexicanguitarplayers.com\/tienda\/sin categor\u00eda\/funda-proel-p-guit-acust-bag-210pn\/#primaryimage","url":"https:\/\/www.mexicanguitarplayers.com\/wp-content\/uploads\/2025\/04\/VAPREBAG210PN.jpg","contentUrl":"https:\/\/www.mexicanguitarplayers.com\/wp-content\/uploads\/2025\/04\/VAPREBAG210PN.jpg","width":1200,"height":1200},{"@type":"BreadcrumbList","@id":"https:\/\/www.mexicanguitarplayers.com\/tienda\/sin categor\u00eda\/funda-proel-p-guit-acust-bag-210pn\/#breadcrumb","itemListElement":[{"@type":"ListItem","position":1,"name":"Portada","item":"https:\/\/www.mexicanguitarplayers.com\/"},{"@type":"ListItem","position":2,"name":"Tienda","item":"https:\/\/www.mexicanguitarplayers.com\/tienda\/"},{"@type":"ListItem","position":3,"name":"FUNDA PROEL P\/GUIT. ACUST. BAG-210PN"}]},{"@type":"WebSite","@id":"https:\/\/www.mexicanguitarplayers.com\/#website","url":"https:\/\/www.mexicanguitarplayers.com\/","name":"Mexican Guitar Players","description":"Website","publisher":{"@id":"https:\/\/www.mexicanguitarplayers.com\/#organization"},"potentialAction":[{"@type":"SearchAction","target":{"@type":"EntryPoint","urlTemplate":"https:\/\/www.mexicanguitarplayers.com\/?s={search_term_string}"},"query-input":{"@type":"PropertyValueSpecification","valueRequired":true,"valueName":"search_term_string"}}],"inLanguage":"en-US"},{"@type":"Organization","@id":"https:\/\/www.mexicanguitarplayers.com\/#organization","name":"Mexican Guitar Players","url":"https:\/\/www.mexicanguitarplayers.com\/","logo":{"@type":"ImageObject","inLanguage":"en-US","@id":"https:\/\/www.mexicanguitarplayers.com\/#\/schema\/logo\/image\/","url":"","contentUrl":"","caption":"Mexican Guitar Players"},"image":{"@id":"https:\/\/www.mexicanguitarplayers.com\/#\/schema\/logo\/image\/"}}]}},"brands":[{"id":252,"name":"PROEL","slug":"proel"}],"_links":{"self":[{"href":"https:\/\/www.mexicanguitarplayers.com\/en\/wp-json\/wp\/v2\/product\/27044","targetHints":{"allow":["GET"]}}],"collection":[{"href":"https:\/\/www.mexicanguitarplayers.com\/en\/wp-json\/wp\/v2\/product"}],"about":[{"href":"https:\/\/www.mexicanguitarplayers.com\/en\/wp-json\/wp\/v2\/types\/product"}],"replies":[{"embeddable":true,"href":"https:\/\/www.mexicanguitarplayers.com\/en\/wp-json\/wp\/v2\/comments?post=27044"}],"wp:featuredmedia":[{"embeddable":true,"href":"https:\/\/www.mexicanguitarplayers.com\/en\/wp-json\/wp\/v2\/media\/27042"}],"wp:attachment":[{"href":"https:\/\/www.mexicanguitarplayers.com\/en\/wp-json\/wp\/v2\/media?parent=27044"}],"wp:term":[{"taxonomy":"pwb-brand","embeddable":true,"href":"https:\/\/www.mexicanguitarplayers.com\/en\/wp-json\/wp\/v2\/pwb-brand?post=27044"},{"taxonomy":"product_brand","embeddable":true,"href":"https:\/\/www.mexicanguitarplayers.com\/en\/wp-json\/wp\/v2\/product_brand?post=27044"},{"taxonomy":"product_cat","embeddable":true,"href":"https:\/\/www.mexicanguitarplayers.com\/en\/wp-json\/wp\/v2\/product_cat?post=27044"},{"taxonomy":"product_tag","embeddable":true,"href":"https:\/\/www.mexicanguitarplayers.com\/en\/wp-json\/wp\/v2\/product_tag?post=27044"}],"curies":[{"name":"wp","href":"https:\/\/api.w.org\/{rel}","templated":true}]}}