{"id":27068,"date":"2025-04-06T23:44:51","date_gmt":"2025-04-07T05:44:51","guid":{"rendered":"https:\/\/www.mexicanguitarplayers.com\/tienda\/sin categor\u00eda\/pedal-cruzer-mod-ef-tn-foot-tuner\/"},"modified":"2025-04-06T23:44:51","modified_gmt":"2025-04-07T05:44:51","slug":"pedal-cruzer-mod-ef-tn-foot-tuner","status":"publish","type":"product","link":"https:\/\/www.mexicanguitarplayers.com\/en\/tienda\/accesorios\/afinadores-y-metronomos\/afinadores\/afinadores-cromaticos\/pedal-cruzer-mod-ef-tn-foot-tuner\/","title":{"rendered":"PEDAL CRUZER  MOD. EF-TN  FOOT TUNER"},"content":{"rendered":"<div style=\"text-align: justify\">\n<div>\n<h3>\u00a1Afinador crom\u00e1tico hecho pedal!<\/h3>\n<\/div>\n<div>Con el pedal  EF-TN de Cruzer tienes un afinador crom\u00e1tico de alta precisi\u00f3n, contaras con un c\u00f3modo pedal que puedes conectarlo a lado de tus efectos, as\u00ed tienes la posibilidad de afinar mientras el show sigue, tiene un practico led que te avisara cuando esta encendido.  Precisi\u00f3n, calidad y  un atractivo dise\u00f1o   hacen de tu EF-TN  un afinador \u00fanico en el mercado.  Los nuevos pedales Cruzer  cuentan con un dise\u00f1o especial que los  hacen  m\u00e1s duraderos y atractivos. El pedal EF-TN  de Cruzer  es totalmente  confiable y preciso  en sus ajustes de afinaci\u00f3n ya que esta fabricado por materiales de la m\u00e1s alta calidad.<\/div>\n<div>\n<h4>Quick look<\/h4>\n<\/div>\n<ul style=\"margin: 0px 0px 0px 25px\">\n<li style=\"list-style-type: circle;margin: 5px\">Switch de muteo.<\/li>\n<li style=\"list-style-type: circle;margin: 5px\">Dise\u00f1o especial. <\/li>\n<\/ul>\n<div>\n<div style=\"font-weight: bold\">Switch de muteo.<\/div>\n<div>\n<p>\u00datil y necesario para  nulificar el paso de sonido cuando se esta afinado en medio de un show o ensayo.<\/p>\n<\/div>\n<div style=\"font-weight: bold\">Dise\u00f1o especial. <\/div>\n<div>\n<p>Su dise\u00f1o nos recuerda a  los guitarristas m\u00e1s sobresalientes del rock, un dise\u00f1o  pensado para coleccionistas que tambi\u00e9n quieren hacer historia ahora en un afinador crom\u00e1tico de alta precisi\u00f3n.<\/p>\n<\/div>\n<\/div>\n<div>\n<h4>Characteristics<\/h4>\n<\/div>\n<div>\n<ul style=\"margin: 0px 0px 0px 25px\">\n<li style=\"list-style-type: circle;margin: 5px\">Funciona con una pila de 9V o eliminador.<\/li>\n<\/ul>\n<\/div>\n<\/div>","protected":false},"excerpt":{"rendered":"<p>Afinador de pedal Cruzer modelo  EF-TN, crom\u00e1tico, calibraci\u00f3n  manual, displayde leds fnd, funciona con una pila de 9V o eliminador, switch de muteo.&hellip; <a class=\"kt-excerpt-readmore more-link\" href=\"https:\/\/www.mexicanguitarplayers.com\/en\/tienda\/accesorios\/afinadores-y-metronomos\/afinadores\/afinadores-cromaticos\/pedal-cruzer-mod-ef-tn-foot-tuner\/\">Read more<\/a><\/p>","protected":false},"featured_media":27067,"comment_status":"open","ping_status":"closed","template":"","meta":{"kt_blocks_editor_width":""},"pwb-brand":[259],"product_brand":[],"product_cat":[85,423,424,422],"product_tag":[],"class_list":{"0":"post-27068","1":"product","2":"type-product","3":"status-publish","4":"has-post-thumbnail","6":"pwb-brand-cruzer","7":"product_cat-accesorios","8":"product_cat-afinadores","9":"product_cat-afinadores-cromaticos","10":"product_cat-afinadores-y-metronomos","11":"product_shipping_class-0-5-kg","13":"first","14":"outofstock","15":"taxable","16":"shipping-taxable","17":"purchasable","18":"product-type-simple"},"yoast_head":"<!-- This site is optimized with the Yoast SEO plugin v27.3 - https:\/\/yoast.com\/product\/yoast-seo-wordpress\/ -->\n<title>PEDAL CRUZER MOD. EF-TN FOOT TUNER - Mexican Guitar Players<\/title>\n<meta name=\"description\" content=\"Afinador de pedal Cruzer modelo EF-TN, crom\u00e1tico, calibraci\u00f3n manual, displayde leds fnd, funciona con una pila de 9V o eliminador, switch de muteo.\" \/>\n<meta name=\"robots\" content=\"index, follow, max-snippet:-1, max-image-preview:large, max-video-preview:-1\" \/>\n<link rel=\"canonical\" href=\"https:\/\/www.mexicanguitarplayers.com\/en\/tienda\/sin%20categor\u00eda\/pedal-cruzer-mod-ef-tn-foot-tuner\/\" \/>\n<meta property=\"og:locale\" content=\"en_US\" \/>\n<meta property=\"og:type\" content=\"article\" \/>\n<meta property=\"og:title\" content=\"PEDAL CRUZER MOD. EF-TN FOOT TUNER - Mexican Guitar Players\" \/>\n<meta property=\"og:description\" content=\"Afinador de pedal Cruzer modelo EF-TN, crom\u00e1tico, calibraci\u00f3n manual, displayde leds fnd, funciona con una pila de 9V o eliminador, switch de muteo.\" \/>\n<meta property=\"og:url\" content=\"https:\/\/www.mexicanguitarplayers.com\/en\/tienda\/sin categor\u00eda\/pedal-cruzer-mod-ef-tn-foot-tuner\/\" \/>\n<meta property=\"og:site_name\" content=\"Mexican Guitar Players\" \/>\n<meta name=\"twitter:card\" content=\"summary_large_image\" \/>\n<meta name=\"twitter:label1\" content=\"Est. reading time\" \/>\n\t<meta name=\"twitter:data1\" content=\"1 minute\" \/>\n<script type=\"application\/ld+json\" class=\"yoast-schema-graph\">{\"@context\":\"https:\\\/\\\/schema.org\",\"@graph\":[{\"@type\":[\"WebPage\",\"ItemPage\"],\"@id\":\"https:\\\/\\\/www.mexicanguitarplayers.com\\\/tienda\\\/sin categor\u00eda\\\/pedal-cruzer-mod-ef-tn-foot-tuner\\\/\",\"url\":\"https:\\\/\\\/www.mexicanguitarplayers.com\\\/tienda\\\/sin categor\u00eda\\\/pedal-cruzer-mod-ef-tn-foot-tuner\\\/\",\"name\":\"PEDAL CRUZER MOD. EF-TN FOOT TUNER - Mexican Guitar Players\",\"isPartOf\":{\"@id\":\"https:\\\/\\\/www.mexicanguitarplayers.com\\\/#website\"},\"primaryImageOfPage\":{\"@id\":\"https:\\\/\\\/www.mexicanguitarplayers.com\\\/tienda\\\/sin categor\u00eda\\\/pedal-cruzer-mod-ef-tn-foot-tuner\\\/#primaryimage\"},\"image\":{\"@id\":\"https:\\\/\\\/www.mexicanguitarplayers.com\\\/tienda\\\/sin categor\u00eda\\\/pedal-cruzer-mod-ef-tn-foot-tuner\\\/#primaryimage\"},\"thumbnailUrl\":\"https:\\\/\\\/www.mexicanguitarplayers.com\\\/wp-content\\\/uploads\\\/2025\\\/04\\\/VACRZEFTN.jpg\",\"datePublished\":\"2025-04-07T05:44:51+00:00\",\"description\":\"Afinador de pedal Cruzer modelo EF-TN, crom\u00e1tico, calibraci\u00f3n manual, displayde leds fnd, funciona con una pila de 9V o eliminador, switch de muteo.\",\"breadcrumb\":{\"@id\":\"https:\\\/\\\/www.mexicanguitarplayers.com\\\/tienda\\\/sin categor\u00eda\\\/pedal-cruzer-mod-ef-tn-foot-tuner\\\/#breadcrumb\"},\"inLanguage\":\"en-US\",\"potentialAction\":[{\"@type\":\"ReadAction\",\"target\":[\"https:\\\/\\\/www.mexicanguitarplayers.com\\\/tienda\\\/sin categor\u00eda\\\/pedal-cruzer-mod-ef-tn-foot-tuner\\\/\"]}]},{\"@type\":\"ImageObject\",\"inLanguage\":\"en-US\",\"@id\":\"https:\\\/\\\/www.mexicanguitarplayers.com\\\/tienda\\\/sin categor\u00eda\\\/pedal-cruzer-mod-ef-tn-foot-tuner\\\/#primaryimage\",\"url\":\"https:\\\/\\\/www.mexicanguitarplayers.com\\\/wp-content\\\/uploads\\\/2025\\\/04\\\/VACRZEFTN.jpg\",\"contentUrl\":\"https:\\\/\\\/www.mexicanguitarplayers.com\\\/wp-content\\\/uploads\\\/2025\\\/04\\\/VACRZEFTN.jpg\",\"width\":300,\"height\":300},{\"@type\":\"BreadcrumbList\",\"@id\":\"https:\\\/\\\/www.mexicanguitarplayers.com\\\/tienda\\\/sin categor\u00eda\\\/pedal-cruzer-mod-ef-tn-foot-tuner\\\/#breadcrumb\",\"itemListElement\":[{\"@type\":\"ListItem\",\"position\":1,\"name\":\"Portada\",\"item\":\"https:\\\/\\\/www.mexicanguitarplayers.com\\\/\"},{\"@type\":\"ListItem\",\"position\":2,\"name\":\"Tienda\",\"item\":\"https:\\\/\\\/www.mexicanguitarplayers.com\\\/tienda\\\/\"},{\"@type\":\"ListItem\",\"position\":3,\"name\":\"PEDAL CRUZER MOD. EF-TN FOOT TUNER\"}]},{\"@type\":\"WebSite\",\"@id\":\"https:\\\/\\\/www.mexicanguitarplayers.com\\\/#website\",\"url\":\"https:\\\/\\\/www.mexicanguitarplayers.com\\\/\",\"name\":\"Mexican Guitar Players\",\"description\":\"Website\",\"publisher\":{\"@id\":\"https:\\\/\\\/www.mexicanguitarplayers.com\\\/#organization\"},\"potentialAction\":[{\"@type\":\"SearchAction\",\"target\":{\"@type\":\"EntryPoint\",\"urlTemplate\":\"https:\\\/\\\/www.mexicanguitarplayers.com\\\/?s={search_term_string}\"},\"query-input\":{\"@type\":\"PropertyValueSpecification\",\"valueRequired\":true,\"valueName\":\"search_term_string\"}}],\"inLanguage\":\"en-US\"},{\"@type\":\"Organization\",\"@id\":\"https:\\\/\\\/www.mexicanguitarplayers.com\\\/#organization\",\"name\":\"Mexican Guitar Players\",\"url\":\"https:\\\/\\\/www.mexicanguitarplayers.com\\\/\",\"logo\":{\"@type\":\"ImageObject\",\"inLanguage\":\"en-US\",\"@id\":\"https:\\\/\\\/www.mexicanguitarplayers.com\\\/#\\\/schema\\\/logo\\\/image\\\/\",\"url\":\"\",\"contentUrl\":\"\",\"caption\":\"Mexican Guitar Players\"},\"image\":{\"@id\":\"https:\\\/\\\/www.mexicanguitarplayers.com\\\/#\\\/schema\\\/logo\\\/image\\\/\"}}]}<\/script>\n<!-- \/ Yoast SEO plugin. -->","yoast_head_json":{"title":"PEDAL CRUZER MOD. EF-TN FOOT TUNER - Mexican Guitar Players","description":"Afinador de pedal Cruzer modelo EF-TN, crom\u00e1tico, calibraci\u00f3n manual, displayde leds fnd, funciona con una pila de 9V o eliminador, switch de muteo.","robots":{"index":"index","follow":"follow","max-snippet":"max-snippet:-1","max-image-preview":"max-image-preview:large","max-video-preview":"max-video-preview:-1"},"canonical":"https:\/\/www.mexicanguitarplayers.com\/en\/tienda\/sin categor\u00eda\/pedal-cruzer-mod-ef-tn-foot-tuner\/","og_locale":"en_US","og_type":"article","og_title":"PEDAL CRUZER MOD. EF-TN FOOT TUNER - Mexican Guitar Players","og_description":"Afinador de pedal Cruzer modelo EF-TN, crom\u00e1tico, calibraci\u00f3n manual, displayde leds fnd, funciona con una pila de 9V o eliminador, switch de muteo.","og_url":"https:\/\/www.mexicanguitarplayers.com\/en\/tienda\/sin categor\u00eda\/pedal-cruzer-mod-ef-tn-foot-tuner\/","og_site_name":"Mexican Guitar Players","twitter_card":"summary_large_image","twitter_misc":{"Est. reading time":"1 minute"},"schema":{"@context":"https:\/\/schema.org","@graph":[{"@type":["WebPage","ItemPage"],"@id":"https:\/\/www.mexicanguitarplayers.com\/tienda\/sin categor\u00eda\/pedal-cruzer-mod-ef-tn-foot-tuner\/","url":"https:\/\/www.mexicanguitarplayers.com\/tienda\/sin categor\u00eda\/pedal-cruzer-mod-ef-tn-foot-tuner\/","name":"PEDAL CRUZER MOD. EF-TN FOOT TUNER - Mexican Guitar Players","isPartOf":{"@id":"https:\/\/www.mexicanguitarplayers.com\/#website"},"primaryImageOfPage":{"@id":"https:\/\/www.mexicanguitarplayers.com\/tienda\/sin categor\u00eda\/pedal-cruzer-mod-ef-tn-foot-tuner\/#primaryimage"},"image":{"@id":"https:\/\/www.mexicanguitarplayers.com\/tienda\/sin categor\u00eda\/pedal-cruzer-mod-ef-tn-foot-tuner\/#primaryimage"},"thumbnailUrl":"https:\/\/www.mexicanguitarplayers.com\/wp-content\/uploads\/2025\/04\/VACRZEFTN.jpg","datePublished":"2025-04-07T05:44:51+00:00","description":"Afinador de pedal Cruzer modelo EF-TN, crom\u00e1tico, calibraci\u00f3n manual, displayde leds fnd, funciona con una pila de 9V o eliminador, switch de muteo.","breadcrumb":{"@id":"https:\/\/www.mexicanguitarplayers.com\/tienda\/sin categor\u00eda\/pedal-cruzer-mod-ef-tn-foot-tuner\/#breadcrumb"},"inLanguage":"en-US","potentialAction":[{"@type":"ReadAction","target":["https:\/\/www.mexicanguitarplayers.com\/tienda\/sin categor\u00eda\/pedal-cruzer-mod-ef-tn-foot-tuner\/"]}]},{"@type":"ImageObject","inLanguage":"en-US","@id":"https:\/\/www.mexicanguitarplayers.com\/tienda\/sin categor\u00eda\/pedal-cruzer-mod-ef-tn-foot-tuner\/#primaryimage","url":"https:\/\/www.mexicanguitarplayers.com\/wp-content\/uploads\/2025\/04\/VACRZEFTN.jpg","contentUrl":"https:\/\/www.mexicanguitarplayers.com\/wp-content\/uploads\/2025\/04\/VACRZEFTN.jpg","width":300,"height":300},{"@type":"BreadcrumbList","@id":"https:\/\/www.mexicanguitarplayers.com\/tienda\/sin categor\u00eda\/pedal-cruzer-mod-ef-tn-foot-tuner\/#breadcrumb","itemListElement":[{"@type":"ListItem","position":1,"name":"Portada","item":"https:\/\/www.mexicanguitarplayers.com\/"},{"@type":"ListItem","position":2,"name":"Tienda","item":"https:\/\/www.mexicanguitarplayers.com\/tienda\/"},{"@type":"ListItem","position":3,"name":"PEDAL CRUZER MOD. EF-TN FOOT TUNER"}]},{"@type":"WebSite","@id":"https:\/\/www.mexicanguitarplayers.com\/#website","url":"https:\/\/www.mexicanguitarplayers.com\/","name":"Mexican Guitar Players","description":"Website","publisher":{"@id":"https:\/\/www.mexicanguitarplayers.com\/#organization"},"potentialAction":[{"@type":"SearchAction","target":{"@type":"EntryPoint","urlTemplate":"https:\/\/www.mexicanguitarplayers.com\/?s={search_term_string}"},"query-input":{"@type":"PropertyValueSpecification","valueRequired":true,"valueName":"search_term_string"}}],"inLanguage":"en-US"},{"@type":"Organization","@id":"https:\/\/www.mexicanguitarplayers.com\/#organization","name":"Mexican Guitar Players","url":"https:\/\/www.mexicanguitarplayers.com\/","logo":{"@type":"ImageObject","inLanguage":"en-US","@id":"https:\/\/www.mexicanguitarplayers.com\/#\/schema\/logo\/image\/","url":"","contentUrl":"","caption":"Mexican Guitar Players"},"image":{"@id":"https:\/\/www.mexicanguitarplayers.com\/#\/schema\/logo\/image\/"}}]}},"brands":[{"id":259,"name":"CRUISE","slug":"cruzer"}],"_links":{"self":[{"href":"https:\/\/www.mexicanguitarplayers.com\/en\/wp-json\/wp\/v2\/product\/27068","targetHints":{"allow":["GET"]}}],"collection":[{"href":"https:\/\/www.mexicanguitarplayers.com\/en\/wp-json\/wp\/v2\/product"}],"about":[{"href":"https:\/\/www.mexicanguitarplayers.com\/en\/wp-json\/wp\/v2\/types\/product"}],"replies":[{"embeddable":true,"href":"https:\/\/www.mexicanguitarplayers.com\/en\/wp-json\/wp\/v2\/comments?post=27068"}],"wp:featuredmedia":[{"embeddable":true,"href":"https:\/\/www.mexicanguitarplayers.com\/en\/wp-json\/wp\/v2\/media\/27067"}],"wp:attachment":[{"href":"https:\/\/www.mexicanguitarplayers.com\/en\/wp-json\/wp\/v2\/media?parent=27068"}],"wp:term":[{"taxonomy":"pwb-brand","embeddable":true,"href":"https:\/\/www.mexicanguitarplayers.com\/en\/wp-json\/wp\/v2\/pwb-brand?post=27068"},{"taxonomy":"product_brand","embeddable":true,"href":"https:\/\/www.mexicanguitarplayers.com\/en\/wp-json\/wp\/v2\/product_brand?post=27068"},{"taxonomy":"product_cat","embeddable":true,"href":"https:\/\/www.mexicanguitarplayers.com\/en\/wp-json\/wp\/v2\/product_cat?post=27068"},{"taxonomy":"product_tag","embeddable":true,"href":"https:\/\/www.mexicanguitarplayers.com\/en\/wp-json\/wp\/v2\/product_tag?post=27068"}],"curies":[{"name":"wp","href":"https:\/\/api.w.org\/{rel}","templated":true}]}}