{"id":27075,"date":"2025-04-06T23:45:25","date_gmt":"2025-04-07T05:45:25","guid":{"rendered":"https:\/\/www.mexicanguitarplayers.com\/tienda\/sin categor\u00eda\/microfono-behringer-usb-mod-bv44\/"},"modified":"2026-05-01T07:27:54","modified_gmt":"2026-05-01T13:27:54","slug":"microfono-behringer-usb-mod-bv44","status":"publish","type":"product","link":"https:\/\/www.mexicanguitarplayers.com\/en\/tienda\/audio\/microfonia\/microfonos-alambricos\/de-escritorio\/microfono-behringer-usb-mod-bv44\/","title":{"rendered":"MICROFONO BEHRINGER USB MOD. BV44"},"content":{"rendered":"<div style=\"text-align: justify\">\n<div>\n<h3>Un toque retro a la configuraci\u00f3n de tu estudio en casa.<\/h3>\n<\/div>\n<div>El micr\u00f3fono BV44 es el sue\u00f1o de un transmisor en vivo hecho realidad. Este micr\u00f3fono de condensador de calidad profesional tiene un dise\u00f1o de ruido ultra bajo, una excelente opci\u00f3n para cualquier escenario de transmisi\u00f3n en vivo o podcasting y es lo suficientemente resistente como para llegar hasta el final con su dise\u00f1o de alta calidad. Nuestro micr\u00f3fono BV44 ofrece un rendimiento incre\u00edble de alta calidad a un precio al alcance de todos los presupuestos. El BV44 es un dise\u00f1o inspirado en un micr\u00f3fono de estudio muy popular, el Tipo 44, que se us\u00f3 durante la d\u00e9cada de 1940. Este micr\u00f3fono est\u00e1 dise\u00f1ado para durar toda la vida, al igual que el original. La parrilla cromada plateada y las l\u00edneas cromadas sobre una base negra, le dan un toque retro a la configuraci\u00f3n de tu estudio en casa. Te sentir\u00e1s como si estuvieras de vuelta en la era dorada de Hollywood. Expr\u00e9sate. El BV44 contiene una c\u00e1psula de condensador de alta calidad, que es una opci\u00f3n ideal para capturar voces e instrumentos ac\u00fasticos. El BV44 puede capturar muchos m\u00e1s detalles que la mayor\u00eda de los micr\u00f3fonos din\u00e1micos debido a su respuesta de frecuencia m\u00e1s amplia y plana. La alta directividad lo convierte en un micr\u00f3fono ideal para transmisiones en vivo, ya que la respuesta del micr\u00f3fono no se ve afectada por la ac\u00fastica de la sala y suena neutral. El amplio rango din\u00e1mico y el alto SPL brindan una ventaja a tus aplicaciones de transmisi\u00f3n y grabaci\u00f3n. La interfaz USB plug and play del BV44 funciona con una variedad de computadoras de escritorio, port\u00e1tiles y otros dispositivos habilitados para USB. Estar\u00e1 listo para funcionar en tu PC o Mac desde el primer momento. El BV44 es una herramienta de estudio esencial asequible y de alta calidad que funcionar\u00e1 para tu. Disfruta de esta sensaci\u00f3n. El BV44 viene con un tr\u00edpode resistente y un cable USB de alta calidad blindado electromagn\u00e9ticamente.<\/div>\n<div>\n<h4>Quick look<\/h4>\n<\/div>\n<ul style=\"margin: 0px 0px 0px 25px\">\n<li style=\"list-style-type: circle;margin: 5px\">Tipo de transductor.<\/li>\n<li style=\"list-style-type: circle;margin: 5px\">Tama\u00f1o del diafragma.<\/li>\n<li style=\"list-style-type: circle;margin: 5px\">Polar pattern.<\/li>\n<li style=\"list-style-type: circle;margin: 5px\">Sensitivity.<\/li>\n<li style=\"list-style-type: circle;margin: 5px\">Rango de frecuencia.<\/li>\n<li style=\"list-style-type: circle;margin: 5px\">Maximum SPL.<\/li>\n<li style=\"list-style-type: circle;margin: 5px\">Resoluci\u00f3n.<\/li>\n<li style=\"list-style-type: circle;margin: 5px\">Signal to noise ratio.<\/li>\n<li style=\"list-style-type: circle;margin: 5px\">Interfaz.<\/li>\n<\/ul>\n<div>\n<div style=\"font-weight: bold\">Tipo de transductor.<\/div>\n<div>\n<p>Condensador Back Electret.<\/p>\n<\/div>\n<div style=\"font-weight: bold\">Tama\u00f1o del diafragma.<\/div>\n<div>\n<p>14 mm (0.55&#8243;).<\/p>\n<\/div>\n<div style=\"font-weight: bold\">Polar pattern.<\/div>\n<div>\n<p>S\u00faper-cardioide.<\/p>\n<\/div>\n<div style=\"font-weight: bold\">Sensitivity.<\/div>\n<div>\n<p>(-34 dB) \u00b13 B, 0 dB=1 V\/Pa @ 1 kHz.<\/p>\n<\/div>\n<div style=\"font-weight: bold\">Rango de frecuencia.<\/div>\n<div>\n<p>50 Hz &#8211; 17 kHz.<\/p>\n<\/div>\n<div style=\"font-weight: bold\">Maximum SPL.<\/div>\n<div>\n<p>132 dB @ 1 kHz, 1% THD m\u00e1x.<\/p>\n<\/div>\n<div style=\"font-weight: bold\">Resoluci\u00f3n.<\/div>\n<div>\n<p>16-bit \/ 48 kHz.<\/p>\n<\/div>\n<div style=\"font-weight: bold\">Signal to noise ratio.<\/div>\n<div>\n<p>78 dB.<\/p>\n<\/div>\n<div style=\"font-weight: bold\">Interfaz.<\/div>\n<div>\n<p>USB tipo C.<\/p>\n<\/div>\n<\/div>\n<\/div>","protected":false},"excerpt":{"rendered":"<p>Micr\u00f3fono USB vintage Broadcast tipo 44, ic\u00f3nico de la d\u00e9cada de 1940, ideal para streamers, podcasters, gamers y aplicaciones de estudio, transductor Back Electret Condensador, patr\u00f3n polar: S\u00faper cardioide, respuesta de frecuencia excepcional y resoluci\u00f3n de sonido ultra alta, perfecto para voz e instrumentos ac\u00fasticos, la caracter\u00edstica cardioide proporciona el m\u00e1ximo aislamiento de otras fuentes de sonido, conecta este incre\u00edble micr\u00f3fono USB directamente a tu computadora y convi\u00e9rtela en un sistema de grabaci\u00f3n sin necesidad de ning\u00fan otro hardware, driver ASIO de latencia ultra baja para optimizaci\u00f3n de audio disponible en la p\u00e1gina oficial de Behringer, soporte de escritorio personalizado para ajustar en cualquier \u00e1ngulo con soporte de micr\u00f3fono roscado, circuito integrado de reducci\u00f3n de ruido para una alta relaci\u00f3n se\u00f1al a ruido, construcci\u00f3n ultra resistente con cuerpo de metal fundido a presi\u00f3n, cable USB blindado de alta calidad incluido.&hellip; <a class=\"kt-excerpt-readmore more-link\" href=\"https:\/\/www.mexicanguitarplayers.com\/en\/tienda\/audio\/microfonia\/microfonos-alambricos\/de-escritorio\/microfono-behringer-usb-mod-bv44\/\">Read more<\/a><\/p>","protected":false},"featured_media":27071,"comment_status":"open","ping_status":"closed","template":"","meta":{"kt_blocks_editor_width":""},"pwb-brand":[171],"product_brand":[],"product_cat":[213,217,214,215],"product_tag":[],"class_list":{"0":"post-27075","1":"product","2":"type-product","3":"status-publish","4":"has-post-thumbnail","6":"pwb-brand-behringer","7":"product_cat-audio","8":"product_cat-de-escritorio","9":"product_cat-microfonia","10":"product_cat-microfonos-alambricos","11":"product_shipping_class-0-5-kg","13":"first","14":"instock","15":"taxable","16":"shipping-taxable","17":"purchasable","18":"product-type-simple"},"yoast_head":"<!-- This site is optimized with the Yoast SEO plugin v27.5 - https:\/\/yoast.com\/product\/yoast-seo-wordpress\/ -->\n<title>MICROFONO BEHRINGER USB MOD. BV44 - Mexican Guitar Players<\/title>\n<meta name=\"description\" content=\"Micr\u00f3fono USB vintage Broadcast tipo 44, ic\u00f3nico de la d\u00e9cada de 1940, ideal para streamers, podcasters, gamers y aplicaciones de estudio, transductor Back Electret Condensador, patr\u00f3n polar: S\u00faper cardioide, respuesta de frecuencia excepcional y resoluci\u00f3n de sonido ultra alta, perfecto para voz e instrumentos ac\u00fasticos, la caracter\u00edstica cardioide proporciona el m\u00e1ximo aislamiento de otras fuentes de sonido, conecta este incre\u00edble micr\u00f3fono USB directamente a tu computadora y convi\u00e9rtela en un sistema de grabaci\u00f3n sin necesidad de ning\u00fan otro hardware, driver ASIO de latencia ultra baja para optimizaci\u00f3n de audio disponible en la p\u00e1gina oficial de Behringer, soporte de escritorio personalizado para ajustar en cualquier \u00e1ngulo con soporte de micr\u00f3fono roscado, circuito integrado de reducci\u00f3n de ruido para una alta relaci\u00f3n se\u00f1al a ruido, construcci\u00f3n ultra resistente con cuerpo de metal fundido a presi\u00f3n, cable USB blindado de alta calidad incluido.\" \/>\n<meta name=\"robots\" content=\"index, follow, max-snippet:-1, max-image-preview:large, max-video-preview:-1\" \/>\n<link rel=\"canonical\" href=\"https:\/\/www.mexicanguitarplayers.com\/en\/tienda\/sin%20categor\u00eda\/microfono-behringer-usb-mod-bv44\/\" \/>\n<meta property=\"og:locale\" content=\"en_US\" \/>\n<meta property=\"og:type\" content=\"article\" \/>\n<meta property=\"og:title\" content=\"MICROFONO BEHRINGER USB MOD. BV44 - Mexican Guitar Players\" \/>\n<meta property=\"og:description\" content=\"Micr\u00f3fono USB vintage Broadcast tipo 44, ic\u00f3nico de la d\u00e9cada de 1940, ideal para streamers, podcasters, gamers y aplicaciones de estudio, transductor Back Electret Condensador, patr\u00f3n polar: S\u00faper cardioide, respuesta de frecuencia excepcional y resoluci\u00f3n de sonido ultra alta, perfecto para voz e instrumentos ac\u00fasticos, la caracter\u00edstica cardioide proporciona el m\u00e1ximo aislamiento de otras fuentes de sonido, conecta este incre\u00edble micr\u00f3fono USB directamente a tu computadora y convi\u00e9rtela en un sistema de grabaci\u00f3n sin necesidad de ning\u00fan otro hardware, driver ASIO de latencia ultra baja para optimizaci\u00f3n de audio disponible en la p\u00e1gina oficial de Behringer, soporte de escritorio personalizado para ajustar en cualquier \u00e1ngulo con soporte de micr\u00f3fono roscado, circuito integrado de reducci\u00f3n de ruido para una alta relaci\u00f3n se\u00f1al a ruido, construcci\u00f3n ultra resistente con cuerpo de metal fundido a presi\u00f3n, cable USB blindado de alta calidad incluido.\" \/>\n<meta property=\"og:url\" content=\"https:\/\/www.mexicanguitarplayers.com\/en\/tienda\/sin categor\u00eda\/microfono-behringer-usb-mod-bv44\/\" \/>\n<meta property=\"og:site_name\" content=\"Mexican Guitar Players\" \/>\n<meta property=\"article:modified_time\" content=\"2026-05-01T13:27:54+00:00\" \/>\n<meta name=\"twitter:card\" content=\"summary_large_image\" \/>\n<meta name=\"twitter:label1\" content=\"Est. reading time\" \/>\n\t<meta name=\"twitter:data1\" content=\"2 minutes\" \/>\n<script type=\"application\/ld+json\" class=\"yoast-schema-graph\">{\"@context\":\"https:\\\/\\\/schema.org\",\"@graph\":[{\"@type\":[\"WebPage\",\"ItemPage\"],\"@id\":\"https:\\\/\\\/www.mexicanguitarplayers.com\\\/tienda\\\/sin categor\u00eda\\\/microfono-behringer-usb-mod-bv44\\\/\",\"url\":\"https:\\\/\\\/www.mexicanguitarplayers.com\\\/tienda\\\/sin categor\u00eda\\\/microfono-behringer-usb-mod-bv44\\\/\",\"name\":\"MICROFONO BEHRINGER USB MOD. BV44 - Mexican Guitar Players\",\"isPartOf\":{\"@id\":\"https:\\\/\\\/www.mexicanguitarplayers.com\\\/#website\"},\"primaryImageOfPage\":{\"@id\":\"https:\\\/\\\/www.mexicanguitarplayers.com\\\/tienda\\\/sin categor\u00eda\\\/microfono-behringer-usb-mod-bv44\\\/#primaryimage\"},\"image\":{\"@id\":\"https:\\\/\\\/www.mexicanguitarplayers.com\\\/tienda\\\/sin categor\u00eda\\\/microfono-behringer-usb-mod-bv44\\\/#primaryimage\"},\"thumbnailUrl\":\"https:\\\/\\\/www.mexicanguitarplayers.com\\\/wp-content\\\/uploads\\\/2025\\\/04\\\/IABEHBV44.jpg\",\"datePublished\":\"2025-04-07T05:45:25+00:00\",\"dateModified\":\"2026-05-01T13:27:54+00:00\",\"description\":\"Micr\u00f3fono USB vintage Broadcast tipo 44, ic\u00f3nico de la d\u00e9cada de 1940, ideal para streamers, podcasters, gamers y aplicaciones de estudio, transductor Back Electret Condensador, patr\u00f3n polar: S\u00faper cardioide, respuesta de frecuencia excepcional y resoluci\u00f3n de sonido ultra alta, perfecto para voz e instrumentos ac\u00fasticos, la caracter\u00edstica cardioide proporciona el m\u00e1ximo aislamiento de otras fuentes de sonido, conecta este incre\u00edble micr\u00f3fono USB directamente a tu computadora y convi\u00e9rtela en un sistema de grabaci\u00f3n sin necesidad de ning\u00fan otro hardware, driver ASIO de latencia ultra baja para optimizaci\u00f3n de audio disponible en la p\u00e1gina oficial de Behringer, soporte de escritorio personalizado para ajustar en cualquier \u00e1ngulo con soporte de micr\u00f3fono roscado, circuito integrado de reducci\u00f3n de ruido para una alta relaci\u00f3n se\u00f1al a ruido, construcci\u00f3n ultra resistente con cuerpo de metal fundido a presi\u00f3n, cable USB blindado de alta calidad incluido.\",\"breadcrumb\":{\"@id\":\"https:\\\/\\\/www.mexicanguitarplayers.com\\\/tienda\\\/sin categor\u00eda\\\/microfono-behringer-usb-mod-bv44\\\/#breadcrumb\"},\"inLanguage\":\"en-US\",\"potentialAction\":[{\"@type\":\"ReadAction\",\"target\":[\"https:\\\/\\\/www.mexicanguitarplayers.com\\\/tienda\\\/sin categor\u00eda\\\/microfono-behringer-usb-mod-bv44\\\/\"]}]},{\"@type\":\"ImageObject\",\"inLanguage\":\"en-US\",\"@id\":\"https:\\\/\\\/www.mexicanguitarplayers.com\\\/tienda\\\/sin categor\u00eda\\\/microfono-behringer-usb-mod-bv44\\\/#primaryimage\",\"url\":\"https:\\\/\\\/www.mexicanguitarplayers.com\\\/wp-content\\\/uploads\\\/2025\\\/04\\\/IABEHBV44.jpg\",\"contentUrl\":\"https:\\\/\\\/www.mexicanguitarplayers.com\\\/wp-content\\\/uploads\\\/2025\\\/04\\\/IABEHBV44.jpg\",\"width\":1200,\"height\":1200},{\"@type\":\"BreadcrumbList\",\"@id\":\"https:\\\/\\\/www.mexicanguitarplayers.com\\\/tienda\\\/sin categor\u00eda\\\/microfono-behringer-usb-mod-bv44\\\/#breadcrumb\",\"itemListElement\":[{\"@type\":\"ListItem\",\"position\":1,\"name\":\"Portada\",\"item\":\"https:\\\/\\\/www.mexicanguitarplayers.com\\\/\"},{\"@type\":\"ListItem\",\"position\":2,\"name\":\"Tienda\",\"item\":\"https:\\\/\\\/www.mexicanguitarplayers.com\\\/tienda\\\/\"},{\"@type\":\"ListItem\",\"position\":3,\"name\":\"MICROFONO BEHRINGER USB MOD. BV44\"}]},{\"@type\":\"WebSite\",\"@id\":\"https:\\\/\\\/www.mexicanguitarplayers.com\\\/#website\",\"url\":\"https:\\\/\\\/www.mexicanguitarplayers.com\\\/\",\"name\":\"Mexican Guitar Players\",\"description\":\"Website\",\"publisher\":{\"@id\":\"https:\\\/\\\/www.mexicanguitarplayers.com\\\/#organization\"},\"potentialAction\":[{\"@type\":\"SearchAction\",\"target\":{\"@type\":\"EntryPoint\",\"urlTemplate\":\"https:\\\/\\\/www.mexicanguitarplayers.com\\\/?s={search_term_string}\"},\"query-input\":{\"@type\":\"PropertyValueSpecification\",\"valueRequired\":true,\"valueName\":\"search_term_string\"}}],\"inLanguage\":\"en-US\"},{\"@type\":\"Organization\",\"@id\":\"https:\\\/\\\/www.mexicanguitarplayers.com\\\/#organization\",\"name\":\"Mexican Guitar Players\",\"url\":\"https:\\\/\\\/www.mexicanguitarplayers.com\\\/\",\"logo\":{\"@type\":\"ImageObject\",\"inLanguage\":\"en-US\",\"@id\":\"https:\\\/\\\/www.mexicanguitarplayers.com\\\/#\\\/schema\\\/logo\\\/image\\\/\",\"url\":\"\",\"contentUrl\":\"\",\"caption\":\"Mexican Guitar Players\"},\"image\":{\"@id\":\"https:\\\/\\\/www.mexicanguitarplayers.com\\\/#\\\/schema\\\/logo\\\/image\\\/\"}}]}<\/script>\n<!-- \/ Yoast SEO plugin. -->","yoast_head_json":{"title":"MICROFONO BEHRINGER USB MOD. BV44 - Mexican Guitar Players","description":"Micr\u00f3fono USB vintage Broadcast tipo 44, ic\u00f3nico de la d\u00e9cada de 1940, ideal para streamers, podcasters, gamers y aplicaciones de estudio, transductor Back Electret Condensador, patr\u00f3n polar: S\u00faper cardioide, respuesta de frecuencia excepcional y resoluci\u00f3n de sonido ultra alta, perfecto para voz e instrumentos ac\u00fasticos, la caracter\u00edstica cardioide proporciona el m\u00e1ximo aislamiento de otras fuentes de sonido, conecta este incre\u00edble micr\u00f3fono USB directamente a tu computadora y convi\u00e9rtela en un sistema de grabaci\u00f3n sin necesidad de ning\u00fan otro hardware, driver ASIO de latencia ultra baja para optimizaci\u00f3n de audio disponible en la p\u00e1gina oficial de Behringer, soporte de escritorio personalizado para ajustar en cualquier \u00e1ngulo con soporte de micr\u00f3fono roscado, circuito integrado de reducci\u00f3n de ruido para una alta relaci\u00f3n se\u00f1al a ruido, construcci\u00f3n ultra resistente con cuerpo de metal fundido a presi\u00f3n, cable USB blindado de alta calidad incluido.","robots":{"index":"index","follow":"follow","max-snippet":"max-snippet:-1","max-image-preview":"max-image-preview:large","max-video-preview":"max-video-preview:-1"},"canonical":"https:\/\/www.mexicanguitarplayers.com\/en\/tienda\/sin categor\u00eda\/microfono-behringer-usb-mod-bv44\/","og_locale":"en_US","og_type":"article","og_title":"MICROFONO BEHRINGER USB MOD. BV44 - Mexican Guitar Players","og_description":"Micr\u00f3fono USB vintage Broadcast tipo 44, ic\u00f3nico de la d\u00e9cada de 1940, ideal para streamers, podcasters, gamers y aplicaciones de estudio, transductor Back Electret Condensador, patr\u00f3n polar: S\u00faper cardioide, respuesta de frecuencia excepcional y resoluci\u00f3n de sonido ultra alta, perfecto para voz e instrumentos ac\u00fasticos, la caracter\u00edstica cardioide proporciona el m\u00e1ximo aislamiento de otras fuentes de sonido, conecta este incre\u00edble micr\u00f3fono USB directamente a tu computadora y convi\u00e9rtela en un sistema de grabaci\u00f3n sin necesidad de ning\u00fan otro hardware, driver ASIO de latencia ultra baja para optimizaci\u00f3n de audio disponible en la p\u00e1gina oficial de Behringer, soporte de escritorio personalizado para ajustar en cualquier \u00e1ngulo con soporte de micr\u00f3fono roscado, circuito integrado de reducci\u00f3n de ruido para una alta relaci\u00f3n se\u00f1al a ruido, construcci\u00f3n ultra resistente con cuerpo de metal fundido a presi\u00f3n, cable USB blindado de alta calidad incluido.","og_url":"https:\/\/www.mexicanguitarplayers.com\/en\/tienda\/sin categor\u00eda\/microfono-behringer-usb-mod-bv44\/","og_site_name":"Mexican Guitar Players","article_modified_time":"2026-05-01T13:27:54+00:00","twitter_card":"summary_large_image","twitter_misc":{"Est. reading time":"2 minutes"},"schema":{"@context":"https:\/\/schema.org","@graph":[{"@type":["WebPage","ItemPage"],"@id":"https:\/\/www.mexicanguitarplayers.com\/tienda\/sin categor\u00eda\/microfono-behringer-usb-mod-bv44\/","url":"https:\/\/www.mexicanguitarplayers.com\/tienda\/sin categor\u00eda\/microfono-behringer-usb-mod-bv44\/","name":"MICROFONO BEHRINGER USB MOD. BV44 - Mexican Guitar Players","isPartOf":{"@id":"https:\/\/www.mexicanguitarplayers.com\/#website"},"primaryImageOfPage":{"@id":"https:\/\/www.mexicanguitarplayers.com\/tienda\/sin categor\u00eda\/microfono-behringer-usb-mod-bv44\/#primaryimage"},"image":{"@id":"https:\/\/www.mexicanguitarplayers.com\/tienda\/sin categor\u00eda\/microfono-behringer-usb-mod-bv44\/#primaryimage"},"thumbnailUrl":"https:\/\/www.mexicanguitarplayers.com\/wp-content\/uploads\/2025\/04\/IABEHBV44.jpg","datePublished":"2025-04-07T05:45:25+00:00","dateModified":"2026-05-01T13:27:54+00:00","description":"Micr\u00f3fono USB vintage Broadcast tipo 44, ic\u00f3nico de la d\u00e9cada de 1940, ideal para streamers, podcasters, gamers y aplicaciones de estudio, transductor Back Electret Condensador, patr\u00f3n polar: S\u00faper cardioide, respuesta de frecuencia excepcional y resoluci\u00f3n de sonido ultra alta, perfecto para voz e instrumentos ac\u00fasticos, la caracter\u00edstica cardioide proporciona el m\u00e1ximo aislamiento de otras fuentes de sonido, conecta este incre\u00edble micr\u00f3fono USB directamente a tu computadora y convi\u00e9rtela en un sistema de grabaci\u00f3n sin necesidad de ning\u00fan otro hardware, driver ASIO de latencia ultra baja para optimizaci\u00f3n de audio disponible en la p\u00e1gina oficial de Behringer, soporte de escritorio personalizado para ajustar en cualquier \u00e1ngulo con soporte de micr\u00f3fono roscado, circuito integrado de reducci\u00f3n de ruido para una alta relaci\u00f3n se\u00f1al a ruido, construcci\u00f3n ultra resistente con cuerpo de metal fundido a presi\u00f3n, cable USB blindado de alta calidad incluido.","breadcrumb":{"@id":"https:\/\/www.mexicanguitarplayers.com\/tienda\/sin categor\u00eda\/microfono-behringer-usb-mod-bv44\/#breadcrumb"},"inLanguage":"en-US","potentialAction":[{"@type":"ReadAction","target":["https:\/\/www.mexicanguitarplayers.com\/tienda\/sin categor\u00eda\/microfono-behringer-usb-mod-bv44\/"]}]},{"@type":"ImageObject","inLanguage":"en-US","@id":"https:\/\/www.mexicanguitarplayers.com\/tienda\/sin categor\u00eda\/microfono-behringer-usb-mod-bv44\/#primaryimage","url":"https:\/\/www.mexicanguitarplayers.com\/wp-content\/uploads\/2025\/04\/IABEHBV44.jpg","contentUrl":"https:\/\/www.mexicanguitarplayers.com\/wp-content\/uploads\/2025\/04\/IABEHBV44.jpg","width":1200,"height":1200},{"@type":"BreadcrumbList","@id":"https:\/\/www.mexicanguitarplayers.com\/tienda\/sin categor\u00eda\/microfono-behringer-usb-mod-bv44\/#breadcrumb","itemListElement":[{"@type":"ListItem","position":1,"name":"Portada","item":"https:\/\/www.mexicanguitarplayers.com\/"},{"@type":"ListItem","position":2,"name":"Tienda","item":"https:\/\/www.mexicanguitarplayers.com\/tienda\/"},{"@type":"ListItem","position":3,"name":"MICROFONO BEHRINGER USB MOD. BV44"}]},{"@type":"WebSite","@id":"https:\/\/www.mexicanguitarplayers.com\/#website","url":"https:\/\/www.mexicanguitarplayers.com\/","name":"Mexican Guitar Players","description":"Website","publisher":{"@id":"https:\/\/www.mexicanguitarplayers.com\/#organization"},"potentialAction":[{"@type":"SearchAction","target":{"@type":"EntryPoint","urlTemplate":"https:\/\/www.mexicanguitarplayers.com\/?s={search_term_string}"},"query-input":{"@type":"PropertyValueSpecification","valueRequired":true,"valueName":"search_term_string"}}],"inLanguage":"en-US"},{"@type":"Organization","@id":"https:\/\/www.mexicanguitarplayers.com\/#organization","name":"Mexican Guitar Players","url":"https:\/\/www.mexicanguitarplayers.com\/","logo":{"@type":"ImageObject","inLanguage":"en-US","@id":"https:\/\/www.mexicanguitarplayers.com\/#\/schema\/logo\/image\/","url":"","contentUrl":"","caption":"Mexican Guitar Players"},"image":{"@id":"https:\/\/www.mexicanguitarplayers.com\/#\/schema\/logo\/image\/"}}]}},"brands":[{"id":171,"name":"BEHRINGER","slug":"behringer"}],"_links":{"self":[{"href":"https:\/\/www.mexicanguitarplayers.com\/en\/wp-json\/wp\/v2\/product\/27075","targetHints":{"allow":["GET"]}}],"collection":[{"href":"https:\/\/www.mexicanguitarplayers.com\/en\/wp-json\/wp\/v2\/product"}],"about":[{"href":"https:\/\/www.mexicanguitarplayers.com\/en\/wp-json\/wp\/v2\/types\/product"}],"replies":[{"embeddable":true,"href":"https:\/\/www.mexicanguitarplayers.com\/en\/wp-json\/wp\/v2\/comments?post=27075"}],"wp:featuredmedia":[{"embeddable":true,"href":"https:\/\/www.mexicanguitarplayers.com\/en\/wp-json\/wp\/v2\/media\/27071"}],"wp:attachment":[{"href":"https:\/\/www.mexicanguitarplayers.com\/en\/wp-json\/wp\/v2\/media?parent=27075"}],"wp:term":[{"taxonomy":"pwb-brand","embeddable":true,"href":"https:\/\/www.mexicanguitarplayers.com\/en\/wp-json\/wp\/v2\/pwb-brand?post=27075"},{"taxonomy":"product_brand","embeddable":true,"href":"https:\/\/www.mexicanguitarplayers.com\/en\/wp-json\/wp\/v2\/product_brand?post=27075"},{"taxonomy":"product_cat","embeddable":true,"href":"https:\/\/www.mexicanguitarplayers.com\/en\/wp-json\/wp\/v2\/product_cat?post=27075"},{"taxonomy":"product_tag","embeddable":true,"href":"https:\/\/www.mexicanguitarplayers.com\/en\/wp-json\/wp\/v2\/product_tag?post=27075"}],"curies":[{"name":"wp","href":"https:\/\/api.w.org\/{rel}","templated":true}]}}