{"id":27083,"date":"2025-04-06T23:46:19","date_gmt":"2025-04-07T05:46:19","guid":{"rendered":"https:\/\/www.mexicanguitarplayers.com\/tienda\/sin categor\u00eda\/driver-beyma-mod-cd-171fe-pk\/"},"modified":"2026-05-01T07:27:53","modified_gmt":"2026-05-01T13:27:53","slug":"driver-beyma-mod-cd-171fe-pk","status":"publish","type":"product","link":"https:\/\/www.mexicanguitarplayers.com\/en\/tienda\/audio\/bafles-y-bocinas\/bocinas-y-componentes\/agudos\/driver-beyma-mod-cd-171fe-pk\/","title":{"rendered":"DRIVER BEYMA MOD. CD-171FE\/PK"},"content":{"rendered":"<div style=\"text-align: justify\">\n<div>\n<h3>Driver de compresi\u00f3n de 1&#8243; (25,4 mm) de alto rendimiento de pr\u00f3xima generaci\u00f3n<\/h3>\n<\/div>\n<div>Este driver de compresi\u00f3n de 1&#8243; (25,4 mm) est\u00e1 dise\u00f1ado para ofrecer un rendimiento excepcional en aplicaciones de audio profesional. Con la innovadora tecnolog\u00eda Deplocex\u00ae (pendiente de patente), mejora la disipaci\u00f3n t\u00e9rmica, reduce las p\u00e9rdidas por compresi\u00f3n de baja potencia y maneja altas potencias sin esfuerzo. Su bobina de voz de 1,75&#8243; (44,4 mm) de aluminio recubierto de cobre con exterior de Kapton garantiza durabilidad y eficiencia, mientras que la c\u00fapula y el rodeo de pol\u00edmero de alta temperatura est\u00e1n optimizados con F.E.M para una respuesta extendida y lineal. El driver tiene una capacidad de 160 W programados por encima de 1,4 kHz y ofrece una sensibilidad de 109 dB (1W \/ 1m). Su circuito magn\u00e9tico cer\u00e1mico optimizado mediante F.E.M., junto con un tapa de cortocircuito de cobre, reduce la distorsi\u00f3n y aumenta la salida, asegurando un rendimiento limpio y claro. Este modelo tiene un rango de frecuencia de 0,8 &#8211; 20 kHz, y se recomienda utilizar un cruce a 1,4 kHz o superior. Con un di\u00e1metro de boca de 25,4 mm y una impedancia nominal de 8 ?, este driver ofrece una calidad de sonido superior en aplicaciones como sistemas de altavoces de alto rendimiento.<\/div>\n<div>\n<h4>Quick look<\/h4>\n<\/div>\n<ul style=\"margin: 0px 0px 0px 25px\">\n<li style=\"list-style-type: circle;margin: 5px\">Di\u00e1metro de la garganta<\/li>\n<li style=\"list-style-type: circle;margin: 5px\">Resistencia DC<\/li>\n<li style=\"list-style-type: circle;margin: 5px\">Di\u00e1metro de la bobina de voz<\/li>\n<li style=\"list-style-type: circle;margin: 5px\">Densidad de flujo<\/li>\n<li style=\"list-style-type: circle;margin: 5px\">Tama\u00f1o total<\/li>\n<li style=\"list-style-type: circle;margin: 5px\">Depth<\/li>\n<li style=\"list-style-type: circle;margin: 5px\">Montaje<\/li>\n<li style=\"list-style-type: circle;margin: 5px\">Peso neto<\/li>\n<\/ul>\n<div>\n<div style=\"font-weight: bold\">Di\u00e1metro de la garganta<\/div>\n<div>\n<p>25,4 mm (1&#8243;)<\/p>\n<\/div>\n<div style=\"font-weight: bold\">Resistencia DC<\/div>\n<div>\n<p>4,1 ?<\/p>\n<\/div>\n<div style=\"font-weight: bold\">Di\u00e1metro de la bobina de voz<\/div>\n<div>\n<p>44,4 mm (1,75&#8243;)<\/p>\n<\/div>\n<div style=\"font-weight: bold\">Densidad de flujo<\/div>\n<div>\n<p>1,6 T<\/p>\n<\/div>\n<div style=\"font-weight: bold\">Tama\u00f1o total<\/div>\n<div>\n<p>120 mm (4,72 in) de di\u00e1metro<\/p>\n<\/div>\n<div style=\"font-weight: bold\">Depth<\/div>\n<div>\n<p>59 mm (2,32 in)<\/p>\n<\/div>\n<div style=\"font-weight: bold\">Montaje<\/div>\n<div>\n<p>Tres orificios roscados M5, distribuidos a 120\u00b0 sobre un c\u00edrculo de 57 mm (2,24 in) de di\u00e1metro<\/p>\n<\/div>\n<div style=\"font-weight: bold\">Peso neto<\/div>\n<div>\n<p>2,3 kg<\/p>\n<\/div>\n<\/div>\n<\/div>","protected":false},"excerpt":{"rendered":"<p>Driver de compresi\u00f3n de 1\u201d ofrece 160 W de potencia programada y sensibilidad de 109 dB. Con tecnolog\u00eda Deplocex, mejora la disipaci\u00f3n t\u00e9rmica y maneja altas potencias con baja compresi\u00f3n. Su bobina de voz de 1,75\u201d con Kapton y c\u00fapula de pol\u00edmero de alta temperatura optimiza la respuesta y reduce resonancias. Con un rango de frecuencia de 0,8 &#8211; 20 kHz y una impedancia de 8 ?, es ideal para aplicaciones de audio profesional.&hellip; <a class=\"kt-excerpt-readmore more-link\" href=\"https:\/\/www.mexicanguitarplayers.com\/en\/tienda\/audio\/bafles-y-bocinas\/bocinas-y-componentes\/agudos\/driver-beyma-mod-cd-171fe-pk\/\">Read more<\/a><\/p>","protected":false},"featured_media":27079,"comment_status":"open","ping_status":"closed","template":"","meta":{"kt_blocks_editor_width":""},"pwb-brand":[477],"product_brand":[],"product_cat":[530,213,221,474],"product_tag":[],"class_list":{"0":"post-27083","1":"product","2":"type-product","3":"status-publish","4":"has-post-thumbnail","6":"pwb-brand-beyma","7":"product_cat-agudos","8":"product_cat-audio","9":"product_cat-bafles-y-bocinas","10":"product_cat-bocinas-y-componentes","11":"product_shipping_class-0-5-kg","13":"first","14":"instock","15":"taxable","16":"shipping-taxable","17":"purchasable","18":"product-type-simple"},"yoast_head":"<!-- This site is optimized with the Yoast SEO plugin v27.6 - https:\/\/yoast.com\/product\/yoast-seo-wordpress\/ -->\n<title>DRIVER BEYMA MOD. CD-171FE\/PK - Mexican Guitar Players<\/title>\n<meta name=\"description\" content=\"Driver de compresi\u00f3n de 1\u201d ofrece 160 W de potencia programada y sensibilidad de 109 dB. Con tecnolog\u00eda Deplocex, mejora la disipaci\u00f3n t\u00e9rmica y maneja altas potencias con baja compresi\u00f3n. Su bobina de voz de 1,75\u201d con Kapton y c\u00fapula de pol\u00edmero de alta temperatura optimiza la respuesta y reduce resonancias. Con un rango de frecuencia de 0,8 - 20 kHz y una impedancia de 8 ?, es ideal para aplicaciones de audio profesional.\" \/>\n<meta name=\"robots\" content=\"index, follow, max-snippet:-1, max-image-preview:large, max-video-preview:-1\" \/>\n<link rel=\"canonical\" href=\"https:\/\/www.mexicanguitarplayers.com\/en\/tienda\/sin%20categor\u00eda\/driver-beyma-mod-cd-171fe-pk\/\" \/>\n<meta property=\"og:locale\" content=\"en_US\" \/>\n<meta property=\"og:type\" content=\"article\" \/>\n<meta property=\"og:title\" content=\"DRIVER BEYMA MOD. CD-171FE\/PK - Mexican Guitar Players\" \/>\n<meta property=\"og:description\" content=\"Driver de compresi\u00f3n de 1\u201d ofrece 160 W de potencia programada y sensibilidad de 109 dB. Con tecnolog\u00eda Deplocex, mejora la disipaci\u00f3n t\u00e9rmica y maneja altas potencias con baja compresi\u00f3n. Su bobina de voz de 1,75\u201d con Kapton y c\u00fapula de pol\u00edmero de alta temperatura optimiza la respuesta y reduce resonancias. Con un rango de frecuencia de 0,8 - 20 kHz y una impedancia de 8 ?, es ideal para aplicaciones de audio profesional.\" \/>\n<meta property=\"og:url\" content=\"https:\/\/www.mexicanguitarplayers.com\/en\/tienda\/sin categor\u00eda\/driver-beyma-mod-cd-171fe-pk\/\" \/>\n<meta property=\"og:site_name\" content=\"Mexican Guitar Players\" \/>\n<meta property=\"article:modified_time\" content=\"2026-05-01T13:27:53+00:00\" \/>\n<meta name=\"twitter:card\" content=\"summary_large_image\" \/>\n<meta name=\"twitter:label1\" content=\"Est. reading time\" \/>\n\t<meta name=\"twitter:data1\" content=\"1 minute\" \/>\n<script type=\"application\/ld+json\" class=\"yoast-schema-graph\">{\"@context\":\"https:\\\/\\\/schema.org\",\"@graph\":[{\"@type\":[\"WebPage\",\"ItemPage\"],\"@id\":\"https:\\\/\\\/www.mexicanguitarplayers.com\\\/tienda\\\/sin categor\u00eda\\\/driver-beyma-mod-cd-171fe-pk\\\/\",\"url\":\"https:\\\/\\\/www.mexicanguitarplayers.com\\\/tienda\\\/sin categor\u00eda\\\/driver-beyma-mod-cd-171fe-pk\\\/\",\"name\":\"DRIVER BEYMA MOD. CD-171FE\\\/PK - Mexican Guitar Players\",\"isPartOf\":{\"@id\":\"https:\\\/\\\/www.mexicanguitarplayers.com\\\/#website\"},\"primaryImageOfPage\":{\"@id\":\"https:\\\/\\\/www.mexicanguitarplayers.com\\\/tienda\\\/sin categor\u00eda\\\/driver-beyma-mod-cd-171fe-pk\\\/#primaryimage\"},\"image\":{\"@id\":\"https:\\\/\\\/www.mexicanguitarplayers.com\\\/tienda\\\/sin categor\u00eda\\\/driver-beyma-mod-cd-171fe-pk\\\/#primaryimage\"},\"thumbnailUrl\":\"https:\\\/\\\/www.mexicanguitarplayers.com\\\/wp-content\\\/uploads\\\/2025\\\/04\\\/IABEYCD171FEPK.png\",\"datePublished\":\"2025-04-07T05:46:19+00:00\",\"dateModified\":\"2026-05-01T13:27:53+00:00\",\"description\":\"Driver de compresi\u00f3n de 1\u201d ofrece 160 W de potencia programada y sensibilidad de 109 dB. Con tecnolog\u00eda Deplocex, mejora la disipaci\u00f3n t\u00e9rmica y maneja altas potencias con baja compresi\u00f3n. Su bobina de voz de 1,75\u201d con Kapton y c\u00fapula de pol\u00edmero de alta temperatura optimiza la respuesta y reduce resonancias. Con un rango de frecuencia de 0,8 - 20 kHz y una impedancia de 8 ?, es ideal para aplicaciones de audio profesional.\",\"breadcrumb\":{\"@id\":\"https:\\\/\\\/www.mexicanguitarplayers.com\\\/tienda\\\/sin categor\u00eda\\\/driver-beyma-mod-cd-171fe-pk\\\/#breadcrumb\"},\"inLanguage\":\"en-US\",\"potentialAction\":[{\"@type\":\"ReadAction\",\"target\":[\"https:\\\/\\\/www.mexicanguitarplayers.com\\\/tienda\\\/sin categor\u00eda\\\/driver-beyma-mod-cd-171fe-pk\\\/\"]}]},{\"@type\":\"ImageObject\",\"inLanguage\":\"en-US\",\"@id\":\"https:\\\/\\\/www.mexicanguitarplayers.com\\\/tienda\\\/sin categor\u00eda\\\/driver-beyma-mod-cd-171fe-pk\\\/#primaryimage\",\"url\":\"https:\\\/\\\/www.mexicanguitarplayers.com\\\/wp-content\\\/uploads\\\/2025\\\/04\\\/IABEYCD171FEPK.png\",\"contentUrl\":\"https:\\\/\\\/www.mexicanguitarplayers.com\\\/wp-content\\\/uploads\\\/2025\\\/04\\\/IABEYCD171FEPK.png\",\"width\":1600,\"height\":800},{\"@type\":\"BreadcrumbList\",\"@id\":\"https:\\\/\\\/www.mexicanguitarplayers.com\\\/tienda\\\/sin categor\u00eda\\\/driver-beyma-mod-cd-171fe-pk\\\/#breadcrumb\",\"itemListElement\":[{\"@type\":\"ListItem\",\"position\":1,\"name\":\"Portada\",\"item\":\"https:\\\/\\\/www.mexicanguitarplayers.com\\\/\"},{\"@type\":\"ListItem\",\"position\":2,\"name\":\"Tienda\",\"item\":\"https:\\\/\\\/www.mexicanguitarplayers.com\\\/tienda\\\/\"},{\"@type\":\"ListItem\",\"position\":3,\"name\":\"DRIVER BEYMA MOD. CD-171FE\\\/PK\"}]},{\"@type\":\"WebSite\",\"@id\":\"https:\\\/\\\/www.mexicanguitarplayers.com\\\/#website\",\"url\":\"https:\\\/\\\/www.mexicanguitarplayers.com\\\/\",\"name\":\"Mexican Guitar Players\",\"description\":\"Website\",\"publisher\":{\"@id\":\"https:\\\/\\\/www.mexicanguitarplayers.com\\\/#organization\"},\"potentialAction\":[{\"@type\":\"SearchAction\",\"target\":{\"@type\":\"EntryPoint\",\"urlTemplate\":\"https:\\\/\\\/www.mexicanguitarplayers.com\\\/?s={search_term_string}\"},\"query-input\":{\"@type\":\"PropertyValueSpecification\",\"valueRequired\":true,\"valueName\":\"search_term_string\"}}],\"inLanguage\":\"en-US\"},{\"@type\":\"Organization\",\"@id\":\"https:\\\/\\\/www.mexicanguitarplayers.com\\\/#organization\",\"name\":\"Mexican Guitar Players\",\"url\":\"https:\\\/\\\/www.mexicanguitarplayers.com\\\/\",\"logo\":{\"@type\":\"ImageObject\",\"inLanguage\":\"en-US\",\"@id\":\"https:\\\/\\\/www.mexicanguitarplayers.com\\\/#\\\/schema\\\/logo\\\/image\\\/\",\"url\":\"\",\"contentUrl\":\"\",\"caption\":\"Mexican Guitar Players\"},\"image\":{\"@id\":\"https:\\\/\\\/www.mexicanguitarplayers.com\\\/#\\\/schema\\\/logo\\\/image\\\/\"}}]}<\/script>\n<!-- \/ Yoast SEO plugin. -->","yoast_head_json":{"title":"DRIVER BEYMA MOD. CD-171FE\/PK - Mexican Guitar Players","description":"Driver de compresi\u00f3n de 1\u201d ofrece 160 W de potencia programada y sensibilidad de 109 dB. Con tecnolog\u00eda Deplocex, mejora la disipaci\u00f3n t\u00e9rmica y maneja altas potencias con baja compresi\u00f3n. Su bobina de voz de 1,75\u201d con Kapton y c\u00fapula de pol\u00edmero de alta temperatura optimiza la respuesta y reduce resonancias. Con un rango de frecuencia de 0,8 - 20 kHz y una impedancia de 8 ?, es ideal para aplicaciones de audio profesional.","robots":{"index":"index","follow":"follow","max-snippet":"max-snippet:-1","max-image-preview":"max-image-preview:large","max-video-preview":"max-video-preview:-1"},"canonical":"https:\/\/www.mexicanguitarplayers.com\/en\/tienda\/sin categor\u00eda\/driver-beyma-mod-cd-171fe-pk\/","og_locale":"en_US","og_type":"article","og_title":"DRIVER BEYMA MOD. CD-171FE\/PK - Mexican Guitar Players","og_description":"Driver de compresi\u00f3n de 1\u201d ofrece 160 W de potencia programada y sensibilidad de 109 dB. Con tecnolog\u00eda Deplocex, mejora la disipaci\u00f3n t\u00e9rmica y maneja altas potencias con baja compresi\u00f3n. Su bobina de voz de 1,75\u201d con Kapton y c\u00fapula de pol\u00edmero de alta temperatura optimiza la respuesta y reduce resonancias. Con un rango de frecuencia de 0,8 - 20 kHz y una impedancia de 8 ?, es ideal para aplicaciones de audio profesional.","og_url":"https:\/\/www.mexicanguitarplayers.com\/en\/tienda\/sin categor\u00eda\/driver-beyma-mod-cd-171fe-pk\/","og_site_name":"Mexican Guitar Players","article_modified_time":"2026-05-01T13:27:53+00:00","twitter_card":"summary_large_image","twitter_misc":{"Est. reading time":"1 minute"},"schema":{"@context":"https:\/\/schema.org","@graph":[{"@type":["WebPage","ItemPage"],"@id":"https:\/\/www.mexicanguitarplayers.com\/tienda\/sin categor\u00eda\/driver-beyma-mod-cd-171fe-pk\/","url":"https:\/\/www.mexicanguitarplayers.com\/tienda\/sin categor\u00eda\/driver-beyma-mod-cd-171fe-pk\/","name":"DRIVER BEYMA MOD. CD-171FE\/PK - Mexican Guitar Players","isPartOf":{"@id":"https:\/\/www.mexicanguitarplayers.com\/#website"},"primaryImageOfPage":{"@id":"https:\/\/www.mexicanguitarplayers.com\/tienda\/sin categor\u00eda\/driver-beyma-mod-cd-171fe-pk\/#primaryimage"},"image":{"@id":"https:\/\/www.mexicanguitarplayers.com\/tienda\/sin categor\u00eda\/driver-beyma-mod-cd-171fe-pk\/#primaryimage"},"thumbnailUrl":"https:\/\/www.mexicanguitarplayers.com\/wp-content\/uploads\/2025\/04\/IABEYCD171FEPK.png","datePublished":"2025-04-07T05:46:19+00:00","dateModified":"2026-05-01T13:27:53+00:00","description":"Driver de compresi\u00f3n de 1\u201d ofrece 160 W de potencia programada y sensibilidad de 109 dB. Con tecnolog\u00eda Deplocex, mejora la disipaci\u00f3n t\u00e9rmica y maneja altas potencias con baja compresi\u00f3n. Su bobina de voz de 1,75\u201d con Kapton y c\u00fapula de pol\u00edmero de alta temperatura optimiza la respuesta y reduce resonancias. Con un rango de frecuencia de 0,8 - 20 kHz y una impedancia de 8 ?, es ideal para aplicaciones de audio profesional.","breadcrumb":{"@id":"https:\/\/www.mexicanguitarplayers.com\/tienda\/sin categor\u00eda\/driver-beyma-mod-cd-171fe-pk\/#breadcrumb"},"inLanguage":"en-US","potentialAction":[{"@type":"ReadAction","target":["https:\/\/www.mexicanguitarplayers.com\/tienda\/sin categor\u00eda\/driver-beyma-mod-cd-171fe-pk\/"]}]},{"@type":"ImageObject","inLanguage":"en-US","@id":"https:\/\/www.mexicanguitarplayers.com\/tienda\/sin categor\u00eda\/driver-beyma-mod-cd-171fe-pk\/#primaryimage","url":"https:\/\/www.mexicanguitarplayers.com\/wp-content\/uploads\/2025\/04\/IABEYCD171FEPK.png","contentUrl":"https:\/\/www.mexicanguitarplayers.com\/wp-content\/uploads\/2025\/04\/IABEYCD171FEPK.png","width":1600,"height":800},{"@type":"BreadcrumbList","@id":"https:\/\/www.mexicanguitarplayers.com\/tienda\/sin categor\u00eda\/driver-beyma-mod-cd-171fe-pk\/#breadcrumb","itemListElement":[{"@type":"ListItem","position":1,"name":"Portada","item":"https:\/\/www.mexicanguitarplayers.com\/"},{"@type":"ListItem","position":2,"name":"Tienda","item":"https:\/\/www.mexicanguitarplayers.com\/tienda\/"},{"@type":"ListItem","position":3,"name":"DRIVER BEYMA MOD. CD-171FE\/PK"}]},{"@type":"WebSite","@id":"https:\/\/www.mexicanguitarplayers.com\/#website","url":"https:\/\/www.mexicanguitarplayers.com\/","name":"Mexican Guitar Players","description":"Website","publisher":{"@id":"https:\/\/www.mexicanguitarplayers.com\/#organization"},"potentialAction":[{"@type":"SearchAction","target":{"@type":"EntryPoint","urlTemplate":"https:\/\/www.mexicanguitarplayers.com\/?s={search_term_string}"},"query-input":{"@type":"PropertyValueSpecification","valueRequired":true,"valueName":"search_term_string"}}],"inLanguage":"en-US"},{"@type":"Organization","@id":"https:\/\/www.mexicanguitarplayers.com\/#organization","name":"Mexican Guitar Players","url":"https:\/\/www.mexicanguitarplayers.com\/","logo":{"@type":"ImageObject","inLanguage":"en-US","@id":"https:\/\/www.mexicanguitarplayers.com\/#\/schema\/logo\/image\/","url":"","contentUrl":"","caption":"Mexican Guitar Players"},"image":{"@id":"https:\/\/www.mexicanguitarplayers.com\/#\/schema\/logo\/image\/"}}]}},"brands":[{"id":477,"name":"BEYMA","slug":"beyma"}],"_links":{"self":[{"href":"https:\/\/www.mexicanguitarplayers.com\/en\/wp-json\/wp\/v2\/product\/27083","targetHints":{"allow":["GET"]}}],"collection":[{"href":"https:\/\/www.mexicanguitarplayers.com\/en\/wp-json\/wp\/v2\/product"}],"about":[{"href":"https:\/\/www.mexicanguitarplayers.com\/en\/wp-json\/wp\/v2\/types\/product"}],"replies":[{"embeddable":true,"href":"https:\/\/www.mexicanguitarplayers.com\/en\/wp-json\/wp\/v2\/comments?post=27083"}],"wp:featuredmedia":[{"embeddable":true,"href":"https:\/\/www.mexicanguitarplayers.com\/en\/wp-json\/wp\/v2\/media\/27079"}],"wp:attachment":[{"href":"https:\/\/www.mexicanguitarplayers.com\/en\/wp-json\/wp\/v2\/media?parent=27083"}],"wp:term":[{"taxonomy":"pwb-brand","embeddable":true,"href":"https:\/\/www.mexicanguitarplayers.com\/en\/wp-json\/wp\/v2\/pwb-brand?post=27083"},{"taxonomy":"product_brand","embeddable":true,"href":"https:\/\/www.mexicanguitarplayers.com\/en\/wp-json\/wp\/v2\/product_brand?post=27083"},{"taxonomy":"product_cat","embeddable":true,"href":"https:\/\/www.mexicanguitarplayers.com\/en\/wp-json\/wp\/v2\/product_cat?post=27083"},{"taxonomy":"product_tag","embeddable":true,"href":"https:\/\/www.mexicanguitarplayers.com\/en\/wp-json\/wp\/v2\/product_tag?post=27083"}],"curies":[{"name":"wp","href":"https:\/\/api.w.org\/{rel}","templated":true}]}}