{"id":27130,"date":"2025-04-06T23:49:22","date_gmt":"2025-04-07T05:49:22","guid":{"rendered":"https:\/\/www.mexicanguitarplayers.com\/tienda\/sin categor\u00eda\/estuche-gator-p-sax-tenor-gl-tenor-sax-a\/"},"modified":"2026-05-01T07:27:51","modified_gmt":"2026-05-01T13:27:51","slug":"estuche-gator-p-sax-tenor-gl-tenor-sax-a","status":"publish","type":"product","link":"https:\/\/www.mexicanguitarplayers.com\/en\/tienda\/accesorios\/estuches-y-fundas\/para-alientos-estuches-y-fundas\/estuche-gator-p-sax-tenor-gl-tenor-sax-a\/","title":{"rendered":"ESTUCHE GATOR P\/SAX TENOR GL-TENOR-SAX-A"},"content":{"rendered":"<div style=\"text-align: justify\">\n<div>\n<h3>La mejor protecci\u00f3n para tu sax.<\/h3>\n<\/div>\n<div>Gator ofrece muchas soluciones para muchos equipos, entre ellos los instrumentos de viento. Este estuche para saxof\u00f3n tenor cuenta con un exterior de resistente nylon y el interior tiene espuma de polietileno EPS para una gran protecci\u00f3n. Cuenta tambi\u00e9n con un  bolsillo exterior para almacenar accesorios y una correa de hombre ajustable por medio de anillos en D, tambi\u00e9n se puede quitar y se adapta a un di\u00e1metro m\u00e1ximo de campana de hasta 7.5\u201d pulgadas.<\/div>\n<div>\n<h4>Quick look<\/h4>\n<\/div>\n<ul style=\"margin: 0px 0px 0px 25px\">\n<li style=\"list-style-type: circle;margin: 5px\">Dimensiones interiores.<\/li>\n<li style=\"list-style-type: circle;margin: 5px\">Dimensiones exteriores.<\/li>\n<li style=\"list-style-type: circle;margin: 5px\">Weight.<\/li>\n<\/ul>\n<div>\n<div style=\"font-weight: bold\">Dimensiones interiores.<\/div>\n<div>\n<p>Longitud interior: 31&#8243; (787.4 mm).<\/p>\n<\/div>\n<div style=\"font-weight: bold\">Dimensiones exteriores.<\/div>\n<div>\n<p>Longitud exterior: 34.45&#8243; (875.03 mm). Ancho exterior: 15.75&#8243; (400.05 mm). Altura exterior: 9.25&#8243; (234.95 mm).<\/p>\n<\/div>\n<div style=\"font-weight: bold\">Weight.<\/div>\n<div>\n<p>2.9 kg.<\/p>\n<\/div>\n<\/div>\n<div>\n<h4>Characteristics<\/h4>\n<\/div>\n<div>\n<ul style=\"margin: 0px 0px 0px 25px\">\n<li style=\"list-style-type: circle;margin: 5px\">Estuche r\u00edgido para saxof\u00f3n tenor.<\/li>\n<li style=\"list-style-type: circle;margin: 5px\">Exterior de nylon.<\/li>\n<li style=\"list-style-type: circle;margin: 5px\">Interior de espuma EPS.<\/li>\n<li style=\"list-style-type: circle;margin: 5px\">Manija de agarre.<\/li>\n<li style=\"list-style-type: circle;margin: 5px\">Bolsillo exterior de almacenamiento.<\/li>\n<li style=\"list-style-type: circle;margin: 5px\">Correa de hombro ajustable.<\/li>\n<li style=\"list-style-type: circle;margin: 5px\">Anillos en D reforzados para colocar y quitar la correa de hombro.<\/li>\n<li style=\"list-style-type: circle;margin: 5px\">Di\u00e1metro m\u00e1ximo de campana de hasta 7.5&#8243; pulgadas.<\/li>\n<\/ul>\n<\/div>\n<\/div>","protected":false},"excerpt":{"rendered":"<p>Estuche ligero para saxof\u00f3n tenor, fabricado con resistente nylon, interior cubierto de espuma EPS densa, boquillas internas, se adapta a un di\u00e1metro m\u00e1ximo de campana de hasta 7.5\u201d pulgadas, c\u00f3moda manija de agarre que se enclava, bolsillo exterior de almacenamiento, correa de hombro ajustable y extra\u00edble con almohadilla de goma antideslizante, anillos en D para colocar y quitar la correa de hombro, asa de transporte lateral reforzada.&hellip; <a class=\"kt-excerpt-readmore more-link\" href=\"https:\/\/www.mexicanguitarplayers.com\/en\/tienda\/accesorios\/estuches-y-fundas\/para-alientos-estuches-y-fundas\/estuche-gator-p-sax-tenor-gl-tenor-sax-a\/\">Read more<\/a><\/p>","protected":false},"featured_media":27113,"comment_status":"open","ping_status":"closed","template":"","meta":{"kt_blocks_editor_width":""},"pwb-brand":[],"product_brand":[],"product_cat":[85,517,607],"product_tag":[],"class_list":{"0":"post-27130","1":"product","2":"type-product","3":"status-publish","4":"has-post-thumbnail","6":"product_cat-accesorios","7":"product_cat-estuches-y-fundas","8":"product_cat-para-alientos-estuches-y-fundas","9":"product_shipping_class-0-5-kg","11":"first","12":"instock","13":"taxable","14":"shipping-taxable","15":"purchasable","16":"product-type-simple"},"yoast_head":"<!-- This site is optimized with the Yoast SEO plugin v27.5 - https:\/\/yoast.com\/product\/yoast-seo-wordpress\/ -->\n<title>ESTUCHE GATOR P\/SAX TENOR GL-TENOR-SAX-A - Mexican Guitar Players<\/title>\n<meta name=\"description\" content=\"Estuche ligero para saxof\u00f3n tenor, fabricado con resistente nylon, interior cubierto de espuma EPS densa, boquillas internas, se adapta a un di\u00e1metro m\u00e1ximo de campana de hasta 7.5\u201d pulgadas, c\u00f3moda manija de agarre que se enclava, bolsillo exterior de almacenamiento, correa de hombro ajustable y extra\u00edble con almohadilla de goma antideslizante, anillos en D para colocar y quitar la correa de hombro, asa de transporte lateral reforzada.\" \/>\n<meta name=\"robots\" content=\"index, follow, max-snippet:-1, max-image-preview:large, max-video-preview:-1\" \/>\n<link rel=\"canonical\" href=\"https:\/\/www.mexicanguitarplayers.com\/en\/tienda\/sin%20categor\u00eda\/estuche-gator-p-sax-tenor-gl-tenor-sax-a\/\" \/>\n<meta property=\"og:locale\" content=\"en_US\" \/>\n<meta property=\"og:type\" content=\"article\" \/>\n<meta property=\"og:title\" content=\"ESTUCHE GATOR P\/SAX TENOR GL-TENOR-SAX-A - Mexican Guitar Players\" \/>\n<meta property=\"og:description\" content=\"Estuche ligero para saxof\u00f3n tenor, fabricado con resistente nylon, interior cubierto de espuma EPS densa, boquillas internas, se adapta a un di\u00e1metro m\u00e1ximo de campana de hasta 7.5\u201d pulgadas, c\u00f3moda manija de agarre que se enclava, bolsillo exterior de almacenamiento, correa de hombro ajustable y extra\u00edble con almohadilla de goma antideslizante, anillos en D para colocar y quitar la correa de hombro, asa de transporte lateral reforzada.\" \/>\n<meta property=\"og:url\" content=\"https:\/\/www.mexicanguitarplayers.com\/en\/tienda\/sin categor\u00eda\/estuche-gator-p-sax-tenor-gl-tenor-sax-a\/\" \/>\n<meta property=\"og:site_name\" content=\"Mexican Guitar Players\" \/>\n<meta property=\"article:modified_time\" content=\"2026-05-01T13:27:51+00:00\" \/>\n<meta name=\"twitter:card\" content=\"summary_large_image\" \/>\n<meta name=\"twitter:label1\" content=\"Est. reading time\" \/>\n\t<meta name=\"twitter:data1\" content=\"1 minute\" \/>\n<script type=\"application\/ld+json\" class=\"yoast-schema-graph\">{\"@context\":\"https:\\\/\\\/schema.org\",\"@graph\":[{\"@type\":[\"WebPage\",\"ItemPage\"],\"@id\":\"https:\\\/\\\/www.mexicanguitarplayers.com\\\/tienda\\\/sin categor\u00eda\\\/estuche-gator-p-sax-tenor-gl-tenor-sax-a\\\/\",\"url\":\"https:\\\/\\\/www.mexicanguitarplayers.com\\\/tienda\\\/sin categor\u00eda\\\/estuche-gator-p-sax-tenor-gl-tenor-sax-a\\\/\",\"name\":\"ESTUCHE GATOR P\\\/SAX TENOR GL-TENOR-SAX-A - Mexican Guitar Players\",\"isPartOf\":{\"@id\":\"https:\\\/\\\/www.mexicanguitarplayers.com\\\/#website\"},\"primaryImageOfPage\":{\"@id\":\"https:\\\/\\\/www.mexicanguitarplayers.com\\\/tienda\\\/sin categor\u00eda\\\/estuche-gator-p-sax-tenor-gl-tenor-sax-a\\\/#primaryimage\"},\"image\":{\"@id\":\"https:\\\/\\\/www.mexicanguitarplayers.com\\\/tienda\\\/sin categor\u00eda\\\/estuche-gator-p-sax-tenor-gl-tenor-sax-a\\\/#primaryimage\"},\"thumbnailUrl\":\"https:\\\/\\\/www.mexicanguitarplayers.com\\\/wp-content\\\/uploads\\\/2025\\\/04\\\/VAGATGLTENORSA.jpg\",\"datePublished\":\"2025-04-07T05:49:22+00:00\",\"dateModified\":\"2026-05-01T13:27:51+00:00\",\"description\":\"Estuche ligero para saxof\u00f3n tenor, fabricado con resistente nylon, interior cubierto de espuma EPS densa, boquillas internas, se adapta a un di\u00e1metro m\u00e1ximo de campana de hasta 7.5\u201d pulgadas, c\u00f3moda manija de agarre que se enclava, bolsillo exterior de almacenamiento, correa de hombro ajustable y extra\u00edble con almohadilla de goma antideslizante, anillos en D para colocar y quitar la correa de hombro, asa de transporte lateral reforzada.\",\"breadcrumb\":{\"@id\":\"https:\\\/\\\/www.mexicanguitarplayers.com\\\/tienda\\\/sin categor\u00eda\\\/estuche-gator-p-sax-tenor-gl-tenor-sax-a\\\/#breadcrumb\"},\"inLanguage\":\"en-US\",\"potentialAction\":[{\"@type\":\"ReadAction\",\"target\":[\"https:\\\/\\\/www.mexicanguitarplayers.com\\\/tienda\\\/sin categor\u00eda\\\/estuche-gator-p-sax-tenor-gl-tenor-sax-a\\\/\"]}]},{\"@type\":\"ImageObject\",\"inLanguage\":\"en-US\",\"@id\":\"https:\\\/\\\/www.mexicanguitarplayers.com\\\/tienda\\\/sin categor\u00eda\\\/estuche-gator-p-sax-tenor-gl-tenor-sax-a\\\/#primaryimage\",\"url\":\"https:\\\/\\\/www.mexicanguitarplayers.com\\\/wp-content\\\/uploads\\\/2025\\\/04\\\/VAGATGLTENORSA.jpg\",\"contentUrl\":\"https:\\\/\\\/www.mexicanguitarplayers.com\\\/wp-content\\\/uploads\\\/2025\\\/04\\\/VAGATGLTENORSA.jpg\",\"width\":1200,\"height\":1200},{\"@type\":\"BreadcrumbList\",\"@id\":\"https:\\\/\\\/www.mexicanguitarplayers.com\\\/tienda\\\/sin categor\u00eda\\\/estuche-gator-p-sax-tenor-gl-tenor-sax-a\\\/#breadcrumb\",\"itemListElement\":[{\"@type\":\"ListItem\",\"position\":1,\"name\":\"Portada\",\"item\":\"https:\\\/\\\/www.mexicanguitarplayers.com\\\/\"},{\"@type\":\"ListItem\",\"position\":2,\"name\":\"Tienda\",\"item\":\"https:\\\/\\\/www.mexicanguitarplayers.com\\\/tienda\\\/\"},{\"@type\":\"ListItem\",\"position\":3,\"name\":\"ESTUCHE GATOR P\\\/SAX TENOR GL-TENOR-SAX-A\"}]},{\"@type\":\"WebSite\",\"@id\":\"https:\\\/\\\/www.mexicanguitarplayers.com\\\/#website\",\"url\":\"https:\\\/\\\/www.mexicanguitarplayers.com\\\/\",\"name\":\"Mexican Guitar Players\",\"description\":\"Website\",\"publisher\":{\"@id\":\"https:\\\/\\\/www.mexicanguitarplayers.com\\\/#organization\"},\"potentialAction\":[{\"@type\":\"SearchAction\",\"target\":{\"@type\":\"EntryPoint\",\"urlTemplate\":\"https:\\\/\\\/www.mexicanguitarplayers.com\\\/?s={search_term_string}\"},\"query-input\":{\"@type\":\"PropertyValueSpecification\",\"valueRequired\":true,\"valueName\":\"search_term_string\"}}],\"inLanguage\":\"en-US\"},{\"@type\":\"Organization\",\"@id\":\"https:\\\/\\\/www.mexicanguitarplayers.com\\\/#organization\",\"name\":\"Mexican Guitar Players\",\"url\":\"https:\\\/\\\/www.mexicanguitarplayers.com\\\/\",\"logo\":{\"@type\":\"ImageObject\",\"inLanguage\":\"en-US\",\"@id\":\"https:\\\/\\\/www.mexicanguitarplayers.com\\\/#\\\/schema\\\/logo\\\/image\\\/\",\"url\":\"\",\"contentUrl\":\"\",\"caption\":\"Mexican Guitar Players\"},\"image\":{\"@id\":\"https:\\\/\\\/www.mexicanguitarplayers.com\\\/#\\\/schema\\\/logo\\\/image\\\/\"}}]}<\/script>\n<!-- \/ Yoast SEO plugin. -->","yoast_head_json":{"title":"ESTUCHE GATOR P\/SAX TENOR GL-TENOR-SAX-A - Mexican Guitar Players","description":"Estuche ligero para saxof\u00f3n tenor, fabricado con resistente nylon, interior cubierto de espuma EPS densa, boquillas internas, se adapta a un di\u00e1metro m\u00e1ximo de campana de hasta 7.5\u201d pulgadas, c\u00f3moda manija de agarre que se enclava, bolsillo exterior de almacenamiento, correa de hombro ajustable y extra\u00edble con almohadilla de goma antideslizante, anillos en D para colocar y quitar la correa de hombro, asa de transporte lateral reforzada.","robots":{"index":"index","follow":"follow","max-snippet":"max-snippet:-1","max-image-preview":"max-image-preview:large","max-video-preview":"max-video-preview:-1"},"canonical":"https:\/\/www.mexicanguitarplayers.com\/en\/tienda\/sin categor\u00eda\/estuche-gator-p-sax-tenor-gl-tenor-sax-a\/","og_locale":"en_US","og_type":"article","og_title":"ESTUCHE GATOR P\/SAX TENOR GL-TENOR-SAX-A - Mexican Guitar Players","og_description":"Estuche ligero para saxof\u00f3n tenor, fabricado con resistente nylon, interior cubierto de espuma EPS densa, boquillas internas, se adapta a un di\u00e1metro m\u00e1ximo de campana de hasta 7.5\u201d pulgadas, c\u00f3moda manija de agarre que se enclava, bolsillo exterior de almacenamiento, correa de hombro ajustable y extra\u00edble con almohadilla de goma antideslizante, anillos en D para colocar y quitar la correa de hombro, asa de transporte lateral reforzada.","og_url":"https:\/\/www.mexicanguitarplayers.com\/en\/tienda\/sin categor\u00eda\/estuche-gator-p-sax-tenor-gl-tenor-sax-a\/","og_site_name":"Mexican Guitar Players","article_modified_time":"2026-05-01T13:27:51+00:00","twitter_card":"summary_large_image","twitter_misc":{"Est. reading time":"1 minute"},"schema":{"@context":"https:\/\/schema.org","@graph":[{"@type":["WebPage","ItemPage"],"@id":"https:\/\/www.mexicanguitarplayers.com\/tienda\/sin categor\u00eda\/estuche-gator-p-sax-tenor-gl-tenor-sax-a\/","url":"https:\/\/www.mexicanguitarplayers.com\/tienda\/sin categor\u00eda\/estuche-gator-p-sax-tenor-gl-tenor-sax-a\/","name":"ESTUCHE GATOR P\/SAX TENOR GL-TENOR-SAX-A - Mexican Guitar Players","isPartOf":{"@id":"https:\/\/www.mexicanguitarplayers.com\/#website"},"primaryImageOfPage":{"@id":"https:\/\/www.mexicanguitarplayers.com\/tienda\/sin categor\u00eda\/estuche-gator-p-sax-tenor-gl-tenor-sax-a\/#primaryimage"},"image":{"@id":"https:\/\/www.mexicanguitarplayers.com\/tienda\/sin categor\u00eda\/estuche-gator-p-sax-tenor-gl-tenor-sax-a\/#primaryimage"},"thumbnailUrl":"https:\/\/www.mexicanguitarplayers.com\/wp-content\/uploads\/2025\/04\/VAGATGLTENORSA.jpg","datePublished":"2025-04-07T05:49:22+00:00","dateModified":"2026-05-01T13:27:51+00:00","description":"Estuche ligero para saxof\u00f3n tenor, fabricado con resistente nylon, interior cubierto de espuma EPS densa, boquillas internas, se adapta a un di\u00e1metro m\u00e1ximo de campana de hasta 7.5\u201d pulgadas, c\u00f3moda manija de agarre que se enclava, bolsillo exterior de almacenamiento, correa de hombro ajustable y extra\u00edble con almohadilla de goma antideslizante, anillos en D para colocar y quitar la correa de hombro, asa de transporte lateral reforzada.","breadcrumb":{"@id":"https:\/\/www.mexicanguitarplayers.com\/tienda\/sin categor\u00eda\/estuche-gator-p-sax-tenor-gl-tenor-sax-a\/#breadcrumb"},"inLanguage":"en-US","potentialAction":[{"@type":"ReadAction","target":["https:\/\/www.mexicanguitarplayers.com\/tienda\/sin categor\u00eda\/estuche-gator-p-sax-tenor-gl-tenor-sax-a\/"]}]},{"@type":"ImageObject","inLanguage":"en-US","@id":"https:\/\/www.mexicanguitarplayers.com\/tienda\/sin categor\u00eda\/estuche-gator-p-sax-tenor-gl-tenor-sax-a\/#primaryimage","url":"https:\/\/www.mexicanguitarplayers.com\/wp-content\/uploads\/2025\/04\/VAGATGLTENORSA.jpg","contentUrl":"https:\/\/www.mexicanguitarplayers.com\/wp-content\/uploads\/2025\/04\/VAGATGLTENORSA.jpg","width":1200,"height":1200},{"@type":"BreadcrumbList","@id":"https:\/\/www.mexicanguitarplayers.com\/tienda\/sin categor\u00eda\/estuche-gator-p-sax-tenor-gl-tenor-sax-a\/#breadcrumb","itemListElement":[{"@type":"ListItem","position":1,"name":"Portada","item":"https:\/\/www.mexicanguitarplayers.com\/"},{"@type":"ListItem","position":2,"name":"Tienda","item":"https:\/\/www.mexicanguitarplayers.com\/tienda\/"},{"@type":"ListItem","position":3,"name":"ESTUCHE GATOR P\/SAX TENOR GL-TENOR-SAX-A"}]},{"@type":"WebSite","@id":"https:\/\/www.mexicanguitarplayers.com\/#website","url":"https:\/\/www.mexicanguitarplayers.com\/","name":"Mexican Guitar Players","description":"Website","publisher":{"@id":"https:\/\/www.mexicanguitarplayers.com\/#organization"},"potentialAction":[{"@type":"SearchAction","target":{"@type":"EntryPoint","urlTemplate":"https:\/\/www.mexicanguitarplayers.com\/?s={search_term_string}"},"query-input":{"@type":"PropertyValueSpecification","valueRequired":true,"valueName":"search_term_string"}}],"inLanguage":"en-US"},{"@type":"Organization","@id":"https:\/\/www.mexicanguitarplayers.com\/#organization","name":"Mexican Guitar Players","url":"https:\/\/www.mexicanguitarplayers.com\/","logo":{"@type":"ImageObject","inLanguage":"en-US","@id":"https:\/\/www.mexicanguitarplayers.com\/#\/schema\/logo\/image\/","url":"","contentUrl":"","caption":"Mexican Guitar Players"},"image":{"@id":"https:\/\/www.mexicanguitarplayers.com\/#\/schema\/logo\/image\/"}}]}},"brands":[],"_links":{"self":[{"href":"https:\/\/www.mexicanguitarplayers.com\/en\/wp-json\/wp\/v2\/product\/27130","targetHints":{"allow":["GET"]}}],"collection":[{"href":"https:\/\/www.mexicanguitarplayers.com\/en\/wp-json\/wp\/v2\/product"}],"about":[{"href":"https:\/\/www.mexicanguitarplayers.com\/en\/wp-json\/wp\/v2\/types\/product"}],"replies":[{"embeddable":true,"href":"https:\/\/www.mexicanguitarplayers.com\/en\/wp-json\/wp\/v2\/comments?post=27130"}],"wp:featuredmedia":[{"embeddable":true,"href":"https:\/\/www.mexicanguitarplayers.com\/en\/wp-json\/wp\/v2\/media\/27113"}],"wp:attachment":[{"href":"https:\/\/www.mexicanguitarplayers.com\/en\/wp-json\/wp\/v2\/media?parent=27130"}],"wp:term":[{"taxonomy":"pwb-brand","embeddable":true,"href":"https:\/\/www.mexicanguitarplayers.com\/en\/wp-json\/wp\/v2\/pwb-brand?post=27130"},{"taxonomy":"product_brand","embeddable":true,"href":"https:\/\/www.mexicanguitarplayers.com\/en\/wp-json\/wp\/v2\/product_brand?post=27130"},{"taxonomy":"product_cat","embeddable":true,"href":"https:\/\/www.mexicanguitarplayers.com\/en\/wp-json\/wp\/v2\/product_cat?post=27130"},{"taxonomy":"product_tag","embeddable":true,"href":"https:\/\/www.mexicanguitarplayers.com\/en\/wp-json\/wp\/v2\/product_tag?post=27130"}],"curies":[{"name":"wp","href":"https:\/\/api.w.org\/{rel}","templated":true}]}}