{"id":27137,"date":"2025-04-06T23:49:50","date_gmt":"2025-04-07T05:49:50","guid":{"rendered":"https:\/\/www.mexicanguitarplayers.com\/tienda\/sin categor\u00eda\/soporte-hercules-p-teclado-ks-410b\/"},"modified":"2026-01-26T19:16:02","modified_gmt":"2026-01-27T01:16:02","slug":"soporte-hercules-p-teclado-ks-410b","status":"publish","type":"product","link":"https:\/\/www.mexicanguitarplayers.com\/en\/tienda\/accesorios\/stands\/para-instrumento-stands\/soporte-hercules-p-teclado-ks-410b\/","title":{"rendered":"SOPORTE HERCULES P\/TECLADO  KS-410B"},"content":{"rendered":"<div style=\"text-align: justify\">\n<div>\n<h3>Durabilidad, dise\u00f1o y estabilidad para tu teclado.<\/h3>\n<\/div>\n<div>El soporte de teclado KS410B de Hercules cuenta con una bandeja EX-LOK para un segundo teclado. Cuenta con una inclinaci\u00f3n de 70\u00b0-90\u00b0. Incluye un sistema AutoLock que bloquea autom\u00e1ticamente el soporte a la altura deseada y pines de bloqueo para montajes r\u00e1pidos y seguros y patas de goma ajustables para un mejor posicionamiento y equilibrio. Grandes figuras de la m\u00fasica, como Sammy Hagar, Dave Matthews Band, Megadeth y Ted Nugent entre otros, prefieren Hercules sobre otras marcas.<\/div>\n<div>\n<h4>Quick look<\/h4>\n<\/div>\n<ul style=\"margin: 0px 0px 0px 25px\">\n<li style=\"list-style-type: circle;margin: 5px\">AutoLock.<\/li>\n<li style=\"list-style-type: circle;margin: 5px\">Pins de bloqueo.<\/li>\n<li style=\"list-style-type: circle;margin: 5px\">Patas de goma.<\/li>\n<li style=\"list-style-type: circle;margin: 5px\">Bandeja EX-LOK.<\/li>\n<li style=\"list-style-type: circle;margin: 5px\">Capacidad de carga.<\/li>\n<li style=\"list-style-type: circle;margin: 5px\">Altura.<\/li>\n<li style=\"list-style-type: circle;margin: 5px\">Altura de la bandeja.<\/li>\n<li style=\"list-style-type: circle;margin: 5px\">Weight.<\/li>\n<li style=\"list-style-type: circle;margin: 5px\">Rango de apertura.<\/li>\n<\/ul>\n<div>\n<div style=\"font-weight: bold\">AutoLock.<\/div>\n<div>\n<p>Sistema que bloquea autom\u00e1ticamente el soporte a la altura deseada.<\/p>\n<\/div>\n<div style=\"font-weight: bold\">Pins de bloqueo.<\/div>\n<div>\n<p>Para montajes r\u00e1pidos y seguros<\/p>\n<\/div>\n<div style=\"font-weight: bold\">Patas de goma.<\/div>\n<div>\n<p> Ajustables para un mejor posicionamiento y equilibrio.<\/p>\n<\/div>\n<div style=\"font-weight: bold\">Bandeja EX-LOK.<\/div>\n<div>\n<p>Para un segundo teclado. Con inclinaci\u00f3n de 70\u00b0-90\u00b0.<\/p>\n<\/div>\n<div style=\"font-weight: bold\">Capacidad de carga.<\/div>\n<div>\n<p>130 Kg.<\/p>\n<\/div>\n<div style=\"font-weight: bold\">Altura.<\/div>\n<div>\n<p>605 &#8211; 930 mm.<\/p>\n<\/div>\n<div style=\"font-weight: bold\">Altura de la bandeja.<\/div>\n<div>\n<p>165 &#8211; 930 mm. <\/p>\n<\/div>\n<div style=\"font-weight: bold\">Weight.<\/div>\n<div>\n<p>10.8 Kg.<\/p>\n<\/div>\n<div style=\"font-weight: bold\">Rango de apertura.<\/div>\n<div>\n<p>510 &#8211; 850 mm.<\/p>\n<\/div>\n<\/div>\n<\/div>","protected":false},"excerpt":{"rendered":"<p>Soporte para teclado, tipo Z, para 2 teclados, bandeja EX-LOK, sistema AutoLock, pines de bloqueo, patas de goma ajustables, altura: 605 &#8211; 930 mm, altura de la bandeja: 165 &#8211; 930 mm, ancho: 510 &#8211; 850 mm, peso: 10.8 kg, capacidad de carga, tier 1: 130 kg, capacidad de carga, Tier 2: 45 kg.&hellip; <a class=\"kt-excerpt-readmore more-link\" href=\"https:\/\/www.mexicanguitarplayers.com\/en\/tienda\/accesorios\/stands\/para-instrumento-stands\/soporte-hercules-p-teclado-ks-410b\/\">Read more<\/a><\/p>","protected":false},"featured_media":27136,"comment_status":"open","ping_status":"closed","template":"","meta":{"kt_blocks_editor_width":""},"pwb-brand":[587],"product_brand":[],"product_cat":[85,510,416],"product_tag":[],"class_list":{"0":"post-27137","1":"product","2":"type-product","3":"status-publish","4":"has-post-thumbnail","6":"pwb-brand-hercules","7":"product_cat-accesorios","8":"product_cat-para-instrumento-stands","9":"product_cat-stands","10":"product_shipping_class-10-15-kg","12":"first","13":"instock","14":"taxable","15":"shipping-taxable","16":"purchasable","17":"product-type-simple"},"yoast_head":"<!-- This site is optimized with the Yoast SEO plugin v27.3 - https:\/\/yoast.com\/product\/yoast-seo-wordpress\/ -->\n<title>SOPORTE HERCULES P\/TECLADO KS-410B - Mexican Guitar Players<\/title>\n<meta name=\"description\" content=\"Soporte para teclado, tipo Z, para 2 teclados, bandeja EX-LOK, sistema AutoLock, pines de bloqueo, patas de goma ajustables, altura: 605 - 930 mm, altura de la bandeja: 165 - 930 mm, ancho: 510 - 850 mm, peso: 10.8 kg, capacidad de carga, tier 1: 130 kg, capacidad de carga, Tier 2: 45 kg.\" \/>\n<meta name=\"robots\" content=\"index, follow, max-snippet:-1, max-image-preview:large, max-video-preview:-1\" \/>\n<link rel=\"canonical\" href=\"https:\/\/www.mexicanguitarplayers.com\/en\/tienda\/sin%20categor\u00eda\/soporte-hercules-p-teclado-ks-410b\/\" \/>\n<meta property=\"og:locale\" content=\"en_US\" \/>\n<meta property=\"og:type\" content=\"article\" \/>\n<meta property=\"og:title\" content=\"SOPORTE HERCULES P\/TECLADO KS-410B - Mexican Guitar Players\" \/>\n<meta property=\"og:description\" content=\"Soporte para teclado, tipo Z, para 2 teclados, bandeja EX-LOK, sistema AutoLock, pines de bloqueo, patas de goma ajustables, altura: 605 - 930 mm, altura de la bandeja: 165 - 930 mm, ancho: 510 - 850 mm, peso: 10.8 kg, capacidad de carga, tier 1: 130 kg, capacidad de carga, Tier 2: 45 kg.\" \/>\n<meta property=\"og:url\" content=\"https:\/\/www.mexicanguitarplayers.com\/en\/tienda\/sin categor\u00eda\/soporte-hercules-p-teclado-ks-410b\/\" \/>\n<meta property=\"og:site_name\" content=\"Mexican Guitar Players\" \/>\n<meta property=\"article:modified_time\" content=\"2026-01-27T01:16:02+00:00\" \/>\n<meta name=\"twitter:card\" content=\"summary_large_image\" \/>\n<meta name=\"twitter:label1\" content=\"Est. reading time\" \/>\n\t<meta name=\"twitter:data1\" content=\"1 minute\" \/>\n<script type=\"application\/ld+json\" class=\"yoast-schema-graph\">{\"@context\":\"https:\\\/\\\/schema.org\",\"@graph\":[{\"@type\":[\"WebPage\",\"ItemPage\"],\"@id\":\"https:\\\/\\\/www.mexicanguitarplayers.com\\\/tienda\\\/sin categor\u00eda\\\/soporte-hercules-p-teclado-ks-410b\\\/\",\"url\":\"https:\\\/\\\/www.mexicanguitarplayers.com\\\/tienda\\\/sin categor\u00eda\\\/soporte-hercules-p-teclado-ks-410b\\\/\",\"name\":\"SOPORTE HERCULES P\\\/TECLADO KS-410B - Mexican Guitar Players\",\"isPartOf\":{\"@id\":\"https:\\\/\\\/www.mexicanguitarplayers.com\\\/#website\"},\"primaryImageOfPage\":{\"@id\":\"https:\\\/\\\/www.mexicanguitarplayers.com\\\/tienda\\\/sin categor\u00eda\\\/soporte-hercules-p-teclado-ks-410b\\\/#primaryimage\"},\"image\":{\"@id\":\"https:\\\/\\\/www.mexicanguitarplayers.com\\\/tienda\\\/sin categor\u00eda\\\/soporte-hercules-p-teclado-ks-410b\\\/#primaryimage\"},\"thumbnailUrl\":\"https:\\\/\\\/www.mexicanguitarplayers.com\\\/wp-content\\\/uploads\\\/2025\\\/04\\\/VAHERKS410B.jpg\",\"datePublished\":\"2025-04-07T05:49:50+00:00\",\"dateModified\":\"2026-01-27T01:16:02+00:00\",\"description\":\"Soporte para teclado, tipo Z, para 2 teclados, bandeja EX-LOK, sistema AutoLock, pines de bloqueo, patas de goma ajustables, altura: 605 - 930 mm, altura de la bandeja: 165 - 930 mm, ancho: 510 - 850 mm, peso: 10.8 kg, capacidad de carga, tier 1: 130 kg, capacidad de carga, Tier 2: 45 kg.\",\"breadcrumb\":{\"@id\":\"https:\\\/\\\/www.mexicanguitarplayers.com\\\/tienda\\\/sin categor\u00eda\\\/soporte-hercules-p-teclado-ks-410b\\\/#breadcrumb\"},\"inLanguage\":\"en-US\",\"potentialAction\":[{\"@type\":\"ReadAction\",\"target\":[\"https:\\\/\\\/www.mexicanguitarplayers.com\\\/tienda\\\/sin categor\u00eda\\\/soporte-hercules-p-teclado-ks-410b\\\/\"]}]},{\"@type\":\"ImageObject\",\"inLanguage\":\"en-US\",\"@id\":\"https:\\\/\\\/www.mexicanguitarplayers.com\\\/tienda\\\/sin categor\u00eda\\\/soporte-hercules-p-teclado-ks-410b\\\/#primaryimage\",\"url\":\"https:\\\/\\\/www.mexicanguitarplayers.com\\\/wp-content\\\/uploads\\\/2025\\\/04\\\/VAHERKS410B.jpg\",\"contentUrl\":\"https:\\\/\\\/www.mexicanguitarplayers.com\\\/wp-content\\\/uploads\\\/2025\\\/04\\\/VAHERKS410B.jpg\",\"width\":1200,\"height\":1200},{\"@type\":\"BreadcrumbList\",\"@id\":\"https:\\\/\\\/www.mexicanguitarplayers.com\\\/tienda\\\/sin categor\u00eda\\\/soporte-hercules-p-teclado-ks-410b\\\/#breadcrumb\",\"itemListElement\":[{\"@type\":\"ListItem\",\"position\":1,\"name\":\"Portada\",\"item\":\"https:\\\/\\\/www.mexicanguitarplayers.com\\\/\"},{\"@type\":\"ListItem\",\"position\":2,\"name\":\"Tienda\",\"item\":\"https:\\\/\\\/www.mexicanguitarplayers.com\\\/tienda\\\/\"},{\"@type\":\"ListItem\",\"position\":3,\"name\":\"SOPORTE HERCULES P\\\/TECLADO KS-410B\"}]},{\"@type\":\"WebSite\",\"@id\":\"https:\\\/\\\/www.mexicanguitarplayers.com\\\/#website\",\"url\":\"https:\\\/\\\/www.mexicanguitarplayers.com\\\/\",\"name\":\"Mexican Guitar Players\",\"description\":\"Website\",\"publisher\":{\"@id\":\"https:\\\/\\\/www.mexicanguitarplayers.com\\\/#organization\"},\"potentialAction\":[{\"@type\":\"SearchAction\",\"target\":{\"@type\":\"EntryPoint\",\"urlTemplate\":\"https:\\\/\\\/www.mexicanguitarplayers.com\\\/?s={search_term_string}\"},\"query-input\":{\"@type\":\"PropertyValueSpecification\",\"valueRequired\":true,\"valueName\":\"search_term_string\"}}],\"inLanguage\":\"en-US\"},{\"@type\":\"Organization\",\"@id\":\"https:\\\/\\\/www.mexicanguitarplayers.com\\\/#organization\",\"name\":\"Mexican Guitar Players\",\"url\":\"https:\\\/\\\/www.mexicanguitarplayers.com\\\/\",\"logo\":{\"@type\":\"ImageObject\",\"inLanguage\":\"en-US\",\"@id\":\"https:\\\/\\\/www.mexicanguitarplayers.com\\\/#\\\/schema\\\/logo\\\/image\\\/\",\"url\":\"\",\"contentUrl\":\"\",\"caption\":\"Mexican Guitar Players\"},\"image\":{\"@id\":\"https:\\\/\\\/www.mexicanguitarplayers.com\\\/#\\\/schema\\\/logo\\\/image\\\/\"}}]}<\/script>\n<!-- \/ Yoast SEO plugin. -->","yoast_head_json":{"title":"SOPORTE HERCULES P\/TECLADO KS-410B - Mexican Guitar Players","description":"Soporte para teclado, tipo Z, para 2 teclados, bandeja EX-LOK, sistema AutoLock, pines de bloqueo, patas de goma ajustables, altura: 605 - 930 mm, altura de la bandeja: 165 - 930 mm, ancho: 510 - 850 mm, peso: 10.8 kg, capacidad de carga, tier 1: 130 kg, capacidad de carga, Tier 2: 45 kg.","robots":{"index":"index","follow":"follow","max-snippet":"max-snippet:-1","max-image-preview":"max-image-preview:large","max-video-preview":"max-video-preview:-1"},"canonical":"https:\/\/www.mexicanguitarplayers.com\/en\/tienda\/sin categor\u00eda\/soporte-hercules-p-teclado-ks-410b\/","og_locale":"en_US","og_type":"article","og_title":"SOPORTE HERCULES P\/TECLADO KS-410B - Mexican Guitar Players","og_description":"Soporte para teclado, tipo Z, para 2 teclados, bandeja EX-LOK, sistema AutoLock, pines de bloqueo, patas de goma ajustables, altura: 605 - 930 mm, altura de la bandeja: 165 - 930 mm, ancho: 510 - 850 mm, peso: 10.8 kg, capacidad de carga, tier 1: 130 kg, capacidad de carga, Tier 2: 45 kg.","og_url":"https:\/\/www.mexicanguitarplayers.com\/en\/tienda\/sin categor\u00eda\/soporte-hercules-p-teclado-ks-410b\/","og_site_name":"Mexican Guitar Players","article_modified_time":"2026-01-27T01:16:02+00:00","twitter_card":"summary_large_image","twitter_misc":{"Est. reading time":"1 minute"},"schema":{"@context":"https:\/\/schema.org","@graph":[{"@type":["WebPage","ItemPage"],"@id":"https:\/\/www.mexicanguitarplayers.com\/tienda\/sin categor\u00eda\/soporte-hercules-p-teclado-ks-410b\/","url":"https:\/\/www.mexicanguitarplayers.com\/tienda\/sin categor\u00eda\/soporte-hercules-p-teclado-ks-410b\/","name":"SOPORTE HERCULES P\/TECLADO KS-410B - Mexican Guitar Players","isPartOf":{"@id":"https:\/\/www.mexicanguitarplayers.com\/#website"},"primaryImageOfPage":{"@id":"https:\/\/www.mexicanguitarplayers.com\/tienda\/sin categor\u00eda\/soporte-hercules-p-teclado-ks-410b\/#primaryimage"},"image":{"@id":"https:\/\/www.mexicanguitarplayers.com\/tienda\/sin categor\u00eda\/soporte-hercules-p-teclado-ks-410b\/#primaryimage"},"thumbnailUrl":"https:\/\/www.mexicanguitarplayers.com\/wp-content\/uploads\/2025\/04\/VAHERKS410B.jpg","datePublished":"2025-04-07T05:49:50+00:00","dateModified":"2026-01-27T01:16:02+00:00","description":"Soporte para teclado, tipo Z, para 2 teclados, bandeja EX-LOK, sistema AutoLock, pines de bloqueo, patas de goma ajustables, altura: 605 - 930 mm, altura de la bandeja: 165 - 930 mm, ancho: 510 - 850 mm, peso: 10.8 kg, capacidad de carga, tier 1: 130 kg, capacidad de carga, Tier 2: 45 kg.","breadcrumb":{"@id":"https:\/\/www.mexicanguitarplayers.com\/tienda\/sin categor\u00eda\/soporte-hercules-p-teclado-ks-410b\/#breadcrumb"},"inLanguage":"en-US","potentialAction":[{"@type":"ReadAction","target":["https:\/\/www.mexicanguitarplayers.com\/tienda\/sin categor\u00eda\/soporte-hercules-p-teclado-ks-410b\/"]}]},{"@type":"ImageObject","inLanguage":"en-US","@id":"https:\/\/www.mexicanguitarplayers.com\/tienda\/sin categor\u00eda\/soporte-hercules-p-teclado-ks-410b\/#primaryimage","url":"https:\/\/www.mexicanguitarplayers.com\/wp-content\/uploads\/2025\/04\/VAHERKS410B.jpg","contentUrl":"https:\/\/www.mexicanguitarplayers.com\/wp-content\/uploads\/2025\/04\/VAHERKS410B.jpg","width":1200,"height":1200},{"@type":"BreadcrumbList","@id":"https:\/\/www.mexicanguitarplayers.com\/tienda\/sin categor\u00eda\/soporte-hercules-p-teclado-ks-410b\/#breadcrumb","itemListElement":[{"@type":"ListItem","position":1,"name":"Portada","item":"https:\/\/www.mexicanguitarplayers.com\/"},{"@type":"ListItem","position":2,"name":"Tienda","item":"https:\/\/www.mexicanguitarplayers.com\/tienda\/"},{"@type":"ListItem","position":3,"name":"SOPORTE HERCULES P\/TECLADO KS-410B"}]},{"@type":"WebSite","@id":"https:\/\/www.mexicanguitarplayers.com\/#website","url":"https:\/\/www.mexicanguitarplayers.com\/","name":"Mexican Guitar Players","description":"Website","publisher":{"@id":"https:\/\/www.mexicanguitarplayers.com\/#organization"},"potentialAction":[{"@type":"SearchAction","target":{"@type":"EntryPoint","urlTemplate":"https:\/\/www.mexicanguitarplayers.com\/?s={search_term_string}"},"query-input":{"@type":"PropertyValueSpecification","valueRequired":true,"valueName":"search_term_string"}}],"inLanguage":"en-US"},{"@type":"Organization","@id":"https:\/\/www.mexicanguitarplayers.com\/#organization","name":"Mexican Guitar Players","url":"https:\/\/www.mexicanguitarplayers.com\/","logo":{"@type":"ImageObject","inLanguage":"en-US","@id":"https:\/\/www.mexicanguitarplayers.com\/#\/schema\/logo\/image\/","url":"","contentUrl":"","caption":"Mexican Guitar Players"},"image":{"@id":"https:\/\/www.mexicanguitarplayers.com\/#\/schema\/logo\/image\/"}}]}},"brands":[{"id":587,"name":"HERCULES","slug":"hercules"}],"_links":{"self":[{"href":"https:\/\/www.mexicanguitarplayers.com\/en\/wp-json\/wp\/v2\/product\/27137","targetHints":{"allow":["GET"]}}],"collection":[{"href":"https:\/\/www.mexicanguitarplayers.com\/en\/wp-json\/wp\/v2\/product"}],"about":[{"href":"https:\/\/www.mexicanguitarplayers.com\/en\/wp-json\/wp\/v2\/types\/product"}],"replies":[{"embeddable":true,"href":"https:\/\/www.mexicanguitarplayers.com\/en\/wp-json\/wp\/v2\/comments?post=27137"}],"wp:featuredmedia":[{"embeddable":true,"href":"https:\/\/www.mexicanguitarplayers.com\/en\/wp-json\/wp\/v2\/media\/27136"}],"wp:attachment":[{"href":"https:\/\/www.mexicanguitarplayers.com\/en\/wp-json\/wp\/v2\/media?parent=27137"}],"wp:term":[{"taxonomy":"pwb-brand","embeddable":true,"href":"https:\/\/www.mexicanguitarplayers.com\/en\/wp-json\/wp\/v2\/pwb-brand?post=27137"},{"taxonomy":"product_brand","embeddable":true,"href":"https:\/\/www.mexicanguitarplayers.com\/en\/wp-json\/wp\/v2\/product_brand?post=27137"},{"taxonomy":"product_cat","embeddable":true,"href":"https:\/\/www.mexicanguitarplayers.com\/en\/wp-json\/wp\/v2\/product_cat?post=27137"},{"taxonomy":"product_tag","embeddable":true,"href":"https:\/\/www.mexicanguitarplayers.com\/en\/wp-json\/wp\/v2\/product_tag?post=27137"}],"curies":[{"name":"wp","href":"https:\/\/api.w.org\/{rel}","templated":true}]}}