{"id":27154,"date":"2025-04-06T23:51:00","date_gmt":"2025-04-07T05:51:00","guid":{"rendered":"https:\/\/www.mexicanguitarplayers.com\/tienda\/sin categor\u00eda\/cable-dimarzio-p-instrumento-mod-ep1710\/"},"modified":"2026-05-01T07:27:50","modified_gmt":"2026-05-01T13:27:50","slug":"cable-dimarzio-p-instrumento-mod-ep1710","status":"publish","type":"product","link":"https:\/\/www.mexicanguitarplayers.com\/en\/tienda\/audio\/cables\/cables-armados\/cables-para-instrumento\/cable-dimarzio-p-instrumento-mod-ep1710\/","title":{"rendered":"CABLE DIMARZIO P\/INSTRUMENTO MOD. EP1710"},"content":{"rendered":"<div style=\"text-align: justify\">\n<div>\n<h3>El gran sonido hecho simple.<\/h3>\n<\/div>\n<div>Los cables de guitarra e instrumento de DiMarzio son insuperables para conectar guitarras, bajos y teclados a amplificadores. Los cables de guitarra b\u00e1sicos de DiMarzio usan las mismas especificaciones y los extremos Switchcraft que nuestro famoso cable DiMarzio para instrumento, sin sobrecubierta y a un precio m\u00e1s bajo. Excepcionalmente n\u00edtidos, claros, silenciosos y duraderos, superan a cables mucho m\u00e1s caros. Se les ha llamado &#8220;el nuevo est\u00e1ndar de la industria&#8221;. El cable de cobre de baja capacitancia dise\u00f1ado a medida, asegura un nivel de bajo ruido y garantiza un sonido consistente y mejor respuesta de alta frecuencia. Los cables de instrumento de DiMarzio vienen en longitudes de 10 y 18 pies (3 y 5.4 metros) y en opciones de extremos rectos y angulados.<\/div>\n<div>\n<h4>Quick look<\/h4>\n<\/div>\n<ul style=\"margin: 0px 0px 0px 25px\">\n<li style=\"list-style-type: circle;margin: 5px\">Calibre.<\/li>\n<li style=\"list-style-type: circle;margin: 5px\">Di\u00e1metro.<\/li>\n<li style=\"list-style-type: circle;margin: 5px\">Aislamiento.<\/li>\n<li style=\"list-style-type: circle;margin: 5px\">Capacitancia.<\/li>\n<li style=\"list-style-type: circle;margin: 5px\">Blindaje + Material.<\/li>\n<li style=\"list-style-type: circle;margin: 5px\">Cubierta + Material.<\/li>\n<li style=\"list-style-type: circle;margin: 5px\">Resistencia.<\/li>\n<li style=\"list-style-type: circle;margin: 5px\">Inductancia.<\/li>\n<li style=\"list-style-type: circle;margin: 5px\">M\u00e9todo de terminaci\u00f3n.<\/li>\n<\/ul>\n<div>\n<div style=\"font-weight: bold\">Calibre.<\/div>\n<div>\n<p>AWG 20 (0.519 mm2).<\/p>\n<\/div>\n<div style=\"font-weight: bold\">Di\u00e1metro.<\/div>\n<div>\n<p>0.237\u201d in. (6.02 mm).<\/p>\n<\/div>\n<div style=\"font-weight: bold\">Aislamiento.<\/div>\n<div>\n<p>Interior de polietileno con exterior de PVC.<\/p>\n<\/div>\n<div style=\"font-weight: bold\">Capacitancia.<\/div>\n<div>\n<p>33.27 pF\/ft (109pF\/M).<\/p>\n<\/div>\n<div style=\"font-weight: bold\">Blindaje + Material.<\/div>\n<div>\n<p>Cobre trenzado + PVC conductor PVC 98%.<\/p>\n<\/div>\n<div style=\"font-weight: bold\">Cubierta + Material.<\/div>\n<div>\n<p>PVC y nylon tejido.<\/p>\n<\/div>\n<div style=\"font-weight: bold\">Resistencia.<\/div>\n<div>\n<p>8.8 ohm \/ 1,000 pies (29 ohms\/km).<\/p>\n<\/div>\n<div style=\"font-weight: bold\">Inductancia.<\/div>\n<div>\n<p>0.07 \u00b5H\/ft (0.2 \u00b5H\/M).<\/p>\n<\/div>\n<div style=\"font-weight: bold\">M\u00e9todo de terminaci\u00f3n.<\/div>\n<div>\n<p>Soldadura de plata.<\/p>\n<\/div>\n<\/div>\n<\/div>","protected":false},"excerpt":{"rendered":"<p>Cable para instrumento, conectores plug rectos, calibre AWG 20, di\u00e1metro: 10 pies (3 metros), aislamiento interior de polietileno con exterior de PVC, capacitancia: pF\/ft (109pF\/M), blindaje y material: cobre trenzado + PVC conductor 98%, cubierta de PVC y nylon tejido, resistencia: 8.8 ohms\/1,000 pies (29 ohms\/km), inductancia: 0.07 \u00b5H\/ft (0.2 \u00b5H\/M), m\u00e9todo de terminaci\u00f3n: soldadura de plata.&hellip; <a class=\"kt-excerpt-readmore more-link\" href=\"https:\/\/www.mexicanguitarplayers.com\/en\/tienda\/audio\/cables\/cables-armados\/cables-para-instrumento\/cable-dimarzio-p-instrumento-mod-ep1710\/\">Read more<\/a><\/p>","protected":false},"featured_media":27142,"comment_status":"open","ping_status":"closed","template":"","meta":{"kt_blocks_editor_width":""},"pwb-brand":[355],"product_brand":[],"product_cat":[213,358,359,360],"product_tag":[],"class_list":{"0":"post-27154","1":"product","2":"type-product","3":"status-publish","4":"has-post-thumbnail","6":"pwb-brand-dimarzio","7":"product_cat-audio","8":"product_cat-cables","9":"product_cat-cables-armados","10":"product_cat-cables-para-instrumento","11":"product_shipping_class-0-5-kg","13":"first","14":"instock","15":"taxable","16":"shipping-taxable","17":"purchasable","18":"product-type-simple"},"yoast_head":"<!-- This site is optimized with the Yoast SEO plugin v27.5 - https:\/\/yoast.com\/product\/yoast-seo-wordpress\/ -->\n<title>CABLE DIMARZIO P\/INSTRUMENTO MOD. EP1710 - Mexican Guitar Players<\/title>\n<meta name=\"description\" content=\"Cable para instrumento, conectores plug rectos, calibre AWG 20, di\u00e1metro: 10 pies (3 metros), aislamiento interior de polietileno con exterior de PVC, capacitancia: pF\/ft (109pF\/M), blindaje y material: cobre trenzado + PVC conductor 98%, cubierta de PVC y nylon tejido, resistencia: 8.8 ohms\/1,000 pies (29 ohms\/km), inductancia: 0.07 \u00b5H\/ft (0.2 \u00b5H\/M), m\u00e9todo de terminaci\u00f3n: soldadura de plata.\" \/>\n<meta name=\"robots\" content=\"index, follow, max-snippet:-1, max-image-preview:large, max-video-preview:-1\" \/>\n<link rel=\"canonical\" href=\"https:\/\/www.mexicanguitarplayers.com\/en\/tienda\/sin%20categor\u00eda\/cable-dimarzio-p-instrumento-mod-ep1710\/\" \/>\n<meta property=\"og:locale\" content=\"en_US\" \/>\n<meta property=\"og:type\" content=\"article\" \/>\n<meta property=\"og:title\" content=\"CABLE DIMARZIO P\/INSTRUMENTO MOD. EP1710 - Mexican Guitar Players\" \/>\n<meta property=\"og:description\" content=\"Cable para instrumento, conectores plug rectos, calibre AWG 20, di\u00e1metro: 10 pies (3 metros), aislamiento interior de polietileno con exterior de PVC, capacitancia: pF\/ft (109pF\/M), blindaje y material: cobre trenzado + PVC conductor 98%, cubierta de PVC y nylon tejido, resistencia: 8.8 ohms\/1,000 pies (29 ohms\/km), inductancia: 0.07 \u00b5H\/ft (0.2 \u00b5H\/M), m\u00e9todo de terminaci\u00f3n: soldadura de plata.\" \/>\n<meta property=\"og:url\" content=\"https:\/\/www.mexicanguitarplayers.com\/en\/tienda\/sin categor\u00eda\/cable-dimarzio-p-instrumento-mod-ep1710\/\" \/>\n<meta property=\"og:site_name\" content=\"Mexican Guitar Players\" \/>\n<meta property=\"article:modified_time\" content=\"2026-05-01T13:27:50+00:00\" \/>\n<meta name=\"twitter:card\" content=\"summary_large_image\" \/>\n<meta name=\"twitter:label1\" content=\"Est. reading time\" \/>\n\t<meta name=\"twitter:data1\" content=\"1 minute\" \/>\n<script type=\"application\/ld+json\" class=\"yoast-schema-graph\">{\"@context\":\"https:\\\/\\\/schema.org\",\"@graph\":[{\"@type\":[\"WebPage\",\"ItemPage\"],\"@id\":\"https:\\\/\\\/www.mexicanguitarplayers.com\\\/tienda\\\/sin categor\u00eda\\\/cable-dimarzio-p-instrumento-mod-ep1710\\\/\",\"url\":\"https:\\\/\\\/www.mexicanguitarplayers.com\\\/tienda\\\/sin categor\u00eda\\\/cable-dimarzio-p-instrumento-mod-ep1710\\\/\",\"name\":\"CABLE DIMARZIO P\\\/INSTRUMENTO MOD. EP1710 - Mexican Guitar Players\",\"isPartOf\":{\"@id\":\"https:\\\/\\\/www.mexicanguitarplayers.com\\\/#website\"},\"primaryImageOfPage\":{\"@id\":\"https:\\\/\\\/www.mexicanguitarplayers.com\\\/tienda\\\/sin categor\u00eda\\\/cable-dimarzio-p-instrumento-mod-ep1710\\\/#primaryimage\"},\"image\":{\"@id\":\"https:\\\/\\\/www.mexicanguitarplayers.com\\\/tienda\\\/sin categor\u00eda\\\/cable-dimarzio-p-instrumento-mod-ep1710\\\/#primaryimage\"},\"thumbnailUrl\":\"https:\\\/\\\/www.mexicanguitarplayers.com\\\/wp-content\\\/uploads\\\/2025\\\/04\\\/RADIMEP1710.jpg\",\"datePublished\":\"2025-04-07T05:51:00+00:00\",\"dateModified\":\"2026-05-01T13:27:50+00:00\",\"description\":\"Cable para instrumento, conectores plug rectos, calibre AWG 20, di\u00e1metro: 10 pies (3 metros), aislamiento interior de polietileno con exterior de PVC, capacitancia: pF\\\/ft (109pF\\\/M), blindaje y material: cobre trenzado + PVC conductor 98%, cubierta de PVC y nylon tejido, resistencia: 8.8 ohms\\\/1,000 pies (29 ohms\\\/km), inductancia: 0.07 \u00b5H\\\/ft (0.2 \u00b5H\\\/M), m\u00e9todo de terminaci\u00f3n: soldadura de plata.\",\"breadcrumb\":{\"@id\":\"https:\\\/\\\/www.mexicanguitarplayers.com\\\/tienda\\\/sin categor\u00eda\\\/cable-dimarzio-p-instrumento-mod-ep1710\\\/#breadcrumb\"},\"inLanguage\":\"en-US\",\"potentialAction\":[{\"@type\":\"ReadAction\",\"target\":[\"https:\\\/\\\/www.mexicanguitarplayers.com\\\/tienda\\\/sin categor\u00eda\\\/cable-dimarzio-p-instrumento-mod-ep1710\\\/\"]}]},{\"@type\":\"ImageObject\",\"inLanguage\":\"en-US\",\"@id\":\"https:\\\/\\\/www.mexicanguitarplayers.com\\\/tienda\\\/sin categor\u00eda\\\/cable-dimarzio-p-instrumento-mod-ep1710\\\/#primaryimage\",\"url\":\"https:\\\/\\\/www.mexicanguitarplayers.com\\\/wp-content\\\/uploads\\\/2025\\\/04\\\/RADIMEP1710.jpg\",\"contentUrl\":\"https:\\\/\\\/www.mexicanguitarplayers.com\\\/wp-content\\\/uploads\\\/2025\\\/04\\\/RADIMEP1710.jpg\",\"width\":1200,\"height\":1200},{\"@type\":\"BreadcrumbList\",\"@id\":\"https:\\\/\\\/www.mexicanguitarplayers.com\\\/tienda\\\/sin categor\u00eda\\\/cable-dimarzio-p-instrumento-mod-ep1710\\\/#breadcrumb\",\"itemListElement\":[{\"@type\":\"ListItem\",\"position\":1,\"name\":\"Portada\",\"item\":\"https:\\\/\\\/www.mexicanguitarplayers.com\\\/\"},{\"@type\":\"ListItem\",\"position\":2,\"name\":\"Tienda\",\"item\":\"https:\\\/\\\/www.mexicanguitarplayers.com\\\/tienda\\\/\"},{\"@type\":\"ListItem\",\"position\":3,\"name\":\"CABLE DIMARZIO P\\\/INSTRUMENTO MOD. EP1710\"}]},{\"@type\":\"WebSite\",\"@id\":\"https:\\\/\\\/www.mexicanguitarplayers.com\\\/#website\",\"url\":\"https:\\\/\\\/www.mexicanguitarplayers.com\\\/\",\"name\":\"Mexican Guitar Players\",\"description\":\"Website\",\"publisher\":{\"@id\":\"https:\\\/\\\/www.mexicanguitarplayers.com\\\/#organization\"},\"potentialAction\":[{\"@type\":\"SearchAction\",\"target\":{\"@type\":\"EntryPoint\",\"urlTemplate\":\"https:\\\/\\\/www.mexicanguitarplayers.com\\\/?s={search_term_string}\"},\"query-input\":{\"@type\":\"PropertyValueSpecification\",\"valueRequired\":true,\"valueName\":\"search_term_string\"}}],\"inLanguage\":\"en-US\"},{\"@type\":\"Organization\",\"@id\":\"https:\\\/\\\/www.mexicanguitarplayers.com\\\/#organization\",\"name\":\"Mexican Guitar Players\",\"url\":\"https:\\\/\\\/www.mexicanguitarplayers.com\\\/\",\"logo\":{\"@type\":\"ImageObject\",\"inLanguage\":\"en-US\",\"@id\":\"https:\\\/\\\/www.mexicanguitarplayers.com\\\/#\\\/schema\\\/logo\\\/image\\\/\",\"url\":\"\",\"contentUrl\":\"\",\"caption\":\"Mexican Guitar Players\"},\"image\":{\"@id\":\"https:\\\/\\\/www.mexicanguitarplayers.com\\\/#\\\/schema\\\/logo\\\/image\\\/\"}}]}<\/script>\n<!-- \/ Yoast SEO plugin. -->","yoast_head_json":{"title":"CABLE DIMARZIO P\/INSTRUMENTO MOD. EP1710 - Mexican Guitar Players","description":"Cable para instrumento, conectores plug rectos, calibre AWG 20, di\u00e1metro: 10 pies (3 metros), aislamiento interior de polietileno con exterior de PVC, capacitancia: pF\/ft (109pF\/M), blindaje y material: cobre trenzado + PVC conductor 98%, cubierta de PVC y nylon tejido, resistencia: 8.8 ohms\/1,000 pies (29 ohms\/km), inductancia: 0.07 \u00b5H\/ft (0.2 \u00b5H\/M), m\u00e9todo de terminaci\u00f3n: soldadura de plata.","robots":{"index":"index","follow":"follow","max-snippet":"max-snippet:-1","max-image-preview":"max-image-preview:large","max-video-preview":"max-video-preview:-1"},"canonical":"https:\/\/www.mexicanguitarplayers.com\/en\/tienda\/sin categor\u00eda\/cable-dimarzio-p-instrumento-mod-ep1710\/","og_locale":"en_US","og_type":"article","og_title":"CABLE DIMARZIO P\/INSTRUMENTO MOD. EP1710 - Mexican Guitar Players","og_description":"Cable para instrumento, conectores plug rectos, calibre AWG 20, di\u00e1metro: 10 pies (3 metros), aislamiento interior de polietileno con exterior de PVC, capacitancia: pF\/ft (109pF\/M), blindaje y material: cobre trenzado + PVC conductor 98%, cubierta de PVC y nylon tejido, resistencia: 8.8 ohms\/1,000 pies (29 ohms\/km), inductancia: 0.07 \u00b5H\/ft (0.2 \u00b5H\/M), m\u00e9todo de terminaci\u00f3n: soldadura de plata.","og_url":"https:\/\/www.mexicanguitarplayers.com\/en\/tienda\/sin categor\u00eda\/cable-dimarzio-p-instrumento-mod-ep1710\/","og_site_name":"Mexican Guitar Players","article_modified_time":"2026-05-01T13:27:50+00:00","twitter_card":"summary_large_image","twitter_misc":{"Est. reading time":"1 minute"},"schema":{"@context":"https:\/\/schema.org","@graph":[{"@type":["WebPage","ItemPage"],"@id":"https:\/\/www.mexicanguitarplayers.com\/tienda\/sin categor\u00eda\/cable-dimarzio-p-instrumento-mod-ep1710\/","url":"https:\/\/www.mexicanguitarplayers.com\/tienda\/sin categor\u00eda\/cable-dimarzio-p-instrumento-mod-ep1710\/","name":"CABLE DIMARZIO P\/INSTRUMENTO MOD. EP1710 - Mexican Guitar Players","isPartOf":{"@id":"https:\/\/www.mexicanguitarplayers.com\/#website"},"primaryImageOfPage":{"@id":"https:\/\/www.mexicanguitarplayers.com\/tienda\/sin categor\u00eda\/cable-dimarzio-p-instrumento-mod-ep1710\/#primaryimage"},"image":{"@id":"https:\/\/www.mexicanguitarplayers.com\/tienda\/sin categor\u00eda\/cable-dimarzio-p-instrumento-mod-ep1710\/#primaryimage"},"thumbnailUrl":"https:\/\/www.mexicanguitarplayers.com\/wp-content\/uploads\/2025\/04\/RADIMEP1710.jpg","datePublished":"2025-04-07T05:51:00+00:00","dateModified":"2026-05-01T13:27:50+00:00","description":"Cable para instrumento, conectores plug rectos, calibre AWG 20, di\u00e1metro: 10 pies (3 metros), aislamiento interior de polietileno con exterior de PVC, capacitancia: pF\/ft (109pF\/M), blindaje y material: cobre trenzado + PVC conductor 98%, cubierta de PVC y nylon tejido, resistencia: 8.8 ohms\/1,000 pies (29 ohms\/km), inductancia: 0.07 \u00b5H\/ft (0.2 \u00b5H\/M), m\u00e9todo de terminaci\u00f3n: soldadura de plata.","breadcrumb":{"@id":"https:\/\/www.mexicanguitarplayers.com\/tienda\/sin categor\u00eda\/cable-dimarzio-p-instrumento-mod-ep1710\/#breadcrumb"},"inLanguage":"en-US","potentialAction":[{"@type":"ReadAction","target":["https:\/\/www.mexicanguitarplayers.com\/tienda\/sin categor\u00eda\/cable-dimarzio-p-instrumento-mod-ep1710\/"]}]},{"@type":"ImageObject","inLanguage":"en-US","@id":"https:\/\/www.mexicanguitarplayers.com\/tienda\/sin categor\u00eda\/cable-dimarzio-p-instrumento-mod-ep1710\/#primaryimage","url":"https:\/\/www.mexicanguitarplayers.com\/wp-content\/uploads\/2025\/04\/RADIMEP1710.jpg","contentUrl":"https:\/\/www.mexicanguitarplayers.com\/wp-content\/uploads\/2025\/04\/RADIMEP1710.jpg","width":1200,"height":1200},{"@type":"BreadcrumbList","@id":"https:\/\/www.mexicanguitarplayers.com\/tienda\/sin categor\u00eda\/cable-dimarzio-p-instrumento-mod-ep1710\/#breadcrumb","itemListElement":[{"@type":"ListItem","position":1,"name":"Portada","item":"https:\/\/www.mexicanguitarplayers.com\/"},{"@type":"ListItem","position":2,"name":"Tienda","item":"https:\/\/www.mexicanguitarplayers.com\/tienda\/"},{"@type":"ListItem","position":3,"name":"CABLE DIMARZIO P\/INSTRUMENTO MOD. EP1710"}]},{"@type":"WebSite","@id":"https:\/\/www.mexicanguitarplayers.com\/#website","url":"https:\/\/www.mexicanguitarplayers.com\/","name":"Mexican Guitar Players","description":"Website","publisher":{"@id":"https:\/\/www.mexicanguitarplayers.com\/#organization"},"potentialAction":[{"@type":"SearchAction","target":{"@type":"EntryPoint","urlTemplate":"https:\/\/www.mexicanguitarplayers.com\/?s={search_term_string}"},"query-input":{"@type":"PropertyValueSpecification","valueRequired":true,"valueName":"search_term_string"}}],"inLanguage":"en-US"},{"@type":"Organization","@id":"https:\/\/www.mexicanguitarplayers.com\/#organization","name":"Mexican Guitar Players","url":"https:\/\/www.mexicanguitarplayers.com\/","logo":{"@type":"ImageObject","inLanguage":"en-US","@id":"https:\/\/www.mexicanguitarplayers.com\/#\/schema\/logo\/image\/","url":"","contentUrl":"","caption":"Mexican Guitar Players"},"image":{"@id":"https:\/\/www.mexicanguitarplayers.com\/#\/schema\/logo\/image\/"}}]}},"brands":[{"id":355,"name":"DIMARZIO","slug":"dimarzio"}],"_links":{"self":[{"href":"https:\/\/www.mexicanguitarplayers.com\/en\/wp-json\/wp\/v2\/product\/27154","targetHints":{"allow":["GET"]}}],"collection":[{"href":"https:\/\/www.mexicanguitarplayers.com\/en\/wp-json\/wp\/v2\/product"}],"about":[{"href":"https:\/\/www.mexicanguitarplayers.com\/en\/wp-json\/wp\/v2\/types\/product"}],"replies":[{"embeddable":true,"href":"https:\/\/www.mexicanguitarplayers.com\/en\/wp-json\/wp\/v2\/comments?post=27154"}],"wp:featuredmedia":[{"embeddable":true,"href":"https:\/\/www.mexicanguitarplayers.com\/en\/wp-json\/wp\/v2\/media\/27142"}],"wp:attachment":[{"href":"https:\/\/www.mexicanguitarplayers.com\/en\/wp-json\/wp\/v2\/media?parent=27154"}],"wp:term":[{"taxonomy":"pwb-brand","embeddable":true,"href":"https:\/\/www.mexicanguitarplayers.com\/en\/wp-json\/wp\/v2\/pwb-brand?post=27154"},{"taxonomy":"product_brand","embeddable":true,"href":"https:\/\/www.mexicanguitarplayers.com\/en\/wp-json\/wp\/v2\/product_brand?post=27154"},{"taxonomy":"product_cat","embeddable":true,"href":"https:\/\/www.mexicanguitarplayers.com\/en\/wp-json\/wp\/v2\/product_cat?post=27154"},{"taxonomy":"product_tag","embeddable":true,"href":"https:\/\/www.mexicanguitarplayers.com\/en\/wp-json\/wp\/v2\/product_tag?post=27154"}],"curies":[{"name":"wp","href":"https:\/\/api.w.org\/{rel}","templated":true}]}}