{"id":27177,"date":"2025-04-06T23:53:01","date_gmt":"2025-04-07T05:53:01","guid":{"rendered":"https:\/\/www.mexicanguitarplayers.com\/tienda\/sin categor\u00eda\/combo-blackstar-p-guit-ht-1\/"},"modified":"2026-04-10T04:42:38","modified_gmt":"2026-04-10T10:42:38","slug":"combo-blackstar-p-guit-ht-1","status":"publish","type":"product","link":"https:\/\/www.mexicanguitarplayers.com\/en\/tienda\/cuerdas\/combos\/combos-para-guitarra\/combo-blackstar-p-guit-ht-1\/","title":{"rendered":"COMBO BLACKSTAR P\/GUIT.HT-1"},"content":{"rendered":"<div style=\"text-align: justify\">\n<div>\n<h3>Todal la personalidad de Blackstar en un formato peque\u00f1o.<\/h3>\n<\/div>\n<div>El HT-1 es un combo perfecto, empaca un gran tono y las caracter\u00edsticas innovadoras del galardonado amplificador de bulbos HT-5 en un formato de 1 watt. El circuito patentado ISF (Infinite Shape Feature) te da el ajuste infinito sobre las caracter\u00edsticas de la red de control de tono y te lleva desde Estados Unidos hasta Inglaterra y cualquier lugar entre ambos. A\u00f1ade una salida de altavoz emulada completamente espec\u00edfica, MP3\/Entrada de l\u00ednea, adem\u00e1s de una salida de altavoz de 4 a 16 ohms y tiene todo lo necesario para una excelente grabaci\u00f3n o para ensayo.<\/div>\n<div>\n<h4>Quick look<\/h4>\n<\/div>\n<ul style=\"margin: 0px 0px 0px 25px\">\n<li style=\"list-style-type: circle;margin: 5px\">1 watt, 1xECC83, 1xECC82.<\/li>\n<li style=\"list-style-type: circle;margin: 5px\">ISF control.<\/li>\n<li style=\"list-style-type: circle;margin: 5px\">Dos canales.<\/li>\n<li style=\"list-style-type: circle;margin: 5px\">Speaker emulation output.<\/li>\n<li style=\"list-style-type: circle;margin: 5px\">Dise\u00f1o de amplificador de potencia push-pull. <\/li>\n<li style=\"list-style-type: circle;margin: 5px\">Altavoz de 8&#8243; pulgadas.<\/li>\n<li style=\"list-style-type: circle;margin: 5px\">Entrada de MP3 \/ L\u00ednea est\u00e9reo. <\/li>\n<\/ul>\n<div>\n<div style=\"font-weight: bold\">1 watt, 1xECC83, 1xECC82.<\/div>\n<div>\n<p>El HT-1 es perfecto para estudio de grabaci\u00f3n y para ensayo, contiene un gran tono e innovadoras caracter\u00edsticas innovadoras del galardonado amplificador de bulbos HT-5 en un formato de 1 watt. El objeto fue desarrollar un amplificador de bulbos con un sonido pleno y de gran tono, incluso a un nivel de volumen muy bajo.<\/p>\n<\/div>\n<div style=\"font-weight: bold\">ISF control.<\/div>\n<div>\n<p>Al trabajar con graves, medios y agudos, el control ISF te da acceso a nuevas e infinitas posibilidades en el HT-1. Este control totalmente interactivo te permite ajustar infinitamente la respuesta de la red de control de tono entre cualquiera de las voces tradicionales. De esta manera, puedes dise\u00f1ar tu propio sonido y realmente encontrar el sonido en tu cabeza.<\/p>\n<\/div>\n<div style=\"font-weight: bold\">Dos canales.<\/div>\n<div>\n<p>Limpio o Crunch. El HT-1 tiene dos canales disponibles para selecci\u00f3n, un canal limpio y un canal overdrive. Utilizando el control de ganancia mientras en el canal  limpio ser\u00e1s capaz de ofrecer todo, desde un sonido limpio a trav\u00e9s de un tono crunch. Alternativamente puedes seleccionar el canal overdrive y nuevamente usar el control de ganancia, cambiando un sonido limpio a un tono l\u00edder distorsionado.<\/p>\n<\/div>\n<div style=\"font-weight: bold\">Speaker emulation output.<\/div>\n<div>\n<p>El HT-1 tiene un altavoz de salida emulado que mejora a\u00fan m\u00e1s las credenciales de estudio y permite que cualquier guitarrista pueda obtener un tono de bulbo incre\u00edble directamente a una cinta, disco o a trav\u00e9s de unos aud\u00edfonos.<\/p>\n<\/div>\n<div style=\"font-weight: bold\">Dise\u00f1o de amplificador de potencia push-pull. <\/div>\n<div>\n<p>Produciendo crunch y breakup. El amplificador de potencia HT-1 es un dise\u00f1o push-pull de baja potencia mientras que produce las caracter\u00edsticas de crunch y break-up de un amplificador tradicional de 100 watts de salida pero a un volumen mucho menor. Esto se logra mediante el uso de un doble tr\u00edodo ECC82 en configuraci\u00f3n pull-push de 1 watt de salida, rica en bulbos arm\u00f3nicos y de compresi\u00f3n, sonando completo y con un gran tono, incluso en el nivel de volumen m\u00e1s bajo.<\/p>\n<\/div>\n<div style=\"font-weight: bold\">Altavoz de 8&#8243; pulgadas.<\/div>\n<div>\n<p>Peque\u00f1o pero potente. El HT-1 cuenta con un altavoz de 8&#8243; pulgadas que lo hace un combo perfecto para casa o estudio. El objetivo era crear un amplificador con sonido pleno y gran tono, incluso a un nivel bajo de volumen.<\/p>\n<\/div>\n<div style=\"font-weight: bold\">Entrada de MP3 \/ L\u00ednea est\u00e9reo. <\/div>\n<div>\n<p>Toca tu pista favorita. Una entrada est\u00e9reo MP3 \/ L\u00ednea fue a\u00f1adida al HT-1 para permitir al usuario reproducir una pista de acompa\u00f1amiento o similar a trav\u00e9s del amplificador mientras practicas o grabas.<\/p>\n<\/div>\n<\/div>\n<\/div>","protected":false},"excerpt":{"rendered":"<p>Combo A BULBOS para guitarra, 1 watt, BULBOS: 1xECC83 y 1xECC82, dise\u00f1o de amplificador de potencia push-pull, basado en el galardonado HT-5, 2 canales, altavoz de 8\u201d pulgadas, circuito ISF (Infinite Shape Feature) patentado, ideal para estudio o pr\u00e1ctica, salida de emulaci\u00f3n de altavoz, entrada de MP3 \/ L\u00ednea est\u00e9reo, salida de altavoz externo.&hellip; <a class=\"kt-excerpt-readmore more-link\" href=\"https:\/\/www.mexicanguitarplayers.com\/en\/tienda\/cuerdas\/combos\/combos-para-guitarra\/combo-blackstar-p-guit-ht-1\/\">Read more<\/a><\/p>","protected":false},"featured_media":27175,"comment_status":"open","ping_status":"closed","template":"","meta":{"kt_blocks_editor_width":""},"pwb-brand":[172],"product_brand":[],"product_cat":[236,237,224],"product_tag":[],"class_list":{"0":"post-27177","1":"product","2":"type-product","3":"status-publish","4":"has-post-thumbnail","6":"pwb-brand-blackstar","7":"product_cat-combos","8":"product_cat-combos-para-guitarra","9":"product_cat-cuerdas","10":"product_shipping_class-5-10-kg","12":"first","13":"outofstock","14":"taxable","15":"shipping-taxable","16":"purchasable","17":"product-type-simple"},"yoast_head":"<!-- This site is optimized with the Yoast SEO plugin v27.6 - https:\/\/yoast.com\/product\/yoast-seo-wordpress\/ -->\n<title>COMBO BLACKSTAR P\/GUIT.HT-1 - Mexican Guitar Players<\/title>\n<meta name=\"description\" content=\"Combo A BULBOS para guitarra, 1 watt, BULBOS: 1xECC83 y 1xECC82, dise\u00f1o de amplificador de potencia push-pull, basado en el galardonado HT-5, 2 canales, altavoz de 8\u201d pulgadas, circuito ISF (Infinite Shape Feature) patentado, ideal para estudio o pr\u00e1ctica, salida de emulaci\u00f3n de altavoz, entrada de MP3 \/ L\u00ednea est\u00e9reo, salida de altavoz externo.\" \/>\n<meta name=\"robots\" content=\"index, follow, max-snippet:-1, max-image-preview:large, max-video-preview:-1\" \/>\n<link rel=\"canonical\" href=\"https:\/\/www.mexicanguitarplayers.com\/en\/tienda\/sin%20categor\u00eda\/combo-blackstar-p-guit-ht-1\/\" \/>\n<meta property=\"og:locale\" content=\"en_US\" \/>\n<meta property=\"og:type\" content=\"article\" \/>\n<meta property=\"og:title\" content=\"COMBO BLACKSTAR P\/GUIT.HT-1 - Mexican Guitar Players\" \/>\n<meta property=\"og:description\" content=\"Combo A BULBOS para guitarra, 1 watt, BULBOS: 1xECC83 y 1xECC82, dise\u00f1o de amplificador de potencia push-pull, basado en el galardonado HT-5, 2 canales, altavoz de 8\u201d pulgadas, circuito ISF (Infinite Shape Feature) patentado, ideal para estudio o pr\u00e1ctica, salida de emulaci\u00f3n de altavoz, entrada de MP3 \/ L\u00ednea est\u00e9reo, salida de altavoz externo.\" \/>\n<meta property=\"og:url\" content=\"https:\/\/www.mexicanguitarplayers.com\/en\/tienda\/sin categor\u00eda\/combo-blackstar-p-guit-ht-1\/\" \/>\n<meta property=\"og:site_name\" content=\"Mexican Guitar Players\" \/>\n<meta property=\"article:modified_time\" content=\"2026-04-10T10:42:38+00:00\" \/>\n<meta name=\"twitter:card\" content=\"summary_large_image\" \/>\n<meta name=\"twitter:label1\" content=\"Est. reading time\" \/>\n\t<meta name=\"twitter:data1\" content=\"3 minutes\" \/>\n<script type=\"application\/ld+json\" class=\"yoast-schema-graph\">{\"@context\":\"https:\\\/\\\/schema.org\",\"@graph\":[{\"@type\":[\"WebPage\",\"ItemPage\"],\"@id\":\"https:\\\/\\\/www.mexicanguitarplayers.com\\\/tienda\\\/sin categor\u00eda\\\/combo-blackstar-p-guit-ht-1\\\/\",\"url\":\"https:\\\/\\\/www.mexicanguitarplayers.com\\\/tienda\\\/sin categor\u00eda\\\/combo-blackstar-p-guit-ht-1\\\/\",\"name\":\"COMBO BLACKSTAR P\\\/GUIT.HT-1 - Mexican Guitar Players\",\"isPartOf\":{\"@id\":\"https:\\\/\\\/www.mexicanguitarplayers.com\\\/#website\"},\"primaryImageOfPage\":{\"@id\":\"https:\\\/\\\/www.mexicanguitarplayers.com\\\/tienda\\\/sin categor\u00eda\\\/combo-blackstar-p-guit-ht-1\\\/#primaryimage\"},\"image\":{\"@id\":\"https:\\\/\\\/www.mexicanguitarplayers.com\\\/tienda\\\/sin categor\u00eda\\\/combo-blackstar-p-guit-ht-1\\\/#primaryimage\"},\"thumbnailUrl\":\"https:\\\/\\\/www.mexicanguitarplayers.com\\\/wp-content\\\/uploads\\\/2025\\\/04\\\/ICBLSHT1.jpg\",\"datePublished\":\"2025-04-07T05:53:01+00:00\",\"dateModified\":\"2026-04-10T10:42:38+00:00\",\"description\":\"Combo A BULBOS para guitarra, 1 watt, BULBOS: 1xECC83 y 1xECC82, dise\u00f1o de amplificador de potencia push-pull, basado en el galardonado HT-5, 2 canales, altavoz de 8\u201d pulgadas, circuito ISF (Infinite Shape Feature) patentado, ideal para estudio o pr\u00e1ctica, salida de emulaci\u00f3n de altavoz, entrada de MP3 \\\/ L\u00ednea est\u00e9reo, salida de altavoz externo.\",\"breadcrumb\":{\"@id\":\"https:\\\/\\\/www.mexicanguitarplayers.com\\\/tienda\\\/sin categor\u00eda\\\/combo-blackstar-p-guit-ht-1\\\/#breadcrumb\"},\"inLanguage\":\"en-US\",\"potentialAction\":[{\"@type\":\"ReadAction\",\"target\":[\"https:\\\/\\\/www.mexicanguitarplayers.com\\\/tienda\\\/sin categor\u00eda\\\/combo-blackstar-p-guit-ht-1\\\/\"]}]},{\"@type\":\"ImageObject\",\"inLanguage\":\"en-US\",\"@id\":\"https:\\\/\\\/www.mexicanguitarplayers.com\\\/tienda\\\/sin categor\u00eda\\\/combo-blackstar-p-guit-ht-1\\\/#primaryimage\",\"url\":\"https:\\\/\\\/www.mexicanguitarplayers.com\\\/wp-content\\\/uploads\\\/2025\\\/04\\\/ICBLSHT1.jpg\",\"contentUrl\":\"https:\\\/\\\/www.mexicanguitarplayers.com\\\/wp-content\\\/uploads\\\/2025\\\/04\\\/ICBLSHT1.jpg\",\"width\":1200,\"height\":1200},{\"@type\":\"BreadcrumbList\",\"@id\":\"https:\\\/\\\/www.mexicanguitarplayers.com\\\/tienda\\\/sin categor\u00eda\\\/combo-blackstar-p-guit-ht-1\\\/#breadcrumb\",\"itemListElement\":[{\"@type\":\"ListItem\",\"position\":1,\"name\":\"Portada\",\"item\":\"https:\\\/\\\/www.mexicanguitarplayers.com\\\/\"},{\"@type\":\"ListItem\",\"position\":2,\"name\":\"Tienda\",\"item\":\"https:\\\/\\\/www.mexicanguitarplayers.com\\\/tienda\\\/\"},{\"@type\":\"ListItem\",\"position\":3,\"name\":\"COMBO BLACKSTAR P\\\/GUIT.HT-1\"}]},{\"@type\":\"WebSite\",\"@id\":\"https:\\\/\\\/www.mexicanguitarplayers.com\\\/#website\",\"url\":\"https:\\\/\\\/www.mexicanguitarplayers.com\\\/\",\"name\":\"Mexican Guitar Players\",\"description\":\"Website\",\"publisher\":{\"@id\":\"https:\\\/\\\/www.mexicanguitarplayers.com\\\/#organization\"},\"potentialAction\":[{\"@type\":\"SearchAction\",\"target\":{\"@type\":\"EntryPoint\",\"urlTemplate\":\"https:\\\/\\\/www.mexicanguitarplayers.com\\\/?s={search_term_string}\"},\"query-input\":{\"@type\":\"PropertyValueSpecification\",\"valueRequired\":true,\"valueName\":\"search_term_string\"}}],\"inLanguage\":\"en-US\"},{\"@type\":\"Organization\",\"@id\":\"https:\\\/\\\/www.mexicanguitarplayers.com\\\/#organization\",\"name\":\"Mexican Guitar Players\",\"url\":\"https:\\\/\\\/www.mexicanguitarplayers.com\\\/\",\"logo\":{\"@type\":\"ImageObject\",\"inLanguage\":\"en-US\",\"@id\":\"https:\\\/\\\/www.mexicanguitarplayers.com\\\/#\\\/schema\\\/logo\\\/image\\\/\",\"url\":\"\",\"contentUrl\":\"\",\"caption\":\"Mexican Guitar Players\"},\"image\":{\"@id\":\"https:\\\/\\\/www.mexicanguitarplayers.com\\\/#\\\/schema\\\/logo\\\/image\\\/\"}}]}<\/script>\n<!-- \/ Yoast SEO plugin. -->","yoast_head_json":{"title":"COMBO BLACKSTAR P\/GUIT.HT-1 - Mexican Guitar Players","description":"Combo A BULBOS para guitarra, 1 watt, BULBOS: 1xECC83 y 1xECC82, dise\u00f1o de amplificador de potencia push-pull, basado en el galardonado HT-5, 2 canales, altavoz de 8\u201d pulgadas, circuito ISF (Infinite Shape Feature) patentado, ideal para estudio o pr\u00e1ctica, salida de emulaci\u00f3n de altavoz, entrada de MP3 \/ L\u00ednea est\u00e9reo, salida de altavoz externo.","robots":{"index":"index","follow":"follow","max-snippet":"max-snippet:-1","max-image-preview":"max-image-preview:large","max-video-preview":"max-video-preview:-1"},"canonical":"https:\/\/www.mexicanguitarplayers.com\/en\/tienda\/sin categor\u00eda\/combo-blackstar-p-guit-ht-1\/","og_locale":"en_US","og_type":"article","og_title":"COMBO BLACKSTAR P\/GUIT.HT-1 - Mexican Guitar Players","og_description":"Combo A BULBOS para guitarra, 1 watt, BULBOS: 1xECC83 y 1xECC82, dise\u00f1o de amplificador de potencia push-pull, basado en el galardonado HT-5, 2 canales, altavoz de 8\u201d pulgadas, circuito ISF (Infinite Shape Feature) patentado, ideal para estudio o pr\u00e1ctica, salida de emulaci\u00f3n de altavoz, entrada de MP3 \/ L\u00ednea est\u00e9reo, salida de altavoz externo.","og_url":"https:\/\/www.mexicanguitarplayers.com\/en\/tienda\/sin categor\u00eda\/combo-blackstar-p-guit-ht-1\/","og_site_name":"Mexican Guitar Players","article_modified_time":"2026-04-10T10:42:38+00:00","twitter_card":"summary_large_image","twitter_misc":{"Est. reading time":"3 minutes"},"schema":{"@context":"https:\/\/schema.org","@graph":[{"@type":["WebPage","ItemPage"],"@id":"https:\/\/www.mexicanguitarplayers.com\/tienda\/sin categor\u00eda\/combo-blackstar-p-guit-ht-1\/","url":"https:\/\/www.mexicanguitarplayers.com\/tienda\/sin categor\u00eda\/combo-blackstar-p-guit-ht-1\/","name":"COMBO BLACKSTAR P\/GUIT.HT-1 - Mexican Guitar Players","isPartOf":{"@id":"https:\/\/www.mexicanguitarplayers.com\/#website"},"primaryImageOfPage":{"@id":"https:\/\/www.mexicanguitarplayers.com\/tienda\/sin categor\u00eda\/combo-blackstar-p-guit-ht-1\/#primaryimage"},"image":{"@id":"https:\/\/www.mexicanguitarplayers.com\/tienda\/sin categor\u00eda\/combo-blackstar-p-guit-ht-1\/#primaryimage"},"thumbnailUrl":"https:\/\/www.mexicanguitarplayers.com\/wp-content\/uploads\/2025\/04\/ICBLSHT1.jpg","datePublished":"2025-04-07T05:53:01+00:00","dateModified":"2026-04-10T10:42:38+00:00","description":"Combo A BULBOS para guitarra, 1 watt, BULBOS: 1xECC83 y 1xECC82, dise\u00f1o de amplificador de potencia push-pull, basado en el galardonado HT-5, 2 canales, altavoz de 8\u201d pulgadas, circuito ISF (Infinite Shape Feature) patentado, ideal para estudio o pr\u00e1ctica, salida de emulaci\u00f3n de altavoz, entrada de MP3 \/ L\u00ednea est\u00e9reo, salida de altavoz externo.","breadcrumb":{"@id":"https:\/\/www.mexicanguitarplayers.com\/tienda\/sin categor\u00eda\/combo-blackstar-p-guit-ht-1\/#breadcrumb"},"inLanguage":"en-US","potentialAction":[{"@type":"ReadAction","target":["https:\/\/www.mexicanguitarplayers.com\/tienda\/sin categor\u00eda\/combo-blackstar-p-guit-ht-1\/"]}]},{"@type":"ImageObject","inLanguage":"en-US","@id":"https:\/\/www.mexicanguitarplayers.com\/tienda\/sin categor\u00eda\/combo-blackstar-p-guit-ht-1\/#primaryimage","url":"https:\/\/www.mexicanguitarplayers.com\/wp-content\/uploads\/2025\/04\/ICBLSHT1.jpg","contentUrl":"https:\/\/www.mexicanguitarplayers.com\/wp-content\/uploads\/2025\/04\/ICBLSHT1.jpg","width":1200,"height":1200},{"@type":"BreadcrumbList","@id":"https:\/\/www.mexicanguitarplayers.com\/tienda\/sin categor\u00eda\/combo-blackstar-p-guit-ht-1\/#breadcrumb","itemListElement":[{"@type":"ListItem","position":1,"name":"Portada","item":"https:\/\/www.mexicanguitarplayers.com\/"},{"@type":"ListItem","position":2,"name":"Tienda","item":"https:\/\/www.mexicanguitarplayers.com\/tienda\/"},{"@type":"ListItem","position":3,"name":"COMBO BLACKSTAR P\/GUIT.HT-1"}]},{"@type":"WebSite","@id":"https:\/\/www.mexicanguitarplayers.com\/#website","url":"https:\/\/www.mexicanguitarplayers.com\/","name":"Mexican Guitar Players","description":"Website","publisher":{"@id":"https:\/\/www.mexicanguitarplayers.com\/#organization"},"potentialAction":[{"@type":"SearchAction","target":{"@type":"EntryPoint","urlTemplate":"https:\/\/www.mexicanguitarplayers.com\/?s={search_term_string}"},"query-input":{"@type":"PropertyValueSpecification","valueRequired":true,"valueName":"search_term_string"}}],"inLanguage":"en-US"},{"@type":"Organization","@id":"https:\/\/www.mexicanguitarplayers.com\/#organization","name":"Mexican Guitar Players","url":"https:\/\/www.mexicanguitarplayers.com\/","logo":{"@type":"ImageObject","inLanguage":"en-US","@id":"https:\/\/www.mexicanguitarplayers.com\/#\/schema\/logo\/image\/","url":"","contentUrl":"","caption":"Mexican Guitar Players"},"image":{"@id":"https:\/\/www.mexicanguitarplayers.com\/#\/schema\/logo\/image\/"}}]}},"brands":[{"id":172,"name":"BLACKSTAR","slug":"blackstar"}],"_links":{"self":[{"href":"https:\/\/www.mexicanguitarplayers.com\/en\/wp-json\/wp\/v2\/product\/27177","targetHints":{"allow":["GET"]}}],"collection":[{"href":"https:\/\/www.mexicanguitarplayers.com\/en\/wp-json\/wp\/v2\/product"}],"about":[{"href":"https:\/\/www.mexicanguitarplayers.com\/en\/wp-json\/wp\/v2\/types\/product"}],"replies":[{"embeddable":true,"href":"https:\/\/www.mexicanguitarplayers.com\/en\/wp-json\/wp\/v2\/comments?post=27177"}],"wp:featuredmedia":[{"embeddable":true,"href":"https:\/\/www.mexicanguitarplayers.com\/en\/wp-json\/wp\/v2\/media\/27175"}],"wp:attachment":[{"href":"https:\/\/www.mexicanguitarplayers.com\/en\/wp-json\/wp\/v2\/media?parent=27177"}],"wp:term":[{"taxonomy":"pwb-brand","embeddable":true,"href":"https:\/\/www.mexicanguitarplayers.com\/en\/wp-json\/wp\/v2\/pwb-brand?post=27177"},{"taxonomy":"product_brand","embeddable":true,"href":"https:\/\/www.mexicanguitarplayers.com\/en\/wp-json\/wp\/v2\/product_brand?post=27177"},{"taxonomy":"product_cat","embeddable":true,"href":"https:\/\/www.mexicanguitarplayers.com\/en\/wp-json\/wp\/v2\/product_cat?post=27177"},{"taxonomy":"product_tag","embeddable":true,"href":"https:\/\/www.mexicanguitarplayers.com\/en\/wp-json\/wp\/v2\/product_tag?post=27177"}],"curies":[{"name":"wp","href":"https:\/\/api.w.org\/{rel}","templated":true}]}}