{"id":27188,"date":"2025-04-06T23:53:46","date_gmt":"2025-04-07T05:53:46","guid":{"rendered":"https:\/\/www.mexicanguitarplayers.com\/tienda\/sin categor\u00eda\/pedal-nux-ndd-3-edge-delay\/"},"modified":"2026-04-29T19:15:09","modified_gmt":"2026-04-30T01:15:09","slug":"pedal-nux-ndd-3-edge-delay","status":"publish","type":"product","link":"https:\/\/www.mexicanguitarplayers.com\/en\/tienda\/cuerdas\/efectos\/efectos-individuales\/pedal-nux-ndd-3-edge-delay\/","title":{"rendered":"PEDAL NUX NDD-3 EDGE DELAY"},"content":{"rendered":"<div style=\"text-align: justify\">\n<div>\n<h3>La poderosa belleza de un gran delay.<\/h3>\n<\/div>\n<div>Edge Delay (NDD-3) es un mini pedal de delay con 3 tipos diferentes de delay: FPhi Digital Delay, Analog Delay y Tape Echo, puedes cambiar los tipos de delay manteniendo presionado el footswitch. FPhi Digital Delay es un delay digital con una segunda cabeza de repetici\u00f3n de proporci\u00f3n \u00e1urea. Hace que tu guitarra suene m\u00e1s musical por naturaleza. Ajusta f\u00e1cilmente las perillas, configura la subdivisi\u00f3n deseada. Activa el tempo de toque inteligente y estar\u00e1s listo para comenzar. Analog Delay se basa en el delay cl\u00e1sico BBD (Bucket Brigade Device). Produce un sonido muy c\u00e1lido con una ca\u00edda natural de los agudos. Muy adecuado para solos de balada abrasadora con atm\u00f3sfera rom\u00e1ntica. Nuestro algoritmo \u00fanico replica la retroalimentaci\u00f3n de oscilaci\u00f3n infinita f\u00edsica mientras ajusta la perilla de tiempo de m\u00e1ximo a m\u00ednimo r\u00e1pidamente. Tape Echo se basa en la legendaria m\u00e1quina Space Echo. Recreamos digitalmente la sensaci\u00f3n retro de una configuraci\u00f3n real de cinta y cabrestante. Tape Echo emula la saturaci\u00f3n de alta frecuencia y el decay de graves de la cinta magn\u00e9tica. Est\u00e1 suavemente modulado para mayor riqueza y color. Mueve la perilla de tiempo m\u00e1ximo a m\u00ednimo r\u00e1pidamente y podr\u00e1s obtener retroalimentaci\u00f3n infinita.<\/div>\n<div>\n<h4>Quick look<\/h4>\n<\/div>\n<ul style=\"margin: 0px 0px 0px 25px\">\n<li style=\"list-style-type: circle;margin: 5px\">Input impedance.<\/li>\n<li style=\"list-style-type: circle;margin: 5px\">Output impedance.<\/li>\n<li style=\"list-style-type: circle;margin: 5px\">Rango din\u00e1mico.<\/li>\n<li style=\"list-style-type: circle;margin: 5px\">Procesamiento DSP.<\/li>\n<li style=\"list-style-type: circle;margin: 5px\">Tasa de muestreo A\/D D\/A.<\/li>\n<li style=\"list-style-type: circle;margin: 5px\">Energy.<\/li>\n<li style=\"list-style-type: circle;margin: 5px\">Consumo de corriente.<\/li>\n<li style=\"list-style-type: circle;margin: 5px\">Dimensions.<\/li>\n<li style=\"list-style-type: circle;margin: 5px\">Weight.<\/li>\n<\/ul>\n<div>\n<div style=\"font-weight: bold\">Input impedance.<\/div>\n<div>\n<p>1 milli-ohm.<\/p>\n<\/div>\n<div style=\"font-weight: bold\">Output impedance.<\/div>\n<div>\n<p>10 kilo-ohms.<\/p>\n<\/div>\n<div style=\"font-weight: bold\">Rango din\u00e1mico.<\/div>\n<div>\n<p>103 dB.<\/p>\n<\/div>\n<div style=\"font-weight: bold\">Procesamiento DSP.<\/div>\n<div>\n<p>48 kHz \/ 32-bit.<\/p>\n<\/div>\n<div style=\"font-weight: bold\">Tasa de muestreo A\/D D\/A.<\/div>\n<div>\n<p>48 kHz \/ 24-bit.<\/p>\n<\/div>\n<div style=\"font-weight: bold\">Energy.<\/div>\n<div>\n<p>9V DC (Centro negativo, adaptador opcional ACD-006A).<\/p>\n<\/div>\n<div style=\"font-weight: bold\">Consumo de corriente.<\/div>\n<div>\n<p>Menos de 100 mA.<\/p>\n<\/div>\n<div style=\"font-weight: bold\">Dimensions.<\/div>\n<div>\n<p>94 x 51 x 53 mm.<\/p>\n<\/div>\n<div style=\"font-weight: bold\">Weight.<\/div>\n<div>\n<p>175 g.<\/p>\n<\/div>\n<\/div>\n<\/div>","protected":false},"excerpt":{"rendered":"<p>Mini pedal de delay para guitarra, perillas Time, Repeat y Mix, 3 tipos de delay: FPhi Digital Delay, Analog Delay y Tape Echo, subdivisi\u00f3n con smart tempo (m\u00e1ximo 1500 ms), true-bypass o buffer-bypass (trails), admite E\/S est\u00e9reo con cable TRS, bajo consumo de energ\u00eda (menos de 100 mA), se\u00f1al seca anal\u00f3gica para bajo ruido y latencia cero, dimensiones: 94 x 51 x 53 mm, peso: 175 g.&hellip; <a class=\"kt-excerpt-readmore more-link\" href=\"https:\/\/www.mexicanguitarplayers.com\/en\/tienda\/cuerdas\/efectos\/efectos-individuales\/pedal-nux-ndd-3-edge-delay\/\">Read more<\/a><\/p>","protected":false},"featured_media":27180,"comment_status":"open","ping_status":"closed","template":"","meta":{"kt_blocks_editor_width":""},"pwb-brand":[177],"product_brand":[],"product_cat":[224,241,504],"product_tag":[],"class_list":{"0":"post-27188","1":"product","2":"type-product","3":"status-publish","4":"has-post-thumbnail","6":"pwb-brand-nux","7":"product_cat-cuerdas","8":"product_cat-efectos","9":"product_cat-efectos-individuales","10":"product_shipping_class-0-5-kg","12":"first","13":"outofstock","14":"taxable","15":"shipping-taxable","16":"purchasable","17":"product-type-simple"},"yoast_head":"<!-- This site is optimized with the Yoast SEO plugin v27.5 - https:\/\/yoast.com\/product\/yoast-seo-wordpress\/ -->\n<title>PEDAL NUX NDD-3 EDGE DELAY - Mexican Guitar Players<\/title>\n<meta name=\"description\" content=\"Mini pedal de delay para guitarra, perillas Time, Repeat y Mix, 3 tipos de delay: FPhi Digital Delay, Analog Delay y Tape Echo, subdivisi\u00f3n con smart tempo (m\u00e1ximo 1500 ms), true-bypass o buffer-bypass (trails), admite E\/S est\u00e9reo con cable TRS, bajo consumo de energ\u00eda (menos de 100 mA), se\u00f1al seca anal\u00f3gica para bajo ruido y latencia cero, dimensiones: 94 x 51 x 53 mm, peso: 175 g.\" \/>\n<meta name=\"robots\" content=\"index, follow, max-snippet:-1, max-image-preview:large, max-video-preview:-1\" \/>\n<link rel=\"canonical\" href=\"https:\/\/www.mexicanguitarplayers.com\/en\/tienda\/sin%20categor\u00eda\/pedal-nux-ndd-3-edge-delay\/\" \/>\n<meta property=\"og:locale\" content=\"en_US\" \/>\n<meta property=\"og:type\" content=\"article\" \/>\n<meta property=\"og:title\" content=\"PEDAL NUX NDD-3 EDGE DELAY - Mexican Guitar Players\" \/>\n<meta property=\"og:description\" content=\"Mini pedal de delay para guitarra, perillas Time, Repeat y Mix, 3 tipos de delay: FPhi Digital Delay, Analog Delay y Tape Echo, subdivisi\u00f3n con smart tempo (m\u00e1ximo 1500 ms), true-bypass o buffer-bypass (trails), admite E\/S est\u00e9reo con cable TRS, bajo consumo de energ\u00eda (menos de 100 mA), se\u00f1al seca anal\u00f3gica para bajo ruido y latencia cero, dimensiones: 94 x 51 x 53 mm, peso: 175 g.\" \/>\n<meta property=\"og:url\" content=\"https:\/\/www.mexicanguitarplayers.com\/en\/tienda\/sin categor\u00eda\/pedal-nux-ndd-3-edge-delay\/\" \/>\n<meta property=\"og:site_name\" content=\"Mexican Guitar Players\" \/>\n<meta property=\"article:modified_time\" content=\"2026-04-30T01:15:09+00:00\" \/>\n<meta name=\"twitter:card\" content=\"summary_large_image\" \/>\n<meta name=\"twitter:label1\" content=\"Est. reading time\" \/>\n\t<meta name=\"twitter:data1\" content=\"2 minutes\" \/>\n<script type=\"application\/ld+json\" class=\"yoast-schema-graph\">{\"@context\":\"https:\\\/\\\/schema.org\",\"@graph\":[{\"@type\":[\"WebPage\",\"ItemPage\"],\"@id\":\"https:\\\/\\\/www.mexicanguitarplayers.com\\\/tienda\\\/sin categor\u00eda\\\/pedal-nux-ndd-3-edge-delay\\\/\",\"url\":\"https:\\\/\\\/www.mexicanguitarplayers.com\\\/tienda\\\/sin categor\u00eda\\\/pedal-nux-ndd-3-edge-delay\\\/\",\"name\":\"PEDAL NUX NDD-3 EDGE DELAY - Mexican Guitar Players\",\"isPartOf\":{\"@id\":\"https:\\\/\\\/www.mexicanguitarplayers.com\\\/#website\"},\"primaryImageOfPage\":{\"@id\":\"https:\\\/\\\/www.mexicanguitarplayers.com\\\/tienda\\\/sin categor\u00eda\\\/pedal-nux-ndd-3-edge-delay\\\/#primaryimage\"},\"image\":{\"@id\":\"https:\\\/\\\/www.mexicanguitarplayers.com\\\/tienda\\\/sin categor\u00eda\\\/pedal-nux-ndd-3-edge-delay\\\/#primaryimage\"},\"thumbnailUrl\":\"https:\\\/\\\/www.mexicanguitarplayers.com\\\/wp-content\\\/uploads\\\/2025\\\/04\\\/VANUXNDD3.jpg\",\"datePublished\":\"2025-04-07T05:53:46+00:00\",\"dateModified\":\"2026-04-30T01:15:09+00:00\",\"description\":\"Mini pedal de delay para guitarra, perillas Time, Repeat y Mix, 3 tipos de delay: FPhi Digital Delay, Analog Delay y Tape Echo, subdivisi\u00f3n con smart tempo (m\u00e1ximo 1500 ms), true-bypass o buffer-bypass (trails), admite E\\\/S est\u00e9reo con cable TRS, bajo consumo de energ\u00eda (menos de 100 mA), se\u00f1al seca anal\u00f3gica para bajo ruido y latencia cero, dimensiones: 94 x 51 x 53 mm, peso: 175 g.\",\"breadcrumb\":{\"@id\":\"https:\\\/\\\/www.mexicanguitarplayers.com\\\/tienda\\\/sin categor\u00eda\\\/pedal-nux-ndd-3-edge-delay\\\/#breadcrumb\"},\"inLanguage\":\"en-US\",\"potentialAction\":[{\"@type\":\"ReadAction\",\"target\":[\"https:\\\/\\\/www.mexicanguitarplayers.com\\\/tienda\\\/sin categor\u00eda\\\/pedal-nux-ndd-3-edge-delay\\\/\"]}]},{\"@type\":\"ImageObject\",\"inLanguage\":\"en-US\",\"@id\":\"https:\\\/\\\/www.mexicanguitarplayers.com\\\/tienda\\\/sin categor\u00eda\\\/pedal-nux-ndd-3-edge-delay\\\/#primaryimage\",\"url\":\"https:\\\/\\\/www.mexicanguitarplayers.com\\\/wp-content\\\/uploads\\\/2025\\\/04\\\/VANUXNDD3.jpg\",\"contentUrl\":\"https:\\\/\\\/www.mexicanguitarplayers.com\\\/wp-content\\\/uploads\\\/2025\\\/04\\\/VANUXNDD3.jpg\",\"width\":1200,\"height\":1200},{\"@type\":\"BreadcrumbList\",\"@id\":\"https:\\\/\\\/www.mexicanguitarplayers.com\\\/tienda\\\/sin categor\u00eda\\\/pedal-nux-ndd-3-edge-delay\\\/#breadcrumb\",\"itemListElement\":[{\"@type\":\"ListItem\",\"position\":1,\"name\":\"Portada\",\"item\":\"https:\\\/\\\/www.mexicanguitarplayers.com\\\/\"},{\"@type\":\"ListItem\",\"position\":2,\"name\":\"Tienda\",\"item\":\"https:\\\/\\\/www.mexicanguitarplayers.com\\\/tienda\\\/\"},{\"@type\":\"ListItem\",\"position\":3,\"name\":\"PEDAL NUX NDD-3 EDGE DELAY\"}]},{\"@type\":\"WebSite\",\"@id\":\"https:\\\/\\\/www.mexicanguitarplayers.com\\\/#website\",\"url\":\"https:\\\/\\\/www.mexicanguitarplayers.com\\\/\",\"name\":\"Mexican Guitar Players\",\"description\":\"Website\",\"publisher\":{\"@id\":\"https:\\\/\\\/www.mexicanguitarplayers.com\\\/#organization\"},\"potentialAction\":[{\"@type\":\"SearchAction\",\"target\":{\"@type\":\"EntryPoint\",\"urlTemplate\":\"https:\\\/\\\/www.mexicanguitarplayers.com\\\/?s={search_term_string}\"},\"query-input\":{\"@type\":\"PropertyValueSpecification\",\"valueRequired\":true,\"valueName\":\"search_term_string\"}}],\"inLanguage\":\"en-US\"},{\"@type\":\"Organization\",\"@id\":\"https:\\\/\\\/www.mexicanguitarplayers.com\\\/#organization\",\"name\":\"Mexican Guitar Players\",\"url\":\"https:\\\/\\\/www.mexicanguitarplayers.com\\\/\",\"logo\":{\"@type\":\"ImageObject\",\"inLanguage\":\"en-US\",\"@id\":\"https:\\\/\\\/www.mexicanguitarplayers.com\\\/#\\\/schema\\\/logo\\\/image\\\/\",\"url\":\"\",\"contentUrl\":\"\",\"caption\":\"Mexican Guitar Players\"},\"image\":{\"@id\":\"https:\\\/\\\/www.mexicanguitarplayers.com\\\/#\\\/schema\\\/logo\\\/image\\\/\"}}]}<\/script>\n<!-- \/ Yoast SEO plugin. -->","yoast_head_json":{"title":"PEDAL NUX NDD-3 EDGE DELAY - Mexican Guitar Players","description":"Mini pedal de delay para guitarra, perillas Time, Repeat y Mix, 3 tipos de delay: FPhi Digital Delay, Analog Delay y Tape Echo, subdivisi\u00f3n con smart tempo (m\u00e1ximo 1500 ms), true-bypass o buffer-bypass (trails), admite E\/S est\u00e9reo con cable TRS, bajo consumo de energ\u00eda (menos de 100 mA), se\u00f1al seca anal\u00f3gica para bajo ruido y latencia cero, dimensiones: 94 x 51 x 53 mm, peso: 175 g.","robots":{"index":"index","follow":"follow","max-snippet":"max-snippet:-1","max-image-preview":"max-image-preview:large","max-video-preview":"max-video-preview:-1"},"canonical":"https:\/\/www.mexicanguitarplayers.com\/en\/tienda\/sin categor\u00eda\/pedal-nux-ndd-3-edge-delay\/","og_locale":"en_US","og_type":"article","og_title":"PEDAL NUX NDD-3 EDGE DELAY - Mexican Guitar Players","og_description":"Mini pedal de delay para guitarra, perillas Time, Repeat y Mix, 3 tipos de delay: FPhi Digital Delay, Analog Delay y Tape Echo, subdivisi\u00f3n con smart tempo (m\u00e1ximo 1500 ms), true-bypass o buffer-bypass (trails), admite E\/S est\u00e9reo con cable TRS, bajo consumo de energ\u00eda (menos de 100 mA), se\u00f1al seca anal\u00f3gica para bajo ruido y latencia cero, dimensiones: 94 x 51 x 53 mm, peso: 175 g.","og_url":"https:\/\/www.mexicanguitarplayers.com\/en\/tienda\/sin categor\u00eda\/pedal-nux-ndd-3-edge-delay\/","og_site_name":"Mexican Guitar Players","article_modified_time":"2026-04-30T01:15:09+00:00","twitter_card":"summary_large_image","twitter_misc":{"Est. reading time":"2 minutes"},"schema":{"@context":"https:\/\/schema.org","@graph":[{"@type":["WebPage","ItemPage"],"@id":"https:\/\/www.mexicanguitarplayers.com\/tienda\/sin categor\u00eda\/pedal-nux-ndd-3-edge-delay\/","url":"https:\/\/www.mexicanguitarplayers.com\/tienda\/sin categor\u00eda\/pedal-nux-ndd-3-edge-delay\/","name":"PEDAL NUX NDD-3 EDGE DELAY - Mexican Guitar Players","isPartOf":{"@id":"https:\/\/www.mexicanguitarplayers.com\/#website"},"primaryImageOfPage":{"@id":"https:\/\/www.mexicanguitarplayers.com\/tienda\/sin categor\u00eda\/pedal-nux-ndd-3-edge-delay\/#primaryimage"},"image":{"@id":"https:\/\/www.mexicanguitarplayers.com\/tienda\/sin categor\u00eda\/pedal-nux-ndd-3-edge-delay\/#primaryimage"},"thumbnailUrl":"https:\/\/www.mexicanguitarplayers.com\/wp-content\/uploads\/2025\/04\/VANUXNDD3.jpg","datePublished":"2025-04-07T05:53:46+00:00","dateModified":"2026-04-30T01:15:09+00:00","description":"Mini pedal de delay para guitarra, perillas Time, Repeat y Mix, 3 tipos de delay: FPhi Digital Delay, Analog Delay y Tape Echo, subdivisi\u00f3n con smart tempo (m\u00e1ximo 1500 ms), true-bypass o buffer-bypass (trails), admite E\/S est\u00e9reo con cable TRS, bajo consumo de energ\u00eda (menos de 100 mA), se\u00f1al seca anal\u00f3gica para bajo ruido y latencia cero, dimensiones: 94 x 51 x 53 mm, peso: 175 g.","breadcrumb":{"@id":"https:\/\/www.mexicanguitarplayers.com\/tienda\/sin categor\u00eda\/pedal-nux-ndd-3-edge-delay\/#breadcrumb"},"inLanguage":"en-US","potentialAction":[{"@type":"ReadAction","target":["https:\/\/www.mexicanguitarplayers.com\/tienda\/sin categor\u00eda\/pedal-nux-ndd-3-edge-delay\/"]}]},{"@type":"ImageObject","inLanguage":"en-US","@id":"https:\/\/www.mexicanguitarplayers.com\/tienda\/sin categor\u00eda\/pedal-nux-ndd-3-edge-delay\/#primaryimage","url":"https:\/\/www.mexicanguitarplayers.com\/wp-content\/uploads\/2025\/04\/VANUXNDD3.jpg","contentUrl":"https:\/\/www.mexicanguitarplayers.com\/wp-content\/uploads\/2025\/04\/VANUXNDD3.jpg","width":1200,"height":1200},{"@type":"BreadcrumbList","@id":"https:\/\/www.mexicanguitarplayers.com\/tienda\/sin categor\u00eda\/pedal-nux-ndd-3-edge-delay\/#breadcrumb","itemListElement":[{"@type":"ListItem","position":1,"name":"Portada","item":"https:\/\/www.mexicanguitarplayers.com\/"},{"@type":"ListItem","position":2,"name":"Tienda","item":"https:\/\/www.mexicanguitarplayers.com\/tienda\/"},{"@type":"ListItem","position":3,"name":"PEDAL NUX NDD-3 EDGE DELAY"}]},{"@type":"WebSite","@id":"https:\/\/www.mexicanguitarplayers.com\/#website","url":"https:\/\/www.mexicanguitarplayers.com\/","name":"Mexican Guitar Players","description":"Website","publisher":{"@id":"https:\/\/www.mexicanguitarplayers.com\/#organization"},"potentialAction":[{"@type":"SearchAction","target":{"@type":"EntryPoint","urlTemplate":"https:\/\/www.mexicanguitarplayers.com\/?s={search_term_string}"},"query-input":{"@type":"PropertyValueSpecification","valueRequired":true,"valueName":"search_term_string"}}],"inLanguage":"en-US"},{"@type":"Organization","@id":"https:\/\/www.mexicanguitarplayers.com\/#organization","name":"Mexican Guitar Players","url":"https:\/\/www.mexicanguitarplayers.com\/","logo":{"@type":"ImageObject","inLanguage":"en-US","@id":"https:\/\/www.mexicanguitarplayers.com\/#\/schema\/logo\/image\/","url":"","contentUrl":"","caption":"Mexican Guitar Players"},"image":{"@id":"https:\/\/www.mexicanguitarplayers.com\/#\/schema\/logo\/image\/"}}]}},"brands":[{"id":177,"name":"NUX","slug":"nux"}],"_links":{"self":[{"href":"https:\/\/www.mexicanguitarplayers.com\/en\/wp-json\/wp\/v2\/product\/27188","targetHints":{"allow":["GET"]}}],"collection":[{"href":"https:\/\/www.mexicanguitarplayers.com\/en\/wp-json\/wp\/v2\/product"}],"about":[{"href":"https:\/\/www.mexicanguitarplayers.com\/en\/wp-json\/wp\/v2\/types\/product"}],"replies":[{"embeddable":true,"href":"https:\/\/www.mexicanguitarplayers.com\/en\/wp-json\/wp\/v2\/comments?post=27188"}],"wp:featuredmedia":[{"embeddable":true,"href":"https:\/\/www.mexicanguitarplayers.com\/en\/wp-json\/wp\/v2\/media\/27180"}],"wp:attachment":[{"href":"https:\/\/www.mexicanguitarplayers.com\/en\/wp-json\/wp\/v2\/media?parent=27188"}],"wp:term":[{"taxonomy":"pwb-brand","embeddable":true,"href":"https:\/\/www.mexicanguitarplayers.com\/en\/wp-json\/wp\/v2\/pwb-brand?post=27188"},{"taxonomy":"product_brand","embeddable":true,"href":"https:\/\/www.mexicanguitarplayers.com\/en\/wp-json\/wp\/v2\/product_brand?post=27188"},{"taxonomy":"product_cat","embeddable":true,"href":"https:\/\/www.mexicanguitarplayers.com\/en\/wp-json\/wp\/v2\/product_cat?post=27188"},{"taxonomy":"product_tag","embeddable":true,"href":"https:\/\/www.mexicanguitarplayers.com\/en\/wp-json\/wp\/v2\/product_tag?post=27188"}],"curies":[{"name":"wp","href":"https:\/\/api.w.org\/{rel}","templated":true}]}}