{"id":27216,"date":"2025-04-06T23:55:52","date_gmt":"2025-04-07T05:55:52","guid":{"rendered":"https:\/\/www.mexicanguitarplayers.com\/tienda\/sin categor\u00eda\/bafle-proel-monitor-mod-wd10a\/"},"modified":"2026-04-10T04:42:31","modified_gmt":"2026-04-10T10:42:31","slug":"bafle-proel-monitor-mod-wd10a","status":"publish","type":"product","link":"https:\/\/www.mexicanguitarplayers.com\/en\/tienda\/audio\/bafles-y-bocinas\/bafles\/bafles-activos\/bafle-proel-monitor-mod-wd10a\/","title":{"rendered":"BAFLE PROEL MONITOR  MOD. WD10A"},"content":{"rendered":"<div style=\"text-align: justify\">\n<div>\n<h3>Monitor de escenario coaxial activo de dos v\u00edas.<\/h3>\n<\/div>\n<div>La serie WEDGE es una gama completa de monitores activos de escenario dise\u00f1ados para ofrecer no s\u00f3lo a m\u00fasicos profesionales y compa\u00f1\u00edas de renta sino tambi\u00e9n a m\u00fasicos amateur y usuarios no profesionales, una soluci\u00f3n de monitoreo de gran valor a un precio muy asequible. Los monitores de escenario WEDGE proporcionan gran inteligibilidad de sonido y un alto SPL en un gabinete extremadamente ligero y portable. Los transductores coaxiales dise\u00f1ados con especificaciones de Proel, representan la mejor opci\u00f3n para monitores de escenario, no solamente porque se ajustan en los gabinetes m\u00e1s compactos sino tambi\u00e9n por el hecho de que proporcionan una alineaci\u00f3n perfecta en la emisi\u00f3n de frecuencias altas y bajas y una directividad controlada para una audici\u00f3n perfecta desde cualquier posici\u00f3n. Los m\u00f3dulos ligeros de amplificador Clase D con SMPS, acoplados a un procesamiento anal\u00f3gico sofisticado, proporcionan un nivel impresionante de presi\u00f3n sonora con una respuesta extremadamente detallada, en particular en el rango vocal y una notable resistencia a la retroalimentaci\u00f3n. Dos pre ajustes de ecualizaci\u00f3n personalizados est\u00e1n disponibles para el uso del altavoz, no solo para monitores de escenario sino tambi\u00e9n como un sistema principal (FOH). El gabinete de bajo perfil, elegante y discreto con asas empotradas y pintura de poliuretano resistente a los ara\u00f1azos, se adapta perfectamente a cualquier escenario. El ultra compacto WD10A ofrece un monitoreo de alto rendimiento tambi\u00e9n en escenarios peque\u00f1os o lugares con espacio limitado y es una soluci\u00f3n ideal para el habla, vocales y teclados.<\/div>\n<div>\n<h4>Quick look<\/h4>\n<\/div>\n<ul style=\"margin: 0px 0px 0px 25px\">\n<li style=\"list-style-type: circle;margin: 5px\">Tipo de sistema.<\/li>\n<li style=\"list-style-type: circle;margin: 5px\">Dispositivo de baja frecuencia.<\/li>\n<li style=\"list-style-type: circle;margin: 5px\">Dispositivo de alta frecuencia.<\/li>\n<li style=\"list-style-type: circle;margin: 5px\">Procesamiento de la se\u00f1al.<\/li>\n<li style=\"list-style-type: circle;margin: 5px\">Power.<\/li>\n<li style=\"list-style-type: circle;margin: 5px\">Power supply.<\/li>\n<li style=\"list-style-type: circle;margin: 5px\">Maximum SPL.<\/li>\n<li style=\"list-style-type: circle;margin: 5px\">Frequency response.<\/li>\n<li style=\"list-style-type: circle;margin: 5px\">Material del gabinete.<\/li>\n<li style=\"list-style-type: circle;margin: 5px\">Rejilla.<\/li>\n<li style=\"list-style-type: circle;margin: 5px\">\u00c1ngulo de cobertura.<\/li>\n<li style=\"list-style-type: circle;margin: 5px\">Monitor Taper.<\/li>\n<li style=\"list-style-type: circle;margin: 5px\">Input connectors.<\/li>\n<li style=\"list-style-type: circle;margin: 5px\">Polo de montaje.<\/li>\n<li style=\"list-style-type: circle;margin: 5px\">Weight.<\/li>\n<li style=\"list-style-type: circle;margin: 5px\">Dimensions.<\/li>\n<li style=\"list-style-type: circle;margin: 5px\">Controls<\/li>\n<\/ul>\n<div>\n<div style=\"font-weight: bold\">Tipo de sistema.<\/div>\n<div>\n<p>Monitor de escenario coaxial activo ventilado de dos v\u00edas.<\/p>\n<\/div>\n<div style=\"font-weight: bold\">Dispositivo de baja frecuencia.<\/div>\n<div>\n<p>Woofer de 10&#8243; pulgadas con VC de 2&#8243; pulgadas.<\/p>\n<\/div>\n<div style=\"font-weight: bold\">Dispositivo de alta frecuencia.<\/div>\n<div>\n<p>Driver de compresi\u00f3n de neodimio de 1&#8243; pulgada con VC de 1&#8243; pulgada.<\/p>\n<\/div>\n<div style=\"font-weight: bold\">Procesamiento de la se\u00f1al.<\/div>\n<div>\n<p>Analogous.<\/p>\n<\/div>\n<div style=\"font-weight: bold\">Power.<\/div>\n<div>\n<p>Potencia continua de 50 watts en amplificador Clase AB para frecuencias altas. Potencia continua de 250 watts en amplificador Clase D para frecuencias bajas. Potencia pico: 500 watts.<\/p>\n<\/div>\n<div style=\"font-weight: bold\">Power supply.<\/div>\n<div>\n<p>Fuente de alimentaci\u00f3n conmutada SMPS. Lineal 230 VAC o 120 VAC 50\/60 Hz<\/p>\n<\/div>\n<div style=\"font-weight: bold\">Maximum SPL.<\/div>\n<div>\n<p>123 dB.<\/p>\n<\/div>\n<div style=\"font-weight: bold\">Frequency response.<\/div>\n<div>\n<p>60 Hz &#8211; 20 kHz.<\/p>\n<\/div>\n<div style=\"font-weight: bold\">Material del gabinete.<\/div>\n<div>\n<p>Madera contrachapada con pintura de poliuretano negro resistente a los ara\u00f1azos.<\/p>\n<\/div>\n<div style=\"font-weight: bold\">Rejilla.<\/div>\n<div>\n<p>Met\u00e1lica reforzada.<\/p>\n<\/div>\n<div style=\"font-weight: bold\">\u00c1ngulo de cobertura.<\/div>\n<div>\n<p>H. (-6 dB): 80\u00b0 H x 80\u00b0 V.<\/p>\n<\/div>\n<div style=\"font-weight: bold\">Monitor Taper.<\/div>\n<div>\n<p>36\u00b0.<\/p>\n<\/div>\n<div style=\"font-weight: bold\">Input connectors.<\/div>\n<div>\n<p>Combo LINK: XLR macho.<\/p>\n<\/div>\n<div style=\"font-weight: bold\">Polo de montaje.<\/div>\n<div>\n<p>1 x lado.<\/p>\n<\/div>\n<div style=\"font-weight: bold\">Weight.<\/div>\n<div>\n<p>11 Kg.<\/p>\n<\/div>\n<div style=\"font-weight: bold\">Dimensions.<\/div>\n<div>\n<p>480 x 300 x 420 mm.<\/p>\n<\/div>\n<div style=\"font-weight: bold\">Controls<\/div>\n<div>\n<p>Nivel, selecci\u00f3n de preset MONITOR, FOH), GND lift.<\/p>\n<\/div>\n<\/div>\n<div>\n<h4>Characteristics<\/h4>\n<\/div>\n<div>\n<ul style=\"margin: 0px 0px 0px 25px\">\n<li style=\"list-style-type: circle;margin: 5px\">Circuito limitador dual.<\/li>\n<li style=\"list-style-type: circle;margin: 5px\">2 presets de ecualizaci\u00f3n optimizados para utilizar como monitor o FOH.<\/li>\n<li style=\"list-style-type: circle;margin: 5px\">Panel de conexiones empotrado para una mejor protecci\u00f3n.<\/li>\n<li style=\"list-style-type: circle;margin: 5px\">Dos manijas ahuecadas para facilitar el transporte.<\/li>\n<li style=\"list-style-type: circle;margin: 5px\">Adaptador de polo.<\/li>\n<\/ul>\n<\/div>\n<\/div>","protected":false},"excerpt":{"rendered":"<p>Bafle activo, monitor de escenario coaxial activo ventilado de dos v\u00edas, ideal para utilizar como monitor o FOH, potencia continua de 50 watts en amplificador Clase AB para frecuencias altas, potencia continua de 250 watts en amplificador Clase D para frecuencias bajas, potencia pico de 500 watts, SPL m\u00e1ximo: 123 dB, respuesta de frecuencia: 60 Hz &#8211; 20 kHz, \u00e1ngulo de cobertura: H. (-6 dB): 80\u00b0 H x 80\u00b0 V, peso: 11 kg.&hellip; <a class=\"kt-excerpt-readmore more-link\" href=\"https:\/\/www.mexicanguitarplayers.com\/en\/tienda\/audio\/bafles-y-bocinas\/bafles\/bafles-activos\/bafle-proel-monitor-mod-wd10a\/\">Read more<\/a><\/p>","protected":false},"featured_media":27214,"comment_status":"open","ping_status":"closed","template":"","meta":{"kt_blocks_editor_width":""},"pwb-brand":[252],"product_brand":[],"product_cat":[213,222,472,221],"product_tag":[],"class_list":{"0":"post-27216","1":"product","2":"type-product","3":"status-publish","4":"has-post-thumbnail","6":"pwb-brand-proel","7":"product_cat-audio","8":"product_cat-bafles","9":"product_cat-bafles-activos","10":"product_cat-bafles-y-bocinas","11":"product_shipping_class-0-5-kg","13":"first","14":"outofstock","15":"taxable","16":"shipping-taxable","17":"purchasable","18":"product-type-simple"},"yoast_head":"<!-- This site is optimized with the Yoast SEO plugin v27.5 - https:\/\/yoast.com\/product\/yoast-seo-wordpress\/ -->\n<title>BAFLE PROEL MONITOR MOD. WD10A - Mexican Guitar Players<\/title>\n<meta name=\"description\" content=\"Bafle activo, monitor de escenario coaxial activo ventilado de dos v\u00edas, ideal para utilizar como monitor o FOH, potencia continua de 50 watts en amplificador Clase AB para frecuencias altas, potencia continua de 250 watts en amplificador Clase D para frecuencias bajas, potencia pico de 500 watts, SPL m\u00e1ximo: 123 dB, respuesta de frecuencia: 60 Hz - 20 kHz, \u00e1ngulo de cobertura: H. (-6 dB): 80\u00b0 H x 80\u00b0 V, peso: 11 kg.\" \/>\n<meta name=\"robots\" content=\"index, follow, max-snippet:-1, max-image-preview:large, max-video-preview:-1\" \/>\n<link rel=\"canonical\" href=\"https:\/\/www.mexicanguitarplayers.com\/en\/tienda\/sin%20categor\u00eda\/bafle-proel-monitor-mod-wd10a\/\" \/>\n<meta property=\"og:locale\" content=\"en_US\" \/>\n<meta property=\"og:type\" content=\"article\" \/>\n<meta property=\"og:title\" content=\"BAFLE PROEL MONITOR MOD. WD10A - Mexican Guitar Players\" \/>\n<meta property=\"og:description\" content=\"Bafle activo, monitor de escenario coaxial activo ventilado de dos v\u00edas, ideal para utilizar como monitor o FOH, potencia continua de 50 watts en amplificador Clase AB para frecuencias altas, potencia continua de 250 watts en amplificador Clase D para frecuencias bajas, potencia pico de 500 watts, SPL m\u00e1ximo: 123 dB, respuesta de frecuencia: 60 Hz - 20 kHz, \u00e1ngulo de cobertura: H. (-6 dB): 80\u00b0 H x 80\u00b0 V, peso: 11 kg.\" \/>\n<meta property=\"og:url\" content=\"https:\/\/www.mexicanguitarplayers.com\/en\/tienda\/sin categor\u00eda\/bafle-proel-monitor-mod-wd10a\/\" \/>\n<meta property=\"og:site_name\" content=\"Mexican Guitar Players\" \/>\n<meta property=\"article:modified_time\" content=\"2026-04-10T10:42:31+00:00\" \/>\n<meta name=\"twitter:card\" content=\"summary_large_image\" \/>\n<meta name=\"twitter:label1\" content=\"Est. reading time\" \/>\n\t<meta name=\"twitter:data1\" content=\"3 minutes\" \/>\n<script type=\"application\/ld+json\" class=\"yoast-schema-graph\">{\"@context\":\"https:\\\/\\\/schema.org\",\"@graph\":[{\"@type\":[\"WebPage\",\"ItemPage\"],\"@id\":\"https:\\\/\\\/www.mexicanguitarplayers.com\\\/tienda\\\/sin categor\u00eda\\\/bafle-proel-monitor-mod-wd10a\\\/\",\"url\":\"https:\\\/\\\/www.mexicanguitarplayers.com\\\/tienda\\\/sin categor\u00eda\\\/bafle-proel-monitor-mod-wd10a\\\/\",\"name\":\"BAFLE PROEL MONITOR MOD. WD10A - Mexican Guitar Players\",\"isPartOf\":{\"@id\":\"https:\\\/\\\/www.mexicanguitarplayers.com\\\/#website\"},\"primaryImageOfPage\":{\"@id\":\"https:\\\/\\\/www.mexicanguitarplayers.com\\\/tienda\\\/sin categor\u00eda\\\/bafle-proel-monitor-mod-wd10a\\\/#primaryimage\"},\"image\":{\"@id\":\"https:\\\/\\\/www.mexicanguitarplayers.com\\\/tienda\\\/sin categor\u00eda\\\/bafle-proel-monitor-mod-wd10a\\\/#primaryimage\"},\"thumbnailUrl\":\"https:\\\/\\\/www.mexicanguitarplayers.com\\\/wp-content\\\/uploads\\\/2025\\\/04\\\/IAPREWD10A.jpg\",\"datePublished\":\"2025-04-07T05:55:52+00:00\",\"dateModified\":\"2026-04-10T10:42:31+00:00\",\"description\":\"Bafle activo, monitor de escenario coaxial activo ventilado de dos v\u00edas, ideal para utilizar como monitor o FOH, potencia continua de 50 watts en amplificador Clase AB para frecuencias altas, potencia continua de 250 watts en amplificador Clase D para frecuencias bajas, potencia pico de 500 watts, SPL m\u00e1ximo: 123 dB, respuesta de frecuencia: 60 Hz - 20 kHz, \u00e1ngulo de cobertura: H. (-6 dB): 80\u00b0 H x 80\u00b0 V, peso: 11 kg.\",\"breadcrumb\":{\"@id\":\"https:\\\/\\\/www.mexicanguitarplayers.com\\\/tienda\\\/sin categor\u00eda\\\/bafle-proel-monitor-mod-wd10a\\\/#breadcrumb\"},\"inLanguage\":\"en-US\",\"potentialAction\":[{\"@type\":\"ReadAction\",\"target\":[\"https:\\\/\\\/www.mexicanguitarplayers.com\\\/tienda\\\/sin categor\u00eda\\\/bafle-proel-monitor-mod-wd10a\\\/\"]}]},{\"@type\":\"ImageObject\",\"inLanguage\":\"en-US\",\"@id\":\"https:\\\/\\\/www.mexicanguitarplayers.com\\\/tienda\\\/sin categor\u00eda\\\/bafle-proel-monitor-mod-wd10a\\\/#primaryimage\",\"url\":\"https:\\\/\\\/www.mexicanguitarplayers.com\\\/wp-content\\\/uploads\\\/2025\\\/04\\\/IAPREWD10A.jpg\",\"contentUrl\":\"https:\\\/\\\/www.mexicanguitarplayers.com\\\/wp-content\\\/uploads\\\/2025\\\/04\\\/IAPREWD10A.jpg\",\"width\":1200,\"height\":1200},{\"@type\":\"BreadcrumbList\",\"@id\":\"https:\\\/\\\/www.mexicanguitarplayers.com\\\/tienda\\\/sin categor\u00eda\\\/bafle-proel-monitor-mod-wd10a\\\/#breadcrumb\",\"itemListElement\":[{\"@type\":\"ListItem\",\"position\":1,\"name\":\"Portada\",\"item\":\"https:\\\/\\\/www.mexicanguitarplayers.com\\\/\"},{\"@type\":\"ListItem\",\"position\":2,\"name\":\"Tienda\",\"item\":\"https:\\\/\\\/www.mexicanguitarplayers.com\\\/tienda\\\/\"},{\"@type\":\"ListItem\",\"position\":3,\"name\":\"BAFLE PROEL MONITOR MOD. WD10A\"}]},{\"@type\":\"WebSite\",\"@id\":\"https:\\\/\\\/www.mexicanguitarplayers.com\\\/#website\",\"url\":\"https:\\\/\\\/www.mexicanguitarplayers.com\\\/\",\"name\":\"Mexican Guitar Players\",\"description\":\"Website\",\"publisher\":{\"@id\":\"https:\\\/\\\/www.mexicanguitarplayers.com\\\/#organization\"},\"potentialAction\":[{\"@type\":\"SearchAction\",\"target\":{\"@type\":\"EntryPoint\",\"urlTemplate\":\"https:\\\/\\\/www.mexicanguitarplayers.com\\\/?s={search_term_string}\"},\"query-input\":{\"@type\":\"PropertyValueSpecification\",\"valueRequired\":true,\"valueName\":\"search_term_string\"}}],\"inLanguage\":\"en-US\"},{\"@type\":\"Organization\",\"@id\":\"https:\\\/\\\/www.mexicanguitarplayers.com\\\/#organization\",\"name\":\"Mexican Guitar Players\",\"url\":\"https:\\\/\\\/www.mexicanguitarplayers.com\\\/\",\"logo\":{\"@type\":\"ImageObject\",\"inLanguage\":\"en-US\",\"@id\":\"https:\\\/\\\/www.mexicanguitarplayers.com\\\/#\\\/schema\\\/logo\\\/image\\\/\",\"url\":\"\",\"contentUrl\":\"\",\"caption\":\"Mexican Guitar Players\"},\"image\":{\"@id\":\"https:\\\/\\\/www.mexicanguitarplayers.com\\\/#\\\/schema\\\/logo\\\/image\\\/\"}}]}<\/script>\n<!-- \/ Yoast SEO plugin. -->","yoast_head_json":{"title":"BAFLE PROEL MONITOR MOD. WD10A - Mexican Guitar Players","description":"Bafle activo, monitor de escenario coaxial activo ventilado de dos v\u00edas, ideal para utilizar como monitor o FOH, potencia continua de 50 watts en amplificador Clase AB para frecuencias altas, potencia continua de 250 watts en amplificador Clase D para frecuencias bajas, potencia pico de 500 watts, SPL m\u00e1ximo: 123 dB, respuesta de frecuencia: 60 Hz - 20 kHz, \u00e1ngulo de cobertura: H. (-6 dB): 80\u00b0 H x 80\u00b0 V, peso: 11 kg.","robots":{"index":"index","follow":"follow","max-snippet":"max-snippet:-1","max-image-preview":"max-image-preview:large","max-video-preview":"max-video-preview:-1"},"canonical":"https:\/\/www.mexicanguitarplayers.com\/en\/tienda\/sin categor\u00eda\/bafle-proel-monitor-mod-wd10a\/","og_locale":"en_US","og_type":"article","og_title":"BAFLE PROEL MONITOR MOD. WD10A - Mexican Guitar Players","og_description":"Bafle activo, monitor de escenario coaxial activo ventilado de dos v\u00edas, ideal para utilizar como monitor o FOH, potencia continua de 50 watts en amplificador Clase AB para frecuencias altas, potencia continua de 250 watts en amplificador Clase D para frecuencias bajas, potencia pico de 500 watts, SPL m\u00e1ximo: 123 dB, respuesta de frecuencia: 60 Hz - 20 kHz, \u00e1ngulo de cobertura: H. (-6 dB): 80\u00b0 H x 80\u00b0 V, peso: 11 kg.","og_url":"https:\/\/www.mexicanguitarplayers.com\/en\/tienda\/sin categor\u00eda\/bafle-proel-monitor-mod-wd10a\/","og_site_name":"Mexican Guitar Players","article_modified_time":"2026-04-10T10:42:31+00:00","twitter_card":"summary_large_image","twitter_misc":{"Est. reading time":"3 minutes"},"schema":{"@context":"https:\/\/schema.org","@graph":[{"@type":["WebPage","ItemPage"],"@id":"https:\/\/www.mexicanguitarplayers.com\/tienda\/sin categor\u00eda\/bafle-proel-monitor-mod-wd10a\/","url":"https:\/\/www.mexicanguitarplayers.com\/tienda\/sin categor\u00eda\/bafle-proel-monitor-mod-wd10a\/","name":"BAFLE PROEL MONITOR MOD. WD10A - Mexican Guitar Players","isPartOf":{"@id":"https:\/\/www.mexicanguitarplayers.com\/#website"},"primaryImageOfPage":{"@id":"https:\/\/www.mexicanguitarplayers.com\/tienda\/sin categor\u00eda\/bafle-proel-monitor-mod-wd10a\/#primaryimage"},"image":{"@id":"https:\/\/www.mexicanguitarplayers.com\/tienda\/sin categor\u00eda\/bafle-proel-monitor-mod-wd10a\/#primaryimage"},"thumbnailUrl":"https:\/\/www.mexicanguitarplayers.com\/wp-content\/uploads\/2025\/04\/IAPREWD10A.jpg","datePublished":"2025-04-07T05:55:52+00:00","dateModified":"2026-04-10T10:42:31+00:00","description":"Bafle activo, monitor de escenario coaxial activo ventilado de dos v\u00edas, ideal para utilizar como monitor o FOH, potencia continua de 50 watts en amplificador Clase AB para frecuencias altas, potencia continua de 250 watts en amplificador Clase D para frecuencias bajas, potencia pico de 500 watts, SPL m\u00e1ximo: 123 dB, respuesta de frecuencia: 60 Hz - 20 kHz, \u00e1ngulo de cobertura: H. (-6 dB): 80\u00b0 H x 80\u00b0 V, peso: 11 kg.","breadcrumb":{"@id":"https:\/\/www.mexicanguitarplayers.com\/tienda\/sin categor\u00eda\/bafle-proel-monitor-mod-wd10a\/#breadcrumb"},"inLanguage":"en-US","potentialAction":[{"@type":"ReadAction","target":["https:\/\/www.mexicanguitarplayers.com\/tienda\/sin categor\u00eda\/bafle-proel-monitor-mod-wd10a\/"]}]},{"@type":"ImageObject","inLanguage":"en-US","@id":"https:\/\/www.mexicanguitarplayers.com\/tienda\/sin categor\u00eda\/bafle-proel-monitor-mod-wd10a\/#primaryimage","url":"https:\/\/www.mexicanguitarplayers.com\/wp-content\/uploads\/2025\/04\/IAPREWD10A.jpg","contentUrl":"https:\/\/www.mexicanguitarplayers.com\/wp-content\/uploads\/2025\/04\/IAPREWD10A.jpg","width":1200,"height":1200},{"@type":"BreadcrumbList","@id":"https:\/\/www.mexicanguitarplayers.com\/tienda\/sin categor\u00eda\/bafle-proel-monitor-mod-wd10a\/#breadcrumb","itemListElement":[{"@type":"ListItem","position":1,"name":"Portada","item":"https:\/\/www.mexicanguitarplayers.com\/"},{"@type":"ListItem","position":2,"name":"Tienda","item":"https:\/\/www.mexicanguitarplayers.com\/tienda\/"},{"@type":"ListItem","position":3,"name":"BAFLE PROEL MONITOR MOD. WD10A"}]},{"@type":"WebSite","@id":"https:\/\/www.mexicanguitarplayers.com\/#website","url":"https:\/\/www.mexicanguitarplayers.com\/","name":"Mexican Guitar Players","description":"Website","publisher":{"@id":"https:\/\/www.mexicanguitarplayers.com\/#organization"},"potentialAction":[{"@type":"SearchAction","target":{"@type":"EntryPoint","urlTemplate":"https:\/\/www.mexicanguitarplayers.com\/?s={search_term_string}"},"query-input":{"@type":"PropertyValueSpecification","valueRequired":true,"valueName":"search_term_string"}}],"inLanguage":"en-US"},{"@type":"Organization","@id":"https:\/\/www.mexicanguitarplayers.com\/#organization","name":"Mexican Guitar Players","url":"https:\/\/www.mexicanguitarplayers.com\/","logo":{"@type":"ImageObject","inLanguage":"en-US","@id":"https:\/\/www.mexicanguitarplayers.com\/#\/schema\/logo\/image\/","url":"","contentUrl":"","caption":"Mexican Guitar Players"},"image":{"@id":"https:\/\/www.mexicanguitarplayers.com\/#\/schema\/logo\/image\/"}}]}},"brands":[{"id":252,"name":"PROEL","slug":"proel"}],"_links":{"self":[{"href":"https:\/\/www.mexicanguitarplayers.com\/en\/wp-json\/wp\/v2\/product\/27216","targetHints":{"allow":["GET"]}}],"collection":[{"href":"https:\/\/www.mexicanguitarplayers.com\/en\/wp-json\/wp\/v2\/product"}],"about":[{"href":"https:\/\/www.mexicanguitarplayers.com\/en\/wp-json\/wp\/v2\/types\/product"}],"replies":[{"embeddable":true,"href":"https:\/\/www.mexicanguitarplayers.com\/en\/wp-json\/wp\/v2\/comments?post=27216"}],"wp:featuredmedia":[{"embeddable":true,"href":"https:\/\/www.mexicanguitarplayers.com\/en\/wp-json\/wp\/v2\/media\/27214"}],"wp:attachment":[{"href":"https:\/\/www.mexicanguitarplayers.com\/en\/wp-json\/wp\/v2\/media?parent=27216"}],"wp:term":[{"taxonomy":"pwb-brand","embeddable":true,"href":"https:\/\/www.mexicanguitarplayers.com\/en\/wp-json\/wp\/v2\/pwb-brand?post=27216"},{"taxonomy":"product_brand","embeddable":true,"href":"https:\/\/www.mexicanguitarplayers.com\/en\/wp-json\/wp\/v2\/product_brand?post=27216"},{"taxonomy":"product_cat","embeddable":true,"href":"https:\/\/www.mexicanguitarplayers.com\/en\/wp-json\/wp\/v2\/product_cat?post=27216"},{"taxonomy":"product_tag","embeddable":true,"href":"https:\/\/www.mexicanguitarplayers.com\/en\/wp-json\/wp\/v2\/product_tag?post=27216"}],"curies":[{"name":"wp","href":"https:\/\/api.w.org\/{rel}","templated":true}]}}