{"id":27218,"date":"2025-04-06T23:55:59","date_gmt":"2025-04-07T05:55:59","guid":{"rendered":"https:\/\/www.mexicanguitarplayers.com\/tienda\/sin categor\u00eda\/atril-hercules-p-partitura-bs408b-plus\/"},"modified":"2026-04-29T13:15:11","modified_gmt":"2026-04-29T19:15:11","slug":"atril-hercules-p-partitura-bs408b-plus","status":"publish","type":"product","link":"https:\/\/www.mexicanguitarplayers.com\/en\/tienda\/accesorios\/stands\/para-partitura\/atril-hercules-p-partitura-bs408b-plus\/","title":{"rendered":"ATRIL HERCULES P\/PARTITURA BS408B PLUS"},"content":{"rendered":"<div style=\"text-align: justify\">\n<div>\n<h3>Resistencia y fiabilidad.<\/h3>\n<\/div>\n<div>El atril de partituras de tres secciones Hercules BS408B PLUS presenta el ajuste de altura EZ Grip, un escritorio plegable s\u00f3lido, una base tr\u00edpode plegable, retenedores de p\u00e1gina de alambre, clip en H incluido. Estos atriles para partitura est\u00e1n dise\u00f1ados para eliminar los problemas asociados con los soportes convencionales, Hercules nos ofrece un atril plegable y compacto que cuenta con dos retenedores de p\u00e1gina a los lados, en un soporte tr\u00edpode fuerte y resistente con soportes y tubos duraderos que ofrecen una gran estabilidad y se extienden f\u00e1cilmente a la altura deseada.<\/div>\n<div>\n<h4>Quick look<\/h4>\n<\/div>\n<ul style=\"margin: 0px 0px 0px 25px\">\n<li style=\"list-style-type: circle;margin: 5px\">Altura.<\/li>\n<li style=\"list-style-type: circle;margin: 5px\">Weight.<\/li>\n<li style=\"list-style-type: circle;margin: 5px\">Radio base.<\/li>\n<li style=\"list-style-type: circle;margin: 5px\">Capacidad de carga.<\/li>\n<li style=\"list-style-type: circle;margin: 5px\">Tama\u00f1o plegado.<\/li>\n<li style=\"list-style-type: circle;margin: 5px\">Escritorio.<\/li>\n<\/ul>\n<div>\n<div style=\"font-weight: bold\">Altura.<\/div>\n<div>\n<p>740 mm \u2013 1150 mm.<\/p>\n<\/div>\n<div style=\"font-weight: bold\">Weight.<\/div>\n<div>\n<p>3.1 kg.<\/p>\n<\/div>\n<div style=\"font-weight: bold\">Radio base.<\/div>\n<div>\n<p>345 mm.<\/p>\n<\/div>\n<div style=\"font-weight: bold\">Capacidad de carga.<\/div>\n<div>\n<p>5 kg.<\/p>\n<\/div>\n<div style=\"font-weight: bold\">Tama\u00f1o plegado.<\/div>\n<div>\n<p>680 x 130 x 215 mm.<\/p>\n<\/div>\n<div style=\"font-weight: bold\">Escritorio.<\/div>\n<div>\n<p>480 x 345 mm.<\/p>\n<\/div>\n<\/div>\n<\/div>","protected":false},"excerpt":{"rendered":"<p>Atril para partituras, escritorio plegable de aluminio s\u00f3lido con retenedores de p\u00e1gina y pasadores de bloqueo laterales, el rodillo de \u00e1ngulo EZ con caucho antideslizante especial sostiene el escritorio en el \u00e1ngulo deseado, ajuste de altura EZ Grip con una mano, el mecanismo de 3 secciones permite una posici\u00f3n m\u00e1s baja, altura: 740 mm \u2013 1150 mm, peso: 3.1 kg, radio base: 345 mm, capacidad de carga: 5 kg, tama\u00f1o plegado: 680 x 130 x 215 mm, escritorio: 480 x 345 mm.&hellip; <a class=\"kt-excerpt-readmore more-link\" href=\"https:\/\/www.mexicanguitarplayers.com\/en\/tienda\/accesorios\/stands\/para-partitura\/atril-hercules-p-partitura-bs408b-plus\/\">Read more<\/a><\/p>","protected":false},"featured_media":27217,"comment_status":"open","ping_status":"closed","template":"","meta":{"kt_blocks_editor_width":""},"pwb-brand":[587],"product_brand":[],"product_cat":[85,512,416],"product_tag":[],"class_list":{"0":"post-27218","1":"product","2":"type-product","3":"status-publish","4":"has-post-thumbnail","6":"pwb-brand-hercules","7":"product_cat-accesorios","8":"product_cat-para-partitura","9":"product_cat-stands","10":"product_shipping_class-0-5-kg","12":"first","13":"outofstock","14":"taxable","15":"shipping-taxable","16":"purchasable","17":"product-type-simple"},"yoast_head":"<!-- This site is optimized with the Yoast SEO plugin v27.5 - https:\/\/yoast.com\/product\/yoast-seo-wordpress\/ -->\n<title>ATRIL HERCULES P\/PARTITURA BS408B PLUS - Mexican Guitar Players<\/title>\n<meta name=\"description\" content=\"Atril para partituras, escritorio plegable de aluminio s\u00f3lido con retenedores de p\u00e1gina y pasadores de bloqueo laterales, el rodillo de \u00e1ngulo EZ con caucho antideslizante especial sostiene el escritorio en el \u00e1ngulo deseado, ajuste de altura EZ Grip con una mano, el mecanismo de 3 secciones permite una posici\u00f3n m\u00e1s baja, altura: 740 mm \u2013 1150 mm, peso: 3.1 kg, radio base: 345 mm, capacidad de carga: 5 kg, tama\u00f1o plegado: 680 x 130 x 215 mm, escritorio: 480 x 345 mm.\" \/>\n<meta name=\"robots\" content=\"index, follow, max-snippet:-1, max-image-preview:large, max-video-preview:-1\" \/>\n<link rel=\"canonical\" href=\"https:\/\/www.mexicanguitarplayers.com\/en\/tienda\/sin%20categor\u00eda\/atril-hercules-p-partitura-bs408b-plus\/\" \/>\n<meta property=\"og:locale\" content=\"en_US\" \/>\n<meta property=\"og:type\" content=\"article\" \/>\n<meta property=\"og:title\" content=\"ATRIL HERCULES P\/PARTITURA BS408B PLUS - Mexican Guitar Players\" \/>\n<meta property=\"og:description\" content=\"Atril para partituras, escritorio plegable de aluminio s\u00f3lido con retenedores de p\u00e1gina y pasadores de bloqueo laterales, el rodillo de \u00e1ngulo EZ con caucho antideslizante especial sostiene el escritorio en el \u00e1ngulo deseado, ajuste de altura EZ Grip con una mano, el mecanismo de 3 secciones permite una posici\u00f3n m\u00e1s baja, altura: 740 mm \u2013 1150 mm, peso: 3.1 kg, radio base: 345 mm, capacidad de carga: 5 kg, tama\u00f1o plegado: 680 x 130 x 215 mm, escritorio: 480 x 345 mm.\" \/>\n<meta property=\"og:url\" content=\"https:\/\/www.mexicanguitarplayers.com\/en\/tienda\/sin categor\u00eda\/atril-hercules-p-partitura-bs408b-plus\/\" \/>\n<meta property=\"og:site_name\" content=\"Mexican Guitar Players\" \/>\n<meta property=\"article:modified_time\" content=\"2026-04-29T19:15:11+00:00\" \/>\n<meta name=\"twitter:card\" content=\"summary_large_image\" \/>\n<meta name=\"twitter:label1\" content=\"Est. reading time\" \/>\n\t<meta name=\"twitter:data1\" content=\"1 minute\" \/>\n<script type=\"application\/ld+json\" class=\"yoast-schema-graph\">{\"@context\":\"https:\\\/\\\/schema.org\",\"@graph\":[{\"@type\":[\"WebPage\",\"ItemPage\"],\"@id\":\"https:\\\/\\\/www.mexicanguitarplayers.com\\\/tienda\\\/sin categor\u00eda\\\/atril-hercules-p-partitura-bs408b-plus\\\/\",\"url\":\"https:\\\/\\\/www.mexicanguitarplayers.com\\\/tienda\\\/sin categor\u00eda\\\/atril-hercules-p-partitura-bs408b-plus\\\/\",\"name\":\"ATRIL HERCULES P\\\/PARTITURA BS408B PLUS - Mexican Guitar Players\",\"isPartOf\":{\"@id\":\"https:\\\/\\\/www.mexicanguitarplayers.com\\\/#website\"},\"primaryImageOfPage\":{\"@id\":\"https:\\\/\\\/www.mexicanguitarplayers.com\\\/tienda\\\/sin categor\u00eda\\\/atril-hercules-p-partitura-bs408b-plus\\\/#primaryimage\"},\"image\":{\"@id\":\"https:\\\/\\\/www.mexicanguitarplayers.com\\\/tienda\\\/sin categor\u00eda\\\/atril-hercules-p-partitura-bs408b-plus\\\/#primaryimage\"},\"thumbnailUrl\":\"https:\\\/\\\/www.mexicanguitarplayers.com\\\/wp-content\\\/uploads\\\/2025\\\/04\\\/VAHERBS408BPLU.jpg\",\"datePublished\":\"2025-04-07T05:55:59+00:00\",\"dateModified\":\"2026-04-29T19:15:11+00:00\",\"description\":\"Atril para partituras, escritorio plegable de aluminio s\u00f3lido con retenedores de p\u00e1gina y pasadores de bloqueo laterales, el rodillo de \u00e1ngulo EZ con caucho antideslizante especial sostiene el escritorio en el \u00e1ngulo deseado, ajuste de altura EZ Grip con una mano, el mecanismo de 3 secciones permite una posici\u00f3n m\u00e1s baja, altura: 740 mm \u2013 1150 mm, peso: 3.1 kg, radio base: 345 mm, capacidad de carga: 5 kg, tama\u00f1o plegado: 680 x 130 x 215 mm, escritorio: 480 x 345 mm.\",\"breadcrumb\":{\"@id\":\"https:\\\/\\\/www.mexicanguitarplayers.com\\\/tienda\\\/sin categor\u00eda\\\/atril-hercules-p-partitura-bs408b-plus\\\/#breadcrumb\"},\"inLanguage\":\"en-US\",\"potentialAction\":[{\"@type\":\"ReadAction\",\"target\":[\"https:\\\/\\\/www.mexicanguitarplayers.com\\\/tienda\\\/sin categor\u00eda\\\/atril-hercules-p-partitura-bs408b-plus\\\/\"]}]},{\"@type\":\"ImageObject\",\"inLanguage\":\"en-US\",\"@id\":\"https:\\\/\\\/www.mexicanguitarplayers.com\\\/tienda\\\/sin categor\u00eda\\\/atril-hercules-p-partitura-bs408b-plus\\\/#primaryimage\",\"url\":\"https:\\\/\\\/www.mexicanguitarplayers.com\\\/wp-content\\\/uploads\\\/2025\\\/04\\\/VAHERBS408BPLU.jpg\",\"contentUrl\":\"https:\\\/\\\/www.mexicanguitarplayers.com\\\/wp-content\\\/uploads\\\/2025\\\/04\\\/VAHERBS408BPLU.jpg\",\"width\":800,\"height\":1600},{\"@type\":\"BreadcrumbList\",\"@id\":\"https:\\\/\\\/www.mexicanguitarplayers.com\\\/tienda\\\/sin categor\u00eda\\\/atril-hercules-p-partitura-bs408b-plus\\\/#breadcrumb\",\"itemListElement\":[{\"@type\":\"ListItem\",\"position\":1,\"name\":\"Portada\",\"item\":\"https:\\\/\\\/www.mexicanguitarplayers.com\\\/\"},{\"@type\":\"ListItem\",\"position\":2,\"name\":\"Tienda\",\"item\":\"https:\\\/\\\/www.mexicanguitarplayers.com\\\/tienda\\\/\"},{\"@type\":\"ListItem\",\"position\":3,\"name\":\"ATRIL HERCULES P\\\/PARTITURA BS408B PLUS\"}]},{\"@type\":\"WebSite\",\"@id\":\"https:\\\/\\\/www.mexicanguitarplayers.com\\\/#website\",\"url\":\"https:\\\/\\\/www.mexicanguitarplayers.com\\\/\",\"name\":\"Mexican Guitar Players\",\"description\":\"Website\",\"publisher\":{\"@id\":\"https:\\\/\\\/www.mexicanguitarplayers.com\\\/#organization\"},\"potentialAction\":[{\"@type\":\"SearchAction\",\"target\":{\"@type\":\"EntryPoint\",\"urlTemplate\":\"https:\\\/\\\/www.mexicanguitarplayers.com\\\/?s={search_term_string}\"},\"query-input\":{\"@type\":\"PropertyValueSpecification\",\"valueRequired\":true,\"valueName\":\"search_term_string\"}}],\"inLanguage\":\"en-US\"},{\"@type\":\"Organization\",\"@id\":\"https:\\\/\\\/www.mexicanguitarplayers.com\\\/#organization\",\"name\":\"Mexican Guitar Players\",\"url\":\"https:\\\/\\\/www.mexicanguitarplayers.com\\\/\",\"logo\":{\"@type\":\"ImageObject\",\"inLanguage\":\"en-US\",\"@id\":\"https:\\\/\\\/www.mexicanguitarplayers.com\\\/#\\\/schema\\\/logo\\\/image\\\/\",\"url\":\"\",\"contentUrl\":\"\",\"caption\":\"Mexican Guitar Players\"},\"image\":{\"@id\":\"https:\\\/\\\/www.mexicanguitarplayers.com\\\/#\\\/schema\\\/logo\\\/image\\\/\"}}]}<\/script>\n<!-- \/ Yoast SEO plugin. -->","yoast_head_json":{"title":"ATRIL HERCULES P\/PARTITURA BS408B PLUS - Mexican Guitar Players","description":"Atril para partituras, escritorio plegable de aluminio s\u00f3lido con retenedores de p\u00e1gina y pasadores de bloqueo laterales, el rodillo de \u00e1ngulo EZ con caucho antideslizante especial sostiene el escritorio en el \u00e1ngulo deseado, ajuste de altura EZ Grip con una mano, el mecanismo de 3 secciones permite una posici\u00f3n m\u00e1s baja, altura: 740 mm \u2013 1150 mm, peso: 3.1 kg, radio base: 345 mm, capacidad de carga: 5 kg, tama\u00f1o plegado: 680 x 130 x 215 mm, escritorio: 480 x 345 mm.","robots":{"index":"index","follow":"follow","max-snippet":"max-snippet:-1","max-image-preview":"max-image-preview:large","max-video-preview":"max-video-preview:-1"},"canonical":"https:\/\/www.mexicanguitarplayers.com\/en\/tienda\/sin categor\u00eda\/atril-hercules-p-partitura-bs408b-plus\/","og_locale":"en_US","og_type":"article","og_title":"ATRIL HERCULES P\/PARTITURA BS408B PLUS - Mexican Guitar Players","og_description":"Atril para partituras, escritorio plegable de aluminio s\u00f3lido con retenedores de p\u00e1gina y pasadores de bloqueo laterales, el rodillo de \u00e1ngulo EZ con caucho antideslizante especial sostiene el escritorio en el \u00e1ngulo deseado, ajuste de altura EZ Grip con una mano, el mecanismo de 3 secciones permite una posici\u00f3n m\u00e1s baja, altura: 740 mm \u2013 1150 mm, peso: 3.1 kg, radio base: 345 mm, capacidad de carga: 5 kg, tama\u00f1o plegado: 680 x 130 x 215 mm, escritorio: 480 x 345 mm.","og_url":"https:\/\/www.mexicanguitarplayers.com\/en\/tienda\/sin categor\u00eda\/atril-hercules-p-partitura-bs408b-plus\/","og_site_name":"Mexican Guitar Players","article_modified_time":"2026-04-29T19:15:11+00:00","twitter_card":"summary_large_image","twitter_misc":{"Est. reading time":"1 minute"},"schema":{"@context":"https:\/\/schema.org","@graph":[{"@type":["WebPage","ItemPage"],"@id":"https:\/\/www.mexicanguitarplayers.com\/tienda\/sin categor\u00eda\/atril-hercules-p-partitura-bs408b-plus\/","url":"https:\/\/www.mexicanguitarplayers.com\/tienda\/sin categor\u00eda\/atril-hercules-p-partitura-bs408b-plus\/","name":"ATRIL HERCULES P\/PARTITURA BS408B PLUS - Mexican Guitar Players","isPartOf":{"@id":"https:\/\/www.mexicanguitarplayers.com\/#website"},"primaryImageOfPage":{"@id":"https:\/\/www.mexicanguitarplayers.com\/tienda\/sin categor\u00eda\/atril-hercules-p-partitura-bs408b-plus\/#primaryimage"},"image":{"@id":"https:\/\/www.mexicanguitarplayers.com\/tienda\/sin categor\u00eda\/atril-hercules-p-partitura-bs408b-plus\/#primaryimage"},"thumbnailUrl":"https:\/\/www.mexicanguitarplayers.com\/wp-content\/uploads\/2025\/04\/VAHERBS408BPLU.jpg","datePublished":"2025-04-07T05:55:59+00:00","dateModified":"2026-04-29T19:15:11+00:00","description":"Atril para partituras, escritorio plegable de aluminio s\u00f3lido con retenedores de p\u00e1gina y pasadores de bloqueo laterales, el rodillo de \u00e1ngulo EZ con caucho antideslizante especial sostiene el escritorio en el \u00e1ngulo deseado, ajuste de altura EZ Grip con una mano, el mecanismo de 3 secciones permite una posici\u00f3n m\u00e1s baja, altura: 740 mm \u2013 1150 mm, peso: 3.1 kg, radio base: 345 mm, capacidad de carga: 5 kg, tama\u00f1o plegado: 680 x 130 x 215 mm, escritorio: 480 x 345 mm.","breadcrumb":{"@id":"https:\/\/www.mexicanguitarplayers.com\/tienda\/sin categor\u00eda\/atril-hercules-p-partitura-bs408b-plus\/#breadcrumb"},"inLanguage":"en-US","potentialAction":[{"@type":"ReadAction","target":["https:\/\/www.mexicanguitarplayers.com\/tienda\/sin categor\u00eda\/atril-hercules-p-partitura-bs408b-plus\/"]}]},{"@type":"ImageObject","inLanguage":"en-US","@id":"https:\/\/www.mexicanguitarplayers.com\/tienda\/sin categor\u00eda\/atril-hercules-p-partitura-bs408b-plus\/#primaryimage","url":"https:\/\/www.mexicanguitarplayers.com\/wp-content\/uploads\/2025\/04\/VAHERBS408BPLU.jpg","contentUrl":"https:\/\/www.mexicanguitarplayers.com\/wp-content\/uploads\/2025\/04\/VAHERBS408BPLU.jpg","width":800,"height":1600},{"@type":"BreadcrumbList","@id":"https:\/\/www.mexicanguitarplayers.com\/tienda\/sin categor\u00eda\/atril-hercules-p-partitura-bs408b-plus\/#breadcrumb","itemListElement":[{"@type":"ListItem","position":1,"name":"Portada","item":"https:\/\/www.mexicanguitarplayers.com\/"},{"@type":"ListItem","position":2,"name":"Tienda","item":"https:\/\/www.mexicanguitarplayers.com\/tienda\/"},{"@type":"ListItem","position":3,"name":"ATRIL HERCULES P\/PARTITURA BS408B PLUS"}]},{"@type":"WebSite","@id":"https:\/\/www.mexicanguitarplayers.com\/#website","url":"https:\/\/www.mexicanguitarplayers.com\/","name":"Mexican Guitar Players","description":"Website","publisher":{"@id":"https:\/\/www.mexicanguitarplayers.com\/#organization"},"potentialAction":[{"@type":"SearchAction","target":{"@type":"EntryPoint","urlTemplate":"https:\/\/www.mexicanguitarplayers.com\/?s={search_term_string}"},"query-input":{"@type":"PropertyValueSpecification","valueRequired":true,"valueName":"search_term_string"}}],"inLanguage":"en-US"},{"@type":"Organization","@id":"https:\/\/www.mexicanguitarplayers.com\/#organization","name":"Mexican Guitar Players","url":"https:\/\/www.mexicanguitarplayers.com\/","logo":{"@type":"ImageObject","inLanguage":"en-US","@id":"https:\/\/www.mexicanguitarplayers.com\/#\/schema\/logo\/image\/","url":"","contentUrl":"","caption":"Mexican Guitar Players"},"image":{"@id":"https:\/\/www.mexicanguitarplayers.com\/#\/schema\/logo\/image\/"}}]}},"brands":[{"id":587,"name":"HERCULES","slug":"hercules"}],"_links":{"self":[{"href":"https:\/\/www.mexicanguitarplayers.com\/en\/wp-json\/wp\/v2\/product\/27218","targetHints":{"allow":["GET"]}}],"collection":[{"href":"https:\/\/www.mexicanguitarplayers.com\/en\/wp-json\/wp\/v2\/product"}],"about":[{"href":"https:\/\/www.mexicanguitarplayers.com\/en\/wp-json\/wp\/v2\/types\/product"}],"replies":[{"embeddable":true,"href":"https:\/\/www.mexicanguitarplayers.com\/en\/wp-json\/wp\/v2\/comments?post=27218"}],"wp:featuredmedia":[{"embeddable":true,"href":"https:\/\/www.mexicanguitarplayers.com\/en\/wp-json\/wp\/v2\/media\/27217"}],"wp:attachment":[{"href":"https:\/\/www.mexicanguitarplayers.com\/en\/wp-json\/wp\/v2\/media?parent=27218"}],"wp:term":[{"taxonomy":"pwb-brand","embeddable":true,"href":"https:\/\/www.mexicanguitarplayers.com\/en\/wp-json\/wp\/v2\/pwb-brand?post=27218"},{"taxonomy":"product_brand","embeddable":true,"href":"https:\/\/www.mexicanguitarplayers.com\/en\/wp-json\/wp\/v2\/product_brand?post=27218"},{"taxonomy":"product_cat","embeddable":true,"href":"https:\/\/www.mexicanguitarplayers.com\/en\/wp-json\/wp\/v2\/product_cat?post=27218"},{"taxonomy":"product_tag","embeddable":true,"href":"https:\/\/www.mexicanguitarplayers.com\/en\/wp-json\/wp\/v2\/product_tag?post=27218"}],"curies":[{"name":"wp","href":"https:\/\/api.w.org\/{rel}","templated":true}]}}