{"id":27226,"date":"2025-04-06T23:56:40","date_gmt":"2025-04-07T05:56:40","guid":{"rendered":"https:\/\/www.mexicanguitarplayers.com\/tienda\/sin categor\u00eda\/columna-audiocenter-l83-l83s-soporte\/"},"modified":"2026-04-10T04:42:29","modified_gmt":"2026-04-10T10:42:29","slug":"columna-audiocenter-l83-l83s-soporte","status":"publish","type":"product","link":"https:\/\/www.mexicanguitarplayers.com\/en\/tienda\/audio\/bafles-y-bocinas\/bafles\/bafles-activos\/columna-audiocenter-l83-l83s-soporte\/","title":{"rendered":"COLUMNA AUDIOCENTER L83 + L83S + SOPORTE"},"content":{"rendered":"<div style=\"text-align: justify\">\n<div>\n<h3>El mejor sistema de columna para tu sonido.<\/h3>\n<\/div>\n<div>El sistema L83+L83S es un sistema de columna DSP activo multiprop\u00f3sito que consta de un altavoz de columna pasivo de rango completo L83 y un subwoofer L83S dual de 12&#8243; pulgadas compacto y controlado por DSP activo. El altavoz de columna pasivo de rango completo L83 est\u00e1 construido con 8 drivers de neodimio de 3&#8243; pulgadas. Los drivers en L83 est\u00e1n organizados mediante c\u00e1lculos elaborados y tecnolog\u00eda Phycal para mejorar la cobertura del haz vertical. Con un elaborado dise\u00f1o ac\u00fastico, las mismas unidades en el gabinete funcionan como un sistema integrador de altavoces de rango completo, que puede lograr una combinaci\u00f3n perfecta de respuesta de frecuencia y excelente rendimiento de sonido. L83 puede cumplir con la aplicaci\u00f3n de refuerzo en diferentes lugares y espacios complejos. L83S es un subwoofer compacto controlado por DSP activo con dos drivers de ferrita Audiocenter personalizados de 12&#8243; pulgadas y un m\u00f3dulo de amplificador de Clase D muy potente. El sistema funciona de manera eficiente y tiene Bluetooth incorporado que admite m\u00faltiples entradas de se\u00f1al. L83S ha sido probado cuidadosamente. Con un elaborado dise\u00f1o ac\u00fastico, un innovador dise\u00f1o de driver FTF y LF y pruebas exhaustivas, el gabinete tiene un filtro de paso de banda de tres \u00f3rdenes. Al acoplar el sistema continuamente y suponer las resonancias y eficiencia de LF se mejora significativamente. L83 + L83S es un sistema de columna plug and play de f\u00e1cil configuraci\u00f3n. Los ajustes prestablecidos est\u00e1n hechos con muchas pruebas. El sistema se puede poner en varias aplicaciones.<\/div>\n<div>\n<h4>Quick look<\/h4>\n<\/div>\n<ul style=\"margin: 0px 0px 0px 25px\">\n<li style=\"list-style-type: circle;margin: 5px\">Kind.<\/li>\n<li style=\"list-style-type: circle;margin: 5px\">Respuesta de frecuencia (c\u00e1mara anec\u00f3ica de -6 dB).<\/li>\n<li style=\"list-style-type: circle;margin: 5px\">SPL m\u00e1ximo calculado.<\/li>\n<li style=\"list-style-type: circle;margin: 5px\">Subwoofer.<\/li>\n<li style=\"list-style-type: circle;margin: 5px\">LF Driver.<\/li>\n<li style=\"list-style-type: circle;margin: 5px\">\u00c1ngulo de cobertura horizontal (sim\u00e9trico).<\/li>\n<li style=\"list-style-type: circle;margin: 5px\">\u00c1ngulo de cobertura vertical (sim\u00e9trico).<\/li>\n<li style=\"list-style-type: circle;margin: 5px\">Crossover de procesador.<\/li>\n<li style=\"list-style-type: circle;margin: 5px\">Amplifier.<\/li>\n<li style=\"list-style-type: circle;margin: 5px\">Potencia de amplificador.<\/li>\n<li style=\"list-style-type: circle;margin: 5px\">Respuesta de frecuencia de amplificador.<\/li>\n<li style=\"list-style-type: circle;margin: 5px\">Distorsi\u00f3n de intermodulaci\u00f3n.<\/li>\n<li style=\"list-style-type: circle;margin: 5px\">Distorsi\u00f3n arm\u00f3nica total.<\/li>\n<li style=\"list-style-type: circle;margin: 5px\">Protecci\u00f3n.<\/li>\n<li style=\"list-style-type: circle;margin: 5px\">Sistema de enfriamiento.<\/li>\n<li style=\"list-style-type: circle;margin: 5px\">Entrada de se\u00f1al.<\/li>\n<li style=\"list-style-type: circle;margin: 5px\">Salida de se\u00f1al.<\/li>\n<li style=\"list-style-type: circle;margin: 5px\">Salida Link de amplificador L65.<\/li>\n<li style=\"list-style-type: circle;margin: 5px\">Link de entrada de columna L118S-A.<\/li>\n<li style=\"list-style-type: circle;margin: 5px\">Power input.<\/li>\n<li style=\"list-style-type: circle;margin: 5px\">Tensi\u00f3n de funcionamiento.<\/li>\n<li style=\"list-style-type: circle;margin: 5px\">Material del gabinete.<\/li>\n<li style=\"list-style-type: circle;margin: 5px\">Agujero del soporte de la base.<\/li>\n<li style=\"list-style-type: circle;margin: 5px\">Color del gabinete.<\/li>\n<li style=\"list-style-type: circle;margin: 5px\">Dimensiones de la columna L83.<\/li>\n<li style=\"list-style-type: circle;margin: 5px\">Dimensiones del subwoofer L83S.<\/li>\n<li style=\"list-style-type: circle;margin: 5px\">Altura para un sistema L83 + L83S + poste.<\/li>\n<li style=\"list-style-type: circle;margin: 5px\">Peso neto L83.<\/li>\n<li style=\"list-style-type: circle;margin: 5px\">Peso neto L83S.<\/li>\n<\/ul>\n<div>\n<div style=\"font-weight: bold\">Kind.<\/div>\n<div>\n<p>Sistema de altavoces de columna activo controlado por DSP.<\/p>\n<\/div>\n<div style=\"font-weight: bold\">Respuesta de frecuencia (c\u00e1mara anec\u00f3ica de -6 dB).<\/div>\n<div>\n<p>42 Hz &#8211; 20 kHz.<\/p>\n<\/div>\n<div style=\"font-weight: bold\">SPL m\u00e1ximo calculado.<\/div>\n<div>\n<p>131 dB.<\/p>\n<\/div>\n<div style=\"font-weight: bold\">Subwoofer.<\/div>\n<div>\n<p>Dos drivers de ferrita Audiocenter personalizados de 12&#8243; pulgadas.<\/p>\n<\/div>\n<div style=\"font-weight: bold\">LF Driver.<\/div>\n<div>\n<p>8 drivers de neodimio Audiocenter personalizados de 3&#8243; pulgadas.<\/p>\n<\/div>\n<div style=\"font-weight: bold\">\u00c1ngulo de cobertura horizontal (sim\u00e9trico).<\/div>\n<div>\n<p>100\u00b0.<\/p>\n<\/div>\n<div style=\"font-weight: bold\">\u00c1ngulo de cobertura vertical (sim\u00e9trico).<\/div>\n<div>\n<p>20\u00b0.<\/p>\n<\/div>\n<div style=\"font-weight: bold\">Crossover de procesador.<\/div>\n<div>\n<p>Frecuencia de muestreo de se\u00f1al de 96 kHz, precisi\u00f3n de 24 bits controlado por DSP.<\/p>\n<\/div>\n<div style=\"font-weight: bold\">Amplifier.<\/div>\n<div>\n<p>Clase D.<\/p>\n<\/div>\n<div style=\"font-weight: bold\">Potencia de amplificador.<\/div>\n<div>\n<p>2500W.<\/p>\n<\/div>\n<div style=\"font-weight: bold\">Respuesta de frecuencia de amplificador.<\/div>\n<div>\n<p>20 Hz &#8211; 20 kHz (\u00b10.5 dB),<\/p>\n<\/div>\n<div style=\"font-weight: bold\">Distorsi\u00f3n de intermodulaci\u00f3n.<\/div>\n<div>\n<p>&lt;0.05%.<\/p>\n<\/div>\n<div style=\"font-weight: bold\">Distorsi\u00f3n arm\u00f3nica total.<\/div>\n<div>\n<p>&lt;0.05%.<\/p>\n<\/div>\n<div style=\"font-weight: bold\">Protecci\u00f3n.<\/div>\n<div>\n<p>Protecci\u00f3n DC, protecci\u00f3n contra cortocircuito, protecci\u00f3n contra sobrecalentamiento, protecci\u00f3n contra sobrecarga de entrada, protecci\u00f3n contra sobrecarga de salda, arranque suave, protecci\u00f3n contra sobretensi\u00f3n y protecci\u00f3n contra subtensi\u00f3n.<\/p>\n<\/div>\n<div style=\"font-weight: bold\">Sistema de enfriamiento.<\/div>\n<div>\n<p>Ventiladores + Convecci\u00f3n de aire.<\/p>\n<\/div>\n<div style=\"font-weight: bold\">Entrada de se\u00f1al.<\/div>\n<div>\n<p>2 combo (Neutrik hembra XLR y conector mono 6.35) y 1 bluetooth.<\/p>\n<\/div>\n<div style=\"font-weight: bold\">Salida de se\u00f1al.<\/div>\n<div>\n<p>1 Neutrik macho XLR.<\/p>\n<\/div>\n<div style=\"font-weight: bold\">Salida Link de amplificador L65.<\/div>\n<div>\n<p>1 Neutrik NL4MP.<\/p>\n<\/div>\n<div style=\"font-weight: bold\">Link de entrada de columna L118S-A.<\/div>\n<div>\n<p>1 Neutrik NL4MP.<\/p>\n<\/div>\n<div style=\"font-weight: bold\">Power input.<\/div>\n<div>\n<p>Power socket de 3 pines.<\/p>\n<\/div>\n<div style=\"font-weight: bold\">Tensi\u00f3n de funcionamiento.<\/div>\n<div>\n<p>100 &#8211; 130 V \/ 60 Hz o 220 &#8211; 240 V \/ 50 Hz.<\/p>\n<\/div>\n<div style=\"font-weight: bold\">Material del gabinete.<\/div>\n<div>\n<p>CNC de excelente madera.<\/p>\n<\/div>\n<div style=\"font-weight: bold\">Agujero del soporte de la base.<\/div>\n<div>\n<p>F35 mm (0\/10\u00b0 ajustable).<\/p>\n<\/div>\n<div style=\"font-weight: bold\">Color del gabinete.<\/div>\n<div>\n<p>Black.<\/p>\n<\/div>\n<div style=\"font-weight: bold\">Dimensiones de la columna L83.<\/div>\n<div>\n<p>125 \u00d7 758 \u00d7 150 mm.<\/p>\n<\/div>\n<div style=\"font-weight: bold\">Dimensiones del subwoofer L83S.<\/div>\n<div>\n<p> 374 x 660 x 538 mm.<\/p>\n<\/div>\n<div style=\"font-weight: bold\">Altura para un sistema L83 + L83S + poste.<\/div>\n<div>\n<p>1,896 mm.<\/p>\n<\/div>\n<div style=\"font-weight: bold\">Peso neto L83.<\/div>\n<div>\n<p>5 kg.<\/p>\n<\/div>\n<div style=\"font-weight: bold\">Peso neto L83S.<\/div>\n<div>\n<p>32 kg.<\/p>\n<\/div>\n<\/div>\n<\/div>","protected":false},"excerpt":{"rendered":"<p>Sistema de altavoces de columna activo controlado por DSP, incluye una columna L83, un subwoofer L83S y poste de columna, respuesta de frecuencia: 42 Hz &#8211; 20 kHz, SPL m\u00e1ximo: 131 dB, dos drivers de ferrita Audiocenter personalizados de 12\u201d pulgadas en el subwoofer y 8 drivers de neodimio Audiocenter personalizados de 3\u201d pulgadas, cobertura horizontal: 100\u00b0, cobertura vertical: 20\u00b0crossover: 96 kHz, 24 bits, amplificador Clase D de 2500W, entradas: 2 combo (XLR\/Jack mono) y 1 bluetooth, salida: XLR, salida link: NL4MP, entrada de columna: NL4MP, gabinete de CNC de excelente madera, dimensiones de la columna L83: 125 \u00d7 660 \u00d7 150 mm, dimensiones del subwoofer L83S: 374 \u00d7 660 \u00d7 538 mm, peso neto L83: 5 kg, peso neto L83S: 32 kg.&hellip; <a class=\"kt-excerpt-readmore more-link\" href=\"https:\/\/www.mexicanguitarplayers.com\/en\/tienda\/audio\/bafles-y-bocinas\/bafles\/bafles-activos\/columna-audiocenter-l83-l83s-soporte\/\">Read more<\/a><\/p>","protected":false},"featured_media":27221,"comment_status":"open","ping_status":"closed","template":"","meta":{"kt_blocks_editor_width":""},"pwb-brand":[525],"product_brand":[],"product_cat":[213,222,472,221],"product_tag":[],"class_list":{"0":"post-27226","1":"product","2":"type-product","3":"status-publish","4":"has-post-thumbnail","6":"pwb-brand-audiocenter","7":"product_cat-audio","8":"product_cat-bafles","9":"product_cat-bafles-activos","10":"product_cat-bafles-y-bocinas","12":"first","13":"outofstock","14":"taxable","15":"shipping-taxable","16":"purchasable","17":"product-type-simple"},"yoast_head":"<!-- This site is optimized with the Yoast SEO plugin v27.5 - https:\/\/yoast.com\/product\/yoast-seo-wordpress\/ -->\n<title>COLUMNA AUDIOCENTER L83 + L83S + SOPORTE - Mexican Guitar Players<\/title>\n<meta name=\"description\" content=\"Sistema de altavoces de columna activo controlado por DSP, incluye una columna L83, un subwoofer L83S y poste de columna, respuesta de frecuencia: 42 Hz - 20 kHz, SPL m\u00e1ximo: 131 dB, dos drivers de ferrita Audiocenter personalizados de 12\u201d pulgadas en el subwoofer y 8 drivers de neodimio Audiocenter personalizados de 3\u201d pulgadas, cobertura horizontal: 100\u00b0, cobertura vertical: 20\u00b0crossover: 96 kHz, 24 bits, amplificador Clase D de 2500W, entradas: 2 combo (XLR\/Jack mono) y 1 bluetooth, salida: XLR, salida link: NL4MP, entrada de columna: NL4MP, gabinete de CNC de excelente madera, dimensiones de la columna L83: 125 \u00d7 660 \u00d7 150 mm, dimensiones del subwoofer L83S: 374 \u00d7 660 \u00d7 538 mm, peso neto L83: 5 kg, peso neto L83S: 32 kg.\" \/>\n<meta name=\"robots\" content=\"index, follow, max-snippet:-1, max-image-preview:large, max-video-preview:-1\" \/>\n<link rel=\"canonical\" href=\"https:\/\/www.mexicanguitarplayers.com\/en\/tienda\/sin%20categor\u00eda\/columna-audiocenter-l83-l83s-soporte\/\" \/>\n<meta property=\"og:locale\" content=\"en_US\" \/>\n<meta property=\"og:type\" content=\"article\" \/>\n<meta property=\"og:title\" content=\"COLUMNA AUDIOCENTER L83 + L83S + SOPORTE - Mexican Guitar Players\" \/>\n<meta property=\"og:description\" content=\"Sistema de altavoces de columna activo controlado por DSP, incluye una columna L83, un subwoofer L83S y poste de columna, respuesta de frecuencia: 42 Hz - 20 kHz, SPL m\u00e1ximo: 131 dB, dos drivers de ferrita Audiocenter personalizados de 12\u201d pulgadas en el subwoofer y 8 drivers de neodimio Audiocenter personalizados de 3\u201d pulgadas, cobertura horizontal: 100\u00b0, cobertura vertical: 20\u00b0crossover: 96 kHz, 24 bits, amplificador Clase D de 2500W, entradas: 2 combo (XLR\/Jack mono) y 1 bluetooth, salida: XLR, salida link: NL4MP, entrada de columna: NL4MP, gabinete de CNC de excelente madera, dimensiones de la columna L83: 125 \u00d7 660 \u00d7 150 mm, dimensiones del subwoofer L83S: 374 \u00d7 660 \u00d7 538 mm, peso neto L83: 5 kg, peso neto L83S: 32 kg.\" \/>\n<meta property=\"og:url\" content=\"https:\/\/www.mexicanguitarplayers.com\/en\/tienda\/sin categor\u00eda\/columna-audiocenter-l83-l83s-soporte\/\" \/>\n<meta property=\"og:site_name\" content=\"Mexican Guitar Players\" \/>\n<meta property=\"article:modified_time\" content=\"2026-04-10T10:42:29+00:00\" \/>\n<meta name=\"twitter:card\" content=\"summary_large_image\" \/>\n<meta name=\"twitter:label1\" content=\"Est. reading time\" \/>\n\t<meta name=\"twitter:data1\" content=\"3 minutes\" \/>\n<script type=\"application\/ld+json\" class=\"yoast-schema-graph\">{\"@context\":\"https:\\\/\\\/schema.org\",\"@graph\":[{\"@type\":[\"WebPage\",\"ItemPage\"],\"@id\":\"https:\\\/\\\/www.mexicanguitarplayers.com\\\/tienda\\\/sin categor\u00eda\\\/columna-audiocenter-l83-l83s-soporte\\\/\",\"url\":\"https:\\\/\\\/www.mexicanguitarplayers.com\\\/tienda\\\/sin categor\u00eda\\\/columna-audiocenter-l83-l83s-soporte\\\/\",\"name\":\"COLUMNA AUDIOCENTER L83 + L83S + SOPORTE - Mexican Guitar Players\",\"isPartOf\":{\"@id\":\"https:\\\/\\\/www.mexicanguitarplayers.com\\\/#website\"},\"primaryImageOfPage\":{\"@id\":\"https:\\\/\\\/www.mexicanguitarplayers.com\\\/tienda\\\/sin categor\u00eda\\\/columna-audiocenter-l83-l83s-soporte\\\/#primaryimage\"},\"image\":{\"@id\":\"https:\\\/\\\/www.mexicanguitarplayers.com\\\/tienda\\\/sin categor\u00eda\\\/columna-audiocenter-l83-l83s-soporte\\\/#primaryimage\"},\"thumbnailUrl\":\"https:\\\/\\\/www.mexicanguitarplayers.com\\\/wp-content\\\/uploads\\\/2025\\\/04\\\/IAACTL83SYSTEM.jpg\",\"datePublished\":\"2025-04-07T05:56:40+00:00\",\"dateModified\":\"2026-04-10T10:42:29+00:00\",\"description\":\"Sistema de altavoces de columna activo controlado por DSP, incluye una columna L83, un subwoofer L83S y poste de columna, respuesta de frecuencia: 42 Hz - 20 kHz, SPL m\u00e1ximo: 131 dB, dos drivers de ferrita Audiocenter personalizados de 12\u201d pulgadas en el subwoofer y 8 drivers de neodimio Audiocenter personalizados de 3\u201d pulgadas, cobertura horizontal: 100\u00b0, cobertura vertical: 20\u00b0crossover: 96 kHz, 24 bits, amplificador Clase D de 2500W, entradas: 2 combo (XLR\\\/Jack mono) y 1 bluetooth, salida: XLR, salida link: NL4MP, entrada de columna: NL4MP, gabinete de CNC de excelente madera, dimensiones de la columna L83: 125 \u00d7 660 \u00d7 150 mm, dimensiones del subwoofer L83S: 374 \u00d7 660 \u00d7 538 mm, peso neto L83: 5 kg, peso neto L83S: 32 kg.\",\"breadcrumb\":{\"@id\":\"https:\\\/\\\/www.mexicanguitarplayers.com\\\/tienda\\\/sin categor\u00eda\\\/columna-audiocenter-l83-l83s-soporte\\\/#breadcrumb\"},\"inLanguage\":\"en-US\",\"potentialAction\":[{\"@type\":\"ReadAction\",\"target\":[\"https:\\\/\\\/www.mexicanguitarplayers.com\\\/tienda\\\/sin categor\u00eda\\\/columna-audiocenter-l83-l83s-soporte\\\/\"]}]},{\"@type\":\"ImageObject\",\"inLanguage\":\"en-US\",\"@id\":\"https:\\\/\\\/www.mexicanguitarplayers.com\\\/tienda\\\/sin categor\u00eda\\\/columna-audiocenter-l83-l83s-soporte\\\/#primaryimage\",\"url\":\"https:\\\/\\\/www.mexicanguitarplayers.com\\\/wp-content\\\/uploads\\\/2025\\\/04\\\/IAACTL83SYSTEM.jpg\",\"contentUrl\":\"https:\\\/\\\/www.mexicanguitarplayers.com\\\/wp-content\\\/uploads\\\/2025\\\/04\\\/IAACTL83SYSTEM.jpg\",\"width\":800,\"height\":1600},{\"@type\":\"BreadcrumbList\",\"@id\":\"https:\\\/\\\/www.mexicanguitarplayers.com\\\/tienda\\\/sin categor\u00eda\\\/columna-audiocenter-l83-l83s-soporte\\\/#breadcrumb\",\"itemListElement\":[{\"@type\":\"ListItem\",\"position\":1,\"name\":\"Portada\",\"item\":\"https:\\\/\\\/www.mexicanguitarplayers.com\\\/\"},{\"@type\":\"ListItem\",\"position\":2,\"name\":\"Tienda\",\"item\":\"https:\\\/\\\/www.mexicanguitarplayers.com\\\/tienda\\\/\"},{\"@type\":\"ListItem\",\"position\":3,\"name\":\"COLUMNA AUDIOCENTER L83 + L83S + SOPORTE\"}]},{\"@type\":\"WebSite\",\"@id\":\"https:\\\/\\\/www.mexicanguitarplayers.com\\\/#website\",\"url\":\"https:\\\/\\\/www.mexicanguitarplayers.com\\\/\",\"name\":\"Mexican Guitar Players\",\"description\":\"Website\",\"publisher\":{\"@id\":\"https:\\\/\\\/www.mexicanguitarplayers.com\\\/#organization\"},\"potentialAction\":[{\"@type\":\"SearchAction\",\"target\":{\"@type\":\"EntryPoint\",\"urlTemplate\":\"https:\\\/\\\/www.mexicanguitarplayers.com\\\/?s={search_term_string}\"},\"query-input\":{\"@type\":\"PropertyValueSpecification\",\"valueRequired\":true,\"valueName\":\"search_term_string\"}}],\"inLanguage\":\"en-US\"},{\"@type\":\"Organization\",\"@id\":\"https:\\\/\\\/www.mexicanguitarplayers.com\\\/#organization\",\"name\":\"Mexican Guitar Players\",\"url\":\"https:\\\/\\\/www.mexicanguitarplayers.com\\\/\",\"logo\":{\"@type\":\"ImageObject\",\"inLanguage\":\"en-US\",\"@id\":\"https:\\\/\\\/www.mexicanguitarplayers.com\\\/#\\\/schema\\\/logo\\\/image\\\/\",\"url\":\"\",\"contentUrl\":\"\",\"caption\":\"Mexican Guitar Players\"},\"image\":{\"@id\":\"https:\\\/\\\/www.mexicanguitarplayers.com\\\/#\\\/schema\\\/logo\\\/image\\\/\"}}]}<\/script>\n<!-- \/ Yoast SEO plugin. -->","yoast_head_json":{"title":"COLUMNA AUDIOCENTER L83 + L83S + SOPORTE - Mexican Guitar Players","description":"Sistema de altavoces de columna activo controlado por DSP, incluye una columna L83, un subwoofer L83S y poste de columna, respuesta de frecuencia: 42 Hz - 20 kHz, SPL m\u00e1ximo: 131 dB, dos drivers de ferrita Audiocenter personalizados de 12\u201d pulgadas en el subwoofer y 8 drivers de neodimio Audiocenter personalizados de 3\u201d pulgadas, cobertura horizontal: 100\u00b0, cobertura vertical: 20\u00b0crossover: 96 kHz, 24 bits, amplificador Clase D de 2500W, entradas: 2 combo (XLR\/Jack mono) y 1 bluetooth, salida: XLR, salida link: NL4MP, entrada de columna: NL4MP, gabinete de CNC de excelente madera, dimensiones de la columna L83: 125 \u00d7 660 \u00d7 150 mm, dimensiones del subwoofer L83S: 374 \u00d7 660 \u00d7 538 mm, peso neto L83: 5 kg, peso neto L83S: 32 kg.","robots":{"index":"index","follow":"follow","max-snippet":"max-snippet:-1","max-image-preview":"max-image-preview:large","max-video-preview":"max-video-preview:-1"},"canonical":"https:\/\/www.mexicanguitarplayers.com\/en\/tienda\/sin categor\u00eda\/columna-audiocenter-l83-l83s-soporte\/","og_locale":"en_US","og_type":"article","og_title":"COLUMNA AUDIOCENTER L83 + L83S + SOPORTE - Mexican Guitar Players","og_description":"Sistema de altavoces de columna activo controlado por DSP, incluye una columna L83, un subwoofer L83S y poste de columna, respuesta de frecuencia: 42 Hz - 20 kHz, SPL m\u00e1ximo: 131 dB, dos drivers de ferrita Audiocenter personalizados de 12\u201d pulgadas en el subwoofer y 8 drivers de neodimio Audiocenter personalizados de 3\u201d pulgadas, cobertura horizontal: 100\u00b0, cobertura vertical: 20\u00b0crossover: 96 kHz, 24 bits, amplificador Clase D de 2500W, entradas: 2 combo (XLR\/Jack mono) y 1 bluetooth, salida: XLR, salida link: NL4MP, entrada de columna: NL4MP, gabinete de CNC de excelente madera, dimensiones de la columna L83: 125 \u00d7 660 \u00d7 150 mm, dimensiones del subwoofer L83S: 374 \u00d7 660 \u00d7 538 mm, peso neto L83: 5 kg, peso neto L83S: 32 kg.","og_url":"https:\/\/www.mexicanguitarplayers.com\/en\/tienda\/sin categor\u00eda\/columna-audiocenter-l83-l83s-soporte\/","og_site_name":"Mexican Guitar Players","article_modified_time":"2026-04-10T10:42:29+00:00","twitter_card":"summary_large_image","twitter_misc":{"Est. reading time":"3 minutes"},"schema":{"@context":"https:\/\/schema.org","@graph":[{"@type":["WebPage","ItemPage"],"@id":"https:\/\/www.mexicanguitarplayers.com\/tienda\/sin categor\u00eda\/columna-audiocenter-l83-l83s-soporte\/","url":"https:\/\/www.mexicanguitarplayers.com\/tienda\/sin categor\u00eda\/columna-audiocenter-l83-l83s-soporte\/","name":"COLUMNA AUDIOCENTER L83 + L83S + SOPORTE - Mexican Guitar Players","isPartOf":{"@id":"https:\/\/www.mexicanguitarplayers.com\/#website"},"primaryImageOfPage":{"@id":"https:\/\/www.mexicanguitarplayers.com\/tienda\/sin categor\u00eda\/columna-audiocenter-l83-l83s-soporte\/#primaryimage"},"image":{"@id":"https:\/\/www.mexicanguitarplayers.com\/tienda\/sin categor\u00eda\/columna-audiocenter-l83-l83s-soporte\/#primaryimage"},"thumbnailUrl":"https:\/\/www.mexicanguitarplayers.com\/wp-content\/uploads\/2025\/04\/IAACTL83SYSTEM.jpg","datePublished":"2025-04-07T05:56:40+00:00","dateModified":"2026-04-10T10:42:29+00:00","description":"Sistema de altavoces de columna activo controlado por DSP, incluye una columna L83, un subwoofer L83S y poste de columna, respuesta de frecuencia: 42 Hz - 20 kHz, SPL m\u00e1ximo: 131 dB, dos drivers de ferrita Audiocenter personalizados de 12\u201d pulgadas en el subwoofer y 8 drivers de neodimio Audiocenter personalizados de 3\u201d pulgadas, cobertura horizontal: 100\u00b0, cobertura vertical: 20\u00b0crossover: 96 kHz, 24 bits, amplificador Clase D de 2500W, entradas: 2 combo (XLR\/Jack mono) y 1 bluetooth, salida: XLR, salida link: NL4MP, entrada de columna: NL4MP, gabinete de CNC de excelente madera, dimensiones de la columna L83: 125 \u00d7 660 \u00d7 150 mm, dimensiones del subwoofer L83S: 374 \u00d7 660 \u00d7 538 mm, peso neto L83: 5 kg, peso neto L83S: 32 kg.","breadcrumb":{"@id":"https:\/\/www.mexicanguitarplayers.com\/tienda\/sin categor\u00eda\/columna-audiocenter-l83-l83s-soporte\/#breadcrumb"},"inLanguage":"en-US","potentialAction":[{"@type":"ReadAction","target":["https:\/\/www.mexicanguitarplayers.com\/tienda\/sin categor\u00eda\/columna-audiocenter-l83-l83s-soporte\/"]}]},{"@type":"ImageObject","inLanguage":"en-US","@id":"https:\/\/www.mexicanguitarplayers.com\/tienda\/sin categor\u00eda\/columna-audiocenter-l83-l83s-soporte\/#primaryimage","url":"https:\/\/www.mexicanguitarplayers.com\/wp-content\/uploads\/2025\/04\/IAACTL83SYSTEM.jpg","contentUrl":"https:\/\/www.mexicanguitarplayers.com\/wp-content\/uploads\/2025\/04\/IAACTL83SYSTEM.jpg","width":800,"height":1600},{"@type":"BreadcrumbList","@id":"https:\/\/www.mexicanguitarplayers.com\/tienda\/sin categor\u00eda\/columna-audiocenter-l83-l83s-soporte\/#breadcrumb","itemListElement":[{"@type":"ListItem","position":1,"name":"Portada","item":"https:\/\/www.mexicanguitarplayers.com\/"},{"@type":"ListItem","position":2,"name":"Tienda","item":"https:\/\/www.mexicanguitarplayers.com\/tienda\/"},{"@type":"ListItem","position":3,"name":"COLUMNA AUDIOCENTER L83 + L83S + SOPORTE"}]},{"@type":"WebSite","@id":"https:\/\/www.mexicanguitarplayers.com\/#website","url":"https:\/\/www.mexicanguitarplayers.com\/","name":"Mexican Guitar Players","description":"Website","publisher":{"@id":"https:\/\/www.mexicanguitarplayers.com\/#organization"},"potentialAction":[{"@type":"SearchAction","target":{"@type":"EntryPoint","urlTemplate":"https:\/\/www.mexicanguitarplayers.com\/?s={search_term_string}"},"query-input":{"@type":"PropertyValueSpecification","valueRequired":true,"valueName":"search_term_string"}}],"inLanguage":"en-US"},{"@type":"Organization","@id":"https:\/\/www.mexicanguitarplayers.com\/#organization","name":"Mexican Guitar Players","url":"https:\/\/www.mexicanguitarplayers.com\/","logo":{"@type":"ImageObject","inLanguage":"en-US","@id":"https:\/\/www.mexicanguitarplayers.com\/#\/schema\/logo\/image\/","url":"","contentUrl":"","caption":"Mexican Guitar Players"},"image":{"@id":"https:\/\/www.mexicanguitarplayers.com\/#\/schema\/logo\/image\/"}}]}},"brands":[{"id":525,"name":"AUDIOCENTER","slug":"audiocenter"}],"_links":{"self":[{"href":"https:\/\/www.mexicanguitarplayers.com\/en\/wp-json\/wp\/v2\/product\/27226","targetHints":{"allow":["GET"]}}],"collection":[{"href":"https:\/\/www.mexicanguitarplayers.com\/en\/wp-json\/wp\/v2\/product"}],"about":[{"href":"https:\/\/www.mexicanguitarplayers.com\/en\/wp-json\/wp\/v2\/types\/product"}],"replies":[{"embeddable":true,"href":"https:\/\/www.mexicanguitarplayers.com\/en\/wp-json\/wp\/v2\/comments?post=27226"}],"wp:featuredmedia":[{"embeddable":true,"href":"https:\/\/www.mexicanguitarplayers.com\/en\/wp-json\/wp\/v2\/media\/27221"}],"wp:attachment":[{"href":"https:\/\/www.mexicanguitarplayers.com\/en\/wp-json\/wp\/v2\/media?parent=27226"}],"wp:term":[{"taxonomy":"pwb-brand","embeddable":true,"href":"https:\/\/www.mexicanguitarplayers.com\/en\/wp-json\/wp\/v2\/pwb-brand?post=27226"},{"taxonomy":"product_brand","embeddable":true,"href":"https:\/\/www.mexicanguitarplayers.com\/en\/wp-json\/wp\/v2\/product_brand?post=27226"},{"taxonomy":"product_cat","embeddable":true,"href":"https:\/\/www.mexicanguitarplayers.com\/en\/wp-json\/wp\/v2\/product_cat?post=27226"},{"taxonomy":"product_tag","embeddable":true,"href":"https:\/\/www.mexicanguitarplayers.com\/en\/wp-json\/wp\/v2\/product_tag?post=27226"}],"curies":[{"name":"wp","href":"https:\/\/api.w.org\/{rel}","templated":true}]}}